{"id":10001,"date":"2020-12-16T06:19:27","date_gmt":"2020-12-16T05:19:27","guid":{"rendered":"http:\/\/onlinelotto365.net\/?page_id=10001"},"modified":"2021-03-07T12:01:20","modified_gmt":"2021-03-07T11:01:20","slug":"el-gordo","status":"publish","type":"page","link":"https:\/\/onlinelotto365.com\/cs\/koupit-listky\/el-gordo\/","title":{"rendered":"Jak nakupovat l\u00edstky El Gordo online"},"content":{"rendered":"<p>Zaj\u00edm\u00e1 v\u00e1s <strong> n\u00e1kup l\u00edstk\u016f El Gordo online, zat\u00edmco \u017eijete v \u010cesk\u00e9 republice <\/strong>? Pak tedy nebudete cht\u00edt p\u0159ij\u00edt o tento \u010dl\u00e1nek, proto\u017ee v\u00e1s provedeme cel\u00fdm procesem, abyste mohli z\u00edskat po\u017eadovan\u00e9 letenky bez pot\u00ed\u017e\u00ed a bez nutnosti cestovat do zem\u011b, kter\u00e1 obvykle hraje tuto hru.<\/p>\n<ul>\n<li>Pod\u00edvejte se na hlavn\u00ed str\u00e1nku <strong> loterie, kterou chcete hr\u00e1t, a vyberte \u010d\u00edsla <\/strong>, kter\u00e1 chcete m\u00edt na sv\u00fdch tiketech.<\/li>\n<li>P\u0159idejte je\u0161t\u011b v\u00edce tiket\u016f na stejnou hru nebo na <a href=\"https:\/\/onlinelotto365.com\/cs\/hrat\"> dal\u0161\u00ed hry, kter\u00e9 chcete hr\u00e1t <\/a>, abyste m\u011bli plnou objedn\u00e1vku<\/li>\n<li>Vyberte mo\u017enost platby hned<\/li>\n<li>Projd\u011bte si proces registrace sv\u00e9ho \u00fa\u010dtu, pokud jste si ho u n\u00e1s dosud nezakoupili, nebo se p\u0159ihlaste ke sv\u00e9mu st\u00e1vaj\u00edc\u00edmu \u00fa\u010dtu, pokud jej ji\u017e m\u00e1te.<\/li>\n<li>Zkontrolujte e-mail s ov\u011b\u0159ovac\u00edm odkazem pro \u00fa\u010dty, kter\u00e9 vy\u017eaduj\u00ed ov\u011b\u0159en\u00ed a registraci<\/li>\n<li>Pokud se e-mail nezobraz\u00ed ve va\u0161\u00ed doru\u010den\u00e9 po\u0161t\u011b, pod\u00edvejte se do slo\u017eky spamu, abyste se ujistili, \u017ee tam neskon\u010dil<\/li>\n<li>Kliknut\u00edm na n\u00e1kupn\u00ed ko\u0161\u00edk zaplat\u00edte za objedn\u00e1vku<\/li>\n<li>Vyberte mo\u017enost platby, kterou chcete pou\u017e\u00edt, a postupujte podle pokyn\u016f k platb\u011b<\/li>\n<\/ul>\n<p><a href=\"https:\/\/redfoxlotto.com\/cs\/hrat\/el-gordo-primitiva\/?ref=a8564250a2&amp;medium=ol365\" target=\"_blank\" rel=\"noopener noreferrer\"> <img decoding=\"async\" class=\"aligncenter\" src=\"https:\/\/redfoxlotto.com\/image?size=8&amp;lottery=el-gordo-primitiva\" alt=\"el gordo\" \/> <\/a><\/p>\n<h2>Jak zaplatit za letenku El Gordo online<\/h2>\n<p>Uskute\u010dn\u011bn\u00ed platby za l\u00edstky je snadn\u00e9 a rychl\u00e9, proto\u017ee chceme zajistit, aby si na\u0161i klienti z \u010cesk\u00e9 republiky mohli vybrat l\u00edstky, kter\u00e9 cht\u011bj\u00ed, kdykoli je cht\u011bj\u00ed.<br \/>\nZa sv\u00e9 vstupenky m\u016f\u017eete zaplatit jedn\u00edm z n\u00e1sleduj\u00edc\u00edch zp\u016fsob\u016f:<\/p>\n<ul>\n<li>Chcete-li prov\u00e9st p\u0159\u00edm\u00fd n\u00e1kup, vlo\u017ete platebn\u00ed metodu<\/li>\n<li>P\u0159idejte pen\u00edze na sv\u016fj \u00fa\u010det a prove\u010fte platbu p\u0159\u00edmo odtud<\/li>\n<\/ul>\n<p>Pokud pl\u00e1nujete n\u00e1kup p\u0159\u00edmo prost\u0159ednictv\u00edm tohoto \u00fa\u010dtu, p\u0159idejte do sv\u00e9ho hr\u00e1\u010dsk\u00e9ho \u00fa\u010dtu v\u00edce ne\u017e dost.<\/p>\n<h2>Dal\u0161\u00ed informace o El Gordo<\/h2>\n<ul>\n<li>Zem\u011b: \u0160pan\u011blsko<\/li>\n<li>Rozsah hlavn\u00edch \u010d\u00edsel: 54<\/li>\n<li>Vyberete: 5<\/li>\n<li>Rozsah dal\u0161\u00edch \u010d\u00edsel: \u017e\u00e1dn\u00fd<\/li>\n<li>Vyberete: \u017e\u00e1dn\u00fd<\/li>\n<li>Rem\u00edzy, hodiny: ned\u011ble, 21:30 SE\u010c, 21:30 SE\u010c<\/li>\n<li>Minim\u00e1ln\u00ed jackpot: 4 miliony EUR<\/li>\n<li>Maxim\u00e1ln\u00ed jackpot: \u017e\u00e1dn\u00fd<\/li>\n<li>Pravd\u011bpodobnost v\u00fdhry jackpotu: 1 z 31625100<\/li>\n<li>Pravd\u011bpodobnost v\u00fdhry 2. \u00farovn\u011b: 1 z 3513900<\/li>\n<li>Pravd\u011bpodobnost v\u00fdhry v jak\u00e9koli \u00farovni: 1 ze 6,16<\/li>\n<li>Po\u010det \u00farovn\u00ed cen: 9<\/li>\n<\/ul>\n<h2>V\u00fdhody n\u00e1kupu l\u00edstk\u016f na El Gordo online<\/h2>\n<ul>\n<li>Z\u00edskejte l\u00edstky, kter\u00e9 chcete, ani\u017e byste opustili domov <img loading=\"lazy\" decoding=\"async\" class=\"alignright wp-image-3585\" src=\"https:\/\/onlinelotto365.com\/wp-content\/uploads\/2020\/11\/online_lottery-106.jpg\" alt=\"hr\u00e1t el gordo online ve Velk\u00e9 Brit\u00e1nii\" width=\"282\" height=\"169\" \/><\/li>\n<li>Vyberte si z je\u0161t\u011b v\u00edce loterijn\u00edch her<\/li>\n<li>Z\u00edskejte je\u0161t\u011b  lep\u0161\u00ed \u0161ance na v\u00fdhru  v\u00fdb\u011brem loterijn\u00edch her s nejlep\u0161\u00edmi jackpoty<\/li>\n<li>P\u0159idejte pen\u00edze na sv\u016fj \u00fa\u010det a pla\u0165te za l\u00edstky pomoc\u00ed z\u016fstatku v loterii<\/li>\n<li>Snadno sledujte sv\u00e9 vstupenky<\/li>\n<li>Z\u00edskejte okam\u017eit\u00e9 upozorn\u011bn\u00ed na <a href=\"https:\/\/onlinelotto365.com\/cs\/vyherni-cisla\"> v\u00fdhern\u00ed tikety <\/a><\/li>\n<li>Nechte po\u010d\u00edta\u010d vybrat \u010d\u00edsla l\u00edstk\u016f, kter\u00e1 pou\u017e\u00edv\u00e1te<\/li>\n<\/ul>\n<h2>Je leg\u00e1ln\u00ed kupovat letenky El Gordo online?<\/h2>\n<p>Nemus\u00edte se b\u00e1t, zda jsou va\u0161e vstupenky a n\u00e1kup online nebo tradi\u010dn\u00edm zp\u016fsobem pro v\u00e1s v \u010cesk\u00e9 republice leg\u00e1ln\u00ed. N\u00e1\u0161 syst\u00e9m d\u011bl\u00e1 v\u0161e leg\u00e1ln\u011b a podle p\u0159edpis\u016f. Nemluv\u011b o tom, \u017ee dostanete svou platbu a sv\u00e9 v\u00fdhry, a\u0165 u\u017e se d\u011bje cokoli. Zajist\u00edme, aby se na v\u00e1\u0161 \u00fa\u010det p\u0159enesl co nejrychleji.<br \/>\nAbyste mohli pou\u017e\u00edvat na\u0161e webov\u00e9 str\u00e1nky, mus\u00edte m\u00edt pouze 18 let.<\/p>\n<h2>Jak dostanu zaplaceno, kdy\u017e vyhraji El Gordo online?<\/h2>\n<p>V\u00edme, \u017ee v\u00fdplata je pro v\u00e1s nesm\u00edrn\u011b d\u016fle\u017eit\u00e1, a proto jsme tomuto procesu v\u011bnovali spoustu \u010dasu a \u00fasil\u00ed. Zajist\u00edme, \u017ee <strong> z\u00edsk\u00e1te v\u0161echny sv\u00e9 v\u00fdhry bez poplatk\u016f nebo proviz\u00ed za sebe <\/strong>. Jedin\u00fdm okam\u017eikem, kdy n\u00e1m n\u011bco zaplat\u00edte, je v\u00fdb\u011br bankovn\u00edho p\u0159evodu pro va\u0161i platebn\u00ed metodu. V n\u011bkter\u00fdch oblastech to m\u016f\u017ee vy\u017eadovat poplatek od <strong> banky za p\u0159evod do \u010cesk\u00e9 republiky <\/strong> a my tento mal\u00fd poplatek p\u0159eneseme tak\u00e9 na v\u00e1s.<\/p>\n<p>Jinak platba prob\u00edh\u00e1 jedn\u00edm ze dvou zp\u016fsob\u016f:<\/p>\n<ul>\n<li>Pokud vyhrajete m\u00e9n\u011b ne\u017e 2 500 EUR, automaticky je vlo\u017e\u00edme na v\u00e1\u0161 \u00fa\u010det, tak\u017ee nemus\u00edte d\u011blat nic jin\u00e9ho.<\/li>\n<li>Pokud vyhrajete v\u00edce ne\u017e 2 500 EUR, budete muset po\u010dkat na e-mail od na\u0161eho t\u00fdmu podpory, abyste mohli vyplnit formul\u00e1\u0159 \u017e\u00e1dosti. D\u00edky tomu budete moci sv\u00e9 v\u00fdhry ulo\u017eit p\u0159\u00edmo bankovn\u00edm p\u0159evodem nebo prost\u0159ednictv\u00edm \u0161eku, kter\u00fd v\u00e1m bude zasl\u00e1n.<\/li>\n<\/ul>\n","protected":false},"excerpt":{"rendered":"<p>Zaj\u00edm\u00e1 v\u00e1s n\u00e1kup l\u00edstk\u016f El Gordo online, zat\u00edmco \u017eijete v \u010cesk\u00e9 republice ? Pak tedy nebudete cht\u00edt p\u0159ij\u00edt o tento \u010dl\u00e1nek, proto\u017ee v\u00e1s provedeme cel\u00fdm procesem, abyste mohli z\u00edskat po\u017eadovan\u00e9 letenky bez pot\u00ed\u017e\u00ed a bez nutnosti cestovat do zem\u011b, kter\u00e1 obvykle hraje tuto hru. Pod\u00edvejte se na hlavn\u00ed str\u00e1nku loterie, kterou chcete hr\u00e1t, a vyberte [&hellip;]<\/p>\n","protected":false},"author":1,"featured_media":0,"parent":5559,"menu_order":6,"comment_status":"closed","ping_status":"closed","template":"el-gordo-info.php","meta":{"_et_pb_use_builder":"","_et_pb_old_content":"","_et_gb_content_width":"","exclude_from_search":false,"footnotes":""},"class_list":["post-10001","page","type-page","status-publish","hentry"],"yoast_head":"<!-- This site is optimized with the Yoast SEO plugin v23.4 - https:\/\/yoast.com\/wordpress\/plugins\/seo\/ -->\n<title>El Gordo z \u010cesk\u00e9 republiky - jak nakupovat l\u00edstky online<\/title>\n<meta name=\"description\" content=\"Tato \u0161pan\u011blsk\u00e1 loterie je nyn\u00ed k dispozici z \u010cesk\u00e9 republiky - kupte si l\u00edstky online\" \/>\n<meta name=\"robots\" content=\"index, follow, max-snippet:-1, max-image-preview:large, max-video-preview:-1\" \/>\n<link rel=\"canonical\" href=\"https:\/\/onlinelotto365.com\/cs\/koupit-listky\/el-gordo\/\" \/>\n<meta property=\"og:locale\" content=\"cs_CZ\" \/>\n<meta property=\"og:type\" content=\"article\" \/>\n<meta property=\"og:title\" content=\"El Gordo z \u010cesk\u00e9 republiky - jak nakupovat l\u00edstky online\" \/>\n<meta property=\"og:description\" content=\"Tato \u0161pan\u011blsk\u00e1 loterie je nyn\u00ed k dispozici z \u010cesk\u00e9 republiky - kupte si l\u00edstky online\" \/>\n<meta property=\"og:url\" content=\"https:\/\/onlinelotto365.com\/cs\/koupit-listky\/el-gordo\/\" \/>\n<meta property=\"og:site_name\" content=\"OnlineLotto365\" \/>\n<meta property=\"article:modified_time\" content=\"2021-03-07T11:01:20+00:00\" \/>\n<meta property=\"og:image\" content=\"https:\/\/redfoxlotto.com\/image?size=8&amp;lottery=el-gordo-primitiva\" \/>\n<meta name=\"twitter:card\" content=\"summary_large_image\" \/>\n<meta name=\"twitter:label1\" content=\"Odhadovan\u00e1 doba \u010dten\u00ed\" \/>\n\t<meta name=\"twitter:data1\" content=\"4 minuty\" \/>\n<script type=\"application\/ld+json\" class=\"yoast-schema-graph\">{\"@context\":\"https:\/\/schema.org\",\"@graph\":[{\"@type\":\"WebPage\",\"@id\":\"https:\/\/onlinelotto365.com\/cs\/koupit-listky\/el-gordo\/\",\"url\":\"https:\/\/onlinelotto365.com\/cs\/koupit-listky\/el-gordo\/\",\"name\":\"El Gordo z \u010cesk\u00e9 republiky - jak nakupovat l\u00edstky online\",\"isPartOf\":{\"@id\":\"https:\/\/onlinelotto365.com\/cs\/#website\"},\"primaryImageOfPage\":{\"@id\":\"https:\/\/onlinelotto365.com\/cs\/koupit-listky\/el-gordo\/#primaryimage\"},\"image\":{\"@id\":\"https:\/\/onlinelotto365.com\/cs\/koupit-listky\/el-gordo\/#primaryimage\"},\"thumbnailUrl\":\"https:\/\/redfoxlotto.com\/image?size=8&amp;lottery=el-gordo-primitiva\",\"datePublished\":\"2020-12-16T05:19:27+00:00\",\"dateModified\":\"2021-03-07T11:01:20+00:00\",\"description\":\"Tato \u0161pan\u011blsk\u00e1 loterie je nyn\u00ed k dispozici z \u010cesk\u00e9 republiky - kupte si l\u00edstky online\",\"breadcrumb\":{\"@id\":\"https:\/\/onlinelotto365.com\/cs\/koupit-listky\/el-gordo\/#breadcrumb\"},\"inLanguage\":\"cs\",\"potentialAction\":[{\"@type\":\"ReadAction\",\"target\":[\"https:\/\/onlinelotto365.com\/cs\/koupit-listky\/el-gordo\/\"]}]},{\"@type\":\"ImageObject\",\"inLanguage\":\"cs\",\"@id\":\"https:\/\/onlinelotto365.com\/cs\/koupit-listky\/el-gordo\/#primaryimage\",\"url\":\"https:\/\/redfoxlotto.com\/image?size=8&amp;lottery=el-gordo-primitiva\",\"contentUrl\":\"https:\/\/redfoxlotto.com\/image?size=8&amp;lottery=el-gordo-primitiva\"},{\"@type\":\"BreadcrumbList\",\"@id\":\"https:\/\/onlinelotto365.com\/cs\/koupit-listky\/el-gordo\/#breadcrumb\",\"itemListElement\":[{\"@type\":\"ListItem\",\"position\":1,\"name\":\"Home\",\"item\":\"https:\/\/onlinelotto365.com\/cs\/\"},{\"@type\":\"ListItem\",\"position\":2,\"name\":\"Pro\u010d m\u00e1 v\u011bt\u0161\u00ed smysl kupovat loterijn\u00ed l\u00edstky online\",\"item\":\"https:\/\/onlinelotto365.com\/cs\/buy-tickets\/\"},{\"@type\":\"ListItem\",\"position\":3,\"name\":\"Jak nakupovat l\u00edstky El Gordo online\"}]},{\"@type\":\"WebSite\",\"@id\":\"https:\/\/onlinelotto365.com\/cs\/#website\",\"url\":\"https:\/\/onlinelotto365.com\/cs\/\",\"name\":\"OnlineLotto365\",\"description\":\"\",\"potentialAction\":[{\"@type\":\"SearchAction\",\"target\":{\"@type\":\"EntryPoint\",\"urlTemplate\":\"https:\/\/onlinelotto365.com\/cs\/?s={search_term_string}\"},\"query-input\":{\"@type\":\"PropertyValueSpecification\",\"valueRequired\":true,\"valueName\":\"search_term_string\"}}],\"inLanguage\":\"cs\"}]}<\/script>\n<!-- \/ Yoast SEO plugin. -->","yoast_head_json":{"title":"El Gordo z \u010cesk\u00e9 republiky - jak nakupovat l\u00edstky online","description":"Tato \u0161pan\u011blsk\u00e1 loterie je nyn\u00ed k dispozici z \u010cesk\u00e9 republiky - kupte si l\u00edstky online","robots":{"index":"index","follow":"follow","max-snippet":"max-snippet:-1","max-image-preview":"max-image-preview:large","max-video-preview":"max-video-preview:-1"},"canonical":"https:\/\/onlinelotto365.com\/cs\/koupit-listky\/el-gordo\/","og_locale":"cs_CZ","og_type":"article","og_title":"El Gordo z \u010cesk\u00e9 republiky - jak nakupovat l\u00edstky online","og_description":"Tato \u0161pan\u011blsk\u00e1 loterie je nyn\u00ed k dispozici z \u010cesk\u00e9 republiky - kupte si l\u00edstky online","og_url":"https:\/\/onlinelotto365.com\/cs\/koupit-listky\/el-gordo\/","og_site_name":"OnlineLotto365","article_modified_time":"2021-03-07T11:01:20+00:00","og_image":[{"url":"https:\/\/redfoxlotto.com\/image?size=8&amp;lottery=el-gordo-primitiva"}],"twitter_card":"summary_large_image","twitter_misc":{"Odhadovan\u00e1 doba \u010dten\u00ed":"4 minuty"},"schema":{"@context":"https:\/\/schema.org","@graph":[{"@type":"WebPage","@id":"https:\/\/onlinelotto365.com\/cs\/koupit-listky\/el-gordo\/","url":"https:\/\/onlinelotto365.com\/cs\/koupit-listky\/el-gordo\/","name":"El Gordo z \u010cesk\u00e9 republiky - jak nakupovat l\u00edstky online","isPartOf":{"@id":"https:\/\/onlinelotto365.com\/cs\/#website"},"primaryImageOfPage":{"@id":"https:\/\/onlinelotto365.com\/cs\/koupit-listky\/el-gordo\/#primaryimage"},"image":{"@id":"https:\/\/onlinelotto365.com\/cs\/koupit-listky\/el-gordo\/#primaryimage"},"thumbnailUrl":"https:\/\/redfoxlotto.com\/image?size=8&amp;lottery=el-gordo-primitiva","datePublished":"2020-12-16T05:19:27+00:00","dateModified":"2021-03-07T11:01:20+00:00","description":"Tato \u0161pan\u011blsk\u00e1 loterie je nyn\u00ed k dispozici z \u010cesk\u00e9 republiky - kupte si l\u00edstky online","breadcrumb":{"@id":"https:\/\/onlinelotto365.com\/cs\/koupit-listky\/el-gordo\/#breadcrumb"},"inLanguage":"cs","potentialAction":[{"@type":"ReadAction","target":["https:\/\/onlinelotto365.com\/cs\/koupit-listky\/el-gordo\/"]}]},{"@type":"ImageObject","inLanguage":"cs","@id":"https:\/\/onlinelotto365.com\/cs\/koupit-listky\/el-gordo\/#primaryimage","url":"https:\/\/redfoxlotto.com\/image?size=8&amp;lottery=el-gordo-primitiva","contentUrl":"https:\/\/redfoxlotto.com\/image?size=8&amp;lottery=el-gordo-primitiva"},{"@type":"BreadcrumbList","@id":"https:\/\/onlinelotto365.com\/cs\/koupit-listky\/el-gordo\/#breadcrumb","itemListElement":[{"@type":"ListItem","position":1,"name":"Home","item":"https:\/\/onlinelotto365.com\/cs\/"},{"@type":"ListItem","position":2,"name":"Pro\u010d m\u00e1 v\u011bt\u0161\u00ed smysl kupovat loterijn\u00ed l\u00edstky online","item":"https:\/\/onlinelotto365.com\/cs\/buy-tickets\/"},{"@type":"ListItem","position":3,"name":"Jak nakupovat l\u00edstky El Gordo online"}]},{"@type":"WebSite","@id":"https:\/\/onlinelotto365.com\/cs\/#website","url":"https:\/\/onlinelotto365.com\/cs\/","name":"OnlineLotto365","description":"","potentialAction":[{"@type":"SearchAction","target":{"@type":"EntryPoint","urlTemplate":"https:\/\/onlinelotto365.com\/cs\/?s={search_term_string}"},"query-input":{"@type":"PropertyValueSpecification","valueRequired":true,"valueName":"search_term_string"}}],"inLanguage":"cs"}]}},"_links":{"self":[{"href":"https:\/\/onlinelotto365.com\/cs\/wp-json\/wp\/v2\/pages\/10001","targetHints":{"allow":["GET"]}}],"collection":[{"href":"https:\/\/onlinelotto365.com\/cs\/wp-json\/wp\/v2\/pages"}],"about":[{"href":"https:\/\/onlinelotto365.com\/cs\/wp-json\/wp\/v2\/types\/page"}],"author":[{"embeddable":true,"href":"https:\/\/onlinelotto365.com\/cs\/wp-json\/wp\/v2\/users\/1"}],"replies":[{"embeddable":true,"href":"https:\/\/onlinelotto365.com\/cs\/wp-json\/wp\/v2\/comments?post=10001"}],"version-history":[{"count":0,"href":"https:\/\/onlinelotto365.com\/cs\/wp-json\/wp\/v2\/pages\/10001\/revisions"}],"up":[{"embeddable":true,"href":"https:\/\/onlinelotto365.com\/cs\/wp-json\/wp\/v2\/pages\/5559"}],"wp:attachment":[{"href":"https:\/\/onlinelotto365.com\/cs\/wp-json\/wp\/v2\/media?parent=10001"}],"curies":[{"name":"wp","href":"https:\/\/api.w.org\/{rel}","templated":true}]}}