{"id":4474,"date":"2020-11-30T12:00:49","date_gmt":"2020-11-30T11:00:49","guid":{"rendered":"http:\/\/onlinelotto365.net\/vitejte-na-onlinelotto365"},"modified":"2023-10-04T09:12:24","modified_gmt":"2023-10-04T08:12:24","slug":"vitejte-na-onlinelotto365","status":"publish","type":"page","link":"https:\/\/onlinelotto365.com\/cs\/","title":{"rendered":"V\u00edtejte v OnlineLotto365!"},"content":{"rendered":"<p>A\u017e doned\u00e1vna jsme se my, fanou\u0161ci loterie, omezovali na hran\u00ed loterie jen v na\u0161\u00ed zemi nebo oblasti. Sly\u0161eli jsme o t\u011bchto velk\u00fdch vzru\u0161uj\u00edc\u00edch jackpotech, v nab\u00eddce byly des\u00edtky nebo dokonce stovky milion\u016f dolar\u016f nebo eur nebo jejich ekvivalent, a p\u0159\u00e1li jsme si, abychom \u017eili v oblasti, kde bychom si mohli koupit s\u00e1zenky do t\u011bchto loteri\u00ed.<\/p>\n<p>V\u00edm, \u017ee jste si p\u0159\u00e1li, abyste se do t\u00e9to skv\u011bl\u00e9 akce mohli pustit tak\u00e9. Ani jste nemohli hr\u00e1t, nato\u017e n\u011bco vyhr\u00e1t.<br \/>\n<a href=\"https:\/\/redfoxlotto.com\/cs\/?ref=a8564250a2&amp;medium=ol365\" target=\"_blank\" rel=\"noopener noreferrer\"><img loading=\"lazy\" decoding=\"async\" class=\"aligncenter\" src=\"https:\/\/redfoxlotto.com\/image?size=8&amp;lottery=mega-millions\" alt=\"Mega Millions\" width=\"728\" height=\"90\" \/><\/a><\/p>\n<p>To se te\u010f v\u0161echno m\u011bn\u00ed. Nyn\u00ed, prost\u0159ednictv\u00edm na\u0161\u00ed nov\u00e9 online loterijn\u00ed slu\u017eby, nen\u00ed absolutn\u011b \u017e\u00e1dn\u00fd rozd\u00edl, zda \u017eijete v zemi, kde se dan\u00e1 loterie kon\u00e1.<\/p>\n<h2>Nyn\u00ed si m\u016f\u017eete koupit s\u00e1zenky online<\/h2>\n<p>U\u017e to nejsou ty star\u00e9 \u010dasy\u2026 jak v\u00edme, internet otev\u0159el cel\u00fd sv\u011bt, kde je nyn\u00ed cokoliv dostupn\u00e9 online. Pro\u010d tedy nem\u00e1me p\u0159\u00edstup ke ka\u017ed\u00e9 loterii a jackpotu? Je to my\u0161lenka, jej\u00ed\u017e \u010das u\u017e rozhodn\u011b p\u0159i\u0161el, a \u010dek\u00e1n\u00ed je nyn\u00ed u konce.<\/p>\n<p>K tomuto v\u0161emu jsme usnadnili online p\u0159\u00edstup tak moc, jak to jen \u0161lo. Jedin\u00e9, co mus\u00edte ud\u011blat, je kliknout na n\u011bkterou z loteri\u00ed, abyste z\u00edskali okam\u017eit\u00fd p\u0159\u00edstup k mnoha velk\u00fdm jackpot\u016fm. Pak u\u017e jen mus\u00edte postupovat podle jednoduch\u00fdch pokyn\u016f, vybrat si \u010d\u00edsla a zakoupit si s\u00e1zenku.<\/p>\n<h2>Bezpe\u010dn\u00e9 platby za online loterii<\/h2>\n<p><img loading=\"lazy\" decoding=\"async\" class=\" wp-image-1840 alignright\" src=\"https:\/\/onlinelotto365.com\/wp-content\/uploads\/2023\/10\/online_lottery-164-300x250-1.jpg\" alt=\"online loterijn\u00ed slu\u017eba \" width=\"250\" height=\"200\" \/><br \/>\nTato skv\u011bl\u00e1 nov\u00e1 slu\u017eba poskytuje n\u011bkolik pohodln\u00fdch mo\u017enost\u00ed online plateb prost\u0159ednictv\u00edm nejmodern\u011bj\u0161\u00edho a 100% zabezpe\u010den\u00e9ho platebn\u00edho procesu. Jakmile zakoup\u00edte sv\u00e9 s\u00e1zenky, bude v\u00e1m e-mailem zasl\u00e1no potvrzen\u00ed a svou s\u00e1zenku uvid\u00edte ve sv\u00e9m z\u00e1kaznick\u00e9m \u00fa\u010dtu. Poskytneme v\u00e1m tak\u00e9 bezplatnou pomoc p\u0159i vyzved\u00e1v\u00e1n\u00ed va\u0161ich v\u00fdher \u2013 co\u017e budete pot\u0159ebovat, proto\u017ee ne\u017eijete v zemi, kde se loterie kon\u00e1. Nen\u00ed t\u0159eba, abyste se o cokoliv starali, proto\u017ee my pro na\u0161e klienty za\u0159\u00edd\u00edme v\u0161echno.<\/p>\n<h2>\u010c\u00edm vy\u0161\u0161\u00ed je jackpot, t\u00edm v\u011bt\u0161\u00ed je va\u0161e \u0161ance<\/h2>\n<p>Nen\u00ed \u017e\u00e1dn\u00fdm tajemstv\u00edm, \u017ee hodnota hran\u00ed loterie stoup\u00e1, kdy\u017e rostou jackpoty. Tak\u017ee, pokud \u010dek\u00e1te, a\u017e se loterie ve va\u0161\u00ed zemi rozhoupe, budete v\u011bt\u0161inou \u010dekat dlouho. Jist\u011b, hr\u00e1t o mal\u00e9 jackpoty je st\u00e1le spousta z\u00e1bavy, ale nen\u00ed nic jako hr\u00e1t ty velk\u00e9 online loterie. Nen\u00ed jen mnohem z\u00e1bavn\u011bj\u0161\u00ed p\u0159edstavovat si, \u017ee jsme vyhr\u00e1li jednu z t\u011bch obrovsk\u00fdch cen, o kter\u00fdch v\u00edme, \u017ee se s nimi ostatn\u00ed tr\u00e1p\u00ed, ale i \u0161ance jsou mnohem v\u00edce v n\u00e1\u0161 prosp\u011bch.<\/p>\n<p>Nyn\u00ed budete m\u00edt p\u0159\u00edstup ke v\u0161em t\u011bm velk\u00fdm, v\u010detn\u011b americk\u00fdch Powerball a Mega Millions, \u0161pan\u011blsk\u00e9ho El Gordo, italsk\u00e9ho Superenalotto, EuroMillions, Eurojackpot, britsk\u00e9 loterie, r\u016fzn\u00fdch australsk\u00fdch loteri\u00ed a mnohem v\u00edce.<\/p>\n<p>I kdy\u017e jste jen p\u0159\u00edle\u017eitostn\u00fdm fanou\u0161kem loterie, pro\u010d byste se omezovali pouze na ty, na kter\u00e9 si m\u016f\u017eete koupit s\u00e1zenku u st\u00e1nku, kdy\u017e si m\u016f\u017eete prost\u0159ednictv\u00edm t\u00e9to skv\u011bl\u00e9 online slu\u017eby roz\u0161\u00ed\u0159it sv\u00e9 obzory tak, aby zahrnovaly cel\u00fd sv\u011bt? To v\u0161e n\u00e1m poskytuj\u00ed za poplatek, ale z va\u0161\u00ed v\u00fdhry nebudou nic ode\u010d\u00edtat.<\/p>\n<h2>Nejv\u011bt\u0161\u00ed v\u00fdhry v historii<\/h2>\n<p><img loading=\"lazy\" decoding=\"async\" class=\" wp-image-1840 alignright\" src=\"https:\/\/onlinelotto365.com\/wp-content\/uploads\/2021\/02\/international-lottery.jpg\" alt=\"mezin\u00e1rodn\u00ed loterie\" width=\"250\" height=\"200\" \/><br \/>\nZde je seznam nejv\u011bt\u0161\u00edch jackpot\u016f vyhran\u00fdch za posledn\u00edch n\u011bkolik let. Nen\u00ed \u017e\u00e1dn\u00fdm p\u0159ekvapen\u00edm, \u017ee se v\u0161echny odehr\u00e1ly v USA. Velk\u00e9 americk\u00e9 loterie jako Powerball a Mega Millions pravideln\u011b generuj\u00ed obrovsk\u00e9 v\u00fdhry. Nen\u00ed tedy \u017e\u00e1dn\u00fdm p\u0159ekvapen\u00edm, \u017ee v\u011bt\u0161ina online n\u00e1kup\u016f se t\u00fdk\u00e1 s\u00e1zenek do Powerball a Mega Millions.<\/p>\n<p>1568 milion\u016f dolar\u016f \u2013 jackpot Powerball ze 13. ledna 2016. Tento jackpot byl rozd\u011blen mezi 3 v\u00fdherce.<br \/>\n1537 milion\u016f dolar\u016f \u2013 jackpot loterie Mega Millions ze 23. \u0159\u00edjna 2018. Vyhr\u00e1l ho jedin\u00fd v\u00fdherce.<br \/>\n1 000 milion\u016f dolar\u016f \u2013 jackpot loterie Mega Millions z 22. ledna 2021. Vyhr\u00e1l ho jedin\u00fd v\u00fdherce.<br \/>\n768 milion\u016f dolar\u016f \u2013 vyhr\u00e1no v loterii Powerball dne 27. b\u0159ezna 2019.<br \/>\n758 milion\u016f dolar\u016f \u2013 vyhr\u00e1l v loterii Powerball jedin\u00fd v\u00fdherce v srpnu 2017.<br \/>\n730 milion\u016f dolar\u016f \u2013 vyhr\u00e1l v loterii Powerball jedin\u00fd v\u00fdherce 20. ledna 2021.<br \/>\n687 milion\u016f dolar\u016f \u2013 byly sd\u00edleny dv\u011bma v\u00fdherci z loterie Powerball dne 27. \u0159\u00edjna 2018.<br \/>\n656 milion\u016f dolar\u016f \u2013 jackpot z loterie Mega Millions rozd\u011blen\u00fd mezi t\u0159i v\u00fdherce v b\u0159eznu 2016.<\/p>\n<p>Nyn\u00ed m\u00e1te v jedn\u00e9 z t\u011bchto loteri\u00ed \u0161anci vyhr\u00e1t velkou \u010d\u00e1stku. P\u0159ipravte se na to, \u017ee budete vystaveni tomu nejlep\u0161\u00edmu, co sv\u011bt nab\u00edz\u00ed \u2013 a co je je\u0161t\u011b d\u016fle\u017eit\u011bj\u0161\u00ed, v\u00fdrazn\u011b zv\u00fd\u0161\u00edte sv\u00e9 \u0161ance na zbohatnut\u00ed online!<\/p>\n<h2>V\u00fdvoj loteri\u00ed<\/h2>\n<p>Historicky prvn\u00ed loterie se z\u0159ejm\u011b konala v \u010c\u00edn\u011b. U\u017e tehdy tyto loterie v\u011bt\u0161inou slou\u017eily k financov\u00e1n\u00ed ve\u0159ejn\u00fdch projekt\u016f. Dokonce jedn\u00edm z t\u011bchto projekt\u016f mohla b\u00fdt i Velk\u00e1 \u010d\u00ednsk\u00e1 ze\u010f. V pr\u016fb\u011bhu stalet\u00ed byly loterie v\u011bt\u0161inou provozov\u00e1ny st\u00e1ty a vl\u00e1dami za \u00fa\u010delem z\u00edsk\u00e1v\u00e1n\u00ed pen\u011bz.<\/p>\n<h2>Loterie v modern\u00ed dob\u011b<\/h2>\n<p>Vzhledem k tomu, \u017ee internet mnoho v\u011bc\u00ed usnadnil, v\u011bt\u0161ina n\u00e1rodn\u00edch loteri\u00ed za\u010dala nab\u00edzet mo\u017enost koupit si s\u00e1zenky online. N\u00e1kup online s\u00e1zenek do loteri\u00ed prost\u0159ednictv\u00edm webov\u00fdch str\u00e1nek n\u00e1rodn\u00edch loteri\u00ed byl ale omezen na hr\u00e1\u010de z dan\u00e9 zem\u011b. Toto omezen\u00ed bylo nyn\u00ed odstran\u011bno dal\u0161\u00edm krokem ve v\u00fdvoji loteri\u00ed.<\/p>\n<h2>V\u00edce mo\u017enost\u00ed v\u00e1m poskytne lep\u0161\u00ed \u0161ance<\/h2>\n<p>My\u0161lenka online slu\u017eby, jako je ta na\u0161e, kter\u00e1 umo\u017e\u0148uje fanou\u0161k\u016fm loteri\u00ed \u00fa\u010dastnit se loteri\u00ed z jin\u00fdch jurisdikc\u00ed, byla dal\u0161\u00edm logick\u00fdm krokem ve v\u00fdvoji. Hr\u00e1\u010di si nyn\u00ed mohou vyb\u00edrat z velk\u00e9 \u0159ady loteri\u00ed. Zam\u011b\u0159en\u00edm na aktu\u00e1ln\u011b nejvy\u0161\u0161\u00ed jackpot mohou v\u00fdrazn\u011b zlep\u0161it sv\u00e1 v\u00fdhern\u00ed o\u010dek\u00e1v\u00e1n\u00ed. U loteri\u00ed, jako jsou Mega Millions, Powerball a EuroMillions, neust\u00e1le roste procento n\u00e1kup\u016f online s\u00e1zenek hr\u00e1\u010di z cel\u00e9ho sv\u011bta.<\/p>\n","protected":false},"excerpt":{"rendered":"<p>A\u017e doned\u00e1vna jsme se my, fanou\u0161ci loterie, omezovali na hran\u00ed loterie jen v na\u0161\u00ed zemi nebo oblasti. Sly\u0161eli jsme o t\u011bchto velk\u00fdch vzru\u0161uj\u00edc\u00edch jackpotech, v nab\u00eddce byly des\u00edtky nebo dokonce stovky milion\u016f dolar\u016f nebo eur nebo jejich ekvivalent, a p\u0159\u00e1li jsme si, abychom \u017eili v oblasti, kde bychom si mohli koupit s\u00e1zenky do t\u011bchto loteri\u00ed. [&hellip;]<\/p>\n","protected":false},"author":1,"featured_media":0,"parent":0,"menu_order":1,"comment_status":"closed","ping_status":"closed","template":"lotto.php","meta":{"_et_pb_use_builder":"","_et_pb_old_content":"","_et_gb_content_width":"","exclude_from_search":false,"footnotes":""},"class_list":["post-4474","page","type-page","status-publish","hentry"],"yoast_head":"<!-- This site is optimized with the Yoast SEO plugin v23.4 - https:\/\/yoast.com\/wordpress\/plugins\/seo\/ -->\n<title>Online loterie | V\u0161echny loterijn\u00ed jackpoty sv\u011bta dostupn\u00e9 online<\/title>\n<meta name=\"description\" content=\"Online loterijn\u00ed slu\u017eba pro jak\u00fdkoliv mezin\u00e1rodn\u00ed jackpot. Z\u00edskejte s\u00e1zenky do jak\u00e9koli loterie na sv\u011bt\u011b, bez ohledu na to, kde bydl\u00edte\" \/>\n<meta name=\"robots\" content=\"index, follow, max-snippet:-1, max-image-preview:large, max-video-preview:-1\" \/>\n<link rel=\"canonical\" href=\"https:\/\/onlinelotto365.com\/cs\/\" \/>\n<meta property=\"og:locale\" content=\"cs_CZ\" \/>\n<meta property=\"og:type\" content=\"article\" \/>\n<meta property=\"og:title\" content=\"Online loterie | V\u0161echny loterijn\u00ed jackpoty sv\u011bta dostupn\u00e9 online\" \/>\n<meta property=\"og:description\" content=\"Online loterijn\u00ed slu\u017eba pro jak\u00fdkoliv mezin\u00e1rodn\u00ed jackpot. Z\u00edskejte s\u00e1zenky do jak\u00e9koli loterie na sv\u011bt\u011b, bez ohledu na to, kde bydl\u00edte\" \/>\n<meta property=\"og:url\" content=\"https:\/\/onlinelotto365.com\/cs\/\" \/>\n<meta property=\"og:site_name\" content=\"OnlineLotto365\" \/>\n<meta property=\"article:modified_time\" content=\"2023-10-04T08:12:24+00:00\" \/>\n<meta property=\"og:image\" content=\"https:\/\/redfoxlotto.com\/image?size=8&amp;lottery=mega-millions\" \/>\n<meta name=\"twitter:card\" content=\"summary_large_image\" \/>\n<meta name=\"twitter:label1\" content=\"Odhadovan\u00e1 doba \u010dten\u00ed\" \/>\n\t<meta name=\"twitter:data1\" content=\"5 minut\" \/>\n<script type=\"application\/ld+json\" class=\"yoast-schema-graph\">{\"@context\":\"https:\/\/schema.org\",\"@graph\":[{\"@type\":\"WebPage\",\"@id\":\"https:\/\/onlinelotto365.com\/cs\/\",\"url\":\"https:\/\/onlinelotto365.com\/cs\/\",\"name\":\"Online loterie | V\u0161echny loterijn\u00ed jackpoty sv\u011bta dostupn\u00e9 online\",\"isPartOf\":{\"@id\":\"https:\/\/onlinelotto365.com\/cs\/#website\"},\"primaryImageOfPage\":{\"@id\":\"https:\/\/onlinelotto365.com\/cs\/#primaryimage\"},\"image\":{\"@id\":\"https:\/\/onlinelotto365.com\/cs\/#primaryimage\"},\"thumbnailUrl\":\"https:\/\/redfoxlotto.com\/image?size=8&amp;lottery=mega-millions\",\"datePublished\":\"2020-11-30T11:00:49+00:00\",\"dateModified\":\"2023-10-04T08:12:24+00:00\",\"description\":\"Online loterijn\u00ed slu\u017eba pro jak\u00fdkoliv mezin\u00e1rodn\u00ed jackpot. Z\u00edskejte s\u00e1zenky do jak\u00e9koli loterie na sv\u011bt\u011b, bez ohledu na to, kde bydl\u00edte\",\"breadcrumb\":{\"@id\":\"https:\/\/onlinelotto365.com\/cs\/#breadcrumb\"},\"inLanguage\":\"cs\",\"potentialAction\":[{\"@type\":\"ReadAction\",\"target\":[\"https:\/\/onlinelotto365.com\/cs\/\"]}]},{\"@type\":\"ImageObject\",\"inLanguage\":\"cs\",\"@id\":\"https:\/\/onlinelotto365.com\/cs\/#primaryimage\",\"url\":\"https:\/\/redfoxlotto.com\/image?size=8&amp;lottery=mega-millions\",\"contentUrl\":\"https:\/\/redfoxlotto.com\/image?size=8&amp;lottery=mega-millions\"},{\"@type\":\"BreadcrumbList\",\"@id\":\"https:\/\/onlinelotto365.com\/cs\/#breadcrumb\",\"itemListElement\":[{\"@type\":\"ListItem\",\"position\":1,\"name\":\"Home\",\"item\":\"https:\/\/onlinelotto365.com\/cs\/\"},{\"@type\":\"ListItem\",\"position\":2,\"name\":\"V\u00edtejte v OnlineLotto365!\"}]},{\"@type\":\"WebSite\",\"@id\":\"https:\/\/onlinelotto365.com\/cs\/#website\",\"url\":\"https:\/\/onlinelotto365.com\/cs\/\",\"name\":\"OnlineLotto365\",\"description\":\"\",\"potentialAction\":[{\"@type\":\"SearchAction\",\"target\":{\"@type\":\"EntryPoint\",\"urlTemplate\":\"https:\/\/onlinelotto365.com\/cs\/?s={search_term_string}\"},\"query-input\":{\"@type\":\"PropertyValueSpecification\",\"valueRequired\":true,\"valueName\":\"search_term_string\"}}],\"inLanguage\":\"cs\"}]}<\/script>\n<!-- \/ Yoast SEO plugin. -->","yoast_head_json":{"title":"Online loterie | V\u0161echny loterijn\u00ed jackpoty sv\u011bta dostupn\u00e9 online","description":"Online loterijn\u00ed slu\u017eba pro jak\u00fdkoliv mezin\u00e1rodn\u00ed jackpot. Z\u00edskejte s\u00e1zenky do jak\u00e9koli loterie na sv\u011bt\u011b, bez ohledu na to, kde bydl\u00edte","robots":{"index":"index","follow":"follow","max-snippet":"max-snippet:-1","max-image-preview":"max-image-preview:large","max-video-preview":"max-video-preview:-1"},"canonical":"https:\/\/onlinelotto365.com\/cs\/","og_locale":"cs_CZ","og_type":"article","og_title":"Online loterie | V\u0161echny loterijn\u00ed jackpoty sv\u011bta dostupn\u00e9 online","og_description":"Online loterijn\u00ed slu\u017eba pro jak\u00fdkoliv mezin\u00e1rodn\u00ed jackpot. Z\u00edskejte s\u00e1zenky do jak\u00e9koli loterie na sv\u011bt\u011b, bez ohledu na to, kde bydl\u00edte","og_url":"https:\/\/onlinelotto365.com\/cs\/","og_site_name":"OnlineLotto365","article_modified_time":"2023-10-04T08:12:24+00:00","og_image":[{"url":"https:\/\/redfoxlotto.com\/image?size=8&amp;lottery=mega-millions"}],"twitter_card":"summary_large_image","twitter_misc":{"Odhadovan\u00e1 doba \u010dten\u00ed":"5 minut"},"schema":{"@context":"https:\/\/schema.org","@graph":[{"@type":"WebPage","@id":"https:\/\/onlinelotto365.com\/cs\/","url":"https:\/\/onlinelotto365.com\/cs\/","name":"Online loterie | V\u0161echny loterijn\u00ed jackpoty sv\u011bta dostupn\u00e9 online","isPartOf":{"@id":"https:\/\/onlinelotto365.com\/cs\/#website"},"primaryImageOfPage":{"@id":"https:\/\/onlinelotto365.com\/cs\/#primaryimage"},"image":{"@id":"https:\/\/onlinelotto365.com\/cs\/#primaryimage"},"thumbnailUrl":"https:\/\/redfoxlotto.com\/image?size=8&amp;lottery=mega-millions","datePublished":"2020-11-30T11:00:49+00:00","dateModified":"2023-10-04T08:12:24+00:00","description":"Online loterijn\u00ed slu\u017eba pro jak\u00fdkoliv mezin\u00e1rodn\u00ed jackpot. Z\u00edskejte s\u00e1zenky do jak\u00e9koli loterie na sv\u011bt\u011b, bez ohledu na to, kde bydl\u00edte","breadcrumb":{"@id":"https:\/\/onlinelotto365.com\/cs\/#breadcrumb"},"inLanguage":"cs","potentialAction":[{"@type":"ReadAction","target":["https:\/\/onlinelotto365.com\/cs\/"]}]},{"@type":"ImageObject","inLanguage":"cs","@id":"https:\/\/onlinelotto365.com\/cs\/#primaryimage","url":"https:\/\/redfoxlotto.com\/image?size=8&amp;lottery=mega-millions","contentUrl":"https:\/\/redfoxlotto.com\/image?size=8&amp;lottery=mega-millions"},{"@type":"BreadcrumbList","@id":"https:\/\/onlinelotto365.com\/cs\/#breadcrumb","itemListElement":[{"@type":"ListItem","position":1,"name":"Home","item":"https:\/\/onlinelotto365.com\/cs\/"},{"@type":"ListItem","position":2,"name":"V\u00edtejte v OnlineLotto365!"}]},{"@type":"WebSite","@id":"https:\/\/onlinelotto365.com\/cs\/#website","url":"https:\/\/onlinelotto365.com\/cs\/","name":"OnlineLotto365","description":"","potentialAction":[{"@type":"SearchAction","target":{"@type":"EntryPoint","urlTemplate":"https:\/\/onlinelotto365.com\/cs\/?s={search_term_string}"},"query-input":{"@type":"PropertyValueSpecification","valueRequired":true,"valueName":"search_term_string"}}],"inLanguage":"cs"}]}},"_links":{"self":[{"href":"https:\/\/onlinelotto365.com\/cs\/wp-json\/wp\/v2\/pages\/4474","targetHints":{"allow":["GET"]}}],"collection":[{"href":"https:\/\/onlinelotto365.com\/cs\/wp-json\/wp\/v2\/pages"}],"about":[{"href":"https:\/\/onlinelotto365.com\/cs\/wp-json\/wp\/v2\/types\/page"}],"author":[{"embeddable":true,"href":"https:\/\/onlinelotto365.com\/cs\/wp-json\/wp\/v2\/users\/1"}],"replies":[{"embeddable":true,"href":"https:\/\/onlinelotto365.com\/cs\/wp-json\/wp\/v2\/comments?post=4474"}],"version-history":[{"count":0,"href":"https:\/\/onlinelotto365.com\/cs\/wp-json\/wp\/v2\/pages\/4474\/revisions"}],"wp:attachment":[{"href":"https:\/\/onlinelotto365.com\/cs\/wp-json\/wp\/v2\/media?parent=4474"}],"curies":[{"name":"wp","href":"https:\/\/api.w.org\/{rel}","templated":true}]}}