{"id":5012,"date":"2020-12-03T08:11:48","date_gmt":"2020-12-03T07:11:48","guid":{"rendered":"http:\/\/onlinelotto365.net\/?page_id=5012"},"modified":"2022-11-08T11:14:14","modified_gmt":"2022-11-08T10:14:14","slug":"hrat","status":"publish","type":"page","link":"https:\/\/onlinelotto365.com\/cs\/hrat\/","title":{"rendered":"V\u0161e, co mus\u00edte v\u011bd\u011bt o mo\u017enostech hran\u00ed nejlep\u0161\u00edch loteri\u00ed online"},"content":{"rendered":"<p>Chcete za\u010d\u00edt hr\u00e1t loterii? Pokud ano, ur\u010dit\u011b se budete cht\u00edt pod\u00edvat na mo\u017enosti online. V\u0161echny velk\u00e9 lotto hry z t\u00e9m\u011b\u0159 cel\u00e9ho sv\u011bta si m\u016f\u017eete zahr\u00e1t online. Mus\u00edte jen v\u011bd\u011bt, kde hledat a jak za\u010d\u00edt. Na\u0161t\u011bst\u00ed pro v\u00e1s je to vlastn\u011b velmi jednoduch\u00e9. Sta\u010d\u00ed, kdy\u017e si na\u0161i webovou str\u00e1nku p\u0159id\u00e1te do z\u00e1lo\u017eek a budete se vracet pro aktu\u00e1ln\u00ed informace. Najdete zde spoustu mo\u017enost\u00ed, jak hr\u00e1t ka\u017edou z loteri\u00ed, kter\u00e9 vid\u00edte, z kter\u00e9koli z uveden\u00fdch zem\u00ed.<\/p>\n<p><a href=\"https:\/\/redfoxlotto.com\/play\/mega-millions\/?ref=a8564250a2&amp;medium=ol365\" target=\"_blank\" rel=\"noopener noreferrer\"><img loading=\"lazy\" decoding=\"async\" class=\"aligncenter\" src=\"https:\/\/redfoxlotto.com\/image?size=7&amp;lottery=mega-millions\" alt=\"play mega millions\" width=\"841\" height=\"108\" \/><\/a><\/p>\n<p>Na online mo\u017enostech je skv\u011bl\u00e9 to, \u017ee v\u00e1m umo\u017e\u0148uj\u00ed hr\u00e1t hry, kter\u00e9 se nach\u00e1zej\u00ed po cel\u00e9m sv\u011bt\u011b. U\u017e nebudete omezeni pouze na hry, kter\u00e9 si m\u016f\u017eete zahr\u00e1t v m\u00edstn\u00ed samoobsluze. M\u00edsto toho se budete moci pod\u00edvat, jak se hry hraj\u00ed v r\u016fzn\u00fdch zem\u00edch, a m\u016f\u017eete v nich zkusit sv\u00e9 \u0161t\u011bst\u00ed.<\/p>\n<h2>Hran\u00ed loterie online v\u00e1m d\u00e1v\u00e1 v\u011bt\u0161\u00ed mo\u017enosti v\u00fdb\u011bru<\/h2>\n<p>Nejlep\u0161\u00ed na hran\u00ed loterie online je skute\u010dnost, \u017ee v ka\u017ed\u00e9m okam\u017eiku bude k dispozici velk\u00fd jackpot, kter\u00fd m\u016f\u017eete vyhr\u00e1t. Pokud se omez\u00edte na hran\u00ed m\u00edstn\u00ed loterie, budete mo\u017en\u00e1 muset dlouho \u010dekat, ne\u017e jackpot naroste do takov\u00e9 v\u00fd\u0161e, aby m\u011blo smysl investovat pen\u00edze do los\u016f.<\/p>\n<p>Je jasn\u00e9, \u017ee pro va\u0161e rozhodnut\u00ed je d\u016fle\u017eit\u00e1 v\u00fd\u0161e jackpotu. V\u011bt\u0161\u00ed v\u00fdhra znamen\u00e1, \u017ee va\u0161e matematick\u00e9 o\u010dek\u00e1v\u00e1n\u00ed v\u00fdhry je vy\u0161\u0161\u00ed. Proto v\u011bt\u0161ina na\u0161ich z\u00e1kazn\u00edk\u016f utr\u00e1c\u00ed sv\u00e9 pen\u00edze za lotto na jackpot, kter\u00fd je aktu\u00e1ln\u011b nejvy\u0161\u0161\u00ed.<\/p>\n<h2>Jak funguje slu\u017eba online lotto?<\/h2>\n<p>Nejrychlej\u0161\u00ed zp\u016fsob, jak za\u010d\u00edt hr\u00e1t loterii online, je kliknout na jedno z loterijn\u00edch tla\u010d\u00edtek nebo banner\u016f a vybrat si \u010d\u00edsla pro vytvo\u0159en\u00ed tiketu. Pokud chcete, m\u016f\u017eete hr\u00e1t v\u00edce ne\u017e jednu loterii. Sta\u010d\u00ed do ko\u0161\u00edku p\u0159idat tolik los\u016f, kolik chcete. Pot\u00e9 klikn\u011bte na tla\u010d\u00edtko odhl\u00e1sit a zaplatit. Mus\u00edte si u n\u00e1s vytvo\u0159it \u00fa\u010det. Nezapome\u0148te sv\u016fj \u00fa\u010det ov\u011b\u0159it &#8211; hledejte ov\u011b\u0159ovac\u00ed e-mail ve sv\u00e9 e-mailov\u00e9 schr\u00e1nce. Pokud tam \u017e\u00e1dn\u00fd e-mail nen\u00ed, najdete ho ve slo\u017ece s nezn\u00e1m\u00fdmi odes\u00edlateli nebo t\u0159eba ve spamov\u00e9 schr\u00e1nce.<\/p>\n<h2>Mohu hr\u00e1t ze zem\u011b sv\u00e9ho bydli\u0161t\u011b?<\/h2>\n<p>Na tom, kde \u017eijete, opravdu nez\u00e1le\u017e\u00ed. Hran\u00ed loterie online funguje (t\u00e9m\u011b\u0159) odev\u0161ad. Jedinou v\u00fdjimkou je, \u017ee nem\u016f\u017eeme p\u0159ij\u00edmat z\u00e1kazn\u00edky z USA a z Nizozemska.<\/p>\n<h2>Jak z\u00edsk\u00e1m sv\u00e9 v\u00fdhry?<\/h2>\n<p>Na\u0161e slu\u017eby v oblasti losov\u00e1n\u00ed zahrnuj\u00ed na\u0161i pomoc, pokud jde o vyplacen\u00ed v\u00fdhry. K tomu slou\u017e\u00ed dva r\u016fzn\u00e9 postupy:<\/p>\n<ul>\n<li>V\u00fdhry ni\u017e\u0161\u00ed ne\u017e 2500 \u20ac: V\u00fdhra bude p\u0159ips\u00e1na na v\u00e1\u0161 u\u017eivatelsk\u00fd \u00fa\u010det na na\u0161ich webov\u00fdch str\u00e1nk\u00e1ch. Odtud si ji m\u016f\u017eete nechat vyplatit nap\u0159\u00edklad na svou kreditn\u00ed kartu nebo bankovn\u00ed \u00fa\u010det.<\/li>\n<li>V\u00fdhry vy\u0161\u0161\u00ed ne\u017e 2500 \u20ac: V\u00fdplaty vy\u0161\u0161\u00edch \u010d\u00e1stek prov\u00e1d\u00ed p\u0159\u00edmo samotn\u00e1 loterie. Poskytneme v\u00e1m formul\u00e1\u0159, kter\u00fd mus\u00edte vyplnit a zaslat n\u00e1m jej zp\u011bt. Formul\u00e1\u0159 obsahuje va\u0161e pokyny pro v\u00fdplatu, kterou m\u016f\u017ee b\u00fdt bu\u010f bankovn\u00ed p\u0159evod, nebo \u0161ek. To v\u0161e bude prob\u00edhat online. Formul\u00e1\u0159 ode\u0161leme loterii a ta p\u0159evede pen\u00edze na v\u00e1\u0161 bankovn\u00ed \u00fa\u010det nebo v\u00e1m po\u0161le \u0161ek &#8211; podle toho, co si p\u0159ejete.<\/li>\n<\/ul>\n","protected":false},"excerpt":{"rendered":"<p>Chcete za\u010d\u00edt hr\u00e1t loterii? Pokud ano, ur\u010dit\u011b se budete cht\u00edt pod\u00edvat na mo\u017enosti online. V\u0161echny velk\u00e9 lotto hry z t\u00e9m\u011b\u0159 cel\u00e9ho sv\u011bta si m\u016f\u017eete zahr\u00e1t online. Mus\u00edte jen v\u011bd\u011bt, kde hledat a jak za\u010d\u00edt. Na\u0161t\u011bst\u00ed pro v\u00e1s je to vlastn\u011b velmi jednoduch\u00e9. Sta\u010d\u00ed, kdy\u017e si na\u0161i webovou str\u00e1nku p\u0159id\u00e1te do z\u00e1lo\u017eek a budete se vracet [&hellip;]<\/p>\n","protected":false},"author":1,"featured_media":0,"parent":0,"menu_order":2,"comment_status":"closed","ping_status":"closed","template":"Play-all.php","meta":{"_et_pb_use_builder":"","_et_pb_old_content":"","_et_gb_content_width":"","exclude_from_search":false,"footnotes":""},"class_list":["post-5012","page","type-page","status-publish","hentry"],"yoast_head":"<!-- This site is optimized with the Yoast SEO plugin v23.4 - https:\/\/yoast.com\/wordpress\/plugins\/seo\/ -->\n<title>Hrajte Lotto online - v\u00edce jackpot\u016f pro fanou\u0161ky loterie z cel\u00e9ho sv\u011bta<\/title>\n<meta name=\"description\" content=\"Usnad\u0148ujeme v\u00e1m hran\u00ed zahrani\u010dn\u00edch loteri\u00ed online - v\u0161echny velk\u00e9 jackpoty jsou zde\" \/>\n<meta name=\"robots\" content=\"index, follow, max-snippet:-1, max-image-preview:large, max-video-preview:-1\" \/>\n<link rel=\"canonical\" href=\"https:\/\/onlinelotto365.com\/cs\/hrat\/\" \/>\n<meta property=\"og:locale\" content=\"cs_CZ\" \/>\n<meta property=\"og:type\" content=\"article\" \/>\n<meta property=\"og:title\" content=\"Hrajte Lotto online - v\u00edce jackpot\u016f pro fanou\u0161ky loterie z cel\u00e9ho sv\u011bta\" \/>\n<meta property=\"og:description\" content=\"Usnad\u0148ujeme v\u00e1m hran\u00ed zahrani\u010dn\u00edch loteri\u00ed online - v\u0161echny velk\u00e9 jackpoty jsou zde\" \/>\n<meta property=\"og:url\" content=\"https:\/\/onlinelotto365.com\/cs\/hrat\/\" \/>\n<meta property=\"og:site_name\" content=\"OnlineLotto365\" \/>\n<meta property=\"article:modified_time\" content=\"2022-11-08T10:14:14+00:00\" \/>\n<meta property=\"og:image\" content=\"https:\/\/redfoxlotto.com\/image?size=7&amp;lottery=mega-millions\" \/>\n<meta name=\"twitter:card\" content=\"summary_large_image\" \/>\n<meta name=\"twitter:label1\" content=\"Odhadovan\u00e1 doba \u010dten\u00ed\" \/>\n\t<meta name=\"twitter:data1\" content=\"3 minuty\" \/>\n<script type=\"application\/ld+json\" class=\"yoast-schema-graph\">{\"@context\":\"https:\/\/schema.org\",\"@graph\":[{\"@type\":\"WebPage\",\"@id\":\"https:\/\/onlinelotto365.com\/cs\/hrat\/\",\"url\":\"https:\/\/onlinelotto365.com\/cs\/hrat\/\",\"name\":\"Hrajte Lotto online - v\u00edce jackpot\u016f pro fanou\u0161ky loterie z cel\u00e9ho sv\u011bta\",\"isPartOf\":{\"@id\":\"https:\/\/onlinelotto365.com\/cs\/#website\"},\"primaryImageOfPage\":{\"@id\":\"https:\/\/onlinelotto365.com\/cs\/hrat\/#primaryimage\"},\"image\":{\"@id\":\"https:\/\/onlinelotto365.com\/cs\/hrat\/#primaryimage\"},\"thumbnailUrl\":\"https:\/\/redfoxlotto.com\/image?size=7&amp;lottery=mega-millions\",\"datePublished\":\"2020-12-03T07:11:48+00:00\",\"dateModified\":\"2022-11-08T10:14:14+00:00\",\"description\":\"Usnad\u0148ujeme v\u00e1m hran\u00ed zahrani\u010dn\u00edch loteri\u00ed online - v\u0161echny velk\u00e9 jackpoty jsou zde\",\"breadcrumb\":{\"@id\":\"https:\/\/onlinelotto365.com\/cs\/hrat\/#breadcrumb\"},\"inLanguage\":\"cs\",\"potentialAction\":[{\"@type\":\"ReadAction\",\"target\":[\"https:\/\/onlinelotto365.com\/cs\/hrat\/\"]}]},{\"@type\":\"ImageObject\",\"inLanguage\":\"cs\",\"@id\":\"https:\/\/onlinelotto365.com\/cs\/hrat\/#primaryimage\",\"url\":\"https:\/\/redfoxlotto.com\/image?size=7&amp;lottery=mega-millions\",\"contentUrl\":\"https:\/\/redfoxlotto.com\/image?size=7&amp;lottery=mega-millions\"},{\"@type\":\"BreadcrumbList\",\"@id\":\"https:\/\/onlinelotto365.com\/cs\/hrat\/#breadcrumb\",\"itemListElement\":[{\"@type\":\"ListItem\",\"position\":1,\"name\":\"Home\",\"item\":\"https:\/\/onlinelotto365.com\/cs\/\"},{\"@type\":\"ListItem\",\"position\":2,\"name\":\"V\u0161e, co mus\u00edte v\u011bd\u011bt o mo\u017enostech hran\u00ed nejlep\u0161\u00edch loteri\u00ed online\"}]},{\"@type\":\"WebSite\",\"@id\":\"https:\/\/onlinelotto365.com\/cs\/#website\",\"url\":\"https:\/\/onlinelotto365.com\/cs\/\",\"name\":\"OnlineLotto365\",\"description\":\"\",\"potentialAction\":[{\"@type\":\"SearchAction\",\"target\":{\"@type\":\"EntryPoint\",\"urlTemplate\":\"https:\/\/onlinelotto365.com\/cs\/?s={search_term_string}\"},\"query-input\":{\"@type\":\"PropertyValueSpecification\",\"valueRequired\":true,\"valueName\":\"search_term_string\"}}],\"inLanguage\":\"cs\"}]}<\/script>\n<!-- \/ Yoast SEO plugin. -->","yoast_head_json":{"title":"Hrajte Lotto online - v\u00edce jackpot\u016f pro fanou\u0161ky loterie z cel\u00e9ho sv\u011bta","description":"Usnad\u0148ujeme v\u00e1m hran\u00ed zahrani\u010dn\u00edch loteri\u00ed online - v\u0161echny velk\u00e9 jackpoty jsou zde","robots":{"index":"index","follow":"follow","max-snippet":"max-snippet:-1","max-image-preview":"max-image-preview:large","max-video-preview":"max-video-preview:-1"},"canonical":"https:\/\/onlinelotto365.com\/cs\/hrat\/","og_locale":"cs_CZ","og_type":"article","og_title":"Hrajte Lotto online - v\u00edce jackpot\u016f pro fanou\u0161ky loterie z cel\u00e9ho sv\u011bta","og_description":"Usnad\u0148ujeme v\u00e1m hran\u00ed zahrani\u010dn\u00edch loteri\u00ed online - v\u0161echny velk\u00e9 jackpoty jsou zde","og_url":"https:\/\/onlinelotto365.com\/cs\/hrat\/","og_site_name":"OnlineLotto365","article_modified_time":"2022-11-08T10:14:14+00:00","og_image":[{"url":"https:\/\/redfoxlotto.com\/image?size=7&amp;lottery=mega-millions"}],"twitter_card":"summary_large_image","twitter_misc":{"Odhadovan\u00e1 doba \u010dten\u00ed":"3 minuty"},"schema":{"@context":"https:\/\/schema.org","@graph":[{"@type":"WebPage","@id":"https:\/\/onlinelotto365.com\/cs\/hrat\/","url":"https:\/\/onlinelotto365.com\/cs\/hrat\/","name":"Hrajte Lotto online - v\u00edce jackpot\u016f pro fanou\u0161ky loterie z cel\u00e9ho sv\u011bta","isPartOf":{"@id":"https:\/\/onlinelotto365.com\/cs\/#website"},"primaryImageOfPage":{"@id":"https:\/\/onlinelotto365.com\/cs\/hrat\/#primaryimage"},"image":{"@id":"https:\/\/onlinelotto365.com\/cs\/hrat\/#primaryimage"},"thumbnailUrl":"https:\/\/redfoxlotto.com\/image?size=7&amp;lottery=mega-millions","datePublished":"2020-12-03T07:11:48+00:00","dateModified":"2022-11-08T10:14:14+00:00","description":"Usnad\u0148ujeme v\u00e1m hran\u00ed zahrani\u010dn\u00edch loteri\u00ed online - v\u0161echny velk\u00e9 jackpoty jsou zde","breadcrumb":{"@id":"https:\/\/onlinelotto365.com\/cs\/hrat\/#breadcrumb"},"inLanguage":"cs","potentialAction":[{"@type":"ReadAction","target":["https:\/\/onlinelotto365.com\/cs\/hrat\/"]}]},{"@type":"ImageObject","inLanguage":"cs","@id":"https:\/\/onlinelotto365.com\/cs\/hrat\/#primaryimage","url":"https:\/\/redfoxlotto.com\/image?size=7&amp;lottery=mega-millions","contentUrl":"https:\/\/redfoxlotto.com\/image?size=7&amp;lottery=mega-millions"},{"@type":"BreadcrumbList","@id":"https:\/\/onlinelotto365.com\/cs\/hrat\/#breadcrumb","itemListElement":[{"@type":"ListItem","position":1,"name":"Home","item":"https:\/\/onlinelotto365.com\/cs\/"},{"@type":"ListItem","position":2,"name":"V\u0161e, co mus\u00edte v\u011bd\u011bt o mo\u017enostech hran\u00ed nejlep\u0161\u00edch loteri\u00ed online"}]},{"@type":"WebSite","@id":"https:\/\/onlinelotto365.com\/cs\/#website","url":"https:\/\/onlinelotto365.com\/cs\/","name":"OnlineLotto365","description":"","potentialAction":[{"@type":"SearchAction","target":{"@type":"EntryPoint","urlTemplate":"https:\/\/onlinelotto365.com\/cs\/?s={search_term_string}"},"query-input":{"@type":"PropertyValueSpecification","valueRequired":true,"valueName":"search_term_string"}}],"inLanguage":"cs"}]}},"_links":{"self":[{"href":"https:\/\/onlinelotto365.com\/cs\/wp-json\/wp\/v2\/pages\/5012","targetHints":{"allow":["GET"]}}],"collection":[{"href":"https:\/\/onlinelotto365.com\/cs\/wp-json\/wp\/v2\/pages"}],"about":[{"href":"https:\/\/onlinelotto365.com\/cs\/wp-json\/wp\/v2\/types\/page"}],"author":[{"embeddable":true,"href":"https:\/\/onlinelotto365.com\/cs\/wp-json\/wp\/v2\/users\/1"}],"replies":[{"embeddable":true,"href":"https:\/\/onlinelotto365.com\/cs\/wp-json\/wp\/v2\/comments?post=5012"}],"version-history":[{"count":0,"href":"https:\/\/onlinelotto365.com\/cs\/wp-json\/wp\/v2\/pages\/5012\/revisions"}],"wp:attachment":[{"href":"https:\/\/onlinelotto365.com\/cs\/wp-json\/wp\/v2\/media?parent=5012"}],"curies":[{"name":"wp","href":"https:\/\/api.w.org\/{rel}","templated":true}]}}