{"id":5559,"date":"2020-12-04T16:45:15","date_gmt":"2020-12-04T15:45:15","guid":{"rendered":"http:\/\/onlinelotto365.net\/?page_id=5559"},"modified":"2021-02-25T15:08:29","modified_gmt":"2021-02-25T14:08:29","slug":"koupit-listky","status":"publish","type":"page","link":"https:\/\/onlinelotto365.com\/cs\/koupit-listky\/","title":{"rendered":"Pro\u010d m\u00e1 v\u011bt\u0161\u00ed smysl kupovat loterijn\u00ed l\u00edstky online"},"content":{"rendered":"<p>Mnoho lid\u00ed hraje v online kas\u00ednech, z nich\u017e n\u011bkter\u00e9 nab\u00edz\u00ed simulovan\u00e9 loterie. Zvol\u00edte si loterijn\u00ed \u010d\u00edsla stejn\u00fdm zp\u016fsobem jako ve skute\u010dn\u00e9 loterii a v\u00fdhern\u00ed \u010d\u00edsla pro v\u00e1s vylosuje po\u010d\u00edta\u010d.<br \/>\nNezahr\u00e1li byste si ov\u0161em rad\u011bji skute\u010dnou loterii? Samoz\u0159ejm\u011b, \u017ee zahr\u00e1li. Tyto online loterie jsou jen mal\u00e9 ryby a ani nejsou navr\u017eeny jako skute\u010dn\u00e9 loterie. Co vlastn\u011b v\u00edte o tom, jak to vlastn\u011b v\u0161echno funguje? Co v\u00edme jist\u011b je fakt, \u017ee jak\u00fdkoli druh online gamblingu je jen slab\u00fd odvar skute\u010dn\u00e9 loterie.<\/p>\n<p>Jakkoli se online gambling v sou\u010dasn\u00e9 dob\u011b rozm\u00e1h\u00e1, skute\u010dn\u00e9 loterie st\u00e1le vl\u00e1dnou sv\u011btov\u00e9 sc\u00e9n\u011b gamblingu. O hodn\u011b v\u00edce pen\u011bz se nach\u00e1z\u00ed pr\u00e1v\u011b v re\u00e1ln\u00fdch loteri\u00edch, v\u00edce ne\u017e ve v\u0161ech ostatn\u00edch typech loterie dohromady. Toto rovn\u011b\u017e nen\u00ed n\u00e1hoda, nebo\u0165 nad\u0161en\u00ed a pro\u017eitku skute\u010dn\u00fdch loteri\u00ed se nic nevyrovn\u00e1, jakkoli pokro\u010dil\u00e1 technologie m\u016f\u017ee b\u00fdt.<\/p>\n<p><a href=\"https:\/\/redfoxlotto.com\/cs\/?ref=a8564250a2&amp;medium=ol365\" target=\"_blank\" rel=\"noopener noreferrer\"><img loading=\"lazy\" decoding=\"async\" class=\"aligncenter\" src=\"https:\/\/redfoxlotto.com\/cs\/image?size=8&amp;lottery=euromillions\" alt=\"Euromillions\" width=\"720\" height=\"90\" \/><\/a><\/p>\n<h2>Jak by se v\u00e1m l\u00edbilo hr\u00e1t jakoukoli loterii, kterou si zamanete?<\/h2>\n<p>A\u017e dosud jsme byli v\u0161ichni omezeni \u00fa\u010dastnit se loterie jen v m\u00edst\u011b na\u0161eho bydli\u0161t\u011b. V z\u00e1vislosti na tomto m\u00edst\u011b kde \u017eijete, \u010das od \u010dasu m\u016f\u017ee jackpot nar\u016fst do nezm\u011brn\u00e9 v\u00fd\u0161e, co\u017e vyvol\u00e1 vlnu vzru\u0161en\u00ed, zat\u00edmco lid\u00e9 tvo\u0159\u00ed fronty v trafik\u00e1ch a jin\u00fdch prodejn\u00edch m\u00edstek loterijn\u00edch tiket\u016f, aby se mohli t\u00e9to akce tak\u00e9 \u00fa\u010dastnit.<\/p>\n<p>Abyste si mohli koupit tikety v jin\u00fdch oblastech nebo zem\u00edch, mus\u00edte si pro n\u011b fyzicky p\u0159ijet a koupit je osobn\u011b. Samoz\u0159ejm\u011b pokud tam nejedete za jin\u00fdm \u00fa\u010delem, ani to nem\u00e1 smysl a vy tak tuto p\u0159\u00edle\u017eitost nedostanete, a i kdy\u017e byste si to tam koupit jeli, co bude d\u011blat v p\u0159\u00edpad\u011b v\u00fdhry?<\/p>\n<p>V\u011bt\u0161ina lid\u00ed ani neuva\u017euje o mo\u017enosti koupit tiket a \u00fa\u010dastnit se loterie v jin\u00fdch oblastech nebo zem\u00edch ne\u017e kde sami \u017eij\u00ed. N\u011bkte\u0159\u00ed o tom snili, ale nen\u00ed to takov\u00fd typ snu, kter\u00fd by se jednou vyplnil \u2013 tedy a\u017e dote\u010f.<br \/>\nJsme pot\u011b\u0161eni v\u00e1m ozn\u00e1mit, \u017ee nab\u00edz\u00edme zcela novou slu\u017ebu, d\u00edky kter\u00e9 se m\u016f\u017eete p\u010dastnit kter\u00e9koli z nejv\u011bt\u0161\u00edch sv\u011btov\u00fdch loteri\u00ed p\u0159\u00edmo z pohodl\u00ed va\u0161eho domova. V\u0161echnu pr\u00e1ci ud\u011bl\u00e1me za v\u00e1s.<\/p>\n<h2>Jak prob\u00edh\u00e1 koup\u011b loterijn\u00edch tiket\u016f online<\/h2>\n<p>Prvn\u00ed v\u011bc, kterou pot\u0159ebujete ud\u011blat, je zvolit si loterie, kter\u00fdch se chcete \u00fa\u010dastnit, z \u0161irok\u00e9 nab\u00eddky popul\u00e1rn\u00edch loteri\u00ed z cel\u00e9ho sv\u011bta. Pot\u00e9 si zvol\u00edte po\u010det tiket\u016f, kter\u00e9 si p\u0159ejete zakoupit a m\u016f\u017eete si rovn\u011b\u017e zvolit sv\u00e1 vytipovan\u00e1 \u010d\u00edsla, pop\u0159. si je nechat vybrat gener\u00e1torem n\u00e1hodn\u00fdch \u010d\u00edsel.<\/p>\n<p>Pot\u00e9 si otev\u0159ete \u00fa\u010det. Vypln\u00edte v\u0161echny va\u0161e osobn\u00ed \u00fadaje, k tomu pak u\u017eivatelsk\u00e9 jm\u00e9no a heslo, kter\u00fdmi se p\u0159ihl\u00e1s\u00edte na str\u00e1nku online loterie, kdykoli budete cht\u00edt.<br \/>\nKlikn\u011bte zde a vytvo\u0159te si sv\u016fj \u00fa\u010det hned te\u010f!<\/p>\n<p>Pot\u00e9 si zvol\u00edte platebn\u00ed metodu, kterou pou\u017eijete na n\u00e1kup tiket\u016f. V\u011bt\u0161ina lid\u00ed pou\u017e\u00edv\u00e1 platebn\u00ed karty, ale k dispozici je rovn\u011b\u017e mno\u017estv\u00ed dal\u0161\u00edch platebn\u00edch metod, pro p\u0159\u00edpad, \u017ee kreditn\u00ed kartu nem\u00e1te. V\u0161echny transakce jsou samoz\u0159ejm\u011b zabezpe\u010deny pomoc\u00ed nejnov\u011bj\u0161\u00edho bezpe\u010dnostn\u00edho software, tud\u00ed\u017e se nemus\u00edte skute\u010dn\u011b o nic starat.<\/p>\n<p>Pro ka\u017ed\u00e9 bl\u00ed\u017e\u00edc\u00ed se losov\u00e1n\u00ed se objev\u00ed hodiny, kter\u00e9 budou odpo\u010d\u00edt\u00e1vat, abyste m\u011bli v\u017edy p\u0159ehled o tom, kolik \u010dasu zb\u00fdv\u00e1 do losov\u00e1n\u00ed a mohli se rozhodnout, pro kter\u00e9 loterie si koup\u00edte tiket..<\/p>\n<h2>Pot\u00e9 pro v\u00e1s bude zakoupen loterijn\u00ed tiket<\/h2>\n<p>Pot\u00e9 pro v\u00e1s tato slu\u017eba zajist\u00ed, \u017ee n\u011bkdo pro v\u00e1s fyzicky koup\u00ed tiket s va\u0161\u00edm jm\u00e9nem, abyste si jej mohli nechat p\u0159\u00edpadn\u011b proplatit pouze vy. Pot\u00e9 v\u00e1m jej naskenovan\u00fd za\u0161lou e-mailem, abyste o n\u011bm m\u011bli p\u0159ehled.<br \/>\nV\u00fdsledky ka\u017ed\u00e9 loterie jsou zve\u0159ejn\u011bny p\u0159\u00edmo na str\u00e1nce, a a\u010dkoli m\u016f\u017ee b\u00fdt z\u00e1bava kontrolovat \u010d\u00edsla sv\u00e9pomoc\u00ed, nemus\u00edte to d\u011blat, pokud opravdu nechcete. Pokud vyhrajete, budete vyrozum\u011bni pomoc\u00ed e-mailu, tak\u017ee nikdy nep\u0159ijdete o svou v\u00fdhru.<\/p>\n<p>Zeptejte se na sv\u00e9m prodejn\u00edm m\u00edst\u011b, jestli by to pro v\u00e1s byli ochotni ud\u011blat. Budou si o v\u00e1s myslet, \u017ee jste se zbl\u00e1znili. Toto v\u0161e dokazuje fakt, jak jsou na\u0161e slu\u017eby prvot\u0159\u00eddn\u00ed a jak v\u00e1m pomohou p\u0159i ka\u017ed\u00e9m kroku cel\u00e9 procedury.<\/p>\n<h2>Vyplacen\u00ed va\u0161\u00ed v\u00fdhry<\/h2>\n<p>V z\u00e1vislosti na v\u00fd\u0161i va\u0161\u00ed v\u00fdhry nab\u00edz\u00edme n\u011bkolik odli\u0161n\u00fdch zp\u016fsob\u016f, jak v\u00fdhru vyplatit. Pokud je mno\u017estv\u00ed vyhran\u00fdch pen\u011bz men\u0161\u00ed ne\u017e \u20ac2500, m\u016f\u017eete si pen\u00edze ponechat na sv\u00e9m \u00fa\u010dtu pro p\u0159\u00edpad, \u017ee si za n\u011b budete cht\u00edt koupit dal\u0161\u00ed tikety, nebo si tyto pen\u00edze m\u016f\u017eete nechat poslat. Jakmile vyhrajete vy\u0161\u0161\u00ed \u010d\u00e1stku, bude v\u00e1m zasl\u00e1n formul\u00e1\u0159, kter\u00fd vypln\u00edte a za\u0161lete zp\u011bt a pen\u00edze v\u00e1m p\u0159ijdou \u0161ekem, kter\u00fd si m\u016f\u017eete okam\u017eit\u011b nechat p\u0159ipsat na sv\u016fj bankovn\u00ed \u00fa\u010det.<\/p>\n<p>Pokud vyhrajete obrovsk\u00fd bal\u00edk pen\u011bz najednou, loterie m\u016f\u017ee vy\u017eadovat va\u0161\u00ed osobn\u00ed p\u0159\u00edtomnost p\u0159i p\u0159ed\u00e1n\u00ed v\u00fdhry. Pokud v\u0161ak takovou sumu vyhrajete, tento v\u00fdlet si pak zajist\u00e9 u\u017eijete naplno. V\u00e1\u0161 loterijn\u00ed tiket pr\u00e1v\u011b vyhr\u00e1l jackpot a tato dovolen\u00e1 m\u016f\u017ee b\u00fdt prvotn\u00ed oslavou va\u0161eho \u00fasp\u011bchu. A\u017e se vr\u00e1t\u00edte, dovolenou si m\u016f\u017eete prodlou\u017eit natrvalo a vychutnat si \u017eivot bez nutnosti pracovat. Volba bude na v\u00e1s!<\/p>\n<p>&nbsp;<\/p>\n<p>&nbsp;<\/p>\n<p>&nbsp;<\/p>\n","protected":false},"excerpt":{"rendered":"<p>Mnoho lid\u00ed hraje v online kas\u00ednech, z nich\u017e n\u011bkter\u00e9 nab\u00edz\u00ed simulovan\u00e9 loterie. Zvol\u00edte si loterijn\u00ed \u010d\u00edsla stejn\u00fdm zp\u016fsobem jako ve skute\u010dn\u00e9 loterii a v\u00fdhern\u00ed \u010d\u00edsla pro v\u00e1s vylosuje po\u010d\u00edta\u010d. Nezahr\u00e1li byste si ov\u0161em rad\u011bji skute\u010dnou loterii? Samoz\u0159ejm\u011b, \u017ee zahr\u00e1li. Tyto online loterie jsou jen mal\u00e9 ryby a ani nejsou navr\u017eeny jako skute\u010dn\u00e9 loterie. Co vlastn\u011b [&hellip;]<\/p>\n","protected":false},"author":1,"featured_media":0,"parent":0,"menu_order":3,"comment_status":"closed","ping_status":"closed","template":"Information.php","meta":{"_et_pb_use_builder":"","_et_pb_old_content":"","_et_gb_content_width":"","exclude_from_search":false,"footnotes":""},"class_list":["post-5559","page","type-page","status-publish","hentry"],"yoast_head":"<!-- This site is optimized with the Yoast SEO plugin v23.4 - https:\/\/yoast.com\/wordpress\/plugins\/seo\/ -->\n<title>Nakupujte online l\u00edstky do nejv\u011bt\u0161\u00edch loterijn\u00edch jackpot\u016f na planet\u011b<\/title>\n<meta name=\"description\" content=\"St\u00e1le kupujete loterijn\u00ed l\u00edstky na m\u00edst\u011b? Existuj\u00ed mnohem lep\u0161\u00ed loterijn\u00ed jackpoty - sta\u010d\u00ed si koupit vstupenky online!\" \/>\n<meta name=\"robots\" content=\"index, follow, max-snippet:-1, max-image-preview:large, max-video-preview:-1\" \/>\n<link rel=\"canonical\" href=\"https:\/\/onlinelotto365.com\/cs\/koupit-listky\/\" \/>\n<meta property=\"og:locale\" content=\"cs_CZ\" \/>\n<meta property=\"og:type\" content=\"article\" \/>\n<meta property=\"og:title\" content=\"Nakupujte online l\u00edstky do nejv\u011bt\u0161\u00edch loterijn\u00edch jackpot\u016f na planet\u011b\" \/>\n<meta property=\"og:description\" content=\"St\u00e1le kupujete loterijn\u00ed l\u00edstky na m\u00edst\u011b? Existuj\u00ed mnohem lep\u0161\u00ed loterijn\u00ed jackpoty - sta\u010d\u00ed si koupit vstupenky online!\" \/>\n<meta property=\"og:url\" content=\"https:\/\/onlinelotto365.com\/cs\/koupit-listky\/\" \/>\n<meta property=\"og:site_name\" content=\"OnlineLotto365\" \/>\n<meta property=\"article:modified_time\" content=\"2021-02-25T14:08:29+00:00\" \/>\n<meta property=\"og:image\" content=\"https:\/\/redfoxlotto.com\/cs\/image?size=8&amp;lottery=euromillions\" \/>\n<meta name=\"twitter:card\" content=\"summary_large_image\" \/>\n<meta name=\"twitter:label1\" content=\"Odhadovan\u00e1 doba \u010dten\u00ed\" \/>\n\t<meta name=\"twitter:data1\" content=\"4 minuty\" \/>\n<script type=\"application\/ld+json\" class=\"yoast-schema-graph\">{\"@context\":\"https:\/\/schema.org\",\"@graph\":[{\"@type\":\"WebPage\",\"@id\":\"https:\/\/onlinelotto365.com\/cs\/koupit-listky\/\",\"url\":\"https:\/\/onlinelotto365.com\/cs\/koupit-listky\/\",\"name\":\"Nakupujte online l\u00edstky do nejv\u011bt\u0161\u00edch loterijn\u00edch jackpot\u016f na planet\u011b\",\"isPartOf\":{\"@id\":\"https:\/\/onlinelotto365.com\/cs\/#website\"},\"primaryImageOfPage\":{\"@id\":\"https:\/\/onlinelotto365.com\/cs\/koupit-listky\/#primaryimage\"},\"image\":{\"@id\":\"https:\/\/onlinelotto365.com\/cs\/koupit-listky\/#primaryimage\"},\"thumbnailUrl\":\"https:\/\/redfoxlotto.com\/cs\/image?size=8&amp;lottery=euromillions\",\"datePublished\":\"2020-12-04T15:45:15+00:00\",\"dateModified\":\"2021-02-25T14:08:29+00:00\",\"description\":\"St\u00e1le kupujete loterijn\u00ed l\u00edstky na m\u00edst\u011b? Existuj\u00ed mnohem lep\u0161\u00ed loterijn\u00ed jackpoty - sta\u010d\u00ed si koupit vstupenky online!\",\"breadcrumb\":{\"@id\":\"https:\/\/onlinelotto365.com\/cs\/koupit-listky\/#breadcrumb\"},\"inLanguage\":\"cs\",\"potentialAction\":[{\"@type\":\"ReadAction\",\"target\":[\"https:\/\/onlinelotto365.com\/cs\/koupit-listky\/\"]}]},{\"@type\":\"ImageObject\",\"inLanguage\":\"cs\",\"@id\":\"https:\/\/onlinelotto365.com\/cs\/koupit-listky\/#primaryimage\",\"url\":\"https:\/\/redfoxlotto.com\/cs\/image?size=8&amp;lottery=euromillions\",\"contentUrl\":\"https:\/\/redfoxlotto.com\/cs\/image?size=8&amp;lottery=euromillions\"},{\"@type\":\"BreadcrumbList\",\"@id\":\"https:\/\/onlinelotto365.com\/cs\/koupit-listky\/#breadcrumb\",\"itemListElement\":[{\"@type\":\"ListItem\",\"position\":1,\"name\":\"Home\",\"item\":\"https:\/\/onlinelotto365.com\/cs\/\"},{\"@type\":\"ListItem\",\"position\":2,\"name\":\"Pro\u010d m\u00e1 v\u011bt\u0161\u00ed smysl kupovat loterijn\u00ed l\u00edstky online\"}]},{\"@type\":\"WebSite\",\"@id\":\"https:\/\/onlinelotto365.com\/cs\/#website\",\"url\":\"https:\/\/onlinelotto365.com\/cs\/\",\"name\":\"OnlineLotto365\",\"description\":\"\",\"potentialAction\":[{\"@type\":\"SearchAction\",\"target\":{\"@type\":\"EntryPoint\",\"urlTemplate\":\"https:\/\/onlinelotto365.com\/cs\/?s={search_term_string}\"},\"query-input\":{\"@type\":\"PropertyValueSpecification\",\"valueRequired\":true,\"valueName\":\"search_term_string\"}}],\"inLanguage\":\"cs\"}]}<\/script>\n<!-- \/ Yoast SEO plugin. -->","yoast_head_json":{"title":"Nakupujte online l\u00edstky do nejv\u011bt\u0161\u00edch loterijn\u00edch jackpot\u016f na planet\u011b","description":"St\u00e1le kupujete loterijn\u00ed l\u00edstky na m\u00edst\u011b? Existuj\u00ed mnohem lep\u0161\u00ed loterijn\u00ed jackpoty - sta\u010d\u00ed si koupit vstupenky online!","robots":{"index":"index","follow":"follow","max-snippet":"max-snippet:-1","max-image-preview":"max-image-preview:large","max-video-preview":"max-video-preview:-1"},"canonical":"https:\/\/onlinelotto365.com\/cs\/koupit-listky\/","og_locale":"cs_CZ","og_type":"article","og_title":"Nakupujte online l\u00edstky do nejv\u011bt\u0161\u00edch loterijn\u00edch jackpot\u016f na planet\u011b","og_description":"St\u00e1le kupujete loterijn\u00ed l\u00edstky na m\u00edst\u011b? Existuj\u00ed mnohem lep\u0161\u00ed loterijn\u00ed jackpoty - sta\u010d\u00ed si koupit vstupenky online!","og_url":"https:\/\/onlinelotto365.com\/cs\/koupit-listky\/","og_site_name":"OnlineLotto365","article_modified_time":"2021-02-25T14:08:29+00:00","og_image":[{"url":"https:\/\/redfoxlotto.com\/cs\/image?size=8&amp;lottery=euromillions"}],"twitter_card":"summary_large_image","twitter_misc":{"Odhadovan\u00e1 doba \u010dten\u00ed":"4 minuty"},"schema":{"@context":"https:\/\/schema.org","@graph":[{"@type":"WebPage","@id":"https:\/\/onlinelotto365.com\/cs\/koupit-listky\/","url":"https:\/\/onlinelotto365.com\/cs\/koupit-listky\/","name":"Nakupujte online l\u00edstky do nejv\u011bt\u0161\u00edch loterijn\u00edch jackpot\u016f na planet\u011b","isPartOf":{"@id":"https:\/\/onlinelotto365.com\/cs\/#website"},"primaryImageOfPage":{"@id":"https:\/\/onlinelotto365.com\/cs\/koupit-listky\/#primaryimage"},"image":{"@id":"https:\/\/onlinelotto365.com\/cs\/koupit-listky\/#primaryimage"},"thumbnailUrl":"https:\/\/redfoxlotto.com\/cs\/image?size=8&amp;lottery=euromillions","datePublished":"2020-12-04T15:45:15+00:00","dateModified":"2021-02-25T14:08:29+00:00","description":"St\u00e1le kupujete loterijn\u00ed l\u00edstky na m\u00edst\u011b? Existuj\u00ed mnohem lep\u0161\u00ed loterijn\u00ed jackpoty - sta\u010d\u00ed si koupit vstupenky online!","breadcrumb":{"@id":"https:\/\/onlinelotto365.com\/cs\/koupit-listky\/#breadcrumb"},"inLanguage":"cs","potentialAction":[{"@type":"ReadAction","target":["https:\/\/onlinelotto365.com\/cs\/koupit-listky\/"]}]},{"@type":"ImageObject","inLanguage":"cs","@id":"https:\/\/onlinelotto365.com\/cs\/koupit-listky\/#primaryimage","url":"https:\/\/redfoxlotto.com\/cs\/image?size=8&amp;lottery=euromillions","contentUrl":"https:\/\/redfoxlotto.com\/cs\/image?size=8&amp;lottery=euromillions"},{"@type":"BreadcrumbList","@id":"https:\/\/onlinelotto365.com\/cs\/koupit-listky\/#breadcrumb","itemListElement":[{"@type":"ListItem","position":1,"name":"Home","item":"https:\/\/onlinelotto365.com\/cs\/"},{"@type":"ListItem","position":2,"name":"Pro\u010d m\u00e1 v\u011bt\u0161\u00ed smysl kupovat loterijn\u00ed l\u00edstky online"}]},{"@type":"WebSite","@id":"https:\/\/onlinelotto365.com\/cs\/#website","url":"https:\/\/onlinelotto365.com\/cs\/","name":"OnlineLotto365","description":"","potentialAction":[{"@type":"SearchAction","target":{"@type":"EntryPoint","urlTemplate":"https:\/\/onlinelotto365.com\/cs\/?s={search_term_string}"},"query-input":{"@type":"PropertyValueSpecification","valueRequired":true,"valueName":"search_term_string"}}],"inLanguage":"cs"}]}},"_links":{"self":[{"href":"https:\/\/onlinelotto365.com\/cs\/wp-json\/wp\/v2\/pages\/5559","targetHints":{"allow":["GET"]}}],"collection":[{"href":"https:\/\/onlinelotto365.com\/cs\/wp-json\/wp\/v2\/pages"}],"about":[{"href":"https:\/\/onlinelotto365.com\/cs\/wp-json\/wp\/v2\/types\/page"}],"author":[{"embeddable":true,"href":"https:\/\/onlinelotto365.com\/cs\/wp-json\/wp\/v2\/users\/1"}],"replies":[{"embeddable":true,"href":"https:\/\/onlinelotto365.com\/cs\/wp-json\/wp\/v2\/comments?post=5559"}],"version-history":[{"count":0,"href":"https:\/\/onlinelotto365.com\/cs\/wp-json\/wp\/v2\/pages\/5559\/revisions"}],"wp:attachment":[{"href":"https:\/\/onlinelotto365.com\/cs\/wp-json\/wp\/v2\/media?parent=5559"}],"curies":[{"name":"wp","href":"https:\/\/api.w.org\/{rel}","templated":true}]}}