{"id":5824,"date":"2020-12-05T09:15:04","date_gmt":"2020-12-05T08:15:04","guid":{"rendered":"http:\/\/onlinelotto365.net\/?page_id=5824"},"modified":"2021-02-25T15:42:58","modified_gmt":"2021-02-25T14:42:58","slug":"vyherni-cisla","status":"publish","type":"page","link":"https:\/\/onlinelotto365.com\/cs\/vyherni-cisla\/","title":{"rendered":"Najd\u011bte v\u00fdhern\u00ed \u010d\u00edsla a v\u00fdsledky nejnov\u011bj\u0161\u00edch loteri\u00ed"},"content":{"rendered":"<p>Hled\u00e1te v\u00fdsledky mezin\u00e1rodn\u00edch loteri\u00ed? Zjist\u011bte si v\u00fdhern\u00ed \u010d\u00edsla t\u011bch nejv\u011bt\u0161\u00edch mezin\u00e1rodn\u00edch loteri\u00ed na sv\u011bt\u011b. Tyto webov\u00e9 str\u00e1nky jsou neust\u00e1le aktualizov\u00e1ny, tak\u017ee se na n\u011b m\u016f\u017eete vr\u00e1tit kdykoliv budete pot\u0159ebovat nov\u00e9 v\u00fdsledky. Pokud jste se jak\u00e9koliv z nab\u00edzen\u00fdch mezin\u00e1rodn\u00edch loteri\u00ed z\u00fa\u010dastnili, douf\u00e1me, \u017ee je va\u0161e kombinace tou v\u00edt\u011bznou!<\/p>\n<p><a href=\"https:\/\/redfoxlotto.com\/cs\/?ref=a8564250a2&amp;medium=ol365\" target=\"_blank\" rel=\"noopener noreferrer\"><img loading=\"lazy\" decoding=\"async\" class=\"aligncenter\" src=\"https:\/\/redfoxlotto.com\/image?size=8&amp;lottery=eurojackpot\" alt=\"eurojackpot\" width=\"720\" height=\"90\" \/><\/a><\/p>\n<p>D\u016fle\u017eit\u011bj\u0161\u00ed je ov\u0161em to, \u017ee jste pravd\u011bpodobn\u011b nev\u011bd\u011bli, \u017ee m\u00e1te mo\u017enost z\u00fa\u010dastnit se jak\u00e9koliv loterie na planet\u011b. Ano, \u010dtete spr\u00e1vn\u011b, nyn\u00ed se m\u016f\u017eete z\u00fa\u010dastnit i loteri\u00ed mimo va\u0161i zemi. A\u0165 u\u017e v\u00e1s zaj\u00edm\u00e1 Powerball, Mega Millions, Euromillions \u010di jak\u00e1koliv jinou nab\u00edzenou loterii, m\u016f\u017eete si v rychlosti zakoupit los! Proto, abyste se z\u00fa\u010dastnili, sta\u010d\u00ed kliknout na \u201ePlay\u201c u va\u0161\u00ed obl\u00edben\u00e9 loterie a po\u010dkat n\u011bkolik minut, dokud v\u00e1m neobstar\u00e1me los. Doporu\u010dujeme v\u00e1m, abyste si loterie vyb\u00edrali podle velikosti jackpotu!<\/p>\n<p>&nbsp;<\/p>\n<p>&nbsp;<\/p>\n<p>&nbsp;<\/p>\n","protected":false},"excerpt":{"rendered":"<p>Hled\u00e1te v\u00fdsledky mezin\u00e1rodn\u00edch loteri\u00ed? Zjist\u011bte si v\u00fdhern\u00ed \u010d\u00edsla t\u011bch nejv\u011bt\u0161\u00edch mezin\u00e1rodn\u00edch loteri\u00ed na sv\u011bt\u011b. Tyto webov\u00e9 str\u00e1nky jsou neust\u00e1le aktualizov\u00e1ny, tak\u017ee se na n\u011b m\u016f\u017eete vr\u00e1tit kdykoliv budete pot\u0159ebovat nov\u00e9 v\u00fdsledky. Pokud jste se jak\u00e9koliv z nab\u00edzen\u00fdch mezin\u00e1rodn\u00edch loteri\u00ed z\u00fa\u010dastnili, douf\u00e1me, \u017ee je va\u0161e kombinace tou v\u00edt\u011bznou! D\u016fle\u017eit\u011bj\u0161\u00ed je ov\u0161em to, \u017ee jste pravd\u011bpodobn\u011b nev\u011bd\u011bli, [&hellip;]<\/p>\n","protected":false},"author":1,"featured_media":0,"parent":0,"menu_order":4,"comment_status":"closed","ping_status":"closed","template":"Results.php","meta":{"_et_pb_use_builder":"","_et_pb_old_content":"","_et_gb_content_width":"","exclude_from_search":false,"footnotes":""},"class_list":["post-5824","page","type-page","status-publish","hentry"],"yoast_head":"<!-- This site is optimized with the Yoast SEO plugin v23.4 - https:\/\/yoast.com\/wordpress\/plugins\/seo\/ -->\n<title>V\u00fdhern\u00ed \u010d\u00edsla t\u011bch nejv\u011bt\u0161\u00edch loteri\u00ed<\/title>\n<meta name=\"description\" content=\"V\u00fdsledky loterie a v\u00fdhern\u00ed \u010d\u00edsla nejv\u011bt\u0161\u00edch loteri\u00ed z tohoto t\u00fddne najdete zde\" \/>\n<meta name=\"robots\" content=\"index, follow, max-snippet:-1, max-image-preview:large, max-video-preview:-1\" \/>\n<link rel=\"canonical\" href=\"https:\/\/onlinelotto365.com\/cs\/vyherni-cisla\/\" \/>\n<meta property=\"og:locale\" content=\"cs_CZ\" \/>\n<meta property=\"og:type\" content=\"article\" \/>\n<meta property=\"og:title\" content=\"V\u00fdhern\u00ed \u010d\u00edsla t\u011bch nejv\u011bt\u0161\u00edch loteri\u00ed\" \/>\n<meta property=\"og:description\" content=\"V\u00fdsledky loterie a v\u00fdhern\u00ed \u010d\u00edsla nejv\u011bt\u0161\u00edch loteri\u00ed z tohoto t\u00fddne najdete zde\" \/>\n<meta property=\"og:url\" content=\"https:\/\/onlinelotto365.com\/cs\/vyherni-cisla\/\" \/>\n<meta property=\"og:site_name\" content=\"OnlineLotto365\" \/>\n<meta property=\"article:modified_time\" content=\"2021-02-25T14:42:58+00:00\" \/>\n<meta property=\"og:image\" content=\"https:\/\/redfoxlotto.com\/image?size=8&amp;lottery=eurojackpot\" \/>\n<meta name=\"twitter:card\" content=\"summary_large_image\" \/>\n<meta name=\"twitter:label1\" content=\"Odhadovan\u00e1 doba \u010dten\u00ed\" \/>\n\t<meta name=\"twitter:data1\" content=\"1 minuta\" \/>\n<script type=\"application\/ld+json\" class=\"yoast-schema-graph\">{\"@context\":\"https:\/\/schema.org\",\"@graph\":[{\"@type\":\"WebPage\",\"@id\":\"https:\/\/onlinelotto365.com\/cs\/vyherni-cisla\/\",\"url\":\"https:\/\/onlinelotto365.com\/cs\/vyherni-cisla\/\",\"name\":\"V\u00fdhern\u00ed \u010d\u00edsla t\u011bch nejv\u011bt\u0161\u00edch loteri\u00ed\",\"isPartOf\":{\"@id\":\"https:\/\/onlinelotto365.com\/cs\/#website\"},\"primaryImageOfPage\":{\"@id\":\"https:\/\/onlinelotto365.com\/cs\/vyherni-cisla\/#primaryimage\"},\"image\":{\"@id\":\"https:\/\/onlinelotto365.com\/cs\/vyherni-cisla\/#primaryimage\"},\"thumbnailUrl\":\"https:\/\/redfoxlotto.com\/image?size=8&amp;lottery=eurojackpot\",\"datePublished\":\"2020-12-05T08:15:04+00:00\",\"dateModified\":\"2021-02-25T14:42:58+00:00\",\"description\":\"V\u00fdsledky loterie a v\u00fdhern\u00ed \u010d\u00edsla nejv\u011bt\u0161\u00edch loteri\u00ed z tohoto t\u00fddne najdete zde\",\"breadcrumb\":{\"@id\":\"https:\/\/onlinelotto365.com\/cs\/vyherni-cisla\/#breadcrumb\"},\"inLanguage\":\"cs\",\"potentialAction\":[{\"@type\":\"ReadAction\",\"target\":[\"https:\/\/onlinelotto365.com\/cs\/vyherni-cisla\/\"]}]},{\"@type\":\"ImageObject\",\"inLanguage\":\"cs\",\"@id\":\"https:\/\/onlinelotto365.com\/cs\/vyherni-cisla\/#primaryimage\",\"url\":\"https:\/\/redfoxlotto.com\/image?size=8&amp;lottery=eurojackpot\",\"contentUrl\":\"https:\/\/redfoxlotto.com\/image?size=8&amp;lottery=eurojackpot\"},{\"@type\":\"BreadcrumbList\",\"@id\":\"https:\/\/onlinelotto365.com\/cs\/vyherni-cisla\/#breadcrumb\",\"itemListElement\":[{\"@type\":\"ListItem\",\"position\":1,\"name\":\"Home\",\"item\":\"https:\/\/onlinelotto365.com\/cs\/\"},{\"@type\":\"ListItem\",\"position\":2,\"name\":\"Najd\u011bte v\u00fdhern\u00ed \u010d\u00edsla a v\u00fdsledky nejnov\u011bj\u0161\u00edch loteri\u00ed\"}]},{\"@type\":\"WebSite\",\"@id\":\"https:\/\/onlinelotto365.com\/cs\/#website\",\"url\":\"https:\/\/onlinelotto365.com\/cs\/\",\"name\":\"OnlineLotto365\",\"description\":\"\",\"potentialAction\":[{\"@type\":\"SearchAction\",\"target\":{\"@type\":\"EntryPoint\",\"urlTemplate\":\"https:\/\/onlinelotto365.com\/cs\/?s={search_term_string}\"},\"query-input\":{\"@type\":\"PropertyValueSpecification\",\"valueRequired\":true,\"valueName\":\"search_term_string\"}}],\"inLanguage\":\"cs\"}]}<\/script>\n<!-- \/ Yoast SEO plugin. -->","yoast_head_json":{"title":"V\u00fdhern\u00ed \u010d\u00edsla t\u011bch nejv\u011bt\u0161\u00edch loteri\u00ed","description":"V\u00fdsledky loterie a v\u00fdhern\u00ed \u010d\u00edsla nejv\u011bt\u0161\u00edch loteri\u00ed z tohoto t\u00fddne najdete zde","robots":{"index":"index","follow":"follow","max-snippet":"max-snippet:-1","max-image-preview":"max-image-preview:large","max-video-preview":"max-video-preview:-1"},"canonical":"https:\/\/onlinelotto365.com\/cs\/vyherni-cisla\/","og_locale":"cs_CZ","og_type":"article","og_title":"V\u00fdhern\u00ed \u010d\u00edsla t\u011bch nejv\u011bt\u0161\u00edch loteri\u00ed","og_description":"V\u00fdsledky loterie a v\u00fdhern\u00ed \u010d\u00edsla nejv\u011bt\u0161\u00edch loteri\u00ed z tohoto t\u00fddne najdete zde","og_url":"https:\/\/onlinelotto365.com\/cs\/vyherni-cisla\/","og_site_name":"OnlineLotto365","article_modified_time":"2021-02-25T14:42:58+00:00","og_image":[{"url":"https:\/\/redfoxlotto.com\/image?size=8&amp;lottery=eurojackpot"}],"twitter_card":"summary_large_image","twitter_misc":{"Odhadovan\u00e1 doba \u010dten\u00ed":"1 minuta"},"schema":{"@context":"https:\/\/schema.org","@graph":[{"@type":"WebPage","@id":"https:\/\/onlinelotto365.com\/cs\/vyherni-cisla\/","url":"https:\/\/onlinelotto365.com\/cs\/vyherni-cisla\/","name":"V\u00fdhern\u00ed \u010d\u00edsla t\u011bch nejv\u011bt\u0161\u00edch loteri\u00ed","isPartOf":{"@id":"https:\/\/onlinelotto365.com\/cs\/#website"},"primaryImageOfPage":{"@id":"https:\/\/onlinelotto365.com\/cs\/vyherni-cisla\/#primaryimage"},"image":{"@id":"https:\/\/onlinelotto365.com\/cs\/vyherni-cisla\/#primaryimage"},"thumbnailUrl":"https:\/\/redfoxlotto.com\/image?size=8&amp;lottery=eurojackpot","datePublished":"2020-12-05T08:15:04+00:00","dateModified":"2021-02-25T14:42:58+00:00","description":"V\u00fdsledky loterie a v\u00fdhern\u00ed \u010d\u00edsla nejv\u011bt\u0161\u00edch loteri\u00ed z tohoto t\u00fddne najdete zde","breadcrumb":{"@id":"https:\/\/onlinelotto365.com\/cs\/vyherni-cisla\/#breadcrumb"},"inLanguage":"cs","potentialAction":[{"@type":"ReadAction","target":["https:\/\/onlinelotto365.com\/cs\/vyherni-cisla\/"]}]},{"@type":"ImageObject","inLanguage":"cs","@id":"https:\/\/onlinelotto365.com\/cs\/vyherni-cisla\/#primaryimage","url":"https:\/\/redfoxlotto.com\/image?size=8&amp;lottery=eurojackpot","contentUrl":"https:\/\/redfoxlotto.com\/image?size=8&amp;lottery=eurojackpot"},{"@type":"BreadcrumbList","@id":"https:\/\/onlinelotto365.com\/cs\/vyherni-cisla\/#breadcrumb","itemListElement":[{"@type":"ListItem","position":1,"name":"Home","item":"https:\/\/onlinelotto365.com\/cs\/"},{"@type":"ListItem","position":2,"name":"Najd\u011bte v\u00fdhern\u00ed \u010d\u00edsla a v\u00fdsledky nejnov\u011bj\u0161\u00edch loteri\u00ed"}]},{"@type":"WebSite","@id":"https:\/\/onlinelotto365.com\/cs\/#website","url":"https:\/\/onlinelotto365.com\/cs\/","name":"OnlineLotto365","description":"","potentialAction":[{"@type":"SearchAction","target":{"@type":"EntryPoint","urlTemplate":"https:\/\/onlinelotto365.com\/cs\/?s={search_term_string}"},"query-input":{"@type":"PropertyValueSpecification","valueRequired":true,"valueName":"search_term_string"}}],"inLanguage":"cs"}]}},"_links":{"self":[{"href":"https:\/\/onlinelotto365.com\/cs\/wp-json\/wp\/v2\/pages\/5824","targetHints":{"allow":["GET"]}}],"collection":[{"href":"https:\/\/onlinelotto365.com\/cs\/wp-json\/wp\/v2\/pages"}],"about":[{"href":"https:\/\/onlinelotto365.com\/cs\/wp-json\/wp\/v2\/types\/page"}],"author":[{"embeddable":true,"href":"https:\/\/onlinelotto365.com\/cs\/wp-json\/wp\/v2\/users\/1"}],"replies":[{"embeddable":true,"href":"https:\/\/onlinelotto365.com\/cs\/wp-json\/wp\/v2\/comments?post=5824"}],"version-history":[{"count":0,"href":"https:\/\/onlinelotto365.com\/cs\/wp-json\/wp\/v2\/pages\/5824\/revisions"}],"wp:attachment":[{"href":"https:\/\/onlinelotto365.com\/cs\/wp-json\/wp\/v2\/media?parent=5824"}],"curies":[{"name":"wp","href":"https:\/\/api.w.org\/{rel}","templated":true}]}}