{"id":74178,"date":"2022-11-01T11:03:28","date_gmt":"2022-11-01T10:03:28","guid":{"rendered":"https:\/\/onlinelotto365.com\/?page_id=74178"},"modified":"2022-11-03T09:26:30","modified_gmt":"2022-11-03T08:26:30","slug":"saturday-lotto-australia","status":"publish","type":"page","link":"https:\/\/onlinelotto365.com\/cs\/hrat\/saturday-lotto-australia\/","title":{"rendered":"Hr\u00e1t v sobotu Lotto Austr\u00e1lie je jen jednou z mo\u017enost\u00ed pro loterijn\u00ed fanou\u0161ky z \u010cesk\u00e9 republiky"},"content":{"rendered":"<h2>Jak hr\u00e1t Saturday Lotto Australia online<\/h2>\n<p>Pokud \u017eijete v \u010cesk\u00e9 republice nebo jinde, zjist\u00edte, \u017ee hr\u00e1t Saturday Lotto Australia nen\u00ed tak obt\u00ed\u017en\u00e9, jak byste si mohli myslet. Nav\u00edc budete m\u00edt mo\u017enosti z\u00edskat tikety, kter\u00e9 chcete, ani\u017e byste u toho museli str\u00e1vit spoustu \u010dasu, co m\u016f\u017ee b\u00fdt lep\u0161\u00edho?<\/p>\n<p>No a velkou v\u00fdhodou bude ur\u010dit\u011b i to, \u017ee v\u00e1m na t\u00e9to cest\u011b pom\u016f\u017eeme. M\u016f\u017eete si vybrat v\u0161echny mo\u017enosti, kter\u00e9 chcete, vytvo\u0159it si \u00fa\u010det, zakoupit vstupenky a v\u0161e ostatn\u00ed, co pot\u0159ebujete, s preferovanou platebn\u00ed metodou b\u011bhem chvilky. A my se postar\u00e1me o to, aby pro v\u00e1s tyto vstupenky byly p\u0159ipraveny, a\u017e p\u0159ijde losov\u00e1n\u00ed.<\/p>\n<p>Sta\u010d\u00ed si jen prohl\u00e9dnout r\u016fzn\u00e9 mo\u017enosti loterie a vybrat si Saturday Lotto Australia. Jakmile tak u\u010din\u00edte, dostanete mo\u017enost vybrat si \u010d\u00edsla pro ka\u017ed\u00fd tiket, kter\u00e1 chcete.<br \/>\nNemus\u00edte se v\u0161ak ob\u00e1vat, \u017ee byste vybrali \u0161patn\u00e9 mno\u017estv\u00ed \u010d\u00edsel, proto\u017ee syst\u00e9m v\u00e1s povede tak, abyste z\u00edskali pr\u00e1v\u011b to spr\u00e1vn\u00e9 mno\u017estv\u00ed. A pokud si nejste tak jist\u00ed, jak\u00e1 \u010d\u00edsla chcete, m\u016f\u017eete zvolit rychl\u00fd v\u00fdb\u011br a nechat po\u010d\u00edta\u010d, aby \u010d\u00edsla vybral za v\u00e1s.<\/p>\n<p>Jakmile m\u00e1te sv\u00e9 l\u00edstky, m\u016f\u017eete si vybrat, zda chcete p\u0159idat dal\u0161\u00ed, vybrat si l\u00edstky na jinou hru, nebo je jen p\u0159idat do objedn\u00e1vky a p\u0159ipravit se na n\u00e1kup. Pokladn\u00ed proces je navr\u017een tak, aby byl co nejjednodu\u0161\u0161\u00ed, tak\u017ee m\u016f\u017eete l\u00edstky zaplatit a v m\u017eiku se vydat na cestu. Jedin\u00e9, co mus\u00edte ud\u011blat, je vytvo\u0159it si \u00fa\u010det.<\/p>\n<p>Vytvo\u0159en\u00ed \u00fa\u010dtu je hra\u010dka, proto\u017ee nepot\u0159ebujeme mnoho informac\u00ed. A pak v\u00e1m po\u0161leme ov\u011b\u0159ovac\u00ed e-mail, abyste mohli sv\u016fj \u00fa\u010det dokon\u010dit. M\u011bjte na pam\u011bti, \u017ee m\u016f\u017ee skon\u010dit ve slo\u017ece spamu (co\u017e znamen\u00e1, \u017ee si n\u00e1s mus\u00edte p\u0159idat do adres\u00e1\u0159e), a t\u00edm z\u00edsk\u00e1te \u00fa\u010det a mo\u017enost nakupovat dal\u0161\u00ed vstupenky, kdykoli budete cht\u00edt.<\/p>\n<p><a href=\"https:\/\/redfoxlotto.com\/play\/saturday-lotto-au\/?ref=a8564250a2&amp;medium=ol365\" target=\"_blank\" rel=\"noopener noreferrer\"><img decoding=\"async\" class=\"aligncenter\" src=\"https:\/\/redfoxlotto.com\/image?size=8&amp;lottery=saturday-lotto-au\" alt=\"Saturday Lotto Austr\u00e1lie\" \/><\/a><\/p>\n<h2>O Saturday Lotto Australia<\/h2>\n<ul>\n<li>Zem\u011b: .<\/li>\n<li>Rozsah hlavn\u00edch \u010d\u00edsel: 45<\/li>\n<li>Mus\u00edte si vybrat: 6<\/li>\n<li>Dny, hodiny slosov\u00e1n\u00ed: Sobota, 21:30 GMT+11 &#8211; 10:30 CET<\/li>\n<li>Jackpot za\u010d\u00edn\u00e1 v: AU$.<\/li>\n<li>Jackpot je omezen na: AU$.<\/li>\n<li>\u0160ance na v\u00fdhru: 1 ku 8145060<\/li>\n<li>\u0160ance na v\u00fdhru druh\u00e9 ceny: 1 ku 678755<\/li>\n<li>\u0160ance na v\u00fdhru libovoln\u00e9 ceny: 1 ku 85,44<\/li>\n<li>Po\u010det v\u00fdhern\u00edch kategori\u00ed: 1: 6<\/li>\n<\/ul>\n<h2>Nejlep\u0161\u00ed vlastnosti Saturday Lotto Australia<\/h2>\n<p>Saturday Lotto Australia nab\u00edz\u00ed spoustu \u0161anc\u00ed na v\u00fdhru a n\u011bkolikamilionov\u00e9 jackpoty. Je\u0161t\u011b lep\u0161\u00ed je, \u017ee v ka\u017ed\u00e9m losov\u00e1n\u00ed vyhr\u00e1vaj\u00ed statis\u00edce v\u00fdherc\u016f. M\u016f\u017eete vyhr\u00e1t malou cenu ni\u017e\u0161\u00ed ne\u017e 10 dolar\u016f nebo velk\u00e9 v\u00fdhry, kter\u00e9 se pohybuj\u00ed v \u0159\u00e1du statis\u00edc\u016f dolar\u016f. Sta\u010d\u00ed jen vybrat spr\u00e1vn\u00e1 \u010d\u00edsla.<\/p>\n<h2>Jak zkontrolovat v\u00fdsledky Saturday Lotto Australia<\/h2>\n<p>Kdy\u017e p\u0159ijde \u010das zkontrolovat v\u00fdsledky Saturday Lotto Australia, m\u00e1te n\u011bkolik r\u016fzn\u00fdch mo\u017enost\u00ed. Prvn\u00ed z nich je pod\u00edvat se na ofici\u00e1ln\u00ed webov\u00e9 str\u00e1nky loterie. Na nich jsou v\u017edy po vylosov\u00e1n\u00ed zve\u0159ejn\u011bna vylosovan\u00e1 \u010d\u00edsla.<br \/>\nM\u016f\u017eete se v\u0161ak tak\u00e9 pod\u00edvat do m\u00edstn\u00edch novin a na televizn\u00ed kan\u00e1ly, pokud \u017eijete v m\u00edst\u011b. Samoz\u0159ejm\u011b nejjednodu\u0161\u0161\u00ed a nejlep\u0161\u00ed zp\u016fsob kontroly je vr\u00e1tit se na na\u0161e webov\u00e9 str\u00e1nky a p\u0159ihl\u00e1sit se ke sv\u00e9mu \u00fa\u010dtu. Tam si budete moci prohl\u00e9dnout nejnov\u011bj\u0161\u00ed vylosovan\u00e1 \u010d\u00edsla a tak\u00e9 je porovnat se sv\u00fdmi vlastn\u00edmi.<\/p>\n<h2>Hr\u00e1li jste Saturday Lotto Australia online a vyhr\u00e1li jste &#8211; co bude d\u00e1l?<\/h2>\n<p>Vyhr\u00e1li jste n\u011bco p\u0159i posledn\u00edm losov\u00e1n\u00ed? Pokud ano, budete cht\u00edt v\u011bd\u011bt kolik a to ovlivn\u00ed zp\u016fsob, jak\u00fdm z\u00edsk\u00e1te sv\u00e9 pen\u00edze. Jak\u00e1koli \u010d\u00e1stka ni\u017e\u0161\u00ed ne\u017e 2500 \u20ac m\u016f\u017ee b\u00fdt p\u0159evedena p\u0159\u00edmo na v\u00e1\u0161 \u00fa\u010det, a to. To znamen\u00e1, \u017ee s n\u00ed m\u016f\u017eete d\u011blat, co se v\u00e1m zl\u00edb\u00ed, od v\u00fdb\u011bru (pokud je vy\u0161\u0161\u00ed ne\u017e 10 \u20ac) a\u017e po n\u00e1kup n\u011bkolika dal\u0161\u00edch tiket\u016f pro tuto nebo jinou hru, kterou chcete.<br \/>\nNa druhou stranu, pokud jste m\u011bli to \u0161t\u011bst\u00ed a vyhr\u00e1li v\u00edce ne\u017e 2500 \u20ac, pom\u016f\u017eeme v\u00e1m s procesem vyzvednut\u00ed v\u00fdhry, co\u017e vy\u017eaduje trochu v\u00edce \u00fasil\u00ed. Pro tento proces budete muset vyplnit formul\u00e1\u0159 \u017e\u00e1dosti o v\u00fdhru pro loterijn\u00ed komisi a rozhodnout se, zda chcete, aby v\u00e1m byly pen\u00edze zasl\u00e1ny bankovn\u00edm p\u0159evodem nebo \u0161ekem. Z\u00e1le\u017e\u00ed pouze na v\u00e1s.<\/p>\n","protected":false},"excerpt":{"rendered":"<p>Jak hr\u00e1t Saturday Lotto Australia online Pokud \u017eijete v \u010cesk\u00e9 republice nebo jinde, zjist\u00edte, \u017ee hr\u00e1t Saturday Lotto Australia nen\u00ed tak obt\u00ed\u017en\u00e9, jak byste si mohli myslet. Nav\u00edc budete m\u00edt mo\u017enosti z\u00edskat tikety, kter\u00e9 chcete, ani\u017e byste u toho museli str\u00e1vit spoustu \u010dasu, co m\u016f\u017ee b\u00fdt lep\u0161\u00edho? No a velkou v\u00fdhodou bude ur\u010dit\u011b i to, [&hellip;]<\/p>\n","protected":false},"author":1,"featured_media":0,"parent":5012,"menu_order":15,"comment_status":"closed","ping_status":"closed","template":"saturday-lotto.php","meta":{"_et_pb_use_builder":"","_et_pb_old_content":"","_et_gb_content_width":"","exclude_from_search":false,"footnotes":""},"class_list":["post-74178","page","type-page","status-publish","hentry"],"yoast_head":"<!-- This site is optimized with the Yoast SEO plugin v23.4 - https:\/\/yoast.com\/wordpress\/plugins\/seo\/ -->\n<title>Na\u0161e slu\u017eba umo\u017e\u0148uje hr\u00e1t Saturday Lotto Australia online z \u010cesk\u00e1 republika<\/title>\n<meta name=\"description\" content=\"Sobotn\u00ed lotto je i v Austr\u00e1lii - zahrajte si ho nyn\u00ed online\" \/>\n<meta name=\"robots\" content=\"index, follow, max-snippet:-1, max-image-preview:large, max-video-preview:-1\" \/>\n<link rel=\"canonical\" href=\"https:\/\/onlinelotto365.com\/cs\/hrat\/saturday-lotto-australia\/\" \/>\n<meta property=\"og:locale\" content=\"cs_CZ\" \/>\n<meta property=\"og:type\" content=\"article\" \/>\n<meta property=\"og:title\" content=\"Na\u0161e slu\u017eba umo\u017e\u0148uje hr\u00e1t Saturday Lotto Australia online z \u010cesk\u00e1 republika\" \/>\n<meta property=\"og:description\" content=\"Sobotn\u00ed lotto je i v Austr\u00e1lii - zahrajte si ho nyn\u00ed online\" \/>\n<meta property=\"og:url\" content=\"https:\/\/onlinelotto365.com\/cs\/hrat\/saturday-lotto-australia\/\" \/>\n<meta property=\"og:site_name\" content=\"OnlineLotto365\" \/>\n<meta property=\"article:modified_time\" content=\"2022-11-03T08:26:30+00:00\" \/>\n<meta property=\"og:image\" content=\"https:\/\/redfoxlotto.com\/image?size=8&amp;lottery=saturday-lotto-au\" \/>\n<meta name=\"twitter:card\" content=\"summary_large_image\" \/>\n<meta name=\"twitter:label1\" content=\"Odhadovan\u00e1 doba \u010dten\u00ed\" \/>\n\t<meta name=\"twitter:data1\" content=\"3 minuty\" \/>\n<script type=\"application\/ld+json\" class=\"yoast-schema-graph\">{\"@context\":\"https:\/\/schema.org\",\"@graph\":[{\"@type\":\"WebPage\",\"@id\":\"https:\/\/onlinelotto365.com\/cs\/hrat\/saturday-lotto-australia\/\",\"url\":\"https:\/\/onlinelotto365.com\/cs\/hrat\/saturday-lotto-australia\/\",\"name\":\"Na\u0161e slu\u017eba umo\u017e\u0148uje hr\u00e1t Saturday Lotto Australia online z \u010cesk\u00e1 republika\",\"isPartOf\":{\"@id\":\"https:\/\/onlinelotto365.com\/cs\/#website\"},\"primaryImageOfPage\":{\"@id\":\"https:\/\/onlinelotto365.com\/cs\/hrat\/saturday-lotto-australia\/#primaryimage\"},\"image\":{\"@id\":\"https:\/\/onlinelotto365.com\/cs\/hrat\/saturday-lotto-australia\/#primaryimage\"},\"thumbnailUrl\":\"https:\/\/redfoxlotto.com\/image?size=8&amp;lottery=saturday-lotto-au\",\"datePublished\":\"2022-11-01T10:03:28+00:00\",\"dateModified\":\"2022-11-03T08:26:30+00:00\",\"description\":\"Sobotn\u00ed lotto je i v Austr\u00e1lii - zahrajte si ho nyn\u00ed online\",\"breadcrumb\":{\"@id\":\"https:\/\/onlinelotto365.com\/cs\/hrat\/saturday-lotto-australia\/#breadcrumb\"},\"inLanguage\":\"cs\",\"potentialAction\":[{\"@type\":\"ReadAction\",\"target\":[\"https:\/\/onlinelotto365.com\/cs\/hrat\/saturday-lotto-australia\/\"]}]},{\"@type\":\"ImageObject\",\"inLanguage\":\"cs\",\"@id\":\"https:\/\/onlinelotto365.com\/cs\/hrat\/saturday-lotto-australia\/#primaryimage\",\"url\":\"https:\/\/redfoxlotto.com\/image?size=8&amp;lottery=saturday-lotto-au\",\"contentUrl\":\"https:\/\/redfoxlotto.com\/image?size=8&amp;lottery=saturday-lotto-au\"},{\"@type\":\"BreadcrumbList\",\"@id\":\"https:\/\/onlinelotto365.com\/cs\/hrat\/saturday-lotto-australia\/#breadcrumb\",\"itemListElement\":[{\"@type\":\"ListItem\",\"position\":1,\"name\":\"Home\",\"item\":\"https:\/\/onlinelotto365.com\/cs\/\"},{\"@type\":\"ListItem\",\"position\":2,\"name\":\"V\u0161e, co mus\u00edte v\u011bd\u011bt o mo\u017enostech hran\u00ed nejlep\u0161\u00edch loteri\u00ed online\",\"item\":\"https:\/\/onlinelotto365.com\/cs\/play\/\"},{\"@type\":\"ListItem\",\"position\":3,\"name\":\"Hr\u00e1t v sobotu Lotto Austr\u00e1lie je jen jednou z mo\u017enost\u00ed pro loterijn\u00ed fanou\u0161ky z \u010cesk\u00e9 republiky\"}]},{\"@type\":\"WebSite\",\"@id\":\"https:\/\/onlinelotto365.com\/cs\/#website\",\"url\":\"https:\/\/onlinelotto365.com\/cs\/\",\"name\":\"OnlineLotto365\",\"description\":\"\",\"potentialAction\":[{\"@type\":\"SearchAction\",\"target\":{\"@type\":\"EntryPoint\",\"urlTemplate\":\"https:\/\/onlinelotto365.com\/cs\/?s={search_term_string}\"},\"query-input\":{\"@type\":\"PropertyValueSpecification\",\"valueRequired\":true,\"valueName\":\"search_term_string\"}}],\"inLanguage\":\"cs\"}]}<\/script>\n<!-- \/ Yoast SEO plugin. -->","yoast_head_json":{"title":"Na\u0161e slu\u017eba umo\u017e\u0148uje hr\u00e1t Saturday Lotto Australia online z \u010cesk\u00e1 republika","description":"Sobotn\u00ed lotto je i v Austr\u00e1lii - zahrajte si ho nyn\u00ed online","robots":{"index":"index","follow":"follow","max-snippet":"max-snippet:-1","max-image-preview":"max-image-preview:large","max-video-preview":"max-video-preview:-1"},"canonical":"https:\/\/onlinelotto365.com\/cs\/hrat\/saturday-lotto-australia\/","og_locale":"cs_CZ","og_type":"article","og_title":"Na\u0161e slu\u017eba umo\u017e\u0148uje hr\u00e1t Saturday Lotto Australia online z \u010cesk\u00e1 republika","og_description":"Sobotn\u00ed lotto je i v Austr\u00e1lii - zahrajte si ho nyn\u00ed online","og_url":"https:\/\/onlinelotto365.com\/cs\/hrat\/saturday-lotto-australia\/","og_site_name":"OnlineLotto365","article_modified_time":"2022-11-03T08:26:30+00:00","og_image":[{"url":"https:\/\/redfoxlotto.com\/image?size=8&amp;lottery=saturday-lotto-au"}],"twitter_card":"summary_large_image","twitter_misc":{"Odhadovan\u00e1 doba \u010dten\u00ed":"3 minuty"},"schema":{"@context":"https:\/\/schema.org","@graph":[{"@type":"WebPage","@id":"https:\/\/onlinelotto365.com\/cs\/hrat\/saturday-lotto-australia\/","url":"https:\/\/onlinelotto365.com\/cs\/hrat\/saturday-lotto-australia\/","name":"Na\u0161e slu\u017eba umo\u017e\u0148uje hr\u00e1t Saturday Lotto Australia online z \u010cesk\u00e1 republika","isPartOf":{"@id":"https:\/\/onlinelotto365.com\/cs\/#website"},"primaryImageOfPage":{"@id":"https:\/\/onlinelotto365.com\/cs\/hrat\/saturday-lotto-australia\/#primaryimage"},"image":{"@id":"https:\/\/onlinelotto365.com\/cs\/hrat\/saturday-lotto-australia\/#primaryimage"},"thumbnailUrl":"https:\/\/redfoxlotto.com\/image?size=8&amp;lottery=saturday-lotto-au","datePublished":"2022-11-01T10:03:28+00:00","dateModified":"2022-11-03T08:26:30+00:00","description":"Sobotn\u00ed lotto je i v Austr\u00e1lii - zahrajte si ho nyn\u00ed online","breadcrumb":{"@id":"https:\/\/onlinelotto365.com\/cs\/hrat\/saturday-lotto-australia\/#breadcrumb"},"inLanguage":"cs","potentialAction":[{"@type":"ReadAction","target":["https:\/\/onlinelotto365.com\/cs\/hrat\/saturday-lotto-australia\/"]}]},{"@type":"ImageObject","inLanguage":"cs","@id":"https:\/\/onlinelotto365.com\/cs\/hrat\/saturday-lotto-australia\/#primaryimage","url":"https:\/\/redfoxlotto.com\/image?size=8&amp;lottery=saturday-lotto-au","contentUrl":"https:\/\/redfoxlotto.com\/image?size=8&amp;lottery=saturday-lotto-au"},{"@type":"BreadcrumbList","@id":"https:\/\/onlinelotto365.com\/cs\/hrat\/saturday-lotto-australia\/#breadcrumb","itemListElement":[{"@type":"ListItem","position":1,"name":"Home","item":"https:\/\/onlinelotto365.com\/cs\/"},{"@type":"ListItem","position":2,"name":"V\u0161e, co mus\u00edte v\u011bd\u011bt o mo\u017enostech hran\u00ed nejlep\u0161\u00edch loteri\u00ed online","item":"https:\/\/onlinelotto365.com\/cs\/play\/"},{"@type":"ListItem","position":3,"name":"Hr\u00e1t v sobotu Lotto Austr\u00e1lie je jen jednou z mo\u017enost\u00ed pro loterijn\u00ed fanou\u0161ky z \u010cesk\u00e9 republiky"}]},{"@type":"WebSite","@id":"https:\/\/onlinelotto365.com\/cs\/#website","url":"https:\/\/onlinelotto365.com\/cs\/","name":"OnlineLotto365","description":"","potentialAction":[{"@type":"SearchAction","target":{"@type":"EntryPoint","urlTemplate":"https:\/\/onlinelotto365.com\/cs\/?s={search_term_string}"},"query-input":{"@type":"PropertyValueSpecification","valueRequired":true,"valueName":"search_term_string"}}],"inLanguage":"cs"}]}},"_links":{"self":[{"href":"https:\/\/onlinelotto365.com\/cs\/wp-json\/wp\/v2\/pages\/74178","targetHints":{"allow":["GET"]}}],"collection":[{"href":"https:\/\/onlinelotto365.com\/cs\/wp-json\/wp\/v2\/pages"}],"about":[{"href":"https:\/\/onlinelotto365.com\/cs\/wp-json\/wp\/v2\/types\/page"}],"author":[{"embeddable":true,"href":"https:\/\/onlinelotto365.com\/cs\/wp-json\/wp\/v2\/users\/1"}],"replies":[{"embeddable":true,"href":"https:\/\/onlinelotto365.com\/cs\/wp-json\/wp\/v2\/comments?post=74178"}],"version-history":[{"count":0,"href":"https:\/\/onlinelotto365.com\/cs\/wp-json\/wp\/v2\/pages\/74178\/revisions"}],"up":[{"embeddable":true,"href":"https:\/\/onlinelotto365.com\/cs\/wp-json\/wp\/v2\/pages\/5012"}],"wp:attachment":[{"href":"https:\/\/onlinelotto365.com\/cs\/wp-json\/wp\/v2\/media?parent=74178"}],"curies":[{"name":"wp","href":"https:\/\/api.w.org\/{rel}","templated":true}]}}