{"id":74713,"date":"2022-11-01T11:13:22","date_gmt":"2022-11-01T10:13:22","guid":{"rendered":"https:\/\/onlinelotto365.com\/?page_id=74713"},"modified":"2022-11-09T12:15:37","modified_gmt":"2022-11-09T11:15:37","slug":"mon-wed-lotto-2","status":"publish","type":"page","link":"https:\/\/onlinelotto365.com\/cs\/hrat\/mon-wed-lotto-2\/","title":{"rendered":"Hran\u00ed Mon &#038; Wed Lotto Austr\u00e1lie je jen jednou z mo\u017enost\u00ed pro fanou\u0161ky loterie z \u010cesk\u00e9 republiky."},"content":{"rendered":"<h2>Jak hr\u00e1t Mon &amp; Wed Lotto Australia online<\/h2>\n<p>Pokud jste v \u010cesk\u00e9 republice, nemus\u00ed b\u00fdt obt\u00ed\u017en\u00e9 hr\u00e1t Mon &amp; Wed Lotto Australia online. Jedin\u00e9, co mus\u00edte ud\u011blat, je vymyslet, jak\u00fdm zp\u016fsobem to ud\u011bl\u00e1te a jak z\u00edsk\u00e1te tikety, kter\u00e9 chcete pro p\u0159\u00ed\u0161t\u00ed losov\u00e1n\u00ed. S t\u00edm v\u00e1m m\u016f\u017eeme pomoci.<\/p>\n<p>N\u00e1\u0161 syst\u00e9m se postar\u00e1 o to, abyste byli po celou dobu na spr\u00e1vn\u00e9 cest\u011b. Sta\u010d\u00ed si vytvo\u0159it \u00fa\u010det, vybrat si tikety a \u010d\u00edsla, kter\u00e1 chcete, a pak za n\u011b zaplatit preferovanou platebn\u00ed metodou. Jen tak budete p\u0159ipraveni a budete \u010dekat na dal\u0161\u00ed losov\u00e1n\u00ed, abyste si mohli zkontrolovat sv\u00e9 tikety.<\/p>\n<p>Pokud jste p\u0159ipraveni vybrat si ty prvn\u00ed tikety, sta\u010d\u00ed si jen vybrat tu spr\u00e1vnou hru. V tomto p\u0159\u00edpad\u011b mluv\u00edme o h\u0159e Mon &amp; Wed Lotto Australia. Vyberte si tedy tu spr\u00e1vnou hru a za\u010dn\u011bte vyb\u00edrat \u010d\u00edsla.<br \/>\nNebo zvolte rychl\u00fd v\u00fdb\u011br, kdy za v\u00e1s n\u00e1hodn\u00e1 \u010d\u00edsla vybere po\u010d\u00edta\u010d. Dokonce m\u016f\u017eete tato \u010d\u00edsla je\u0161t\u011b upravit, pokud si to rozmysl\u00edte, tak\u017ee v ka\u017ed\u00e9m losov\u00e1n\u00ed dostanete \u010d\u00edsla, kter\u00e1 chcete.<\/p>\n<p>Jakmile si vyberete \u010d\u00edsla pro Mon &amp; Wed Lotto Australia, m\u016f\u017eete si vybrat tikety pro dal\u0161\u00ed hry, kter\u00e9 chcete hr\u00e1t, a odbavit se. Pokladn\u00ed proces je bezpe\u010dn\u00fd a zabezpe\u010den\u00fd a tak\u00e9 zaji\u0161\u0165uje, \u017ee jste to vy, kdo si kupuje tikety. Budete muset ov\u011b\u0159it sv\u016fj \u00fa\u010det (a vytvo\u0159it si ho) a pak m\u016f\u017eete za\u010d\u00edt nakupovat libovoln\u00e9 tikety.<\/p>\n<p>Sta\u010d\u00ed si vytvo\u0159it \u00fa\u010det s osobn\u00edmi \u00fadaji a kliknout na odkaz v ov\u011b\u0159ovac\u00edm e-mailu, kter\u00fd v\u00e1m za\u0161leme. Pokud jste si n\u00e1s je\u0161t\u011b nep\u0159idali do sv\u00e9ho adres\u00e1\u0159e, m\u016f\u017ee se nach\u00e1zet ve slo\u017ece spamu, tak\u017ee si na n\u011bj d\u00e1vejte pozor. Odtud bude v\u00e1\u0161 \u00fa\u010det p\u0159ipraven a m\u016f\u017eete za\u010d\u00edt nakupovat libovoln\u00e9 vstupenky.<br \/>\n<a href=\"https:\/\/redfoxlotto.com\/play\/monday-wednesday-lotto-au\/?ref=a8564250a2&amp;medium=ol365\" target=\"_blank\" rel=\"noopener noreferrer\"><img decoding=\"async\" class=\"aligncenter\" src=\"https:\/\/redfoxlotto.com\/image?size=8&amp;lottery=monday-wednesday-lotto-au\" alt=\"Mon &amp; Wed Lotto Australia\" \/><\/a><\/p>\n<h2>O programu Mon &amp; Wed Lotto Australia<\/h2>\n<ul>\n<li>Lotto Lotto v zemi: Australien<\/li>\n<li>Rozsah hlavn\u00edch \u010d\u00edsel: 45<\/li>\n<li>Mus\u00edte si vybrat: 6<\/li>\n<li>Dny, hodiny slosov\u00e1n\u00ed: Pond\u011bl\u00ed, st\u0159eda, 21:30 GMT+11 &#8211; 10:30 SE\u010c.<\/li>\n<li>Jackpot za\u010d\u00edn\u00e1 v: AU$.<\/li>\n<li>Jackpot je omezen na: pevn\u00fd jackpot<\/li>\n<li>\u0160ance na v\u00fdhru jackpotu: 1 ku 8145060<\/li>\n<li>\u0160ance na v\u00fdhru druh\u00e9 ceny: 1 ku 678755<\/li>\n<li>\u0160ance na v\u00fdhru libovoln\u00e9 ceny: 1 ku 85,44<\/li>\n<li>Po\u010det v\u00fdhern\u00edch kategori\u00ed: 1: 6<\/li>\n<\/ul>\n<h2>Nejlep\u0161\u00ed vlastnosti programu Mon &amp; Wed Lotto Australia<\/h2>\n<p>Losov\u00e1n\u00ed Mon &amp; Wed Lotto Australia, kter\u00e9 se kon\u00e1 dvakr\u00e1t t\u00fddn\u011b, v\u00e1m d\u00e1v\u00e1 \u0161anci z\u00edskat pod\u00edl na milionov\u00fdch v\u00fdhr\u00e1ch. A sta\u010d\u00ed, kdy\u017e mu d\u00e1te \u0161anci a dostanete se do v\u00fdhern\u00edho fondu Divize 1. Nikdy nev\u00edte, s \u010d\u00edm m\u016f\u017eete odej\u00edt.<\/p>\n<h2>Jak zkontrolovat v\u00fdsledky Mon &amp; Wed Lotto Australia<\/h2>\n<p>Pokud jde o kontrolu v\u00fdsledk\u016f, mo\u017en\u00e1 v\u00e1s p\u0159ekvap\u00ed, na jak\u00e1 v\u0161echna m\u00edsta se m\u016f\u017eete vydat. M\u016f\u017eete se pod\u00edvat na webov\u00e9 str\u00e1nky loterie a zjistit \u010d\u00edsla hned po losov\u00e1n\u00ed. Po losov\u00e1n\u00ed se m\u016f\u017eete pod\u00edvat tak\u00e9 do m\u00edstn\u00edch novin a televizn\u00edch stanic.<br \/>\nPokud v\u0161ak chcete v\u00fdsledky zjistit snadno a rychle, m\u011bli byste se pod\u00edvat na na\u0161e webov\u00e9 str\u00e1nky, kde jste si zakoupili tikety. Najdete zde nejen vylosovan\u00e1 \u010d\u00edsla, ale tak\u00e9 srovn\u00e1n\u00ed s va\u0161imi \u010d\u00edsly.<\/p>\n<h2>Hr\u00e1li jste Mon &amp; Wed Lotto Australia online a vyhr\u00e1li jste &#8211; co bude d\u00e1l?<\/h2>\n<p>Pod\u00edvejte se na vylosovan\u00e1 \u010d\u00edsla, na sv\u00e1 \u010d\u00edsla a na to, kolik jste ve h\u0159e vyhr\u00e1li. Pokud jste vyhr\u00e1li m\u00e9n\u011b ne\u017e 2500 \u20ac, nemus\u00edte d\u011blat nic. Pen\u00edze ji\u017e budete m\u00edt na sv\u00e9m \u00fa\u010dtu.<br \/>\nA jakmile je budete m\u00edt na \u00fa\u010dtu, sta\u010d\u00ed si je vybrat (pokud jsou vy\u0161\u0161\u00ed ne\u017e 10 \u20ac) nebo je utratit za dal\u0161\u00ed losy. Na \u00fa\u010dtu je m\u016f\u017eete nechat k utracen\u00ed tak dlouho, jak budete cht\u00edt, tak\u017ee je tam budete m\u00edt v\u017edy.<br \/>\nPokud v\u0161ak budete m\u00edt \u0161t\u011bst\u00ed a vyhrajete v\u00edce ne\u017e 2500 \u20ac, dostanete zpr\u00e1vu od na\u0161eho t\u00fdmu podpory. Pomohou v\u00e1m vymyslet dal\u0161\u00ed kroky, v\u010detn\u011b vypln\u011bn\u00ed formul\u00e1\u0159e \u017e\u00e1dosti o v\u00fdhru. A pak v\u00e1m budou pen\u00edze p\u0159evedeny p\u0159\u00edmo na v\u00e1\u0161 bankovn\u00ed \u00fa\u010det nebo zasl\u00e1ny \u0161ekem.<\/p>\n","protected":false},"excerpt":{"rendered":"<p>Jak hr\u00e1t Mon &amp; Wed Lotto Australia online Pokud jste v \u010cesk\u00e9 republice, nemus\u00ed b\u00fdt obt\u00ed\u017en\u00e9 hr\u00e1t Mon &amp; Wed Lotto Australia online. Jedin\u00e9, co mus\u00edte ud\u011blat, je vymyslet, jak\u00fdm zp\u016fsobem to ud\u011bl\u00e1te a jak z\u00edsk\u00e1te tikety, kter\u00e9 chcete pro p\u0159\u00ed\u0161t\u00ed losov\u00e1n\u00ed. S t\u00edm v\u00e1m m\u016f\u017eeme pomoci. N\u00e1\u0161 syst\u00e9m se postar\u00e1 o to, abyste byli [&hellip;]<\/p>\n","protected":false},"author":1,"featured_media":0,"parent":5012,"menu_order":16,"comment_status":"closed","ping_status":"closed","template":"template-rightsidebar.php","meta":{"_et_pb_use_builder":"","_et_pb_old_content":"","_et_gb_content_width":"","exclude_from_search":false,"footnotes":""},"class_list":["post-74713","page","type-page","status-publish","hentry"],"yoast_head":"<!-- This site is optimized with the Yoast SEO plugin v23.4 - https:\/\/yoast.com\/wordpress\/plugins\/seo\/ -->\n<title>Z\u00fa\u010dastn\u011bte se Mon &amp; Wed Lotto Australia i z \u010cesk\u00e9 republiky<\/title>\n<meta name=\"description\" content=\"Chcete hr\u00e1t australsk\u00e9 po a st lotto? Po\u0159i\u010fte si tikety zde!\" \/>\n<meta name=\"robots\" content=\"index, follow, max-snippet:-1, max-image-preview:large, max-video-preview:-1\" \/>\n<link rel=\"canonical\" href=\"https:\/\/onlinelotto365.com\/cs\/hrat\/mon-wed-lotto-2\/\" \/>\n<meta property=\"og:locale\" content=\"cs_CZ\" \/>\n<meta property=\"og:type\" content=\"article\" \/>\n<meta property=\"og:title\" content=\"Z\u00fa\u010dastn\u011bte se Mon &amp; Wed Lotto Australia i z \u010cesk\u00e9 republiky\" \/>\n<meta property=\"og:description\" content=\"Chcete hr\u00e1t australsk\u00e9 po a st lotto? Po\u0159i\u010fte si tikety zde!\" \/>\n<meta property=\"og:url\" content=\"https:\/\/onlinelotto365.com\/cs\/hrat\/mon-wed-lotto-2\/\" \/>\n<meta property=\"og:site_name\" content=\"OnlineLotto365\" \/>\n<meta property=\"article:modified_time\" content=\"2022-11-09T11:15:37+00:00\" \/>\n<meta property=\"og:image\" content=\"https:\/\/redfoxlotto.com\/image?size=8&amp;lottery=monday-wednesday-lotto-au\" \/>\n<meta name=\"twitter:card\" content=\"summary_large_image\" \/>\n<meta name=\"twitter:label1\" content=\"Odhadovan\u00e1 doba \u010dten\u00ed\" \/>\n\t<meta name=\"twitter:data1\" content=\"3 minuty\" \/>\n<script type=\"application\/ld+json\" class=\"yoast-schema-graph\">{\"@context\":\"https:\/\/schema.org\",\"@graph\":[{\"@type\":\"WebPage\",\"@id\":\"https:\/\/onlinelotto365.com\/cs\/hrat\/mon-wed-lotto-2\/\",\"url\":\"https:\/\/onlinelotto365.com\/cs\/hrat\/mon-wed-lotto-2\/\",\"name\":\"Z\u00fa\u010dastn\u011bte se Mon & Wed Lotto Australia i z \u010cesk\u00e9 republiky\",\"isPartOf\":{\"@id\":\"https:\/\/onlinelotto365.com\/cs\/#website\"},\"primaryImageOfPage\":{\"@id\":\"https:\/\/onlinelotto365.com\/cs\/hrat\/mon-wed-lotto-2\/#primaryimage\"},\"image\":{\"@id\":\"https:\/\/onlinelotto365.com\/cs\/hrat\/mon-wed-lotto-2\/#primaryimage\"},\"thumbnailUrl\":\"https:\/\/redfoxlotto.com\/image?size=8&amp;lottery=monday-wednesday-lotto-au\",\"datePublished\":\"2022-11-01T10:13:22+00:00\",\"dateModified\":\"2022-11-09T11:15:37+00:00\",\"description\":\"Chcete hr\u00e1t australsk\u00e9 po a st lotto? Po\u0159i\u010fte si tikety zde!\",\"breadcrumb\":{\"@id\":\"https:\/\/onlinelotto365.com\/cs\/hrat\/mon-wed-lotto-2\/#breadcrumb\"},\"inLanguage\":\"cs\",\"potentialAction\":[{\"@type\":\"ReadAction\",\"target\":[\"https:\/\/onlinelotto365.com\/cs\/hrat\/mon-wed-lotto-2\/\"]}]},{\"@type\":\"ImageObject\",\"inLanguage\":\"cs\",\"@id\":\"https:\/\/onlinelotto365.com\/cs\/hrat\/mon-wed-lotto-2\/#primaryimage\",\"url\":\"https:\/\/redfoxlotto.com\/image?size=8&amp;lottery=monday-wednesday-lotto-au\",\"contentUrl\":\"https:\/\/redfoxlotto.com\/image?size=8&amp;lottery=monday-wednesday-lotto-au\"},{\"@type\":\"BreadcrumbList\",\"@id\":\"https:\/\/onlinelotto365.com\/cs\/hrat\/mon-wed-lotto-2\/#breadcrumb\",\"itemListElement\":[{\"@type\":\"ListItem\",\"position\":1,\"name\":\"Home\",\"item\":\"https:\/\/onlinelotto365.com\/cs\/\"},{\"@type\":\"ListItem\",\"position\":2,\"name\":\"V\u0161e, co mus\u00edte v\u011bd\u011bt o mo\u017enostech hran\u00ed nejlep\u0161\u00edch loteri\u00ed online\",\"item\":\"https:\/\/onlinelotto365.com\/cs\/play\/\"},{\"@type\":\"ListItem\",\"position\":3,\"name\":\"Hran\u00ed Mon &#038; Wed Lotto Austr\u00e1lie je jen jednou z mo\u017enost\u00ed pro fanou\u0161ky loterie z \u010cesk\u00e9 republiky.\"}]},{\"@type\":\"WebSite\",\"@id\":\"https:\/\/onlinelotto365.com\/cs\/#website\",\"url\":\"https:\/\/onlinelotto365.com\/cs\/\",\"name\":\"OnlineLotto365\",\"description\":\"\",\"potentialAction\":[{\"@type\":\"SearchAction\",\"target\":{\"@type\":\"EntryPoint\",\"urlTemplate\":\"https:\/\/onlinelotto365.com\/cs\/?s={search_term_string}\"},\"query-input\":{\"@type\":\"PropertyValueSpecification\",\"valueRequired\":true,\"valueName\":\"search_term_string\"}}],\"inLanguage\":\"cs\"}]}<\/script>\n<!-- \/ Yoast SEO plugin. -->","yoast_head_json":{"title":"Z\u00fa\u010dastn\u011bte se Mon & Wed Lotto Australia i z \u010cesk\u00e9 republiky","description":"Chcete hr\u00e1t australsk\u00e9 po a st lotto? Po\u0159i\u010fte si tikety zde!","robots":{"index":"index","follow":"follow","max-snippet":"max-snippet:-1","max-image-preview":"max-image-preview:large","max-video-preview":"max-video-preview:-1"},"canonical":"https:\/\/onlinelotto365.com\/cs\/hrat\/mon-wed-lotto-2\/","og_locale":"cs_CZ","og_type":"article","og_title":"Z\u00fa\u010dastn\u011bte se Mon & Wed Lotto Australia i z \u010cesk\u00e9 republiky","og_description":"Chcete hr\u00e1t australsk\u00e9 po a st lotto? Po\u0159i\u010fte si tikety zde!","og_url":"https:\/\/onlinelotto365.com\/cs\/hrat\/mon-wed-lotto-2\/","og_site_name":"OnlineLotto365","article_modified_time":"2022-11-09T11:15:37+00:00","og_image":[{"url":"https:\/\/redfoxlotto.com\/image?size=8&amp;lottery=monday-wednesday-lotto-au"}],"twitter_card":"summary_large_image","twitter_misc":{"Odhadovan\u00e1 doba \u010dten\u00ed":"3 minuty"},"schema":{"@context":"https:\/\/schema.org","@graph":[{"@type":"WebPage","@id":"https:\/\/onlinelotto365.com\/cs\/hrat\/mon-wed-lotto-2\/","url":"https:\/\/onlinelotto365.com\/cs\/hrat\/mon-wed-lotto-2\/","name":"Z\u00fa\u010dastn\u011bte se Mon & Wed Lotto Australia i z \u010cesk\u00e9 republiky","isPartOf":{"@id":"https:\/\/onlinelotto365.com\/cs\/#website"},"primaryImageOfPage":{"@id":"https:\/\/onlinelotto365.com\/cs\/hrat\/mon-wed-lotto-2\/#primaryimage"},"image":{"@id":"https:\/\/onlinelotto365.com\/cs\/hrat\/mon-wed-lotto-2\/#primaryimage"},"thumbnailUrl":"https:\/\/redfoxlotto.com\/image?size=8&amp;lottery=monday-wednesday-lotto-au","datePublished":"2022-11-01T10:13:22+00:00","dateModified":"2022-11-09T11:15:37+00:00","description":"Chcete hr\u00e1t australsk\u00e9 po a st lotto? Po\u0159i\u010fte si tikety zde!","breadcrumb":{"@id":"https:\/\/onlinelotto365.com\/cs\/hrat\/mon-wed-lotto-2\/#breadcrumb"},"inLanguage":"cs","potentialAction":[{"@type":"ReadAction","target":["https:\/\/onlinelotto365.com\/cs\/hrat\/mon-wed-lotto-2\/"]}]},{"@type":"ImageObject","inLanguage":"cs","@id":"https:\/\/onlinelotto365.com\/cs\/hrat\/mon-wed-lotto-2\/#primaryimage","url":"https:\/\/redfoxlotto.com\/image?size=8&amp;lottery=monday-wednesday-lotto-au","contentUrl":"https:\/\/redfoxlotto.com\/image?size=8&amp;lottery=monday-wednesday-lotto-au"},{"@type":"BreadcrumbList","@id":"https:\/\/onlinelotto365.com\/cs\/hrat\/mon-wed-lotto-2\/#breadcrumb","itemListElement":[{"@type":"ListItem","position":1,"name":"Home","item":"https:\/\/onlinelotto365.com\/cs\/"},{"@type":"ListItem","position":2,"name":"V\u0161e, co mus\u00edte v\u011bd\u011bt o mo\u017enostech hran\u00ed nejlep\u0161\u00edch loteri\u00ed online","item":"https:\/\/onlinelotto365.com\/cs\/play\/"},{"@type":"ListItem","position":3,"name":"Hran\u00ed Mon &#038; Wed Lotto Austr\u00e1lie je jen jednou z mo\u017enost\u00ed pro fanou\u0161ky loterie z \u010cesk\u00e9 republiky."}]},{"@type":"WebSite","@id":"https:\/\/onlinelotto365.com\/cs\/#website","url":"https:\/\/onlinelotto365.com\/cs\/","name":"OnlineLotto365","description":"","potentialAction":[{"@type":"SearchAction","target":{"@type":"EntryPoint","urlTemplate":"https:\/\/onlinelotto365.com\/cs\/?s={search_term_string}"},"query-input":{"@type":"PropertyValueSpecification","valueRequired":true,"valueName":"search_term_string"}}],"inLanguage":"cs"}]}},"_links":{"self":[{"href":"https:\/\/onlinelotto365.com\/cs\/wp-json\/wp\/v2\/pages\/74713","targetHints":{"allow":["GET"]}}],"collection":[{"href":"https:\/\/onlinelotto365.com\/cs\/wp-json\/wp\/v2\/pages"}],"about":[{"href":"https:\/\/onlinelotto365.com\/cs\/wp-json\/wp\/v2\/types\/page"}],"author":[{"embeddable":true,"href":"https:\/\/onlinelotto365.com\/cs\/wp-json\/wp\/v2\/users\/1"}],"replies":[{"embeddable":true,"href":"https:\/\/onlinelotto365.com\/cs\/wp-json\/wp\/v2\/comments?post=74713"}],"version-history":[{"count":0,"href":"https:\/\/onlinelotto365.com\/cs\/wp-json\/wp\/v2\/pages\/74713\/revisions"}],"up":[{"embeddable":true,"href":"https:\/\/onlinelotto365.com\/cs\/wp-json\/wp\/v2\/pages\/5012"}],"wp:attachment":[{"href":"https:\/\/onlinelotto365.com\/cs\/wp-json\/wp\/v2\/media?parent=74713"}],"curies":[{"name":"wp","href":"https:\/\/api.w.org\/{rel}","templated":true}]}}