{"id":79163,"date":"2022-11-02T07:28:30","date_gmt":"2022-11-02T06:28:30","guid":{"rendered":"https:\/\/onlinelotto365.com\/?page_id=79163"},"modified":"2022-11-02T07:52:54","modified_gmt":"2022-11-02T06:52:54","slug":"bonoloto","status":"publish","type":"page","link":"https:\/\/onlinelotto365.com\/cs\/hrat\/bonoloto\/","title":{"rendered":"Bonoloto je nyn\u00ed k dost\u00e1n\u00ed v\u0161ude"},"content":{"rendered":"<h2>Jak hr\u00e1t BonoLoto online<\/h2>\n<p>Hr\u00e1t BonoLoto je jednodu\u0161\u0161\u00ed, ne\u017e si mysl\u00edte. Sta\u010d\u00ed jen v\u011bd\u011bt, kde za\u010d\u00edt a kde si koupit vstupenky. A nejlep\u0161\u00edm m\u00edstem, kde to m\u016f\u017eete ud\u011blat, je pr\u00e1v\u011b na\u0161e str\u00e1nka a n\u011bkolik jednoduch\u00fdch krok\u016f.<\/p>\n<p>N\u00e1\u0161 syst\u00e9m se postar\u00e1 o to, aby o v\u00e1s bylo postar\u00e1no od za\u010d\u00e1tku a\u017e do konce. Jedin\u00e9, co mus\u00edte ud\u011blat, je zalo\u017eit si zcela bezplatn\u00fd \u00fa\u010det a jste na cest\u011b. Budete si moci vybrat ze v\u0161ech r\u016fzn\u00fdch lotto her, kter\u00e9 m\u00e1me k dispozici, a vybrat si tikety a konkr\u00e9tn\u00ed \u010d\u00edsla, kter\u00e1 chcete. Pak m\u016f\u017eete zaplatit preferovanou platebn\u00ed metodou a m\u00e1te hotovo.<\/p>\n<p>Sta\u010d\u00ed se jen pod\u00edvat na r\u016fzn\u00e9 lotto hry, kter\u00e9 m\u00e1me k dispozici, a vybrat si tu spr\u00e1vnou (BonoLoto). Odtud si vyberete \u010d\u00edsla, kter\u00e1 chcete hr\u00e1t. Pokud jich vyberete p\u0159\u00edli\u0161 mnoho nebo p\u0159\u00edli\u0161 m\u00e1lo, nevad\u00ed, n\u00e1\u0161 syst\u00e9m v\u00e1s upozorn\u00ed pr\u00e1v\u011b na to, co m\u00e1te ud\u011blat, abyste mohli sv\u016fj tiket opravit. Nebo se m\u016f\u017eete rozhodnout, \u017ee nech\u00e1te po\u010d\u00edta\u010d, aby v\u00e1m \u010d\u00edsla n\u00e1hodn\u011b p\u0159id\u011blil.<\/p>\n<p>Jakmile z\u00edsk\u00e1te po\u017eadovan\u00e9 tikety pro hru BonoLoto, m\u016f\u017eete si vybrat, zda chcete p\u0159idat i tikety z jin\u00fdch her. Bude to velmi jednoduch\u00e9 a zabere to jen p\u00e1r minut. Po\u010dk\u00e1te, a\u017e v\u00e1m p\u0159ijde ov\u011b\u0159ovac\u00ed e-mail do e-mailu, kter\u00fd jste n\u00e1m poskytli, a kliknete na odkaz. To je v\u0161e, co je pot\u0159eba, a v\u00e1\u0161 \u00fa\u010det bude nastaven. T\u00edmto zp\u016fsobem m\u016f\u017eete pokra\u010dovat v n\u00e1kupu vstupenek.<\/p>\n<p><a href=\"https:\/\/redfoxlotto.com\/play\/bonoloto\/?ref=a8564250a2&amp;medium=ol365\" target=\"_blank\" rel=\"noopener noreferrer\"><img decoding=\"async\" class=\"aligncenter\" src=\"https:\/\/redfoxlotto.com\/image?size=8&amp;lottery=bonoloto\" alt=\"Bono Lotto\" \/><\/a><\/p>\n<p>Pro jistotu si ov\u011b\u0159ovac\u00ed odkaz pohl\u00eddejte ve sv\u00e9 b\u011b\u017en\u00e9 e-mailov\u00e9 schr\u00e1nce i ve slo\u017ece spamu. Pokud nejsme ve va\u0161em adres\u00e1\u0159i, je mo\u017en\u00e9, \u017ee e-mail ve slo\u017ece b\u011b\u017en\u00e9ho \u00fa\u010dtu neuvid\u00edte.<\/p>\n<h2>O BonoLoto<\/h2>\n<ul>\n<li>Zem\u011b: BonoLo: \u0160pan\u011blsko<\/li>\n<li>Rozsah hlavn\u00edch \u010d\u00edsel: 49<\/li>\n<li>Mus\u00edte si vybrat: 6<\/li>\n<li>Dny, hodiny slosov\u00e1n\u00ed: denn\u011b krom\u011b ned\u011ble, 21:30 &#8211; 21:30 SE\u010c<\/li>\n<li>Jackpot za\u010d\u00edn\u00e1 v: \u20ac400.000<\/li>\n<li>Jackpot je omezen na: \u017e\u00e1dn\u00fd<\/li>\n<li>\u0160ance na v\u00fdhru: 1 ku 13983816<\/li>\n<li>\u0160ance na v\u00fdhru druh\u00e9 ceny: 1 ku 2330636<\/li>\n<li>\u0160ance na v\u00fdhru jak\u00e9koli ceny: 1 ku 8,43<\/li>\n<li>Po\u010det v\u00fdhern\u00edch kategori\u00ed: 1: 6<\/li>\n<\/ul>\n<p>&nbsp;<\/p>\n<h2>Nejlep\u0161\u00ed vlastnosti hry BonoLoto<\/h2>\n<p>BonoLoto existuje u\u017e pom\u011brn\u011b dlouho a za tu dobu rozdalo celou \u0159adu cen. A co v\u00edc, ka\u017ed\u00fd t\u00fdden m\u00e1 \u010dty\u0159i r\u016fzn\u00e1 losov\u00e1n\u00ed a p\u016fvodn\u011b byla vytvo\u0159ena jako cenov\u011b dostupn\u00e1 mo\u017enost. St\u00e1le j\u00edm je a vy m\u016f\u017eete vyhr\u00e1t pod\u00edl 55 % z celkov\u00e9ho p\u0159\u00edjmu v cen\u00e1ch.<\/p>\n<h2>Jak zkontrolovat v\u00fdsledky BonoLoto<\/h2>\n<p>Jste p\u0159ipraveni zjistit, jak\u00e1 jsou v\u00fdhern\u00ed \u010d\u00edsla hry BonoLoto? No, je to vlastn\u011b docela jednoduch\u00e9, proto\u017ee v\u0161e, co mus\u00edte ud\u011blat, je p\u0159ej\u00edt na ofici\u00e1ln\u00ed webov\u00e9 str\u00e1nky BonoLoto. Nebo se m\u016f\u017eete rozhodnout pod\u00edvat se do m\u00edstn\u00edch novin a televizn\u00edch stanic. V\u0161echna tato m\u00edsta informuj\u00ed o v\u00fdhern\u00edch \u010d\u00edslech.<br \/>\nAle nejlep\u0161\u00ed je ur\u010dit\u011b j\u00edt na m\u00edsto, kde jste si koupili tiket, co\u017e je pr\u00e1v\u011b zde. Budete si moci prohl\u00e9dnout vylosovan\u00e1 \u010d\u00edsla i sv\u00e1 vlastn\u00ed \u010d\u00edsla a jejich srovn\u00e1n\u00ed. T\u00edmto zp\u016fsobem m\u016f\u017eete tak\u00e9 okam\u017eit\u011b vid\u011bt svou v\u00fdhru. <img loading=\"lazy\" decoding=\"async\" class=\"alignright wp-image-3656\" src=\"https:\/\/onlinelotto365.com\/wp-content\/uploads\/2020\/11\/online_lottery-16-300x200.jpg\" alt=\"hr\u00e1t bonoloto online\" width=\"215\" height=\"143\" srcset=\"https:\/\/onlinelotto365.com\/wp-content\/uploads\/2020\/11\/online_lottery-16-300x200.jpg 300w, https:\/\/onlinelotto365.com\/wp-content\/uploads\/2020\/11\/online_lottery-16.jpg 320w\" sizes=\"auto, (max-width: 215px) 100vw, 215px\" \/><\/p>\n<h2>Hr\u00e1li jste BonoLoto online a vyhr\u00e1li jste &#8211; co bude d\u00e1l?<\/h2>\n<p>Pokud jste vyhr\u00e1li m\u00e9n\u011b ne\u017e 2500 \u20ac, nemus\u00edte d\u011blat v\u016fbec nic. To proto, \u017ee si pen\u00edze vyzvedneme za v\u00e1s a ulo\u017e\u00edme je p\u0159\u00edmo na v\u00e1\u0161 \u00fa\u010det. Budete je tam m\u00edt k dispozici, jakkoli a kdykoli budete cht\u00edt. Nebo si je m\u016f\u017eete vybrat na sv\u016fj b\u011b\u017en\u00fd bankovn\u00ed \u00fa\u010det, pokud m\u00e1te alespo\u0148 10 \u20ac.<br \/>\nPokud jste vyhr\u00e1li v\u00edce ne\u017e 2500 \u20ac, budete si muset po\u010dkat na zpr\u00e1vu od na\u0161eho t\u00fdmu podpory, proto\u017ee s vyplacen\u00edm v\u00fdhry je spojeno o n\u011bco v\u00edce starost\u00ed. Na\u0161t\u011bst\u00ed v\u00e1m s t\u00edmto procesem pom\u016f\u017eeme a hned v\u00e1m ho za\u0159\u00edd\u00edme, tak\u017ee si pen\u00edze m\u016f\u017eete nechat poslat \u0161ekem nebo p\u0159\u00edmo na \u00fa\u010det.<\/p>\n","protected":false},"excerpt":{"rendered":"<p>Jak hr\u00e1t BonoLoto online Hr\u00e1t BonoLoto je jednodu\u0161\u0161\u00ed, ne\u017e si mysl\u00edte. Sta\u010d\u00ed jen v\u011bd\u011bt, kde za\u010d\u00edt a kde si koupit vstupenky. A nejlep\u0161\u00edm m\u00edstem, kde to m\u016f\u017eete ud\u011blat, je pr\u00e1v\u011b na\u0161e str\u00e1nka a n\u011bkolik jednoduch\u00fdch krok\u016f. N\u00e1\u0161 syst\u00e9m se postar\u00e1 o to, aby o v\u00e1s bylo postar\u00e1no od za\u010d\u00e1tku a\u017e do konce. Jedin\u00e9, co mus\u00edte [&hellip;]<\/p>\n","protected":false},"author":1,"featured_media":0,"parent":5012,"menu_order":8,"comment_status":"closed","ping_status":"closed","template":"","meta":{"_et_pb_use_builder":"","_et_pb_old_content":"","_et_gb_content_width":"","exclude_from_search":false,"footnotes":""},"class_list":["post-79163","page","type-page","status-publish","hentry"],"yoast_head":"<!-- This site is optimized with the Yoast SEO plugin v23.4 - https:\/\/yoast.com\/wordpress\/plugins\/seo\/ -->\n<title>bonolotoJak hr\u00e1t BonoLoto, pokud \u017eijete v \u010cesk\u00e9 republice?<\/title>\n<meta name=\"description\" content=\"Leg\u00e1ln\u011b si objednejte vstupenky na hran\u00ed Bonoloto zde na na\u0161ich webov\u00fdch str\u00e1nk\u00e1ch\" \/>\n<meta name=\"robots\" content=\"index, follow, max-snippet:-1, max-image-preview:large, max-video-preview:-1\" \/>\n<link rel=\"canonical\" href=\"https:\/\/onlinelotto365.com\/cs\/hrat\/bonoloto\/\" \/>\n<meta property=\"og:locale\" content=\"cs_CZ\" \/>\n<meta property=\"og:type\" content=\"article\" \/>\n<meta property=\"og:title\" content=\"bonolotoJak hr\u00e1t BonoLoto, pokud \u017eijete v \u010cesk\u00e9 republice?\" \/>\n<meta property=\"og:description\" content=\"Leg\u00e1ln\u011b si objednejte vstupenky na hran\u00ed Bonoloto zde na na\u0161ich webov\u00fdch str\u00e1nk\u00e1ch\" \/>\n<meta property=\"og:url\" content=\"https:\/\/onlinelotto365.com\/cs\/hrat\/bonoloto\/\" \/>\n<meta property=\"og:site_name\" content=\"OnlineLotto365\" \/>\n<meta property=\"article:modified_time\" content=\"2022-11-02T06:52:54+00:00\" \/>\n<meta property=\"og:image\" content=\"https:\/\/redfoxlotto.com\/image?size=8&amp;lottery=bonoloto\" \/>\n<meta name=\"twitter:card\" content=\"summary_large_image\" \/>\n<meta name=\"twitter:label1\" content=\"Odhadovan\u00e1 doba \u010dten\u00ed\" \/>\n\t<meta name=\"twitter:data1\" content=\"3 minuty\" \/>\n<script type=\"application\/ld+json\" class=\"yoast-schema-graph\">{\"@context\":\"https:\/\/schema.org\",\"@graph\":[{\"@type\":\"WebPage\",\"@id\":\"https:\/\/onlinelotto365.com\/cs\/hrat\/bonoloto\/\",\"url\":\"https:\/\/onlinelotto365.com\/cs\/hrat\/bonoloto\/\",\"name\":\"bonolotoJak hr\u00e1t BonoLoto, pokud \u017eijete v \u010cesk\u00e9 republice?\",\"isPartOf\":{\"@id\":\"https:\/\/onlinelotto365.com\/cs\/#website\"},\"primaryImageOfPage\":{\"@id\":\"https:\/\/onlinelotto365.com\/cs\/hrat\/bonoloto\/#primaryimage\"},\"image\":{\"@id\":\"https:\/\/onlinelotto365.com\/cs\/hrat\/bonoloto\/#primaryimage\"},\"thumbnailUrl\":\"https:\/\/redfoxlotto.com\/image?size=8&amp;lottery=bonoloto\",\"datePublished\":\"2022-11-02T06:28:30+00:00\",\"dateModified\":\"2022-11-02T06:52:54+00:00\",\"description\":\"Leg\u00e1ln\u011b si objednejte vstupenky na hran\u00ed Bonoloto zde na na\u0161ich webov\u00fdch str\u00e1nk\u00e1ch\",\"breadcrumb\":{\"@id\":\"https:\/\/onlinelotto365.com\/cs\/hrat\/bonoloto\/#breadcrumb\"},\"inLanguage\":\"cs\",\"potentialAction\":[{\"@type\":\"ReadAction\",\"target\":[\"https:\/\/onlinelotto365.com\/cs\/hrat\/bonoloto\/\"]}]},{\"@type\":\"ImageObject\",\"inLanguage\":\"cs\",\"@id\":\"https:\/\/onlinelotto365.com\/cs\/hrat\/bonoloto\/#primaryimage\",\"url\":\"https:\/\/redfoxlotto.com\/image?size=8&amp;lottery=bonoloto\",\"contentUrl\":\"https:\/\/redfoxlotto.com\/image?size=8&amp;lottery=bonoloto\"},{\"@type\":\"BreadcrumbList\",\"@id\":\"https:\/\/onlinelotto365.com\/cs\/hrat\/bonoloto\/#breadcrumb\",\"itemListElement\":[{\"@type\":\"ListItem\",\"position\":1,\"name\":\"Home\",\"item\":\"https:\/\/onlinelotto365.com\/cs\/\"},{\"@type\":\"ListItem\",\"position\":2,\"name\":\"V\u0161e, co mus\u00edte v\u011bd\u011bt o mo\u017enostech hran\u00ed nejlep\u0161\u00edch loteri\u00ed online\",\"item\":\"https:\/\/onlinelotto365.com\/cs\/play\/\"},{\"@type\":\"ListItem\",\"position\":3,\"name\":\"Bonoloto je nyn\u00ed k dost\u00e1n\u00ed v\u0161ude\"}]},{\"@type\":\"WebSite\",\"@id\":\"https:\/\/onlinelotto365.com\/cs\/#website\",\"url\":\"https:\/\/onlinelotto365.com\/cs\/\",\"name\":\"OnlineLotto365\",\"description\":\"\",\"potentialAction\":[{\"@type\":\"SearchAction\",\"target\":{\"@type\":\"EntryPoint\",\"urlTemplate\":\"https:\/\/onlinelotto365.com\/cs\/?s={search_term_string}\"},\"query-input\":{\"@type\":\"PropertyValueSpecification\",\"valueRequired\":true,\"valueName\":\"search_term_string\"}}],\"inLanguage\":\"cs\"}]}<\/script>\n<!-- \/ Yoast SEO plugin. -->","yoast_head_json":{"title":"bonolotoJak hr\u00e1t BonoLoto, pokud \u017eijete v \u010cesk\u00e9 republice?","description":"Leg\u00e1ln\u011b si objednejte vstupenky na hran\u00ed Bonoloto zde na na\u0161ich webov\u00fdch str\u00e1nk\u00e1ch","robots":{"index":"index","follow":"follow","max-snippet":"max-snippet:-1","max-image-preview":"max-image-preview:large","max-video-preview":"max-video-preview:-1"},"canonical":"https:\/\/onlinelotto365.com\/cs\/hrat\/bonoloto\/","og_locale":"cs_CZ","og_type":"article","og_title":"bonolotoJak hr\u00e1t BonoLoto, pokud \u017eijete v \u010cesk\u00e9 republice?","og_description":"Leg\u00e1ln\u011b si objednejte vstupenky na hran\u00ed Bonoloto zde na na\u0161ich webov\u00fdch str\u00e1nk\u00e1ch","og_url":"https:\/\/onlinelotto365.com\/cs\/hrat\/bonoloto\/","og_site_name":"OnlineLotto365","article_modified_time":"2022-11-02T06:52:54+00:00","og_image":[{"url":"https:\/\/redfoxlotto.com\/image?size=8&amp;lottery=bonoloto"}],"twitter_card":"summary_large_image","twitter_misc":{"Odhadovan\u00e1 doba \u010dten\u00ed":"3 minuty"},"schema":{"@context":"https:\/\/schema.org","@graph":[{"@type":"WebPage","@id":"https:\/\/onlinelotto365.com\/cs\/hrat\/bonoloto\/","url":"https:\/\/onlinelotto365.com\/cs\/hrat\/bonoloto\/","name":"bonolotoJak hr\u00e1t BonoLoto, pokud \u017eijete v \u010cesk\u00e9 republice?","isPartOf":{"@id":"https:\/\/onlinelotto365.com\/cs\/#website"},"primaryImageOfPage":{"@id":"https:\/\/onlinelotto365.com\/cs\/hrat\/bonoloto\/#primaryimage"},"image":{"@id":"https:\/\/onlinelotto365.com\/cs\/hrat\/bonoloto\/#primaryimage"},"thumbnailUrl":"https:\/\/redfoxlotto.com\/image?size=8&amp;lottery=bonoloto","datePublished":"2022-11-02T06:28:30+00:00","dateModified":"2022-11-02T06:52:54+00:00","description":"Leg\u00e1ln\u011b si objednejte vstupenky na hran\u00ed Bonoloto zde na na\u0161ich webov\u00fdch str\u00e1nk\u00e1ch","breadcrumb":{"@id":"https:\/\/onlinelotto365.com\/cs\/hrat\/bonoloto\/#breadcrumb"},"inLanguage":"cs","potentialAction":[{"@type":"ReadAction","target":["https:\/\/onlinelotto365.com\/cs\/hrat\/bonoloto\/"]}]},{"@type":"ImageObject","inLanguage":"cs","@id":"https:\/\/onlinelotto365.com\/cs\/hrat\/bonoloto\/#primaryimage","url":"https:\/\/redfoxlotto.com\/image?size=8&amp;lottery=bonoloto","contentUrl":"https:\/\/redfoxlotto.com\/image?size=8&amp;lottery=bonoloto"},{"@type":"BreadcrumbList","@id":"https:\/\/onlinelotto365.com\/cs\/hrat\/bonoloto\/#breadcrumb","itemListElement":[{"@type":"ListItem","position":1,"name":"Home","item":"https:\/\/onlinelotto365.com\/cs\/"},{"@type":"ListItem","position":2,"name":"V\u0161e, co mus\u00edte v\u011bd\u011bt o mo\u017enostech hran\u00ed nejlep\u0161\u00edch loteri\u00ed online","item":"https:\/\/onlinelotto365.com\/cs\/play\/"},{"@type":"ListItem","position":3,"name":"Bonoloto je nyn\u00ed k dost\u00e1n\u00ed v\u0161ude"}]},{"@type":"WebSite","@id":"https:\/\/onlinelotto365.com\/cs\/#website","url":"https:\/\/onlinelotto365.com\/cs\/","name":"OnlineLotto365","description":"","potentialAction":[{"@type":"SearchAction","target":{"@type":"EntryPoint","urlTemplate":"https:\/\/onlinelotto365.com\/cs\/?s={search_term_string}"},"query-input":{"@type":"PropertyValueSpecification","valueRequired":true,"valueName":"search_term_string"}}],"inLanguage":"cs"}]}},"_links":{"self":[{"href":"https:\/\/onlinelotto365.com\/cs\/wp-json\/wp\/v2\/pages\/79163","targetHints":{"allow":["GET"]}}],"collection":[{"href":"https:\/\/onlinelotto365.com\/cs\/wp-json\/wp\/v2\/pages"}],"about":[{"href":"https:\/\/onlinelotto365.com\/cs\/wp-json\/wp\/v2\/types\/page"}],"author":[{"embeddable":true,"href":"https:\/\/onlinelotto365.com\/cs\/wp-json\/wp\/v2\/users\/1"}],"replies":[{"embeddable":true,"href":"https:\/\/onlinelotto365.com\/cs\/wp-json\/wp\/v2\/comments?post=79163"}],"version-history":[{"count":0,"href":"https:\/\/onlinelotto365.com\/cs\/wp-json\/wp\/v2\/pages\/79163\/revisions"}],"up":[{"embeddable":true,"href":"https:\/\/onlinelotto365.com\/cs\/wp-json\/wp\/v2\/pages\/5012"}],"wp:attachment":[{"href":"https:\/\/onlinelotto365.com\/cs\/wp-json\/wp\/v2\/media?parent=79163"}],"curies":[{"name":"wp","href":"https:\/\/api.w.org\/{rel}","templated":true}]}}