{"id":79198,"date":"2022-11-02T10:20:27","date_gmt":"2022-11-02T09:20:27","guid":{"rendered":"https:\/\/onlinelotto365.com\/?page_id=79198"},"modified":"2022-11-02T10:20:54","modified_gmt":"2022-11-02T09:20:54","slug":"german-lotto","status":"publish","type":"page","link":"https:\/\/onlinelotto365.com\/cs\/hrat\/german-lotto\/","title":{"rendered":"\u00da\u010dast v n\u011bmeck\u00e9m Lotto z jin\u00fdch zem\u00ed"},"content":{"rendered":"<p>N\u011bmeck\u00e1 loterie Lotto je jednou z nejd\u00e9le provozovan\u00fdch loteri\u00ed na sv\u011bt\u011b, kon\u00e1 se ji\u017e v\u00edce ne\u017e 50 let. M\u016f\u017eete se vsadit, \u017ee v\u0161echny tyto zku\u0161enosti jim slou\u017e\u00ed velmi dob\u0159e a \u017ee jsou jednou z v\u011bt\u0161\u00edch evropsk\u00fdch zem\u00ed, kter\u00e9 si ponechaly vlastn\u00ed n\u00e1rodn\u00ed loterii a nespojily se s loteri\u00ed EuroMillions. N\u011bmci jsou tedy na sv\u00e9 n\u011bmeck\u00e9 Lotto hrd\u00ed, jak se pat\u0159\u00ed.<\/p>\n<p>Pokud v\u0161ak \u017eijete v \u010cesk\u00e9 republice a p\u0159esto si chcete zahr\u00e1t n\u011bmeck\u00e9 Lotto nebo jakoukoli jinou velkou loterii z cel\u00e9ho sv\u011bta, pak u\u017e v\u00e1m v tom nic nebr\u00e1n\u00ed. Jedin\u00e9, co dnes mus\u00edte ud\u011blat, je koupit si tikety online. Pokud jste z \u010cesk\u00e9 republiky, m\u016f\u017eete si dokonce st\u00e1le koupit tikety do N\u011bmeck\u00e9ho lota i online.<\/p>\n<p>Samoz\u0159ejm\u011b mus\u00edte v\u011bd\u011bt, kde si t\u00edmto zp\u016fsobem m\u016f\u017eete losy koupit, a pr\u00e1v\u011b v tom v\u00e1m m\u016f\u017eeme pomoci. Tuto slu\u017ebu online los\u016f provozujeme ji\u017e del\u0161\u00ed dobu. Jak si asi dok\u00e1\u017eete p\u0159edstavit, jedn\u00e1 se o nejv\u011bt\u0161\u00ed v\u011bc, kter\u00e1 se kdy v oblasti loterie ud\u00e1la od doby, kdy byly loterie vynalezeny.<\/p>\n<p><a href=\"https:\/\/redfoxlotto.com\/play\/lotto-6aus49\/?ref=a8564250a2&amp;medium=ol365\" target=\"_blank\" rel=\"noopener noreferrer\"><img decoding=\"async\" class=\"aligncenter\" src=\"https:\/\/redfoxlotto.com\/image?size=8&amp;lottery=lotto-6aus49\" alt=\"German 6aus49\" \/><\/a><\/p>\n<h2>U\u017e nejste omezeni pouze na loterii ve va\u0161em okol\u00ed<\/h2>\n<p>Pokud jste jako v\u011bt\u0161ina hr\u00e1\u010d\u016f loteri\u00ed, chcete hr\u00e1t velk\u00e9 loterie, a pokud m\u00e1te na v\u00fdb\u011br, chcete hr\u00e1t v\u00edce ne\u017e jen jednu. A\u017e doned\u00e1vna to v\u0161ak nebylo mo\u017en\u00e9. Lid\u00e9 se v\u0161ak divili, pro\u010d tomu tak nen\u00ed, nap\u0159\u00edklad pro\u010d si m\u016f\u017eete koupit t\u00e9m\u011b\u0159 cokoli online krom\u011b los\u016f?<\/p>\n<p>To vy\u017eadovalo s\u00ed\u0165 lid\u00ed, kte\u0159\u00ed by byli nasazeni, aby d\u011blali nab\u00eddky pro na\u0161e z\u00e1kazn\u00edky, co\u017e znamenalo, \u017ee by museli chodit a kupovat losy pro v\u0161echny, v mnoha r\u016fzn\u00fdch zem\u00edch. Zahrnovalo to tak\u00e9 \u0159\u00edzen\u00ed zku\u0161enost\u00ed z\u00e1kazn\u00edk\u016f od m\u00edsta prodeje a poskytov\u00e1n\u00ed skv\u011bl\u00fdch slu\u017eeb, kter\u00e9 lid\u00e9 o\u010dek\u00e1vaj\u00ed.<\/p>\n<p><img loading=\"lazy\" decoding=\"async\" class=\" wp-image-1543 alignright\" src=\"https:\/\/onlinelotto365.com\/wp-content\/uploads\/2020\/11\/online_lottery-135.jpg\" alt=\"Hrajte n\u011bmeck\u00e9 loto online\" width=\"305\" height=\"204\" \/><\/p>\n<h2>O spole\u010dnosti German Lotto<\/h2>\n<ul>\n<li>Zem\u011b: N\u011bmecko<\/li>\n<li>Hlavn\u00ed \u010d\u00edseln\u00e1 \u0159ada: 49<\/li>\n<li>Va\u0161e tipy: 6<\/li>\n<li>Rozsah dopl\u0148kov\u00fdch \u010d\u00edsel: \u017e\u00e1dn\u00e1<\/li>\n<li>Vyb\u00edr\u00e1te: \u017e\u00e1dn\u00e9<\/li>\n<li>Dny losov\u00e1n\u00ed, hodiny: Sobota, 20:25 SE\u010c, 20:25 SE\u010c<\/li>\n<li>Minim\u00e1ln\u00ed jackpot: 1 milion eur<\/li>\n<li>Maxim\u00e1ln\u00ed v\u00fd\u0161e jackpotu: bez omezen\u00ed<\/li>\n<li>Pravd\u011bpodobnost v\u00fdhry jackpotu: 1 ku 125 854 344<\/li>\n<li>Pravd\u011bpodobnost v\u00fdhry ve 2. \u00farovni: 1 ku 13 983 816<\/li>\n<li>Pravd\u011bpodobnost v\u00fdhry v jak\u00e9koli \u00farovni: 1 ku 31<\/li>\n<li>Po\u010det v\u00fdhern\u00edch \u00farovn\u00ed: 9<\/li>\n<\/ul>\n<p>V\u0161echny loterie, kter\u00e9 v\u00e1m d\u00e1v\u00e1me k dispozici, jsou prvot\u0159\u00eddn\u00ed hlavn\u00ed loterie, v\u010detn\u011b n\u011bmeck\u00e9 loterie Lotto. Chcete-li hr\u00e1t n\u011bmeck\u00e9 Lotto, vyberete si 6 \u010d\u00edsel z mo\u017en\u00fdch 49 spolu s bonusov\u00fdm \u010d\u00edslem od 1 do 9.\u00a0Pokud \u00fasp\u011b\u0161n\u011b tref\u00edte v\u0161ech 6 \u010d\u00edsel plus bonusov\u00e9 \u010d\u00edslo, \u010dek\u00e1 v\u00e1s brzy v\u00fdlet do N\u011bmecka, kde si vyzvednete n\u011bkolik milion\u016f eur nebo v\u00edce.<\/p>\n<p>Vzhledem k men\u0161\u00edmu po\u010dtu m\u00ed\u010dk\u016f v bubnu ve srovn\u00e1n\u00ed s mnoha jin\u00fdmi velk\u00fdmi loteriemi je va\u0161e \u0161ance na v\u00fdhru jackpotu v n\u011bmeck\u00e9m Lotto rozhodn\u011b vy\u0161\u0161\u00ed. N\u011bmeck\u00e9 Lotto samoz\u0159ejm\u011b nab\u00edz\u00ed krom\u011b jackpotu i dal\u0161\u00ed v\u00fdhry, stejn\u011b jako v\u0161echny loterie, a krom\u011b jackpotu je k dispozici celkem 7 vedlej\u0161\u00edch v\u00fdher. Pokud se v\u00e1m poda\u0159\u00ed uhodnout pouh\u00e1 3 \u010d\u00edsla, z\u00edsk\u00e1te v\u00fdplatu.<\/p>\n<h2>Dovolte n\u00e1m, abychom se stali va\u0161\u00edm pr\u016fvodcem n\u011bmeckou loteri\u00ed i mimo ni<\/h2>\n<p>Vzhledem k tomu, jak popul\u00e1rn\u00ed jsou loterie po cel\u00e9m sv\u011bt\u011b, je p\u0159\u00edstup ke v\u0161em dobr\u00fdm loteri\u00edm snem ka\u017ed\u00e9ho loterijn\u00edho hr\u00e1\u010de. Pro\u010d hr\u00e1t jen jednu, kdy\u017e jich m\u00edsto toho m\u016f\u017eete hr\u00e1t tolik, kolik chcete? Pro\u010d se spokojit s jedn\u00edm nebo dv\u011bma slosov\u00e1n\u00edmi t\u00fddn\u011b, kdy\u017e jich m\u016f\u017eete m\u00edt des\u00edtky, pokud si to p\u0159ejete? Pro\u010d se tr\u00e1pit chozen\u00edm do obchodu, kdy\u017e si m\u016f\u017eete v\u0161echny losy koupit online?<\/p>\n<h2>Hr\u00e1li jste n\u011bmeck\u00e9 Lotto online a vyhr\u00e1li jste &#8211; co bude d\u00e1l?<\/h2>\n<p>Pom\u00e1h\u00e1me v\u00e1m na ka\u017ed\u00e9m kroku, od zasl\u00e1n\u00ed e-mailov\u00e9ho potvrzen\u00ed o n\u00e1kupu p\u0159es upozorn\u011bn\u00ed e-mailem, kdykoli vyhrajete, a\u017e po pomoc s vyplacen\u00edm vyhran\u00fdch pen\u011bz. V\u0161e je neuv\u011b\u0159iteln\u011b snadn\u00e9.<\/p>\n","protected":false},"excerpt":{"rendered":"<p>N\u011bmeck\u00e1 loterie Lotto je jednou z nejd\u00e9le provozovan\u00fdch loteri\u00ed na sv\u011bt\u011b, kon\u00e1 se ji\u017e v\u00edce ne\u017e 50 let. M\u016f\u017eete se vsadit, \u017ee v\u0161echny tyto zku\u0161enosti jim slou\u017e\u00ed velmi dob\u0159e a \u017ee jsou jednou z v\u011bt\u0161\u00edch evropsk\u00fdch zem\u00ed, kter\u00e9 si ponechaly vlastn\u00ed n\u00e1rodn\u00ed loterii a nespojily se s loteri\u00ed EuroMillions. N\u011bmci jsou tedy na sv\u00e9 n\u011bmeck\u00e9 [&hellip;]<\/p>\n","protected":false},"author":1,"featured_media":0,"parent":5012,"menu_order":11,"comment_status":"closed","ping_status":"closed","template":"lotto-german.php","meta":{"_et_pb_use_builder":"","_et_pb_old_content":"","_et_gb_content_width":"","exclude_from_search":false,"footnotes":""},"class_list":["post-79198","page","type-page","status-publish","hentry"],"yoast_head":"<!-- This site is optimized with the Yoast SEO plugin v23.4 - https:\/\/yoast.com\/wordpress\/plugins\/seo\/ -->\n<title>Hrajte n\u011bmeck\u00e9 Lotto online z \u010cesk\u00e9 republiky | Mohu se z\u00fa\u010dastnit n\u011bmeck\u00e9ho Lotto, pokud \u017eiji v \u010cesk\u00e9 republice?<\/title>\n<meta name=\"description\" content=\"Zahrajte si n\u011bmeck\u00e9 Lotto Lotto zde - na\u0161e slu\u017eba online tiket\u016f to umo\u017e\u0148uje z \u010cesk\u00e9 republiky\" \/>\n<meta name=\"robots\" content=\"index, follow, max-snippet:-1, max-image-preview:large, max-video-preview:-1\" \/>\n<link rel=\"canonical\" href=\"https:\/\/onlinelotto365.com\/cs\/hrat\/german-lotto\/\" \/>\n<meta property=\"og:locale\" content=\"cs_CZ\" \/>\n<meta property=\"og:type\" content=\"article\" \/>\n<meta property=\"og:title\" content=\"Hrajte n\u011bmeck\u00e9 Lotto online z \u010cesk\u00e9 republiky | Mohu se z\u00fa\u010dastnit n\u011bmeck\u00e9ho Lotto, pokud \u017eiji v \u010cesk\u00e9 republice?\" \/>\n<meta property=\"og:description\" content=\"Zahrajte si n\u011bmeck\u00e9 Lotto Lotto zde - na\u0161e slu\u017eba online tiket\u016f to umo\u017e\u0148uje z \u010cesk\u00e9 republiky\" \/>\n<meta property=\"og:url\" content=\"https:\/\/onlinelotto365.com\/cs\/hrat\/german-lotto\/\" \/>\n<meta property=\"og:site_name\" content=\"OnlineLotto365\" \/>\n<meta property=\"article:modified_time\" content=\"2022-11-02T09:20:54+00:00\" \/>\n<meta property=\"og:image\" content=\"https:\/\/redfoxlotto.com\/image?size=8&amp;lottery=lotto-6aus49\" \/>\n<meta name=\"twitter:card\" content=\"summary_large_image\" \/>\n<meta name=\"twitter:label1\" content=\"Odhadovan\u00e1 doba \u010dten\u00ed\" \/>\n\t<meta name=\"twitter:data1\" content=\"3 minuty\" \/>\n<script type=\"application\/ld+json\" class=\"yoast-schema-graph\">{\"@context\":\"https:\/\/schema.org\",\"@graph\":[{\"@type\":\"WebPage\",\"@id\":\"https:\/\/onlinelotto365.com\/cs\/hrat\/german-lotto\/\",\"url\":\"https:\/\/onlinelotto365.com\/cs\/hrat\/german-lotto\/\",\"name\":\"Hrajte n\u011bmeck\u00e9 Lotto online z \u010cesk\u00e9 republiky | Mohu se z\u00fa\u010dastnit n\u011bmeck\u00e9ho Lotto, pokud \u017eiji v \u010cesk\u00e9 republice?\",\"isPartOf\":{\"@id\":\"https:\/\/onlinelotto365.com\/cs\/#website\"},\"primaryImageOfPage\":{\"@id\":\"https:\/\/onlinelotto365.com\/cs\/hrat\/german-lotto\/#primaryimage\"},\"image\":{\"@id\":\"https:\/\/onlinelotto365.com\/cs\/hrat\/german-lotto\/#primaryimage\"},\"thumbnailUrl\":\"https:\/\/redfoxlotto.com\/image?size=8&amp;lottery=lotto-6aus49\",\"datePublished\":\"2022-11-02T09:20:27+00:00\",\"dateModified\":\"2022-11-02T09:20:54+00:00\",\"description\":\"Zahrajte si n\u011bmeck\u00e9 Lotto Lotto zde - na\u0161e slu\u017eba online tiket\u016f to umo\u017e\u0148uje z \u010cesk\u00e9 republiky\",\"breadcrumb\":{\"@id\":\"https:\/\/onlinelotto365.com\/cs\/hrat\/german-lotto\/#breadcrumb\"},\"inLanguage\":\"cs\",\"potentialAction\":[{\"@type\":\"ReadAction\",\"target\":[\"https:\/\/onlinelotto365.com\/cs\/hrat\/german-lotto\/\"]}]},{\"@type\":\"ImageObject\",\"inLanguage\":\"cs\",\"@id\":\"https:\/\/onlinelotto365.com\/cs\/hrat\/german-lotto\/#primaryimage\",\"url\":\"https:\/\/redfoxlotto.com\/image?size=8&amp;lottery=lotto-6aus49\",\"contentUrl\":\"https:\/\/redfoxlotto.com\/image?size=8&amp;lottery=lotto-6aus49\"},{\"@type\":\"BreadcrumbList\",\"@id\":\"https:\/\/onlinelotto365.com\/cs\/hrat\/german-lotto\/#breadcrumb\",\"itemListElement\":[{\"@type\":\"ListItem\",\"position\":1,\"name\":\"Home\",\"item\":\"https:\/\/onlinelotto365.com\/cs\/\"},{\"@type\":\"ListItem\",\"position\":2,\"name\":\"V\u0161e, co mus\u00edte v\u011bd\u011bt o mo\u017enostech hran\u00ed nejlep\u0161\u00edch loteri\u00ed online\",\"item\":\"https:\/\/onlinelotto365.com\/cs\/play\/\"},{\"@type\":\"ListItem\",\"position\":3,\"name\":\"\u00da\u010dast v n\u011bmeck\u00e9m Lotto z jin\u00fdch zem\u00ed\"}]},{\"@type\":\"WebSite\",\"@id\":\"https:\/\/onlinelotto365.com\/cs\/#website\",\"url\":\"https:\/\/onlinelotto365.com\/cs\/\",\"name\":\"OnlineLotto365\",\"description\":\"\",\"potentialAction\":[{\"@type\":\"SearchAction\",\"target\":{\"@type\":\"EntryPoint\",\"urlTemplate\":\"https:\/\/onlinelotto365.com\/cs\/?s={search_term_string}\"},\"query-input\":{\"@type\":\"PropertyValueSpecification\",\"valueRequired\":true,\"valueName\":\"search_term_string\"}}],\"inLanguage\":\"cs\"}]}<\/script>\n<!-- \/ Yoast SEO plugin. -->","yoast_head_json":{"title":"Hrajte n\u011bmeck\u00e9 Lotto online z \u010cesk\u00e9 republiky | Mohu se z\u00fa\u010dastnit n\u011bmeck\u00e9ho Lotto, pokud \u017eiji v \u010cesk\u00e9 republice?","description":"Zahrajte si n\u011bmeck\u00e9 Lotto Lotto zde - na\u0161e slu\u017eba online tiket\u016f to umo\u017e\u0148uje z \u010cesk\u00e9 republiky","robots":{"index":"index","follow":"follow","max-snippet":"max-snippet:-1","max-image-preview":"max-image-preview:large","max-video-preview":"max-video-preview:-1"},"canonical":"https:\/\/onlinelotto365.com\/cs\/hrat\/german-lotto\/","og_locale":"cs_CZ","og_type":"article","og_title":"Hrajte n\u011bmeck\u00e9 Lotto online z \u010cesk\u00e9 republiky | Mohu se z\u00fa\u010dastnit n\u011bmeck\u00e9ho Lotto, pokud \u017eiji v \u010cesk\u00e9 republice?","og_description":"Zahrajte si n\u011bmeck\u00e9 Lotto Lotto zde - na\u0161e slu\u017eba online tiket\u016f to umo\u017e\u0148uje z \u010cesk\u00e9 republiky","og_url":"https:\/\/onlinelotto365.com\/cs\/hrat\/german-lotto\/","og_site_name":"OnlineLotto365","article_modified_time":"2022-11-02T09:20:54+00:00","og_image":[{"url":"https:\/\/redfoxlotto.com\/image?size=8&amp;lottery=lotto-6aus49"}],"twitter_card":"summary_large_image","twitter_misc":{"Odhadovan\u00e1 doba \u010dten\u00ed":"3 minuty"},"schema":{"@context":"https:\/\/schema.org","@graph":[{"@type":"WebPage","@id":"https:\/\/onlinelotto365.com\/cs\/hrat\/german-lotto\/","url":"https:\/\/onlinelotto365.com\/cs\/hrat\/german-lotto\/","name":"Hrajte n\u011bmeck\u00e9 Lotto online z \u010cesk\u00e9 republiky | Mohu se z\u00fa\u010dastnit n\u011bmeck\u00e9ho Lotto, pokud \u017eiji v \u010cesk\u00e9 republice?","isPartOf":{"@id":"https:\/\/onlinelotto365.com\/cs\/#website"},"primaryImageOfPage":{"@id":"https:\/\/onlinelotto365.com\/cs\/hrat\/german-lotto\/#primaryimage"},"image":{"@id":"https:\/\/onlinelotto365.com\/cs\/hrat\/german-lotto\/#primaryimage"},"thumbnailUrl":"https:\/\/redfoxlotto.com\/image?size=8&amp;lottery=lotto-6aus49","datePublished":"2022-11-02T09:20:27+00:00","dateModified":"2022-11-02T09:20:54+00:00","description":"Zahrajte si n\u011bmeck\u00e9 Lotto Lotto zde - na\u0161e slu\u017eba online tiket\u016f to umo\u017e\u0148uje z \u010cesk\u00e9 republiky","breadcrumb":{"@id":"https:\/\/onlinelotto365.com\/cs\/hrat\/german-lotto\/#breadcrumb"},"inLanguage":"cs","potentialAction":[{"@type":"ReadAction","target":["https:\/\/onlinelotto365.com\/cs\/hrat\/german-lotto\/"]}]},{"@type":"ImageObject","inLanguage":"cs","@id":"https:\/\/onlinelotto365.com\/cs\/hrat\/german-lotto\/#primaryimage","url":"https:\/\/redfoxlotto.com\/image?size=8&amp;lottery=lotto-6aus49","contentUrl":"https:\/\/redfoxlotto.com\/image?size=8&amp;lottery=lotto-6aus49"},{"@type":"BreadcrumbList","@id":"https:\/\/onlinelotto365.com\/cs\/hrat\/german-lotto\/#breadcrumb","itemListElement":[{"@type":"ListItem","position":1,"name":"Home","item":"https:\/\/onlinelotto365.com\/cs\/"},{"@type":"ListItem","position":2,"name":"V\u0161e, co mus\u00edte v\u011bd\u011bt o mo\u017enostech hran\u00ed nejlep\u0161\u00edch loteri\u00ed online","item":"https:\/\/onlinelotto365.com\/cs\/play\/"},{"@type":"ListItem","position":3,"name":"\u00da\u010dast v n\u011bmeck\u00e9m Lotto z jin\u00fdch zem\u00ed"}]},{"@type":"WebSite","@id":"https:\/\/onlinelotto365.com\/cs\/#website","url":"https:\/\/onlinelotto365.com\/cs\/","name":"OnlineLotto365","description":"","potentialAction":[{"@type":"SearchAction","target":{"@type":"EntryPoint","urlTemplate":"https:\/\/onlinelotto365.com\/cs\/?s={search_term_string}"},"query-input":{"@type":"PropertyValueSpecification","valueRequired":true,"valueName":"search_term_string"}}],"inLanguage":"cs"}]}},"_links":{"self":[{"href":"https:\/\/onlinelotto365.com\/cs\/wp-json\/wp\/v2\/pages\/79198","targetHints":{"allow":["GET"]}}],"collection":[{"href":"https:\/\/onlinelotto365.com\/cs\/wp-json\/wp\/v2\/pages"}],"about":[{"href":"https:\/\/onlinelotto365.com\/cs\/wp-json\/wp\/v2\/types\/page"}],"author":[{"embeddable":true,"href":"https:\/\/onlinelotto365.com\/cs\/wp-json\/wp\/v2\/users\/1"}],"replies":[{"embeddable":true,"href":"https:\/\/onlinelotto365.com\/cs\/wp-json\/wp\/v2\/comments?post=79198"}],"version-history":[{"count":0,"href":"https:\/\/onlinelotto365.com\/cs\/wp-json\/wp\/v2\/pages\/79198\/revisions"}],"up":[{"embeddable":true,"href":"https:\/\/onlinelotto365.com\/cs\/wp-json\/wp\/v2\/pages\/5012"}],"wp:attachment":[{"href":"https:\/\/onlinelotto365.com\/cs\/wp-json\/wp\/v2\/media?parent=79198"}],"curies":[{"name":"wp","href":"https:\/\/api.w.org\/{rel}","templated":true}]}}