{"id":79235,"date":"2022-11-02T13:38:11","date_gmt":"2022-11-02T12:38:11","guid":{"rendered":"https:\/\/onlinelotto365.com\/?page_id=79235"},"modified":"2022-11-02T13:38:25","modified_gmt":"2022-11-02T12:38:25","slug":"la-primitiva","status":"publish","type":"page","link":"https:\/\/onlinelotto365.com\/cs\/hrat\/la-primitiva\/","title":{"rendered":"Jak hr\u00e1t \u0161pan\u011blskou loterii La Primitiva"},"content":{"rendered":"<h2>O spole\u010dnosti La Primitiva<\/h2>\n<p>Tato loterie ze \u0160pan\u011blska je zn\u00e1m\u00e1 tak\u00e9 pod n\u00e1zvem El Gordo, co\u017e je v\u0161ak zav\u00e1d\u011bj\u00edc\u00ed. Ve skute\u010dnosti je El Gordo p\u0159ezd\u00edvka v\u00e1no\u010dn\u00edho vyd\u00e1n\u00ed loterie La Primitiva. Zat\u00edmco La Primitivu m\u016f\u017eete hr\u00e1t po cel\u00fd rok, El Gordo se nab\u00edz\u00ed pouze na V\u00e1noce. La Primitivu mohou obyvatel\u00e9 \u010cesk\u00e9 republiky hr\u00e1t online prost\u0159ednictv\u00edm na\u0161ich webov\u00fdch str\u00e1nek.<\/p>\n<p>La Primitiva se losuje dvakr\u00e1t t\u00fddn\u011b. \u0160ance na v\u00fdhru jackpotu jsou pom\u011brn\u011b vysok\u00e9, proto\u017ee se nehraje o \u017e\u00e1dn\u00e1 \u010d\u00edsla nav\u00edc.<\/p>\n<p><a href=\"https:\/\/redfoxlotto.com\/play\/la-primitiva\/?ref=a8564250a2&amp;medium=ol365\" target=\"_blank\" rel=\"noopener noreferrer\"><img decoding=\"async\" class=\"aligncenter\" src=\"https:\/\/redfoxlotto.com\/image?size=8&amp;lottery=la-primitiva\" alt=\"La Primitiva\" \/><\/a><\/p>\n<p>&nbsp;<\/p>\n<ul>\n<li>Zem\u011b: \u0160pan\u011blsko<\/li>\n<li>Rozsah hlavn\u00edch \u010d\u00edsel: 49<\/li>\n<li>Mus\u00edte si vybrat: 6<\/li>\n<li>Dal\u0161\u00ed \u010d\u00edsla:<\/li>\n<li>Mus\u00edte vybrat: 1<\/li>\n<li>Dny, hodiny losov\u00e1n\u00ed: \u010ctvrtek, sobota, 21:30 CET &#8211; 21:30 CET<\/li>\n<li>Jackpot za\u010d\u00edn\u00e1 v: \u20ac 2 miliony<\/li>\n<li>Maxim\u00e1ln\u00ed v\u00fd\u0161e jackpotu: \u017e\u00e1dn\u00e1<\/li>\n<li>\u0160ance na v\u00fdhru: 1 ku 15537573<\/li>\n<li>\u0160ance na v\u00fdhru druh\u00e9 ceny: 1 ku 542008<\/li>\n<li>\u0160ance na v\u00fdhru jak\u00e9koli ceny: 1 ku 8,43<\/li>\n<li>Po\u010det v\u00fdhern\u00edch kategori\u00ed: 1: 9<\/li>\n<\/ul>\n<p>&nbsp;<\/p>\n<h2>Nejlep\u0161\u00ed vlastnosti hry La Primitiva<\/h2>\n<p>Jak ji\u017e bylo zm\u00edn\u011bno, skute\u010dnost, \u017ee mus\u00edte zahr\u00e1t pouze 6 \u010d\u00edsel ze 49 a \u017e\u00e1dn\u00e1 dal\u0161\u00ed \u010d\u00edsla, znamen\u00e1, \u017ee va\u0161e \u0161ance na v\u00fdhru jackpotu jsou skute\u010dn\u011b pom\u011brn\u011b vysok\u00e9.<\/p>\n<h2>Jak zkontrolovat v\u00fdsledky hry La Primitiva<\/h2>\n<p>Pokud jste si tiket zakoupili online z \u010cesk\u00e9 republiky nebo jin\u00e9 zem\u011b mimo \u0160pan\u011blsko, m\u016f\u017ee b\u00fdt zji\u0161t\u011bn\u00ed vylosovan\u00fdch \u010d\u00edsel a v\u00fd\u0161e v\u00fdhry obt\u00ed\u017en\u00e9. Ale zde na na\u0161ich webov\u00fdch str\u00e1nk\u00e1ch zve\u0159ej\u0148ujeme v\u00fdsledky hned po vylosov\u00e1n\u00ed \u010d\u00edsel loterie La Primitiva. Na sv\u016fj tiket se m\u016f\u017eete pod\u00edvat i ve sv\u00e9m hr\u00e1\u010dsk\u00e9m \u00fa\u010dtu, kde ihned uvid\u00edte, kter\u00e1 \u010d\u00edsla z va\u0161eho tiketu odpov\u00eddaj\u00ed v\u00fdsledk\u016fm losov\u00e1n\u00ed.<\/p>\n<h2><img loading=\"lazy\" decoding=\"async\" class=\"alignright size-full wp-image-905\" src=\"https:\/\/onlinelotto365.com\/wp-content\/uploads\/2020\/11\/online_lottery-71.jpg\" alt=\"hr\u00e1t la primitiva\" width=\"302\" height=\"100\" \/><br \/>\nHr\u00e1li jste online loterii La Primitiva a vyhr\u00e1li jste &#8211; co bude d\u00e1l?<\/h2>\n<p>Pokud v\u00e1\u0161 tiket vyhr\u00e1l cenu ni\u017e\u0161\u00ed ne\u017e 2500 eur, bude tato \u010d\u00e1stka na va\u0161em hr\u00e1\u010dsk\u00e9m \u00fa\u010dtu hned po losov\u00e1n\u00ed. Pokud jste vyhr\u00e1li vy\u0161\u0161\u00ed cenu, kontaktujte n\u00e1\u0161 servisn\u00ed t\u00fdm. Pomohou v\u00e1m nastavit v\u00fdplatu, a to bu\u010f p\u0159\u00edmo na v\u00e1\u0161 bankovn\u00ed \u00fa\u010det, nebo \u0161ekem.<\/p>\n","protected":false},"excerpt":{"rendered":"<p>O spole\u010dnosti La Primitiva Tato loterie ze \u0160pan\u011blska je zn\u00e1m\u00e1 tak\u00e9 pod n\u00e1zvem El Gordo, co\u017e je v\u0161ak zav\u00e1d\u011bj\u00edc\u00ed. Ve skute\u010dnosti je El Gordo p\u0159ezd\u00edvka v\u00e1no\u010dn\u00edho vyd\u00e1n\u00ed loterie La Primitiva. Zat\u00edmco La Primitivu m\u016f\u017eete hr\u00e1t po cel\u00fd rok, El Gordo se nab\u00edz\u00ed pouze na V\u00e1noce. La Primitivu mohou obyvatel\u00e9 \u010cesk\u00e9 republiky hr\u00e1t online prost\u0159ednictv\u00edm na\u0161ich [&hellip;]<\/p>\n","protected":false},"author":1,"featured_media":0,"parent":5012,"menu_order":7,"comment_status":"closed","ping_status":"closed","template":"la-primitiva.php","meta":{"_et_pb_use_builder":"","_et_pb_old_content":"","_et_gb_content_width":"","exclude_from_search":false,"footnotes":""},"class_list":["post-79235","page","type-page","status-publish","hentry"],"yoast_head":"<!-- This site is optimized with the Yoast SEO plugin v23.4 - https:\/\/yoast.com\/wordpress\/plugins\/seo\/ -->\n<title>Hrajte La Primitiva \u0160pan\u011blsko online | La Primitiva z \u010cesk\u00e9 republiky<\/title>\n<meta name=\"description\" content=\"\u0160pan\u011blskou loterii La Primitiva lze nyn\u00ed hr\u00e1t online z \u010cesk\u00e9 republiky\" \/>\n<meta name=\"robots\" content=\"index, follow, max-snippet:-1, max-image-preview:large, max-video-preview:-1\" \/>\n<link rel=\"canonical\" href=\"https:\/\/onlinelotto365.com\/cs\/hrat\/la-primitiva\/\" \/>\n<meta property=\"og:locale\" content=\"cs_CZ\" \/>\n<meta property=\"og:type\" content=\"article\" \/>\n<meta property=\"og:title\" content=\"Hrajte La Primitiva \u0160pan\u011blsko online | La Primitiva z \u010cesk\u00e9 republiky\" \/>\n<meta property=\"og:description\" content=\"\u0160pan\u011blskou loterii La Primitiva lze nyn\u00ed hr\u00e1t online z \u010cesk\u00e9 republiky\" \/>\n<meta property=\"og:url\" content=\"https:\/\/onlinelotto365.com\/cs\/hrat\/la-primitiva\/\" \/>\n<meta property=\"og:site_name\" content=\"OnlineLotto365\" \/>\n<meta property=\"article:modified_time\" content=\"2022-11-02T12:38:25+00:00\" \/>\n<meta property=\"og:image\" content=\"https:\/\/redfoxlotto.com\/image?size=8&amp;lottery=la-primitiva\" \/>\n<meta name=\"twitter:card\" content=\"summary_large_image\" \/>\n<meta name=\"twitter:label1\" content=\"Odhadovan\u00e1 doba \u010dten\u00ed\" \/>\n\t<meta name=\"twitter:data1\" content=\"2 minuty\" \/>\n<script type=\"application\/ld+json\" class=\"yoast-schema-graph\">{\"@context\":\"https:\/\/schema.org\",\"@graph\":[{\"@type\":\"WebPage\",\"@id\":\"https:\/\/onlinelotto365.com\/cs\/hrat\/la-primitiva\/\",\"url\":\"https:\/\/onlinelotto365.com\/cs\/hrat\/la-primitiva\/\",\"name\":\"Hrajte La Primitiva \u0160pan\u011blsko online | La Primitiva z \u010cesk\u00e9 republiky\",\"isPartOf\":{\"@id\":\"https:\/\/onlinelotto365.com\/cs\/#website\"},\"primaryImageOfPage\":{\"@id\":\"https:\/\/onlinelotto365.com\/cs\/hrat\/la-primitiva\/#primaryimage\"},\"image\":{\"@id\":\"https:\/\/onlinelotto365.com\/cs\/hrat\/la-primitiva\/#primaryimage\"},\"thumbnailUrl\":\"https:\/\/redfoxlotto.com\/image?size=8&amp;lottery=la-primitiva\",\"datePublished\":\"2022-11-02T12:38:11+00:00\",\"dateModified\":\"2022-11-02T12:38:25+00:00\",\"description\":\"\u0160pan\u011blskou loterii La Primitiva lze nyn\u00ed hr\u00e1t online z \u010cesk\u00e9 republiky\",\"breadcrumb\":{\"@id\":\"https:\/\/onlinelotto365.com\/cs\/hrat\/la-primitiva\/#breadcrumb\"},\"inLanguage\":\"cs\",\"potentialAction\":[{\"@type\":\"ReadAction\",\"target\":[\"https:\/\/onlinelotto365.com\/cs\/hrat\/la-primitiva\/\"]}]},{\"@type\":\"ImageObject\",\"inLanguage\":\"cs\",\"@id\":\"https:\/\/onlinelotto365.com\/cs\/hrat\/la-primitiva\/#primaryimage\",\"url\":\"https:\/\/redfoxlotto.com\/image?size=8&amp;lottery=la-primitiva\",\"contentUrl\":\"https:\/\/redfoxlotto.com\/image?size=8&amp;lottery=la-primitiva\"},{\"@type\":\"BreadcrumbList\",\"@id\":\"https:\/\/onlinelotto365.com\/cs\/hrat\/la-primitiva\/#breadcrumb\",\"itemListElement\":[{\"@type\":\"ListItem\",\"position\":1,\"name\":\"Home\",\"item\":\"https:\/\/onlinelotto365.com\/cs\/\"},{\"@type\":\"ListItem\",\"position\":2,\"name\":\"V\u0161e, co mus\u00edte v\u011bd\u011bt o mo\u017enostech hran\u00ed nejlep\u0161\u00edch loteri\u00ed online\",\"item\":\"https:\/\/onlinelotto365.com\/cs\/play\/\"},{\"@type\":\"ListItem\",\"position\":3,\"name\":\"Jak hr\u00e1t \u0161pan\u011blskou loterii La Primitiva\"}]},{\"@type\":\"WebSite\",\"@id\":\"https:\/\/onlinelotto365.com\/cs\/#website\",\"url\":\"https:\/\/onlinelotto365.com\/cs\/\",\"name\":\"OnlineLotto365\",\"description\":\"\",\"potentialAction\":[{\"@type\":\"SearchAction\",\"target\":{\"@type\":\"EntryPoint\",\"urlTemplate\":\"https:\/\/onlinelotto365.com\/cs\/?s={search_term_string}\"},\"query-input\":{\"@type\":\"PropertyValueSpecification\",\"valueRequired\":true,\"valueName\":\"search_term_string\"}}],\"inLanguage\":\"cs\"}]}<\/script>\n<!-- \/ Yoast SEO plugin. -->","yoast_head_json":{"title":"Hrajte La Primitiva \u0160pan\u011blsko online | La Primitiva z \u010cesk\u00e9 republiky","description":"\u0160pan\u011blskou loterii La Primitiva lze nyn\u00ed hr\u00e1t online z \u010cesk\u00e9 republiky","robots":{"index":"index","follow":"follow","max-snippet":"max-snippet:-1","max-image-preview":"max-image-preview:large","max-video-preview":"max-video-preview:-1"},"canonical":"https:\/\/onlinelotto365.com\/cs\/hrat\/la-primitiva\/","og_locale":"cs_CZ","og_type":"article","og_title":"Hrajte La Primitiva \u0160pan\u011blsko online | La Primitiva z \u010cesk\u00e9 republiky","og_description":"\u0160pan\u011blskou loterii La Primitiva lze nyn\u00ed hr\u00e1t online z \u010cesk\u00e9 republiky","og_url":"https:\/\/onlinelotto365.com\/cs\/hrat\/la-primitiva\/","og_site_name":"OnlineLotto365","article_modified_time":"2022-11-02T12:38:25+00:00","og_image":[{"url":"https:\/\/redfoxlotto.com\/image?size=8&amp;lottery=la-primitiva"}],"twitter_card":"summary_large_image","twitter_misc":{"Odhadovan\u00e1 doba \u010dten\u00ed":"2 minuty"},"schema":{"@context":"https:\/\/schema.org","@graph":[{"@type":"WebPage","@id":"https:\/\/onlinelotto365.com\/cs\/hrat\/la-primitiva\/","url":"https:\/\/onlinelotto365.com\/cs\/hrat\/la-primitiva\/","name":"Hrajte La Primitiva \u0160pan\u011blsko online | La Primitiva z \u010cesk\u00e9 republiky","isPartOf":{"@id":"https:\/\/onlinelotto365.com\/cs\/#website"},"primaryImageOfPage":{"@id":"https:\/\/onlinelotto365.com\/cs\/hrat\/la-primitiva\/#primaryimage"},"image":{"@id":"https:\/\/onlinelotto365.com\/cs\/hrat\/la-primitiva\/#primaryimage"},"thumbnailUrl":"https:\/\/redfoxlotto.com\/image?size=8&amp;lottery=la-primitiva","datePublished":"2022-11-02T12:38:11+00:00","dateModified":"2022-11-02T12:38:25+00:00","description":"\u0160pan\u011blskou loterii La Primitiva lze nyn\u00ed hr\u00e1t online z \u010cesk\u00e9 republiky","breadcrumb":{"@id":"https:\/\/onlinelotto365.com\/cs\/hrat\/la-primitiva\/#breadcrumb"},"inLanguage":"cs","potentialAction":[{"@type":"ReadAction","target":["https:\/\/onlinelotto365.com\/cs\/hrat\/la-primitiva\/"]}]},{"@type":"ImageObject","inLanguage":"cs","@id":"https:\/\/onlinelotto365.com\/cs\/hrat\/la-primitiva\/#primaryimage","url":"https:\/\/redfoxlotto.com\/image?size=8&amp;lottery=la-primitiva","contentUrl":"https:\/\/redfoxlotto.com\/image?size=8&amp;lottery=la-primitiva"},{"@type":"BreadcrumbList","@id":"https:\/\/onlinelotto365.com\/cs\/hrat\/la-primitiva\/#breadcrumb","itemListElement":[{"@type":"ListItem","position":1,"name":"Home","item":"https:\/\/onlinelotto365.com\/cs\/"},{"@type":"ListItem","position":2,"name":"V\u0161e, co mus\u00edte v\u011bd\u011bt o mo\u017enostech hran\u00ed nejlep\u0161\u00edch loteri\u00ed online","item":"https:\/\/onlinelotto365.com\/cs\/play\/"},{"@type":"ListItem","position":3,"name":"Jak hr\u00e1t \u0161pan\u011blskou loterii La Primitiva"}]},{"@type":"WebSite","@id":"https:\/\/onlinelotto365.com\/cs\/#website","url":"https:\/\/onlinelotto365.com\/cs\/","name":"OnlineLotto365","description":"","potentialAction":[{"@type":"SearchAction","target":{"@type":"EntryPoint","urlTemplate":"https:\/\/onlinelotto365.com\/cs\/?s={search_term_string}"},"query-input":{"@type":"PropertyValueSpecification","valueRequired":true,"valueName":"search_term_string"}}],"inLanguage":"cs"}]}},"_links":{"self":[{"href":"https:\/\/onlinelotto365.com\/cs\/wp-json\/wp\/v2\/pages\/79235","targetHints":{"allow":["GET"]}}],"collection":[{"href":"https:\/\/onlinelotto365.com\/cs\/wp-json\/wp\/v2\/pages"}],"about":[{"href":"https:\/\/onlinelotto365.com\/cs\/wp-json\/wp\/v2\/types\/page"}],"author":[{"embeddable":true,"href":"https:\/\/onlinelotto365.com\/cs\/wp-json\/wp\/v2\/users\/1"}],"replies":[{"embeddable":true,"href":"https:\/\/onlinelotto365.com\/cs\/wp-json\/wp\/v2\/comments?post=79235"}],"version-history":[{"count":0,"href":"https:\/\/onlinelotto365.com\/cs\/wp-json\/wp\/v2\/pages\/79235\/revisions"}],"up":[{"embeddable":true,"href":"https:\/\/onlinelotto365.com\/cs\/wp-json\/wp\/v2\/pages\/5012"}],"wp:attachment":[{"href":"https:\/\/onlinelotto365.com\/cs\/wp-json\/wp\/v2\/media?parent=79235"}],"curies":[{"name":"wp","href":"https:\/\/api.w.org\/{rel}","templated":true}]}}