{"id":79316,"date":"2022-11-03T11:21:33","date_gmt":"2022-11-03T10:21:33","guid":{"rendered":"https:\/\/onlinelotto365.com\/?page_id=79316"},"modified":"2022-11-03T11:23:25","modified_gmt":"2022-11-03T10:23:25","slug":"oz-lotto","status":"publish","type":"page","link":"https:\/\/onlinelotto365.com\/cs\/hrat\/oz-lotto\/","title":{"rendered":"Hran\u00ed Oz Lotto je jen jednou z mo\u017enost\u00ed pro fanou\u0161ky loterie z \u010cesk\u00e9 republiky."},"content":{"rendered":"<h2>Jak hr\u00e1t Oz Lotto online<\/h2>\n<p>A\u0165 u\u017e \u017eijete v \u010cesk\u00e9 republice, nebo ne, m\u016f\u017eete hr\u00e1t Oz Lotto online bez probl\u00e9m\u016f. To proto, \u017ee na na\u0161ich webov\u00fdch str\u00e1nk\u00e1ch sta\u010d\u00ed naj\u00edt spr\u00e1vnou str\u00e1nku, kliknout na n\u011bkolik tla\u010d\u00edtek a ne\u017e se nad\u011bjete, budete m\u00edt k dispozici po\u017eadovan\u00e9 tikety.<\/p>\n<p>A co v\u00edc, sta\u010d\u00ed si zalo\u017eit zcela bezplatn\u00fd \u00fa\u010det, vybrat si tikety a \u010d\u00edsla, kter\u00e1 chcete, zvolit zp\u016fsob platby, kter\u00fd v\u00e1m nejl\u00e9pe vyhovuje, a je hotovo. Je to opravdu tak jednoduch\u00e9.<\/p>\n<p>Pokud jste p\u0159ipraveni za\u010d\u00edt, prvn\u00ed v\u011bc, kterou mus\u00edte ud\u011blat, je vybrat si lotto, kter\u00e9 chcete. V tomto p\u0159\u00edpad\u011b se d\u00edv\u00e1te na Oz Lotto. Jakmile se dostanete dovnit\u0159, sta\u010d\u00ed si vybrat \u010d\u00edsla, kter\u00e1 chcete hr\u00e1t. Nemus\u00edte se ani ob\u00e1vat, \u017ee byste \u010d\u00edsla vybrali \u0161patn\u011b, proto\u017ee syst\u00e9m v\u00e1m d\u00e1 v\u011bd\u011bt, co pot\u0159ebujete.<\/p>\n<p>To znamen\u00e1 i mno\u017estv\u00ed \u010d\u00edsel. Nav\u00edc si m\u016f\u017eete zvolit rychl\u00fd v\u00fdb\u011br, aby v\u00e1m po\u010d\u00edta\u010d n\u00e1hodn\u011b vybral \u010d\u00edsla, a pak tato \u010d\u00edsla tak\u00e9 upravit.<br \/>\nJakmile z\u00edsk\u00e1te po\u017eadovan\u00e9 tikety pro hru Oz Lotto, m\u016f\u017eete si vybrat, zda chcete p\u0159idat je\u0161t\u011b v\u00edce tiket\u016f, vybrat si jinou hru a p\u0159idat tyto tikety, nebo jen p\u0159idat sv\u00e9 tikety do objedn\u00e1vky k n\u00e1kupu. Zkontrolujte a zapla\u0165te preferovanou platebn\u00ed metodou a budete m\u00edt v\u0161e p\u0159ipraveno. I kdy\u017e si samoz\u0159ejm\u011b budete muset vytvo\u0159it \u00fa\u010det, abyste pro\u0161li cel\u00fdm pokladn\u00edm procesem.<\/p>\n<p>Vytvo\u0159en\u00ed \u00fa\u010dtu je snadn\u00e9 a ihned v\u00e1m za\u0161leme ov\u011b\u0159ovac\u00ed e-mail a odkaz. D\u00edky tomu se m\u016f\u017eete rovnou vrhnout na n\u00e1kup t\u011bchto vstupenek, ani\u017e byste museli \u010dekat. Jen se ujist\u011bte, \u017ee si kontrolujete doru\u010denou po\u0161tu a slo\u017eku se spamem, proto\u017ee bez potvrzen\u00ed nebudete moci vstupenky z\u00edskat. Za chv\u00edli budete p\u0159ipraveni vyrazit.<\/p>\n<p><a href=\"https:\/\/redfoxlotto.com\/play\/oz-lotto\/?ref=a8564250a2&amp;medium=ol365\" target=\"_blank\" rel=\"noopener noreferrer\"><img decoding=\"async\" class=\"aligncenter\" src=\"https:\/\/redfoxlotto.com\/image?size=8&amp;lottery=oz-lotto\" alt=\"Oz Lotto\" \/><\/a><\/p>\n<h2>O programu Oz Lotto<\/h2>\n<ul>\n<li>. Austr\u00e1lie<\/li>\n<li>Rozsah hlavn\u00edch \u010d\u00edsel: 45<\/li>\n<li>Mus\u00edte si vybrat: 7<\/li>\n<li>Dny, hodiny slosov\u00e1n\u00ed: \u00dater\u00fd, 21:30 GMT+11 &#8211; 10:30 CET<\/li>\n<li>Jackpot za\u010d\u00edn\u00e1 v: AU$.<\/li>\n<li>Jackpot je omezen na: \u017e\u00e1dn\u00fd<\/li>\n<li>\u0160ance na v\u00fdhru: 1 ku 45379620<\/li>\n<li>\u0160ance na v\u00fdhru druh\u00e9 ceny: 1 ku 3241401<\/li>\n<li>\u0160ance na v\u00fdhru jak\u00e9koli ceny: 1 ku 54,59<\/li>\n<li>Po\u010det v\u00fdhern\u00edch kategori\u00ed: 1: 7<\/li>\n<\/ul>\n<h2>Nejlep\u0161\u00ed vlastnosti programu Oz Lotto<\/h2>\n<p>Oz Lotto v\u00e1m d\u00e1v\u00e1 mo\u017enost vyhr\u00e1t v sedmi r\u016fzn\u00fdch diviz\u00edch, \u010d\u00edm\u017e zvy\u0161uje va\u0161e \u0161ance na z\u00edsk\u00e1n\u00ed skv\u011bl\u00e9 v\u00fdhry. Nejen to, ale pokud vyhrajete v divizi 1, m\u00e1te jistotu, \u017ee si rozd\u011bl\u00edte v\u00fdhru ve v\u00fd\u0161i 2 milion\u016f dolar\u016f a \u010dasto i mnohem vy\u0161\u0161\u00ed. To znamen\u00e1, \u017ee nebudete m\u00edt probl\u00e9m vyhr\u00e1t n\u011bco velk\u00e9ho nebo alespo\u0148 z\u00edskat pod\u00edl na jedn\u00e9 ze skv\u011bl\u00fdch mo\u017enost\u00ed v\u00fdhry.<\/p>\n<h2>Jak zkontrolovat v\u00fdsledky hry Oz Lotto<\/h2>\n<p>Existuje spousta zp\u016fsob\u016f, jak zkontrolovat v\u00fdhern\u00ed \u010d\u00edsla programu Oz Lotto. Prvn\u00edm z nich je n\u00e1v\u0161t\u011bva ofici\u00e1ln\u00edch internetov\u00fdch str\u00e1nek nebo kontrola m\u00edstn\u00edch loteri\u00ed prost\u0159ednictv\u00edm vlastn\u00edch novin nebo obl\u00edben\u00e9ho zpravodajsk\u00e9ho kan\u00e1lu. To v\u0161ak funguje pouze v p\u0159\u00edpad\u011b, \u017ee se jedn\u00e1 o m\u00edstn\u00ed hru. A nejlep\u0161\u00ed zp\u016fsob, jak m\u016f\u017eete z\u00edskat \u010d\u00edsla loterie, je vr\u00e1tit se p\u0159\u00edmo na na\u0161e str\u00e1nky.<br \/>\nKoneckonc\u016f jste si zde koupili tikety, tak pro\u010d ne? Budete se moci p\u0159ihl\u00e1sit p\u0159\u00edmo do sv\u00e9ho \u00fa\u010dtu a porovnat sv\u00e1 \u010d\u00edsla s v\u00fdhern\u00edmi \u010d\u00edsly, abyste zjistili, kolik jste vyhr\u00e1li.<\/p>\n<h2>Jste v\u00edt\u011bzem programu Oz Lotto! &#8211; Co te\u010f?<\/h2>\n<p>Prvn\u00ed v\u011bc, kterou budete cht\u00edt v\u011bd\u011bt, je, kolik z\u00edsk\u00e1te. Koneckonc\u016f, ka\u017ed\u00fd chce v\u011bd\u011bt o sv\u00e9 v\u00fdh\u0159e, \u017ee? Pokud jste vyhr\u00e1li m\u00e9n\u011b ne\u017e 2500 eur, nemus\u00edte d\u011blat nic. O vyzvednut\u00ed v\u00fdhry se postar\u00e1me my a p\u0159evedeme ji p\u0159\u00edmo na v\u00e1\u0161 online \u00fa\u010det. Odtud si m\u016f\u017eete vybrat, zda si ji vyberete, koup\u00edte si nov\u00e9 tikety nebo cokoli jin\u00e9ho, pokud tedy m\u00e1te v\u00edce ne\u017e 10 \u20ac.<br \/>\n<img loading=\"lazy\" decoding=\"async\" class=\"alignright wp-image-3635\" src=\"https:\/\/onlinelotto365.com\/wp-content\/uploads\/2020\/11\/online_lottery-123-300x300.jpg\" alt=\"Hr\u00e1t oz lotto online\" width=\"228\" height=\"228\" srcset=\"https:\/\/onlinelotto365.com\/wp-content\/uploads\/2020\/11\/online_lottery-123-300x300.jpg 300w, https:\/\/onlinelotto365.com\/wp-content\/uploads\/2020\/11\/online_lottery-123-100x100.jpg 100w, https:\/\/onlinelotto365.com\/wp-content\/uploads\/2020\/11\/online_lottery-123-150x150.jpg 150w, https:\/\/onlinelotto365.com\/wp-content\/uploads\/2020\/11\/online_lottery-123.jpg 320w\" sizes=\"auto, (max-width: 228px) 100vw, 228px\" \/><\/p>\n<p>Pokud jste vyhr\u00e1li v\u00edce ne\u017e 2500 \u20ac, je s t\u00edmto procesem spojeno o n\u011bco v\u00edce, ale nebojte se, proto\u017ee v\u00e1m se v\u0161\u00edm pom\u016f\u017eeme. Spoj\u00edme se s v\u00e1mi a poskytneme v\u00e1m kopii formul\u00e1\u0159e \u017e\u00e1dosti, kterou je t\u0159eba zaslat loterijn\u00ed komisi. Po jeho vypln\u011bn\u00ed budete moci z\u00edskat svou v\u00fdhru podle toho, co jste na pap\u00ed\u0159e p\u0159edlo\u017eili. M\u016f\u017eete dostat \u0161ek nebo bankovn\u00ed p\u0159evod.<\/p>\n","protected":false},"excerpt":{"rendered":"<p>Jak hr\u00e1t Oz Lotto online A\u0165 u\u017e \u017eijete v \u010cesk\u00e9 republice, nebo ne, m\u016f\u017eete hr\u00e1t Oz Lotto online bez probl\u00e9m\u016f. To proto, \u017ee na na\u0161ich webov\u00fdch str\u00e1nk\u00e1ch sta\u010d\u00ed naj\u00edt spr\u00e1vnou str\u00e1nku, kliknout na n\u011bkolik tla\u010d\u00edtek a ne\u017e se nad\u011bjete, budete m\u00edt k dispozici po\u017eadovan\u00e9 tikety. A co v\u00edc, sta\u010d\u00ed si zalo\u017eit zcela bezplatn\u00fd \u00fa\u010det, vybrat [&hellip;]<\/p>\n","protected":false},"author":1,"featured_media":0,"parent":5012,"menu_order":14,"comment_status":"closed","ping_status":"closed","template":"template-rightsidebar.php","meta":{"_et_pb_use_builder":"","_et_pb_old_content":"","_et_gb_content_width":"","exclude_from_search":false,"footnotes":""},"class_list":["post-79316","page","type-page","status-publish","hentry"],"yoast_head":"<!-- This site is optimized with the Yoast SEO plugin v23.4 - https:\/\/yoast.com\/wordpress\/plugins\/seo\/ -->\n<title>Zahrajte si Oz Lotto p\u0159\u00edmo zde - nejv\u011bt\u0161\u00ed loterie planety, dostupn\u00e9 online z \u010cesk\u00e9 republiky<\/title>\n<meta name=\"description\" content=\"Hrajte mnoho mezin\u00e1rodn\u00edch loteri\u00ed online, v\u010detn\u011b OzLotto\" \/>\n<meta name=\"robots\" content=\"index, follow, max-snippet:-1, max-image-preview:large, max-video-preview:-1\" \/>\n<link rel=\"canonical\" href=\"https:\/\/onlinelotto365.com\/cs\/hrat\/oz-lotto\/\" \/>\n<meta property=\"og:locale\" content=\"cs_CZ\" \/>\n<meta property=\"og:type\" content=\"article\" \/>\n<meta property=\"og:title\" content=\"Zahrajte si Oz Lotto p\u0159\u00edmo zde - nejv\u011bt\u0161\u00ed loterie planety, dostupn\u00e9 online z \u010cesk\u00e9 republiky\" \/>\n<meta property=\"og:description\" content=\"Hrajte mnoho mezin\u00e1rodn\u00edch loteri\u00ed online, v\u010detn\u011b OzLotto\" \/>\n<meta property=\"og:url\" content=\"https:\/\/onlinelotto365.com\/cs\/hrat\/oz-lotto\/\" \/>\n<meta property=\"og:site_name\" content=\"OnlineLotto365\" \/>\n<meta property=\"article:modified_time\" content=\"2022-11-03T10:23:25+00:00\" \/>\n<meta property=\"og:image\" content=\"https:\/\/redfoxlotto.com\/image?size=8&amp;lottery=oz-lotto\" \/>\n<meta name=\"twitter:card\" content=\"summary_large_image\" \/>\n<meta name=\"twitter:label1\" content=\"Odhadovan\u00e1 doba \u010dten\u00ed\" \/>\n\t<meta name=\"twitter:data1\" content=\"4 minuty\" \/>\n<script type=\"application\/ld+json\" class=\"yoast-schema-graph\">{\"@context\":\"https:\/\/schema.org\",\"@graph\":[{\"@type\":\"WebPage\",\"@id\":\"https:\/\/onlinelotto365.com\/cs\/hrat\/oz-lotto\/\",\"url\":\"https:\/\/onlinelotto365.com\/cs\/hrat\/oz-lotto\/\",\"name\":\"Zahrajte si Oz Lotto p\u0159\u00edmo zde - nejv\u011bt\u0161\u00ed loterie planety, dostupn\u00e9 online z \u010cesk\u00e9 republiky\",\"isPartOf\":{\"@id\":\"https:\/\/onlinelotto365.com\/cs\/#website\"},\"primaryImageOfPage\":{\"@id\":\"https:\/\/onlinelotto365.com\/cs\/hrat\/oz-lotto\/#primaryimage\"},\"image\":{\"@id\":\"https:\/\/onlinelotto365.com\/cs\/hrat\/oz-lotto\/#primaryimage\"},\"thumbnailUrl\":\"https:\/\/redfoxlotto.com\/image?size=8&amp;lottery=oz-lotto\",\"datePublished\":\"2022-11-03T10:21:33+00:00\",\"dateModified\":\"2022-11-03T10:23:25+00:00\",\"description\":\"Hrajte mnoho mezin\u00e1rodn\u00edch loteri\u00ed online, v\u010detn\u011b OzLotto\",\"breadcrumb\":{\"@id\":\"https:\/\/onlinelotto365.com\/cs\/hrat\/oz-lotto\/#breadcrumb\"},\"inLanguage\":\"cs\",\"potentialAction\":[{\"@type\":\"ReadAction\",\"target\":[\"https:\/\/onlinelotto365.com\/cs\/hrat\/oz-lotto\/\"]}]},{\"@type\":\"ImageObject\",\"inLanguage\":\"cs\",\"@id\":\"https:\/\/onlinelotto365.com\/cs\/hrat\/oz-lotto\/#primaryimage\",\"url\":\"https:\/\/redfoxlotto.com\/image?size=8&amp;lottery=oz-lotto\",\"contentUrl\":\"https:\/\/redfoxlotto.com\/image?size=8&amp;lottery=oz-lotto\"},{\"@type\":\"BreadcrumbList\",\"@id\":\"https:\/\/onlinelotto365.com\/cs\/hrat\/oz-lotto\/#breadcrumb\",\"itemListElement\":[{\"@type\":\"ListItem\",\"position\":1,\"name\":\"Home\",\"item\":\"https:\/\/onlinelotto365.com\/cs\/\"},{\"@type\":\"ListItem\",\"position\":2,\"name\":\"V\u0161e, co mus\u00edte v\u011bd\u011bt o mo\u017enostech hran\u00ed nejlep\u0161\u00edch loteri\u00ed online\",\"item\":\"https:\/\/onlinelotto365.com\/cs\/play\/\"},{\"@type\":\"ListItem\",\"position\":3,\"name\":\"Hran\u00ed Oz Lotto je jen jednou z mo\u017enost\u00ed pro fanou\u0161ky loterie z \u010cesk\u00e9 republiky.\"}]},{\"@type\":\"WebSite\",\"@id\":\"https:\/\/onlinelotto365.com\/cs\/#website\",\"url\":\"https:\/\/onlinelotto365.com\/cs\/\",\"name\":\"OnlineLotto365\",\"description\":\"\",\"potentialAction\":[{\"@type\":\"SearchAction\",\"target\":{\"@type\":\"EntryPoint\",\"urlTemplate\":\"https:\/\/onlinelotto365.com\/cs\/?s={search_term_string}\"},\"query-input\":{\"@type\":\"PropertyValueSpecification\",\"valueRequired\":true,\"valueName\":\"search_term_string\"}}],\"inLanguage\":\"cs\"}]}<\/script>\n<!-- \/ Yoast SEO plugin. -->","yoast_head_json":{"title":"Zahrajte si Oz Lotto p\u0159\u00edmo zde - nejv\u011bt\u0161\u00ed loterie planety, dostupn\u00e9 online z \u010cesk\u00e9 republiky","description":"Hrajte mnoho mezin\u00e1rodn\u00edch loteri\u00ed online, v\u010detn\u011b OzLotto","robots":{"index":"index","follow":"follow","max-snippet":"max-snippet:-1","max-image-preview":"max-image-preview:large","max-video-preview":"max-video-preview:-1"},"canonical":"https:\/\/onlinelotto365.com\/cs\/hrat\/oz-lotto\/","og_locale":"cs_CZ","og_type":"article","og_title":"Zahrajte si Oz Lotto p\u0159\u00edmo zde - nejv\u011bt\u0161\u00ed loterie planety, dostupn\u00e9 online z \u010cesk\u00e9 republiky","og_description":"Hrajte mnoho mezin\u00e1rodn\u00edch loteri\u00ed online, v\u010detn\u011b OzLotto","og_url":"https:\/\/onlinelotto365.com\/cs\/hrat\/oz-lotto\/","og_site_name":"OnlineLotto365","article_modified_time":"2022-11-03T10:23:25+00:00","og_image":[{"url":"https:\/\/redfoxlotto.com\/image?size=8&amp;lottery=oz-lotto"}],"twitter_card":"summary_large_image","twitter_misc":{"Odhadovan\u00e1 doba \u010dten\u00ed":"4 minuty"},"schema":{"@context":"https:\/\/schema.org","@graph":[{"@type":"WebPage","@id":"https:\/\/onlinelotto365.com\/cs\/hrat\/oz-lotto\/","url":"https:\/\/onlinelotto365.com\/cs\/hrat\/oz-lotto\/","name":"Zahrajte si Oz Lotto p\u0159\u00edmo zde - nejv\u011bt\u0161\u00ed loterie planety, dostupn\u00e9 online z \u010cesk\u00e9 republiky","isPartOf":{"@id":"https:\/\/onlinelotto365.com\/cs\/#website"},"primaryImageOfPage":{"@id":"https:\/\/onlinelotto365.com\/cs\/hrat\/oz-lotto\/#primaryimage"},"image":{"@id":"https:\/\/onlinelotto365.com\/cs\/hrat\/oz-lotto\/#primaryimage"},"thumbnailUrl":"https:\/\/redfoxlotto.com\/image?size=8&amp;lottery=oz-lotto","datePublished":"2022-11-03T10:21:33+00:00","dateModified":"2022-11-03T10:23:25+00:00","description":"Hrajte mnoho mezin\u00e1rodn\u00edch loteri\u00ed online, v\u010detn\u011b OzLotto","breadcrumb":{"@id":"https:\/\/onlinelotto365.com\/cs\/hrat\/oz-lotto\/#breadcrumb"},"inLanguage":"cs","potentialAction":[{"@type":"ReadAction","target":["https:\/\/onlinelotto365.com\/cs\/hrat\/oz-lotto\/"]}]},{"@type":"ImageObject","inLanguage":"cs","@id":"https:\/\/onlinelotto365.com\/cs\/hrat\/oz-lotto\/#primaryimage","url":"https:\/\/redfoxlotto.com\/image?size=8&amp;lottery=oz-lotto","contentUrl":"https:\/\/redfoxlotto.com\/image?size=8&amp;lottery=oz-lotto"},{"@type":"BreadcrumbList","@id":"https:\/\/onlinelotto365.com\/cs\/hrat\/oz-lotto\/#breadcrumb","itemListElement":[{"@type":"ListItem","position":1,"name":"Home","item":"https:\/\/onlinelotto365.com\/cs\/"},{"@type":"ListItem","position":2,"name":"V\u0161e, co mus\u00edte v\u011bd\u011bt o mo\u017enostech hran\u00ed nejlep\u0161\u00edch loteri\u00ed online","item":"https:\/\/onlinelotto365.com\/cs\/play\/"},{"@type":"ListItem","position":3,"name":"Hran\u00ed Oz Lotto je jen jednou z mo\u017enost\u00ed pro fanou\u0161ky loterie z \u010cesk\u00e9 republiky."}]},{"@type":"WebSite","@id":"https:\/\/onlinelotto365.com\/cs\/#website","url":"https:\/\/onlinelotto365.com\/cs\/","name":"OnlineLotto365","description":"","potentialAction":[{"@type":"SearchAction","target":{"@type":"EntryPoint","urlTemplate":"https:\/\/onlinelotto365.com\/cs\/?s={search_term_string}"},"query-input":{"@type":"PropertyValueSpecification","valueRequired":true,"valueName":"search_term_string"}}],"inLanguage":"cs"}]}},"_links":{"self":[{"href":"https:\/\/onlinelotto365.com\/cs\/wp-json\/wp\/v2\/pages\/79316","targetHints":{"allow":["GET"]}}],"collection":[{"href":"https:\/\/onlinelotto365.com\/cs\/wp-json\/wp\/v2\/pages"}],"about":[{"href":"https:\/\/onlinelotto365.com\/cs\/wp-json\/wp\/v2\/types\/page"}],"author":[{"embeddable":true,"href":"https:\/\/onlinelotto365.com\/cs\/wp-json\/wp\/v2\/users\/1"}],"replies":[{"embeddable":true,"href":"https:\/\/onlinelotto365.com\/cs\/wp-json\/wp\/v2\/comments?post=79316"}],"version-history":[{"count":0,"href":"https:\/\/onlinelotto365.com\/cs\/wp-json\/wp\/v2\/pages\/79316\/revisions"}],"up":[{"embeddable":true,"href":"https:\/\/onlinelotto365.com\/cs\/wp-json\/wp\/v2\/pages\/5012"}],"wp:attachment":[{"href":"https:\/\/onlinelotto365.com\/cs\/wp-json\/wp\/v2\/media?parent=79316"}],"curies":[{"name":"wp","href":"https:\/\/api.w.org\/{rel}","templated":true}]}}