{"id":79360,"date":"2022-11-03T14:31:10","date_gmt":"2022-11-03T13:31:10","guid":{"rendered":"https:\/\/onlinelotto365.com\/?page_id=79360"},"modified":"2022-11-03T14:31:27","modified_gmt":"2022-11-03T13:31:27","slug":"powerball-australia","status":"publish","type":"page","link":"https:\/\/onlinelotto365.com\/cs\/hrat\/powerball-australia\/","title":{"rendered":"Powerball Austr\u00e1lie &#8211; ji\u017e nejste omezeni na sv\u00e9 \u010cesk\u00e9 republiky loteri\u00ed"},"content":{"rendered":"<h2>Jak hr\u00e1t Powerball Australia online<\/h2>\n<p>Hr\u00e1t Powerball Australia online je vlastn\u011b docela jednoduch\u00e9, i kdy\u017e jste v \u010cesk\u00e9 republice. A je to tak\u00e9 docela pohodln\u00e9, proto\u017ee u\u017e jste tady, kde si m\u016f\u017eete po\u0159\u00eddit tikety n\u011bkolika kliknut\u00edmi my\u0161\u00ed.<\/p>\n<p>Postar\u00e1me se o v\u00e1s na ka\u017ed\u00e9m kroku, kde si sta\u010d\u00ed zalo\u017eit bezplatn\u00fd \u00fa\u010det, prov\u00e9st v\u00fdb\u011br, vybrat si jednu z mnoha pohodln\u00fdch platebn\u00edch mo\u017enost\u00ed a o v\u0161e ostatn\u00ed se postar\u00e1me my.<\/p>\n<p>Ujist\u011bte se, \u017ee jste klikli na spr\u00e1vnou loterii, konkr\u00e9tn\u011b na Powerball Australia. Pot\u00e9 si vyberete sv\u00e1 \u010d\u00edsla. Pokud se pokus\u00edte vybrat p\u0159\u00edli\u0161 mnoho \u010d\u00edsel nebo jste nevybrali dostate\u010dn\u00fd po\u010det \u010d\u00edsel, syst\u00e9m v\u00e1s vyzve, abyste vybrali m\u00e9n\u011b nebo v\u00edce \u010d\u00edsel. M\u016f\u017eete tak\u00e9 kliknout na tla\u010d\u00edtko rychl\u00e9ho v\u00fdb\u011bru a str\u00e1nka za v\u00e1s n\u00e1hodn\u011b vybere n\u011bkter\u00e1 \u010d\u00edsla. Pokud se v\u00e1m tato \u010d\u00edsla nel\u00edb\u00ed, m\u016f\u017eete je je\u0161t\u011b ru\u010dn\u011b upravit.<\/p>\n<p>Existuje tak\u00e9 metoda, kterou mnoho hr\u00e1\u010d\u016f r\u00e1do pou\u017e\u00edv\u00e1 &#8211; funkce rychl\u00e9ho v\u00fdb\u011bru. Nebo m\u016f\u017eete n\u011bkter\u00e1 sv\u00e1 obl\u00edben\u00e1 \u010d\u00edsla pou\u017e\u00edt ru\u010dn\u011b a zbytek nechat vybrat gener\u00e1tor n\u00e1hodn\u00fdch \u010d\u00edsel za v\u00e1s.<\/p>\n<p>Pot\u00e9 si m\u016f\u017eete vybrat jinou loterii, zahr\u00e1t si dal\u0161\u00ed losy a p\u0159idat je do sv\u00e9 objedn\u00e1vky. Pot\u00e9 klikn\u011bte na tla\u010d\u00edtko pro odhl\u00e1\u0161en\u00ed a bezpe\u010dn\u011b zapla\u0165te za sv\u00e9 losy. V tuto chv\u00edli si u n\u00e1s budete muset vytvo\u0159it \u00fa\u010det. Samoz\u0159ejm\u011b si tak\u00e9 m\u016f\u017eete nejprve vytvo\u0159it \u00fa\u010det a pot\u00e9 zah\u00e1jit proces objedn\u00e1v\u00e1n\u00ed los\u016f.<\/p>\n<p>Po vytvo\u0159en\u00ed \u00fa\u010dtu v\u00e1m za\u0161leme ov\u011b\u0159ovac\u00ed e-mail s odkazem, na kter\u00fd mus\u00edte kliknout. Nezapome\u0148te si pros\u00edm zkontrolovat slo\u017eku spamu, zda tento e-mail neobsahuje. Bylo by rozumn\u00e9 ozna\u010dit na\u0161i e-mailovou adresu jako d\u016fv\u011bryhodn\u00e9ho odes\u00edlatele. T\u00edm zajist\u00edte, \u017ee d\u016fle\u017eit\u00e9 zpr\u00e1vy, jako je ozn\u00e1men\u00ed o v\u00fdh\u0159e, k v\u00e1m skute\u010dn\u011b doraz\u00ed.<\/p>\n<p><a href=\"https:\/\/redfoxlotto.com\/play\/powerball-au\/?ref=a8564250a2&amp;medium=ol365\" target=\"_blank\" rel=\"noopener noreferrer\"><img decoding=\"async\" class=\"aligncenter\" src=\"https:\/\/redfoxlotto.com\/image?size=8&amp;lottery=powerball-au\" alt=\"Powerball Australia\" \/><\/a><\/p>\n<h2>O spole\u010dnosti Powerball Australia<\/h2>\n<ul>\n<li>Zem\u011b: .<\/li>\n<li>Rozsah hlavn\u00edch \u010d\u00edsel: 35<\/li>\n<li>Mus\u00edte si vybrat: 7<\/li>\n<li>Rozsah dopl\u0148kov\u00fdch \u010d\u00edsel: 20<\/li>\n<li>Mus\u00edte vybrat: 1<\/li>\n<li>Dny, hodiny losov\u00e1n\u00ed: \u010ctvrtek, 21:30 GMT+11, 10:30 SE\u010c<\/li>\n<li>Jackpot za\u010d\u00edn\u00e1 v: AU$.<\/li>\n<li>Jackpot je omezen na: AU$.<\/li>\n<li>\u0160ance na v\u00fdhru jackpotu: 1 ku 134 490 400<\/li>\n<li>\u0160ance na v\u00fdhru druh\u00e9 ceny: 1 ku 7 078 443<\/li>\n<li>\u0160ance na v\u00fdhru jak\u00e9koli ceny: 1 ku 24,87<\/li>\n<li>Po\u010det v\u00fdhern\u00edch kategori\u00ed: 1: 7<\/li>\n<\/ul>\n<h2>Jak zkontrolovat v\u00fdsledky Powerball Australia<\/h2>\n<p>Ke kontrole v\u00fdsledk\u016f m\u016f\u017eete pou\u017e\u00edt n\u011bkolik zp\u016fsob\u016f. Najdete je na ofici\u00e1ln\u00edch str\u00e1nk\u00e1ch loterie. U n\u011bkter\u00fdch loteri\u00ed m\u016f\u017eete naj\u00edt vylosovan\u00e1 \u010d\u00edsla v m\u00edstn\u00edch novin\u00e1ch nebo je m\u016f\u017ee vys\u00edlat televizn\u00ed kan\u00e1l. Nejjednodu\u0161\u0161\u00ed je v\u0161ak vr\u00e1tit se na na\u0161e str\u00e1nky a zkontrolovat nejnov\u011bj\u0161\u00ed vylosovan\u00e1 \u010d\u00edsla zde. Jakmile se p\u0159ihl\u00e1s\u00edte ke sv\u00e9mu \u00fa\u010dtu, m\u016f\u017eete porovnat \u010d\u00edsla, kter\u00e1 jste zahr\u00e1li, s \u010d\u00edsly z losov\u00e1n\u00ed. A hned uvid\u00edte, kolik jste vyhr\u00e1li.<\/p>\n<h2>Hr\u00e1li jste Powerball Australia online a vyhr\u00e1li jste &#8211; co bude d\u00e1l?<\/h2>\n<p>Nejprve byste si m\u011bli zkontrolovat, kolik jste vyhr\u00e1li. Pokud je v\u00fdhra ni\u017e\u0161\u00ed ne\u017e 2500 \u20ac, najdete \u010d\u00e1stku p\u0159ipsanou na sv\u00e9m hr\u00e1\u010dsk\u00e9m \u00fa\u010dtu. Je na v\u00e1s, zda ji pou\u017eijete na n\u00e1kup dal\u0161\u00edch tiket\u016f, nebo, pokud tomu d\u00e1v\u00e1te p\u0159ednost, si ji m\u016f\u017eete vybrat. Upozor\u0148ujeme, \u017ee mo\u017enost v\u00fdb\u011bru je viditeln\u00e1 pouze tehdy, pokud je z\u016fstatek na va\u0161em \u00fa\u010dtu alespo\u0148 10 \u20ac.<br \/>\n<img loading=\"lazy\" decoding=\"async\" class=\"alignright wp-image-1653\" src=\"https:\/\/onlinelotto365.com\/wp-content\/uploads\/2020\/11\/online_lottery-145-300x143.jpg\" alt=\"hr\u00e1t powerball australia online\" width=\"413\" height=\"197\" \/><br \/>\nV p\u0159\u00edpad\u011b v\u00fdhry nad 2500 \u20ac v\u00e1s bude kontaktovat na\u0161e podpora. Budete muset vyplnit formul\u00e1\u0159 \u017e\u00e1dosti, kter\u00fd n\u00e1sledn\u011b za\u0161leme loterijn\u00ed komisi. Pot\u00e9 obdr\u017e\u00edte v\u00fdhru bu\u010f bankovn\u00edm p\u0159evodem, nebo \u0161ekem, v z\u00e1vislosti na va\u0161em p\u0159\u00e1n\u00ed.<\/p>\n<p>&nbsp;<\/p>\n","protected":false},"excerpt":{"rendered":"<p>Jak hr\u00e1t Powerball Australia online Hr\u00e1t Powerball Australia online je vlastn\u011b docela jednoduch\u00e9, i kdy\u017e jste v \u010cesk\u00e9 republice. A je to tak\u00e9 docela pohodln\u00e9, proto\u017ee u\u017e jste tady, kde si m\u016f\u017eete po\u0159\u00eddit tikety n\u011bkolika kliknut\u00edmi my\u0161\u00ed. Postar\u00e1me se o v\u00e1s na ka\u017ed\u00e9m kroku, kde si sta\u010d\u00ed zalo\u017eit bezplatn\u00fd \u00fa\u010det, prov\u00e9st v\u00fdb\u011br, vybrat si jednu [&hellip;]<\/p>\n","protected":false},"author":1,"featured_media":0,"parent":5012,"menu_order":13,"comment_status":"closed","ping_status":"closed","template":"powerball-au.php","meta":{"_et_pb_use_builder":"","_et_pb_old_content":"","_et_gb_content_width":"","exclude_from_search":false,"footnotes":""},"class_list":["post-79360","page","type-page","status-publish","hentry"],"yoast_head":"<!-- This site is optimized with the Yoast SEO plugin v23.4 - https:\/\/yoast.com\/wordpress\/plugins\/seo\/ -->\n<title>Hrajte Powerball Australia online z \u010cesk\u00e9 republiky | Mohu se z\u00fa\u010dastnit Powerball Australia, pokud \u017eiji v \u010cesk\u00e9 republice?<\/title>\n<meta name=\"description\" content=\"Zahrajte si Powerball Australia p\u0159\u00edmo zde - nejv\u011bt\u0161\u00ed loterie planety, dostupn\u00e9 online z \u010cesk\u00e9 republiky\" \/>\n<meta name=\"robots\" content=\"index, follow, max-snippet:-1, max-image-preview:large, max-video-preview:-1\" \/>\n<link rel=\"canonical\" href=\"https:\/\/onlinelotto365.com\/cs\/hrat\/powerball-australia\/\" \/>\n<meta property=\"og:locale\" content=\"cs_CZ\" \/>\n<meta property=\"og:type\" content=\"article\" \/>\n<meta property=\"og:title\" content=\"Hrajte Powerball Australia online z \u010cesk\u00e9 republiky | Mohu se z\u00fa\u010dastnit Powerball Australia, pokud \u017eiji v \u010cesk\u00e9 republice?\" \/>\n<meta property=\"og:description\" content=\"Zahrajte si Powerball Australia p\u0159\u00edmo zde - nejv\u011bt\u0161\u00ed loterie planety, dostupn\u00e9 online z \u010cesk\u00e9 republiky\" \/>\n<meta property=\"og:url\" content=\"https:\/\/onlinelotto365.com\/cs\/hrat\/powerball-australia\/\" \/>\n<meta property=\"og:site_name\" content=\"OnlineLotto365\" \/>\n<meta property=\"article:modified_time\" content=\"2022-11-03T13:31:27+00:00\" \/>\n<meta property=\"og:image\" content=\"https:\/\/redfoxlotto.com\/image?size=8&amp;lottery=powerball-au\" \/>\n<meta name=\"twitter:card\" content=\"summary_large_image\" \/>\n<meta name=\"twitter:label1\" content=\"Odhadovan\u00e1 doba \u010dten\u00ed\" \/>\n\t<meta name=\"twitter:data1\" content=\"3 minuty\" \/>\n<script type=\"application\/ld+json\" class=\"yoast-schema-graph\">{\"@context\":\"https:\/\/schema.org\",\"@graph\":[{\"@type\":\"WebPage\",\"@id\":\"https:\/\/onlinelotto365.com\/cs\/hrat\/powerball-australia\/\",\"url\":\"https:\/\/onlinelotto365.com\/cs\/hrat\/powerball-australia\/\",\"name\":\"Hrajte Powerball Australia online z \u010cesk\u00e9 republiky | Mohu se z\u00fa\u010dastnit Powerball Australia, pokud \u017eiji v \u010cesk\u00e9 republice?\",\"isPartOf\":{\"@id\":\"https:\/\/onlinelotto365.com\/cs\/#website\"},\"primaryImageOfPage\":{\"@id\":\"https:\/\/onlinelotto365.com\/cs\/hrat\/powerball-australia\/#primaryimage\"},\"image\":{\"@id\":\"https:\/\/onlinelotto365.com\/cs\/hrat\/powerball-australia\/#primaryimage\"},\"thumbnailUrl\":\"https:\/\/redfoxlotto.com\/image?size=8&amp;lottery=powerball-au\",\"datePublished\":\"2022-11-03T13:31:10+00:00\",\"dateModified\":\"2022-11-03T13:31:27+00:00\",\"description\":\"Zahrajte si Powerball Australia p\u0159\u00edmo zde - nejv\u011bt\u0161\u00ed loterie planety, dostupn\u00e9 online z \u010cesk\u00e9 republiky\",\"breadcrumb\":{\"@id\":\"https:\/\/onlinelotto365.com\/cs\/hrat\/powerball-australia\/#breadcrumb\"},\"inLanguage\":\"cs\",\"potentialAction\":[{\"@type\":\"ReadAction\",\"target\":[\"https:\/\/onlinelotto365.com\/cs\/hrat\/powerball-australia\/\"]}]},{\"@type\":\"ImageObject\",\"inLanguage\":\"cs\",\"@id\":\"https:\/\/onlinelotto365.com\/cs\/hrat\/powerball-australia\/#primaryimage\",\"url\":\"https:\/\/redfoxlotto.com\/image?size=8&amp;lottery=powerball-au\",\"contentUrl\":\"https:\/\/redfoxlotto.com\/image?size=8&amp;lottery=powerball-au\"},{\"@type\":\"BreadcrumbList\",\"@id\":\"https:\/\/onlinelotto365.com\/cs\/hrat\/powerball-australia\/#breadcrumb\",\"itemListElement\":[{\"@type\":\"ListItem\",\"position\":1,\"name\":\"Home\",\"item\":\"https:\/\/onlinelotto365.com\/cs\/\"},{\"@type\":\"ListItem\",\"position\":2,\"name\":\"V\u0161e, co mus\u00edte v\u011bd\u011bt o mo\u017enostech hran\u00ed nejlep\u0161\u00edch loteri\u00ed online\",\"item\":\"https:\/\/onlinelotto365.com\/cs\/play\/\"},{\"@type\":\"ListItem\",\"position\":3,\"name\":\"Powerball Austr\u00e1lie &#8211; ji\u017e nejste omezeni na sv\u00e9 \u010cesk\u00e9 republiky loteri\u00ed\"}]},{\"@type\":\"WebSite\",\"@id\":\"https:\/\/onlinelotto365.com\/cs\/#website\",\"url\":\"https:\/\/onlinelotto365.com\/cs\/\",\"name\":\"OnlineLotto365\",\"description\":\"\",\"potentialAction\":[{\"@type\":\"SearchAction\",\"target\":{\"@type\":\"EntryPoint\",\"urlTemplate\":\"https:\/\/onlinelotto365.com\/cs\/?s={search_term_string}\"},\"query-input\":{\"@type\":\"PropertyValueSpecification\",\"valueRequired\":true,\"valueName\":\"search_term_string\"}}],\"inLanguage\":\"cs\"}]}<\/script>\n<!-- \/ Yoast SEO plugin. -->","yoast_head_json":{"title":"Hrajte Powerball Australia online z \u010cesk\u00e9 republiky | Mohu se z\u00fa\u010dastnit Powerball Australia, pokud \u017eiji v \u010cesk\u00e9 republice?","description":"Zahrajte si Powerball Australia p\u0159\u00edmo zde - nejv\u011bt\u0161\u00ed loterie planety, dostupn\u00e9 online z \u010cesk\u00e9 republiky","robots":{"index":"index","follow":"follow","max-snippet":"max-snippet:-1","max-image-preview":"max-image-preview:large","max-video-preview":"max-video-preview:-1"},"canonical":"https:\/\/onlinelotto365.com\/cs\/hrat\/powerball-australia\/","og_locale":"cs_CZ","og_type":"article","og_title":"Hrajte Powerball Australia online z \u010cesk\u00e9 republiky | Mohu se z\u00fa\u010dastnit Powerball Australia, pokud \u017eiji v \u010cesk\u00e9 republice?","og_description":"Zahrajte si Powerball Australia p\u0159\u00edmo zde - nejv\u011bt\u0161\u00ed loterie planety, dostupn\u00e9 online z \u010cesk\u00e9 republiky","og_url":"https:\/\/onlinelotto365.com\/cs\/hrat\/powerball-australia\/","og_site_name":"OnlineLotto365","article_modified_time":"2022-11-03T13:31:27+00:00","og_image":[{"url":"https:\/\/redfoxlotto.com\/image?size=8&amp;lottery=powerball-au"}],"twitter_card":"summary_large_image","twitter_misc":{"Odhadovan\u00e1 doba \u010dten\u00ed":"3 minuty"},"schema":{"@context":"https:\/\/schema.org","@graph":[{"@type":"WebPage","@id":"https:\/\/onlinelotto365.com\/cs\/hrat\/powerball-australia\/","url":"https:\/\/onlinelotto365.com\/cs\/hrat\/powerball-australia\/","name":"Hrajte Powerball Australia online z \u010cesk\u00e9 republiky | Mohu se z\u00fa\u010dastnit Powerball Australia, pokud \u017eiji v \u010cesk\u00e9 republice?","isPartOf":{"@id":"https:\/\/onlinelotto365.com\/cs\/#website"},"primaryImageOfPage":{"@id":"https:\/\/onlinelotto365.com\/cs\/hrat\/powerball-australia\/#primaryimage"},"image":{"@id":"https:\/\/onlinelotto365.com\/cs\/hrat\/powerball-australia\/#primaryimage"},"thumbnailUrl":"https:\/\/redfoxlotto.com\/image?size=8&amp;lottery=powerball-au","datePublished":"2022-11-03T13:31:10+00:00","dateModified":"2022-11-03T13:31:27+00:00","description":"Zahrajte si Powerball Australia p\u0159\u00edmo zde - nejv\u011bt\u0161\u00ed loterie planety, dostupn\u00e9 online z \u010cesk\u00e9 republiky","breadcrumb":{"@id":"https:\/\/onlinelotto365.com\/cs\/hrat\/powerball-australia\/#breadcrumb"},"inLanguage":"cs","potentialAction":[{"@type":"ReadAction","target":["https:\/\/onlinelotto365.com\/cs\/hrat\/powerball-australia\/"]}]},{"@type":"ImageObject","inLanguage":"cs","@id":"https:\/\/onlinelotto365.com\/cs\/hrat\/powerball-australia\/#primaryimage","url":"https:\/\/redfoxlotto.com\/image?size=8&amp;lottery=powerball-au","contentUrl":"https:\/\/redfoxlotto.com\/image?size=8&amp;lottery=powerball-au"},{"@type":"BreadcrumbList","@id":"https:\/\/onlinelotto365.com\/cs\/hrat\/powerball-australia\/#breadcrumb","itemListElement":[{"@type":"ListItem","position":1,"name":"Home","item":"https:\/\/onlinelotto365.com\/cs\/"},{"@type":"ListItem","position":2,"name":"V\u0161e, co mus\u00edte v\u011bd\u011bt o mo\u017enostech hran\u00ed nejlep\u0161\u00edch loteri\u00ed online","item":"https:\/\/onlinelotto365.com\/cs\/play\/"},{"@type":"ListItem","position":3,"name":"Powerball Austr\u00e1lie &#8211; ji\u017e nejste omezeni na sv\u00e9 \u010cesk\u00e9 republiky loteri\u00ed"}]},{"@type":"WebSite","@id":"https:\/\/onlinelotto365.com\/cs\/#website","url":"https:\/\/onlinelotto365.com\/cs\/","name":"OnlineLotto365","description":"","potentialAction":[{"@type":"SearchAction","target":{"@type":"EntryPoint","urlTemplate":"https:\/\/onlinelotto365.com\/cs\/?s={search_term_string}"},"query-input":{"@type":"PropertyValueSpecification","valueRequired":true,"valueName":"search_term_string"}}],"inLanguage":"cs"}]}},"_links":{"self":[{"href":"https:\/\/onlinelotto365.com\/cs\/wp-json\/wp\/v2\/pages\/79360","targetHints":{"allow":["GET"]}}],"collection":[{"href":"https:\/\/onlinelotto365.com\/cs\/wp-json\/wp\/v2\/pages"}],"about":[{"href":"https:\/\/onlinelotto365.com\/cs\/wp-json\/wp\/v2\/types\/page"}],"author":[{"embeddable":true,"href":"https:\/\/onlinelotto365.com\/cs\/wp-json\/wp\/v2\/users\/1"}],"replies":[{"embeddable":true,"href":"https:\/\/onlinelotto365.com\/cs\/wp-json\/wp\/v2\/comments?post=79360"}],"version-history":[{"count":0,"href":"https:\/\/onlinelotto365.com\/cs\/wp-json\/wp\/v2\/pages\/79360\/revisions"}],"up":[{"embeddable":true,"href":"https:\/\/onlinelotto365.com\/cs\/wp-json\/wp\/v2\/pages\/5012"}],"wp:attachment":[{"href":"https:\/\/onlinelotto365.com\/cs\/wp-json\/wp\/v2\/media?parent=79360"}],"curies":[{"name":"wp","href":"https:\/\/api.w.org\/{rel}","templated":true}]}}