{"id":79403,"date":"2022-11-04T08:03:06","date_gmt":"2022-11-04T07:03:06","guid":{"rendered":"https:\/\/onlinelotto365.com\/?page_id=79403"},"modified":"2022-11-04T08:03:06","modified_gmt":"2022-11-04T07:03:06","slug":"mega-sena","status":"publish","type":"page","link":"https:\/\/onlinelotto365.com\/cs\/hrat\/mega-sena\/","title":{"rendered":"Jak mohou obyvatel\u00e9 \u010cesk\u00e9 republiky hr\u00e1t Mega-Senu online?"},"content":{"rendered":"<p>Na\u0161e slu\u017eba v\u00e1m v sou\u010dasn\u00e9 dob\u011b umo\u017e\u0148uje koupit losy do 15 r\u016fzn\u00fdch velk\u00fdch loteri\u00ed z cel\u00e9ho sv\u011bta. Jsme hrd\u00ed na to, \u017ee m\u016f\u017eeme na\u0161im hr\u00e1\u010d\u016fm nab\u00eddnout mo\u017enost hr\u00e1t brazilskou loterii Mega Sena online. Stejn\u011b jako u v\u0161ech velk\u00fdch loteri\u00ed jste d\u0159\u00edve museli \u017e\u00edt v zemi nebo oblasti, kde se dan\u00e1 loterie provozovala, a cestovat do tamn\u00ed prodejny loteri\u00ed, abyste si mohli zakoupit tikety.<\/p>\n<p>To u\u017e ale neplat\u00ed, proto\u017ee nyn\u00ed je m\u016f\u017eete hr\u00e1t i z \u010cesk\u00e9 republiky a koupit si jak\u00e9koliv losy p\u0159\u00edmo online, a to kolik chcete a do kolika r\u016fzn\u00fdch loteri\u00ed chcete, p\u0159\u00edmo od sv\u00e9ho po\u010d\u00edta\u010de.<\/p>\n<p>Nyn\u00ed, kdy\u017e sv\u011btu loteri\u00ed sv\u00edt\u00e1 na lep\u0161\u00ed \u010dasy, promluvili hr\u00e1\u010di a \u017e\u00e1dali si velk\u00fd v\u00fdb\u011br r\u016fzn\u00fdch loteri\u00ed. A tak v\u00e1m p\u0159in\u00e1\u0161\u00edme to nejlep\u0161\u00ed a\u017e k v\u00e1m dom\u016f. Mezi nimi je i Mega-Sena Lotto, nejv\u011bt\u0161\u00ed brazilsk\u00e1 loterie.<br \/>\n<a href=\"https:\/\/redfoxlotto.com\/play\/mega-sena\/?ref=a8564250a2&amp;medium=ol365\" target=\"_blank\" rel=\"noopener noreferrer\"><img decoding=\"async\" class=\"aligncenter\" src=\"https:\/\/redfoxlotto.com\/image?size=8&amp;lottery=mega-sena\" alt=\"mega-sena\" \/><\/a><\/p>\n<h2>O loterii Mega-Sena<\/h2>\n<ul>\n<li>Zem\u011b: Braz\u00edlie<\/li>\n<li>Hlavn\u00ed \u010d\u00edseln\u00e1 \u0159ada: 60<\/li>\n<li>Vyb\u00edr\u00e1te: 6<\/li>\n<li>Rozsah dopl\u0148kov\u00fdch \u010d\u00edsel: \u017e\u00e1dn\u00e1<\/li>\n<li>Vyb\u00edr\u00e1te: \u017e\u00e1dn\u00e9<\/li>\n<li>Dny losov\u00e1n\u00ed, hodiny: St\u0159eda, sobota, 20:00 GMT -3, 24:00 CET<\/li>\n<li>Minim\u00e1ln\u00ed jackpot: R$ 2 miliony<\/li>\n<li>Maxim\u00e1ln\u00ed v\u00fd\u0161e jackpotu: bez omezen\u00ed<\/li>\n<li>Pravd\u011bpodobnost v\u00fdhry jackpotu: 1 ku 50 063 860<\/li>\n<li>Pravd\u011bpodobnost v\u00fdhry ve 2. \u00farovni: 1 ku 15 451 809<\/li>\n<li>Pravd\u011bpodobnost v\u00fdhry v jak\u00e9koli \u00farovni: 1 ku 2297,56<\/li>\n<li>Po\u010det v\u00fdhern\u00edch \u00farovn\u00ed: 1: 3<\/li>\n<\/ul>\n<p>Losov\u00e1n\u00ed Mega-Seny prob\u00edh\u00e1 ve st\u0159edu a v sobotu, co\u017e p\u0159id\u00e1v\u00e1 dal\u0161\u00ed dv\u011b \u0161ance na v\u00fdhru mezi v\u0161echny ostatn\u00ed loterie, kter\u00e9 nyn\u00ed hrajete. Nab\u00edz\u00edme v\u00e1m velk\u00fd v\u00fdb\u011br a v\u0161echny stoj\u00ed za to hr\u00e1t, v\u010detn\u011b Mega Seny.<\/p>\n<p>Pro hran\u00ed loterie Mega Sena si hr\u00e1\u010di vyb\u00edraj\u00ed 6 \u010d\u00edsel od 1 do 60. Uhodnete-li v\u0161ech 6 \u010d\u00edsel, vyhr\u00e1v\u00e1te jackpot, kter\u00fd je v\u017edy nejm\u00e9n\u011b n\u011bkolik milion\u016f dolar\u016f a \u010dasto b\u00fdv\u00e1 mnohem vy\u0161\u0161\u00ed.<br \/>\nMega-Sena je v\u0161ak od v\u0161ech ostatn\u00edch loteri\u00ed na sv\u011bt\u011b jedine\u010dn\u00e1, proto\u017ee nem\u00e1&#8216; jen 60 m\u00ed\u010dk\u016f s r\u016fzn\u00fdmi \u010d\u00edsly. Jsou zde dva r\u016fzn\u00e9 bubny, jeden s \u010d\u00edsly 0 a\u017e 5 a druh\u00fd s \u010d\u00edsly 0 a\u017e 9. \u010c\u00edslice se pak losuj\u00ed jedna po druh\u00e9.<\/p>\n<p>Nap\u0159\u00edklad kdy\u017e z prvn\u00edho bubnu vyt\u00e1hnou dvojku a z druh\u00e9ho 9, pak je vylosovan\u00e9 \u010d\u00edslo 29. Jakmile je jednou vylosov\u00e1no jednocifern\u00e9 \u010d\u00edslo, pak se ji\u017e do bubnu nevrac\u00ed. Nyn\u00ed tedy v\u00edme, \u017ee bude vyta\u017eeno p\u0159esn\u011b jedno jednocifern\u00e9 \u010d\u00edslo, pokud nen\u00ed vyta\u017eeno 00, kter\u00e9 je pova\u017eov\u00e1no za 60, jedno za\u010d\u00ednaj\u00edc\u00ed jedni\u010dkou, jedno za\u010d\u00ednaj\u00edc\u00ed dvojkou atd. Jedn\u00e1 se tedy o zaj\u00edmav\u00fd zvrat, kter\u00fd ve skute\u010dnosti usnad\u0148uje v\u00fdhru za p\u0159edpokladu, \u017ee se budete \u0159\u00eddit touto strategi\u00ed.<\/p>\n<p>Pokud padne v\u0161ech 6 \u010d\u00edsel, vyhr\u00e1v\u00e1te jackpot, zat\u00edmco pokud padne 4 nebo 5 \u010d\u00edsel, z\u00edsk\u00e1te vedlej\u0161\u00ed v\u00fdhru. Jak u\u017e to u n\u00e1rodn\u00edch loteri\u00ed b\u00fdv\u00e1, zisky z loterie Mega-Sena Lotto jdou na podporu soci\u00e1ln\u00edch program\u016f a Brazilci na tyto dary ve skute\u010dnosti velmi spol\u00e9haj\u00ed. Tak\u017ee i kdy\u017e nejsme z Braz\u00edlie, a tud\u00ed\u017e z toho nem\u00e1me p\u0159\u00edm\u00fd prosp\u011bch, je skv\u011bl\u00e9 v\u011bd\u011bt, \u017ee hran\u00edm Mega Seny krom\u011b ve\u0161ker\u00e9 z\u00e1bavy, kterou si p\u0159i tom u\u017e\u00edv\u00e1me, rozhodn\u011b kon\u00e1me i n\u011bco dobr\u00e9ho.<\/p>\n<h2>Loterie jsou nejobl\u00edben\u011bj\u0161\u00ed formou hazardn\u00edch her na sv\u011bt\u011b<\/h2>\n<p>Nen\u00ed p\u0159\u00edli\u0161 t\u011b\u017ek\u00e9 p\u0159ij\u00edt na to, pro\u010d jsou loterie nejobl\u00edben\u011bj\u0161\u00ed formou hazardn\u00edch her na sv\u011bt\u011b. Nen\u00ed to ani t\u00edm, \u017ee jsou tak snadno dostupn\u00e9, i kdy\u017e to jist\u011b pom\u00e1h\u00e1. Skute\u010dn\u00fdm d\u016fvodem je vzru\u0161en\u00ed, kter\u00e9 poskytuje mo\u017enost vyhr\u00e1t monstr\u00f3zn\u00ed \u010d\u00e1stky pen\u011bz.<\/p>\n<p>Zd\u00e1 se tak\u00e9, \u017ee n\u00e1\u0161 apetit po t\u011bchto obrovsk\u00fdch v\u00fdhr\u00e1ch je skute\u010dn\u011b zna\u010dn\u00fd. Pokud jste n\u011bkdy byli sv\u011bdky toho, jak\u00fd rozruch vznik\u00e1, kdy\u017e jackpoty nar\u016fstaj\u00ed do obrovsk\u00fdch \u010d\u00e1stek, a o kolik v\u00edce tiket\u016f se na n\u011b prod\u00e1 a s nimi spojen\u00e9 mnohem del\u0161\u00ed fronty, pak v\u00edte, \u017ee to v\u0161echno je pravda.<br \/>\n<img loading=\"lazy\" decoding=\"async\" class=\"size-medium wp-image-1136 alignright\" src=\"https:\/\/onlinelotto365.com\/wp-content\/uploads\/2020\/11\/online_lottery-96-300x212.jpg\" alt=\"Zahrajte si mega-senu online\" width=\"300\" height=\"212\" \/><\/p>\n<p>Pro\u010d by ale lidi nemohlo nadchnout, \u017ee maj\u00ed \u0161anci vyhr\u00e1t tolik pen\u011bz, \u017ee si mohou zajistit celo\u017eivotn\u00ed luxus a bohatstv\u00ed? Pro drtivou v\u011bt\u0161inu z n\u00e1s je to jedin\u00e1 \u0161ance, kterou kdy budeme m\u00edt na takov\u00fd \u017eivotn\u00ed styl. Oby\u010dejn\u00ed lid\u00e9, jako jsme my, v\u0161ak tyto gigantick\u00e9 \u010d\u00e1stky vyhr\u00e1vaj\u00ed a nikdy nev\u00edte, zda a kdy na v\u00e1s p\u0159ijde \u0159ada.<\/p>\n<p>U\u017e jen samotn\u00fd akt hran\u00ed v\u0161ak lidem p\u0159in\u00e1\u0161\u00ed spoustu pot\u011b\u0161en\u00ed, kdy i kdy\u017e je va\u0161e \u0161ance vyhr\u00e1t t\u00edmto zp\u016fsobem spoustu pen\u011bz velmi mal\u00e1, \u0161ance tu st\u00e1le je. Pokud nehrajete, no, nem\u00e1te mo\u017enost sn\u00edt a neu\u017e\u00edv\u00e1te si my\u0161lenky na to, \u017ee se v\u00e1m to v\u0161echno m\u016f\u017ee st\u00e1t.<\/p>\n<p>Samoz\u0159ejm\u011b nemus\u00edte vyhr\u00e1t jackpot, abyste v loteri\u00edch vyhr\u00e1li pen\u00edze, a hr\u00e1\u010di neust\u00e1le vyhr\u00e1vaj\u00ed men\u0161\u00ed ceny. N\u011bkter\u00e9 z t\u011bchto men\u0161\u00edch v\u00fdher ve skute\u010dnosti v\u016fbec nejsou tak mal\u00e9. Existuje mnoho r\u016fzn\u00fdch zp\u016fsob\u016f, jak vyhr\u00e1t pen\u00edze hran\u00edm loteri\u00ed, a ka\u017ed\u00e9 vyplacen\u00ed pen\u011bz je v\u017edy velmi p\u0159\u00edjemn\u00e9.<\/p>\n","protected":false},"excerpt":{"rendered":"<p>Na\u0161e slu\u017eba v\u00e1m v sou\u010dasn\u00e9 dob\u011b umo\u017e\u0148uje koupit losy do 15 r\u016fzn\u00fdch velk\u00fdch loteri\u00ed z cel\u00e9ho sv\u011bta. Jsme hrd\u00ed na to, \u017ee m\u016f\u017eeme na\u0161im hr\u00e1\u010d\u016fm nab\u00eddnout mo\u017enost hr\u00e1t brazilskou loterii Mega Sena online. Stejn\u011b jako u v\u0161ech velk\u00fdch loteri\u00ed jste d\u0159\u00edve museli \u017e\u00edt v zemi nebo oblasti, kde se dan\u00e1 loterie provozovala, a cestovat do [&hellip;]<\/p>\n","protected":false},"author":1,"featured_media":0,"parent":5012,"menu_order":12,"comment_status":"closed","ping_status":"closed","template":"megasena.php","meta":{"_et_pb_use_builder":"","_et_pb_old_content":"","_et_gb_content_width":"","exclude_from_search":false,"footnotes":""},"class_list":["post-79403","page","type-page","status-publish","hentry"],"yoast_head":"<!-- This site is optimized with the Yoast SEO plugin v23.4 - https:\/\/yoast.com\/wordpress\/plugins\/seo\/ -->\n<title>Hrajte Mega-Senu online z \u010cesk\u00e9 republiky | Mohu se z\u00fa\u010dastnit Mega-Seny, pokud \u017eiji v \u010cesk\u00e9 republice?<\/title>\n<meta name=\"description\" content=\"Na\u0161e slu\u017eba online tiket\u016f v\u00e1m usnadn\u00ed hran\u00ed Mega-Seny online.\" \/>\n<meta name=\"robots\" content=\"index, follow, max-snippet:-1, max-image-preview:large, max-video-preview:-1\" \/>\n<link rel=\"canonical\" href=\"https:\/\/onlinelotto365.com\/cs\/hrat\/mega-sena\/\" \/>\n<meta property=\"og:locale\" content=\"cs_CZ\" \/>\n<meta property=\"og:type\" content=\"article\" \/>\n<meta property=\"og:title\" content=\"Hrajte Mega-Senu online z \u010cesk\u00e9 republiky | Mohu se z\u00fa\u010dastnit Mega-Seny, pokud \u017eiji v \u010cesk\u00e9 republice?\" \/>\n<meta property=\"og:description\" content=\"Na\u0161e slu\u017eba online tiket\u016f v\u00e1m usnadn\u00ed hran\u00ed Mega-Seny online.\" \/>\n<meta property=\"og:url\" content=\"https:\/\/onlinelotto365.com\/cs\/hrat\/mega-sena\/\" \/>\n<meta property=\"og:site_name\" content=\"OnlineLotto365\" \/>\n<meta property=\"og:image\" content=\"https:\/\/redfoxlotto.com\/image?size=8&amp;lottery=mega-sena\" \/>\n<meta name=\"twitter:card\" content=\"summary_large_image\" \/>\n<meta name=\"twitter:label1\" content=\"Odhadovan\u00e1 doba \u010dten\u00ed\" \/>\n\t<meta name=\"twitter:data1\" content=\"4 minuty\" \/>\n<script type=\"application\/ld+json\" class=\"yoast-schema-graph\">{\"@context\":\"https:\/\/schema.org\",\"@graph\":[{\"@type\":\"WebPage\",\"@id\":\"https:\/\/onlinelotto365.com\/cs\/hrat\/mega-sena\/\",\"url\":\"https:\/\/onlinelotto365.com\/cs\/hrat\/mega-sena\/\",\"name\":\"Hrajte Mega-Senu online z \u010cesk\u00e9 republiky | Mohu se z\u00fa\u010dastnit Mega-Seny, pokud \u017eiji v \u010cesk\u00e9 republice?\",\"isPartOf\":{\"@id\":\"https:\/\/onlinelotto365.com\/cs\/#website\"},\"primaryImageOfPage\":{\"@id\":\"https:\/\/onlinelotto365.com\/cs\/hrat\/mega-sena\/#primaryimage\"},\"image\":{\"@id\":\"https:\/\/onlinelotto365.com\/cs\/hrat\/mega-sena\/#primaryimage\"},\"thumbnailUrl\":\"https:\/\/redfoxlotto.com\/image?size=8&amp;lottery=mega-sena\",\"datePublished\":\"2022-11-04T07:03:06+00:00\",\"dateModified\":\"2022-11-04T07:03:06+00:00\",\"description\":\"Na\u0161e slu\u017eba online tiket\u016f v\u00e1m usnadn\u00ed hran\u00ed Mega-Seny online.\",\"breadcrumb\":{\"@id\":\"https:\/\/onlinelotto365.com\/cs\/hrat\/mega-sena\/#breadcrumb\"},\"inLanguage\":\"cs\",\"potentialAction\":[{\"@type\":\"ReadAction\",\"target\":[\"https:\/\/onlinelotto365.com\/cs\/hrat\/mega-sena\/\"]}]},{\"@type\":\"ImageObject\",\"inLanguage\":\"cs\",\"@id\":\"https:\/\/onlinelotto365.com\/cs\/hrat\/mega-sena\/#primaryimage\",\"url\":\"https:\/\/redfoxlotto.com\/image?size=8&amp;lottery=mega-sena\",\"contentUrl\":\"https:\/\/redfoxlotto.com\/image?size=8&amp;lottery=mega-sena\"},{\"@type\":\"BreadcrumbList\",\"@id\":\"https:\/\/onlinelotto365.com\/cs\/hrat\/mega-sena\/#breadcrumb\",\"itemListElement\":[{\"@type\":\"ListItem\",\"position\":1,\"name\":\"Home\",\"item\":\"https:\/\/onlinelotto365.com\/cs\/\"},{\"@type\":\"ListItem\",\"position\":2,\"name\":\"V\u0161e, co mus\u00edte v\u011bd\u011bt o mo\u017enostech hran\u00ed nejlep\u0161\u00edch loteri\u00ed online\",\"item\":\"https:\/\/onlinelotto365.com\/cs\/play\/\"},{\"@type\":\"ListItem\",\"position\":3,\"name\":\"Jak mohou obyvatel\u00e9 \u010cesk\u00e9 republiky hr\u00e1t Mega-Senu online?\"}]},{\"@type\":\"WebSite\",\"@id\":\"https:\/\/onlinelotto365.com\/cs\/#website\",\"url\":\"https:\/\/onlinelotto365.com\/cs\/\",\"name\":\"OnlineLotto365\",\"description\":\"\",\"potentialAction\":[{\"@type\":\"SearchAction\",\"target\":{\"@type\":\"EntryPoint\",\"urlTemplate\":\"https:\/\/onlinelotto365.com\/cs\/?s={search_term_string}\"},\"query-input\":{\"@type\":\"PropertyValueSpecification\",\"valueRequired\":true,\"valueName\":\"search_term_string\"}}],\"inLanguage\":\"cs\"}]}<\/script>\n<!-- \/ Yoast SEO plugin. -->","yoast_head_json":{"title":"Hrajte Mega-Senu online z \u010cesk\u00e9 republiky | Mohu se z\u00fa\u010dastnit Mega-Seny, pokud \u017eiji v \u010cesk\u00e9 republice?","description":"Na\u0161e slu\u017eba online tiket\u016f v\u00e1m usnadn\u00ed hran\u00ed Mega-Seny online.","robots":{"index":"index","follow":"follow","max-snippet":"max-snippet:-1","max-image-preview":"max-image-preview:large","max-video-preview":"max-video-preview:-1"},"canonical":"https:\/\/onlinelotto365.com\/cs\/hrat\/mega-sena\/","og_locale":"cs_CZ","og_type":"article","og_title":"Hrajte Mega-Senu online z \u010cesk\u00e9 republiky | Mohu se z\u00fa\u010dastnit Mega-Seny, pokud \u017eiji v \u010cesk\u00e9 republice?","og_description":"Na\u0161e slu\u017eba online tiket\u016f v\u00e1m usnadn\u00ed hran\u00ed Mega-Seny online.","og_url":"https:\/\/onlinelotto365.com\/cs\/hrat\/mega-sena\/","og_site_name":"OnlineLotto365","og_image":[{"url":"https:\/\/redfoxlotto.com\/image?size=8&amp;lottery=mega-sena"}],"twitter_card":"summary_large_image","twitter_misc":{"Odhadovan\u00e1 doba \u010dten\u00ed":"4 minuty"},"schema":{"@context":"https:\/\/schema.org","@graph":[{"@type":"WebPage","@id":"https:\/\/onlinelotto365.com\/cs\/hrat\/mega-sena\/","url":"https:\/\/onlinelotto365.com\/cs\/hrat\/mega-sena\/","name":"Hrajte Mega-Senu online z \u010cesk\u00e9 republiky | Mohu se z\u00fa\u010dastnit Mega-Seny, pokud \u017eiji v \u010cesk\u00e9 republice?","isPartOf":{"@id":"https:\/\/onlinelotto365.com\/cs\/#website"},"primaryImageOfPage":{"@id":"https:\/\/onlinelotto365.com\/cs\/hrat\/mega-sena\/#primaryimage"},"image":{"@id":"https:\/\/onlinelotto365.com\/cs\/hrat\/mega-sena\/#primaryimage"},"thumbnailUrl":"https:\/\/redfoxlotto.com\/image?size=8&amp;lottery=mega-sena","datePublished":"2022-11-04T07:03:06+00:00","dateModified":"2022-11-04T07:03:06+00:00","description":"Na\u0161e slu\u017eba online tiket\u016f v\u00e1m usnadn\u00ed hran\u00ed Mega-Seny online.","breadcrumb":{"@id":"https:\/\/onlinelotto365.com\/cs\/hrat\/mega-sena\/#breadcrumb"},"inLanguage":"cs","potentialAction":[{"@type":"ReadAction","target":["https:\/\/onlinelotto365.com\/cs\/hrat\/mega-sena\/"]}]},{"@type":"ImageObject","inLanguage":"cs","@id":"https:\/\/onlinelotto365.com\/cs\/hrat\/mega-sena\/#primaryimage","url":"https:\/\/redfoxlotto.com\/image?size=8&amp;lottery=mega-sena","contentUrl":"https:\/\/redfoxlotto.com\/image?size=8&amp;lottery=mega-sena"},{"@type":"BreadcrumbList","@id":"https:\/\/onlinelotto365.com\/cs\/hrat\/mega-sena\/#breadcrumb","itemListElement":[{"@type":"ListItem","position":1,"name":"Home","item":"https:\/\/onlinelotto365.com\/cs\/"},{"@type":"ListItem","position":2,"name":"V\u0161e, co mus\u00edte v\u011bd\u011bt o mo\u017enostech hran\u00ed nejlep\u0161\u00edch loteri\u00ed online","item":"https:\/\/onlinelotto365.com\/cs\/play\/"},{"@type":"ListItem","position":3,"name":"Jak mohou obyvatel\u00e9 \u010cesk\u00e9 republiky hr\u00e1t Mega-Senu online?"}]},{"@type":"WebSite","@id":"https:\/\/onlinelotto365.com\/cs\/#website","url":"https:\/\/onlinelotto365.com\/cs\/","name":"OnlineLotto365","description":"","potentialAction":[{"@type":"SearchAction","target":{"@type":"EntryPoint","urlTemplate":"https:\/\/onlinelotto365.com\/cs\/?s={search_term_string}"},"query-input":{"@type":"PropertyValueSpecification","valueRequired":true,"valueName":"search_term_string"}}],"inLanguage":"cs"}]}},"_links":{"self":[{"href":"https:\/\/onlinelotto365.com\/cs\/wp-json\/wp\/v2\/pages\/79403","targetHints":{"allow":["GET"]}}],"collection":[{"href":"https:\/\/onlinelotto365.com\/cs\/wp-json\/wp\/v2\/pages"}],"about":[{"href":"https:\/\/onlinelotto365.com\/cs\/wp-json\/wp\/v2\/types\/page"}],"author":[{"embeddable":true,"href":"https:\/\/onlinelotto365.com\/cs\/wp-json\/wp\/v2\/users\/1"}],"replies":[{"embeddable":true,"href":"https:\/\/onlinelotto365.com\/cs\/wp-json\/wp\/v2\/comments?post=79403"}],"version-history":[{"count":0,"href":"https:\/\/onlinelotto365.com\/cs\/wp-json\/wp\/v2\/pages\/79403\/revisions"}],"up":[{"embeddable":true,"href":"https:\/\/onlinelotto365.com\/cs\/wp-json\/wp\/v2\/pages\/5012"}],"wp:attachment":[{"href":"https:\/\/onlinelotto365.com\/cs\/wp-json\/wp\/v2\/media?parent=79403"}],"curies":[{"name":"wp","href":"https:\/\/api.w.org\/{rel}","templated":true}]}}