{"id":79436,"date":"2022-11-04T10:17:17","date_gmt":"2022-11-04T09:17:17","guid":{"rendered":"https:\/\/onlinelotto365.com\/?page_id=79436"},"modified":"2022-11-04T10:17:30","modified_gmt":"2022-11-04T09:17:30","slug":"set-for-life","status":"publish","type":"page","link":"https:\/\/onlinelotto365.com\/cs\/hrat\/set-for-life\/","title":{"rendered":"Je mo\u017en\u00e9 hr\u00e1t Set for life lotto online?"},"content":{"rendered":"<p>V\u011bd\u011bli jste, \u017ee v loterii Set for Life m\u016f\u017eete ka\u017ed\u00fd m\u011bs\u00edc vyhr\u00e1t 10 000 liber? Pokud m\u00e1te z\u00e1jem zkusit \u0161t\u011bst\u00ed v loterii, Set pro \u017eivot je skv\u011bl\u00fd zp\u016fsob, jak za\u010d\u00edt. Loterie Set for Life je zn\u00e1m\u00e1 p\u0159edev\u0161\u00edm t\u00edm, \u017ee je jedinou hrou, kter\u00e1 umo\u017e\u0148uje hr\u00e1t \u010d\u00edsla v sedmi po sob\u011b jdouc\u00edch denn\u00edch taz\u00edch. To jednodu\u0161e znamen\u00e1, \u017ee m\u00e1te spoustu \u0161anc\u00ed vyhr\u00e1t jackpot ka\u017ed\u00fd den v t\u00fddnu.<\/p>\n<p>Zde v\u00e1m umo\u017en\u00edme dozv\u011bd\u011bt se o loterii Set pro \u017eivot v\u00edce a pochopit, pro\u010d spousta lid\u00ed tuto loterii st\u00e1le hraje.<\/p>\n<p>S\u00e1zku Set for Life uspo\u0159\u00e1dala N\u00e1rodn\u00ed loterie a vyslou\u017eila si titul prvn\u00ed anuitn\u00ed loterie ve Velk\u00e9 Brit\u00e1nii. Tato loterie d\u00e1v\u00e1 hr\u00e1\u010d\u016fm \u0161anci vyhr\u00e1t m\u011bs\u00ed\u010dn\u00ed platbu ve v\u00fd\u0161i 10 000 liber po dobu 30 let.<\/p>\n<p>A p\u0159esto\u017ee se jedn\u00e1 o britskou loterii, Set for life si m\u016f\u017eete zahr\u00e1t online z \u010cesk\u00e9 republiky. Na\u0161e slu\u017eba online tiket\u016f pro celosv\u011btov\u00e9 loterie umo\u017e\u0148uje hr\u00e1\u010d\u016fm z cel\u00e9ho sv\u011bta \u00fa\u010dastnit se nejlep\u0161\u00edch loteri\u00ed s nejv\u011bt\u0161\u00edmi jackpoty.<br \/>\n<a href=\"https:\/\/redfoxlotto.com\/play\/set-for-life-uk\/?ref=a8564250a2&amp;medium=ol365\" target=\"_blank\" rel=\"noopener noreferrer\"><img decoding=\"async\" class=\"aligncenter\" src=\"https:\/\/redfoxlotto.com\/image?size=8&amp;lottery=set-for-life-uk\" alt=\"&quot;Set\" \/><\/a><\/p>\n<p>&nbsp;<\/p>\n<h2>O loterii Set for life<\/h2>\n<ul>\n<li>Zem\u011b: Spojen\u00e9 kr\u00e1lovstv\u00ed<\/li>\n<li>Hlavn\u00ed \u010d\u00edseln\u00e1 \u0159ada: 45<\/li>\n<li>Vyb\u00edr\u00e1te: 5<\/li>\n<li>Rozsah dopl\u0148kov\u00fdch \u010d\u00edsel: 10<\/li>\n<li>Vyb\u00edr\u00e1te: 1<\/li>\n<li>Losovac\u00ed dny, hodiny: Pond\u011bl\u00ed, \u010dtvrtek, 20:00 GMT, 21:00 CET<\/li>\n<li>Minim\u00e1ln\u00ed jackpot: \u017e\u00e1dn\u00fd<\/li>\n<li>Maxim\u00e1ln\u00ed jackpot: \u017e\u00e1dn\u00fd<\/li>\n<li>Pravd\u011bpodobnost v\u00fdhry jackpotu: 1 ku 15 339 390.<\/li>\n<li>Pravd\u011bpodobnost v\u00fdhry ve 2. \u00farovni: 1 ku 1 704 377<\/li>\n<li>Pravd\u011bpodobnost v\u00fdhry v libovoln\u00e9 \u00farovni: 1 ku 12,4<\/li>\n<li>Po\u010det v\u00fdhern\u00edch \u00farovn\u00ed: 8<\/li>\n<\/ul>\n<p>Stejn\u011b jako ostatn\u00ed loterie ve Spojen\u00e9m kr\u00e1lovstv\u00ed je i Set for Life slosovateln\u00e1 hra. Pokud ji hrajete, mus\u00edte si vybrat p\u011bt \u010d\u00edsel z tipovac\u00ed \u0161k\u00e1ly 1 a\u017e 47, v\u010detn\u011b &#8222;\u017eivotn\u00edho m\u00ed\u010de&#8220; s \u010d\u00edsly 1 &#8211; 10. V p\u0159\u00edpad\u011b, \u017ee se v\u00e1m poda\u0159\u00ed vybrat jedno \u010d\u00edslo, mus\u00edte si vybrat jedno \u010d\u00edslo z tipovac\u00ed \u0161k\u00e1ly. Po v\u00fdb\u011bru p\u011bti \u010d\u00edsel a \u010d\u00edsla &#8222;life ball&#8220; budete m\u00edt ka\u017ed\u00fd m\u011bs\u00edc \u0161anci vyhr\u00e1t celkov\u00fd jackpot ve v\u00fd\u0161i 10 000 liber.<\/p>\n<h2>Slosov\u00e1n\u00ed Set for Life<\/h2>\n<p>Loterie Set for Life prob\u00edh\u00e1 ka\u017ed\u00e9 pond\u011bl\u00ed a \u010dtvrtek a ve Velk\u00e9 Brit\u00e1nii si hr\u00e1\u010di mohou zakoupit losy v m\u00edstn\u00edm obchod\u011b s loteriemi. Losov\u00e1n\u00ed kon\u010d\u00ed ka\u017ed\u00fd ve\u010der ve 21 hodin v\u00fdchodn\u00edho \u010dasu. Nejnov\u011bj\u0161\u00ed v\u00fdsledky Set for Life jsou obvykle k dispozici v den losov\u00e1n\u00ed, tedy ve 21:45 SE\u010c. Vezm\u011bte pros\u00edm na v\u011bdom\u00ed, \u017ee dividendy pro ka\u017edou hru jsou aktualizov\u00e1ny kr\u00e1tce po losov\u00e1n\u00ed. Tak\u00e9 aktualizace dividend jsou obvykle k dispozici ve\u0159ejnosti r\u00e1no po losov\u00e1n\u00ed.<\/p>\n<h2>Jak vyhr\u00e1t v loterii Set pro \u017eivot<\/h2>\n<p>Prvn\u00ed cena loterie Set for Life nab\u00edz\u00ed m\u011bs\u00ed\u010dn\u00ed v\u00fdplatu 10 000 liber a \u0161anci na v\u00fdhru maj\u00ed v ka\u017ed\u00e9m losov\u00e1n\u00ed \u010dty\u0159i hr\u00e1\u010di. Abyste mohli vyhr\u00e1t hlavn\u00ed v\u00fdhru, mus\u00ed se va\u0161e \u010d\u00edsla shodovat s osmi vylosovan\u00fdmi \u010d\u00edsly b\u011bhem jedn\u00e9 sady. To znamen\u00e1, \u017ee v loterii Set pro \u017eivot je celkem osm v\u00fdhern\u00edch kategori\u00ed. V ka\u017ed\u00e9 sad\u011b m\u00e1te \u0161anci z\u00edskat v\u00fdhru se \u010dty\u0159mi vylosovan\u00fdmi \u010d\u00edsly, v\u010detn\u011b jednoho bonusov\u00e9ho \u010d\u00edsla.<br \/>\n<img decoding=\"async\" class=\"size-full wp-image-1477 alignright\" src=\"https:\/\/onlinelotto365.com\/wp-content\/uploads\/2020\/11\/online_lottery-128.jpg\" alt=\"&quot;play\" \/> Sada pro \u017eivot nab\u00edz\u00ed p\u0159\u00edzniv\u00e9 \u0161ance na v\u00fdhru jackpotu. Nap\u0159\u00edklad jin\u00e9 ceny, kter\u00e9 vy\u017eaduj\u00ed shodu jednoho nebo v\u00edce \u010d\u00edsel, v\u00e1m d\u00e1vaj\u00ed \u0161anci na v\u00fdhru 1:12, i to by bylo jen 5 liber.<\/p>\n<p>Pokud tedy c\u00edt\u00edte sv\u00e9 \u0161t\u011bst\u00ed, vyplat\u00ed se v\u00e1m s\u00e1hnout po tiketu Set for Life! Nab\u00edz\u00edme v\u00e1m \u0161irokou nab\u00eddku mezin\u00e1rodn\u00edch loteri\u00ed, kter\u00e9 m\u016f\u017eete hr\u00e1t z \u010cesk\u00e9 republiky, o jackpoty se stamilionov\u00fdmi v\u00fdhrami.<\/p>\n","protected":false},"excerpt":{"rendered":"<p>V\u011bd\u011bli jste, \u017ee v loterii Set for Life m\u016f\u017eete ka\u017ed\u00fd m\u011bs\u00edc vyhr\u00e1t 10 000 liber? Pokud m\u00e1te z\u00e1jem zkusit \u0161t\u011bst\u00ed v loterii, Set pro \u017eivot je skv\u011bl\u00fd zp\u016fsob, jak za\u010d\u00edt. Loterie Set for Life je zn\u00e1m\u00e1 p\u0159edev\u0161\u00edm t\u00edm, \u017ee je jedinou hrou, kter\u00e1 umo\u017e\u0148uje hr\u00e1t \u010d\u00edsla v sedmi po sob\u011b jdouc\u00edch denn\u00edch taz\u00edch. To jednodu\u0161e [&hellip;]<\/p>\n","protected":false},"author":1,"featured_media":0,"parent":5012,"menu_order":10,"comment_status":"closed","ping_status":"closed","template":"set-for-life.php","meta":{"_et_pb_use_builder":"","_et_pb_old_content":"","_et_gb_content_width":"","exclude_from_search":false,"footnotes":""},"class_list":["post-79436","page","type-page","status-publish","hentry"],"yoast_head":"<!-- This site is optimized with the Yoast SEO plugin v23.4 - https:\/\/yoast.com\/wordpress\/plugins\/seo\/ -->\n<title>Jak hr\u00e1t Set for life lotto online z \u010cesk\u00e9 republiky?<\/title>\n<meta name=\"description\" content=\"Zakupte si online tikety loterie Set for life, pokud s\u00eddl\u00edte v \u010cesk\u00e9 republice.\" \/>\n<meta name=\"robots\" content=\"index, follow, max-snippet:-1, max-image-preview:large, max-video-preview:-1\" \/>\n<link rel=\"canonical\" href=\"https:\/\/onlinelotto365.com\/cs\/hrat\/set-for-life\/\" \/>\n<meta property=\"og:locale\" content=\"cs_CZ\" \/>\n<meta property=\"og:type\" content=\"article\" \/>\n<meta property=\"og:title\" content=\"Jak hr\u00e1t Set for life lotto online z \u010cesk\u00e9 republiky?\" \/>\n<meta property=\"og:description\" content=\"Zakupte si online tikety loterie Set for life, pokud s\u00eddl\u00edte v \u010cesk\u00e9 republice.\" \/>\n<meta property=\"og:url\" content=\"https:\/\/onlinelotto365.com\/cs\/hrat\/set-for-life\/\" \/>\n<meta property=\"og:site_name\" content=\"OnlineLotto365\" \/>\n<meta property=\"article:modified_time\" content=\"2022-11-04T09:17:30+00:00\" \/>\n<meta property=\"og:image\" content=\"https:\/\/redfoxlotto.com\/image?size=8&amp;lottery=set-for-life-uk\" \/>\n<meta name=\"twitter:card\" content=\"summary_large_image\" \/>\n<meta name=\"twitter:label1\" content=\"Odhadovan\u00e1 doba \u010dten\u00ed\" \/>\n\t<meta name=\"twitter:data1\" content=\"3 minuty\" \/>\n<script type=\"application\/ld+json\" class=\"yoast-schema-graph\">{\"@context\":\"https:\/\/schema.org\",\"@graph\":[{\"@type\":\"WebPage\",\"@id\":\"https:\/\/onlinelotto365.com\/cs\/hrat\/set-for-life\/\",\"url\":\"https:\/\/onlinelotto365.com\/cs\/hrat\/set-for-life\/\",\"name\":\"Jak hr\u00e1t Set for life lotto online z \u010cesk\u00e9 republiky?\",\"isPartOf\":{\"@id\":\"https:\/\/onlinelotto365.com\/cs\/#website\"},\"primaryImageOfPage\":{\"@id\":\"https:\/\/onlinelotto365.com\/cs\/hrat\/set-for-life\/#primaryimage\"},\"image\":{\"@id\":\"https:\/\/onlinelotto365.com\/cs\/hrat\/set-for-life\/#primaryimage\"},\"thumbnailUrl\":\"https:\/\/redfoxlotto.com\/image?size=8&amp;lottery=set-for-life-uk\",\"datePublished\":\"2022-11-04T09:17:17+00:00\",\"dateModified\":\"2022-11-04T09:17:30+00:00\",\"description\":\"Zakupte si online tikety loterie Set for life, pokud s\u00eddl\u00edte v \u010cesk\u00e9 republice.\",\"breadcrumb\":{\"@id\":\"https:\/\/onlinelotto365.com\/cs\/hrat\/set-for-life\/#breadcrumb\"},\"inLanguage\":\"cs\",\"potentialAction\":[{\"@type\":\"ReadAction\",\"target\":[\"https:\/\/onlinelotto365.com\/cs\/hrat\/set-for-life\/\"]}]},{\"@type\":\"ImageObject\",\"inLanguage\":\"cs\",\"@id\":\"https:\/\/onlinelotto365.com\/cs\/hrat\/set-for-life\/#primaryimage\",\"url\":\"https:\/\/redfoxlotto.com\/image?size=8&amp;lottery=set-for-life-uk\",\"contentUrl\":\"https:\/\/redfoxlotto.com\/image?size=8&amp;lottery=set-for-life-uk\"},{\"@type\":\"BreadcrumbList\",\"@id\":\"https:\/\/onlinelotto365.com\/cs\/hrat\/set-for-life\/#breadcrumb\",\"itemListElement\":[{\"@type\":\"ListItem\",\"position\":1,\"name\":\"Home\",\"item\":\"https:\/\/onlinelotto365.com\/cs\/\"},{\"@type\":\"ListItem\",\"position\":2,\"name\":\"V\u0161e, co mus\u00edte v\u011bd\u011bt o mo\u017enostech hran\u00ed nejlep\u0161\u00edch loteri\u00ed online\",\"item\":\"https:\/\/onlinelotto365.com\/cs\/play\/\"},{\"@type\":\"ListItem\",\"position\":3,\"name\":\"Je mo\u017en\u00e9 hr\u00e1t Set for life lotto online?\"}]},{\"@type\":\"WebSite\",\"@id\":\"https:\/\/onlinelotto365.com\/cs\/#website\",\"url\":\"https:\/\/onlinelotto365.com\/cs\/\",\"name\":\"OnlineLotto365\",\"description\":\"\",\"potentialAction\":[{\"@type\":\"SearchAction\",\"target\":{\"@type\":\"EntryPoint\",\"urlTemplate\":\"https:\/\/onlinelotto365.com\/cs\/?s={search_term_string}\"},\"query-input\":{\"@type\":\"PropertyValueSpecification\",\"valueRequired\":true,\"valueName\":\"search_term_string\"}}],\"inLanguage\":\"cs\"}]}<\/script>\n<!-- \/ Yoast SEO plugin. -->","yoast_head_json":{"title":"Jak hr\u00e1t Set for life lotto online z \u010cesk\u00e9 republiky?","description":"Zakupte si online tikety loterie Set for life, pokud s\u00eddl\u00edte v \u010cesk\u00e9 republice.","robots":{"index":"index","follow":"follow","max-snippet":"max-snippet:-1","max-image-preview":"max-image-preview:large","max-video-preview":"max-video-preview:-1"},"canonical":"https:\/\/onlinelotto365.com\/cs\/hrat\/set-for-life\/","og_locale":"cs_CZ","og_type":"article","og_title":"Jak hr\u00e1t Set for life lotto online z \u010cesk\u00e9 republiky?","og_description":"Zakupte si online tikety loterie Set for life, pokud s\u00eddl\u00edte v \u010cesk\u00e9 republice.","og_url":"https:\/\/onlinelotto365.com\/cs\/hrat\/set-for-life\/","og_site_name":"OnlineLotto365","article_modified_time":"2022-11-04T09:17:30+00:00","og_image":[{"url":"https:\/\/redfoxlotto.com\/image?size=8&amp;lottery=set-for-life-uk"}],"twitter_card":"summary_large_image","twitter_misc":{"Odhadovan\u00e1 doba \u010dten\u00ed":"3 minuty"},"schema":{"@context":"https:\/\/schema.org","@graph":[{"@type":"WebPage","@id":"https:\/\/onlinelotto365.com\/cs\/hrat\/set-for-life\/","url":"https:\/\/onlinelotto365.com\/cs\/hrat\/set-for-life\/","name":"Jak hr\u00e1t Set for life lotto online z \u010cesk\u00e9 republiky?","isPartOf":{"@id":"https:\/\/onlinelotto365.com\/cs\/#website"},"primaryImageOfPage":{"@id":"https:\/\/onlinelotto365.com\/cs\/hrat\/set-for-life\/#primaryimage"},"image":{"@id":"https:\/\/onlinelotto365.com\/cs\/hrat\/set-for-life\/#primaryimage"},"thumbnailUrl":"https:\/\/redfoxlotto.com\/image?size=8&amp;lottery=set-for-life-uk","datePublished":"2022-11-04T09:17:17+00:00","dateModified":"2022-11-04T09:17:30+00:00","description":"Zakupte si online tikety loterie Set for life, pokud s\u00eddl\u00edte v \u010cesk\u00e9 republice.","breadcrumb":{"@id":"https:\/\/onlinelotto365.com\/cs\/hrat\/set-for-life\/#breadcrumb"},"inLanguage":"cs","potentialAction":[{"@type":"ReadAction","target":["https:\/\/onlinelotto365.com\/cs\/hrat\/set-for-life\/"]}]},{"@type":"ImageObject","inLanguage":"cs","@id":"https:\/\/onlinelotto365.com\/cs\/hrat\/set-for-life\/#primaryimage","url":"https:\/\/redfoxlotto.com\/image?size=8&amp;lottery=set-for-life-uk","contentUrl":"https:\/\/redfoxlotto.com\/image?size=8&amp;lottery=set-for-life-uk"},{"@type":"BreadcrumbList","@id":"https:\/\/onlinelotto365.com\/cs\/hrat\/set-for-life\/#breadcrumb","itemListElement":[{"@type":"ListItem","position":1,"name":"Home","item":"https:\/\/onlinelotto365.com\/cs\/"},{"@type":"ListItem","position":2,"name":"V\u0161e, co mus\u00edte v\u011bd\u011bt o mo\u017enostech hran\u00ed nejlep\u0161\u00edch loteri\u00ed online","item":"https:\/\/onlinelotto365.com\/cs\/play\/"},{"@type":"ListItem","position":3,"name":"Je mo\u017en\u00e9 hr\u00e1t Set for life lotto online?"}]},{"@type":"WebSite","@id":"https:\/\/onlinelotto365.com\/cs\/#website","url":"https:\/\/onlinelotto365.com\/cs\/","name":"OnlineLotto365","description":"","potentialAction":[{"@type":"SearchAction","target":{"@type":"EntryPoint","urlTemplate":"https:\/\/onlinelotto365.com\/cs\/?s={search_term_string}"},"query-input":{"@type":"PropertyValueSpecification","valueRequired":true,"valueName":"search_term_string"}}],"inLanguage":"cs"}]}},"_links":{"self":[{"href":"https:\/\/onlinelotto365.com\/cs\/wp-json\/wp\/v2\/pages\/79436","targetHints":{"allow":["GET"]}}],"collection":[{"href":"https:\/\/onlinelotto365.com\/cs\/wp-json\/wp\/v2\/pages"}],"about":[{"href":"https:\/\/onlinelotto365.com\/cs\/wp-json\/wp\/v2\/types\/page"}],"author":[{"embeddable":true,"href":"https:\/\/onlinelotto365.com\/cs\/wp-json\/wp\/v2\/users\/1"}],"replies":[{"embeddable":true,"href":"https:\/\/onlinelotto365.com\/cs\/wp-json\/wp\/v2\/comments?post=79436"}],"version-history":[{"count":0,"href":"https:\/\/onlinelotto365.com\/cs\/wp-json\/wp\/v2\/pages\/79436\/revisions"}],"up":[{"embeddable":true,"href":"https:\/\/onlinelotto365.com\/cs\/wp-json\/wp\/v2\/pages\/5012"}],"wp:attachment":[{"href":"https:\/\/onlinelotto365.com\/cs\/wp-json\/wp\/v2\/media?parent=79436"}],"curies":[{"name":"wp","href":"https:\/\/api.w.org\/{rel}","templated":true}]}}