{"id":79468,"date":"2022-11-04T11:51:26","date_gmt":"2022-11-04T10:51:26","guid":{"rendered":"https:\/\/onlinelotto365.com\/?page_id=79468"},"modified":"2022-11-04T11:51:26","modified_gmt":"2022-11-04T10:51:26","slug":"uk-lottery","status":"publish","type":"page","link":"https:\/\/onlinelotto365.com\/cs\/hrat\/uk-lottery\/","title":{"rendered":"Jak mohou obyvatel\u00e9 \u010cesk\u00e9 republiky hr\u00e1t UK Lottery online?"},"content":{"rendered":"<h2>O britsk\u00e9 loterii<\/h2>\n<p>S \u0161esti \u010d\u00edsly, kter\u00e1 se vyb\u00edraj\u00ed z 59, a bez dal\u0161\u00edch \u010d\u00edsel jsou \u0161ance na v\u00fdhru v porovn\u00e1n\u00ed s loteriemi jako Powerball nebo Mega Millions v po\u0159\u00e1dku. Pokud spr\u00e1vn\u011b uhodnete 5 ze 6 \u010d\u00edsel, m\u00e1te zaru\u010denou v\u00fdhru 2,5 milionu britsk\u00fdch liber a p\u0159i uhodnut\u00ed v\u0161ech \u0161esti \u010d\u00edsel jste v\u00fdhercem jackpotu. Pokud ne\u017eijete ve Velk\u00e9 Brit\u00e1nii, je hran\u00ed online prost\u0159ednictv\u00edm na\u0161\u00ed slu\u017eby va\u0161\u00ed jedinou mo\u017enost\u00ed, jak se z\u00fa\u010dastnit.<\/p>\n<ul>\n<li>Zem\u011b: VELK\u00c1 BRIT\u00c1NIE<\/li>\n<li>Rozsah hlavn\u00edch \u010d\u00edsel: 59<\/li>\n<li>Vyb\u00edr\u00e1te: 6<\/li>\n<li>Rozsah dopl\u0148kov\u00fdch \u010d\u00edsel: \u017e\u00e1dn\u00fd<\/li>\n<li>Vyb\u00edr\u00e1te: \u017e\u00e1dn\u00e9<\/li>\n<li>Dny losov\u00e1n\u00ed, hodiny: St\u0159eda, sobota 19:30 UTC, 19:30 CET<\/li>\n<li>Minim\u00e1ln\u00ed jackpot: GBP.<\/li>\n<li>Maxim\u00e1ln\u00ed jackpot: 2,5 milionu liber: GBP, 22 milion\u016f GBP.<\/li>\n<li>Pravd\u011bpodobnost v\u00fdhry jackpotu: 1 ku 45 057 474<\/li>\n<li>Pravd\u011bpodobnost v\u00fdhry ve 2. \u00farovni: 1 ku 7 509 579<\/li>\n<li>Pravd\u011bpodobnost v\u00fdhry v jak\u00e9koli \u00farovni: 1 ku 9,27<\/li>\n<li>Po\u010det v\u00fdhern\u00edch \u00farovn\u00ed: 6<\/li>\n<\/ul>\n<p>&nbsp;<\/p>\n<h2>Pro\u010d jsou jackpoty britsk\u00fdch loteri\u00ed obvykle pom\u011brn\u011b n\u00edzk\u00e9?<br \/>\n<a href=\"https:\/\/redfoxlotto.com\/play\/lotto-uk\/?ref=a8564250a2&amp;medium=ol365\" target=\"_blank\" rel=\"noopener noreferrer\"><img loading=\"lazy\" decoding=\"async\" class=\"aligncenter\" src=\"https:\/\/redfoxlotto.com\/image?size=8&amp;lottery=lotto-uk\" alt=\"UK loterie\" width=\"720\" height=\"90\" \/><\/a><\/h2>\n<p>No, proto\u017ee jackpot britsk\u00e9 loterie lze p\u0159ehodit pouze p\u011btkr\u00e1t. Pot\u00e9 lze jackpot vyhr\u00e1t, sta\u010d\u00ed m\u00edt 5 z t\u011bchto mo\u017enost\u00ed<br \/>\n6 \u010d\u00edsel na losu. Vzhledem k tomuto pravidlu by m\u011blo smysl hr\u00e1t tuto loterii poka\u017ed\u00e9, kdy\u017e jackpot nebyl vyhr\u00e1n p\u011btkr\u00e1t po sob\u011b. V tu chv\u00edli z\u00edsk\u00e1te mnohem v\u011bt\u0161\u00ed \u0161anci na v\u00fdhru hlavn\u00ed ceny. Tato hlavn\u00ed v\u00fdhra by m\u011bla b\u00fdt dostate\u010dn\u011b vysok\u00e1 na to, abyste se dostali do situace, kdy se nebudete muset do konce \u017eivota starat o pen\u00edze.<\/p>\n<p>Existuje v\u0161ak velk\u00e1 \u0161ance, \u017ee po p\u011bti p\u0159ehozen\u00edch bude muset b\u00fdt jackpot rozd\u011blen mezi v\u00edce v\u00fdherc\u016f. Vzhledem k ni\u017e\u0161\u00edm kurz\u016fm a v\u011bt\u0161\u00edmu po\u010dtu hraj\u00edc\u00edch lid\u00ed m\u016f\u017ee b\u00fdt v\u00fdherc\u016f druh\u00e9 cenov\u00e9 \u00farovn\u011b v\u00edce ne\u017e jeden.<\/p>\n<h2>Nechcete jackpot rozd\u011blit?<\/h2>\n<p>Existuje jedna loterijn\u00ed strategie, jak se vyhnout rozd\u011blen\u00ed hlavn\u00ed v\u00fdhry: vyberte si kombinaci \u010d\u00edsel, u kter\u00e9 se zd\u00e1 b\u00fdt m\u00e9n\u011b pravd\u011bpodobn\u00e9, \u017ee ji vyberou i ostatn\u00ed hr\u00e1\u010di. Nap\u0159\u00edklad pou\u017eijte m\u00e9n\u011b \u010d\u00edsel mezi 1 a 31 (existuje p\u0159\u00edli\u0161 mnoho hr\u00e1\u010d\u016f, kte\u0159\u00ed pou\u017e\u00edvaj\u00ed data narozen\u00ed jako sv\u00e1 \u0161\u0165astn\u00e1 \u010d\u00edsla) nebo pou\u017eijte 3 \u010d\u00edsla mezi 30 a 40 a 3 \u010d\u00edsla mezi 50 a 56. Pou\u017eijte svou fantazii a vymyslete v\u00edce &#8222;lich\u00fdch&#8220; \u010d\u00edsel.<\/p>\n","protected":false},"excerpt":{"rendered":"<p>O britsk\u00e9 loterii S \u0161esti \u010d\u00edsly, kter\u00e1 se vyb\u00edraj\u00ed z 59, a bez dal\u0161\u00edch \u010d\u00edsel jsou \u0161ance na v\u00fdhru v porovn\u00e1n\u00ed s loteriemi jako Powerball nebo Mega Millions v po\u0159\u00e1dku. Pokud spr\u00e1vn\u011b uhodnete 5 ze 6 \u010d\u00edsel, m\u00e1te zaru\u010denou v\u00fdhru 2,5 milionu britsk\u00fdch liber a p\u0159i uhodnut\u00ed v\u0161ech \u0161esti \u010d\u00edsel jste v\u00fdhercem jackpotu. Pokud ne\u017eijete [&hellip;]<\/p>\n","protected":false},"author":1,"featured_media":0,"parent":5012,"menu_order":9,"comment_status":"closed","ping_status":"closed","template":"lotto-uk.php","meta":{"_et_pb_use_builder":"","_et_pb_old_content":"","_et_gb_content_width":"","exclude_from_search":false,"footnotes":""},"class_list":["post-79468","page","type-page","status-publish","hentry"],"yoast_head":"<!-- This site is optimized with the Yoast SEO plugin v23.4 - https:\/\/yoast.com\/wordpress\/plugins\/seo\/ -->\n<title>Hrajte UK Lottery online z \u010cesk\u00e9 republiky | Mohu se z\u00fa\u010dastnit UK Lotto, pokud \u017eiji v \u010cesk\u00e9 republice?<\/title>\n<meta name=\"description\" content=\"\u00da\u010dast v UK Lottery z jin\u00fdch zem\u00ed, jako je \u010cesk\u00e1 republika, je nyn\u00ed snadn\u00e1 d\u00edky na\u0161\u00ed online slu\u017eb\u011b.\" \/>\n<meta name=\"robots\" content=\"index, follow, max-snippet:-1, max-image-preview:large, max-video-preview:-1\" \/>\n<link rel=\"canonical\" href=\"https:\/\/onlinelotto365.com\/cs\/hrat\/uk-lottery\/\" \/>\n<meta property=\"og:locale\" content=\"cs_CZ\" \/>\n<meta property=\"og:type\" content=\"article\" \/>\n<meta property=\"og:title\" content=\"Hrajte UK Lottery online z \u010cesk\u00e9 republiky | Mohu se z\u00fa\u010dastnit UK Lotto, pokud \u017eiji v \u010cesk\u00e9 republice?\" \/>\n<meta property=\"og:description\" content=\"\u00da\u010dast v UK Lottery z jin\u00fdch zem\u00ed, jako je \u010cesk\u00e1 republika, je nyn\u00ed snadn\u00e1 d\u00edky na\u0161\u00ed online slu\u017eb\u011b.\" \/>\n<meta property=\"og:url\" content=\"https:\/\/onlinelotto365.com\/cs\/hrat\/uk-lottery\/\" \/>\n<meta property=\"og:site_name\" content=\"OnlineLotto365\" \/>\n<meta property=\"og:image\" content=\"https:\/\/redfoxlotto.com\/image?size=8&amp;lottery=lotto-uk\" \/>\n<meta name=\"twitter:card\" content=\"summary_large_image\" \/>\n<meta name=\"twitter:label1\" content=\"Odhadovan\u00e1 doba \u010dten\u00ed\" \/>\n\t<meta name=\"twitter:data1\" content=\"2 minuty\" \/>\n<script type=\"application\/ld+json\" class=\"yoast-schema-graph\">{\"@context\":\"https:\/\/schema.org\",\"@graph\":[{\"@type\":\"WebPage\",\"@id\":\"https:\/\/onlinelotto365.com\/cs\/hrat\/uk-lottery\/\",\"url\":\"https:\/\/onlinelotto365.com\/cs\/hrat\/uk-lottery\/\",\"name\":\"Hrajte UK Lottery online z \u010cesk\u00e9 republiky | Mohu se z\u00fa\u010dastnit UK Lotto, pokud \u017eiji v \u010cesk\u00e9 republice?\",\"isPartOf\":{\"@id\":\"https:\/\/onlinelotto365.com\/cs\/#website\"},\"primaryImageOfPage\":{\"@id\":\"https:\/\/onlinelotto365.com\/cs\/hrat\/uk-lottery\/#primaryimage\"},\"image\":{\"@id\":\"https:\/\/onlinelotto365.com\/cs\/hrat\/uk-lottery\/#primaryimage\"},\"thumbnailUrl\":\"https:\/\/redfoxlotto.com\/image?size=8&amp;lottery=lotto-uk\",\"datePublished\":\"2022-11-04T10:51:26+00:00\",\"dateModified\":\"2022-11-04T10:51:26+00:00\",\"description\":\"\u00da\u010dast v UK Lottery z jin\u00fdch zem\u00ed, jako je \u010cesk\u00e1 republika, je nyn\u00ed snadn\u00e1 d\u00edky na\u0161\u00ed online slu\u017eb\u011b.\",\"breadcrumb\":{\"@id\":\"https:\/\/onlinelotto365.com\/cs\/hrat\/uk-lottery\/#breadcrumb\"},\"inLanguage\":\"cs\",\"potentialAction\":[{\"@type\":\"ReadAction\",\"target\":[\"https:\/\/onlinelotto365.com\/cs\/hrat\/uk-lottery\/\"]}]},{\"@type\":\"ImageObject\",\"inLanguage\":\"cs\",\"@id\":\"https:\/\/onlinelotto365.com\/cs\/hrat\/uk-lottery\/#primaryimage\",\"url\":\"https:\/\/redfoxlotto.com\/image?size=8&amp;lottery=lotto-uk\",\"contentUrl\":\"https:\/\/redfoxlotto.com\/image?size=8&amp;lottery=lotto-uk\"},{\"@type\":\"BreadcrumbList\",\"@id\":\"https:\/\/onlinelotto365.com\/cs\/hrat\/uk-lottery\/#breadcrumb\",\"itemListElement\":[{\"@type\":\"ListItem\",\"position\":1,\"name\":\"Home\",\"item\":\"https:\/\/onlinelotto365.com\/cs\/\"},{\"@type\":\"ListItem\",\"position\":2,\"name\":\"V\u0161e, co mus\u00edte v\u011bd\u011bt o mo\u017enostech hran\u00ed nejlep\u0161\u00edch loteri\u00ed online\",\"item\":\"https:\/\/onlinelotto365.com\/cs\/play\/\"},{\"@type\":\"ListItem\",\"position\":3,\"name\":\"Jak mohou obyvatel\u00e9 \u010cesk\u00e9 republiky hr\u00e1t UK Lottery online?\"}]},{\"@type\":\"WebSite\",\"@id\":\"https:\/\/onlinelotto365.com\/cs\/#website\",\"url\":\"https:\/\/onlinelotto365.com\/cs\/\",\"name\":\"OnlineLotto365\",\"description\":\"\",\"potentialAction\":[{\"@type\":\"SearchAction\",\"target\":{\"@type\":\"EntryPoint\",\"urlTemplate\":\"https:\/\/onlinelotto365.com\/cs\/?s={search_term_string}\"},\"query-input\":{\"@type\":\"PropertyValueSpecification\",\"valueRequired\":true,\"valueName\":\"search_term_string\"}}],\"inLanguage\":\"cs\"}]}<\/script>\n<!-- \/ Yoast SEO plugin. -->","yoast_head_json":{"title":"Hrajte UK Lottery online z \u010cesk\u00e9 republiky | Mohu se z\u00fa\u010dastnit UK Lotto, pokud \u017eiji v \u010cesk\u00e9 republice?","description":"\u00da\u010dast v UK Lottery z jin\u00fdch zem\u00ed, jako je \u010cesk\u00e1 republika, je nyn\u00ed snadn\u00e1 d\u00edky na\u0161\u00ed online slu\u017eb\u011b.","robots":{"index":"index","follow":"follow","max-snippet":"max-snippet:-1","max-image-preview":"max-image-preview:large","max-video-preview":"max-video-preview:-1"},"canonical":"https:\/\/onlinelotto365.com\/cs\/hrat\/uk-lottery\/","og_locale":"cs_CZ","og_type":"article","og_title":"Hrajte UK Lottery online z \u010cesk\u00e9 republiky | Mohu se z\u00fa\u010dastnit UK Lotto, pokud \u017eiji v \u010cesk\u00e9 republice?","og_description":"\u00da\u010dast v UK Lottery z jin\u00fdch zem\u00ed, jako je \u010cesk\u00e1 republika, je nyn\u00ed snadn\u00e1 d\u00edky na\u0161\u00ed online slu\u017eb\u011b.","og_url":"https:\/\/onlinelotto365.com\/cs\/hrat\/uk-lottery\/","og_site_name":"OnlineLotto365","og_image":[{"url":"https:\/\/redfoxlotto.com\/image?size=8&amp;lottery=lotto-uk"}],"twitter_card":"summary_large_image","twitter_misc":{"Odhadovan\u00e1 doba \u010dten\u00ed":"2 minuty"},"schema":{"@context":"https:\/\/schema.org","@graph":[{"@type":"WebPage","@id":"https:\/\/onlinelotto365.com\/cs\/hrat\/uk-lottery\/","url":"https:\/\/onlinelotto365.com\/cs\/hrat\/uk-lottery\/","name":"Hrajte UK Lottery online z \u010cesk\u00e9 republiky | Mohu se z\u00fa\u010dastnit UK Lotto, pokud \u017eiji v \u010cesk\u00e9 republice?","isPartOf":{"@id":"https:\/\/onlinelotto365.com\/cs\/#website"},"primaryImageOfPage":{"@id":"https:\/\/onlinelotto365.com\/cs\/hrat\/uk-lottery\/#primaryimage"},"image":{"@id":"https:\/\/onlinelotto365.com\/cs\/hrat\/uk-lottery\/#primaryimage"},"thumbnailUrl":"https:\/\/redfoxlotto.com\/image?size=8&amp;lottery=lotto-uk","datePublished":"2022-11-04T10:51:26+00:00","dateModified":"2022-11-04T10:51:26+00:00","description":"\u00da\u010dast v UK Lottery z jin\u00fdch zem\u00ed, jako je \u010cesk\u00e1 republika, je nyn\u00ed snadn\u00e1 d\u00edky na\u0161\u00ed online slu\u017eb\u011b.","breadcrumb":{"@id":"https:\/\/onlinelotto365.com\/cs\/hrat\/uk-lottery\/#breadcrumb"},"inLanguage":"cs","potentialAction":[{"@type":"ReadAction","target":["https:\/\/onlinelotto365.com\/cs\/hrat\/uk-lottery\/"]}]},{"@type":"ImageObject","inLanguage":"cs","@id":"https:\/\/onlinelotto365.com\/cs\/hrat\/uk-lottery\/#primaryimage","url":"https:\/\/redfoxlotto.com\/image?size=8&amp;lottery=lotto-uk","contentUrl":"https:\/\/redfoxlotto.com\/image?size=8&amp;lottery=lotto-uk"},{"@type":"BreadcrumbList","@id":"https:\/\/onlinelotto365.com\/cs\/hrat\/uk-lottery\/#breadcrumb","itemListElement":[{"@type":"ListItem","position":1,"name":"Home","item":"https:\/\/onlinelotto365.com\/cs\/"},{"@type":"ListItem","position":2,"name":"V\u0161e, co mus\u00edte v\u011bd\u011bt o mo\u017enostech hran\u00ed nejlep\u0161\u00edch loteri\u00ed online","item":"https:\/\/onlinelotto365.com\/cs\/play\/"},{"@type":"ListItem","position":3,"name":"Jak mohou obyvatel\u00e9 \u010cesk\u00e9 republiky hr\u00e1t UK Lottery online?"}]},{"@type":"WebSite","@id":"https:\/\/onlinelotto365.com\/cs\/#website","url":"https:\/\/onlinelotto365.com\/cs\/","name":"OnlineLotto365","description":"","potentialAction":[{"@type":"SearchAction","target":{"@type":"EntryPoint","urlTemplate":"https:\/\/onlinelotto365.com\/cs\/?s={search_term_string}"},"query-input":{"@type":"PropertyValueSpecification","valueRequired":true,"valueName":"search_term_string"}}],"inLanguage":"cs"}]}},"_links":{"self":[{"href":"https:\/\/onlinelotto365.com\/cs\/wp-json\/wp\/v2\/pages\/79468","targetHints":{"allow":["GET"]}}],"collection":[{"href":"https:\/\/onlinelotto365.com\/cs\/wp-json\/wp\/v2\/pages"}],"about":[{"href":"https:\/\/onlinelotto365.com\/cs\/wp-json\/wp\/v2\/types\/page"}],"author":[{"embeddable":true,"href":"https:\/\/onlinelotto365.com\/cs\/wp-json\/wp\/v2\/users\/1"}],"replies":[{"embeddable":true,"href":"https:\/\/onlinelotto365.com\/cs\/wp-json\/wp\/v2\/comments?post=79468"}],"version-history":[{"count":0,"href":"https:\/\/onlinelotto365.com\/cs\/wp-json\/wp\/v2\/pages\/79468\/revisions"}],"up":[{"embeddable":true,"href":"https:\/\/onlinelotto365.com\/cs\/wp-json\/wp\/v2\/pages\/5012"}],"wp:attachment":[{"href":"https:\/\/onlinelotto365.com\/cs\/wp-json\/wp\/v2\/media?parent=79468"}],"curies":[{"name":"wp","href":"https:\/\/api.w.org\/{rel}","templated":true}]}}