{"id":80061,"date":"2022-11-14T13:32:58","date_gmt":"2022-11-14T12:32:58","guid":{"rendered":"https:\/\/onlinelotto365.com\/?page_id=80061"},"modified":"2022-11-14T13:32:58","modified_gmt":"2022-11-14T12:32:58","slug":"superenalotto","status":"publish","type":"page","link":"https:\/\/onlinelotto365.com\/cs\/vyherni-cisla\/superenalotto\/","title":{"rendered":"Pod\u00edvejte se na v\u00edt\u011bzn\u00e1 \u010d\u00edsla Superenalotto zde"},"content":{"rendered":"<p>Na na\u0161ich webov\u00fdch str\u00e1nk\u00e1ch nab\u00edz\u00edme spoustu r\u016fzn\u00fdch mezin\u00e1rodn\u00edch loterijn\u00edch her, ale chceme se ujistit, \u017ee naj\u00edt v\u00fdsledky nen\u00ed probl\u00e9m. Jist\u011b, m\u016f\u017eete se pod\u00edvat na v\u00fdsledky v televizi, pokud m\u00e1te \u0161t\u011bst\u00ed a najdete v\u00fdsledky losov\u00e1n\u00ed ve zpr\u00e1v\u00e1ch. Nebo byste je mohli naj\u00edt v novin\u00e1ch, pokud \u017eijete v oblasti, kde jsou hry m\u00edstn\u00ed. Ale i to m\u016f\u017ee b\u00fdt obt\u00ed\u017en\u00e9.<br \/>\n<a href=\"https:\/\/redfoxlotto.com\/play\/superenalotto\/?ref=a8564250a2&amp;medium=ol365\" target=\"_blank\" rel=\"noopener noreferrer\"><img decoding=\"async\" class=\"aligncenter\" src=\"https:\/\/redfoxlotto.com\/image?size=8&amp;lottery=superenalotto\" alt=\"superenalotto\" \/><\/a><\/p>\n<p>M\u016f\u017eete se tak\u00e9 pod\u00edvat na webov\u00e9 str\u00e1nky Superenalotto, kde najdete \u017eiv\u00fd p\u0159enos pr\u016fb\u011bhu losov\u00e1n\u00ed, pokud je nab\u00edzen. To m\u016f\u017ee b\u00fdt z\u00e1bavn\u00e9 u her, kter\u00e9 to poskytuj\u00ed, a m\u016f\u017ee v\u00e1m to poskytnout vzru\u0161uj\u00edc\u00ed okam\u017eik sledov\u00e1n\u00ed, zda pr\u00e1v\u011b va\u0161e \u010d\u00edsla vyhr\u00e1la, ale ne ka\u017ed\u00e1 loterijn\u00ed hra tuto mo\u017enost skute\u010dn\u011b nab\u00edz\u00ed.<\/p>\n<p>Po losov\u00e1n\u00ed m\u016f\u017eete n\u011bkdy naj\u00edt vylosovan\u00e1 \u010d\u00edsla a losov\u00e1n\u00ed Superenalotto na YouTube, pokud v\u00edte, jak p\u00e1trat a kde hledat. To v\u0161ak m\u016f\u017ee zabrat n\u011bjak\u00fd \u010das.<\/p>\n<p>Nejlep\u0161\u00ed zp\u016fsob, jak na to j\u00edt, je jednodu\u0161e p\u0159ej\u00edt na na\u0161i str\u00e1nku s v\u00fdsledky loterie a prohl\u00e9dnout si v\u0161echna \u010d\u00edsla pro jednotliv\u00e9 loterie. To zahrnuje i Superenalotto a spoustu dal\u0161\u00edch.<\/p>\n<h2>Jak zjistit, zda v\u00e1\u0161 online tiket vyhr\u00e1l?<\/h2>\n<p>Ti, kte\u0159\u00ed si na na\u0161ich str\u00e1nk\u00e1ch zakoupili tiket Superenalotto, se mohou snadno pod\u00edvat na sv\u016fj \u00fa\u010det a zjistit vylosovan\u00e1 \u010d\u00edsla. Bude to mnohem jednodu\u0161\u0161\u00ed, ne\u017e si mo\u017en\u00e1 mysl\u00edte, a co je je\u0161t\u011b lep\u0161\u00ed, nemus\u00edte ani porovn\u00e1vat \u010d\u00edsla.<\/p>\n<p>O tuto \u010d\u00e1st se postar\u00e1me za v\u00e1s. Ve skute\u010dnosti v\u00e1m zv\u00fdrazn\u011bn\u00edm \u010d\u00edsel uk\u00e1\u017eeme, kter\u00e1 va\u0161e \u010d\u00edsla se shoduj\u00ed s v\u00fdhern\u00edmi \u010d\u00edsly. Pot\u00e9 v\u00e1m v\u0161echny pen\u00edze, kter\u00e9 vyhrajete a\u017e do v\u00fd\u0161e 2500 \u20ac, p\u0159evedeme p\u0159\u00edmo na v\u00e1\u0161 \u00fa\u010det. Nemus\u00edte se starat o to, abyste si je n\u00e1rokovali nebo se ujistili, \u017ee jste n\u011bco ov\u011b\u0159ili. V\u0161e za\u0159\u00edd\u00edme my, abyste se mohli t\u011b\u0161it z v\u00fdhry.<\/p>\n<h2>Archiv v\u00fdsledk\u016f Superenalotto<\/h2>\n<p>Na ka\u017ed\u00e9 str\u00e1nce na\u0161eho webu, kde jsou uvedena vylosovan\u00e1 \u010d\u00edsla Superenalotto, se tak\u00e9 dozv\u00edte, jak se m\u016f\u017eete vr\u00e1tit k p\u0159edchoz\u00edm v\u00fdsledk\u016fm a zkontrolovat d\u0159\u00edv\u011bj\u0161\u00ed losov\u00e1n\u00ed. To v\u00e1m m\u016f\u017ee pomoci vybrat spr\u00e1vn\u00e1 \u010d\u00edsla, kter\u00e1 chcete hr\u00e1t, a\u017e p\u0159ijde \u010das na dal\u0161\u00ed losov\u00e1n\u00ed. Je to jeden z nejobl\u00edben\u011bj\u0161\u00edch zp\u016fsob\u016f v\u00fdb\u011bru \u010d\u00edsel.<br \/>\n<img loading=\"lazy\" decoding=\"async\" class=\"alignright size-full wp-image-3634\" src=\"https:\/\/onlinelotto365.com\/wp-content\/uploads\/2020\/11\/online_lottery-136.jpg\" alt=\"V\u00edt\u011bzn\u00e1 \u010d\u00edsla superenalotto\" width=\"297\" height=\"101\" \/><\/p>\n<h2>M\u016fj tiket vyhr\u00e1l, co bude n\u00e1sledovat?<\/h2>\n<p>Ka\u017ed\u00e1 v\u00fdhra, kter\u00e1 je ni\u017e\u0161\u00ed ne\u017e 2500 \u20ac, bude okam\u017eit\u011b p\u0159ips\u00e1na na v\u00e1\u0161 hr\u00e1\u010dsk\u00fd \u00fa\u010det. Takto si ji m\u016f\u017eete vybrat (jakoukoli \u010d\u00e1stku nad 10 \u20ac) nebo ji m\u016f\u017eete pou\u017e\u00edt na n\u00e1kup dal\u0161\u00edch tiket\u016f. Jen m\u011bjte na pam\u011bti, \u017ee pen\u00edze m\u016f\u017eete vybrat na kreditn\u00ed nebo debetn\u00ed kartu nebo je m\u016f\u017eete vybrat na bankovn\u00ed \u00fa\u010det. A\u0165 u\u017e chcete pen\u00edze vybrat z jak\u00e9hokoli \u00fa\u010dtu, budete je muset ji\u017e pou\u017e\u00edt tak\u00e9 k vlo\u017een\u00ed pen\u011bz. Takto v\u00e1s pom\u00e1h\u00e1me chr\u00e1nit a tak\u00e9 dodr\u017eujeme p\u0159edpisy proti pran\u00ed \u0161pinav\u00fdch pen\u011bz a dal\u0161\u00ed.<\/p>\n","protected":false},"excerpt":{"rendered":"<p>Na na\u0161ich webov\u00fdch str\u00e1nk\u00e1ch nab\u00edz\u00edme spoustu r\u016fzn\u00fdch mezin\u00e1rodn\u00edch loterijn\u00edch her, ale chceme se ujistit, \u017ee naj\u00edt v\u00fdsledky nen\u00ed probl\u00e9m. Jist\u011b, m\u016f\u017eete se pod\u00edvat na v\u00fdsledky v televizi, pokud m\u00e1te \u0161t\u011bst\u00ed a najdete v\u00fdsledky losov\u00e1n\u00ed ve zpr\u00e1v\u00e1ch. Nebo byste je mohli naj\u00edt v novin\u00e1ch, pokud \u017eijete v oblasti, kde jsou hry m\u00edstn\u00ed. Ale i to m\u016f\u017ee [&hellip;]<\/p>\n","protected":false},"author":1,"featured_media":0,"parent":5824,"menu_order":5,"comment_status":"closed","ping_status":"closed","template":"superenalotto-results.php","meta":{"_et_pb_use_builder":"","_et_pb_old_content":"","_et_gb_content_width":"","exclude_from_search":false,"footnotes":""},"class_list":["post-80061","page","type-page","status-publish","hentry"],"yoast_head":"<!-- This site is optimized with the Yoast SEO plugin v23.4 - https:\/\/yoast.com\/wordpress\/plugins\/seo\/ -->\n<title>Nejnov\u011bj\u0161\u00ed vylosovan\u00e1 \u010d\u00edsla pro Superenalotto<\/title>\n<meta name=\"description\" content=\"Chcete zn\u00e1t v\u00fdhern\u00ed \u010d\u00edsla pro Superenalotto? V\u00fdsledky a dal\u0161\u00ed informace najdete zde!\" \/>\n<meta name=\"robots\" content=\"index, follow, max-snippet:-1, max-image-preview:large, max-video-preview:-1\" \/>\n<link rel=\"canonical\" href=\"https:\/\/onlinelotto365.com\/cs\/vyherni-cisla\/superenalotto\/\" \/>\n<meta property=\"og:locale\" content=\"cs_CZ\" \/>\n<meta property=\"og:type\" content=\"article\" \/>\n<meta property=\"og:title\" content=\"Nejnov\u011bj\u0161\u00ed vylosovan\u00e1 \u010d\u00edsla pro Superenalotto\" \/>\n<meta property=\"og:description\" content=\"Chcete zn\u00e1t v\u00fdhern\u00ed \u010d\u00edsla pro Superenalotto? V\u00fdsledky a dal\u0161\u00ed informace najdete zde!\" \/>\n<meta property=\"og:url\" content=\"https:\/\/onlinelotto365.com\/cs\/vyherni-cisla\/superenalotto\/\" \/>\n<meta property=\"og:site_name\" content=\"OnlineLotto365\" \/>\n<meta property=\"og:image\" content=\"https:\/\/redfoxlotto.com\/image?size=8&amp;lottery=superenalotto\" \/>\n<meta name=\"twitter:card\" content=\"summary_large_image\" \/>\n<meta name=\"twitter:label1\" content=\"Odhadovan\u00e1 doba \u010dten\u00ed\" \/>\n\t<meta name=\"twitter:data1\" content=\"3 minuty\" \/>\n<script type=\"application\/ld+json\" class=\"yoast-schema-graph\">{\"@context\":\"https:\/\/schema.org\",\"@graph\":[{\"@type\":\"WebPage\",\"@id\":\"https:\/\/onlinelotto365.com\/cs\/vyherni-cisla\/superenalotto\/\",\"url\":\"https:\/\/onlinelotto365.com\/cs\/vyherni-cisla\/superenalotto\/\",\"name\":\"Nejnov\u011bj\u0161\u00ed vylosovan\u00e1 \u010d\u00edsla pro Superenalotto\",\"isPartOf\":{\"@id\":\"https:\/\/onlinelotto365.com\/cs\/#website\"},\"primaryImageOfPage\":{\"@id\":\"https:\/\/onlinelotto365.com\/cs\/vyherni-cisla\/superenalotto\/#primaryimage\"},\"image\":{\"@id\":\"https:\/\/onlinelotto365.com\/cs\/vyherni-cisla\/superenalotto\/#primaryimage\"},\"thumbnailUrl\":\"https:\/\/redfoxlotto.com\/image?size=8&amp;lottery=superenalotto\",\"datePublished\":\"2022-11-14T12:32:58+00:00\",\"dateModified\":\"2022-11-14T12:32:58+00:00\",\"description\":\"Chcete zn\u00e1t v\u00fdhern\u00ed \u010d\u00edsla pro Superenalotto? V\u00fdsledky a dal\u0161\u00ed informace najdete zde!\",\"breadcrumb\":{\"@id\":\"https:\/\/onlinelotto365.com\/cs\/vyherni-cisla\/superenalotto\/#breadcrumb\"},\"inLanguage\":\"cs\",\"potentialAction\":[{\"@type\":\"ReadAction\",\"target\":[\"https:\/\/onlinelotto365.com\/cs\/vyherni-cisla\/superenalotto\/\"]}]},{\"@type\":\"ImageObject\",\"inLanguage\":\"cs\",\"@id\":\"https:\/\/onlinelotto365.com\/cs\/vyherni-cisla\/superenalotto\/#primaryimage\",\"url\":\"https:\/\/redfoxlotto.com\/image?size=8&amp;lottery=superenalotto\",\"contentUrl\":\"https:\/\/redfoxlotto.com\/image?size=8&amp;lottery=superenalotto\"},{\"@type\":\"BreadcrumbList\",\"@id\":\"https:\/\/onlinelotto365.com\/cs\/vyherni-cisla\/superenalotto\/#breadcrumb\",\"itemListElement\":[{\"@type\":\"ListItem\",\"position\":1,\"name\":\"Home\",\"item\":\"https:\/\/onlinelotto365.com\/cs\/\"},{\"@type\":\"ListItem\",\"position\":2,\"name\":\"Najd\u011bte v\u00fdhern\u00ed \u010d\u00edsla a v\u00fdsledky nejnov\u011bj\u0161\u00edch loteri\u00ed\",\"item\":\"https:\/\/onlinelotto365.com\/cs\/vyherni-cisla\/\"},{\"@type\":\"ListItem\",\"position\":3,\"name\":\"Pod\u00edvejte se na v\u00edt\u011bzn\u00e1 \u010d\u00edsla Superenalotto zde\"}]},{\"@type\":\"WebSite\",\"@id\":\"https:\/\/onlinelotto365.com\/cs\/#website\",\"url\":\"https:\/\/onlinelotto365.com\/cs\/\",\"name\":\"OnlineLotto365\",\"description\":\"\",\"potentialAction\":[{\"@type\":\"SearchAction\",\"target\":{\"@type\":\"EntryPoint\",\"urlTemplate\":\"https:\/\/onlinelotto365.com\/cs\/?s={search_term_string}\"},\"query-input\":{\"@type\":\"PropertyValueSpecification\",\"valueRequired\":true,\"valueName\":\"search_term_string\"}}],\"inLanguage\":\"cs\"}]}<\/script>\n<!-- \/ Yoast SEO plugin. -->","yoast_head_json":{"title":"Nejnov\u011bj\u0161\u00ed vylosovan\u00e1 \u010d\u00edsla pro Superenalotto","description":"Chcete zn\u00e1t v\u00fdhern\u00ed \u010d\u00edsla pro Superenalotto? V\u00fdsledky a dal\u0161\u00ed informace najdete zde!","robots":{"index":"index","follow":"follow","max-snippet":"max-snippet:-1","max-image-preview":"max-image-preview:large","max-video-preview":"max-video-preview:-1"},"canonical":"https:\/\/onlinelotto365.com\/cs\/vyherni-cisla\/superenalotto\/","og_locale":"cs_CZ","og_type":"article","og_title":"Nejnov\u011bj\u0161\u00ed vylosovan\u00e1 \u010d\u00edsla pro Superenalotto","og_description":"Chcete zn\u00e1t v\u00fdhern\u00ed \u010d\u00edsla pro Superenalotto? V\u00fdsledky a dal\u0161\u00ed informace najdete zde!","og_url":"https:\/\/onlinelotto365.com\/cs\/vyherni-cisla\/superenalotto\/","og_site_name":"OnlineLotto365","og_image":[{"url":"https:\/\/redfoxlotto.com\/image?size=8&amp;lottery=superenalotto"}],"twitter_card":"summary_large_image","twitter_misc":{"Odhadovan\u00e1 doba \u010dten\u00ed":"3 minuty"},"schema":{"@context":"https:\/\/schema.org","@graph":[{"@type":"WebPage","@id":"https:\/\/onlinelotto365.com\/cs\/vyherni-cisla\/superenalotto\/","url":"https:\/\/onlinelotto365.com\/cs\/vyherni-cisla\/superenalotto\/","name":"Nejnov\u011bj\u0161\u00ed vylosovan\u00e1 \u010d\u00edsla pro Superenalotto","isPartOf":{"@id":"https:\/\/onlinelotto365.com\/cs\/#website"},"primaryImageOfPage":{"@id":"https:\/\/onlinelotto365.com\/cs\/vyherni-cisla\/superenalotto\/#primaryimage"},"image":{"@id":"https:\/\/onlinelotto365.com\/cs\/vyherni-cisla\/superenalotto\/#primaryimage"},"thumbnailUrl":"https:\/\/redfoxlotto.com\/image?size=8&amp;lottery=superenalotto","datePublished":"2022-11-14T12:32:58+00:00","dateModified":"2022-11-14T12:32:58+00:00","description":"Chcete zn\u00e1t v\u00fdhern\u00ed \u010d\u00edsla pro Superenalotto? V\u00fdsledky a dal\u0161\u00ed informace najdete zde!","breadcrumb":{"@id":"https:\/\/onlinelotto365.com\/cs\/vyherni-cisla\/superenalotto\/#breadcrumb"},"inLanguage":"cs","potentialAction":[{"@type":"ReadAction","target":["https:\/\/onlinelotto365.com\/cs\/vyherni-cisla\/superenalotto\/"]}]},{"@type":"ImageObject","inLanguage":"cs","@id":"https:\/\/onlinelotto365.com\/cs\/vyherni-cisla\/superenalotto\/#primaryimage","url":"https:\/\/redfoxlotto.com\/image?size=8&amp;lottery=superenalotto","contentUrl":"https:\/\/redfoxlotto.com\/image?size=8&amp;lottery=superenalotto"},{"@type":"BreadcrumbList","@id":"https:\/\/onlinelotto365.com\/cs\/vyherni-cisla\/superenalotto\/#breadcrumb","itemListElement":[{"@type":"ListItem","position":1,"name":"Home","item":"https:\/\/onlinelotto365.com\/cs\/"},{"@type":"ListItem","position":2,"name":"Najd\u011bte v\u00fdhern\u00ed \u010d\u00edsla a v\u00fdsledky nejnov\u011bj\u0161\u00edch loteri\u00ed","item":"https:\/\/onlinelotto365.com\/cs\/vyherni-cisla\/"},{"@type":"ListItem","position":3,"name":"Pod\u00edvejte se na v\u00edt\u011bzn\u00e1 \u010d\u00edsla Superenalotto zde"}]},{"@type":"WebSite","@id":"https:\/\/onlinelotto365.com\/cs\/#website","url":"https:\/\/onlinelotto365.com\/cs\/","name":"OnlineLotto365","description":"","potentialAction":[{"@type":"SearchAction","target":{"@type":"EntryPoint","urlTemplate":"https:\/\/onlinelotto365.com\/cs\/?s={search_term_string}"},"query-input":{"@type":"PropertyValueSpecification","valueRequired":true,"valueName":"search_term_string"}}],"inLanguage":"cs"}]}},"_links":{"self":[{"href":"https:\/\/onlinelotto365.com\/cs\/wp-json\/wp\/v2\/pages\/80061","targetHints":{"allow":["GET"]}}],"collection":[{"href":"https:\/\/onlinelotto365.com\/cs\/wp-json\/wp\/v2\/pages"}],"about":[{"href":"https:\/\/onlinelotto365.com\/cs\/wp-json\/wp\/v2\/types\/page"}],"author":[{"embeddable":true,"href":"https:\/\/onlinelotto365.com\/cs\/wp-json\/wp\/v2\/users\/1"}],"replies":[{"embeddable":true,"href":"https:\/\/onlinelotto365.com\/cs\/wp-json\/wp\/v2\/comments?post=80061"}],"version-history":[{"count":0,"href":"https:\/\/onlinelotto365.com\/cs\/wp-json\/wp\/v2\/pages\/80061\/revisions"}],"up":[{"embeddable":true,"href":"https:\/\/onlinelotto365.com\/cs\/wp-json\/wp\/v2\/pages\/5824"}],"wp:attachment":[{"href":"https:\/\/onlinelotto365.com\/cs\/wp-json\/wp\/v2\/media?parent=80061"}],"curies":[{"name":"wp","href":"https:\/\/api.w.org\/{rel}","templated":true}]}}