{"id":80093,"date":"2022-11-14T14:30:40","date_gmt":"2022-11-14T13:30:40","guid":{"rendered":"https:\/\/onlinelotto365.com\/?page_id=80093"},"modified":"2022-11-14T14:30:40","modified_gmt":"2022-11-14T13:30:40","slug":"euromillions","status":"publish","type":"page","link":"https:\/\/onlinelotto365.com\/cs\/vyherni-cisla\/euromillions\/","title":{"rendered":"Pod\u00edvejte se na v\u00edt\u011bzn\u00e1 \u010d\u00edsla Euromilion\u016f"},"content":{"rendered":"<p>V\u00edme, \u017ee na na\u0161ich webov\u00fdch str\u00e1nk\u00e1ch je k dispozici mnoho mezin\u00e1rodn\u00edch loterijn\u00edch her, co\u017e v\u00e1s m\u016f\u017ee trochu m\u00e1st. Ale nemus\u00ed to b\u00fdt tak matouc\u00ed, jak si mysl\u00edte. A tak\u00e9 pro v\u00e1s nemus\u00ed b\u00fdt tak obt\u00ed\u017en\u00e9 naj\u00edt v\u00fdhern\u00ed \u010d\u00edsla pro hru, kterou chcete. Mo\u017en\u00e1 v\u00e1s ale napadlo pod\u00edvat se jinam. Noviny a televize jsou n\u011bkolika mo\u017enostmi, ale pokud nejste m\u00edstn\u00ed, m\u016f\u017ee b\u00fdt t\u011b\u017ek\u00e9 naj\u00edt v\u00fdsledky na n\u011bkter\u00e9m z t\u011bchto m\u00edst.<br \/>\n<a href=\"https:\/\/redfoxlotto.com\/play\/euromillions\/?ref=a8564250a2&amp;medium=ol365\" target=\"_blank\" rel=\"noopener noreferrer\"><img decoding=\"async\" class=\"aligncenter\" src=\"https:\/\/redfoxlotto.com\/image?size=8&amp;lottery=euromillions\" alt=\"euromillions\" \/><\/a><\/p>\n<p>M\u016f\u017eete se tak\u00e9 rozhodnout p\u0159ej\u00edt na ofici\u00e1ln\u00ed webov\u00e9 str\u00e1nky loterie EuroMillions. To je jedno z nejlep\u0161\u00edch m\u00edst, kde m\u016f\u017eete z\u00edskat v\u00fdsledky, proto\u017ee jsou k dispozici fakta a mo\u017en\u00e1 budete moci sledovat i p\u0159\u00edm\u00fd p\u0159enos losov\u00e1n\u00ed. Sledovat toto losov\u00e1n\u00ed v p\u0159\u00edm\u00e9m p\u0159enosu m\u016f\u017ee b\u00fdt z\u00e1bavn\u00e9 a vzru\u0161uj\u00edc\u00ed, zejm\u00e9na pokud jste to vy, kdo vyhr\u00e1l, a m\u016f\u017eete sledovat, jak se va\u0161e \u010d\u00edsla objevuj\u00ed. M\u016f\u017ee to v\u0161ak zabrat spoustu \u010dasu a ne v\u0161echny loterijn\u00ed hry jsou skute\u010dn\u011b streamov\u00e1ny.<\/p>\n<p>Po vylosov\u00e1n\u00ed loterie je dal\u0161\u00ed mo\u017enost\u00ed pod\u00edvat se na YouTube, zda se v\u00e1m nepoda\u0159\u00ed z\u00edskat video z losov\u00e1n\u00ed nebo n\u011bkoho jin\u00e9ho, kdo \u010d\u00edsla odhal\u00ed a\u017e po jeho skon\u010den\u00ed.<\/p>\n<p>Nejlep\u0161\u00edm zp\u016fsobem, jak z\u00edskat vylosovan\u00e1 \u010d\u00edsla, je v\u0161ak pod\u00edvat se na na\u0161e webov\u00e9 str\u00e1nky a ov\u011b\u0159it si v\u00fdsledky. V\u0161e je k dispozici na na\u0161\u00ed str\u00e1nce s v\u00fdsledky loterie, kter\u00e1 v\u00e1m uk\u00e1\u017ee v\u00fdhern\u00ed \u010d\u00edsla pro jakoukoli loterijn\u00ed hru, kterou si m\u016f\u017eete koupit na na\u0161ich webov\u00fdch str\u00e1nk\u00e1ch.<\/p>\n<h2>Jak zjistit, zda v\u00e1\u0161 online tiket vyhr\u00e1l?<\/h2>\n<p>Je\u0161t\u011b lep\u0161\u00ed je, \u017ee pokud jste si tiket pro tuto hru skute\u010dn\u011b zakoupili, nemus\u00edte se ani ob\u00e1vat p\u0159ej\u00edt na str\u00e1nku s v\u00fdsledky. Sta\u010d\u00ed p\u0159ej\u00edt p\u0159\u00edmo na sv\u016fj \u00fa\u010det a str\u00e1nku s va\u0161imi vstupenkami.<\/p>\n<p>Tam si m\u016f\u017eete prohl\u00e9dnout vylosovan\u00e1 \u010d\u00edsla a porovnat sv\u00e1 \u010d\u00edsla. A \u010d\u00edsla, kter\u00e1 se shoduj\u00ed, zv\u00fdrazn\u00edme, abyste je nep\u0159ehl\u00e9dli. Nav\u00edc se postar\u00e1me o to, abyste dostali v\u00fdhry z va\u0161ich \u010d\u00edsel, pokud m\u00e1te n\u011bco pod 2500 eur. Pokud je to v\u00edce, sta\u010d\u00ed vyplnit formul\u00e1\u0159 a my v\u00e1m je\u0161t\u011b pom\u016f\u017eeme v\u0161e vy\u0159\u00eddit.<\/p>\n<h2>Archiv v\u00fdsledk\u016f EuroMillions<\/h2>\n<p>M\u00e1me n\u011bkolik oblast\u00ed, kde si m\u016f\u017eete prohl\u00e9dnout nejnov\u011bj\u0161\u00ed vylosovan\u00e1 \u010d\u00edsla EuroMillions a v\u00fdsledky dal\u0161\u00edch her, ale m\u00e1me tak\u00e9 mo\u017enosti, jak si prohl\u00e9dnout i star\u00e1 vylosovan\u00e1 \u010d\u00edsla. Pokud se chcete ujistit, \u017ee vyb\u00edr\u00e1te spr\u00e1vn\u00e1 \u010d\u00edsla pro hru o s\u00edt\u011b, m\u016f\u017ee b\u00fdt pr\u00e1v\u011b pohled na star\u0161\u00ed hry dobr\u00fdm zp\u016fsobem, jak se rozhodnout.<\/p>\n<h2>M\u016fj tiket vyhr\u00e1l, co bude n\u00e1sledovat?<\/h2>\n<p><img loading=\"lazy\" decoding=\"async\" class=\"alignright wp-image-3645\" src=\"https:\/\/onlinelotto365.com\/wp-content\/uploads\/2020\/11\/online_lottery-129-300x300.jpg\" alt=\"V\u00edt\u011bzn\u00e1 \u010d\u00edsla loterie Euromillions\" width=\"210\" height=\"210\" srcset=\"https:\/\/onlinelotto365.com\/wp-content\/uploads\/2020\/11\/online_lottery-129-300x300.jpg 300w, https:\/\/onlinelotto365.com\/wp-content\/uploads\/2020\/11\/online_lottery-129-100x100.jpg 100w, https:\/\/onlinelotto365.com\/wp-content\/uploads\/2020\/11\/online_lottery-129-150x150.jpg 150w, https:\/\/onlinelotto365.com\/wp-content\/uploads\/2020\/11\/online_lottery-129.jpg 320w\" sizes=\"auto, (max-width: 210px) 100vw, 210px\" \/><br \/>\nJi\u017e jsme se zm\u00ednili, \u017ee jakoukoli v\u00fdhru, kter\u00e1 je ni\u017e\u0161\u00ed ne\u017e 2500 \u20ac, v\u00e1m n\u00e1\u0161 t\u00fdm z\u00e1kaznick\u00e9ho servisu p\u0159ip\u00ed\u0161e na v\u00e1\u0161 \u00fa\u010det. Jakmile budou pen\u00edze na va\u0161em \u00fa\u010dtu, budete si je moci vybrat, pou\u017e\u00edt nebo cokoli jin\u00e9ho, co budete cht\u00edt. D\u00edky tomu budete moci snadno pokra\u010dovat ve h\u0159e nebo sv\u00e9 pen\u00edze pou\u017e\u00edt na cokoli budete cht\u00edt.<br \/>\nA nejen to, pen\u00edze si m\u016f\u017eete vybrat z jak\u00e9hokoli \u00fa\u010dtu, kter\u00fd jste ji\u017e pou\u017eili k n\u00e1kupu, nebo na n\u011bj vlo\u017eit dal\u0161\u00ed pen\u00edze. To zahrnuje bankovn\u00ed \u00fa\u010dty, kreditn\u00ed karty a dal\u0161\u00ed.<\/p>\n","protected":false},"excerpt":{"rendered":"<p>V\u00edme, \u017ee na na\u0161ich webov\u00fdch str\u00e1nk\u00e1ch je k dispozici mnoho mezin\u00e1rodn\u00edch loterijn\u00edch her, co\u017e v\u00e1s m\u016f\u017ee trochu m\u00e1st. Ale nemus\u00ed to b\u00fdt tak matouc\u00ed, jak si mysl\u00edte. A tak\u00e9 pro v\u00e1s nemus\u00ed b\u00fdt tak obt\u00ed\u017en\u00e9 naj\u00edt v\u00fdhern\u00ed \u010d\u00edsla pro hru, kterou chcete. Mo\u017en\u00e1 v\u00e1s ale napadlo pod\u00edvat se jinam. Noviny a televize jsou n\u011bkolika mo\u017enostmi, [&hellip;]<\/p>\n","protected":false},"author":1,"featured_media":0,"parent":5824,"menu_order":3,"comment_status":"closed","ping_status":"closed","template":"euromillions-results.php","meta":{"_et_pb_use_builder":"","_et_pb_old_content":"","_et_gb_content_width":"","exclude_from_search":false,"footnotes":""},"class_list":["post-80093","page","type-page","status-publish","hentry"],"yoast_head":"<!-- This site is optimized with the Yoast SEO plugin v23.4 - https:\/\/yoast.com\/wordpress\/plugins\/seo\/ -->\n<title>V\u00edt\u011bzn\u00e1 \u010d\u00edsla Euromillions | Pod\u00edvejte se na nejnov\u011bj\u0161\u00ed ceny a v\u00fdsledky hry Euromillions<\/title>\n<meta name=\"description\" content=\"Porovnejte sv\u016fj tiket Euromillions s v\u00fdhern\u00edmi \u010d\u00edsly - zde najdete v\u0161echny v\u00fdsledky loterie\" \/>\n<meta name=\"robots\" content=\"index, follow, max-snippet:-1, max-image-preview:large, max-video-preview:-1\" \/>\n<link rel=\"canonical\" href=\"https:\/\/onlinelotto365.com\/cs\/vyherni-cisla\/euromillions\/\" \/>\n<meta property=\"og:locale\" content=\"cs_CZ\" \/>\n<meta property=\"og:type\" content=\"article\" \/>\n<meta property=\"og:title\" content=\"V\u00edt\u011bzn\u00e1 \u010d\u00edsla Euromillions | Pod\u00edvejte se na nejnov\u011bj\u0161\u00ed ceny a v\u00fdsledky hry Euromillions\" \/>\n<meta property=\"og:description\" content=\"Porovnejte sv\u016fj tiket Euromillions s v\u00fdhern\u00edmi \u010d\u00edsly - zde najdete v\u0161echny v\u00fdsledky loterie\" \/>\n<meta property=\"og:url\" content=\"https:\/\/onlinelotto365.com\/cs\/vyherni-cisla\/euromillions\/\" \/>\n<meta property=\"og:site_name\" content=\"OnlineLotto365\" \/>\n<meta property=\"og:image\" content=\"https:\/\/redfoxlotto.com\/image?size=8&amp;lottery=euromillions\" \/>\n<meta name=\"twitter:card\" content=\"summary_large_image\" \/>\n<meta name=\"twitter:label1\" content=\"Odhadovan\u00e1 doba \u010dten\u00ed\" \/>\n\t<meta name=\"twitter:data1\" content=\"3 minuty\" \/>\n<script type=\"application\/ld+json\" class=\"yoast-schema-graph\">{\"@context\":\"https:\/\/schema.org\",\"@graph\":[{\"@type\":\"WebPage\",\"@id\":\"https:\/\/onlinelotto365.com\/cs\/vyherni-cisla\/euromillions\/\",\"url\":\"https:\/\/onlinelotto365.com\/cs\/vyherni-cisla\/euromillions\/\",\"name\":\"V\u00edt\u011bzn\u00e1 \u010d\u00edsla Euromillions | Pod\u00edvejte se na nejnov\u011bj\u0161\u00ed ceny a v\u00fdsledky hry Euromillions\",\"isPartOf\":{\"@id\":\"https:\/\/onlinelotto365.com\/cs\/#website\"},\"primaryImageOfPage\":{\"@id\":\"https:\/\/onlinelotto365.com\/cs\/vyherni-cisla\/euromillions\/#primaryimage\"},\"image\":{\"@id\":\"https:\/\/onlinelotto365.com\/cs\/vyherni-cisla\/euromillions\/#primaryimage\"},\"thumbnailUrl\":\"https:\/\/redfoxlotto.com\/image?size=8&amp;lottery=euromillions\",\"datePublished\":\"2022-11-14T13:30:40+00:00\",\"dateModified\":\"2022-11-14T13:30:40+00:00\",\"description\":\"Porovnejte sv\u016fj tiket Euromillions s v\u00fdhern\u00edmi \u010d\u00edsly - zde najdete v\u0161echny v\u00fdsledky loterie\",\"breadcrumb\":{\"@id\":\"https:\/\/onlinelotto365.com\/cs\/vyherni-cisla\/euromillions\/#breadcrumb\"},\"inLanguage\":\"cs\",\"potentialAction\":[{\"@type\":\"ReadAction\",\"target\":[\"https:\/\/onlinelotto365.com\/cs\/vyherni-cisla\/euromillions\/\"]}]},{\"@type\":\"ImageObject\",\"inLanguage\":\"cs\",\"@id\":\"https:\/\/onlinelotto365.com\/cs\/vyherni-cisla\/euromillions\/#primaryimage\",\"url\":\"https:\/\/redfoxlotto.com\/image?size=8&amp;lottery=euromillions\",\"contentUrl\":\"https:\/\/redfoxlotto.com\/image?size=8&amp;lottery=euromillions\"},{\"@type\":\"BreadcrumbList\",\"@id\":\"https:\/\/onlinelotto365.com\/cs\/vyherni-cisla\/euromillions\/#breadcrumb\",\"itemListElement\":[{\"@type\":\"ListItem\",\"position\":1,\"name\":\"Home\",\"item\":\"https:\/\/onlinelotto365.com\/cs\/\"},{\"@type\":\"ListItem\",\"position\":2,\"name\":\"Najd\u011bte v\u00fdhern\u00ed \u010d\u00edsla a v\u00fdsledky nejnov\u011bj\u0161\u00edch loteri\u00ed\",\"item\":\"https:\/\/onlinelotto365.com\/cs\/vyherni-cisla\/\"},{\"@type\":\"ListItem\",\"position\":3,\"name\":\"Pod\u00edvejte se na v\u00edt\u011bzn\u00e1 \u010d\u00edsla Euromilion\u016f\"}]},{\"@type\":\"WebSite\",\"@id\":\"https:\/\/onlinelotto365.com\/cs\/#website\",\"url\":\"https:\/\/onlinelotto365.com\/cs\/\",\"name\":\"OnlineLotto365\",\"description\":\"\",\"potentialAction\":[{\"@type\":\"SearchAction\",\"target\":{\"@type\":\"EntryPoint\",\"urlTemplate\":\"https:\/\/onlinelotto365.com\/cs\/?s={search_term_string}\"},\"query-input\":{\"@type\":\"PropertyValueSpecification\",\"valueRequired\":true,\"valueName\":\"search_term_string\"}}],\"inLanguage\":\"cs\"}]}<\/script>\n<!-- \/ Yoast SEO plugin. -->","yoast_head_json":{"title":"V\u00edt\u011bzn\u00e1 \u010d\u00edsla Euromillions | Pod\u00edvejte se na nejnov\u011bj\u0161\u00ed ceny a v\u00fdsledky hry Euromillions","description":"Porovnejte sv\u016fj tiket Euromillions s v\u00fdhern\u00edmi \u010d\u00edsly - zde najdete v\u0161echny v\u00fdsledky loterie","robots":{"index":"index","follow":"follow","max-snippet":"max-snippet:-1","max-image-preview":"max-image-preview:large","max-video-preview":"max-video-preview:-1"},"canonical":"https:\/\/onlinelotto365.com\/cs\/vyherni-cisla\/euromillions\/","og_locale":"cs_CZ","og_type":"article","og_title":"V\u00edt\u011bzn\u00e1 \u010d\u00edsla Euromillions | Pod\u00edvejte se na nejnov\u011bj\u0161\u00ed ceny a v\u00fdsledky hry Euromillions","og_description":"Porovnejte sv\u016fj tiket Euromillions s v\u00fdhern\u00edmi \u010d\u00edsly - zde najdete v\u0161echny v\u00fdsledky loterie","og_url":"https:\/\/onlinelotto365.com\/cs\/vyherni-cisla\/euromillions\/","og_site_name":"OnlineLotto365","og_image":[{"url":"https:\/\/redfoxlotto.com\/image?size=8&amp;lottery=euromillions"}],"twitter_card":"summary_large_image","twitter_misc":{"Odhadovan\u00e1 doba \u010dten\u00ed":"3 minuty"},"schema":{"@context":"https:\/\/schema.org","@graph":[{"@type":"WebPage","@id":"https:\/\/onlinelotto365.com\/cs\/vyherni-cisla\/euromillions\/","url":"https:\/\/onlinelotto365.com\/cs\/vyherni-cisla\/euromillions\/","name":"V\u00edt\u011bzn\u00e1 \u010d\u00edsla Euromillions | Pod\u00edvejte se na nejnov\u011bj\u0161\u00ed ceny a v\u00fdsledky hry Euromillions","isPartOf":{"@id":"https:\/\/onlinelotto365.com\/cs\/#website"},"primaryImageOfPage":{"@id":"https:\/\/onlinelotto365.com\/cs\/vyherni-cisla\/euromillions\/#primaryimage"},"image":{"@id":"https:\/\/onlinelotto365.com\/cs\/vyherni-cisla\/euromillions\/#primaryimage"},"thumbnailUrl":"https:\/\/redfoxlotto.com\/image?size=8&amp;lottery=euromillions","datePublished":"2022-11-14T13:30:40+00:00","dateModified":"2022-11-14T13:30:40+00:00","description":"Porovnejte sv\u016fj tiket Euromillions s v\u00fdhern\u00edmi \u010d\u00edsly - zde najdete v\u0161echny v\u00fdsledky loterie","breadcrumb":{"@id":"https:\/\/onlinelotto365.com\/cs\/vyherni-cisla\/euromillions\/#breadcrumb"},"inLanguage":"cs","potentialAction":[{"@type":"ReadAction","target":["https:\/\/onlinelotto365.com\/cs\/vyherni-cisla\/euromillions\/"]}]},{"@type":"ImageObject","inLanguage":"cs","@id":"https:\/\/onlinelotto365.com\/cs\/vyherni-cisla\/euromillions\/#primaryimage","url":"https:\/\/redfoxlotto.com\/image?size=8&amp;lottery=euromillions","contentUrl":"https:\/\/redfoxlotto.com\/image?size=8&amp;lottery=euromillions"},{"@type":"BreadcrumbList","@id":"https:\/\/onlinelotto365.com\/cs\/vyherni-cisla\/euromillions\/#breadcrumb","itemListElement":[{"@type":"ListItem","position":1,"name":"Home","item":"https:\/\/onlinelotto365.com\/cs\/"},{"@type":"ListItem","position":2,"name":"Najd\u011bte v\u00fdhern\u00ed \u010d\u00edsla a v\u00fdsledky nejnov\u011bj\u0161\u00edch loteri\u00ed","item":"https:\/\/onlinelotto365.com\/cs\/vyherni-cisla\/"},{"@type":"ListItem","position":3,"name":"Pod\u00edvejte se na v\u00edt\u011bzn\u00e1 \u010d\u00edsla Euromilion\u016f"}]},{"@type":"WebSite","@id":"https:\/\/onlinelotto365.com\/cs\/#website","url":"https:\/\/onlinelotto365.com\/cs\/","name":"OnlineLotto365","description":"","potentialAction":[{"@type":"SearchAction","target":{"@type":"EntryPoint","urlTemplate":"https:\/\/onlinelotto365.com\/cs\/?s={search_term_string}"},"query-input":{"@type":"PropertyValueSpecification","valueRequired":true,"valueName":"search_term_string"}}],"inLanguage":"cs"}]}},"_links":{"self":[{"href":"https:\/\/onlinelotto365.com\/cs\/wp-json\/wp\/v2\/pages\/80093","targetHints":{"allow":["GET"]}}],"collection":[{"href":"https:\/\/onlinelotto365.com\/cs\/wp-json\/wp\/v2\/pages"}],"about":[{"href":"https:\/\/onlinelotto365.com\/cs\/wp-json\/wp\/v2\/types\/page"}],"author":[{"embeddable":true,"href":"https:\/\/onlinelotto365.com\/cs\/wp-json\/wp\/v2\/users\/1"}],"replies":[{"embeddable":true,"href":"https:\/\/onlinelotto365.com\/cs\/wp-json\/wp\/v2\/comments?post=80093"}],"version-history":[{"count":0,"href":"https:\/\/onlinelotto365.com\/cs\/wp-json\/wp\/v2\/pages\/80093\/revisions"}],"up":[{"embeddable":true,"href":"https:\/\/onlinelotto365.com\/cs\/wp-json\/wp\/v2\/pages\/5824"}],"wp:attachment":[{"href":"https:\/\/onlinelotto365.com\/cs\/wp-json\/wp\/v2\/media?parent=80093"}],"curies":[{"name":"wp","href":"https:\/\/api.w.org\/{rel}","templated":true}]}}