{"id":80125,"date":"2022-11-15T07:18:51","date_gmt":"2022-11-15T06:18:51","guid":{"rendered":"https:\/\/onlinelotto365.com\/?page_id=80125"},"modified":"2022-11-15T07:18:51","modified_gmt":"2022-11-15T06:18:51","slug":"mega-miliony","status":"publish","type":"page","link":"https:\/\/onlinelotto365.com\/cs\/vyherni-cisla\/mega-miliony\/","title":{"rendered":"Zkontrolujte v\u00edt\u011bzn\u00e1 \u010d\u00edsla Mega Millions zde"},"content":{"rendered":"<p>Se v\u0161emi mezin\u00e1rodn\u00edmi loteriemi, kter\u00e9 m\u016f\u017eete hr\u00e1t na na\u0161ich webov\u00fdch str\u00e1nk\u00e1ch, m\u016f\u017ee b\u00fdt probl\u00e9m z\u00edskat vylosovan\u00e1 \u010d\u00edsla a v\u00fdsledky. V novin\u00e1ch pravd\u011bpodobn\u011b nenajdete v\u00fdhern\u00ed \u010d\u00edsla pro Mega Millions. Mohli byste se poohl\u00e9dnout po n\u011bjak\u00e9m v\u00e1m dostupn\u00e9m televizn\u00edm kan\u00e1lu, kter\u00fd v\u00fdsledky losov\u00e1n\u00ed za\u0159azuje do sv\u00fdch zpr\u00e1v, ale to by vy\u017eadovalo ur\u010dit\u00fd pr\u016fzkum.<br \/>\n<a href=\"https:\/\/redfoxlotto.com\/play\/mega-millions\/?ref=a8564250a2&amp;medium=ol365\" target=\"_blank\" rel=\"noopener noreferrer\"><img decoding=\"async\" class=\"aligncenter\" src=\"https:\/\/redfoxlotto.com\/image?size=8&amp;lottery=mega-millions\" alt=\"Mega Millions\" \/><\/a><br \/>\nJednou z mo\u017enost\u00ed by bylo zjistit, zda ofici\u00e1ln\u00ed webov\u00e9 str\u00e1nky loterie Mega Millions nevys\u00edlaj\u00ed p\u0159\u00edm\u00fd p\u0159enos postupu losov\u00e1n\u00ed. Vid\u011bt losov\u00e1n\u00ed \u010d\u00edsel v p\u0159\u00edm\u00e9m p\u0159enosu je samoz\u0159ejm\u011b velmi vzru\u0161uj\u00edc\u00ed. Byl by to tak\u00e9 nejrychlej\u0161\u00ed zp\u016fsob, jak zjistit, zda va\u0161e \u010d\u00edsla vyhr\u00e1la. V\u011bt\u0161ina loteri\u00ed v\u0161ak nenab\u00edz\u00ed p\u0159\u00edm\u00fd p\u0159enos losov\u00e1n\u00ed v re\u00e1ln\u00e9m \u010dase.<\/p>\n<p>Pokud v dob\u011b, kdy chcete zkontrolovat vylosovan\u00e1 \u010d\u00edsla, ji\u017e losov\u00e1n\u00ed prob\u011bhlo, m\u016f\u017eete p\u0159ej\u00edt na Youtube a spustit vyhled\u00e1v\u00e1n\u00ed videa, kter\u00e9 ukazuje posledn\u00ed losov\u00e1n\u00ed Mega Millions.<\/p>\n<p>Velmi pohodlnou metodou, jak si ov\u011b\u0159it vylosovan\u00e1 \u010d\u00edsla, stejn\u011b jako v\u00fdsledky a ceny Mega Millions, je v\u0161ak na\u0161e vlastn\u00ed str\u00e1nka s v\u00fdsledky loterie. Na jedn\u00e9 str\u00e1nce najdete v\u00fdhern\u00ed \u010d\u00edsla v\u0161ech n\u00e1mi nab\u00edzen\u00fdch loteri\u00ed.<\/p>\n<h2>Jak zjistit, zda v\u00e1\u0161 online tiket vyhr\u00e1l?<\/h2>\n<p>A je to je\u0161t\u011b lep\u0161\u00ed! Pokud jste si na na\u0161ich str\u00e1nk\u00e1ch zakoupili tiket Mega Millions, m\u016f\u017eete se pod\u00edvat na sv\u016fj \u00fa\u010det (mus\u00edte se samoz\u0159ejm\u011b nejprve p\u0159ihl\u00e1sit) a do sekce, kde jsou va\u0161e tikety ulo\u017eeny. U ka\u017ed\u00e9 loterie, kterou jste hr\u00e1li, jsou v\u00fdhern\u00ed \u010d\u00edsla zobrazena hned vedle \u010d\u00edsel, kter\u00e1 jste vybrali. V\u0161echna \u010d\u00edsla z va\u0161eho tiketu, kter\u00e1 se shoduj\u00ed s v\u00fdsledky losov\u00e1n\u00ed, budou tak\u00e9 barevn\u011b ozna\u010dena. Jakmile zjist\u00edte, kolik \u010d\u00edsel jste vybrali spr\u00e1vn\u011b, m\u016f\u017eete si zkontrolovat, kolik jste vyhr\u00e1li. Nezapome\u0148te tak\u00e9, \u017ee v\u0161echny v\u00fdhry ni\u017e\u0161\u00ed ne\u017e 2500 \u20ac budou p\u0159ips\u00e1ny na v\u00e1\u0161 hr\u00e1\u010dsk\u00fd \u00fa\u010det, jakmile loterie potvrd\u00ed ofici\u00e1ln\u00ed v\u00fdsledky.<\/p>\n<h2>Archiv v\u00fdsledk\u016f Mega Millions<\/h2>\n<p>Na str\u00e1nk\u00e1ch na\u0161eho webu, kter\u00e9 zobrazuj\u00ed nejnov\u011bj\u0161\u00ed v\u00fdsledky Mega Millions, m\u00e1te tak\u00e9 mo\u017enost zkontrolovat v\u00fdsledky p\u0159edchoz\u00edch losov\u00e1n\u00ed. Tuto mo\u017enost vyu\u017e\u00edv\u00e1 mnoho hr\u00e1\u010d\u016f, aby si ov\u011b\u0159ili, kter\u00e1 \u010d\u00edsla byla v posledn\u00ed dob\u011b vylosov\u00e1na nebo kter\u00e1 \u010d\u00edsla nebyla v minulosti vylosov\u00e1na. Je to velmi obl\u00edben\u00e1 loterijn\u00ed strategie, kter\u00e1 tyto informace vyu\u017e\u00edv\u00e1 p\u0159i v\u00fdb\u011bru \u010d\u00edsel pro v\u00e1\u0161 p\u0159\u00ed\u0161t\u00ed tiket.<\/p>\n<h2>M\u016fj tiket vyhr\u00e1l, co bude n\u00e1sledovat?<\/h2>\n<p>Jak jsme ji\u017e uvedli, v\u00fdhry ni\u017e\u0161\u00ed ne\u017e 2500 EUR budou p\u0159ips\u00e1ny p\u0159\u00edmo na v\u00e1\u0161 z\u00e1kaznick\u00fd \u00fa\u010det na na\u0161ich webov\u00fdch str\u00e1nk\u00e1ch. Odtud si ji m\u016f\u017eete vybrat celou nebo jej\u00ed \u010d\u00e1st, pokud m\u00e1te na \u00fa\u010dtu alespo\u0148 10 \u20ac. Nebo m\u016f\u017eete \u010d\u00e1st z nich pou\u017e\u00edt na n\u00e1kup nov\u00fdch tiket\u016f. Pokud se rozhodnete vybrat prost\u0159edky na kreditn\u00ed kartu nebo bankovn\u00ed \u00fa\u010det, budete n\u00e1m muset p\u0159edlo\u017eit n\u011bkter\u00e9 doklady k identifikaci. Je to po\u017eadavek na\u0161ich zpracovatel\u016f plateb kv\u016fli z\u00e1kon\u016fm proti pran\u00ed \u0161pinav\u00fdch pen\u011bz. Tak\u00e9 nem\u016f\u017eete pou\u017e\u00edt zp\u016fsob v\u00fdb\u011bru, kter\u00fd nebyl d\u0159\u00edve pou\u017eit pro n\u00e1kup nebo vklad.<\/p>\n","protected":false},"excerpt":{"rendered":"<p>Se v\u0161emi mezin\u00e1rodn\u00edmi loteriemi, kter\u00e9 m\u016f\u017eete hr\u00e1t na na\u0161ich webov\u00fdch str\u00e1nk\u00e1ch, m\u016f\u017ee b\u00fdt probl\u00e9m z\u00edskat vylosovan\u00e1 \u010d\u00edsla a v\u00fdsledky. V novin\u00e1ch pravd\u011bpodobn\u011b nenajdete v\u00fdhern\u00ed \u010d\u00edsla pro Mega Millions. Mohli byste se poohl\u00e9dnout po n\u011bjak\u00e9m v\u00e1m dostupn\u00e9m televizn\u00edm kan\u00e1lu, kter\u00fd v\u00fdsledky losov\u00e1n\u00ed za\u0159azuje do sv\u00fdch zpr\u00e1v, ale to by vy\u017eadovalo ur\u010dit\u00fd pr\u016fzkum. Jednou z mo\u017enost\u00ed by [&hellip;]<\/p>\n","protected":false},"author":1,"featured_media":0,"parent":5824,"menu_order":2,"comment_status":"closed","ping_status":"closed","template":"megamillion-results.php","meta":{"_et_pb_use_builder":"","_et_pb_old_content":"","_et_gb_content_width":"","exclude_from_search":false,"footnotes":""},"class_list":["post-80125","page","type-page","status-publish","hentry"],"yoast_head":"<!-- This site is optimized with the Yoast SEO plugin v23.4 - https:\/\/yoast.com\/wordpress\/plugins\/seo\/ -->\n<title>V\u00fdhern\u00ed \u010d\u00edsla Mega Millions | Nejnov\u011bj\u0161\u00ed v\u00fdsledky losov\u00e1n\u00ed a v\u00fdhry v Mega Millions<\/title>\n<meta name=\"description\" content=\"Jak na na\u0161ich webov\u00fdch str\u00e1nk\u00e1ch snadno naj\u00edt vylosovan\u00e1 \u010d\u00edsla a v\u00fdsledky hry Mega Millions?\" \/>\n<meta name=\"robots\" content=\"index, follow, max-snippet:-1, max-image-preview:large, max-video-preview:-1\" \/>\n<link rel=\"canonical\" href=\"https:\/\/onlinelotto365.com\/cs\/vyherni-cisla\/mega-miliony\/\" \/>\n<meta property=\"og:locale\" content=\"cs_CZ\" \/>\n<meta property=\"og:type\" content=\"article\" \/>\n<meta property=\"og:title\" content=\"V\u00fdhern\u00ed \u010d\u00edsla Mega Millions | Nejnov\u011bj\u0161\u00ed v\u00fdsledky losov\u00e1n\u00ed a v\u00fdhry v Mega Millions\" \/>\n<meta property=\"og:description\" content=\"Jak na na\u0161ich webov\u00fdch str\u00e1nk\u00e1ch snadno naj\u00edt vylosovan\u00e1 \u010d\u00edsla a v\u00fdsledky hry Mega Millions?\" \/>\n<meta property=\"og:url\" content=\"https:\/\/onlinelotto365.com\/cs\/vyherni-cisla\/mega-miliony\/\" \/>\n<meta property=\"og:site_name\" content=\"OnlineLotto365\" \/>\n<meta property=\"og:image\" content=\"https:\/\/redfoxlotto.com\/image?size=8&amp;lottery=mega-millions\" \/>\n<meta name=\"twitter:card\" content=\"summary_large_image\" \/>\n<meta name=\"twitter:label1\" content=\"Odhadovan\u00e1 doba \u010dten\u00ed\" \/>\n\t<meta name=\"twitter:data1\" content=\"3 minuty\" \/>\n<script type=\"application\/ld+json\" class=\"yoast-schema-graph\">{\"@context\":\"https:\/\/schema.org\",\"@graph\":[{\"@type\":\"WebPage\",\"@id\":\"https:\/\/onlinelotto365.com\/cs\/vyherni-cisla\/mega-miliony\/\",\"url\":\"https:\/\/onlinelotto365.com\/cs\/vyherni-cisla\/mega-miliony\/\",\"name\":\"V\u00fdhern\u00ed \u010d\u00edsla Mega Millions | Nejnov\u011bj\u0161\u00ed v\u00fdsledky losov\u00e1n\u00ed a v\u00fdhry v Mega Millions\",\"isPartOf\":{\"@id\":\"https:\/\/onlinelotto365.com\/cs\/#website\"},\"primaryImageOfPage\":{\"@id\":\"https:\/\/onlinelotto365.com\/cs\/vyherni-cisla\/mega-miliony\/#primaryimage\"},\"image\":{\"@id\":\"https:\/\/onlinelotto365.com\/cs\/vyherni-cisla\/mega-miliony\/#primaryimage\"},\"thumbnailUrl\":\"https:\/\/redfoxlotto.com\/image?size=8&amp;lottery=mega-millions\",\"datePublished\":\"2022-11-15T06:18:51+00:00\",\"dateModified\":\"2022-11-15T06:18:51+00:00\",\"description\":\"Jak na na\u0161ich webov\u00fdch str\u00e1nk\u00e1ch snadno naj\u00edt vylosovan\u00e1 \u010d\u00edsla a v\u00fdsledky hry Mega Millions?\",\"breadcrumb\":{\"@id\":\"https:\/\/onlinelotto365.com\/cs\/vyherni-cisla\/mega-miliony\/#breadcrumb\"},\"inLanguage\":\"cs\",\"potentialAction\":[{\"@type\":\"ReadAction\",\"target\":[\"https:\/\/onlinelotto365.com\/cs\/vyherni-cisla\/mega-miliony\/\"]}]},{\"@type\":\"ImageObject\",\"inLanguage\":\"cs\",\"@id\":\"https:\/\/onlinelotto365.com\/cs\/vyherni-cisla\/mega-miliony\/#primaryimage\",\"url\":\"https:\/\/redfoxlotto.com\/image?size=8&amp;lottery=mega-millions\",\"contentUrl\":\"https:\/\/redfoxlotto.com\/image?size=8&amp;lottery=mega-millions\"},{\"@type\":\"BreadcrumbList\",\"@id\":\"https:\/\/onlinelotto365.com\/cs\/vyherni-cisla\/mega-miliony\/#breadcrumb\",\"itemListElement\":[{\"@type\":\"ListItem\",\"position\":1,\"name\":\"Home\",\"item\":\"https:\/\/onlinelotto365.com\/cs\/\"},{\"@type\":\"ListItem\",\"position\":2,\"name\":\"Najd\u011bte v\u00fdhern\u00ed \u010d\u00edsla a v\u00fdsledky nejnov\u011bj\u0161\u00edch loteri\u00ed\",\"item\":\"https:\/\/onlinelotto365.com\/cs\/vyherni-cisla\/\"},{\"@type\":\"ListItem\",\"position\":3,\"name\":\"Zkontrolujte v\u00edt\u011bzn\u00e1 \u010d\u00edsla Mega Millions zde\"}]},{\"@type\":\"WebSite\",\"@id\":\"https:\/\/onlinelotto365.com\/cs\/#website\",\"url\":\"https:\/\/onlinelotto365.com\/cs\/\",\"name\":\"OnlineLotto365\",\"description\":\"\",\"potentialAction\":[{\"@type\":\"SearchAction\",\"target\":{\"@type\":\"EntryPoint\",\"urlTemplate\":\"https:\/\/onlinelotto365.com\/cs\/?s={search_term_string}\"},\"query-input\":{\"@type\":\"PropertyValueSpecification\",\"valueRequired\":true,\"valueName\":\"search_term_string\"}}],\"inLanguage\":\"cs\"}]}<\/script>\n<!-- \/ Yoast SEO plugin. -->","yoast_head_json":{"title":"V\u00fdhern\u00ed \u010d\u00edsla Mega Millions | Nejnov\u011bj\u0161\u00ed v\u00fdsledky losov\u00e1n\u00ed a v\u00fdhry v Mega Millions","description":"Jak na na\u0161ich webov\u00fdch str\u00e1nk\u00e1ch snadno naj\u00edt vylosovan\u00e1 \u010d\u00edsla a v\u00fdsledky hry Mega Millions?","robots":{"index":"index","follow":"follow","max-snippet":"max-snippet:-1","max-image-preview":"max-image-preview:large","max-video-preview":"max-video-preview:-1"},"canonical":"https:\/\/onlinelotto365.com\/cs\/vyherni-cisla\/mega-miliony\/","og_locale":"cs_CZ","og_type":"article","og_title":"V\u00fdhern\u00ed \u010d\u00edsla Mega Millions | Nejnov\u011bj\u0161\u00ed v\u00fdsledky losov\u00e1n\u00ed a v\u00fdhry v Mega Millions","og_description":"Jak na na\u0161ich webov\u00fdch str\u00e1nk\u00e1ch snadno naj\u00edt vylosovan\u00e1 \u010d\u00edsla a v\u00fdsledky hry Mega Millions?","og_url":"https:\/\/onlinelotto365.com\/cs\/vyherni-cisla\/mega-miliony\/","og_site_name":"OnlineLotto365","og_image":[{"url":"https:\/\/redfoxlotto.com\/image?size=8&amp;lottery=mega-millions"}],"twitter_card":"summary_large_image","twitter_misc":{"Odhadovan\u00e1 doba \u010dten\u00ed":"3 minuty"},"schema":{"@context":"https:\/\/schema.org","@graph":[{"@type":"WebPage","@id":"https:\/\/onlinelotto365.com\/cs\/vyherni-cisla\/mega-miliony\/","url":"https:\/\/onlinelotto365.com\/cs\/vyherni-cisla\/mega-miliony\/","name":"V\u00fdhern\u00ed \u010d\u00edsla Mega Millions | Nejnov\u011bj\u0161\u00ed v\u00fdsledky losov\u00e1n\u00ed a v\u00fdhry v Mega Millions","isPartOf":{"@id":"https:\/\/onlinelotto365.com\/cs\/#website"},"primaryImageOfPage":{"@id":"https:\/\/onlinelotto365.com\/cs\/vyherni-cisla\/mega-miliony\/#primaryimage"},"image":{"@id":"https:\/\/onlinelotto365.com\/cs\/vyherni-cisla\/mega-miliony\/#primaryimage"},"thumbnailUrl":"https:\/\/redfoxlotto.com\/image?size=8&amp;lottery=mega-millions","datePublished":"2022-11-15T06:18:51+00:00","dateModified":"2022-11-15T06:18:51+00:00","description":"Jak na na\u0161ich webov\u00fdch str\u00e1nk\u00e1ch snadno naj\u00edt vylosovan\u00e1 \u010d\u00edsla a v\u00fdsledky hry Mega Millions?","breadcrumb":{"@id":"https:\/\/onlinelotto365.com\/cs\/vyherni-cisla\/mega-miliony\/#breadcrumb"},"inLanguage":"cs","potentialAction":[{"@type":"ReadAction","target":["https:\/\/onlinelotto365.com\/cs\/vyherni-cisla\/mega-miliony\/"]}]},{"@type":"ImageObject","inLanguage":"cs","@id":"https:\/\/onlinelotto365.com\/cs\/vyherni-cisla\/mega-miliony\/#primaryimage","url":"https:\/\/redfoxlotto.com\/image?size=8&amp;lottery=mega-millions","contentUrl":"https:\/\/redfoxlotto.com\/image?size=8&amp;lottery=mega-millions"},{"@type":"BreadcrumbList","@id":"https:\/\/onlinelotto365.com\/cs\/vyherni-cisla\/mega-miliony\/#breadcrumb","itemListElement":[{"@type":"ListItem","position":1,"name":"Home","item":"https:\/\/onlinelotto365.com\/cs\/"},{"@type":"ListItem","position":2,"name":"Najd\u011bte v\u00fdhern\u00ed \u010d\u00edsla a v\u00fdsledky nejnov\u011bj\u0161\u00edch loteri\u00ed","item":"https:\/\/onlinelotto365.com\/cs\/vyherni-cisla\/"},{"@type":"ListItem","position":3,"name":"Zkontrolujte v\u00edt\u011bzn\u00e1 \u010d\u00edsla Mega Millions zde"}]},{"@type":"WebSite","@id":"https:\/\/onlinelotto365.com\/cs\/#website","url":"https:\/\/onlinelotto365.com\/cs\/","name":"OnlineLotto365","description":"","potentialAction":[{"@type":"SearchAction","target":{"@type":"EntryPoint","urlTemplate":"https:\/\/onlinelotto365.com\/cs\/?s={search_term_string}"},"query-input":{"@type":"PropertyValueSpecification","valueRequired":true,"valueName":"search_term_string"}}],"inLanguage":"cs"}]}},"_links":{"self":[{"href":"https:\/\/onlinelotto365.com\/cs\/wp-json\/wp\/v2\/pages\/80125","targetHints":{"allow":["GET"]}}],"collection":[{"href":"https:\/\/onlinelotto365.com\/cs\/wp-json\/wp\/v2\/pages"}],"about":[{"href":"https:\/\/onlinelotto365.com\/cs\/wp-json\/wp\/v2\/types\/page"}],"author":[{"embeddable":true,"href":"https:\/\/onlinelotto365.com\/cs\/wp-json\/wp\/v2\/users\/1"}],"replies":[{"embeddable":true,"href":"https:\/\/onlinelotto365.com\/cs\/wp-json\/wp\/v2\/comments?post=80125"}],"version-history":[{"count":0,"href":"https:\/\/onlinelotto365.com\/cs\/wp-json\/wp\/v2\/pages\/80125\/revisions"}],"up":[{"embeddable":true,"href":"https:\/\/onlinelotto365.com\/cs\/wp-json\/wp\/v2\/pages\/5824"}],"wp:attachment":[{"href":"https:\/\/onlinelotto365.com\/cs\/wp-json\/wp\/v2\/media?parent=80125"}],"curies":[{"name":"wp","href":"https:\/\/api.w.org\/{rel}","templated":true}]}}