{"id":80157,"date":"2022-11-15T08:07:53","date_gmt":"2022-11-15T07:07:53","guid":{"rendered":"https:\/\/onlinelotto365.com\/?page_id=80157"},"modified":"2022-11-15T08:07:53","modified_gmt":"2022-11-15T07:07:53","slug":"powerball","status":"publish","type":"page","link":"https:\/\/onlinelotto365.com\/cs\/vyherni-cisla\/powerball\/","title":{"rendered":"V\u00fdsledky losov\u00e1n\u00ed Powerball"},"content":{"rendered":"<h2>Zkontrolujte v\u00edt\u011bzn\u00e1 \u010d\u00edsla Powerball zde<\/h2>\n<p>Pokud \u017eijete v USA, je vyhled\u00e1n\u00ed v\u00fdhern\u00edch \u010d\u00edsel Powerballu snadn\u00e9. Zejm\u00e9na v p\u0159\u00edpadech, kdy je jackpot velmi vysok\u00fd, jsou v\u00fdsledky vys\u00edl\u00e1ny ve zpr\u00e1v\u00e1ch a zve\u0159ejn\u011bny ve v\u0161ech novin\u00e1ch.<br \/>\n<a href=\"https:\/\/redfoxlotto.com\/play\/powerball\/?ref=a8564250a2&amp;medium=ol365\" target=\"_blank\" rel=\"noopener noreferrer\"><img decoding=\"async\" class=\"aligncenter\" src=\"https:\/\/redfoxlotto.com\/image?size=8&amp;lottery=powerball\" alt=\"Powerball\" \/><\/a><br \/>\nAle co kdy\u017e ne\u017eijete v USA, kdo v\u00e1m v\u00fdhern\u00ed \u010d\u00edsla Powerballu zjist\u00ed? Jak zjist\u00edte v\u00fdsledky a zjist\u00edte, kolik jste vyhr\u00e1li?<\/p>\n<h2>Jak zjistit, zda v\u00e1\u0161 online tiket vyhr\u00e1l?<\/h2>\n<p>No, pokud jste si zakoupili tiket online, je to vlastn\u011b docela snadn\u00e9. Vra\u0165te se na na\u0161e str\u00e1nky, p\u0159ihlaste se sv\u00fdm u\u017eivatelsk\u00fdm jm\u00e9nem a heslem a p\u0159ejd\u011bte do sekce, kde je v\u00e1\u0161 zakoupen\u00fd tiket ulo\u017een v digit\u00e1ln\u00ed podob\u011b. \u010c\u00edsla, kter\u00e1 jste zahr\u00e1li, budou zv\u00fdrazn\u011bna jinou barvou, pokud se shoduj\u00ed s vylosovan\u00fdmi \u010d\u00edsly dne losov\u00e1n\u00ed, na kter\u00fd jste si tiket zakoupili.<\/p>\n<p>Samoz\u0159ejm\u011b si tak\u00e9 m\u016f\u017eete otev\u0159\u00edt na\u0161i str\u00e1nku s p\u0159ehledem v\u00fdsledk\u016f a porovnat v\u00fdsledky losov\u00e1n\u00ed se sv\u00fdm tiketem t\u00edmto zp\u016fsobem. N\u011bkte\u0159\u00ed na\u0161i z\u00e1kazn\u00edci si r\u00e1di tisknou sv\u00e9 online tikety a na v\u00fdtisku pak ozna\u010duj\u00ed vylosovan\u00e1 \u010d\u00edsla, aby zjistili, zda vyhr\u00e1li.<\/p>\n<h2>Archiv v\u00fdsledk\u016f hry Powerball<\/h2>\n<p>Na na\u0161\u00ed str\u00e1nce s p\u0159ehledem v\u00fdsledk\u016f loterie se m\u016f\u017eete pod\u00edvat tak\u00e9 na vylosovan\u00e1 \u010d\u00edsla z minul\u00fdch t\u00fddn\u016f. To v\u00e1m m\u016f\u017ee pomoci se strategi\u00ed v\u00fdb\u011bru \u0161\u0165astn\u00fdch \u010d\u00edsel. M\u016f\u017eete se nap\u0159\u00edklad pokusit naj\u00edt \u010d\u00edsla, kter\u00e1 u\u017e d\u00e1vno padla, a pot\u00e9 vytvo\u0159it los pouze s pou\u017eit\u00edm t\u011bchto \u010d\u00edsel.<\/p>\n<p>Nebo si m\u016f\u017eete vybrat v\u00fdhern\u00ed \u010d\u00edsla Powerball tak, \u017ee zjist\u00edte, kter\u00e1 \u010d\u00edsla se objevuj\u00ed \u010dast\u011bji ne\u017e jin\u00e1 \u010d\u00edsla. Mnoho hr\u00e1\u010d\u016f pou\u017e\u00edv\u00e1 k v\u00fdb\u011bru sv\u00fdch osobn\u00edch \u010d\u00edsel v loterii kombinaci t\u011bchto dvou metod.<\/p>\n<p>Pokud se nem\u016f\u017eete rozhodnout, kter\u00e1 \u010d\u00edsla vybrat pro v\u00fdhern\u00ed tiket, co t\u0159eba tato metoda: Zjist\u011bte, jak\u00e1 \u010d\u00edsla byla v minulosti vylosov\u00e1na v jin\u00e9 loterii s podobn\u00fdm rozsahem \u010d\u00edsel jako v loterii, kterou se chyst\u00e1te hr\u00e1t. Najd\u011bte v t\u011bchto minul\u00fdch v\u00fdsledc\u00edch v\u00fdhern\u00ed kombinaci, kter\u00e1 se v\u00e1m l\u00edb\u00ed, a pak tato star\u0161\u00ed v\u00fdhern\u00ed \u010d\u00edsla pou\u017eijte pro nov\u00fd los Powerball.<\/p>\n<h2>M\u016fj tiket vyhr\u00e1l, co bude n\u00e1sledovat?<\/h2>\n<p><img loading=\"lazy\" decoding=\"async\" class=\"size-full wp-image-50704 alignright\" src=\"https:\/\/onlinelotto365.com\/wp-content\/uploads\/2021\/01\/online_lottery-136.jpg\" alt=\"V\u00fdsledky loterie\" width=\"297\" height=\"101\" \/><br \/>\nGratulujeme, to je dob\u0159e! Samoz\u0159ejm\u011b n\u00e1s v\u017edy pot\u011b\u0161\u00ed, pokud m\u00e1 n\u011bkter\u00fd z na\u0161ich z\u00e1kazn\u00edk\u016f tiket s v\u00fdhern\u00edm tiketem Powerball. A\u0165 u\u017e se jedn\u00e1 o men\u0161\u00ed nebo v\u011bt\u0161\u00ed v\u00fdhru, postar\u00e1me se o v\u00fdplatu za v\u00e1s, samoz\u0159ejm\u011b zdarma!<\/p>\n<p>V\u00fdhra 2500 \u20ac nebo m\u00e9n\u011b &#8211; vyhran\u00e1 \u010d\u00e1stka bude p\u0159ips\u00e1na na v\u00e1\u0161 z\u016fstatek na na\u0161ich str\u00e1nk\u00e1ch. Odtud si ji m\u016f\u017eete nechat vyplatit nebo si z\u016fstatek vz\u00edt na n\u00e1kup dal\u0161\u00edch tiket\u016f.<\/p>\n<p>V\u00fdhra vy\u0161\u0161\u00ed ne\u017e 2500 eur &#8211; s v\u00fdplatou v\u00e1m pom\u016f\u017ee n\u00e1\u0161 t\u00fdm podpory. Po zad\u00e1n\u00ed n\u011bkter\u00fdch \u00fadaj\u016f o va\u0161\u00ed toto\u017enosti a preferovan\u00e9 platebn\u00ed metod\u011b (bankovn\u00ed p\u0159evod nebo \u0161ek) obdr\u017e\u00edte platbu p\u0159\u00edmo zp\u016fsobem, kter\u00fd jste si zvolili.<\/p>\n","protected":false},"excerpt":{"rendered":"<p>Zkontrolujte v\u00edt\u011bzn\u00e1 \u010d\u00edsla Powerball zde Pokud \u017eijete v USA, je vyhled\u00e1n\u00ed v\u00fdhern\u00edch \u010d\u00edsel Powerballu snadn\u00e9. Zejm\u00e9na v p\u0159\u00edpadech, kdy je jackpot velmi vysok\u00fd, jsou v\u00fdsledky vys\u00edl\u00e1ny ve zpr\u00e1v\u00e1ch a zve\u0159ejn\u011bny ve v\u0161ech novin\u00e1ch. Ale co kdy\u017e ne\u017eijete v USA, kdo v\u00e1m v\u00fdhern\u00ed \u010d\u00edsla Powerballu zjist\u00ed? Jak zjist\u00edte v\u00fdsledky a zjist\u00edte, kolik jste vyhr\u00e1li? Jak zjistit, [&hellip;]<\/p>\n","protected":false},"author":1,"featured_media":0,"parent":5824,"menu_order":1,"comment_status":"closed","ping_status":"closed","template":"powerball-usa-info.php","meta":{"_et_pb_use_builder":"","_et_pb_old_content":"","_et_gb_content_width":"","exclude_from_search":false,"footnotes":""},"class_list":["post-80157","page","type-page","status-publish","hentry"],"yoast_head":"<!-- This site is optimized with the Yoast SEO plugin v23.4 - https:\/\/yoast.com\/wordpress\/plugins\/seo\/ -->\n<title>V\u00edt\u011bzn\u00e1 \u010d\u00edsla Powerball | Zkontrolujte v\u00fdsledky a v\u00fdhry pro Powerball USA<\/title>\n<meta name=\"description\" content=\"Chcete zjistit, zda je v\u00e1\u0161 tiket Powerball v\u00fdhern\u00ed? Zkontrolujte si v\u00fdhern\u00ed \u010d\u00edsla na na\u0161ich webov\u00fdch str\u00e1nk\u00e1ch!\" \/>\n<meta name=\"robots\" content=\"index, follow, max-snippet:-1, max-image-preview:large, max-video-preview:-1\" \/>\n<link rel=\"canonical\" href=\"https:\/\/onlinelotto365.com\/cs\/vyherni-cisla\/powerball\/\" \/>\n<meta property=\"og:locale\" content=\"cs_CZ\" \/>\n<meta property=\"og:type\" content=\"article\" \/>\n<meta property=\"og:title\" content=\"V\u00edt\u011bzn\u00e1 \u010d\u00edsla Powerball | Zkontrolujte v\u00fdsledky a v\u00fdhry pro Powerball USA\" \/>\n<meta property=\"og:description\" content=\"Chcete zjistit, zda je v\u00e1\u0161 tiket Powerball v\u00fdhern\u00ed? Zkontrolujte si v\u00fdhern\u00ed \u010d\u00edsla na na\u0161ich webov\u00fdch str\u00e1nk\u00e1ch!\" \/>\n<meta property=\"og:url\" content=\"https:\/\/onlinelotto365.com\/cs\/vyherni-cisla\/powerball\/\" \/>\n<meta property=\"og:site_name\" content=\"OnlineLotto365\" \/>\n<meta property=\"og:image\" content=\"https:\/\/redfoxlotto.com\/image?size=8&amp;lottery=powerball\" \/>\n<meta name=\"twitter:card\" content=\"summary_large_image\" \/>\n<meta name=\"twitter:label1\" content=\"Odhadovan\u00e1 doba \u010dten\u00ed\" \/>\n\t<meta name=\"twitter:data1\" content=\"3 minuty\" \/>\n<script type=\"application\/ld+json\" class=\"yoast-schema-graph\">{\"@context\":\"https:\/\/schema.org\",\"@graph\":[{\"@type\":\"WebPage\",\"@id\":\"https:\/\/onlinelotto365.com\/cs\/vyherni-cisla\/powerball\/\",\"url\":\"https:\/\/onlinelotto365.com\/cs\/vyherni-cisla\/powerball\/\",\"name\":\"V\u00edt\u011bzn\u00e1 \u010d\u00edsla Powerball | Zkontrolujte v\u00fdsledky a v\u00fdhry pro Powerball USA\",\"isPartOf\":{\"@id\":\"https:\/\/onlinelotto365.com\/cs\/#website\"},\"primaryImageOfPage\":{\"@id\":\"https:\/\/onlinelotto365.com\/cs\/vyherni-cisla\/powerball\/#primaryimage\"},\"image\":{\"@id\":\"https:\/\/onlinelotto365.com\/cs\/vyherni-cisla\/powerball\/#primaryimage\"},\"thumbnailUrl\":\"https:\/\/redfoxlotto.com\/image?size=8&amp;lottery=powerball\",\"datePublished\":\"2022-11-15T07:07:53+00:00\",\"dateModified\":\"2022-11-15T07:07:53+00:00\",\"description\":\"Chcete zjistit, zda je v\u00e1\u0161 tiket Powerball v\u00fdhern\u00ed? Zkontrolujte si v\u00fdhern\u00ed \u010d\u00edsla na na\u0161ich webov\u00fdch str\u00e1nk\u00e1ch!\",\"breadcrumb\":{\"@id\":\"https:\/\/onlinelotto365.com\/cs\/vyherni-cisla\/powerball\/#breadcrumb\"},\"inLanguage\":\"cs\",\"potentialAction\":[{\"@type\":\"ReadAction\",\"target\":[\"https:\/\/onlinelotto365.com\/cs\/vyherni-cisla\/powerball\/\"]}]},{\"@type\":\"ImageObject\",\"inLanguage\":\"cs\",\"@id\":\"https:\/\/onlinelotto365.com\/cs\/vyherni-cisla\/powerball\/#primaryimage\",\"url\":\"https:\/\/redfoxlotto.com\/image?size=8&amp;lottery=powerball\",\"contentUrl\":\"https:\/\/redfoxlotto.com\/image?size=8&amp;lottery=powerball\"},{\"@type\":\"BreadcrumbList\",\"@id\":\"https:\/\/onlinelotto365.com\/cs\/vyherni-cisla\/powerball\/#breadcrumb\",\"itemListElement\":[{\"@type\":\"ListItem\",\"position\":1,\"name\":\"Home\",\"item\":\"https:\/\/onlinelotto365.com\/cs\/\"},{\"@type\":\"ListItem\",\"position\":2,\"name\":\"Najd\u011bte v\u00fdhern\u00ed \u010d\u00edsla a v\u00fdsledky nejnov\u011bj\u0161\u00edch loteri\u00ed\",\"item\":\"https:\/\/onlinelotto365.com\/cs\/vyherni-cisla\/\"},{\"@type\":\"ListItem\",\"position\":3,\"name\":\"V\u00fdsledky losov\u00e1n\u00ed Powerball\"}]},{\"@type\":\"WebSite\",\"@id\":\"https:\/\/onlinelotto365.com\/cs\/#website\",\"url\":\"https:\/\/onlinelotto365.com\/cs\/\",\"name\":\"OnlineLotto365\",\"description\":\"\",\"potentialAction\":[{\"@type\":\"SearchAction\",\"target\":{\"@type\":\"EntryPoint\",\"urlTemplate\":\"https:\/\/onlinelotto365.com\/cs\/?s={search_term_string}\"},\"query-input\":{\"@type\":\"PropertyValueSpecification\",\"valueRequired\":true,\"valueName\":\"search_term_string\"}}],\"inLanguage\":\"cs\"}]}<\/script>\n<!-- \/ Yoast SEO plugin. -->","yoast_head_json":{"title":"V\u00edt\u011bzn\u00e1 \u010d\u00edsla Powerball | Zkontrolujte v\u00fdsledky a v\u00fdhry pro Powerball USA","description":"Chcete zjistit, zda je v\u00e1\u0161 tiket Powerball v\u00fdhern\u00ed? Zkontrolujte si v\u00fdhern\u00ed \u010d\u00edsla na na\u0161ich webov\u00fdch str\u00e1nk\u00e1ch!","robots":{"index":"index","follow":"follow","max-snippet":"max-snippet:-1","max-image-preview":"max-image-preview:large","max-video-preview":"max-video-preview:-1"},"canonical":"https:\/\/onlinelotto365.com\/cs\/vyherni-cisla\/powerball\/","og_locale":"cs_CZ","og_type":"article","og_title":"V\u00edt\u011bzn\u00e1 \u010d\u00edsla Powerball | Zkontrolujte v\u00fdsledky a v\u00fdhry pro Powerball USA","og_description":"Chcete zjistit, zda je v\u00e1\u0161 tiket Powerball v\u00fdhern\u00ed? Zkontrolujte si v\u00fdhern\u00ed \u010d\u00edsla na na\u0161ich webov\u00fdch str\u00e1nk\u00e1ch!","og_url":"https:\/\/onlinelotto365.com\/cs\/vyherni-cisla\/powerball\/","og_site_name":"OnlineLotto365","og_image":[{"url":"https:\/\/redfoxlotto.com\/image?size=8&amp;lottery=powerball"}],"twitter_card":"summary_large_image","twitter_misc":{"Odhadovan\u00e1 doba \u010dten\u00ed":"3 minuty"},"schema":{"@context":"https:\/\/schema.org","@graph":[{"@type":"WebPage","@id":"https:\/\/onlinelotto365.com\/cs\/vyherni-cisla\/powerball\/","url":"https:\/\/onlinelotto365.com\/cs\/vyherni-cisla\/powerball\/","name":"V\u00edt\u011bzn\u00e1 \u010d\u00edsla Powerball | Zkontrolujte v\u00fdsledky a v\u00fdhry pro Powerball USA","isPartOf":{"@id":"https:\/\/onlinelotto365.com\/cs\/#website"},"primaryImageOfPage":{"@id":"https:\/\/onlinelotto365.com\/cs\/vyherni-cisla\/powerball\/#primaryimage"},"image":{"@id":"https:\/\/onlinelotto365.com\/cs\/vyherni-cisla\/powerball\/#primaryimage"},"thumbnailUrl":"https:\/\/redfoxlotto.com\/image?size=8&amp;lottery=powerball","datePublished":"2022-11-15T07:07:53+00:00","dateModified":"2022-11-15T07:07:53+00:00","description":"Chcete zjistit, zda je v\u00e1\u0161 tiket Powerball v\u00fdhern\u00ed? Zkontrolujte si v\u00fdhern\u00ed \u010d\u00edsla na na\u0161ich webov\u00fdch str\u00e1nk\u00e1ch!","breadcrumb":{"@id":"https:\/\/onlinelotto365.com\/cs\/vyherni-cisla\/powerball\/#breadcrumb"},"inLanguage":"cs","potentialAction":[{"@type":"ReadAction","target":["https:\/\/onlinelotto365.com\/cs\/vyherni-cisla\/powerball\/"]}]},{"@type":"ImageObject","inLanguage":"cs","@id":"https:\/\/onlinelotto365.com\/cs\/vyherni-cisla\/powerball\/#primaryimage","url":"https:\/\/redfoxlotto.com\/image?size=8&amp;lottery=powerball","contentUrl":"https:\/\/redfoxlotto.com\/image?size=8&amp;lottery=powerball"},{"@type":"BreadcrumbList","@id":"https:\/\/onlinelotto365.com\/cs\/vyherni-cisla\/powerball\/#breadcrumb","itemListElement":[{"@type":"ListItem","position":1,"name":"Home","item":"https:\/\/onlinelotto365.com\/cs\/"},{"@type":"ListItem","position":2,"name":"Najd\u011bte v\u00fdhern\u00ed \u010d\u00edsla a v\u00fdsledky nejnov\u011bj\u0161\u00edch loteri\u00ed","item":"https:\/\/onlinelotto365.com\/cs\/vyherni-cisla\/"},{"@type":"ListItem","position":3,"name":"V\u00fdsledky losov\u00e1n\u00ed Powerball"}]},{"@type":"WebSite","@id":"https:\/\/onlinelotto365.com\/cs\/#website","url":"https:\/\/onlinelotto365.com\/cs\/","name":"OnlineLotto365","description":"","potentialAction":[{"@type":"SearchAction","target":{"@type":"EntryPoint","urlTemplate":"https:\/\/onlinelotto365.com\/cs\/?s={search_term_string}"},"query-input":{"@type":"PropertyValueSpecification","valueRequired":true,"valueName":"search_term_string"}}],"inLanguage":"cs"}]}},"_links":{"self":[{"href":"https:\/\/onlinelotto365.com\/cs\/wp-json\/wp\/v2\/pages\/80157","targetHints":{"allow":["GET"]}}],"collection":[{"href":"https:\/\/onlinelotto365.com\/cs\/wp-json\/wp\/v2\/pages"}],"about":[{"href":"https:\/\/onlinelotto365.com\/cs\/wp-json\/wp\/v2\/types\/page"}],"author":[{"embeddable":true,"href":"https:\/\/onlinelotto365.com\/cs\/wp-json\/wp\/v2\/users\/1"}],"replies":[{"embeddable":true,"href":"https:\/\/onlinelotto365.com\/cs\/wp-json\/wp\/v2\/comments?post=80157"}],"version-history":[{"count":0,"href":"https:\/\/onlinelotto365.com\/cs\/wp-json\/wp\/v2\/pages\/80157\/revisions"}],"up":[{"embeddable":true,"href":"https:\/\/onlinelotto365.com\/cs\/wp-json\/wp\/v2\/pages\/5824"}],"wp:attachment":[{"href":"https:\/\/onlinelotto365.com\/cs\/wp-json\/wp\/v2\/media?parent=80157"}],"curies":[{"name":"wp","href":"https:\/\/api.w.org\/{rel}","templated":true}]}}