{"id":80271,"date":"2022-11-16T08:50:21","date_gmt":"2022-11-16T07:50:21","guid":{"rendered":"https:\/\/onlinelotto365.com\/?page_id=80271"},"modified":"2022-11-16T08:52:27","modified_gmt":"2022-11-16T07:52:27","slug":"la-primitiva","status":"publish","type":"page","link":"https:\/\/onlinelotto365.com\/cs\/koupit-listky\/la-primitiva\/","title":{"rendered":"Jak koupit vstupenky na La Primitiva online"},"content":{"rendered":"<p>Pokud si chcete koupit vstupenky na La Primitiva online, ale st\u00e1le si nejste jisti, jak na to, pak se ujist\u011bte, \u017ee se pod\u00edv\u00e1te na tento postup. Pro fanou\u0161ky loterie \u010cesk\u00e1 republika je to mnohem jednodu\u0161\u0161\u00ed, ne\u017e si mysl\u00edte, a na losov\u00e1n\u00ed m\u016f\u017eete \u010dekat rychleji, ne\u017e si mysl\u00edte.<br \/>\n<a href=\"https:\/\/redfoxlotto.com\/play\/la-primitiva\/?ref=a8564250a2&amp;medium=ol365\" target=\"_blank\" rel=\"noopener noreferrer\"><img decoding=\"async\" class=\"aligncenter\" src=\"https:\/\/redfoxlotto.com\/image?size=8&amp;lottery=la-primitiva\" alt=\" la primitiva\" \/><\/a><\/p>\n<ul>\n<li>Vyberte si loterijn\u00ed hru, kterou chcete hr\u00e1t, a zvolte \u010d\u00edsla pro jednotliv\u00e9 tikety. Nebo nechte po\u010d\u00edta\u010d, aby \u010d\u00edsla los\u016f vybral za v\u00e1s.<\/li>\n<li>Do objedn\u00e1vky si m\u016f\u017eete p\u0159idat libovoln\u00fd po\u010det r\u016fzn\u00fdch tiket\u016f a loterijn\u00edch her, ne\u017e budete p\u0159ipraveni se odhl\u00e1sit.<\/li>\n<li>Vyberte mo\u017enost zaplatit nyn\u00ed<\/li>\n<li>Zaregistrujte si nov\u00fd \u00fa\u010det, pokud jste u n\u00e1s je\u0161t\u011b nikdy nenakupovali, nebo se p\u0159ihlaste, pokud jste st\u00e1vaj\u00edc\u00ed z\u00e1kazn\u00edk.<\/li>\n<li>Dokon\u010dete proces registrace kliknut\u00edm na ov\u011b\u0159ovac\u00ed odkaz, kter\u00fd v\u00e1m bude zasl\u00e1n na va\u0161i e-mailovou adresu.<\/li>\n<li>Zkontrolujte si doru\u010denou po\u0161tu i slo\u017eku se spamem, zda v n\u00ed nenajdete potvrzovac\u00ed e-mail.<\/li>\n<li>P\u0159ejd\u011bte do n\u00e1kupn\u00edho ko\u0161\u00edku na webov\u00fdch str\u00e1nk\u00e1ch<\/li>\n<li>Podle pokyn\u016f vyberte mo\u017enost platby a zapla\u0165te za vstupenky<\/li>\n<\/ul>\n<h2>Jak zaplatit vstupenku na festival La Primitiva online<\/h2>\n<p>M\u016f\u017eete si vybrat z n\u011bkolika r\u016fzn\u00fdch mo\u017enost\u00ed platby, kter\u00e9 jsou pro na\u0161e u\u017eivatele vysoce bezpe\u010dn\u00e9. Nech\u00e1me v\u00e1s vybrat si tu mo\u017enost, kter\u00e1 je pro v\u00e1s nejpohodln\u011bj\u0161\u00ed.<br \/>\nVyberte si jednu ze dvou mo\u017enost\u00ed a za\u010dn\u011bte:<\/p>\n<ul>\n<li>Prove\u010fte platbu p\u0159\u00edmo kreditn\u00ed kartou, bankovn\u00edm \u00fa\u010dtem nebo jinou platebn\u00ed metodou.<\/li>\n<li>P\u0159idejte si pen\u00edze na sv\u016fj \u00fa\u010det a pou\u017eijte je k n\u00e1kupu vstupenek ze sv\u00e9ho hr\u00e1\u010dsk\u00e9ho \u00fa\u010dtu.<\/li>\n<\/ul>\n<p>Ti, kte\u0159\u00ed si na sv\u016fj hr\u00e1\u010dsk\u00fd \u00fa\u010det p\u0159idaj\u00ed pen\u00edze za \u00fa\u010delem n\u00e1kupu, budou muset vlo\u017eit v\u00edce pen\u011bz, ne\u017e kolik jich pot\u0159ebuj\u00ed na n\u00e1kup, kter\u00fd se rozhodnou uskute\u010dnit.<\/p>\n<h2>V\u00edce informac\u00ed o La Primitiva<\/h2>\n<ul>\n<li>\u0160pan\u011blsko<\/li>\n<li>Rozsah hlavn\u00edch \u010d\u00edsel: 49<\/li>\n<li>Vyberete si: 6<\/li>\n<li>Rozsah dopl\u0148kov\u00fdch \u010d\u00edsel:<\/li>\n<li>Vyb\u00edr\u00e1te: 1<\/li>\n<li>Dny losov\u00e1n\u00ed, hodiny: \u010ctvrtek, sobota, 21:30 SE\u010c, 21:30 SE\u010c<\/li>\n<li>Minim\u00e1ln\u00ed jackpot: 2 miliony eur<\/li>\n<li>Maxim\u00e1ln\u00ed jackpot: \u017e\u00e1dn\u00fd<\/li>\n<li>Pravd\u011bpodobnost v\u00fdhry jackpotu: 1 ku 15537573<\/li>\n<li>Pravd\u011bpodobnost v\u00fdhry ve 2. \u00farovni: 1 ku 542008<\/li>\n<li>Pravd\u011bpodobnost v\u00fdhry v jak\u00e9koli \u00farovni: 1 ku 8,43<\/li>\n<li>Po\u010det v\u00fdhern\u00edch \u00farovn\u00ed: 9<\/li>\n<\/ul>\n<h2>V\u00fdhody n\u00e1kupu tiket\u016f La Primitiva online<\/h2>\n<ul>\n<li>Vyberte si vstupenky, ani\u017e byste museli opustit domov<\/li>\n<li>Vyb\u00edrejte z je\u0161t\u011b v\u00edce mo\u017enost\u00ed loterie<\/li>\n<li>Pod\u00edvejte se na r\u016fzn\u00e9 jackpoty a zjist\u011bte, kde m\u016f\u017eete vyhr\u00e1t nejv\u00edce<\/li>\n<li>Vlo\u017eit si na \u00fa\u010det pen\u00edze na zaplacen\u00ed tiket\u016f<\/li>\n<li>\u017d\u00e1dn\u00e9 obavy ze ztr\u00e1ty tiket\u016f<\/li>\n<li>Pokud vyhrajete, dostanete ozn\u00e1men\u00ed<\/li>\n<li>M\u016f\u017eete si vybrat n\u00e1hodn\u011b vygenerovan\u00fd tiket<\/li>\n<\/ul>\n<h2>Je n\u00e1kup tiket\u016f La Primitiva online leg\u00e1ln\u00ed?<\/h2>\n<p>N\u011bkte\u0159\u00ed lid\u00e9 se ob\u00e1vaj\u00ed, zda je n\u00e1kup los\u016f online povolen v zemi jejich bydli\u0161t\u011b. Nebo dokonce, zda si mohou koupit losy tradi\u010dn\u00edm zp\u016fsobem. Nemus\u00edte si v\u0161ak d\u011blat starosti, zda je leg\u00e1ln\u00ed pou\u017e\u00edvat n\u00e1\u0161 syst\u00e9m, proto\u017ee se star\u00e1me o p\u0159edpisy pro oblast, kde se loterie kon\u00e1. D\u00edky tomu z\u00edsk\u00e1te svou v\u00fdhru bez ohledu na to, co se d\u011bje a kolik jste vyhr\u00e1li.<br \/>\nAbyste mohli vyu\u017e\u00edvat na\u0161i slu\u017ebu, mus\u00edte m\u00edt pouze minim\u00e1ln\u011b 18 let.<\/p>\n<h2>Jak dostanu v\u00fdplatu, kdy\u017e vyhraji La Primitiva online?<\/h2>\n<p><img loading=\"lazy\" decoding=\"async\" class=\"alignright wp-image-3535\" src=\"https:\/\/onlinelotto365.com\/wp-content\/uploads\/2020\/11\/online_lottery-141-296x300.jpg\" alt=\"la primitiva online\" width=\"164\" height=\"166\" srcset=\"https:\/\/onlinelotto365.com\/wp-content\/uploads\/2020\/11\/online_lottery-141-296x300.jpg 296w, https:\/\/onlinelotto365.com\/wp-content\/uploads\/2020\/11\/online_lottery-141-100x100.jpg 100w, https:\/\/onlinelotto365.com\/wp-content\/uploads\/2020\/11\/online_lottery-141.jpg 491w\" sizes=\"auto, (max-width: 164px) 100vw, 164px\" \/><br \/>\nPokud jde o v\u00fdplatu, v\u00edme, jak je pro v\u00e1s d\u016fle\u017eit\u00e1. Proto jsme se sna\u017eili proces v\u00fdplaty co nejv\u00edce zjednodu\u0161it. A to v\u0161e bez toho, abychom v\u00e1m \u00fa\u010dtovali jak\u00e9koli poplatky nebo provize. Alespo\u0148 pokud si nezvol\u00edte zasl\u00e1n\u00ed platby bankovn\u00edm p\u0159evodem. V takov\u00e9m p\u0159\u00edpad\u011b n\u00e1m va\u0161e banka m\u016f\u017ee \u00fa\u010dtovat poplatek. Pokud se tak stane, p\u0159eneseme tento poplatek na v\u00e1s.<br \/>\nJedin\u00e9, co mus\u00edte ud\u011blat, je v\u011bd\u011bt, co se stane, kdy\u017e vyhrajete:<\/p>\n<ul>\n<li>Pokud vyhrajete m\u00e9n\u011b ne\u017e 2500 EUR, nemus\u00edte d\u011blat v\u016fbec nic, proto\u017ee se o v\u0161e postar\u00e1me za v\u00e1s. Zajist\u00edme, abyste v\u0161echny sv\u00e9 pen\u00edze dostali p\u0159\u00edmo na sv\u016fj hr\u00e1\u010dsk\u00fd \u00fa\u010det.<\/li>\n<li>Pokud vyhrajete v\u00edce ne\u017e 2500 \u20ac, budete si moci nechat poslat pen\u00edze \u0161ekem nebo bankovn\u00edm p\u0159evodem. V takov\u00e9m p\u0159\u00edpad\u011b mus\u00edte vyplnit formul\u00e1\u0159 \u017e\u00e1dosti o v\u00fdhru, kter\u00fd v\u00e1m za\u0161le n\u00e1\u0161 t\u00fdm podpory, a my v\u00e1m pak pom\u016f\u017eeme se zbytkem.<\/li>\n<\/ul>\n","protected":false},"excerpt":{"rendered":"<p>Pokud si chcete koupit vstupenky na La Primitiva online, ale st\u00e1le si nejste jisti, jak na to, pak se ujist\u011bte, \u017ee se pod\u00edv\u00e1te na tento postup. Pro fanou\u0161ky loterie \u010cesk\u00e1 republika je to mnohem jednodu\u0161\u0161\u00ed, ne\u017e si mysl\u00edte, a na losov\u00e1n\u00ed m\u016f\u017eete \u010dekat rychleji, ne\u017e si mysl\u00edte. Vyberte si loterijn\u00ed hru, kterou chcete hr\u00e1t, a [&hellip;]<\/p>\n","protected":false},"author":1,"featured_media":0,"parent":5559,"menu_order":7,"comment_status":"closed","ping_status":"closed","template":"la-primitiva-info.php","meta":{"_et_pb_use_builder":"","_et_pb_old_content":"","_et_gb_content_width":"","exclude_from_search":false,"footnotes":""},"class_list":["post-80271","page","type-page","status-publish","hentry"],"yoast_head":"<!-- This site is optimized with the Yoast SEO plugin v23.4 - https:\/\/yoast.com\/wordpress\/plugins\/seo\/ -->\n<title>Online slu\u017eba pro n\u00e1kup letenek La Primitiva | La Primitiva z \u010cesk\u00e9 republiky<\/title>\n<meta name=\"description\" content=\"Zjist\u011bte, jak si m\u016f\u017eete koupit vstupenky na \u0161pan\u011blskou loterii La Primitiva z \u010cesk\u00e9 republiky\" \/>\n<meta name=\"robots\" content=\"index, follow, max-snippet:-1, max-image-preview:large, max-video-preview:-1\" \/>\n<link rel=\"canonical\" href=\"https:\/\/onlinelotto365.com\/cs\/koupit-listky\/la-primitiva\/\" \/>\n<meta property=\"og:locale\" content=\"cs_CZ\" \/>\n<meta property=\"og:type\" content=\"article\" \/>\n<meta property=\"og:title\" content=\"Online slu\u017eba pro n\u00e1kup letenek La Primitiva | La Primitiva z \u010cesk\u00e9 republiky\" \/>\n<meta property=\"og:description\" content=\"Zjist\u011bte, jak si m\u016f\u017eete koupit vstupenky na \u0161pan\u011blskou loterii La Primitiva z \u010cesk\u00e9 republiky\" \/>\n<meta property=\"og:url\" content=\"https:\/\/onlinelotto365.com\/cs\/koupit-listky\/la-primitiva\/\" \/>\n<meta property=\"og:site_name\" content=\"OnlineLotto365\" \/>\n<meta property=\"article:modified_time\" content=\"2022-11-16T07:52:27+00:00\" \/>\n<meta property=\"og:image\" content=\"https:\/\/redfoxlotto.com\/image?size=8&amp;lottery=la-primitiva\" \/>\n<meta name=\"twitter:card\" content=\"summary_large_image\" \/>\n<meta name=\"twitter:label1\" content=\"Odhadovan\u00e1 doba \u010dten\u00ed\" \/>\n\t<meta name=\"twitter:data1\" content=\"3 minuty\" \/>\n<script type=\"application\/ld+json\" class=\"yoast-schema-graph\">{\"@context\":\"https:\/\/schema.org\",\"@graph\":[{\"@type\":\"WebPage\",\"@id\":\"https:\/\/onlinelotto365.com\/cs\/koupit-listky\/la-primitiva\/\",\"url\":\"https:\/\/onlinelotto365.com\/cs\/koupit-listky\/la-primitiva\/\",\"name\":\"Online slu\u017eba pro n\u00e1kup letenek La Primitiva | La Primitiva z \u010cesk\u00e9 republiky\",\"isPartOf\":{\"@id\":\"https:\/\/onlinelotto365.com\/cs\/#website\"},\"primaryImageOfPage\":{\"@id\":\"https:\/\/onlinelotto365.com\/cs\/koupit-listky\/la-primitiva\/#primaryimage\"},\"image\":{\"@id\":\"https:\/\/onlinelotto365.com\/cs\/koupit-listky\/la-primitiva\/#primaryimage\"},\"thumbnailUrl\":\"https:\/\/redfoxlotto.com\/image?size=8&amp;lottery=la-primitiva\",\"datePublished\":\"2022-11-16T07:50:21+00:00\",\"dateModified\":\"2022-11-16T07:52:27+00:00\",\"description\":\"Zjist\u011bte, jak si m\u016f\u017eete koupit vstupenky na \u0161pan\u011blskou loterii La Primitiva z \u010cesk\u00e9 republiky\",\"breadcrumb\":{\"@id\":\"https:\/\/onlinelotto365.com\/cs\/koupit-listky\/la-primitiva\/#breadcrumb\"},\"inLanguage\":\"cs\",\"potentialAction\":[{\"@type\":\"ReadAction\",\"target\":[\"https:\/\/onlinelotto365.com\/cs\/koupit-listky\/la-primitiva\/\"]}]},{\"@type\":\"ImageObject\",\"inLanguage\":\"cs\",\"@id\":\"https:\/\/onlinelotto365.com\/cs\/koupit-listky\/la-primitiva\/#primaryimage\",\"url\":\"https:\/\/redfoxlotto.com\/image?size=8&amp;lottery=la-primitiva\",\"contentUrl\":\"https:\/\/redfoxlotto.com\/image?size=8&amp;lottery=la-primitiva\"},{\"@type\":\"BreadcrumbList\",\"@id\":\"https:\/\/onlinelotto365.com\/cs\/koupit-listky\/la-primitiva\/#breadcrumb\",\"itemListElement\":[{\"@type\":\"ListItem\",\"position\":1,\"name\":\"Home\",\"item\":\"https:\/\/onlinelotto365.com\/cs\/\"},{\"@type\":\"ListItem\",\"position\":2,\"name\":\"Pro\u010d m\u00e1 v\u011bt\u0161\u00ed smysl kupovat loterijn\u00ed l\u00edstky online\",\"item\":\"https:\/\/onlinelotto365.com\/cs\/buy-tickets\/\"},{\"@type\":\"ListItem\",\"position\":3,\"name\":\"Jak koupit vstupenky na La Primitiva online\"}]},{\"@type\":\"WebSite\",\"@id\":\"https:\/\/onlinelotto365.com\/cs\/#website\",\"url\":\"https:\/\/onlinelotto365.com\/cs\/\",\"name\":\"OnlineLotto365\",\"description\":\"\",\"potentialAction\":[{\"@type\":\"SearchAction\",\"target\":{\"@type\":\"EntryPoint\",\"urlTemplate\":\"https:\/\/onlinelotto365.com\/cs\/?s={search_term_string}\"},\"query-input\":{\"@type\":\"PropertyValueSpecification\",\"valueRequired\":true,\"valueName\":\"search_term_string\"}}],\"inLanguage\":\"cs\"}]}<\/script>\n<!-- \/ Yoast SEO plugin. -->","yoast_head_json":{"title":"Online slu\u017eba pro n\u00e1kup letenek La Primitiva | La Primitiva z \u010cesk\u00e9 republiky","description":"Zjist\u011bte, jak si m\u016f\u017eete koupit vstupenky na \u0161pan\u011blskou loterii La Primitiva z \u010cesk\u00e9 republiky","robots":{"index":"index","follow":"follow","max-snippet":"max-snippet:-1","max-image-preview":"max-image-preview:large","max-video-preview":"max-video-preview:-1"},"canonical":"https:\/\/onlinelotto365.com\/cs\/koupit-listky\/la-primitiva\/","og_locale":"cs_CZ","og_type":"article","og_title":"Online slu\u017eba pro n\u00e1kup letenek La Primitiva | La Primitiva z \u010cesk\u00e9 republiky","og_description":"Zjist\u011bte, jak si m\u016f\u017eete koupit vstupenky na \u0161pan\u011blskou loterii La Primitiva z \u010cesk\u00e9 republiky","og_url":"https:\/\/onlinelotto365.com\/cs\/koupit-listky\/la-primitiva\/","og_site_name":"OnlineLotto365","article_modified_time":"2022-11-16T07:52:27+00:00","og_image":[{"url":"https:\/\/redfoxlotto.com\/image?size=8&amp;lottery=la-primitiva"}],"twitter_card":"summary_large_image","twitter_misc":{"Odhadovan\u00e1 doba \u010dten\u00ed":"3 minuty"},"schema":{"@context":"https:\/\/schema.org","@graph":[{"@type":"WebPage","@id":"https:\/\/onlinelotto365.com\/cs\/koupit-listky\/la-primitiva\/","url":"https:\/\/onlinelotto365.com\/cs\/koupit-listky\/la-primitiva\/","name":"Online slu\u017eba pro n\u00e1kup letenek La Primitiva | La Primitiva z \u010cesk\u00e9 republiky","isPartOf":{"@id":"https:\/\/onlinelotto365.com\/cs\/#website"},"primaryImageOfPage":{"@id":"https:\/\/onlinelotto365.com\/cs\/koupit-listky\/la-primitiva\/#primaryimage"},"image":{"@id":"https:\/\/onlinelotto365.com\/cs\/koupit-listky\/la-primitiva\/#primaryimage"},"thumbnailUrl":"https:\/\/redfoxlotto.com\/image?size=8&amp;lottery=la-primitiva","datePublished":"2022-11-16T07:50:21+00:00","dateModified":"2022-11-16T07:52:27+00:00","description":"Zjist\u011bte, jak si m\u016f\u017eete koupit vstupenky na \u0161pan\u011blskou loterii La Primitiva z \u010cesk\u00e9 republiky","breadcrumb":{"@id":"https:\/\/onlinelotto365.com\/cs\/koupit-listky\/la-primitiva\/#breadcrumb"},"inLanguage":"cs","potentialAction":[{"@type":"ReadAction","target":["https:\/\/onlinelotto365.com\/cs\/koupit-listky\/la-primitiva\/"]}]},{"@type":"ImageObject","inLanguage":"cs","@id":"https:\/\/onlinelotto365.com\/cs\/koupit-listky\/la-primitiva\/#primaryimage","url":"https:\/\/redfoxlotto.com\/image?size=8&amp;lottery=la-primitiva","contentUrl":"https:\/\/redfoxlotto.com\/image?size=8&amp;lottery=la-primitiva"},{"@type":"BreadcrumbList","@id":"https:\/\/onlinelotto365.com\/cs\/koupit-listky\/la-primitiva\/#breadcrumb","itemListElement":[{"@type":"ListItem","position":1,"name":"Home","item":"https:\/\/onlinelotto365.com\/cs\/"},{"@type":"ListItem","position":2,"name":"Pro\u010d m\u00e1 v\u011bt\u0161\u00ed smysl kupovat loterijn\u00ed l\u00edstky online","item":"https:\/\/onlinelotto365.com\/cs\/buy-tickets\/"},{"@type":"ListItem","position":3,"name":"Jak koupit vstupenky na La Primitiva online"}]},{"@type":"WebSite","@id":"https:\/\/onlinelotto365.com\/cs\/#website","url":"https:\/\/onlinelotto365.com\/cs\/","name":"OnlineLotto365","description":"","potentialAction":[{"@type":"SearchAction","target":{"@type":"EntryPoint","urlTemplate":"https:\/\/onlinelotto365.com\/cs\/?s={search_term_string}"},"query-input":{"@type":"PropertyValueSpecification","valueRequired":true,"valueName":"search_term_string"}}],"inLanguage":"cs"}]}},"_links":{"self":[{"href":"https:\/\/onlinelotto365.com\/cs\/wp-json\/wp\/v2\/pages\/80271","targetHints":{"allow":["GET"]}}],"collection":[{"href":"https:\/\/onlinelotto365.com\/cs\/wp-json\/wp\/v2\/pages"}],"about":[{"href":"https:\/\/onlinelotto365.com\/cs\/wp-json\/wp\/v2\/types\/page"}],"author":[{"embeddable":true,"href":"https:\/\/onlinelotto365.com\/cs\/wp-json\/wp\/v2\/users\/1"}],"replies":[{"embeddable":true,"href":"https:\/\/onlinelotto365.com\/cs\/wp-json\/wp\/v2\/comments?post=80271"}],"version-history":[{"count":0,"href":"https:\/\/onlinelotto365.com\/cs\/wp-json\/wp\/v2\/pages\/80271\/revisions"}],"up":[{"embeddable":true,"href":"https:\/\/onlinelotto365.com\/cs\/wp-json\/wp\/v2\/pages\/5559"}],"wp:attachment":[{"href":"https:\/\/onlinelotto365.com\/cs\/wp-json\/wp\/v2\/media?parent=80271"}],"curies":[{"name":"wp","href":"https:\/\/api.w.org\/{rel}","templated":true}]}}