{"id":80303,"date":"2022-11-16T11:36:29","date_gmt":"2022-11-16T10:36:29","guid":{"rendered":"https:\/\/onlinelotto365.com\/?page_id=80303"},"modified":"2022-11-16T14:03:35","modified_gmt":"2022-11-16T13:03:35","slug":"bonoloto","status":"publish","type":"page","link":"https:\/\/onlinelotto365.com\/cs\/koupit-listky\/bonoloto\/","title":{"rendered":"Jak koupit vstupenky na BonoLoto online"},"content":{"rendered":"<p>Pokud \u017eijete v \u010cesk\u00e9 republice<br \/>\na chcete v\u011bd\u011bt, jak hr\u00e1t BonoLoto online a jak z\u00edskat vstupenky, jste na spr\u00e1vn\u00e9m m\u00edst\u011b. S cel\u00fdm procesem v\u00e1m pom\u016f\u017eeme a bude to tak\u00e9 mnohem jednodu\u0161\u0161\u00ed, ne\u017e si mo\u017en\u00e1 mysl\u00edte. Jedin\u00e9, co mus\u00edte ud\u011blat, je postupovat podle krok\u016f, kter\u00e9 jsme v\u00e1m nast\u00ednili n\u00ed\u017ee.<br \/>\n<a href=\"https:\/\/redfoxlotto.com\/play\/bonoloto\/?ref=a8564250a2&amp;medium=ol365\" target=\"_blank\" rel=\"noopener noreferrer\"><img decoding=\"async\" class=\"aligncenter\" src=\"https:\/\/redfoxlotto.com\/image?size=8&amp;lottery=bonoloto\" alt=\"BonoLoto\" \/><\/a><\/p>\n<ul>\n<li>P\u0159ejd\u011bte na str\u00e1nku loterie, kterou chcete hr\u00e1t, nap\u0159\u00edklad BonoLoto. Pot\u00e9 si vyberte v\u0161echny tikety, kter\u00e9 chcete, v\u010detn\u011b \u010d\u00edsel, kter\u00e1 chcete hr\u00e1t.<\/li>\n<li>Do objedn\u00e1vky p\u0159idejte dal\u0161\u00ed tikety pro BonoLoto nebo pro jin\u00e9 hry, dokud nebudete p\u0159ipraveni k pokladn\u011b.<\/li>\n<li>Vyberte tla\u010d\u00edtko pro platbu nyn\u00ed<\/li>\n<li>P\u0159ihlaste se ke sv\u00e9mu \u00fa\u010dtu nebo zvolte mo\u017enost vytvo\u0159en\u00ed zcela nov\u00e9ho \u00fa\u010dtu a projd\u011bte procesem registrace.<\/li>\n<li>Pokud si vytv\u00e1\u0159\u00edte nov\u00fd \u00fa\u010det, budete muset j\u00edt do sv\u00e9ho e-mailu, abyste z\u00edskali ov\u011b\u0159ovac\u00ed odkaz, kter\u00fd v\u00e1m umo\u017en\u00ed dokon\u010dit proces.<\/li>\n<li>Pokud odkaz neobdr\u017e\u00edte, zkontrolujte slo\u017eku se spamem, zda se v\u00e1m m\u00edsto v b\u011b\u017en\u00e9 schr\u00e1nce neobjev\u00ed pr\u00e1v\u011b tam.<\/li>\n<li>P\u0159ejd\u011bte na pokladn\u00ed str\u00e1nku na webov\u00fdch str\u00e1nk\u00e1ch a spus\u0165te proces platby.<\/li>\n<li>Vyberte si zp\u016fsob platby a dokon\u010dete objedn\u00e1vku.<\/li>\n<\/ul>\n<h2>Jak zaplatit za vstupenku na BonoLoto online<\/h2>\n<p>K dispozici budete m\u00edt spoustu r\u016fzn\u00fdch platebn\u00edch metod, kter\u00e9 m\u016f\u017eete pou\u017e\u00edt k n\u00e1kupu vstupenek BonoLoto a dal\u0161\u00edch.<br \/>\nPro za\u010d\u00e1tek si vstupenky po\u0159i\u010fte v\u00fdb\u011brem jedn\u00e9 z t\u011bchto dvou obecn\u00fdch mo\u017enost\u00ed:<\/p>\n<ul>\n<li>Prove\u010fte platbu za svou objedn\u00e1vku p\u0159\u00edmo pomoc\u00ed kreditn\u00ed karty nebo finan\u010dn\u00edho \u00fa\u010dtu.<\/li>\n<li>Vlo\u017eit pen\u00edze na sv\u016fj hr\u00e1\u010dsk\u00fd \u00fa\u010det na na\u0161ich webov\u00fdch str\u00e1nk\u00e1ch a pou\u017e\u00edt sv\u016fj hr\u00e1\u010dsk\u00fd \u00fa\u010det k n\u00e1kupu<\/li>\n<\/ul>\n<p>Ti, kte\u0159\u00ed se rozhodnou vlo\u017eit pen\u00edze na sv\u016fj hr\u00e1\u010dsk\u00fd \u00fa\u010det, se ujist\u011bte, \u017ee jste na n\u011bj vlo\u017eili v\u00edce pen\u011bz, ne\u017e kolik pot\u0159ebujete na svou aktu\u00e1ln\u00ed objedn\u00e1vku, abychom ji mohli zpracovat.<\/p>\n<h2>V\u00edce informac\u00ed o BonoLoto<\/h2>\n<ul>\n<li>Zem\u011b: \u0160pan\u011blsko<\/li>\n<li>Rozsah hlavn\u00edch \u010d\u00edsel: 49<\/li>\n<li>Vyberete si: 6<\/li>\n<li>Dny losov\u00e1n\u00ed, hodiny: denn\u011b krom\u011b ned\u011ble, 21:30 hod. st\u0159edoevropsk\u00e9ho \u010dasu, 21:30 hod. st\u0159edoevropsk\u00e9ho \u010dasu<\/li>\n<li>Minim\u00e1ln\u00ed jackpot: 400 000<\/li>\n<li>Maxim\u00e1ln\u00ed jackpot: \u017e\u00e1dn\u00fd<\/li>\n<li>Pravd\u011bpodobnost v\u00fdhry jackpotu: 1 ku 13983816<\/li>\n<li>Pravd\u011bpodobnost v\u00fdhry ve 2. \u00farovni: 1 z 2330636<\/li>\n<li>Pravd\u011bpodobnost v\u00fdhry v jak\u00e9koli \u00farovni: 1 ku 8,43<\/li>\n<li>Po\u010det v\u00fdhern\u00edch \u00farovn\u00ed: 6<\/li>\n<\/ul>\n<h2>V\u00fdhody n\u00e1kupu tiket\u016f BonoLoto online<\/h2>\n<ul>\n<li>Z\u016fsta\u0148te doma, a p\u0159esto z\u00edskejte po\u017eadovan\u00e9 vstupenky z \u010cesk\u00e9 republiky<\/li>\n<li>Vyb\u00edrejte z \u0161irok\u00e9 nab\u00eddky r\u016fzn\u00fdch loterijn\u00edch her z cel\u00e9ho sv\u011bta<\/li>\n<li>Z\u00edskejte lep\u0161\u00ed \u0161ance na v\u00fdhru velk\u00fdch cen v\u00fdb\u011brem nejlep\u0161\u00edch jackpot\u016f<\/li>\n<li>Vlo\u017ete si na \u00fa\u010det pen\u00edze na zaplacen\u00ed tiket\u016f<\/li>\n<li>U\u017e se nemus\u00edte b\u00e1t, \u017ee byste n\u011bkdy ztratili tiket<\/li>\n<li>Nikdy nezme\u0161kejte v\u00fdhru d\u00edky okam\u017eit\u00fdm upozorn\u011bn\u00edm<\/li>\n<li>Pou\u017eijte gener\u00e1tor n\u00e1hodn\u00fdch \u010d\u00edsel, kter\u00fd vybere \u010d\u00edsla za v\u00e1s<\/li>\n<\/ul>\n<h2>Je n\u00e1kup tiket\u016f BonoLoto online leg\u00e1ln\u00ed?<\/h2>\n<p>Pokud nev\u00edte, jak je to s leg\u00e1lnost\u00ed online loterie v zemi va\u0161eho bydli\u0161t\u011b, m\u016f\u017eete m\u00edt z hran\u00ed tohoto typu hry trochu obavy. M\u016f\u017eete v\u0161ak naprosto d\u016fv\u011b\u0159ovat na\u0161\u00ed slu\u017eb\u011b, kter\u00e1 v\u00e1m pom\u016f\u017ee. Db\u00e1me na to, aby byly dodr\u017eeny v\u0161echny p\u0159edpisy pro zemi, ze kter\u00e9 lotto poch\u00e1z\u00ed.<\/p>\n<p>Pokud tedy vyhrajete jakoukoli cenu, v\u010detn\u011b jackpotu, nemus\u00edte se ob\u00e1vat, \u017ee byste se o ni mohli p\u0159ihl\u00e1sit. M\u00e1te jistotu, \u017ee z\u00edsk\u00e1te v\u00fdhru, kterou jste si zaslou\u017eili.<br \/>\nJedin\u00fdm pravidlem je, \u017ee abyste mohli hr\u00e1t, mus\u00ed v\u00e1m b\u00fdt alespo\u0148 18 let.<\/p>\n<h2>Jak dostanu v\u00fdplatu, kdy\u017e vyhraju online BonoLoto?<\/h2>\n<p><img loading=\"lazy\" decoding=\"async\" class=\"alignright wp-image-3675\" src=\"https:\/\/onlinelotto365.com\/wp-content\/uploads\/2020\/11\/online_lottery-117-300x217.jpg\" alt=\"koupit vstupenky na bonoloto online\" width=\"195\" height=\"141\" srcset=\"https:\/\/onlinelotto365.com\/wp-content\/uploads\/2020\/11\/online_lottery-117-300x217.jpg 300w, https:\/\/onlinelotto365.com\/wp-content\/uploads\/2020\/11\/online_lottery-117.jpg 320w\" sizes=\"auto, (max-width: 195px) 100vw, 195px\" \/><br \/>\nV\u00fdplaty jsou d\u016fle\u017eit\u00e9 a vy se chcete ujistit, \u017ee dostanete v\u0161echny pen\u00edze, na kter\u00e9 m\u00e1te n\u00e1rok. To u n\u00e1s nen\u00ed probl\u00e9m, proto\u017ee v\u00e1m z \u017e\u00e1dn\u00e9 va\u0161\u00ed v\u00fdhry ne\u00fa\u010dtujeme provizi. V\u0161echny je dostanete p\u0159\u00edmo na sv\u016fj \u00fa\u010det.<\/p>\n<p>Jedin\u00fd p\u0159\u00edpad, kdy si dokonce \u00fa\u010dtujeme poplatky, je, kdy\u017e se rozhodnete nechat si pen\u00edze p\u0159ev\u00e9st do sv\u00e9 banky. Pokud si va\u0161e banka za tento p\u0159evod \u00fa\u010dtuje poplatek, pak tento poplatek p\u0159eneseme na v\u00e1\u0161 \u00fa\u010det.<br \/>\nKdy\u017e v\u0161ak m\u00e1te n\u00e1rok na v\u00fdplatu, stane se jedna ze dvou v\u011bc\u00ed:<\/p>\n<ul>\n<li>Pokud vyhrajete m\u00e9n\u011b ne\u017e 2500 EUR, dostanete pen\u00edze na sv\u016fj \u00fa\u010det prakticky okam\u017eit\u011b, tak\u017ee si s nimi m\u016f\u017eete d\u011blat, co chcete.<\/li>\n<li>Pokud vyhrajete v\u00edce ne\u017e 2500 \u20ac, bude v\u00e1m vyhran\u00e1 \u010d\u00e1stka zasl\u00e1na bu\u010f bankovn\u00edm p\u0159evodem, nebo \u0161ekem. M\u016f\u017eete si vybrat, \u010demu d\u00e1te p\u0159ednost, kdy\u017e vypln\u00edte formul\u00e1\u0159 \u017e\u00e1dosti o platbu, kter\u00fd v\u00e1m na\u0161i pracovn\u00edci za\u0161lou. Pen\u00edze tak dostanete b\u011bhem n\u011bkolika m\u00e1lo dn\u00ed.<\/li>\n<\/ul>\n","protected":false},"excerpt":{"rendered":"<p>Pokud \u017eijete v \u010cesk\u00e9 republice a chcete v\u011bd\u011bt, jak hr\u00e1t BonoLoto online a jak z\u00edskat vstupenky, jste na spr\u00e1vn\u00e9m m\u00edst\u011b. S cel\u00fdm procesem v\u00e1m pom\u016f\u017eeme a bude to tak\u00e9 mnohem jednodu\u0161\u0161\u00ed, ne\u017e si mo\u017en\u00e1 mysl\u00edte. Jedin\u00e9, co mus\u00edte ud\u011blat, je postupovat podle krok\u016f, kter\u00e9 jsme v\u00e1m nast\u00ednili n\u00ed\u017ee. P\u0159ejd\u011bte na str\u00e1nku loterie, kterou chcete hr\u00e1t, [&hellip;]<\/p>\n","protected":false},"author":1,"featured_media":0,"parent":5559,"menu_order":8,"comment_status":"closed","ping_status":"closed","template":"template-rightsidebar.php","meta":{"_et_pb_use_builder":"","_et_pb_old_content":"","_et_gb_content_width":"","exclude_from_search":false,"footnotes":""},"class_list":["post-80303","page","type-page","status-publish","hentry"],"yoast_head":"<!-- This site is optimized with the Yoast SEO plugin v23.4 - https:\/\/yoast.com\/wordpress\/plugins\/seo\/ -->\n<title>Vstupenky BonoLoto online | Jak koupit vstupenky z \u010cesk\u00e9 republiky<\/title>\n<meta name=\"description\" content=\"Na\u0161e webov\u00e9 str\u00e1nky umo\u017e\u0148uj\u00ed online a leg\u00e1ln\u00ed n\u00e1kup vstupenek na Bonoloto\" \/>\n<meta name=\"robots\" content=\"index, follow, max-snippet:-1, max-image-preview:large, max-video-preview:-1\" \/>\n<link rel=\"canonical\" href=\"https:\/\/onlinelotto365.com\/cs\/koupit-listky\/bonoloto\/\" \/>\n<meta property=\"og:locale\" content=\"cs_CZ\" \/>\n<meta property=\"og:type\" content=\"article\" \/>\n<meta property=\"og:title\" content=\"Vstupenky BonoLoto online | Jak koupit vstupenky z \u010cesk\u00e9 republiky\" \/>\n<meta property=\"og:description\" content=\"Na\u0161e webov\u00e9 str\u00e1nky umo\u017e\u0148uj\u00ed online a leg\u00e1ln\u00ed n\u00e1kup vstupenek na Bonoloto\" \/>\n<meta property=\"og:url\" content=\"https:\/\/onlinelotto365.com\/cs\/koupit-listky\/bonoloto\/\" \/>\n<meta property=\"og:site_name\" content=\"OnlineLotto365\" \/>\n<meta property=\"article:modified_time\" content=\"2022-11-16T13:03:35+00:00\" \/>\n<meta property=\"og:image\" content=\"https:\/\/redfoxlotto.com\/image?size=8&amp;lottery=bonoloto\" \/>\n<meta name=\"twitter:card\" content=\"summary_large_image\" \/>\n<meta name=\"twitter:label1\" content=\"Odhadovan\u00e1 doba \u010dten\u00ed\" \/>\n\t<meta name=\"twitter:data1\" content=\"4 minuty\" \/>\n<script type=\"application\/ld+json\" class=\"yoast-schema-graph\">{\"@context\":\"https:\/\/schema.org\",\"@graph\":[{\"@type\":\"WebPage\",\"@id\":\"https:\/\/onlinelotto365.com\/cs\/koupit-listky\/bonoloto\/\",\"url\":\"https:\/\/onlinelotto365.com\/cs\/koupit-listky\/bonoloto\/\",\"name\":\"Vstupenky BonoLoto online | Jak koupit vstupenky z \u010cesk\u00e9 republiky\",\"isPartOf\":{\"@id\":\"https:\/\/onlinelotto365.com\/cs\/#website\"},\"primaryImageOfPage\":{\"@id\":\"https:\/\/onlinelotto365.com\/cs\/koupit-listky\/bonoloto\/#primaryimage\"},\"image\":{\"@id\":\"https:\/\/onlinelotto365.com\/cs\/koupit-listky\/bonoloto\/#primaryimage\"},\"thumbnailUrl\":\"https:\/\/redfoxlotto.com\/image?size=8&amp;lottery=bonoloto\",\"datePublished\":\"2022-11-16T10:36:29+00:00\",\"dateModified\":\"2022-11-16T13:03:35+00:00\",\"description\":\"Na\u0161e webov\u00e9 str\u00e1nky umo\u017e\u0148uj\u00ed online a leg\u00e1ln\u00ed n\u00e1kup vstupenek na Bonoloto\",\"breadcrumb\":{\"@id\":\"https:\/\/onlinelotto365.com\/cs\/koupit-listky\/bonoloto\/#breadcrumb\"},\"inLanguage\":\"cs\",\"potentialAction\":[{\"@type\":\"ReadAction\",\"target\":[\"https:\/\/onlinelotto365.com\/cs\/koupit-listky\/bonoloto\/\"]}]},{\"@type\":\"ImageObject\",\"inLanguage\":\"cs\",\"@id\":\"https:\/\/onlinelotto365.com\/cs\/koupit-listky\/bonoloto\/#primaryimage\",\"url\":\"https:\/\/redfoxlotto.com\/image?size=8&amp;lottery=bonoloto\",\"contentUrl\":\"https:\/\/redfoxlotto.com\/image?size=8&amp;lottery=bonoloto\"},{\"@type\":\"BreadcrumbList\",\"@id\":\"https:\/\/onlinelotto365.com\/cs\/koupit-listky\/bonoloto\/#breadcrumb\",\"itemListElement\":[{\"@type\":\"ListItem\",\"position\":1,\"name\":\"Home\",\"item\":\"https:\/\/onlinelotto365.com\/cs\/\"},{\"@type\":\"ListItem\",\"position\":2,\"name\":\"Pro\u010d m\u00e1 v\u011bt\u0161\u00ed smysl kupovat loterijn\u00ed l\u00edstky online\",\"item\":\"https:\/\/onlinelotto365.com\/cs\/buy-tickets\/\"},{\"@type\":\"ListItem\",\"position\":3,\"name\":\"Jak koupit vstupenky na BonoLoto online\"}]},{\"@type\":\"WebSite\",\"@id\":\"https:\/\/onlinelotto365.com\/cs\/#website\",\"url\":\"https:\/\/onlinelotto365.com\/cs\/\",\"name\":\"OnlineLotto365\",\"description\":\"\",\"potentialAction\":[{\"@type\":\"SearchAction\",\"target\":{\"@type\":\"EntryPoint\",\"urlTemplate\":\"https:\/\/onlinelotto365.com\/cs\/?s={search_term_string}\"},\"query-input\":{\"@type\":\"PropertyValueSpecification\",\"valueRequired\":true,\"valueName\":\"search_term_string\"}}],\"inLanguage\":\"cs\"}]}<\/script>\n<!-- \/ Yoast SEO plugin. -->","yoast_head_json":{"title":"Vstupenky BonoLoto online | Jak koupit vstupenky z \u010cesk\u00e9 republiky","description":"Na\u0161e webov\u00e9 str\u00e1nky umo\u017e\u0148uj\u00ed online a leg\u00e1ln\u00ed n\u00e1kup vstupenek na Bonoloto","robots":{"index":"index","follow":"follow","max-snippet":"max-snippet:-1","max-image-preview":"max-image-preview:large","max-video-preview":"max-video-preview:-1"},"canonical":"https:\/\/onlinelotto365.com\/cs\/koupit-listky\/bonoloto\/","og_locale":"cs_CZ","og_type":"article","og_title":"Vstupenky BonoLoto online | Jak koupit vstupenky z \u010cesk\u00e9 republiky","og_description":"Na\u0161e webov\u00e9 str\u00e1nky umo\u017e\u0148uj\u00ed online a leg\u00e1ln\u00ed n\u00e1kup vstupenek na Bonoloto","og_url":"https:\/\/onlinelotto365.com\/cs\/koupit-listky\/bonoloto\/","og_site_name":"OnlineLotto365","article_modified_time":"2022-11-16T13:03:35+00:00","og_image":[{"url":"https:\/\/redfoxlotto.com\/image?size=8&amp;lottery=bonoloto"}],"twitter_card":"summary_large_image","twitter_misc":{"Odhadovan\u00e1 doba \u010dten\u00ed":"4 minuty"},"schema":{"@context":"https:\/\/schema.org","@graph":[{"@type":"WebPage","@id":"https:\/\/onlinelotto365.com\/cs\/koupit-listky\/bonoloto\/","url":"https:\/\/onlinelotto365.com\/cs\/koupit-listky\/bonoloto\/","name":"Vstupenky BonoLoto online | Jak koupit vstupenky z \u010cesk\u00e9 republiky","isPartOf":{"@id":"https:\/\/onlinelotto365.com\/cs\/#website"},"primaryImageOfPage":{"@id":"https:\/\/onlinelotto365.com\/cs\/koupit-listky\/bonoloto\/#primaryimage"},"image":{"@id":"https:\/\/onlinelotto365.com\/cs\/koupit-listky\/bonoloto\/#primaryimage"},"thumbnailUrl":"https:\/\/redfoxlotto.com\/image?size=8&amp;lottery=bonoloto","datePublished":"2022-11-16T10:36:29+00:00","dateModified":"2022-11-16T13:03:35+00:00","description":"Na\u0161e webov\u00e9 str\u00e1nky umo\u017e\u0148uj\u00ed online a leg\u00e1ln\u00ed n\u00e1kup vstupenek na Bonoloto","breadcrumb":{"@id":"https:\/\/onlinelotto365.com\/cs\/koupit-listky\/bonoloto\/#breadcrumb"},"inLanguage":"cs","potentialAction":[{"@type":"ReadAction","target":["https:\/\/onlinelotto365.com\/cs\/koupit-listky\/bonoloto\/"]}]},{"@type":"ImageObject","inLanguage":"cs","@id":"https:\/\/onlinelotto365.com\/cs\/koupit-listky\/bonoloto\/#primaryimage","url":"https:\/\/redfoxlotto.com\/image?size=8&amp;lottery=bonoloto","contentUrl":"https:\/\/redfoxlotto.com\/image?size=8&amp;lottery=bonoloto"},{"@type":"BreadcrumbList","@id":"https:\/\/onlinelotto365.com\/cs\/koupit-listky\/bonoloto\/#breadcrumb","itemListElement":[{"@type":"ListItem","position":1,"name":"Home","item":"https:\/\/onlinelotto365.com\/cs\/"},{"@type":"ListItem","position":2,"name":"Pro\u010d m\u00e1 v\u011bt\u0161\u00ed smysl kupovat loterijn\u00ed l\u00edstky online","item":"https:\/\/onlinelotto365.com\/cs\/buy-tickets\/"},{"@type":"ListItem","position":3,"name":"Jak koupit vstupenky na BonoLoto online"}]},{"@type":"WebSite","@id":"https:\/\/onlinelotto365.com\/cs\/#website","url":"https:\/\/onlinelotto365.com\/cs\/","name":"OnlineLotto365","description":"","potentialAction":[{"@type":"SearchAction","target":{"@type":"EntryPoint","urlTemplate":"https:\/\/onlinelotto365.com\/cs\/?s={search_term_string}"},"query-input":{"@type":"PropertyValueSpecification","valueRequired":true,"valueName":"search_term_string"}}],"inLanguage":"cs"}]}},"_links":{"self":[{"href":"https:\/\/onlinelotto365.com\/cs\/wp-json\/wp\/v2\/pages\/80303","targetHints":{"allow":["GET"]}}],"collection":[{"href":"https:\/\/onlinelotto365.com\/cs\/wp-json\/wp\/v2\/pages"}],"about":[{"href":"https:\/\/onlinelotto365.com\/cs\/wp-json\/wp\/v2\/types\/page"}],"author":[{"embeddable":true,"href":"https:\/\/onlinelotto365.com\/cs\/wp-json\/wp\/v2\/users\/1"}],"replies":[{"embeddable":true,"href":"https:\/\/onlinelotto365.com\/cs\/wp-json\/wp\/v2\/comments?post=80303"}],"version-history":[{"count":0,"href":"https:\/\/onlinelotto365.com\/cs\/wp-json\/wp\/v2\/pages\/80303\/revisions"}],"up":[{"embeddable":true,"href":"https:\/\/onlinelotto365.com\/cs\/wp-json\/wp\/v2\/pages\/5559"}],"wp:attachment":[{"href":"https:\/\/onlinelotto365.com\/cs\/wp-json\/wp\/v2\/media?parent=80303"}],"curies":[{"name":"wp","href":"https:\/\/api.w.org\/{rel}","templated":true}]}}