{"id":80339,"date":"2022-11-16T14:31:04","date_gmt":"2022-11-16T13:31:04","guid":{"rendered":"https:\/\/onlinelotto365.com\/?page_id=80339"},"modified":"2022-11-16T14:31:04","modified_gmt":"2022-11-16T13:31:04","slug":"uk-lottery","status":"publish","type":"page","link":"https:\/\/onlinelotto365.com\/cs\/koupit-listky\/uk-lottery\/","title":{"rendered":"Jak koupit losy UK Lottery online"},"content":{"rendered":"<p>Pokud si chcete koupit losy UK Lottery v \u010cesk\u00e9 republice, nemus\u00edte se ob\u00e1vat, proto\u017ee cel\u00fd proces pro v\u00e1s m\u00e1me p\u0159ipraven\u00fd rychle a snadno. Sta\u010d\u00ed se pod\u00edvat na jednoduch\u00e9 kroky n\u00ed\u017ee a budete p\u0159ipraveni b\u011bhem chvilky.<br \/>\n<a href=\"https:\/\/redfoxlotto.com\/play\/lotto-uk\/?ref=a8564250a2&amp;medium=ol365\" target=\"_blank\" rel=\"noopener noreferrer\"><img decoding=\"async\" class=\"aligncenter\" src=\"https:\/\/redfoxlotto.com\/image?size=8&amp;lottery=lotto-uk\" alt=\"uk lottery\" \/><\/a><\/p>\n<ul>\n<li>Dosta\u0148te se na spr\u00e1vnou str\u00e1nku pro loterijn\u00ed hru, kterou chcete hr\u00e1t, nap\u0159\u00edklad Loterie UK. A pak si vyberte \u010d\u00edsla, kter\u00e1 chcete na tiketu m\u00edt.<\/li>\n<li>Vyberte si dal\u0161\u00ed losy, kter\u00e9 chcete pro tuto nebo jin\u00e9 loterijn\u00ed hry, kter\u00e9 se chyst\u00e1te hr\u00e1t.<\/li>\n<li>Zvolte mo\u017enost platby za sv\u00e9 losy<\/li>\n<li>Projd\u011bte procesem registrace \u00fa\u010dtu, pokud jste nov\u00fd u\u017eivatel, nebo se p\u0159ihlaste ke sv\u00e9mu \u00fa\u010dtu, pokud jste ji\u017e st\u00e1vaj\u00edc\u00ed u\u017eivatel.<\/li>\n<li>Ti, kte\u0159\u00ed se je\u0161t\u011b mus\u00ed zaregistrovat, obdr\u017e\u00ed b\u011bhem n\u011bkolika minut ov\u011b\u0159ovac\u00ed e-mail do sv\u00e9 e-mailov\u00e9 schr\u00e1nky nebo do slo\u017eky spamu.<\/li>\n<li>Pokud jste e-mail b\u011bhem n\u011bkolika minut neobdr\u017eeli, zkontrolujte slo\u017eku se spamem, abyste s jistotou zjistili, zda jste jej obdr\u017eeli<\/li>\n<li>Vra\u0165te se na webov\u00e9 str\u00e1nky a zvolte n\u00e1kupn\u00ed ko\u0161\u00edk pro zaplacen\u00ed vstupenek<\/li>\n<li>Vyberte si zp\u016fsob platby a projd\u011bte pokyny k platb\u011b<\/li>\n<\/ul>\n<h2>Jak zaplatit za tiket UK Lottery online<\/h2>\n<p>Pro na\u0161e z\u00e1kazn\u00edky z \u010cesk\u00e9 republiky i odjinud nab\u00edz\u00edme n\u011bkolik r\u016fzn\u00fdch zcela bezpe\u010dn\u00fdch platebn\u00edch metod. M\u016f\u017eete si tak vybrat metodu, kter\u00e1 v\u00e1m nejl\u00e9pe vyhovuje.<br \/>\nVyberte si ze dvou r\u016fzn\u00fdch mo\u017enost\u00ed celkov\u00e9 platby:<\/p>\n<p>Zapla\u0165te za ka\u017edou objedn\u00e1vku preferovanou platbou dle vlastn\u00edho v\u00fdb\u011bru.<br \/>\nVlo\u017eit pen\u00edze na sv\u016fj \u00fa\u010det a pou\u017e\u00edt je k n\u00e1kupu po\u017eadovan\u00fdch vstupenek<\/p>\n<p>Pokud se rozhodnete vlo\u017eit pen\u00edze p\u0159\u00edmo na sv\u016fj \u00fa\u010det, ujist\u011bte se, \u017ee jste vlo\u017eili v\u00edce pen\u011bz, ne\u017e kolik pot\u0159ebujete na vstupenky.<\/p>\n<h2>V\u00edce informac\u00ed o loterii UK Lottery<\/h2>\n<ul>\n<li>Zem\u011b: Loterie ve Spojen\u00e9m kr\u00e1lovstv\u00ed<\/li>\n<li>Rozsah hlavn\u00edch \u010d\u00edsel: 59<\/li>\n<li>Vyb\u00edr\u00e1te: 6<\/li>\n<li>Rozsah dopl\u0148kov\u00fdch \u010d\u00edsel:<\/li>\n<li>Vyb\u00edr\u00e1te: 6:<\/li>\n<li>losovac\u00ed dny, hodiny: St\u0159eda, sobota, , 19:30 UTC, 19:30 CET<\/li>\n<li>Minim\u00e1ln\u00ed jackpot: GBP.<\/li>\n<li>Maxim\u00e1ln\u00ed jackpot: GBP.<\/li>\n<li>Pravd\u011bpodobnost v\u00fdhry jackpotu: 1 ku 45057474<\/li>\n<li>Pravd\u011bpodobnost v\u00fdhry ve 2. \u00farovni: 1 k 7509579<\/li>\n<li>Pravd\u011bpodobnost v\u00fdhry v jak\u00e9koli \u00farovni: 1 ku 9,27<\/li>\n<li>Po\u010det v\u00fdhern\u00edch \u00farovn\u00ed: 6<\/li>\n<\/ul>\n<h2>V\u00fdhody n\u00e1kupu los\u016f britsk\u00e9 loterie online<\/h2>\n<ul>\n<li>Z\u00edskejte losy, kter\u00e9 chcete, ani\u017e byste museli opustit domov<\/li>\n<li>Vybrat si z \u0161irok\u00e9 nab\u00eddky r\u016fzn\u00fdch loterijn\u00edch her<\/li>\n<li>V\u00fdb\u011brem mezi r\u016fzn\u00fdmi hrami z\u00edsk\u00e1te nejlep\u0161\u00ed \u0161ance na vysokou v\u00fdhru.<\/li>\n<li>P\u0159idat si pen\u00edze na sv\u016fj platebn\u00ed \u00fa\u010det a zaplatit za tikety p\u0159\u00edmo na \u00fa\u010det<\/li>\n<li>\u017d\u00e1dn\u00e9 obavy ze ztr\u00e1ty tiket\u016f<\/li>\n<li>Ozn\u00e1men\u00ed o v\u00fdhr\u00e1ch zas\u00edlan\u00e1 p\u0159\u00edmo v\u00e1m<\/li>\n<li>Mo\u017enosti snadn\u00e9ho v\u00fdb\u011bru, pokud si nechcete vyb\u00edrat vlastn\u00ed \u010d\u00edsla<\/li>\n<\/ul>\n<h2>Je leg\u00e1ln\u00ed kupovat losy UK Lottery online?<\/h2>\n<p>Neexistuj\u00ed \u017e\u00e1dn\u00e9 obavy ohledn\u011b leg\u00e1lnosti n\u00e1kupu los\u016f UK Lottery online z \u010cesk\u00e9 republiky nebo tradi\u010dn\u011bj\u0161\u00edm zp\u016fsobem. M\u016f\u017eete si b\u00fdt jisti, \u017ee bez ohledu na to, co se stane, dostanete sv\u00e9 tikety a nebudete se muset ob\u00e1vat ani z\u00edsk\u00e1n\u00ed jackpotu.<\/p>\n<p>Postar\u00e1me se o to, abyste pen\u00edze dostali, ani\u017e byste se museli starat o to, zda je slu\u017eba leg\u00e1ln\u00ed podle zem\u011b va\u0161eho bydli\u0161t\u011b. Jen se ujist\u011bte, \u017ee jste star\u0161\u00ed 18 let, abyste si u n\u00e1s mohli koupit tikety.<\/p>\n<h2>Jak dostanu pen\u00edze, kdy\u017e vyhraju v britsk\u00e9 loterii online?<\/h2>\n<p><img loading=\"lazy\" decoding=\"async\" class=\"alignright size-medium wp-image-3655\" src=\"https:\/\/onlinelotto365.com\/wp-content\/uploads\/2020\/11\/online_lottery-59-300x182.jpg\" alt=\"hr\u00e1t uk lottery online\" width=\"300\" height=\"182\" srcset=\"https:\/\/onlinelotto365.com\/wp-content\/uploads\/2020\/11\/online_lottery-59-300x182.jpg 300w, https:\/\/onlinelotto365.com\/wp-content\/uploads\/2020\/11\/online_lottery-59.jpg 320w\" sizes=\"auto, (max-width: 300px) 100vw, 300px\" \/><br \/>\nV\u00edme, \u017ee z\u00edsk\u00e1n\u00ed v\u00fdplaty je pro v\u00e1s jednou z nejd\u016fle\u017eit\u011bj\u0161\u00edch \u010d\u00e1st\u00ed, a proto chceme zajistit, aby byl proces platby co nejjednodu\u0161\u0161\u00ed. Z va\u0161\u00ed v\u00fdhry si nav\u00edc nestrh\u00e1v\u00e1me \u017e\u00e1dnou provizi, tak\u017ee dostanete ka\u017ed\u00fd kousek toho, co jste vyhr\u00e1li. Jedin\u00fd p\u0159\u00edpad, kdy si \u00fa\u010dtujeme poplatky, je, kdy\u017e po\u017e\u00e1d\u00e1te o bankovn\u00ed p\u0159evod a banka n\u00e1m na\u00fa\u010dtuje poplatek. Tato \u010d\u00e1stka m\u016f\u017ee b\u00fdt p\u0159evedena na v\u00e1s.<br \/>\nJinak se sta\u010d\u00ed pod\u00edvat, co se d\u011bje u va\u0161ich plateb zde:<\/p>\n<ul>\n<li>Platby ni\u017e\u0161\u00ed ne\u017e 2500 EUR budou automaticky vyplaceny na v\u00e1\u0161 \u00fa\u010det. Nemus\u00edte d\u011blat v\u016fbec nic<\/li>\n<li>Platby nad 2500 \u20ac budou vy\u017eadovat formul\u00e1\u0159 \u017e\u00e1dosti, kter\u00fd lze p\u0159edlo\u017eit loterijn\u00ed komisi. Ten v\u00e1m za\u0161le n\u00e1\u0161 t\u00fdm podpory a umo\u017en\u00ed v\u00e1m vybrat si, zda chcete pen\u00edze poslat \u0161ekem nebo bankovn\u00edm p\u0159evodem.<\/li>\n<\/ul>\n","protected":false},"excerpt":{"rendered":"<p>Pokud si chcete koupit losy UK Lottery v \u010cesk\u00e9 republice, nemus\u00edte se ob\u00e1vat, proto\u017ee cel\u00fd proces pro v\u00e1s m\u00e1me p\u0159ipraven\u00fd rychle a snadno. Sta\u010d\u00ed se pod\u00edvat na jednoduch\u00e9 kroky n\u00ed\u017ee a budete p\u0159ipraveni b\u011bhem chvilky. Dosta\u0148te se na spr\u00e1vnou str\u00e1nku pro loterijn\u00ed hru, kterou chcete hr\u00e1t, nap\u0159\u00edklad Loterie UK. A pak si vyberte \u010d\u00edsla, kter\u00e1 [&hellip;]<\/p>\n","protected":false},"author":1,"featured_media":0,"parent":5559,"menu_order":9,"comment_status":"closed","ping_status":"closed","template":"lotto-uk-info.php","meta":{"_et_pb_use_builder":"","_et_pb_old_content":"","_et_gb_content_width":"","exclude_from_search":false,"footnotes":""},"class_list":["post-80339","page","type-page","status-publish","hentry"],"yoast_head":"<!-- This site is optimized with the Yoast SEO plugin v23.4 - https:\/\/yoast.com\/wordpress\/plugins\/seo\/ -->\n<title>Koupit losy pro UK Lottery online z \u010cesk\u00e9 republiky| UK Lottery info, jak nakupovat losy<\/title>\n<meta name=\"description\" content=\"Umo\u017e\u0148ujeme hr\u00e1\u010d\u016fm loterie z \u010cesk\u00e9 republiky zakoupit losy pro UK Lottery.\" \/>\n<meta name=\"robots\" content=\"index, follow, max-snippet:-1, max-image-preview:large, max-video-preview:-1\" \/>\n<link rel=\"canonical\" href=\"https:\/\/onlinelotto365.com\/cs\/koupit-listky\/uk-lottery\/\" \/>\n<meta property=\"og:locale\" content=\"cs_CZ\" \/>\n<meta property=\"og:type\" content=\"article\" \/>\n<meta property=\"og:title\" content=\"Koupit losy pro UK Lottery online z \u010cesk\u00e9 republiky| UK Lottery info, jak nakupovat losy\" \/>\n<meta property=\"og:description\" content=\"Umo\u017e\u0148ujeme hr\u00e1\u010d\u016fm loterie z \u010cesk\u00e9 republiky zakoupit losy pro UK Lottery.\" \/>\n<meta property=\"og:url\" content=\"https:\/\/onlinelotto365.com\/cs\/koupit-listky\/uk-lottery\/\" \/>\n<meta property=\"og:site_name\" content=\"OnlineLotto365\" \/>\n<meta property=\"og:image\" content=\"https:\/\/redfoxlotto.com\/image?size=8&amp;lottery=lotto-uk\" \/>\n<meta name=\"twitter:card\" content=\"summary_large_image\" \/>\n<meta name=\"twitter:label1\" content=\"Odhadovan\u00e1 doba \u010dten\u00ed\" \/>\n\t<meta name=\"twitter:data1\" content=\"3 minuty\" \/>\n<script type=\"application\/ld+json\" class=\"yoast-schema-graph\">{\"@context\":\"https:\/\/schema.org\",\"@graph\":[{\"@type\":\"WebPage\",\"@id\":\"https:\/\/onlinelotto365.com\/cs\/koupit-listky\/uk-lottery\/\",\"url\":\"https:\/\/onlinelotto365.com\/cs\/koupit-listky\/uk-lottery\/\",\"name\":\"Koupit losy pro UK Lottery online z \u010cesk\u00e9 republiky| UK Lottery info, jak nakupovat losy\",\"isPartOf\":{\"@id\":\"https:\/\/onlinelotto365.com\/cs\/#website\"},\"primaryImageOfPage\":{\"@id\":\"https:\/\/onlinelotto365.com\/cs\/koupit-listky\/uk-lottery\/#primaryimage\"},\"image\":{\"@id\":\"https:\/\/onlinelotto365.com\/cs\/koupit-listky\/uk-lottery\/#primaryimage\"},\"thumbnailUrl\":\"https:\/\/redfoxlotto.com\/image?size=8&amp;lottery=lotto-uk\",\"datePublished\":\"2022-11-16T13:31:04+00:00\",\"dateModified\":\"2022-11-16T13:31:04+00:00\",\"description\":\"Umo\u017e\u0148ujeme hr\u00e1\u010d\u016fm loterie z \u010cesk\u00e9 republiky zakoupit losy pro UK Lottery.\",\"breadcrumb\":{\"@id\":\"https:\/\/onlinelotto365.com\/cs\/koupit-listky\/uk-lottery\/#breadcrumb\"},\"inLanguage\":\"cs\",\"potentialAction\":[{\"@type\":\"ReadAction\",\"target\":[\"https:\/\/onlinelotto365.com\/cs\/koupit-listky\/uk-lottery\/\"]}]},{\"@type\":\"ImageObject\",\"inLanguage\":\"cs\",\"@id\":\"https:\/\/onlinelotto365.com\/cs\/koupit-listky\/uk-lottery\/#primaryimage\",\"url\":\"https:\/\/redfoxlotto.com\/image?size=8&amp;lottery=lotto-uk\",\"contentUrl\":\"https:\/\/redfoxlotto.com\/image?size=8&amp;lottery=lotto-uk\"},{\"@type\":\"BreadcrumbList\",\"@id\":\"https:\/\/onlinelotto365.com\/cs\/koupit-listky\/uk-lottery\/#breadcrumb\",\"itemListElement\":[{\"@type\":\"ListItem\",\"position\":1,\"name\":\"Home\",\"item\":\"https:\/\/onlinelotto365.com\/cs\/\"},{\"@type\":\"ListItem\",\"position\":2,\"name\":\"Pro\u010d m\u00e1 v\u011bt\u0161\u00ed smysl kupovat loterijn\u00ed l\u00edstky online\",\"item\":\"https:\/\/onlinelotto365.com\/cs\/buy-tickets\/\"},{\"@type\":\"ListItem\",\"position\":3,\"name\":\"Jak koupit losy UK Lottery online\"}]},{\"@type\":\"WebSite\",\"@id\":\"https:\/\/onlinelotto365.com\/cs\/#website\",\"url\":\"https:\/\/onlinelotto365.com\/cs\/\",\"name\":\"OnlineLotto365\",\"description\":\"\",\"potentialAction\":[{\"@type\":\"SearchAction\",\"target\":{\"@type\":\"EntryPoint\",\"urlTemplate\":\"https:\/\/onlinelotto365.com\/cs\/?s={search_term_string}\"},\"query-input\":{\"@type\":\"PropertyValueSpecification\",\"valueRequired\":true,\"valueName\":\"search_term_string\"}}],\"inLanguage\":\"cs\"}]}<\/script>\n<!-- \/ Yoast SEO plugin. -->","yoast_head_json":{"title":"Koupit losy pro UK Lottery online z \u010cesk\u00e9 republiky| UK Lottery info, jak nakupovat losy","description":"Umo\u017e\u0148ujeme hr\u00e1\u010d\u016fm loterie z \u010cesk\u00e9 republiky zakoupit losy pro UK Lottery.","robots":{"index":"index","follow":"follow","max-snippet":"max-snippet:-1","max-image-preview":"max-image-preview:large","max-video-preview":"max-video-preview:-1"},"canonical":"https:\/\/onlinelotto365.com\/cs\/koupit-listky\/uk-lottery\/","og_locale":"cs_CZ","og_type":"article","og_title":"Koupit losy pro UK Lottery online z \u010cesk\u00e9 republiky| UK Lottery info, jak nakupovat losy","og_description":"Umo\u017e\u0148ujeme hr\u00e1\u010d\u016fm loterie z \u010cesk\u00e9 republiky zakoupit losy pro UK Lottery.","og_url":"https:\/\/onlinelotto365.com\/cs\/koupit-listky\/uk-lottery\/","og_site_name":"OnlineLotto365","og_image":[{"url":"https:\/\/redfoxlotto.com\/image?size=8&amp;lottery=lotto-uk"}],"twitter_card":"summary_large_image","twitter_misc":{"Odhadovan\u00e1 doba \u010dten\u00ed":"3 minuty"},"schema":{"@context":"https:\/\/schema.org","@graph":[{"@type":"WebPage","@id":"https:\/\/onlinelotto365.com\/cs\/koupit-listky\/uk-lottery\/","url":"https:\/\/onlinelotto365.com\/cs\/koupit-listky\/uk-lottery\/","name":"Koupit losy pro UK Lottery online z \u010cesk\u00e9 republiky| UK Lottery info, jak nakupovat losy","isPartOf":{"@id":"https:\/\/onlinelotto365.com\/cs\/#website"},"primaryImageOfPage":{"@id":"https:\/\/onlinelotto365.com\/cs\/koupit-listky\/uk-lottery\/#primaryimage"},"image":{"@id":"https:\/\/onlinelotto365.com\/cs\/koupit-listky\/uk-lottery\/#primaryimage"},"thumbnailUrl":"https:\/\/redfoxlotto.com\/image?size=8&amp;lottery=lotto-uk","datePublished":"2022-11-16T13:31:04+00:00","dateModified":"2022-11-16T13:31:04+00:00","description":"Umo\u017e\u0148ujeme hr\u00e1\u010d\u016fm loterie z \u010cesk\u00e9 republiky zakoupit losy pro UK Lottery.","breadcrumb":{"@id":"https:\/\/onlinelotto365.com\/cs\/koupit-listky\/uk-lottery\/#breadcrumb"},"inLanguage":"cs","potentialAction":[{"@type":"ReadAction","target":["https:\/\/onlinelotto365.com\/cs\/koupit-listky\/uk-lottery\/"]}]},{"@type":"ImageObject","inLanguage":"cs","@id":"https:\/\/onlinelotto365.com\/cs\/koupit-listky\/uk-lottery\/#primaryimage","url":"https:\/\/redfoxlotto.com\/image?size=8&amp;lottery=lotto-uk","contentUrl":"https:\/\/redfoxlotto.com\/image?size=8&amp;lottery=lotto-uk"},{"@type":"BreadcrumbList","@id":"https:\/\/onlinelotto365.com\/cs\/koupit-listky\/uk-lottery\/#breadcrumb","itemListElement":[{"@type":"ListItem","position":1,"name":"Home","item":"https:\/\/onlinelotto365.com\/cs\/"},{"@type":"ListItem","position":2,"name":"Pro\u010d m\u00e1 v\u011bt\u0161\u00ed smysl kupovat loterijn\u00ed l\u00edstky online","item":"https:\/\/onlinelotto365.com\/cs\/buy-tickets\/"},{"@type":"ListItem","position":3,"name":"Jak koupit losy UK Lottery online"}]},{"@type":"WebSite","@id":"https:\/\/onlinelotto365.com\/cs\/#website","url":"https:\/\/onlinelotto365.com\/cs\/","name":"OnlineLotto365","description":"","potentialAction":[{"@type":"SearchAction","target":{"@type":"EntryPoint","urlTemplate":"https:\/\/onlinelotto365.com\/cs\/?s={search_term_string}"},"query-input":{"@type":"PropertyValueSpecification","valueRequired":true,"valueName":"search_term_string"}}],"inLanguage":"cs"}]}},"_links":{"self":[{"href":"https:\/\/onlinelotto365.com\/cs\/wp-json\/wp\/v2\/pages\/80339","targetHints":{"allow":["GET"]}}],"collection":[{"href":"https:\/\/onlinelotto365.com\/cs\/wp-json\/wp\/v2\/pages"}],"about":[{"href":"https:\/\/onlinelotto365.com\/cs\/wp-json\/wp\/v2\/types\/page"}],"author":[{"embeddable":true,"href":"https:\/\/onlinelotto365.com\/cs\/wp-json\/wp\/v2\/users\/1"}],"replies":[{"embeddable":true,"href":"https:\/\/onlinelotto365.com\/cs\/wp-json\/wp\/v2\/comments?post=80339"}],"version-history":[{"count":0,"href":"https:\/\/onlinelotto365.com\/cs\/wp-json\/wp\/v2\/pages\/80339\/revisions"}],"up":[{"embeddable":true,"href":"https:\/\/onlinelotto365.com\/cs\/wp-json\/wp\/v2\/pages\/5559"}],"wp:attachment":[{"href":"https:\/\/onlinelotto365.com\/cs\/wp-json\/wp\/v2\/media?parent=80339"}],"curies":[{"name":"wp","href":"https:\/\/api.w.org\/{rel}","templated":true}]}}