{"id":80375,"date":"2022-11-17T09:35:32","date_gmt":"2022-11-17T08:35:32","guid":{"rendered":"https:\/\/onlinelotto365.com\/?page_id=80375"},"modified":"2022-11-17T09:35:32","modified_gmt":"2022-11-17T08:35:32","slug":"set-for-life","status":"publish","type":"page","link":"https:\/\/onlinelotto365.com\/cs\/koupit-listky\/set-for-life\/","title":{"rendered":"Jak si koupit vstupenky Set for life online"},"content":{"rendered":"<p>Pokud si chcete koupit vstupenky na Set for Life, mus\u00edte v\u011bd\u011bt, jak na to. Pokud \u017eijete v \u010cesk\u00e9 republice, je to pro v\u00e1s snadn\u00e9 a pravd\u011bpodobn\u011b u\u017e budete v\u011bd\u011bt, jak vstupenky z\u00edskat. Ale co hr\u00e1\u010di loterie z jin\u00fdch zem\u00ed, nap\u0159\u00edklad z Austr\u00e1lie? Inu, je to velmi jednoduch\u00fd proces a my v\u00e1m ho m\u016f\u017eeme usnadnit b\u011bhem chvilky. Sta\u010d\u00ed, kdy\u017e budete postupovat podle krok\u016f, kter\u00e9 jsme uvedli n\u00ed\u017ee. Odtud m\u016f\u017eete z\u00edskat tikety, kter\u00e9 chcete pro p\u0159\u00ed\u0161t\u00ed losov\u00e1n\u00ed.<br \/>\n<a href=\"https:\/\/redfoxlotto.com\/play\/set-for-life-uk\/?ref=a8564250a2&amp;medium=ol365\" target=\"_blank\" rel=\"noopener noreferrer\"><img decoding=\"async\" class=\"aligncenter\" src=\"https:\/\/redfoxlotto.com\/image?size=8&amp;lottery=set-for-life-uk\" alt=\"&amp;quot;Set\" \/><\/a><\/p>\n<ul>\n<li>P\u0159ejd\u011bte na str\u00e1nku loterie Set pro \u017eivot a vyberte si po\u010det los\u016f, kter\u00e9 chcete, a vyberte \u010d\u00edsla, kter\u00e1 chcete pro ka\u017ed\u00fd z t\u011bchto los\u016f.<\/li>\n<li>Vyberte si dal\u0161\u00ed losy pro hru Set pro \u017eivot nebo jin\u00e9 loterie, abyste naplnili sv\u016fj ko\u0161\u00edk.<\/li>\n<li>Vyberte mo\u017enost zaplatit nyn\u00ed<\/li>\n<li>Postupujte podle pokyn\u016f a p\u0159ihlaste se ke sv\u00e9mu \u00fa\u010dtu nebo projd\u011bte procesem vytvo\u0159en\u00ed nov\u00e9ho \u00fa\u010dtu.<\/li>\n<li>Dokon\u010dete proces ov\u011b\u0159en\u00ed tak, \u017ee vstoup\u00edte do sv\u00e9ho \u00fa\u010dtu a kliknete na odkaz v e-mailu.<\/li>\n<li>Pokud se e-mail nezobraz\u00ed ve va\u0161\u00ed schr\u00e1nce, zkontrolujte slo\u017eku se spamem a ujist\u011bte se, \u017ee jste jej obdr\u017eeli.<\/li>\n<li>Po ov\u011b\u0159en\u00ed \u00fa\u010dtu p\u0159ejd\u011bte do n\u00e1kupn\u00edho ko\u0161\u00edku na webov\u00fdch str\u00e1nk\u00e1ch.<\/li>\n<li>Vyberte si preferovan\u00fd zp\u016fsob platby a projd\u011bte procesem platby<\/li>\n<\/ul>\n<h2>Jak zaplatit za vstupenku Set for life online<\/h2>\n<p>Pokud jde o placen\u00ed vstupenek, zjist\u00edte, \u017ee je nejen snadn\u00e9, ale tak\u00e9 zcela bezpe\u010dn\u00e9 a nab\u00edz\u00ed v\u00e1m spoustu mo\u017enost\u00ed.<br \/>\nVyberte si, zda chcete za vstupenky zaplatit:<\/p>\n<p>p\u0159\u00edm\u00fdm n\u00e1kupem pomoc\u00ed zvolen\u00e9 platebn\u00ed metody<br \/>\nVlo\u017een\u00edm pen\u011bz na \u00fa\u010det a jejich pou\u017eit\u00edm k n\u00e1kupu<\/p>\n<p>Pokud se rozhodnete vlo\u017eit pen\u00edze na sv\u016fj \u00fa\u010det, ujist\u011bte se, \u017ee jste vlo\u017eili tak\u00e9 n\u011bco nav\u00edc, aby va\u0161e volba platby pro\u0161la.<\/p>\n<h2>V\u00edce informac\u00ed o slu\u017eb\u011b Set for life<\/h2>\n<ul>\n<li>Zem\u011b: \u010cesk\u00e1 republika<\/li>\n<li>Rozsah hlavn\u00edch \u010d\u00edsel: 45<\/li>\n<li>Vyberete si: 5<\/li>\n<li>Rozsah dopl\u0148kov\u00fdch \u010d\u00edsel: 10<\/li>\n<li>Vyb\u00edr\u00e1te: 1<\/li>\n<li>Losovac\u00ed dny, hodiny: Pond\u011bl\u00ed, \u010dtvrtek, 20:00 GMT, 21:00 CET<\/li>\n<li>Minim\u00e1ln\u00ed jackpot:<\/li>\n<li>Maxim\u00e1ln\u00ed jackpot: 1:<\/li>\n<li>Pravd\u011bpodobnost v\u00fdhry: 1 ku 15339390<\/li>\n<li>Pravd\u011bpodobnost v\u00fdhry ve 2. \u00farovni: Pravd\u011bpodobnost v\u00fdhry jackpotu: 1 ku 1704377<\/li>\n<li>Pravd\u011bpodobnost v\u00fdhry v jak\u00e9koli \u00farovni: 1 ku 12,4<\/li>\n<li>Po\u010det v\u00fdhern\u00edch \u00farovn\u00ed: 8<\/li>\n<\/ul>\n<h2>V\u00fdhody n\u00e1kupu tiket\u016f Set for life online<\/h2>\n<ul>\n<li>Pro n\u00e1kup tiket\u016f nemus\u00edte opou\u0161t\u011bt sv\u016fj domov<\/li>\n<li>Nejste omezeni na hran\u00ed loteri\u00ed z Austr\u00e1lie<\/li>\n<li>M\u016f\u017eete si vybrat z \u0159ady r\u016fzn\u00fdch loteri\u00ed z cel\u00e9ho sv\u011bta<\/li>\n<li>Vyberte si hry s nejvy\u0161\u0161\u00edmi jackpoty, abyste zv\u00fd\u0161ili sv\u00e9 \u0161ance<\/li>\n<li>Pou\u017eijte z\u016fstatek na sv\u00e9m \u00fa\u010dtu k n\u00e1kupu po\u017eadovan\u00fdch los\u016f<\/li>\n<li>M\u011bjte v\u017edy p\u0159ehled o sv\u00fdch tiketech<\/li>\n<li>Z\u00edskejte ozn\u00e1men\u00ed, pokud je v\u00e1\u0161 tiket v\u00fdhern\u00ed<\/li>\n<li>S rychl\u00fdmi v\u00fdb\u011bry si nemus\u00edte d\u011blat starosti s v\u00fdb\u011brem mo\u017enost\u00ed tiket\u016f<\/li>\n<\/ul>\n<h2>Je n\u00e1kup tiket\u016f Set for life online leg\u00e1ln\u00ed?<\/h2>\n<p>Nemus\u00edte se ob\u00e1vat leg\u00e1lnosti n\u00e1kupu vstupenek online ani tradi\u010dn\u00edm zp\u016fsobem. M\u016f\u017eete se pohodln\u011b usadit a v\u011b\u0159it, \u017ee se postar\u00e1me o dodr\u017eov\u00e1n\u00ed v\u0161ech p\u0159edpis\u016f zem\u011b, ze kter\u00e9 tyto hry poch\u00e1zej\u00ed. Jedin\u00e9, co mus\u00edte ud\u011blat, je koupit si tiket a my v\u00e1m zaru\u010d\u00edme, \u017ee pokud m\u00e1te n\u00e1rok na v\u00fdhru, v\u010detn\u011b jackpotu, z\u00edsk\u00e1te ji.<br \/>\nAbyste mohli pou\u017e\u00edvat na\u0161e webov\u00e9 str\u00e1nky, mus\u00ed v\u00e1m b\u00fdt alespo\u0148 18 let.<\/p>\n<h2>Jak dostanu v\u00fdplatu, kdy\u017e vyhraji online S\u00e1zku o \u017eivot?<\/h2>\n<p>Kdy\u017e n\u011bco vyhrajete, chcete dostat vyplacen\u00fd ka\u017ed\u00fd cent, kter\u00fd v\u00e1m n\u00e1le\u017e\u00ed, a p\u0159esn\u011b to d\u011bl\u00e1me. Db\u00e1me na to, abyste v\u017edy dostali v\u0161echny pen\u00edze bez proviz\u00ed a bez poplatk\u016f, kter\u00e9 by byly \u00fa\u010dtov\u00e1ny k va\u0161\u00ed v\u00fdh\u0159e.<br \/>\nJedin\u00fd p\u0159\u00edpad, kdy mus\u00edte n\u011bco platit, je, kdy\u017e se rozhodnete pro bankovn\u00ed p\u0159evod. Pokud n\u00e1m banka na\u00fa\u010dtuje pen\u00edze, co\u017e se u mezin\u00e1rodn\u00edch p\u0159evod\u016f m\u016f\u017ee st\u00e1t, pak poplatek strhneme z va\u0161eho \u00fa\u010dtu. To je jedin\u00fd d\u016fvod, pro\u010d si z va\u0161ich v\u00fdher n\u011bco strh\u00e1v\u00e1me.<br \/>\nA pokud vyhrajete, dostanete sv\u00e9 pen\u00edze jen jedn\u00edm z n\u011bkolika zp\u016fsob\u016f:<\/p>\n<ul>\n<li>Jak\u00e1koli \u010d\u00e1stka ni\u017e\u0161\u00ed ne\u017e 2500 EUR je snadn\u00e1, proto\u017ee n\u00e1\u0161 t\u00fdm podpory v\u00e1m pen\u00edze p\u0159evede p\u0159\u00edmo na v\u00e1\u0161 \u00fa\u010det.<\/li>\n<li>Jak\u00e1koli \u010d\u00e1stka nad 2500 \u20ac pro v\u00e1s bude st\u00e1le snadn\u00e1, proto\u017ee n\u00e1\u0161 t\u00fdm podpory v\u00e1m s t\u00edmto procesem pom\u016f\u017ee. Dostanete od n\u00e1s formul\u00e1\u0159 \u017e\u00e1dosti, kter\u00fd m\u016f\u017eete vyplnit a sd\u011blit n\u00e1m, zda chcete pen\u00edze p\u0159ev\u00e9st na \u00fa\u010det va\u0161\u00ed banky, nebo je poslat jako \u0161ek.<\/li>\n<\/ul>\n","protected":false},"excerpt":{"rendered":"<p>Pokud si chcete koupit vstupenky na Set for Life, mus\u00edte v\u011bd\u011bt, jak na to. Pokud \u017eijete v \u010cesk\u00e9 republice, je to pro v\u00e1s snadn\u00e9 a pravd\u011bpodobn\u011b u\u017e budete v\u011bd\u011bt, jak vstupenky z\u00edskat. Ale co hr\u00e1\u010di loterie z jin\u00fdch zem\u00ed, nap\u0159\u00edklad z Austr\u00e1lie? Inu, je to velmi jednoduch\u00fd proces a my v\u00e1m ho m\u016f\u017eeme usnadnit b\u011bhem [&hellip;]<\/p>\n","protected":false},"author":1,"featured_media":0,"parent":5559,"menu_order":10,"comment_status":"closed","ping_status":"closed","template":"set-for-life-info.php","meta":{"_et_pb_use_builder":"","_et_pb_old_content":"","_et_gb_content_width":"","exclude_from_search":false,"footnotes":""},"class_list":["post-80375","page","type-page","status-publish","hentry"],"yoast_head":"<!-- This site is optimized with the Yoast SEO plugin v23.4 - https:\/\/yoast.com\/wordpress\/plugins\/seo\/ -->\n<title>Koupit vstupenky na Set for life online z Austr\u00e1lie | Informace o loterii Set for life, jak nakupovat vstupenky<\/title>\n<meta name=\"description\" content=\"Loterii Set for life lze vyhr\u00e1t z Austr\u00e1lie - kupte si losy online zde\" \/>\n<meta name=\"robots\" content=\"index, follow, max-snippet:-1, max-image-preview:large, max-video-preview:-1\" \/>\n<link rel=\"canonical\" href=\"https:\/\/onlinelotto365.com\/cs\/koupit-listky\/set-for-life\/\" \/>\n<meta property=\"og:locale\" content=\"cs_CZ\" \/>\n<meta property=\"og:type\" content=\"article\" \/>\n<meta property=\"og:title\" content=\"Koupit vstupenky na Set for life online z Austr\u00e1lie | Informace o loterii Set for life, jak nakupovat vstupenky\" \/>\n<meta property=\"og:description\" content=\"Loterii Set for life lze vyhr\u00e1t z Austr\u00e1lie - kupte si losy online zde\" \/>\n<meta property=\"og:url\" content=\"https:\/\/onlinelotto365.com\/cs\/koupit-listky\/set-for-life\/\" \/>\n<meta property=\"og:site_name\" content=\"OnlineLotto365\" \/>\n<meta property=\"og:image\" content=\"https:\/\/redfoxlotto.com\/image?size=8&amp;lottery=set-for-life-uk\" \/>\n<meta name=\"twitter:card\" content=\"summary_large_image\" \/>\n<meta name=\"twitter:label1\" content=\"Odhadovan\u00e1 doba \u010dten\u00ed\" \/>\n\t<meta name=\"twitter:data1\" content=\"3 minuty\" \/>\n<script type=\"application\/ld+json\" class=\"yoast-schema-graph\">{\"@context\":\"https:\/\/schema.org\",\"@graph\":[{\"@type\":\"WebPage\",\"@id\":\"https:\/\/onlinelotto365.com\/cs\/koupit-listky\/set-for-life\/\",\"url\":\"https:\/\/onlinelotto365.com\/cs\/koupit-listky\/set-for-life\/\",\"name\":\"Koupit vstupenky na Set for life online z Austr\u00e1lie | Informace o loterii Set for life, jak nakupovat vstupenky\",\"isPartOf\":{\"@id\":\"https:\/\/onlinelotto365.com\/cs\/#website\"},\"primaryImageOfPage\":{\"@id\":\"https:\/\/onlinelotto365.com\/cs\/koupit-listky\/set-for-life\/#primaryimage\"},\"image\":{\"@id\":\"https:\/\/onlinelotto365.com\/cs\/koupit-listky\/set-for-life\/#primaryimage\"},\"thumbnailUrl\":\"https:\/\/redfoxlotto.com\/image?size=8&amp;lottery=set-for-life-uk\",\"datePublished\":\"2022-11-17T08:35:32+00:00\",\"dateModified\":\"2022-11-17T08:35:32+00:00\",\"description\":\"Loterii Set for life lze vyhr\u00e1t z Austr\u00e1lie - kupte si losy online zde\",\"breadcrumb\":{\"@id\":\"https:\/\/onlinelotto365.com\/cs\/koupit-listky\/set-for-life\/#breadcrumb\"},\"inLanguage\":\"cs\",\"potentialAction\":[{\"@type\":\"ReadAction\",\"target\":[\"https:\/\/onlinelotto365.com\/cs\/koupit-listky\/set-for-life\/\"]}]},{\"@type\":\"ImageObject\",\"inLanguage\":\"cs\",\"@id\":\"https:\/\/onlinelotto365.com\/cs\/koupit-listky\/set-for-life\/#primaryimage\",\"url\":\"https:\/\/redfoxlotto.com\/image?size=8&amp;lottery=set-for-life-uk\",\"contentUrl\":\"https:\/\/redfoxlotto.com\/image?size=8&amp;lottery=set-for-life-uk\"},{\"@type\":\"BreadcrumbList\",\"@id\":\"https:\/\/onlinelotto365.com\/cs\/koupit-listky\/set-for-life\/#breadcrumb\",\"itemListElement\":[{\"@type\":\"ListItem\",\"position\":1,\"name\":\"Home\",\"item\":\"https:\/\/onlinelotto365.com\/cs\/\"},{\"@type\":\"ListItem\",\"position\":2,\"name\":\"Pro\u010d m\u00e1 v\u011bt\u0161\u00ed smysl kupovat loterijn\u00ed l\u00edstky online\",\"item\":\"https:\/\/onlinelotto365.com\/cs\/buy-tickets\/\"},{\"@type\":\"ListItem\",\"position\":3,\"name\":\"Jak si koupit vstupenky Set for life online\"}]},{\"@type\":\"WebSite\",\"@id\":\"https:\/\/onlinelotto365.com\/cs\/#website\",\"url\":\"https:\/\/onlinelotto365.com\/cs\/\",\"name\":\"OnlineLotto365\",\"description\":\"\",\"potentialAction\":[{\"@type\":\"SearchAction\",\"target\":{\"@type\":\"EntryPoint\",\"urlTemplate\":\"https:\/\/onlinelotto365.com\/cs\/?s={search_term_string}\"},\"query-input\":{\"@type\":\"PropertyValueSpecification\",\"valueRequired\":true,\"valueName\":\"search_term_string\"}}],\"inLanguage\":\"cs\"}]}<\/script>\n<!-- \/ Yoast SEO plugin. -->","yoast_head_json":{"title":"Koupit vstupenky na Set for life online z Austr\u00e1lie | Informace o loterii Set for life, jak nakupovat vstupenky","description":"Loterii Set for life lze vyhr\u00e1t z Austr\u00e1lie - kupte si losy online zde","robots":{"index":"index","follow":"follow","max-snippet":"max-snippet:-1","max-image-preview":"max-image-preview:large","max-video-preview":"max-video-preview:-1"},"canonical":"https:\/\/onlinelotto365.com\/cs\/koupit-listky\/set-for-life\/","og_locale":"cs_CZ","og_type":"article","og_title":"Koupit vstupenky na Set for life online z Austr\u00e1lie | Informace o loterii Set for life, jak nakupovat vstupenky","og_description":"Loterii Set for life lze vyhr\u00e1t z Austr\u00e1lie - kupte si losy online zde","og_url":"https:\/\/onlinelotto365.com\/cs\/koupit-listky\/set-for-life\/","og_site_name":"OnlineLotto365","og_image":[{"url":"https:\/\/redfoxlotto.com\/image?size=8&amp;lottery=set-for-life-uk"}],"twitter_card":"summary_large_image","twitter_misc":{"Odhadovan\u00e1 doba \u010dten\u00ed":"3 minuty"},"schema":{"@context":"https:\/\/schema.org","@graph":[{"@type":"WebPage","@id":"https:\/\/onlinelotto365.com\/cs\/koupit-listky\/set-for-life\/","url":"https:\/\/onlinelotto365.com\/cs\/koupit-listky\/set-for-life\/","name":"Koupit vstupenky na Set for life online z Austr\u00e1lie | Informace o loterii Set for life, jak nakupovat vstupenky","isPartOf":{"@id":"https:\/\/onlinelotto365.com\/cs\/#website"},"primaryImageOfPage":{"@id":"https:\/\/onlinelotto365.com\/cs\/koupit-listky\/set-for-life\/#primaryimage"},"image":{"@id":"https:\/\/onlinelotto365.com\/cs\/koupit-listky\/set-for-life\/#primaryimage"},"thumbnailUrl":"https:\/\/redfoxlotto.com\/image?size=8&amp;lottery=set-for-life-uk","datePublished":"2022-11-17T08:35:32+00:00","dateModified":"2022-11-17T08:35:32+00:00","description":"Loterii Set for life lze vyhr\u00e1t z Austr\u00e1lie - kupte si losy online zde","breadcrumb":{"@id":"https:\/\/onlinelotto365.com\/cs\/koupit-listky\/set-for-life\/#breadcrumb"},"inLanguage":"cs","potentialAction":[{"@type":"ReadAction","target":["https:\/\/onlinelotto365.com\/cs\/koupit-listky\/set-for-life\/"]}]},{"@type":"ImageObject","inLanguage":"cs","@id":"https:\/\/onlinelotto365.com\/cs\/koupit-listky\/set-for-life\/#primaryimage","url":"https:\/\/redfoxlotto.com\/image?size=8&amp;lottery=set-for-life-uk","contentUrl":"https:\/\/redfoxlotto.com\/image?size=8&amp;lottery=set-for-life-uk"},{"@type":"BreadcrumbList","@id":"https:\/\/onlinelotto365.com\/cs\/koupit-listky\/set-for-life\/#breadcrumb","itemListElement":[{"@type":"ListItem","position":1,"name":"Home","item":"https:\/\/onlinelotto365.com\/cs\/"},{"@type":"ListItem","position":2,"name":"Pro\u010d m\u00e1 v\u011bt\u0161\u00ed smysl kupovat loterijn\u00ed l\u00edstky online","item":"https:\/\/onlinelotto365.com\/cs\/buy-tickets\/"},{"@type":"ListItem","position":3,"name":"Jak si koupit vstupenky Set for life online"}]},{"@type":"WebSite","@id":"https:\/\/onlinelotto365.com\/cs\/#website","url":"https:\/\/onlinelotto365.com\/cs\/","name":"OnlineLotto365","description":"","potentialAction":[{"@type":"SearchAction","target":{"@type":"EntryPoint","urlTemplate":"https:\/\/onlinelotto365.com\/cs\/?s={search_term_string}"},"query-input":{"@type":"PropertyValueSpecification","valueRequired":true,"valueName":"search_term_string"}}],"inLanguage":"cs"}]}},"_links":{"self":[{"href":"https:\/\/onlinelotto365.com\/cs\/wp-json\/wp\/v2\/pages\/80375","targetHints":{"allow":["GET"]}}],"collection":[{"href":"https:\/\/onlinelotto365.com\/cs\/wp-json\/wp\/v2\/pages"}],"about":[{"href":"https:\/\/onlinelotto365.com\/cs\/wp-json\/wp\/v2\/types\/page"}],"author":[{"embeddable":true,"href":"https:\/\/onlinelotto365.com\/cs\/wp-json\/wp\/v2\/users\/1"}],"replies":[{"embeddable":true,"href":"https:\/\/onlinelotto365.com\/cs\/wp-json\/wp\/v2\/comments?post=80375"}],"version-history":[{"count":0,"href":"https:\/\/onlinelotto365.com\/cs\/wp-json\/wp\/v2\/pages\/80375\/revisions"}],"up":[{"embeddable":true,"href":"https:\/\/onlinelotto365.com\/cs\/wp-json\/wp\/v2\/pages\/5559"}],"wp:attachment":[{"href":"https:\/\/onlinelotto365.com\/cs\/wp-json\/wp\/v2\/media?parent=80375"}],"curies":[{"name":"wp","href":"https:\/\/api.w.org\/{rel}","templated":true}]}}