{"id":80427,"date":"2022-11-17T13:40:07","date_gmt":"2022-11-17T12:40:07","guid":{"rendered":"https:\/\/onlinelotto365.com\/?page_id=80427"},"modified":"2022-11-17T13:40:07","modified_gmt":"2022-11-17T12:40:07","slug":"german-lotto","status":"publish","type":"page","link":"https:\/\/onlinelotto365.com\/cs\/koupit-listky\/german-lotto\/","title":{"rendered":"Jak koupit vstupenky online pro n\u011bmeck\u00e9 Lotto"},"content":{"rendered":"<p>Nejste si jisti, jak koupit n\u011bmeck\u00e9 losy Lotto online? Pak jste na spr\u00e1vn\u00e9m m\u00edst\u011b, proto\u017ee v\u00e1s provedeme superjednoduch\u00fdm postupem, jak se od touhy po losu v \u010cesk\u00e9 republice dostat a\u017e k \u010dek\u00e1n\u00ed na losov\u00e1n\u00ed, abyste zjistili, zda jste vyhr\u00e1li n\u011bco velk\u00e9ho.<br \/>\n<a href=\"https:\/\/redfoxlotto.com\/play\/lotto-6aus49\/?ref=a8564250a2&amp;medium=ol365\" target=\"_blank\" rel=\"noopener noreferrer\"><img decoding=\"async\" class=\"aligncenter\" src=\"https:\/\/redfoxlotto.com\/image?size=8&amp;lottery=lotto-6aus49\" alt=\"N\u011bmeck\u00e9 Lotto 6aus49\" \/><\/a><\/p>\n<ul>\n<li>P\u0159ejd\u011bte na webovou str\u00e1nku loterie, kterou chcete hr\u00e1t, a vyberte si po\u010det los\u016f, kter\u00e9 chcete, a \u010d\u00edsla, kter\u00e1 chcete hr\u00e1t.<\/li>\n<li>Po\u0159i\u010fte si tolik tiket\u016f, kolik chcete pro tuto hru a v\u0161echny ostatn\u00ed.<\/li>\n<li>Klikn\u011bte na tla\u010d\u00edtko a zapla\u0165te<\/li>\n<li>P\u0159ihlaste se ke sv\u00e9mu st\u00e1vaj\u00edc\u00edmu \u00fa\u010dtu a prove\u010fte platbu nebo si vytvo\u0159te nov\u00fd \u00fa\u010det a dokon\u010dete proces registrace.<\/li>\n<li>Ti, kte\u0159\u00ed si pot\u0159ebuj\u00ed vytvo\u0159it \u00fa\u010det, jej budou muset tak\u00e9 ov\u011b\u0159it ze sv\u00e9ho e-mailov\u00e9ho \u00fa\u010dtu<\/li>\n<li>Ujist\u011bte se, \u017ee jste se pod\u00edvali do slo\u017eky doru\u010den\u00e9 po\u0161ty i do slo\u017eky nevy\u017e\u00e1dan\u00e9 po\u0161ty, zda je e-mail odesl\u00e1n tam, a klikn\u011bte na odkaz<\/li>\n<li>Po ov\u011b\u0159en\u00ed \u00fa\u010dtu p\u0159ejd\u011bte do n\u00e1kupn\u00edho ko\u0161\u00edku a nakupte zbo\u017e\u00ed<\/li>\n<li>Projd\u011bte platebn\u00edm procesem podle pokyn\u016f, kter\u00e9 jsou k dispozici<\/li>\n<\/ul>\n<h2>Jak zaplatit za tiket German Lotto online<\/h2>\n<p>A\u017e p\u0159ijde \u010das zaplatit za tikety, m\u016f\u017eete si vybrat z n\u011bkolika r\u016fzn\u00fdch zcela bezpe\u010dn\u00fdch zp\u016fsob\u016f platby.<br \/>\nKa\u017ed\u00e1 z t\u011bchto mo\u017enost\u00ed spad\u00e1 do jedn\u00e9 ze dvou r\u016fzn\u00fdch kategori\u00ed:<\/p>\n<p>Zapla\u0165te za sv\u00e9 tikety zad\u00e1n\u00edm platebn\u00ed metody v okam\u017eiku n\u00e1kupu.<br \/>\nZaplatit za vstupenky p\u0159ips\u00e1n\u00edm pen\u011bz na sv\u016fj hr\u00e1\u010dsk\u00fd \u00fa\u010det a jejich pou\u017eit\u00edm p\u0159i n\u00e1kupu.<\/p>\n<p>Pokud p\u0159id\u00e1v\u00e1te pen\u00edze na sv\u016fj \u00fa\u010det, ujist\u011bte se, \u017ee jich p\u0159id\u00e1v\u00e1te tolik, aby v\u00edce ne\u017e pokryly n\u00e1klady na aktu\u00e1ln\u00ed transakci, aby byla schv\u00e1lena.<\/p>\n<h2>Dal\u0161\u00ed informace o n\u011bmeck\u00e9m Lotto<\/h2>\n<ul>\n<li>N\u011bmecko<\/li>\n<li>Rozsah hlavn\u00edch \u010d\u00edsel: 49<\/li>\n<li>Va\u0161e tipy: 6<\/li>\n<li>Dal\u0161\u00ed \u010d\u00edslo bude vybr\u00e1no automaticky<\/li>\n<li>Dny losov\u00e1n\u00ed, hodiny: Sobota, 20:25 SE\u010c, 20:25 SE\u010c<\/li>\n<li>Minim\u00e1ln\u00ed jackpot: 1 milion eur<\/li>\n<li>Maxim\u00e1ln\u00ed jackpot: po 12 taz\u00edch<\/li>\n<li>Pravd\u011bpodobnost v\u00fdhry jackpotu: 1 ku 125854344<\/li>\n<li>Pravd\u011bpodobnost v\u00fdhry ve 2. \u00farovni: 1 z 13983816<\/li>\n<li>Pravd\u011bpodobnost v\u00fdhry v jak\u00e9mkoli stupni: 1 ku 31<\/li>\n<li>Po\u010det v\u00fdhern\u00edch \u00farovn\u00ed: 9<\/li>\n<\/ul>\n<h2>V\u00fdhody n\u00e1kupu n\u011bmeck\u00fdch los\u016f Lotto online<\/h2>\n<ul>\n<li>Z\u00edskejte tikety z pohodl\u00ed domova<\/li>\n<li>Z\u00edskat v\u0161echny typy loterijn\u00edch her, kter\u00e9 chcete<\/li>\n<li>Spr\u00e1vn\u00fdm v\u00fdb\u011brem her z\u00edsk\u00e1te v\u011bt\u0161\u00ed \u0161ance na nejlep\u0161\u00ed v\u00fdhry<\/li>\n<li>Z\u00edskejte snadn\u00e9 mo\u017enosti platby p\u0159id\u00e1n\u00edm pen\u011bz k n\u00e1kupu p\u0159\u00edmo na sv\u016fj hr\u00e1\u010dsk\u00fd \u00fa\u010det<\/li>\n<li>Z\u00edskejte snadn\u00e9 ukl\u00e1d\u00e1n\u00ed v\u0161ech sv\u00fdch los\u016f loterie<\/li>\n<li>Z\u00edskejte okam\u017eit\u00e9 upozorn\u011bn\u00ed na v\u00fdhry<\/li>\n<li>Z\u00edskejte snadn\u00e9 mo\u017enosti v\u00fdb\u011bru, abyste nemuseli vyb\u00edrat \u010d\u00edsla<\/li>\n<\/ul>\n<h2>Je leg\u00e1ln\u00ed kupovat n\u011bmeck\u00e9 losy Lotto online?<\/h2>\n<p>Pokud jste m\u011bli obavy z n\u00e1kupu tiket\u016f online, proto\u017ee jste v \u010cesk\u00e9 republice a nezn\u00e1te pravidla, nemus\u00edte se ob\u00e1vat. Pom\u016f\u017eeme v\u00e1m zbavit se n\u011bkter\u00fdch starost\u00ed, proto\u017ee db\u00e1me na to, aby byly dodr\u017eeny v\u0161echny p\u0159edpisy pro zemi, ze kter\u00e9 loterie poch\u00e1z\u00ed.<br \/>\nTo v\u00e1m pom\u016f\u017ee c\u00edtit se jist\u011bji a zajist\u00ed, \u017ee v\u0161echny pen\u00edze, kter\u00e9 vyhrajete, zaru\u010den\u011b p\u0159ipadnou p\u0159\u00edmo v\u00e1m.<br \/>\nJedin\u00fdm pravidlem je, \u017ee mus\u00edte b\u00fdt star\u0161\u00ed 18 let, abyste mohli hr\u00e1t.<\/p>\n<h2>Jak dostanu pen\u00edze, kdy\u017e vyhraji n\u011bmeck\u00e9 Lotto online?<\/h2>\n<p><img loading=\"lazy\" decoding=\"async\" class=\"alignright wp-image-3633\" src=\"https:\/\/onlinelotto365.com\/wp-content\/uploads\/2020\/11\/online_lottery-41-300x102.jpg\" alt=\"N\u011bmeck\u00e9 lotto online uk\" width=\"376\" height=\"128\" srcset=\"https:\/\/onlinelotto365.com\/wp-content\/uploads\/2020\/11\/online_lottery-41-300x102.jpg 300w, https:\/\/onlinelotto365.com\/wp-content\/uploads\/2020\/11\/online_lottery-41.jpg 593w\" sizes=\"auto, (max-width: 376px) 100vw, 376px\" \/><br \/>\nPokud jde o z\u00edsk\u00e1n\u00ed v\u00fdhry, u\u017e v\u00edme, \u017ee se nechcete ob\u011btovat. Chcete z\u00edskat v\u0161echny pen\u00edze, na kter\u00e9 m\u00e1te n\u00e1rok, a my v\u00e1m s t\u00edm m\u016f\u017eeme pomoci. Ve skute\u010dnosti m\u016f\u017eeme za\u010d\u00edt hned, proto\u017ee si z va\u0161\u00ed v\u00fdhry nebereme \u017e\u00e1dnou provizi.<\/p>\n<p>Nebudeme v\u00e1m tak\u00e9 \u00fa\u010dtovat \u017e\u00e1dn\u00e9 poplatky. P\u0159esn\u011b tak, pokud se nerozhodnete nechat si pen\u00edze p\u0159ev\u00e9st do va\u0161\u00ed banky, nebudeme v\u00e1m \u00fa\u010dtovat \u017e\u00e1dn\u00fd poplatek za nic, co ud\u011bl\u00e1me. Pokud se rozhodnete pro bankovn\u00ed p\u0159evod, \u00fa\u010dtujeme si poplatek, proto\u017ee va\u0161e banka si \u00fa\u010dtuje poplatek.<\/p>\n<p><strong>Co se stane, kdy\u017e vyhrajete:<\/strong><\/p>\n<ul>\n<li>Pro ty, kte\u0159\u00ed vyhraj\u00ed m\u00e9n\u011b ne\u017e 2500 EUR, nemus\u00edte d\u011blat nic. O v\u0161e se postar\u00e1me my, a to tak, \u017ee v\u00e1m pen\u00edze po\u0161leme na \u00fa\u010det.<\/li>\n<li>T\u011bm, kte\u0159\u00ed vyhraj\u00ed v\u00edce ne\u017e 2500 \u20ac, za\u0161le n\u00e1\u0161 t\u00fdm podpory formul\u00e1\u0159 pro uplatn\u011bn\u00ed n\u00e1roku. V tomto formul\u00e1\u0159i se m\u016f\u017eete rozhodnout, zda chcete, aby v\u00e1m byla v\u00fdhra vyplacena \u0161ekem nebo bankovn\u00edm p\u0159evodem. Pak u\u017e se m\u016f\u017eete jen pohodln\u011b usadit a \u010dekat, a\u017e v\u00e1m pen\u00edze za p\u00e1r dn\u00ed p\u0159ijdou.<\/li>\n<\/ul>\n","protected":false},"excerpt":{"rendered":"<p>Nejste si jisti, jak koupit n\u011bmeck\u00e9 losy Lotto online? Pak jste na spr\u00e1vn\u00e9m m\u00edst\u011b, proto\u017ee v\u00e1s provedeme superjednoduch\u00fdm postupem, jak se od touhy po losu v \u010cesk\u00e9 republice dostat a\u017e k \u010dek\u00e1n\u00ed na losov\u00e1n\u00ed, abyste zjistili, zda jste vyhr\u00e1li n\u011bco velk\u00e9ho. P\u0159ejd\u011bte na webovou str\u00e1nku loterie, kterou chcete hr\u00e1t, a vyberte si po\u010det los\u016f, kter\u00e9 [&hellip;]<\/p>\n","protected":false},"author":1,"featured_media":0,"parent":5559,"menu_order":11,"comment_status":"closed","ping_status":"closed","template":"lotto-german-info.php","meta":{"_et_pb_use_builder":"","_et_pb_old_content":"","_et_gb_content_width":"","exclude_from_search":false,"footnotes":""},"class_list":["post-80427","page","type-page","status-publish","hentry"],"yoast_head":"<!-- This site is optimized with the Yoast SEO plugin v23.4 - https:\/\/yoast.com\/wordpress\/plugins\/seo\/ -->\n<title>Nyn\u00ed koupit n\u011bmeck\u00e9 Lotto vstupenky online z \u010cesk\u00e9 republiky<\/title>\n<meta name=\"description\" content=\"Pokud \u017eijete v \u010cesk\u00e9 republice, m\u016f\u017eete si st\u00e1le koupit losy n\u011bmeck\u00e9ho lota online\" \/>\n<meta name=\"robots\" content=\"index, follow, max-snippet:-1, max-image-preview:large, max-video-preview:-1\" \/>\n<link rel=\"canonical\" href=\"https:\/\/onlinelotto365.com\/cs\/koupit-listky\/german-lotto\/\" \/>\n<meta property=\"og:locale\" content=\"cs_CZ\" \/>\n<meta property=\"og:type\" content=\"article\" \/>\n<meta property=\"og:title\" content=\"Nyn\u00ed koupit n\u011bmeck\u00e9 Lotto vstupenky online z \u010cesk\u00e9 republiky\" \/>\n<meta property=\"og:description\" content=\"Pokud \u017eijete v \u010cesk\u00e9 republice, m\u016f\u017eete si st\u00e1le koupit losy n\u011bmeck\u00e9ho lota online\" \/>\n<meta property=\"og:url\" content=\"https:\/\/onlinelotto365.com\/cs\/koupit-listky\/german-lotto\/\" \/>\n<meta property=\"og:site_name\" content=\"OnlineLotto365\" \/>\n<meta property=\"og:image\" content=\"https:\/\/redfoxlotto.com\/image?size=8&amp;lottery=lotto-6aus49\" \/>\n<meta name=\"twitter:card\" content=\"summary_large_image\" \/>\n<meta name=\"twitter:label1\" content=\"Odhadovan\u00e1 doba \u010dten\u00ed\" \/>\n\t<meta name=\"twitter:data1\" content=\"4 minuty\" \/>\n<script type=\"application\/ld+json\" class=\"yoast-schema-graph\">{\"@context\":\"https:\/\/schema.org\",\"@graph\":[{\"@type\":\"WebPage\",\"@id\":\"https:\/\/onlinelotto365.com\/cs\/koupit-listky\/german-lotto\/\",\"url\":\"https:\/\/onlinelotto365.com\/cs\/koupit-listky\/german-lotto\/\",\"name\":\"Nyn\u00ed koupit n\u011bmeck\u00e9 Lotto vstupenky online z \u010cesk\u00e9 republiky\",\"isPartOf\":{\"@id\":\"https:\/\/onlinelotto365.com\/cs\/#website\"},\"primaryImageOfPage\":{\"@id\":\"https:\/\/onlinelotto365.com\/cs\/koupit-listky\/german-lotto\/#primaryimage\"},\"image\":{\"@id\":\"https:\/\/onlinelotto365.com\/cs\/koupit-listky\/german-lotto\/#primaryimage\"},\"thumbnailUrl\":\"https:\/\/redfoxlotto.com\/image?size=8&amp;lottery=lotto-6aus49\",\"datePublished\":\"2022-11-17T12:40:07+00:00\",\"dateModified\":\"2022-11-17T12:40:07+00:00\",\"description\":\"Pokud \u017eijete v \u010cesk\u00e9 republice, m\u016f\u017eete si st\u00e1le koupit losy n\u011bmeck\u00e9ho lota online\",\"breadcrumb\":{\"@id\":\"https:\/\/onlinelotto365.com\/cs\/koupit-listky\/german-lotto\/#breadcrumb\"},\"inLanguage\":\"cs\",\"potentialAction\":[{\"@type\":\"ReadAction\",\"target\":[\"https:\/\/onlinelotto365.com\/cs\/koupit-listky\/german-lotto\/\"]}]},{\"@type\":\"ImageObject\",\"inLanguage\":\"cs\",\"@id\":\"https:\/\/onlinelotto365.com\/cs\/koupit-listky\/german-lotto\/#primaryimage\",\"url\":\"https:\/\/redfoxlotto.com\/image?size=8&amp;lottery=lotto-6aus49\",\"contentUrl\":\"https:\/\/redfoxlotto.com\/image?size=8&amp;lottery=lotto-6aus49\"},{\"@type\":\"BreadcrumbList\",\"@id\":\"https:\/\/onlinelotto365.com\/cs\/koupit-listky\/german-lotto\/#breadcrumb\",\"itemListElement\":[{\"@type\":\"ListItem\",\"position\":1,\"name\":\"Home\",\"item\":\"https:\/\/onlinelotto365.com\/cs\/\"},{\"@type\":\"ListItem\",\"position\":2,\"name\":\"Pro\u010d m\u00e1 v\u011bt\u0161\u00ed smysl kupovat loterijn\u00ed l\u00edstky online\",\"item\":\"https:\/\/onlinelotto365.com\/cs\/buy-tickets\/\"},{\"@type\":\"ListItem\",\"position\":3,\"name\":\"Jak koupit vstupenky online pro n\u011bmeck\u00e9 Lotto\"}]},{\"@type\":\"WebSite\",\"@id\":\"https:\/\/onlinelotto365.com\/cs\/#website\",\"url\":\"https:\/\/onlinelotto365.com\/cs\/\",\"name\":\"OnlineLotto365\",\"description\":\"\",\"potentialAction\":[{\"@type\":\"SearchAction\",\"target\":{\"@type\":\"EntryPoint\",\"urlTemplate\":\"https:\/\/onlinelotto365.com\/cs\/?s={search_term_string}\"},\"query-input\":{\"@type\":\"PropertyValueSpecification\",\"valueRequired\":true,\"valueName\":\"search_term_string\"}}],\"inLanguage\":\"cs\"}]}<\/script>\n<!-- \/ Yoast SEO plugin. -->","yoast_head_json":{"title":"Nyn\u00ed koupit n\u011bmeck\u00e9 Lotto vstupenky online z \u010cesk\u00e9 republiky","description":"Pokud \u017eijete v \u010cesk\u00e9 republice, m\u016f\u017eete si st\u00e1le koupit losy n\u011bmeck\u00e9ho lota online","robots":{"index":"index","follow":"follow","max-snippet":"max-snippet:-1","max-image-preview":"max-image-preview:large","max-video-preview":"max-video-preview:-1"},"canonical":"https:\/\/onlinelotto365.com\/cs\/koupit-listky\/german-lotto\/","og_locale":"cs_CZ","og_type":"article","og_title":"Nyn\u00ed koupit n\u011bmeck\u00e9 Lotto vstupenky online z \u010cesk\u00e9 republiky","og_description":"Pokud \u017eijete v \u010cesk\u00e9 republice, m\u016f\u017eete si st\u00e1le koupit losy n\u011bmeck\u00e9ho lota online","og_url":"https:\/\/onlinelotto365.com\/cs\/koupit-listky\/german-lotto\/","og_site_name":"OnlineLotto365","og_image":[{"url":"https:\/\/redfoxlotto.com\/image?size=8&amp;lottery=lotto-6aus49"}],"twitter_card":"summary_large_image","twitter_misc":{"Odhadovan\u00e1 doba \u010dten\u00ed":"4 minuty"},"schema":{"@context":"https:\/\/schema.org","@graph":[{"@type":"WebPage","@id":"https:\/\/onlinelotto365.com\/cs\/koupit-listky\/german-lotto\/","url":"https:\/\/onlinelotto365.com\/cs\/koupit-listky\/german-lotto\/","name":"Nyn\u00ed koupit n\u011bmeck\u00e9 Lotto vstupenky online z \u010cesk\u00e9 republiky","isPartOf":{"@id":"https:\/\/onlinelotto365.com\/cs\/#website"},"primaryImageOfPage":{"@id":"https:\/\/onlinelotto365.com\/cs\/koupit-listky\/german-lotto\/#primaryimage"},"image":{"@id":"https:\/\/onlinelotto365.com\/cs\/koupit-listky\/german-lotto\/#primaryimage"},"thumbnailUrl":"https:\/\/redfoxlotto.com\/image?size=8&amp;lottery=lotto-6aus49","datePublished":"2022-11-17T12:40:07+00:00","dateModified":"2022-11-17T12:40:07+00:00","description":"Pokud \u017eijete v \u010cesk\u00e9 republice, m\u016f\u017eete si st\u00e1le koupit losy n\u011bmeck\u00e9ho lota online","breadcrumb":{"@id":"https:\/\/onlinelotto365.com\/cs\/koupit-listky\/german-lotto\/#breadcrumb"},"inLanguage":"cs","potentialAction":[{"@type":"ReadAction","target":["https:\/\/onlinelotto365.com\/cs\/koupit-listky\/german-lotto\/"]}]},{"@type":"ImageObject","inLanguage":"cs","@id":"https:\/\/onlinelotto365.com\/cs\/koupit-listky\/german-lotto\/#primaryimage","url":"https:\/\/redfoxlotto.com\/image?size=8&amp;lottery=lotto-6aus49","contentUrl":"https:\/\/redfoxlotto.com\/image?size=8&amp;lottery=lotto-6aus49"},{"@type":"BreadcrumbList","@id":"https:\/\/onlinelotto365.com\/cs\/koupit-listky\/german-lotto\/#breadcrumb","itemListElement":[{"@type":"ListItem","position":1,"name":"Home","item":"https:\/\/onlinelotto365.com\/cs\/"},{"@type":"ListItem","position":2,"name":"Pro\u010d m\u00e1 v\u011bt\u0161\u00ed smysl kupovat loterijn\u00ed l\u00edstky online","item":"https:\/\/onlinelotto365.com\/cs\/buy-tickets\/"},{"@type":"ListItem","position":3,"name":"Jak koupit vstupenky online pro n\u011bmeck\u00e9 Lotto"}]},{"@type":"WebSite","@id":"https:\/\/onlinelotto365.com\/cs\/#website","url":"https:\/\/onlinelotto365.com\/cs\/","name":"OnlineLotto365","description":"","potentialAction":[{"@type":"SearchAction","target":{"@type":"EntryPoint","urlTemplate":"https:\/\/onlinelotto365.com\/cs\/?s={search_term_string}"},"query-input":{"@type":"PropertyValueSpecification","valueRequired":true,"valueName":"search_term_string"}}],"inLanguage":"cs"}]}},"_links":{"self":[{"href":"https:\/\/onlinelotto365.com\/cs\/wp-json\/wp\/v2\/pages\/80427","targetHints":{"allow":["GET"]}}],"collection":[{"href":"https:\/\/onlinelotto365.com\/cs\/wp-json\/wp\/v2\/pages"}],"about":[{"href":"https:\/\/onlinelotto365.com\/cs\/wp-json\/wp\/v2\/types\/page"}],"author":[{"embeddable":true,"href":"https:\/\/onlinelotto365.com\/cs\/wp-json\/wp\/v2\/users\/1"}],"replies":[{"embeddable":true,"href":"https:\/\/onlinelotto365.com\/cs\/wp-json\/wp\/v2\/comments?post=80427"}],"version-history":[{"count":0,"href":"https:\/\/onlinelotto365.com\/cs\/wp-json\/wp\/v2\/pages\/80427\/revisions"}],"up":[{"embeddable":true,"href":"https:\/\/onlinelotto365.com\/cs\/wp-json\/wp\/v2\/pages\/5559"}],"wp:attachment":[{"href":"https:\/\/onlinelotto365.com\/cs\/wp-json\/wp\/v2\/media?parent=80427"}],"curies":[{"name":"wp","href":"https:\/\/api.w.org\/{rel}","templated":true}]}}