{"id":80458,"date":"2022-11-18T09:40:59","date_gmt":"2022-11-18T08:40:59","guid":{"rendered":"https:\/\/onlinelotto365.com\/?page_id=80458"},"modified":"2022-11-18T09:40:59","modified_gmt":"2022-11-18T08:40:59","slug":"mega-sena","status":"publish","type":"page","link":"https:\/\/onlinelotto365.com\/cs\/koupit-listky\/mega-sena\/","title":{"rendered":"Jak koupit vstupenky na Mega-Sena Brazil online"},"content":{"rendered":"<p>Chcete v\u011bd\u011bt, jak m\u016f\u017eete z\u00edskat vstupenky na Mega-Senu, i kdy\u017e \u017eijete v \u010cesk\u00e9 republice nebo v jin\u00e9 zemi mimo Braz\u00edlii? Pak byste m\u011bli \u010d\u00edst o n\u011bco d\u00e1le, proto\u017ee v\u00e1m s cel\u00fdm procesem pom\u016f\u017eeme a zajist\u00edme, \u017ee budete na dobr\u00e9 cest\u011b k z\u00edsk\u00e1n\u00ed po\u017eadovan\u00fdch vstupenek na v\u0161echny hry, kter\u00e9 si chcete zahr\u00e1t.<br \/>\n<a href=\"https:\/\/redfoxlotto.com\/play\/mega-sena\/?ref=a8564250a2&amp;medium=ol365\" target=\"_blank\" rel=\"noopener noreferrer\"><img decoding=\"async\" class=\"aligncenter\" src=\"https:\/\/redfoxlotto.com\/image?size=8&amp;lottery=mega-sena\" alt=\"mega-sena\" \/><\/a><\/p>\n<ul>\n<li>Jedin\u00e9, co mus\u00edte ud\u011blat, abyste mohli za\u010d\u00edt, je vybrat si hru, kterou chcete hr\u00e1t, a vybrat si \u010d\u00edsla tiket\u016f, kter\u00e1 pro tuto hru chcete.<\/li>\n<li>P\u0159idejte si tolik tiket\u016f, kolik chcete pro tuto hru nebo jakoukoli jinou hru, kterou chcete hr\u00e1t.<\/li>\n<li>Kliknut\u00edm na tla\u010d\u00edtko zah\u00e1j\u00edte proces objedn\u00e1vky.<\/li>\n<li>P\u0159ihlaste se ke sv\u00e9mu st\u00e1vaj\u00edc\u00edmu \u00fa\u010dtu nebo si vytvo\u0159te nov\u00fd \u00fa\u010det, abyste mohli zakoupit vstupenky.<\/li>\n<li>Pokud si mus\u00edte vytvo\u0159it nov\u00fd \u00fa\u010det, budete muset proj\u00edt procesem registrace. Ov\u011b\u0159ovac\u00ed odkaz v\u00e1m bude zasl\u00e1n na v\u00e1\u0161 e-mail.<\/li>\n<li>Pokud se e-mail nezobraz\u00ed ve va\u0161\u00ed schr\u00e1nce, zkontrolujte slo\u017eku se spamem, zda jste jej obdr\u017eeli.<\/li>\n<li>Po ov\u011b\u0159en\u00ed \u00fa\u010dtu p\u0159ejd\u011bte do n\u00e1kupn\u00edho ko\u0161\u00edku na webov\u00fdch str\u00e1nk\u00e1ch.<\/li>\n<li>Podle pokyn\u016f za vstupenky zapla\u0165te zvolenou platebn\u00ed metodou.<\/li>\n<\/ul>\n<h2>Jak zaplatit za vstupenku na Mega-Sena online<\/h2>\n<p>Bezpe\u010dn\u00e9 zaplacen\u00ed vstupenek je pro v\u00e1s d\u016fle\u017eit\u00e9 a my v\u00e1m to maxim\u00e1ln\u011b usnadn\u00edme t\u00edm, \u017ee v\u00e1m nab\u00edz\u00edme spoustu r\u016fzn\u00fdch mo\u017enost\u00ed p\u0159\u00edm\u00e9 platby a tak\u00e9 sekund\u00e1rn\u00ed mo\u017enost n\u00e1kupu vstupenek. Sta\u010d\u00ed za\u010d\u00edt jednou ze dvou n\u00ed\u017ee uveden\u00fdch mo\u017enost\u00ed.<\/p>\n<p>Zapla\u0165te p\u0159\u00edmo pomoc\u00ed sv\u00e9 obl\u00edben\u00e9 platebn\u00ed metody<br \/>\nP\u0159idejte si pen\u00edze na sv\u016fj hr\u00e1\u010dsk\u00fd \u00fa\u010det, abyste si mohli vstupenky zakoupit p\u0159\u00edmo z \u00fa\u010dtu.<\/p>\n<p>Pokud se chyst\u00e1te zvolit tento zp\u016fsob, nezapome\u0148te si na sv\u016fj hr\u00e1\u010dsk\u00fd \u00fa\u010det p\u0159idat n\u011bco nav\u00edc. Tak bude z\u016fstatek na va\u0161em \u00fa\u010dtu sta\u010dit na zaplacen\u00ed n\u00e1kupu.<\/p>\n<h2>Dal\u0161\u00ed informace o h\u0159e Mega-Sena<\/h2>\n<ul>\n<li>.<\/li>\n<li>Rozsah hlavn\u00edch \u010d\u00edsel: 60<\/li>\n<li>Vyb\u00edr\u00e1te: 6<\/li>\n<li>Dny losov\u00e1n\u00ed, hodiny: St\u0159eda, sobota, 20:00 GMT -3, 24:00 CET<\/li>\n<li>Minim\u00e1ln\u00ed jackpot: R$ 2 miliony<\/li>\n<li>Maxim\u00e1ln\u00ed jackpot: \u017e\u00e1dn\u00fd<\/li>\n<li>Pravd\u011bpodobnost v\u00fdhry jackpotu: 1 ku 50063860<\/li>\n<li>Pravd\u011bpodobnost v\u00fdhry ve 2. \u00farovni: 1 z 15451809<\/li>\n<li>Pravd\u011bpodobnost v\u00fdhry v jak\u00e9koli \u00farovni: 1 ku 2297,56<\/li>\n<li>Po\u010det v\u00fdhern\u00edch \u00farovn\u00ed: 3<\/li>\n<\/ul>\n<h2>V\u00fdhody n\u00e1kupu tiket\u016f Mega-Sena online<\/h2>\n<ul>\n<li>Nen\u00ed t\u0159eba cestovat &#8211; sta\u010d\u00ed si koupit tikety z domova<\/li>\n<li>M\u016f\u017eete si vybrat z r\u016fzn\u00fdch loterijn\u00edch her<\/li>\n<li>Z\u00edskejte nejlep\u0161\u00ed \u0161ance na v\u00fdhru ve hr\u00e1ch s vysok\u00fdmi jackpoty<\/li>\n<li>Pen\u00edze si m\u016f\u017eete vlo\u017eit p\u0159\u00edmo na sv\u016fj \u00fa\u010det a pou\u017e\u00edt je k n\u00e1kupu<\/li>\n<li>Snadno si udr\u017e\u00edte p\u0159ehled o sv\u00fdch tiketech<\/li>\n<li>Dost\u00e1vejte ozn\u00e1men\u00ed, kdykoli na sv\u00fdch tiketech vyhrajete<\/li>\n<li>Vyu\u017eijte mo\u017enost rychl\u00e9ho v\u00fdb\u011bru, abyste z\u00edskali tikety bez vyb\u00edr\u00e1n\u00ed \u010d\u00edsel<\/li>\n<\/ul>\n<h2>Je n\u00e1kup tiket\u016f Mega-Sena online leg\u00e1ln\u00ed?<\/h2>\n<p>Mnoho lid\u00ed se ob\u00e1v\u00e1, zda si mohou koupit losy Mega Sena online, proto\u017ee \u010cesk\u00e1 republika je zem\u00ed jejich bydli\u0161t\u011b. Nebo mo\u017en\u00e1 \u017eij\u00ed v jin\u00e9 zemi, ale ne v Braz\u00edlii. Pom\u00e1h\u00e1me v\u00e1m zbavit se n\u011bkter\u00fdch obav t\u00edm, \u017ee v\u0161e, co d\u011bl\u00e1me, vych\u00e1z\u00ed z p\u0159edpis\u016f zem\u011b, kter\u00e1 loterii provozuje. To v\u00e1m usnadn\u00ed n\u00e1kup tiket\u016f a zajist\u00ed, \u017ee se budete c\u00edtit pohodln\u011b. Nav\u00edc m\u00e1te jistotu, \u017ee z\u00edsk\u00e1te v\u0161echny pen\u00edze, kter\u00e9 vyhrajete, v\u010detn\u011b jackpotu.<\/p>\n<h2>Jak dostanu v\u00fdplatu, kdy\u017e vyhraju Mega-Senu online?<\/h2>\n<p><img loading=\"lazy\" decoding=\"async\" class=\"alignright wp-image-3660\" src=\"https:\/\/onlinelotto365.com\/wp-content\/uploads\/2020\/11\/online_lottery-133-300x212.jpg\" alt=\"mega-sena online \u010cesk\u00e1 republika\" width=\"177\" height=\"125\" srcset=\"https:\/\/onlinelotto365.com\/wp-content\/uploads\/2020\/11\/online_lottery-133-300x212.jpg 300w, https:\/\/onlinelotto365.com\/wp-content\/uploads\/2020\/11\/online_lottery-133.jpg 320w\" sizes=\"auto, (max-width: 177px) 100vw, 177px\" \/><br \/>\nPokud jde o v\u00fdplaty v\u00fdherc\u016fm, d\u011bl\u00e1me to t\u00edm nejlep\u0161\u00edm zp\u016fsobem, a to tak, \u017ee v\u00e1m d\u00e1me ka\u017ed\u00fd cent. Nemus\u00edte n\u00e1m platit \u017e\u00e1dnou provizi za jakoukoli \u010d\u00e1stku, kterou vyhrajete, a\u0165 u\u017e jde o malou v\u00fdhru, nebo dokonce o jackpot. Nemus\u00edte n\u00e1m tak\u00e9 platit \u017e\u00e1dn\u00e9 poplatky, pokud si nezvol\u00edte bankovn\u00ed p\u0159evod.<br \/>\nU v\u0161ech ostatn\u00edch zp\u016fsob\u016f platby dostanete v\u0161echny vyhran\u00e9 pen\u00edze. U bankovn\u00edch p\u0159evod\u016f n\u011bkdy dost\u00e1v\u00e1me od banky poplatky, kter\u00e9 se b\u011bhem p\u0159evodu strh\u00e1vaj\u00ed z va\u0161\u00ed v\u00fdhry.<\/p>\n<p><strong>Kdy\u017e v\u0161ak vyhrajete, m\u011bli byste zn\u00e1t proces, kter\u00fd prob\u00edh\u00e1, abyste pen\u00edze dostali:<\/strong><\/p>\n<ul>\n<li>Ka\u017ed\u00fd, kdo vyhraje m\u00e9n\u011b ne\u017e 2500 EUR, dostane pen\u00edze p\u0159\u00edmo na sv\u016fj \u00fa\u010det, ani\u017e by musel cokoli d\u011blat.<\/li>\n<li>Ka\u017ed\u00e9ho, kdo vyhraje v\u00edce ne\u017e 2500 \u20ac, v\u0161ak n\u00e1\u0161 t\u00fdm podpory po\u017e\u00e1d\u00e1 o vypln\u011bn\u00ed formul\u00e1\u0159e \u017e\u00e1dosti. Ten v\u00e1m umo\u017en\u00ed z\u00edskat pen\u00edze jedn\u00edm ze dvou zp\u016fsob\u016f. M\u016f\u017eete si vybrat, zda v\u00e1m bude zasl\u00e1n \u0161ek na celou \u010d\u00e1stku, nebo zda si nech\u00e1te prov\u00e9st bankovn\u00ed p\u0159evod. V obou p\u0159\u00edpadech dostanete sv\u00e9 pen\u00edze p\u0159eveden\u00e9 do kter\u00e9koli zem\u011b, v\u010detn\u011b \u010cesk\u00e9 republiky, b\u011bhem n\u011bkolika dn\u00ed.<\/li>\n<\/ul>\n","protected":false},"excerpt":{"rendered":"<p>Chcete v\u011bd\u011bt, jak m\u016f\u017eete z\u00edskat vstupenky na Mega-Senu, i kdy\u017e \u017eijete v \u010cesk\u00e9 republice nebo v jin\u00e9 zemi mimo Braz\u00edlii? Pak byste m\u011bli \u010d\u00edst o n\u011bco d\u00e1le, proto\u017ee v\u00e1m s cel\u00fdm procesem pom\u016f\u017eeme a zajist\u00edme, \u017ee budete na dobr\u00e9 cest\u011b k z\u00edsk\u00e1n\u00ed po\u017eadovan\u00fdch vstupenek na v\u0161echny hry, kter\u00e9 si chcete zahr\u00e1t. Jedin\u00e9, co mus\u00edte ud\u011blat, [&hellip;]<\/p>\n","protected":false},"author":1,"featured_media":0,"parent":5559,"menu_order":12,"comment_status":"closed","ping_status":"closed","template":"megasena-info.php","meta":{"_et_pb_use_builder":"","_et_pb_old_content":"","_et_gb_content_width":"","exclude_from_search":false,"footnotes":""},"class_list":["post-80458","page","type-page","status-publish","hentry"],"yoast_head":"<!-- This site is optimized with the Yoast SEO plugin v23.4 - https:\/\/yoast.com\/wordpress\/plugins\/seo\/ -->\n<title>Koupit vstupenky na Mega-Sena online z \u010cesk\u00e9 republiky | O Mega-Sena a jak z\u00edskat vstupenky<\/title>\n<meta name=\"description\" content=\"Jedn\u00e1 se o skv\u011blou loterii z Braz\u00edlie - a nyn\u00ed si m\u016f\u017eete koupit vstupenky online\" \/>\n<meta name=\"robots\" content=\"index, follow, max-snippet:-1, max-image-preview:large, max-video-preview:-1\" \/>\n<link rel=\"canonical\" href=\"https:\/\/onlinelotto365.com\/cs\/koupit-listky\/mega-sena\/\" \/>\n<meta property=\"og:locale\" content=\"cs_CZ\" \/>\n<meta property=\"og:type\" content=\"article\" \/>\n<meta property=\"og:title\" content=\"Koupit vstupenky na Mega-Sena online z \u010cesk\u00e9 republiky | O Mega-Sena a jak z\u00edskat vstupenky\" \/>\n<meta property=\"og:description\" content=\"Jedn\u00e1 se o skv\u011blou loterii z Braz\u00edlie - a nyn\u00ed si m\u016f\u017eete koupit vstupenky online\" \/>\n<meta property=\"og:url\" content=\"https:\/\/onlinelotto365.com\/cs\/koupit-listky\/mega-sena\/\" \/>\n<meta property=\"og:site_name\" content=\"OnlineLotto365\" \/>\n<meta property=\"og:image\" content=\"https:\/\/redfoxlotto.com\/image?size=8&amp;lottery=mega-sena\" \/>\n<meta name=\"twitter:card\" content=\"summary_large_image\" \/>\n<meta name=\"twitter:label1\" content=\"Odhadovan\u00e1 doba \u010dten\u00ed\" \/>\n\t<meta name=\"twitter:data1\" content=\"4 minuty\" \/>\n<script type=\"application\/ld+json\" class=\"yoast-schema-graph\">{\"@context\":\"https:\/\/schema.org\",\"@graph\":[{\"@type\":\"WebPage\",\"@id\":\"https:\/\/onlinelotto365.com\/cs\/koupit-listky\/mega-sena\/\",\"url\":\"https:\/\/onlinelotto365.com\/cs\/koupit-listky\/mega-sena\/\",\"name\":\"Koupit vstupenky na Mega-Sena online z \u010cesk\u00e9 republiky | O Mega-Sena a jak z\u00edskat vstupenky\",\"isPartOf\":{\"@id\":\"https:\/\/onlinelotto365.com\/cs\/#website\"},\"primaryImageOfPage\":{\"@id\":\"https:\/\/onlinelotto365.com\/cs\/koupit-listky\/mega-sena\/#primaryimage\"},\"image\":{\"@id\":\"https:\/\/onlinelotto365.com\/cs\/koupit-listky\/mega-sena\/#primaryimage\"},\"thumbnailUrl\":\"https:\/\/redfoxlotto.com\/image?size=8&amp;lottery=mega-sena\",\"datePublished\":\"2022-11-18T08:40:59+00:00\",\"dateModified\":\"2022-11-18T08:40:59+00:00\",\"description\":\"Jedn\u00e1 se o skv\u011blou loterii z Braz\u00edlie - a nyn\u00ed si m\u016f\u017eete koupit vstupenky online\",\"breadcrumb\":{\"@id\":\"https:\/\/onlinelotto365.com\/cs\/koupit-listky\/mega-sena\/#breadcrumb\"},\"inLanguage\":\"cs\",\"potentialAction\":[{\"@type\":\"ReadAction\",\"target\":[\"https:\/\/onlinelotto365.com\/cs\/koupit-listky\/mega-sena\/\"]}]},{\"@type\":\"ImageObject\",\"inLanguage\":\"cs\",\"@id\":\"https:\/\/onlinelotto365.com\/cs\/koupit-listky\/mega-sena\/#primaryimage\",\"url\":\"https:\/\/redfoxlotto.com\/image?size=8&amp;lottery=mega-sena\",\"contentUrl\":\"https:\/\/redfoxlotto.com\/image?size=8&amp;lottery=mega-sena\"},{\"@type\":\"BreadcrumbList\",\"@id\":\"https:\/\/onlinelotto365.com\/cs\/koupit-listky\/mega-sena\/#breadcrumb\",\"itemListElement\":[{\"@type\":\"ListItem\",\"position\":1,\"name\":\"Home\",\"item\":\"https:\/\/onlinelotto365.com\/cs\/\"},{\"@type\":\"ListItem\",\"position\":2,\"name\":\"Pro\u010d m\u00e1 v\u011bt\u0161\u00ed smysl kupovat loterijn\u00ed l\u00edstky online\",\"item\":\"https:\/\/onlinelotto365.com\/cs\/buy-tickets\/\"},{\"@type\":\"ListItem\",\"position\":3,\"name\":\"Jak koupit vstupenky na Mega-Sena Brazil online\"}]},{\"@type\":\"WebSite\",\"@id\":\"https:\/\/onlinelotto365.com\/cs\/#website\",\"url\":\"https:\/\/onlinelotto365.com\/cs\/\",\"name\":\"OnlineLotto365\",\"description\":\"\",\"potentialAction\":[{\"@type\":\"SearchAction\",\"target\":{\"@type\":\"EntryPoint\",\"urlTemplate\":\"https:\/\/onlinelotto365.com\/cs\/?s={search_term_string}\"},\"query-input\":{\"@type\":\"PropertyValueSpecification\",\"valueRequired\":true,\"valueName\":\"search_term_string\"}}],\"inLanguage\":\"cs\"}]}<\/script>\n<!-- \/ Yoast SEO plugin. -->","yoast_head_json":{"title":"Koupit vstupenky na Mega-Sena online z \u010cesk\u00e9 republiky | O Mega-Sena a jak z\u00edskat vstupenky","description":"Jedn\u00e1 se o skv\u011blou loterii z Braz\u00edlie - a nyn\u00ed si m\u016f\u017eete koupit vstupenky online","robots":{"index":"index","follow":"follow","max-snippet":"max-snippet:-1","max-image-preview":"max-image-preview:large","max-video-preview":"max-video-preview:-1"},"canonical":"https:\/\/onlinelotto365.com\/cs\/koupit-listky\/mega-sena\/","og_locale":"cs_CZ","og_type":"article","og_title":"Koupit vstupenky na Mega-Sena online z \u010cesk\u00e9 republiky | O Mega-Sena a jak z\u00edskat vstupenky","og_description":"Jedn\u00e1 se o skv\u011blou loterii z Braz\u00edlie - a nyn\u00ed si m\u016f\u017eete koupit vstupenky online","og_url":"https:\/\/onlinelotto365.com\/cs\/koupit-listky\/mega-sena\/","og_site_name":"OnlineLotto365","og_image":[{"url":"https:\/\/redfoxlotto.com\/image?size=8&amp;lottery=mega-sena"}],"twitter_card":"summary_large_image","twitter_misc":{"Odhadovan\u00e1 doba \u010dten\u00ed":"4 minuty"},"schema":{"@context":"https:\/\/schema.org","@graph":[{"@type":"WebPage","@id":"https:\/\/onlinelotto365.com\/cs\/koupit-listky\/mega-sena\/","url":"https:\/\/onlinelotto365.com\/cs\/koupit-listky\/mega-sena\/","name":"Koupit vstupenky na Mega-Sena online z \u010cesk\u00e9 republiky | O Mega-Sena a jak z\u00edskat vstupenky","isPartOf":{"@id":"https:\/\/onlinelotto365.com\/cs\/#website"},"primaryImageOfPage":{"@id":"https:\/\/onlinelotto365.com\/cs\/koupit-listky\/mega-sena\/#primaryimage"},"image":{"@id":"https:\/\/onlinelotto365.com\/cs\/koupit-listky\/mega-sena\/#primaryimage"},"thumbnailUrl":"https:\/\/redfoxlotto.com\/image?size=8&amp;lottery=mega-sena","datePublished":"2022-11-18T08:40:59+00:00","dateModified":"2022-11-18T08:40:59+00:00","description":"Jedn\u00e1 se o skv\u011blou loterii z Braz\u00edlie - a nyn\u00ed si m\u016f\u017eete koupit vstupenky online","breadcrumb":{"@id":"https:\/\/onlinelotto365.com\/cs\/koupit-listky\/mega-sena\/#breadcrumb"},"inLanguage":"cs","potentialAction":[{"@type":"ReadAction","target":["https:\/\/onlinelotto365.com\/cs\/koupit-listky\/mega-sena\/"]}]},{"@type":"ImageObject","inLanguage":"cs","@id":"https:\/\/onlinelotto365.com\/cs\/koupit-listky\/mega-sena\/#primaryimage","url":"https:\/\/redfoxlotto.com\/image?size=8&amp;lottery=mega-sena","contentUrl":"https:\/\/redfoxlotto.com\/image?size=8&amp;lottery=mega-sena"},{"@type":"BreadcrumbList","@id":"https:\/\/onlinelotto365.com\/cs\/koupit-listky\/mega-sena\/#breadcrumb","itemListElement":[{"@type":"ListItem","position":1,"name":"Home","item":"https:\/\/onlinelotto365.com\/cs\/"},{"@type":"ListItem","position":2,"name":"Pro\u010d m\u00e1 v\u011bt\u0161\u00ed smysl kupovat loterijn\u00ed l\u00edstky online","item":"https:\/\/onlinelotto365.com\/cs\/buy-tickets\/"},{"@type":"ListItem","position":3,"name":"Jak koupit vstupenky na Mega-Sena Brazil online"}]},{"@type":"WebSite","@id":"https:\/\/onlinelotto365.com\/cs\/#website","url":"https:\/\/onlinelotto365.com\/cs\/","name":"OnlineLotto365","description":"","potentialAction":[{"@type":"SearchAction","target":{"@type":"EntryPoint","urlTemplate":"https:\/\/onlinelotto365.com\/cs\/?s={search_term_string}"},"query-input":{"@type":"PropertyValueSpecification","valueRequired":true,"valueName":"search_term_string"}}],"inLanguage":"cs"}]}},"_links":{"self":[{"href":"https:\/\/onlinelotto365.com\/cs\/wp-json\/wp\/v2\/pages\/80458","targetHints":{"allow":["GET"]}}],"collection":[{"href":"https:\/\/onlinelotto365.com\/cs\/wp-json\/wp\/v2\/pages"}],"about":[{"href":"https:\/\/onlinelotto365.com\/cs\/wp-json\/wp\/v2\/types\/page"}],"author":[{"embeddable":true,"href":"https:\/\/onlinelotto365.com\/cs\/wp-json\/wp\/v2\/users\/1"}],"replies":[{"embeddable":true,"href":"https:\/\/onlinelotto365.com\/cs\/wp-json\/wp\/v2\/comments?post=80458"}],"version-history":[{"count":0,"href":"https:\/\/onlinelotto365.com\/cs\/wp-json\/wp\/v2\/pages\/80458\/revisions"}],"up":[{"embeddable":true,"href":"https:\/\/onlinelotto365.com\/cs\/wp-json\/wp\/v2\/pages\/5559"}],"wp:attachment":[{"href":"https:\/\/onlinelotto365.com\/cs\/wp-json\/wp\/v2\/media?parent=80458"}],"curies":[{"name":"wp","href":"https:\/\/api.w.org\/{rel}","templated":true}]}}