{"id":80491,"date":"2022-11-18T12:43:42","date_gmt":"2022-11-18T11:43:42","guid":{"rendered":"https:\/\/onlinelotto365.com\/?page_id=80491"},"modified":"2022-11-18T12:43:42","modified_gmt":"2022-11-18T11:43:42","slug":"powerball-australia","status":"publish","type":"page","link":"https:\/\/onlinelotto365.com\/cs\/koupit-listky\/powerball-australia\/","title":{"rendered":"Jak koupit vstupenky Powerball Australia online"},"content":{"rendered":"<p>Chcete v\u011bd\u011bt, jak si m\u016f\u017eete koupit l\u00edstky Powerball Australia online? Pro na\u0161e klienty z \u010cesk\u00e9 republiky a dal\u0161\u00edch zem\u00ed jsme to rozd\u011blili do n\u011bkolika jednoduch\u00fdch krok\u016f, tak\u017ee m\u016f\u017eete za\u010d\u00edt s procesem hned te\u010f. A m\u016f\u017eete to ud\u011blat mnohem rychleji a snadn\u011bji, ne\u017e si mysl\u00edte.<br \/>\n<a href=\"https:\/\/redfoxlotto.com\/play\/powerball-au\/?ref=a8564250a2&amp;medium=ol365\" target=\"_blank\" rel=\"noopener noreferrer\"><img decoding=\"async\" class=\"aligncenter\" src=\"https:\/\/redfoxlotto.com\/image?size=8&amp;lottery=powerball-au\" alt=\"Powerball Austr\u00e1lie\" \/><\/a><\/p>\n<ul>\n<li>P\u0159ejd\u011bte na str\u00e1nku Powerball Australia a vyberte si tikety, kter\u00e9 chcete, a \u010d\u00edsla t\u011bchto tiket\u016f, nebo nechte po\u010d\u00edta\u010d, aby vybral za v\u00e1s.<\/li>\n<li>Ne\u017e skon\u010d\u00edte, p\u0159idejte do objedn\u00e1vky libovoln\u00fd po\u010det tiket\u016f a her.<\/li>\n<li>Klikn\u011bte na tla\u010d\u00edtko a zapla\u0165te<\/li>\n<li>Vytvo\u0159te si \u00fa\u010det na na\u0161ich webov\u00fdch str\u00e1nk\u00e1ch nebo se p\u0159ihlaste ke sv\u00e9mu st\u00e1vaj\u00edc\u00edmu \u00fa\u010dtu, pokud ji\u017e n\u011bjak\u00fd m\u00e1te.<\/li>\n<li>Pro ty, kte\u0159\u00ed si pot\u0159ebuj\u00ed vytvo\u0159it \u00fa\u010det, je t\u0159eba jej zaregistrovat pomoc\u00ed e-mailov\u00e9 adresy.<\/li>\n<li>Zkontrolujte slo\u017eku spamu i b\u011b\u017enou schr\u00e1nku, zda v n\u00ed nenajdete ov\u011b\u0159ovac\u00ed e-mail.<\/li>\n<li>P\u0159ejd\u011bte do ko\u0161\u00edku a dokon\u010dete n\u00e1kup<\/li>\n<li>Vyberte zp\u016fsob platby, kter\u00fd chcete pou\u017e\u00edt, a projd\u011bte procesem platby<\/li>\n<\/ul>\n<h2>Jak zaplatit za tiket Powerball Australia online<\/h2>\n<p>M\u016f\u017eete si vybrat z n\u011bkolika r\u016fzn\u00fdch zp\u016fsob\u016f platby, kter\u00e9 jsou v\u0161echny stejn\u011b bezpe\u010dn\u00e9, jak byste o\u010dek\u00e1vali p\u0159i n\u00e1kupu online z \u010cesk\u00e9 republiky.<br \/>\nKupte si tikety prost\u0159ednictv\u00edm:<\/p>\n<p>Zaplat\u00edte za objedn\u00e1vku p\u0159\u00edmo pomoc\u00ed preferovan\u00e9 platebn\u00ed metody.<br \/>\nVlo\u017een\u00edm pen\u011bz na sv\u016fj hr\u00e1\u010dsk\u00fd \u00fa\u010det a jejich pou\u017eit\u00edm k n\u00e1kupu tiket\u016f<\/p>\n<p>Nezapome\u0148te, \u017ee pokud zvol\u00edte tuto mo\u017enost, budete muset na sv\u016fj hr\u00e1\u010dsk\u00fd \u00fa\u010det vlo\u017eit v\u00edce ne\u017e dostate\u010dn\u00e9 mno\u017estv\u00ed pen\u011bz, abyste si mohli zakoupit po\u017eadovan\u00e9 vstupenky.<\/p>\n<h2>V\u00edce informac\u00ed o h\u0159e Powerball Australia<\/h2>\n<ul>\n<li>Zem\u011b: Austr\u00e1lie<\/li>\n<li>Rozsah hlavn\u00edch \u010d\u00edsel: 35<\/li>\n<li>Vyb\u00edr\u00e1te: 7<\/li>\n<li>Rozsah dopl\u0148kov\u00fdch \u010d\u00edsel: 20<\/li>\n<li>Vyb\u00edr\u00e1te: 1<\/li>\n<li>Dny losov\u00e1n\u00ed, hodiny: \u010ct, 21:30 GMT+11, 10:30 SE\u010c<\/li>\n<li>Minim\u00e1ln\u00ed jackpot: AU$ 3 miliony<\/li>\n<li>Maxim\u00e1ln\u00ed jackpot: 3 AU$ AU$ 150 milion\u016f<\/li>\n<li>Pravd\u011bpodobnost v\u00fdhry jackpotu: 1 ku 134490400<\/li>\n<li>Pravd\u011bpodobnost v\u00fdhry ve 2. \u00farovni: 1 ku 7078443<\/li>\n<li>Pravd\u011bpodobnost v\u00fdhry v jak\u00e9koli \u00farovni: 1 ku 24,87<\/li>\n<li>Po\u010det v\u00fdhern\u00edch \u00farovn\u00ed: 7<\/li>\n<\/ul>\n<h2>V\u00fdhody n\u00e1kupu tiket\u016f Powerball Australia online<\/h2>\n<ul>\n<li>Z\u00edskejte tikety, kter\u00e9 chcete, ani\u017e byste museli opustit domov<\/li>\n<li>Koupit losy pro mnoho r\u016fzn\u00fdch typ\u016f loteri\u00ed<\/li>\n<li>Z\u00edskejte v\u011bt\u0161\u00ed \u0161anci na v\u00fdhru velk\u00e9ho jackpotu v\u00fdb\u011brem nejlep\u0161\u00edch mo\u017enost\u00ed<\/li>\n<li>Vlo\u017eit pen\u00edze na sv\u016fj \u00fa\u010det a pou\u017e\u00edt je k n\u00e1kupu tiket\u016f<\/li>\n<li>Nemus\u00edte se ob\u00e1vat, \u017ee sv\u00e9 tikety ztrat\u00edte<\/li>\n<li>Upozorn\u011bn\u00ed, pokud je v\u00e1\u0161 tiket v\u00fdhern\u00ed<\/li>\n<li>Vyberte si n\u00e1hodn\u00e9 tikety pomoc\u00ed gener\u00e1toru \u010d\u00edsel<\/li>\n<\/ul>\n<h2>Je n\u00e1kup tiket\u016f Powerball Australia online v \u010cesk\u00e9 republice leg\u00e1ln\u00ed?<\/h2>\n<p>Pokud jde o p\u0159edpisy zem\u011b va\u0161eho bydli\u0161t\u011b, nemus\u00edte se ob\u00e1vat n\u00e1kupu tiket\u016f online ani tradi\u010dn\u00edm zp\u016fsobem. Postar\u00e1me se o dodr\u017eov\u00e1n\u00ed p\u0159edpis\u016f zem\u011b, ve kter\u00e9 se loterie kon\u00e1, abyste mohli z\u00edskat svou v\u00fdhru. I kdy\u017e vyhrajete jackpot, nebudete m\u00edt probl\u00e9m pen\u00edze z\u00edskat.<br \/>\nKa\u017ed\u00fd, kdo vyu\u017e\u00edv\u00e1 na\u0161i slu\u017ebu, v\u0161ak mus\u00ed b\u00fdt star\u0161\u00ed 18 let.<\/p>\n<h2>Jak dostanu pen\u00edze, kdy\u017e vyhraju Powerball Australia online?<\/h2>\n<p><img loading=\"lazy\" decoding=\"async\" class=\"alignright wp-image-3631\" src=\"https:\/\/onlinelotto365.com\/wp-content\/uploads\/2020\/11\/online_lottery-40-300x200.jpg\" alt=\"powerball australia online\" width=\"252\" height=\"168\" srcset=\"https:\/\/onlinelotto365.com\/wp-content\/uploads\/2020\/11\/online_lottery-40-300x200.jpg 300w, https:\/\/onlinelotto365.com\/wp-content\/uploads\/2020\/11\/online_lottery-40.jpg 424w\" sizes=\"auto, (max-width: 252px) 100vw, 252px\" \/><br \/>\nV\u00edme, \u017ee chcete svou v\u00fdhru z\u00edskat co nejrychleji a rozhodn\u011b nechcete z t\u00e9to v\u00fdhry vypl\u00e1cet pen\u00edze n\u011bkomu jin\u00e9mu. Proto si z va\u0161ich v\u00fdher nikdy nebereme provizi. Pokud vyhrajete, pen\u00edze dostanete vy. Jedin\u00fd p\u0159\u00edpad, kdy si bereme poplatek, je, kdy\u017e se rozhodnete nechat si pen\u00edze p\u0159ev\u00e9st bankovn\u00edm p\u0159evodem do va\u0161\u00ed banky, kter\u00e1 by n\u00e1m \u00fa\u010dtovala poplatek, kter\u00fd se p\u0159en\u00e1\u0161\u00ed na v\u00e1s.<br \/>\n<strong>Pokud pen\u00edze vyhrajete, mus\u00edte na to prost\u011b pamatovat:<\/strong><\/p>\n<ul>\n<li>\u010c\u00e1stky ni\u017e\u0161\u00ed ne\u017e 2500 EUR jsou automaticky vyplaceny na v\u00e1\u0161 hr\u00e1\u010dsk\u00fd \u00fa\u010det, ani\u017e byste museli cokoli d\u011blat.<\/li>\n<li>\u010c\u00e1stky nad 2500 \u20ac jsou vypl\u00e1ceny \u0161ekem nebo bankovn\u00edm p\u0159evodem a je t\u0159eba, abyste vyplnili formul\u00e1\u0159, kter\u00fd v\u00e1m za\u0161le t\u00fdm podpory. T\u00edmto zp\u016fsobem si m\u016f\u017eete nechat pen\u00edze vy\u00fa\u010dtovat prost\u0159ednictv\u00edm loterijn\u00ed komise.<\/li>\n<\/ul>\n","protected":false},"excerpt":{"rendered":"<p>Chcete v\u011bd\u011bt, jak si m\u016f\u017eete koupit l\u00edstky Powerball Australia online? Pro na\u0161e klienty z \u010cesk\u00e9 republiky a dal\u0161\u00edch zem\u00ed jsme to rozd\u011blili do n\u011bkolika jednoduch\u00fdch krok\u016f, tak\u017ee m\u016f\u017eete za\u010d\u00edt s procesem hned te\u010f. A m\u016f\u017eete to ud\u011blat mnohem rychleji a snadn\u011bji, ne\u017e si mysl\u00edte. P\u0159ejd\u011bte na str\u00e1nku Powerball Australia a vyberte si tikety, kter\u00e9 chcete, [&hellip;]<\/p>\n","protected":false},"author":1,"featured_media":0,"parent":5559,"menu_order":13,"comment_status":"closed","ping_status":"closed","template":"powerball-au-info.php","meta":{"_et_pb_use_builder":"","_et_pb_old_content":"","_et_gb_content_width":"","exclude_from_search":false,"footnotes":""},"class_list":["post-80491","page","type-page","status-publish","hentry"],"yoast_head":"<!-- This site is optimized with the Yoast SEO plugin v23.4 - https:\/\/yoast.com\/wordpress\/plugins\/seo\/ -->\n<title>Koupit vstupenky na Powerball Australia z \u010cesk\u00e1 republika prost\u0159ednictv\u00edm online slu\u017eby<\/title>\n<meta name=\"description\" content=\"Koupit tikety Powerball Australia online - umo\u017e\u0148ujeme to i hr\u00e1\u010d\u016fm z \u010cesk\u00e9 republiky\" \/>\n<meta name=\"robots\" content=\"index, follow, max-snippet:-1, max-image-preview:large, max-video-preview:-1\" \/>\n<link rel=\"canonical\" href=\"https:\/\/onlinelotto365.com\/cs\/koupit-listky\/powerball-australia\/\" \/>\n<meta property=\"og:locale\" content=\"cs_CZ\" \/>\n<meta property=\"og:type\" content=\"article\" \/>\n<meta property=\"og:title\" content=\"Koupit vstupenky na Powerball Australia z \u010cesk\u00e1 republika prost\u0159ednictv\u00edm online slu\u017eby\" \/>\n<meta property=\"og:description\" content=\"Koupit tikety Powerball Australia online - umo\u017e\u0148ujeme to i hr\u00e1\u010d\u016fm z \u010cesk\u00e9 republiky\" \/>\n<meta property=\"og:url\" content=\"https:\/\/onlinelotto365.com\/cs\/koupit-listky\/powerball-australia\/\" \/>\n<meta property=\"og:site_name\" content=\"OnlineLotto365\" \/>\n<meta property=\"og:image\" content=\"https:\/\/redfoxlotto.com\/image?size=8&amp;lottery=powerball-au\" \/>\n<meta name=\"twitter:card\" content=\"summary_large_image\" \/>\n<meta name=\"twitter:label1\" content=\"Odhadovan\u00e1 doba \u010dten\u00ed\" \/>\n\t<meta name=\"twitter:data1\" content=\"3 minuty\" \/>\n<script type=\"application\/ld+json\" class=\"yoast-schema-graph\">{\"@context\":\"https:\/\/schema.org\",\"@graph\":[{\"@type\":\"WebPage\",\"@id\":\"https:\/\/onlinelotto365.com\/cs\/koupit-listky\/powerball-australia\/\",\"url\":\"https:\/\/onlinelotto365.com\/cs\/koupit-listky\/powerball-australia\/\",\"name\":\"Koupit vstupenky na Powerball Australia z \u010cesk\u00e1 republika prost\u0159ednictv\u00edm online slu\u017eby\",\"isPartOf\":{\"@id\":\"https:\/\/onlinelotto365.com\/cs\/#website\"},\"primaryImageOfPage\":{\"@id\":\"https:\/\/onlinelotto365.com\/cs\/koupit-listky\/powerball-australia\/#primaryimage\"},\"image\":{\"@id\":\"https:\/\/onlinelotto365.com\/cs\/koupit-listky\/powerball-australia\/#primaryimage\"},\"thumbnailUrl\":\"https:\/\/redfoxlotto.com\/image?size=8&amp;lottery=powerball-au\",\"datePublished\":\"2022-11-18T11:43:42+00:00\",\"dateModified\":\"2022-11-18T11:43:42+00:00\",\"description\":\"Koupit tikety Powerball Australia online - umo\u017e\u0148ujeme to i hr\u00e1\u010d\u016fm z \u010cesk\u00e9 republiky\",\"breadcrumb\":{\"@id\":\"https:\/\/onlinelotto365.com\/cs\/koupit-listky\/powerball-australia\/#breadcrumb\"},\"inLanguage\":\"cs\",\"potentialAction\":[{\"@type\":\"ReadAction\",\"target\":[\"https:\/\/onlinelotto365.com\/cs\/koupit-listky\/powerball-australia\/\"]}]},{\"@type\":\"ImageObject\",\"inLanguage\":\"cs\",\"@id\":\"https:\/\/onlinelotto365.com\/cs\/koupit-listky\/powerball-australia\/#primaryimage\",\"url\":\"https:\/\/redfoxlotto.com\/image?size=8&amp;lottery=powerball-au\",\"contentUrl\":\"https:\/\/redfoxlotto.com\/image?size=8&amp;lottery=powerball-au\"},{\"@type\":\"BreadcrumbList\",\"@id\":\"https:\/\/onlinelotto365.com\/cs\/koupit-listky\/powerball-australia\/#breadcrumb\",\"itemListElement\":[{\"@type\":\"ListItem\",\"position\":1,\"name\":\"Home\",\"item\":\"https:\/\/onlinelotto365.com\/cs\/\"},{\"@type\":\"ListItem\",\"position\":2,\"name\":\"Pro\u010d m\u00e1 v\u011bt\u0161\u00ed smysl kupovat loterijn\u00ed l\u00edstky online\",\"item\":\"https:\/\/onlinelotto365.com\/cs\/buy-tickets\/\"},{\"@type\":\"ListItem\",\"position\":3,\"name\":\"Jak koupit vstupenky Powerball Australia online\"}]},{\"@type\":\"WebSite\",\"@id\":\"https:\/\/onlinelotto365.com\/cs\/#website\",\"url\":\"https:\/\/onlinelotto365.com\/cs\/\",\"name\":\"OnlineLotto365\",\"description\":\"\",\"potentialAction\":[{\"@type\":\"SearchAction\",\"target\":{\"@type\":\"EntryPoint\",\"urlTemplate\":\"https:\/\/onlinelotto365.com\/cs\/?s={search_term_string}\"},\"query-input\":{\"@type\":\"PropertyValueSpecification\",\"valueRequired\":true,\"valueName\":\"search_term_string\"}}],\"inLanguage\":\"cs\"}]}<\/script>\n<!-- \/ Yoast SEO plugin. -->","yoast_head_json":{"title":"Koupit vstupenky na Powerball Australia z \u010cesk\u00e1 republika prost\u0159ednictv\u00edm online slu\u017eby","description":"Koupit tikety Powerball Australia online - umo\u017e\u0148ujeme to i hr\u00e1\u010d\u016fm z \u010cesk\u00e9 republiky","robots":{"index":"index","follow":"follow","max-snippet":"max-snippet:-1","max-image-preview":"max-image-preview:large","max-video-preview":"max-video-preview:-1"},"canonical":"https:\/\/onlinelotto365.com\/cs\/koupit-listky\/powerball-australia\/","og_locale":"cs_CZ","og_type":"article","og_title":"Koupit vstupenky na Powerball Australia z \u010cesk\u00e1 republika prost\u0159ednictv\u00edm online slu\u017eby","og_description":"Koupit tikety Powerball Australia online - umo\u017e\u0148ujeme to i hr\u00e1\u010d\u016fm z \u010cesk\u00e9 republiky","og_url":"https:\/\/onlinelotto365.com\/cs\/koupit-listky\/powerball-australia\/","og_site_name":"OnlineLotto365","og_image":[{"url":"https:\/\/redfoxlotto.com\/image?size=8&amp;lottery=powerball-au"}],"twitter_card":"summary_large_image","twitter_misc":{"Odhadovan\u00e1 doba \u010dten\u00ed":"3 minuty"},"schema":{"@context":"https:\/\/schema.org","@graph":[{"@type":"WebPage","@id":"https:\/\/onlinelotto365.com\/cs\/koupit-listky\/powerball-australia\/","url":"https:\/\/onlinelotto365.com\/cs\/koupit-listky\/powerball-australia\/","name":"Koupit vstupenky na Powerball Australia z \u010cesk\u00e1 republika prost\u0159ednictv\u00edm online slu\u017eby","isPartOf":{"@id":"https:\/\/onlinelotto365.com\/cs\/#website"},"primaryImageOfPage":{"@id":"https:\/\/onlinelotto365.com\/cs\/koupit-listky\/powerball-australia\/#primaryimage"},"image":{"@id":"https:\/\/onlinelotto365.com\/cs\/koupit-listky\/powerball-australia\/#primaryimage"},"thumbnailUrl":"https:\/\/redfoxlotto.com\/image?size=8&amp;lottery=powerball-au","datePublished":"2022-11-18T11:43:42+00:00","dateModified":"2022-11-18T11:43:42+00:00","description":"Koupit tikety Powerball Australia online - umo\u017e\u0148ujeme to i hr\u00e1\u010d\u016fm z \u010cesk\u00e9 republiky","breadcrumb":{"@id":"https:\/\/onlinelotto365.com\/cs\/koupit-listky\/powerball-australia\/#breadcrumb"},"inLanguage":"cs","potentialAction":[{"@type":"ReadAction","target":["https:\/\/onlinelotto365.com\/cs\/koupit-listky\/powerball-australia\/"]}]},{"@type":"ImageObject","inLanguage":"cs","@id":"https:\/\/onlinelotto365.com\/cs\/koupit-listky\/powerball-australia\/#primaryimage","url":"https:\/\/redfoxlotto.com\/image?size=8&amp;lottery=powerball-au","contentUrl":"https:\/\/redfoxlotto.com\/image?size=8&amp;lottery=powerball-au"},{"@type":"BreadcrumbList","@id":"https:\/\/onlinelotto365.com\/cs\/koupit-listky\/powerball-australia\/#breadcrumb","itemListElement":[{"@type":"ListItem","position":1,"name":"Home","item":"https:\/\/onlinelotto365.com\/cs\/"},{"@type":"ListItem","position":2,"name":"Pro\u010d m\u00e1 v\u011bt\u0161\u00ed smysl kupovat loterijn\u00ed l\u00edstky online","item":"https:\/\/onlinelotto365.com\/cs\/buy-tickets\/"},{"@type":"ListItem","position":3,"name":"Jak koupit vstupenky Powerball Australia online"}]},{"@type":"WebSite","@id":"https:\/\/onlinelotto365.com\/cs\/#website","url":"https:\/\/onlinelotto365.com\/cs\/","name":"OnlineLotto365","description":"","potentialAction":[{"@type":"SearchAction","target":{"@type":"EntryPoint","urlTemplate":"https:\/\/onlinelotto365.com\/cs\/?s={search_term_string}"},"query-input":{"@type":"PropertyValueSpecification","valueRequired":true,"valueName":"search_term_string"}}],"inLanguage":"cs"}]}},"_links":{"self":[{"href":"https:\/\/onlinelotto365.com\/cs\/wp-json\/wp\/v2\/pages\/80491","targetHints":{"allow":["GET"]}}],"collection":[{"href":"https:\/\/onlinelotto365.com\/cs\/wp-json\/wp\/v2\/pages"}],"about":[{"href":"https:\/\/onlinelotto365.com\/cs\/wp-json\/wp\/v2\/types\/page"}],"author":[{"embeddable":true,"href":"https:\/\/onlinelotto365.com\/cs\/wp-json\/wp\/v2\/users\/1"}],"replies":[{"embeddable":true,"href":"https:\/\/onlinelotto365.com\/cs\/wp-json\/wp\/v2\/comments?post=80491"}],"version-history":[{"count":0,"href":"https:\/\/onlinelotto365.com\/cs\/wp-json\/wp\/v2\/pages\/80491\/revisions"}],"up":[{"embeddable":true,"href":"https:\/\/onlinelotto365.com\/cs\/wp-json\/wp\/v2\/pages\/5559"}],"wp:attachment":[{"href":"https:\/\/onlinelotto365.com\/cs\/wp-json\/wp\/v2\/media?parent=80491"}],"curies":[{"name":"wp","href":"https:\/\/api.w.org\/{rel}","templated":true}]}}