{"id":80531,"date":"2022-11-21T10:39:34","date_gmt":"2022-11-21T09:39:34","guid":{"rendered":"https:\/\/onlinelotto365.com\/?page_id=80531"},"modified":"2022-11-21T10:39:34","modified_gmt":"2022-11-21T09:39:34","slug":"oz-lotto","status":"publish","type":"page","link":"https:\/\/onlinelotto365.com\/cs\/koupit-listky\/oz-lotto\/","title":{"rendered":"Jak koupit vstupenky Oz Lotto online"},"content":{"rendered":"<p>M\u00e1te \u0161t\u011bst\u00ed, proto\u017ee jsme pro v\u00e1s p\u0159ipravili postup, jak z\u00edskat tikety Oz Lotto pr\u00e1v\u011b zde a tak\u00e9 z \u010cesk\u00e9 republiky. M\u016f\u017eete si je snadno koupit online, sta\u010d\u00ed, kdy\u017e budete postupovat podle t\u011bchto jednoduch\u00fdch krok\u016f, kter\u00e9 jsme pro v\u00e1s p\u0159ipravili.<br \/>\n<a href=\"https:\/\/redfoxlotto.com\/play\/oz-lotto\/?ref=a8564250a2&amp;medium=ol365\" target=\"_blank\" rel=\"noopener noreferrer\"><img decoding=\"async\" class=\"aligncenter\" src=\"https:\/\/redfoxlotto.com\/image?size=8&amp;lottery=oz-lotto\" alt=\"Oz Lotto\" \/><\/a><\/p>\n<ul>\n<li>P\u0159ejd\u011bte na str\u00e1nku loterie, kterou chcete hr\u00e1t, a vyberte si \u010d\u00edsla, kter\u00e1 chcete. Nebo nechte po\u010d\u00edta\u010d, aby n\u011bkter\u00e1 \u010d\u00edsla vybral za v\u00e1s.<\/li>\n<li>P\u0159idejte si tikety pro je\u0161t\u011b v\u00edce loteri\u00ed a tak\u00e9 pro tuto hru.<\/li>\n<li>Zapla\u0165te hned te\u010f za sv\u00e9 losy<\/li>\n<li>Zaregistrujte si nov\u00fd \u00fa\u010det nebo se p\u0159ihlaste ke sv\u00e9mu st\u00e1vaj\u00edc\u00edmu \u00fa\u010dtu, abyste mohli proj\u00edt procesem platby.<\/li>\n<li>U \u00fa\u010dt\u016f, kter\u00e9 se mus\u00ed zaregistrovat, se ujist\u011bte, \u017ee jste si zkontrolovali e-mail, abyste na\u0161li ov\u011b\u0159ovac\u00ed odkaz a mohli za\u010d\u00edt.<\/li>\n<li>Pokud jste e-mail neobdr\u017eeli do sv\u00e9 b\u011b\u017en\u00e9 schr\u00e1nky, pod\u00edvejte se do slo\u017eky spamu a klikn\u011bte na odkaz pro ov\u011b\u0159en\u00ed.<\/li>\n<li>P\u0159ejd\u011bte do n\u00e1kupn\u00edho ko\u0161\u00edku a zakupte vstupenky<\/li>\n<li>Projd\u011bte procesem platby a z\u00edskejte vstupenky<\/li>\n<\/ul>\n<h2>Jak zaplatit za tiket Oz Lotto online<\/h2>\n<p>Pokud jde o platbu za tikety Oz Lotto, m\u016f\u017eete si vybrat z n\u011bkolika r\u016fzn\u00fdch zcela bezpe\u010dn\u00fdch mo\u017enost\u00ed.<br \/>\nKa\u017ed\u00e1 z nich spad\u00e1 do dvou r\u016fzn\u00fdch kategori\u00ed:<\/p>\n<p>Zaplatit za objedn\u00e1vku libovolnou zvolenou platebn\u00ed metodou<br \/>\nvlo\u017eit pen\u00edze na sv\u016fj b\u011b\u017en\u00fd hr\u00e1\u010dsk\u00fd \u00fa\u010det a pou\u017e\u00edt je k n\u00e1kupu<\/p>\n<p>Pokud se chyst\u00e1te pou\u017e\u00edt sv\u016fj hr\u00e1\u010dsk\u00fd \u00fa\u010det, ujist\u011bte se, \u017ee jste vlo\u017eili v\u00edce pen\u011bz, ne\u017e kolik pot\u0159ebujete k n\u00e1kupu.<\/p>\n<h2>Dal\u0161\u00ed informace o programu Oz Lotto<\/h2>\n<ul>\n<li>, kde najdete informace o loterii Lotto.<\/li>\n<li>Rozsah hlavn\u00edch \u010d\u00edsel: 45<\/li>\n<li>Va\u0161e tipy: 7<\/li>\n<li>Dny losov\u00e1n\u00ed, hodiny: \u00dater\u00fd, 21:30 GMT+11, 10:30 CET<\/li>\n<li>Minim\u00e1ln\u00ed jackpot: AU$ 2 miliony<\/li>\n<li>Maxim\u00e1ln\u00ed jackpot: \u017e\u00e1dn\u00fd<\/li>\n<li>Pravd\u011bpodobnost v\u00fdhry: 1 ku 45379620<\/li>\n<li>Pravd\u011bpodobnost v\u00fdhry ve 2. \u00farovni: Pravd\u011bpodobnost v\u00fdhry jackpotu je 1 ku 3241401<\/li>\n<li>Pravd\u011bpodobnost v\u00fdhry v jak\u00e9koli \u00farovni: 1 ku 54,59<\/li>\n<li>Po\u010det v\u00fdhern\u00edch \u00farovn\u00ed: 7<\/li>\n<\/ul>\n<h2>V\u00fdhody n\u00e1kupu los\u016f Oz Lotto online<\/h2>\n<ul>\n<li>Pro v\u00fdb\u011br tiket\u016f nemus\u00edte opou\u0161t\u011bt domov<\/li>\n<li>M\u016f\u017eete si vybrat ze spousty r\u016fzn\u00fdch mo\u017enost\u00ed<\/li>\n<li>Pod\u00edvejte se na v\u00fd\u0161i jackpotu a rozhodn\u011bte se, kterou loterii si chcete koupit<\/li>\n<li>Pen\u00edze si m\u016f\u017eete p\u0159idat p\u0159\u00edmo na sv\u016fj hr\u00e1\u010dsk\u00fd \u00fa\u010det a pou\u017e\u00edt je k n\u00e1kupu tiket\u016f<\/li>\n<li>Nikdy se nemus\u00edte b\u00e1t, \u017ee sv\u00e9 tikety ztrat\u00edte<\/li>\n<li>Dost\u00e1vejte ozn\u00e1men\u00ed, pokud n\u011bco vyhrajete<\/li>\n<li>Vyu\u017eijte mo\u017enost rychl\u00e9ho v\u00fdb\u011bru a z\u00edskejte tikety, ani\u017e byste si sami vyb\u00edrali \u010d\u00edsla.<\/li>\n<\/ul>\n<h2>Je leg\u00e1ln\u00ed kupovat losy Oz Lotto online?<\/h2>\n<p>Mo\u017en\u00e1 si nejste jisti, zda je v zemi va\u0161eho bydli\u0161t\u011b povoleno kupovat loterijn\u00ed tikety online nebo dokonce tradi\u010dn\u00edm zp\u016fsobem. No, nemus\u00edte si d\u011blat starosti, a\u0165 u\u017e v \u010cesk\u00e9 republice nebo jinde, proto\u017ee my se postar\u00e1me o v\u011bci, pokud jde o p\u0159edpisy pro zemi, ve kter\u00e9 se hraje. Nemus\u00edte si d\u011blat starosti s t\u00edm, zda je leg\u00e1ln\u00ed vyu\u017e\u00edvat n\u00e1mi poskytovan\u00e9 slu\u017eby, pokud je v\u00e1m alespo\u0148 18 let. Postar\u00e1me se o to, abyste dostali zaplaceno bez ohledu na to, co se d\u011bje.<\/p>\n<p>Jak dostanu v\u00fdplatu, kdy\u017e vyhraji Oz Lotto online?<\/p>\n<p>Platby jsou d\u016fle\u017eitou sou\u010d\u00e1st\u00ed procesu, pokud jde o va\u0161e hran\u00ed loterie. Chceme se ujistit, \u017ee dostanete v\u0161echny sv\u00e9 pen\u00edze, a proto db\u00e1me na to, aby v\u00e1m nebyla \u00fa\u010dtov\u00e1na provize, kdy\u017e n\u011bco vyhrajete.<\/p>\n<p>Nebudou v\u00e1m tak\u00e9 \u00fa\u010dtov\u00e1ny \u017e\u00e1dn\u00e9 poplatky, pokud se nerozhodnete pro bankovn\u00ed p\u0159evod, abyste sv\u00e9 pen\u00edze dostali na sv\u016fj \u00fa\u010det. V takov\u00e9m p\u0159\u00edpad\u011b v\u00e1m bude p\u0159\u00edpadn\u011b \u00fa\u010dtov\u00e1n poplatek ve v\u00fd\u0161i \u010d\u00e1stky, kterou si banka za p\u0159evod \u00fa\u010dtuje.<img loading=\"lazy\" decoding=\"async\" class=\"alignright wp-image-3659\" src=\"https:\/\/onlinelotto365.com\/wp-content\/uploads\/2020\/11\/online_lottery-4-300x300.jpg\" alt=\"Oz lotto z Velk\u00e9 Brit\u00e1nie\" width=\"246\" height=\"246\" srcset=\"https:\/\/onlinelotto365.com\/wp-content\/uploads\/2020\/11\/online_lottery-4-300x300.jpg 300w, https:\/\/onlinelotto365.com\/wp-content\/uploads\/2020\/11\/online_lottery-4-100x100.jpg 100w, https:\/\/onlinelotto365.com\/wp-content\/uploads\/2020\/11\/online_lottery-4-150x150.jpg 150w, https:\/\/onlinelotto365.com\/wp-content\/uploads\/2020\/11\/online_lottery-4.jpg 320w\" sizes=\"auto, (max-width: 246px) 100vw, 246px\" \/><\/p>\n<p>V opa\u010dn\u00e9m p\u0159\u00edpad\u011b m\u011bjte na pam\u011bti n\u00e1sleduj\u00edc\u00ed:<\/p>\n<p>Pokud vyhrajete m\u00e9n\u011b ne\u017e 2500 EUR, pen\u00edze se na v\u00e1\u0161 \u00fa\u010det p\u0159evedou automaticky. Nemus\u00edte se v\u016fbec o nic starat.<br \/>\nPokud vyhrajete v\u00edce ne\u017e 2500 \u20ac, pen\u00edze budou muset proj\u00edt p\u0159\u00edslu\u0161n\u00fdmi kan\u00e1ly. To znamen\u00e1, \u017ee od n\u00e1s dostanete e-mail o vypln\u011bn\u00ed formul\u00e1\u0159e pro uplatn\u011bn\u00ed n\u00e1roku u loterijn\u00ed komise. Pot\u00e9 budou pen\u00edze p\u0159evedeny na v\u00e1\u0161 bankovn\u00ed \u00fa\u010det nebo v\u00e1m budou zasl\u00e1ny \u0161ekem p\u0159\u00edmo na v\u00e1\u0161 \u00fa\u010det.<\/p>\n","protected":false},"excerpt":{"rendered":"<p>M\u00e1te \u0161t\u011bst\u00ed, proto\u017ee jsme pro v\u00e1s p\u0159ipravili postup, jak z\u00edskat tikety Oz Lotto pr\u00e1v\u011b zde a tak\u00e9 z \u010cesk\u00e9 republiky. M\u016f\u017eete si je snadno koupit online, sta\u010d\u00ed, kdy\u017e budete postupovat podle t\u011bchto jednoduch\u00fdch krok\u016f, kter\u00e9 jsme pro v\u00e1s p\u0159ipravili. P\u0159ejd\u011bte na str\u00e1nku loterie, kterou chcete hr\u00e1t, a vyberte si \u010d\u00edsla, kter\u00e1 chcete. Nebo nechte po\u010d\u00edta\u010d, [&hellip;]<\/p>\n","protected":false},"author":1,"featured_media":0,"parent":5559,"menu_order":14,"comment_status":"closed","ping_status":"closed","template":"template-rightsidebar.php","meta":{"_et_pb_use_builder":"","_et_pb_old_content":"","_et_gb_content_width":"","exclude_from_search":false,"footnotes":""},"class_list":["post-80531","page","type-page","status-publish","hentry"],"yoast_head":"<!-- This site is optimized with the Yoast SEO plugin v23.4 - https:\/\/yoast.com\/wordpress\/plugins\/seo\/ -->\n<title>Z\u00edsk\u00e1n\u00ed vstupenek na Oz Lotto online z \u010cesk\u00e9 republiky<\/title>\n<meta name=\"description\" content=\"Z\u00edskejte vstupenky na australsk\u00e9 Oz Lotto z \u010cesk\u00e9 republiky\" \/>\n<meta name=\"robots\" content=\"index, follow, max-snippet:-1, max-image-preview:large, max-video-preview:-1\" \/>\n<link rel=\"canonical\" href=\"https:\/\/onlinelotto365.com\/cs\/koupit-listky\/oz-lotto\/\" \/>\n<meta property=\"og:locale\" content=\"cs_CZ\" \/>\n<meta property=\"og:type\" content=\"article\" \/>\n<meta property=\"og:title\" content=\"Z\u00edsk\u00e1n\u00ed vstupenek na Oz Lotto online z \u010cesk\u00e9 republiky\" \/>\n<meta property=\"og:description\" content=\"Z\u00edskejte vstupenky na australsk\u00e9 Oz Lotto z \u010cesk\u00e9 republiky\" \/>\n<meta property=\"og:url\" content=\"https:\/\/onlinelotto365.com\/cs\/koupit-listky\/oz-lotto\/\" \/>\n<meta property=\"og:site_name\" content=\"OnlineLotto365\" \/>\n<meta property=\"og:image\" content=\"https:\/\/redfoxlotto.com\/image?size=8&amp;lottery=oz-lotto\" \/>\n<meta name=\"twitter:card\" content=\"summary_large_image\" \/>\n<meta name=\"twitter:label1\" content=\"Odhadovan\u00e1 doba \u010dten\u00ed\" \/>\n\t<meta name=\"twitter:data1\" content=\"3 minuty\" \/>\n<script type=\"application\/ld+json\" class=\"yoast-schema-graph\">{\"@context\":\"https:\/\/schema.org\",\"@graph\":[{\"@type\":\"WebPage\",\"@id\":\"https:\/\/onlinelotto365.com\/cs\/koupit-listky\/oz-lotto\/\",\"url\":\"https:\/\/onlinelotto365.com\/cs\/koupit-listky\/oz-lotto\/\",\"name\":\"Z\u00edsk\u00e1n\u00ed vstupenek na Oz Lotto online z \u010cesk\u00e9 republiky\",\"isPartOf\":{\"@id\":\"https:\/\/onlinelotto365.com\/cs\/#website\"},\"primaryImageOfPage\":{\"@id\":\"https:\/\/onlinelotto365.com\/cs\/koupit-listky\/oz-lotto\/#primaryimage\"},\"image\":{\"@id\":\"https:\/\/onlinelotto365.com\/cs\/koupit-listky\/oz-lotto\/#primaryimage\"},\"thumbnailUrl\":\"https:\/\/redfoxlotto.com\/image?size=8&amp;lottery=oz-lotto\",\"datePublished\":\"2022-11-21T09:39:34+00:00\",\"dateModified\":\"2022-11-21T09:39:34+00:00\",\"description\":\"Z\u00edskejte vstupenky na australsk\u00e9 Oz Lotto z \u010cesk\u00e9 republiky\",\"breadcrumb\":{\"@id\":\"https:\/\/onlinelotto365.com\/cs\/koupit-listky\/oz-lotto\/#breadcrumb\"},\"inLanguage\":\"cs\",\"potentialAction\":[{\"@type\":\"ReadAction\",\"target\":[\"https:\/\/onlinelotto365.com\/cs\/koupit-listky\/oz-lotto\/\"]}]},{\"@type\":\"ImageObject\",\"inLanguage\":\"cs\",\"@id\":\"https:\/\/onlinelotto365.com\/cs\/koupit-listky\/oz-lotto\/#primaryimage\",\"url\":\"https:\/\/redfoxlotto.com\/image?size=8&amp;lottery=oz-lotto\",\"contentUrl\":\"https:\/\/redfoxlotto.com\/image?size=8&amp;lottery=oz-lotto\"},{\"@type\":\"BreadcrumbList\",\"@id\":\"https:\/\/onlinelotto365.com\/cs\/koupit-listky\/oz-lotto\/#breadcrumb\",\"itemListElement\":[{\"@type\":\"ListItem\",\"position\":1,\"name\":\"Home\",\"item\":\"https:\/\/onlinelotto365.com\/cs\/\"},{\"@type\":\"ListItem\",\"position\":2,\"name\":\"Pro\u010d m\u00e1 v\u011bt\u0161\u00ed smysl kupovat loterijn\u00ed l\u00edstky online\",\"item\":\"https:\/\/onlinelotto365.com\/cs\/buy-tickets\/\"},{\"@type\":\"ListItem\",\"position\":3,\"name\":\"Jak koupit vstupenky Oz Lotto online\"}]},{\"@type\":\"WebSite\",\"@id\":\"https:\/\/onlinelotto365.com\/cs\/#website\",\"url\":\"https:\/\/onlinelotto365.com\/cs\/\",\"name\":\"OnlineLotto365\",\"description\":\"\",\"potentialAction\":[{\"@type\":\"SearchAction\",\"target\":{\"@type\":\"EntryPoint\",\"urlTemplate\":\"https:\/\/onlinelotto365.com\/cs\/?s={search_term_string}\"},\"query-input\":{\"@type\":\"PropertyValueSpecification\",\"valueRequired\":true,\"valueName\":\"search_term_string\"}}],\"inLanguage\":\"cs\"}]}<\/script>\n<!-- \/ Yoast SEO plugin. -->","yoast_head_json":{"title":"Z\u00edsk\u00e1n\u00ed vstupenek na Oz Lotto online z \u010cesk\u00e9 republiky","description":"Z\u00edskejte vstupenky na australsk\u00e9 Oz Lotto z \u010cesk\u00e9 republiky","robots":{"index":"index","follow":"follow","max-snippet":"max-snippet:-1","max-image-preview":"max-image-preview:large","max-video-preview":"max-video-preview:-1"},"canonical":"https:\/\/onlinelotto365.com\/cs\/koupit-listky\/oz-lotto\/","og_locale":"cs_CZ","og_type":"article","og_title":"Z\u00edsk\u00e1n\u00ed vstupenek na Oz Lotto online z \u010cesk\u00e9 republiky","og_description":"Z\u00edskejte vstupenky na australsk\u00e9 Oz Lotto z \u010cesk\u00e9 republiky","og_url":"https:\/\/onlinelotto365.com\/cs\/koupit-listky\/oz-lotto\/","og_site_name":"OnlineLotto365","og_image":[{"url":"https:\/\/redfoxlotto.com\/image?size=8&amp;lottery=oz-lotto"}],"twitter_card":"summary_large_image","twitter_misc":{"Odhadovan\u00e1 doba \u010dten\u00ed":"3 minuty"},"schema":{"@context":"https:\/\/schema.org","@graph":[{"@type":"WebPage","@id":"https:\/\/onlinelotto365.com\/cs\/koupit-listky\/oz-lotto\/","url":"https:\/\/onlinelotto365.com\/cs\/koupit-listky\/oz-lotto\/","name":"Z\u00edsk\u00e1n\u00ed vstupenek na Oz Lotto online z \u010cesk\u00e9 republiky","isPartOf":{"@id":"https:\/\/onlinelotto365.com\/cs\/#website"},"primaryImageOfPage":{"@id":"https:\/\/onlinelotto365.com\/cs\/koupit-listky\/oz-lotto\/#primaryimage"},"image":{"@id":"https:\/\/onlinelotto365.com\/cs\/koupit-listky\/oz-lotto\/#primaryimage"},"thumbnailUrl":"https:\/\/redfoxlotto.com\/image?size=8&amp;lottery=oz-lotto","datePublished":"2022-11-21T09:39:34+00:00","dateModified":"2022-11-21T09:39:34+00:00","description":"Z\u00edskejte vstupenky na australsk\u00e9 Oz Lotto z \u010cesk\u00e9 republiky","breadcrumb":{"@id":"https:\/\/onlinelotto365.com\/cs\/koupit-listky\/oz-lotto\/#breadcrumb"},"inLanguage":"cs","potentialAction":[{"@type":"ReadAction","target":["https:\/\/onlinelotto365.com\/cs\/koupit-listky\/oz-lotto\/"]}]},{"@type":"ImageObject","inLanguage":"cs","@id":"https:\/\/onlinelotto365.com\/cs\/koupit-listky\/oz-lotto\/#primaryimage","url":"https:\/\/redfoxlotto.com\/image?size=8&amp;lottery=oz-lotto","contentUrl":"https:\/\/redfoxlotto.com\/image?size=8&amp;lottery=oz-lotto"},{"@type":"BreadcrumbList","@id":"https:\/\/onlinelotto365.com\/cs\/koupit-listky\/oz-lotto\/#breadcrumb","itemListElement":[{"@type":"ListItem","position":1,"name":"Home","item":"https:\/\/onlinelotto365.com\/cs\/"},{"@type":"ListItem","position":2,"name":"Pro\u010d m\u00e1 v\u011bt\u0161\u00ed smysl kupovat loterijn\u00ed l\u00edstky online","item":"https:\/\/onlinelotto365.com\/cs\/buy-tickets\/"},{"@type":"ListItem","position":3,"name":"Jak koupit vstupenky Oz Lotto online"}]},{"@type":"WebSite","@id":"https:\/\/onlinelotto365.com\/cs\/#website","url":"https:\/\/onlinelotto365.com\/cs\/","name":"OnlineLotto365","description":"","potentialAction":[{"@type":"SearchAction","target":{"@type":"EntryPoint","urlTemplate":"https:\/\/onlinelotto365.com\/cs\/?s={search_term_string}"},"query-input":{"@type":"PropertyValueSpecification","valueRequired":true,"valueName":"search_term_string"}}],"inLanguage":"cs"}]}},"_links":{"self":[{"href":"https:\/\/onlinelotto365.com\/cs\/wp-json\/wp\/v2\/pages\/80531","targetHints":{"allow":["GET"]}}],"collection":[{"href":"https:\/\/onlinelotto365.com\/cs\/wp-json\/wp\/v2\/pages"}],"about":[{"href":"https:\/\/onlinelotto365.com\/cs\/wp-json\/wp\/v2\/types\/page"}],"author":[{"embeddable":true,"href":"https:\/\/onlinelotto365.com\/cs\/wp-json\/wp\/v2\/users\/1"}],"replies":[{"embeddable":true,"href":"https:\/\/onlinelotto365.com\/cs\/wp-json\/wp\/v2\/comments?post=80531"}],"version-history":[{"count":0,"href":"https:\/\/onlinelotto365.com\/cs\/wp-json\/wp\/v2\/pages\/80531\/revisions"}],"up":[{"embeddable":true,"href":"https:\/\/onlinelotto365.com\/cs\/wp-json\/wp\/v2\/pages\/5559"}],"wp:attachment":[{"href":"https:\/\/onlinelotto365.com\/cs\/wp-json\/wp\/v2\/media?parent=80531"}],"curies":[{"name":"wp","href":"https:\/\/api.w.org\/{rel}","templated":true}]}}