{"id":80564,"date":"2022-11-21T13:03:00","date_gmt":"2022-11-21T12:03:00","guid":{"rendered":"https:\/\/onlinelotto365.com\/?page_id=80564"},"modified":"2022-11-21T13:03:00","modified_gmt":"2022-11-21T12:03:00","slug":"saturday-lotto-australia","status":"publish","type":"page","link":"https:\/\/onlinelotto365.com\/cs\/koupit-listky\/saturday-lotto-australia\/","title":{"rendered":"Jak koupit vstupenky Saturday Lotto Australia online"},"content":{"rendered":"<p>Pokud jste si nebyli jisti, jak si koupit losy Saturday Lotto Australia online, ur\u010dit\u011b se v\u00e1m bude hodit tento pr\u016fvodce krok za krokem, kter\u00fd v\u00e1m pom\u016f\u017ee se k tomu rychle dostat. Nebudete se muset ni\u010deho ob\u00e1vat, proto\u017ee v\u00e1m s t\u00edm pom\u016f\u017eeme.<br \/>\n<a href=\"https:\/\/redfoxlotto.com\/play\/saturday-lotto-au\/?ref=a8564250a2&amp;medium=ol365\" target=\"_blank\" rel=\"noopener noreferrer\"><img decoding=\"async\" class=\"aligncenter\" src=\"https:\/\/redfoxlotto.com\/image?size=8&amp;lottery=saturday-lotto-au\" alt=\"Saturday Lotto Australia\" \/><\/a><\/p>\n<ul>\n<li>P\u0159ejd\u011bte na str\u00e1nku Saturday Lotto Australia a vyberte si \u010d\u00edsla, kter\u00e1 chcete hr\u00e1t na jednotliv\u00fdch tiketech.<\/li>\n<li>P\u0159idejte dal\u0161\u00ed tikety pro stejnou hru nebo pro r\u016fzn\u00e9 hry.<\/li>\n<li>P\u0159ejd\u011bte na mo\u017enost zaplatit nyn\u00ed<\/li>\n<li>P\u0159ihlaste se ke sv\u00e9mu st\u00e1vaj\u00edc\u00edmu \u00fa\u010dtu nebo vyberte mo\u017enost registrace nov\u00e9ho \u00fa\u010dtu a postupujte podle pokyn\u016f.<\/li>\n<li>U nov\u00fdch \u00fa\u010dt\u016f si nezapome\u0148te zkontrolovat svou e-mailovou schr\u00e1nku, zda v\u00e1m nep\u0159i\u0161el potvrzovac\u00ed e-mail s ov\u011b\u0159ovac\u00edm odkazem.<\/li>\n<li>Pokud potvrzovac\u00ed e-mail nevid\u00edte, zkontrolujte slo\u017eku se spamem a klikn\u011bte na odkaz.<\/li>\n<li>P\u0159ejd\u011bte do n\u00e1kupn\u00edho ko\u0161\u00edku<\/li>\n<li>Vyberte mo\u017enost platby, kterou chcete pou\u017e\u00edt, a projd\u011bte procesem platby<\/li>\n<\/ul>\n<h2>Jak zaplatit za v\u00e1\u0161 Saturday Lotto Australia tiket online<\/h2>\n<p>A\u017e si u n\u00e1s budete cht\u00edt zakoupit sv\u00e9 dal\u0161\u00ed losy z \u010cesk\u00e9 republiky, m\u016f\u017eete pou\u017e\u00edt jednu z mnoha r\u016fzn\u00fdch bezpe\u010dn\u00fdch platebn\u00edch mo\u017enost\u00ed.<br \/>\nVyberte si z t\u011bchto r\u016fzn\u00fdch mo\u017enost\u00ed:<\/p>\n<p>Zapla\u0165te za objedn\u00e1vku p\u0159\u00edmo prost\u0159ednictv\u00edm preferovan\u00e9 platebn\u00ed metody.<br \/>\nVlo\u017eit pen\u00edze na sv\u016fj \u00fa\u010det a pou\u017e\u00edt je k n\u00e1kupu tiket\u016f<\/p>\n<p>Pokud se rozhodnete vlo\u017eit pen\u00edze na sv\u016fj \u00fa\u010det, nezapome\u0148te na n\u00e1kup p\u0159idat v\u00edce ne\u017e dost pen\u011bz.<\/p>\n<h2>V\u00edce informac\u00ed o Saturday Lotto Australia<\/h2>\n<ul>\n<li>Zem\u011b: , kde najdete informace o loterii Lotto v Austr\u00e1lii.<\/li>\n<li>Rozsah hlavn\u00edch \u010d\u00edsel: 45<\/li>\n<li>Va\u0161e volba: 6<\/li>\n<li>Dny losov\u00e1n\u00ed, hodiny: Sobota, 21:30 GMT+11, 10:30 CET<\/li>\n<li>Minim\u00e1ln\u00ed jackpot: AU$ 5 milion\u016f<\/li>\n<li>Maxim\u00e1ln\u00ed jackpot: AU$ 150 milion\u016f<\/li>\n<li>Pravd\u011bpodobnost v\u00fdhry jackpotu: 1 ku 8145060<\/li>\n<li>Pravd\u011bpodobnost v\u00fdhry ve 2. \u00farovni: 1 ku 678755<\/li>\n<li>Pravd\u011bpodobnost v\u00fdhry v jak\u00e9koli \u00farovni: 1 ku 85,44<\/li>\n<li>Po\u010det v\u00fdhern\u00edch \u00farovn\u00ed: 6<\/li>\n<\/ul>\n<h2>V\u00fdhody n\u00e1kupu vstupenek Saturday Lotto Australia online<\/h2>\n<ul>\n<li>Z\u00edskejte tikety, kter\u00e9 chcete, a nemus\u00edte vych\u00e1zet ze dve\u0159\u00ed<\/li>\n<li>Vyb\u00edrejte z mnoha r\u016fzn\u00fdch loterijn\u00edch her<\/li>\n<li>Z\u00edskejte v\u011bt\u0161\u00ed \u0161anci na v\u00fdhru, kdy\u017e si vyberete ty nejv\u011bt\u0161\u00ed jackpoty.<\/li>\n<li>Vlo\u017ete si pen\u00edze na \u00fa\u010det a pak za tikety zapla\u0165te.<\/li>\n<li>Snadno si udr\u017eujte p\u0159ehled o sv\u00fdch tiketech<\/li>\n<li>Z\u00edskejte poka\u017ed\u00e9 ozn\u00e1men\u00ed o v\u00fdh\u0159e<\/li>\n<li>Pomoc\u00ed rychl\u00e9ho v\u00fdb\u011bru z\u00edsk\u00e1te tikety, ani\u017e byste museli vyb\u00edrat \u010d\u00edsla<\/li>\n<\/ul>\n<h2>Je leg\u00e1ln\u00ed kupovat losy Saturday Lotto Australia online?<\/h2>\n<p>Mo\u017en\u00e1 jste nerv\u00f3zn\u00ed z toho, zda je n\u00e1kup los\u016f t\u00edmto zp\u016fsobem, kdy\u017e jste obyvateli \u010cesk\u00e9 republiky, skute\u010dn\u011b leg\u00e1ln\u00ed v zemi va\u0161eho bydli\u0161t\u011b. No, nemus\u00edte se ob\u00e1vat, proto\u017ee my se postar\u00e1me o to, aby v\u0161e bylo leg\u00e1ln\u00ed podle zem\u011b, ve kter\u00e9 jsou losy zakoupeny, v\u010detn\u011b zem\u011b, ve kter\u00e9 se loterie nach\u00e1z\u00ed. Nemus\u00edte se starat o nic jin\u00e9ho ne\u017e o to, abyste se ujistili, \u017ee jste leg\u00e1ln\u011b dost sta\u0159\u00ed na to, abyste si losy mohli koupit. Abyste mohli pou\u017e\u00edvat na\u0161e webov\u00e9 str\u00e1nky, mus\u00edte m\u00edt 18 let.<\/p>\n<h2>Jak dostanu zaplaceno, kdy\u017e vyhraju Saturday Lotto Australia online?<\/h2>\n<p><img loading=\"lazy\" decoding=\"async\" class=\"alignright wp-image-3694\" src=\"https:\/\/onlinelotto365.com\/wp-content\/uploads\/2020\/11\/online_lottery-11-300x300.jpeg\" alt=\"koupit losy Saturday Lotto online\" width=\"187\" height=\"187\" srcset=\"https:\/\/onlinelotto365.com\/wp-content\/uploads\/2020\/11\/online_lottery-11-300x300.jpeg 300w, https:\/\/onlinelotto365.com\/wp-content\/uploads\/2020\/11\/online_lottery-11-100x100.jpeg 100w, https:\/\/onlinelotto365.com\/wp-content\/uploads\/2020\/11\/online_lottery-11-150x150.jpeg 150w, https:\/\/onlinelotto365.com\/wp-content\/uploads\/2020\/11\/online_lottery-11.jpeg 480w\" sizes=\"auto, (max-width: 187px) 100vw, 187px\" \/><br \/>\nV\u00edme, \u017ee nechcete, aby si n\u011bkdo vzal pod\u00edl z va\u0161\u00ed v\u00fdhry, a proto se star\u00e1me o to, aby tomu tak nebylo. Nikdy n\u00e1m nebudete platit provizi, kdy\u017e vyhrajete ve sv\u00fdch obl\u00edben\u00fdch loterijn\u00edch hr\u00e1ch. A nemus\u00edte se ob\u00e1vat ani toho, \u017ee byste n\u00e1m platili provizi z v\u00fdher.<\/p>\n<p>Jedin\u00fd p\u0159\u00edpad, kdy budete platit poplatek, je, kdy\u017e se rozhodnete nechat si v\u00fdhru v loterii zaslat bankovn\u00edm p\u0159evodem, nap\u0159\u00edklad do banky v \u010cesk\u00e9 republice. Tyto bankovn\u00ed p\u0159evody n\u00e1s n\u011bkdy mohou st\u00e1t poplatky, proto\u017ee banky si \u00fa\u010dtuj\u00ed poplatky za mezin\u00e1rodn\u00ed p\u0159evody. Tento poplatek se m\u016f\u017ee p\u0159en\u00e9st na v\u00e1s a strhnout z v\u00fdhry, kterou jste z\u00edskali.<br \/>\n<strong>Pokud jde o v\u00fdplatu, sta\u010d\u00ed m\u00edt na pam\u011bti:<\/strong><\/p>\n<ul>\n<li>V\u00fdplaty do 2500 \u20ac se p\u0159ipisuj\u00ed na v\u00e1\u0161 \u00fa\u010det. Nemus\u00edte d\u011blat nic, proto\u017ee to v\u0161echno ud\u011bl\u00e1me za v\u00e1s.<\/li>\n<li>Platby nad 2500 \u20ac jsou vypl\u00e1ceny bankovn\u00edm p\u0159evodem nebo \u0161ekem. Kontaktuje v\u00e1s n\u00e1\u0161 t\u00fdm podpory, abyste vyplnili formul\u00e1\u0159, d\u00edky kter\u00e9mu budeme v\u011bd\u011bt, jak v\u00e1m pen\u00edze poslat. Pak u\u017e jen mus\u00edte po\u010dkat n\u011bkolik dn\u00ed, ne\u017e v\u00e1m p\u0159ijdou.<\/li>\n<\/ul>\n","protected":false},"excerpt":{"rendered":"<p>Pokud jste si nebyli jisti, jak si koupit losy Saturday Lotto Australia online, ur\u010dit\u011b se v\u00e1m bude hodit tento pr\u016fvodce krok za krokem, kter\u00fd v\u00e1m pom\u016f\u017ee se k tomu rychle dostat. Nebudete se muset ni\u010deho ob\u00e1vat, proto\u017ee v\u00e1m s t\u00edm pom\u016f\u017eeme. P\u0159ejd\u011bte na str\u00e1nku Saturday Lotto Australia a vyberte si \u010d\u00edsla, kter\u00e1 chcete hr\u00e1t na [&hellip;]<\/p>\n","protected":false},"author":1,"featured_media":0,"parent":5559,"menu_order":15,"comment_status":"closed","ping_status":"closed","template":"saturday-lotto-info.php","meta":{"_et_pb_use_builder":"","_et_pb_old_content":"","_et_gb_content_width":"","exclude_from_search":false,"footnotes":""},"class_list":["post-80564","page","type-page","status-publish","hentry"],"yoast_head":"<!-- This site is optimized with the Yoast SEO plugin v23.4 - https:\/\/yoast.com\/wordpress\/plugins\/seo\/ -->\n<title>Jak z\u00edskat vstupenky na Saturday Lotto Australia, pokud jste rezidentem \u010cesk\u00e9 republiky<\/title>\n<meta name=\"description\" content=\"Obyvatel\u00e9 \u010cesk\u00e9 republiky si nyn\u00ed mohou zakoupit losy pro Saturday lotto Australia\" \/>\n<meta name=\"robots\" content=\"index, follow, max-snippet:-1, max-image-preview:large, max-video-preview:-1\" \/>\n<link rel=\"canonical\" href=\"https:\/\/onlinelotto365.com\/cs\/koupit-listky\/saturday-lotto-australia\/\" \/>\n<meta property=\"og:locale\" content=\"cs_CZ\" \/>\n<meta property=\"og:type\" content=\"article\" \/>\n<meta property=\"og:title\" content=\"Jak z\u00edskat vstupenky na Saturday Lotto Australia, pokud jste rezidentem \u010cesk\u00e9 republiky\" \/>\n<meta property=\"og:description\" content=\"Obyvatel\u00e9 \u010cesk\u00e9 republiky si nyn\u00ed mohou zakoupit losy pro Saturday lotto Australia\" \/>\n<meta property=\"og:url\" content=\"https:\/\/onlinelotto365.com\/cs\/koupit-listky\/saturday-lotto-australia\/\" \/>\n<meta property=\"og:site_name\" content=\"OnlineLotto365\" \/>\n<meta property=\"og:image\" content=\"https:\/\/redfoxlotto.com\/image?size=8&amp;lottery=saturday-lotto-au\" \/>\n<meta name=\"twitter:card\" content=\"summary_large_image\" \/>\n<meta name=\"twitter:label1\" content=\"Odhadovan\u00e1 doba \u010dten\u00ed\" \/>\n\t<meta name=\"twitter:data1\" content=\"3 minuty\" \/>\n<script type=\"application\/ld+json\" class=\"yoast-schema-graph\">{\"@context\":\"https:\/\/schema.org\",\"@graph\":[{\"@type\":\"WebPage\",\"@id\":\"https:\/\/onlinelotto365.com\/cs\/koupit-listky\/saturday-lotto-australia\/\",\"url\":\"https:\/\/onlinelotto365.com\/cs\/koupit-listky\/saturday-lotto-australia\/\",\"name\":\"Jak z\u00edskat vstupenky na Saturday Lotto Australia, pokud jste rezidentem \u010cesk\u00e9 republiky\",\"isPartOf\":{\"@id\":\"https:\/\/onlinelotto365.com\/cs\/#website\"},\"primaryImageOfPage\":{\"@id\":\"https:\/\/onlinelotto365.com\/cs\/koupit-listky\/saturday-lotto-australia\/#primaryimage\"},\"image\":{\"@id\":\"https:\/\/onlinelotto365.com\/cs\/koupit-listky\/saturday-lotto-australia\/#primaryimage\"},\"thumbnailUrl\":\"https:\/\/redfoxlotto.com\/image?size=8&amp;lottery=saturday-lotto-au\",\"datePublished\":\"2022-11-21T12:03:00+00:00\",\"dateModified\":\"2022-11-21T12:03:00+00:00\",\"description\":\"Obyvatel\u00e9 \u010cesk\u00e9 republiky si nyn\u00ed mohou zakoupit losy pro Saturday lotto Australia\",\"breadcrumb\":{\"@id\":\"https:\/\/onlinelotto365.com\/cs\/koupit-listky\/saturday-lotto-australia\/#breadcrumb\"},\"inLanguage\":\"cs\",\"potentialAction\":[{\"@type\":\"ReadAction\",\"target\":[\"https:\/\/onlinelotto365.com\/cs\/koupit-listky\/saturday-lotto-australia\/\"]}]},{\"@type\":\"ImageObject\",\"inLanguage\":\"cs\",\"@id\":\"https:\/\/onlinelotto365.com\/cs\/koupit-listky\/saturday-lotto-australia\/#primaryimage\",\"url\":\"https:\/\/redfoxlotto.com\/image?size=8&amp;lottery=saturday-lotto-au\",\"contentUrl\":\"https:\/\/redfoxlotto.com\/image?size=8&amp;lottery=saturday-lotto-au\"},{\"@type\":\"BreadcrumbList\",\"@id\":\"https:\/\/onlinelotto365.com\/cs\/koupit-listky\/saturday-lotto-australia\/#breadcrumb\",\"itemListElement\":[{\"@type\":\"ListItem\",\"position\":1,\"name\":\"Home\",\"item\":\"https:\/\/onlinelotto365.com\/cs\/\"},{\"@type\":\"ListItem\",\"position\":2,\"name\":\"Pro\u010d m\u00e1 v\u011bt\u0161\u00ed smysl kupovat loterijn\u00ed l\u00edstky online\",\"item\":\"https:\/\/onlinelotto365.com\/cs\/buy-tickets\/\"},{\"@type\":\"ListItem\",\"position\":3,\"name\":\"Jak koupit vstupenky Saturday Lotto Australia online\"}]},{\"@type\":\"WebSite\",\"@id\":\"https:\/\/onlinelotto365.com\/cs\/#website\",\"url\":\"https:\/\/onlinelotto365.com\/cs\/\",\"name\":\"OnlineLotto365\",\"description\":\"\",\"potentialAction\":[{\"@type\":\"SearchAction\",\"target\":{\"@type\":\"EntryPoint\",\"urlTemplate\":\"https:\/\/onlinelotto365.com\/cs\/?s={search_term_string}\"},\"query-input\":{\"@type\":\"PropertyValueSpecification\",\"valueRequired\":true,\"valueName\":\"search_term_string\"}}],\"inLanguage\":\"cs\"}]}<\/script>\n<!-- \/ Yoast SEO plugin. -->","yoast_head_json":{"title":"Jak z\u00edskat vstupenky na Saturday Lotto Australia, pokud jste rezidentem \u010cesk\u00e9 republiky","description":"Obyvatel\u00e9 \u010cesk\u00e9 republiky si nyn\u00ed mohou zakoupit losy pro Saturday lotto Australia","robots":{"index":"index","follow":"follow","max-snippet":"max-snippet:-1","max-image-preview":"max-image-preview:large","max-video-preview":"max-video-preview:-1"},"canonical":"https:\/\/onlinelotto365.com\/cs\/koupit-listky\/saturday-lotto-australia\/","og_locale":"cs_CZ","og_type":"article","og_title":"Jak z\u00edskat vstupenky na Saturday Lotto Australia, pokud jste rezidentem \u010cesk\u00e9 republiky","og_description":"Obyvatel\u00e9 \u010cesk\u00e9 republiky si nyn\u00ed mohou zakoupit losy pro Saturday lotto Australia","og_url":"https:\/\/onlinelotto365.com\/cs\/koupit-listky\/saturday-lotto-australia\/","og_site_name":"OnlineLotto365","og_image":[{"url":"https:\/\/redfoxlotto.com\/image?size=8&amp;lottery=saturday-lotto-au"}],"twitter_card":"summary_large_image","twitter_misc":{"Odhadovan\u00e1 doba \u010dten\u00ed":"3 minuty"},"schema":{"@context":"https:\/\/schema.org","@graph":[{"@type":"WebPage","@id":"https:\/\/onlinelotto365.com\/cs\/koupit-listky\/saturday-lotto-australia\/","url":"https:\/\/onlinelotto365.com\/cs\/koupit-listky\/saturday-lotto-australia\/","name":"Jak z\u00edskat vstupenky na Saturday Lotto Australia, pokud jste rezidentem \u010cesk\u00e9 republiky","isPartOf":{"@id":"https:\/\/onlinelotto365.com\/cs\/#website"},"primaryImageOfPage":{"@id":"https:\/\/onlinelotto365.com\/cs\/koupit-listky\/saturday-lotto-australia\/#primaryimage"},"image":{"@id":"https:\/\/onlinelotto365.com\/cs\/koupit-listky\/saturday-lotto-australia\/#primaryimage"},"thumbnailUrl":"https:\/\/redfoxlotto.com\/image?size=8&amp;lottery=saturday-lotto-au","datePublished":"2022-11-21T12:03:00+00:00","dateModified":"2022-11-21T12:03:00+00:00","description":"Obyvatel\u00e9 \u010cesk\u00e9 republiky si nyn\u00ed mohou zakoupit losy pro Saturday lotto Australia","breadcrumb":{"@id":"https:\/\/onlinelotto365.com\/cs\/koupit-listky\/saturday-lotto-australia\/#breadcrumb"},"inLanguage":"cs","potentialAction":[{"@type":"ReadAction","target":["https:\/\/onlinelotto365.com\/cs\/koupit-listky\/saturday-lotto-australia\/"]}]},{"@type":"ImageObject","inLanguage":"cs","@id":"https:\/\/onlinelotto365.com\/cs\/koupit-listky\/saturday-lotto-australia\/#primaryimage","url":"https:\/\/redfoxlotto.com\/image?size=8&amp;lottery=saturday-lotto-au","contentUrl":"https:\/\/redfoxlotto.com\/image?size=8&amp;lottery=saturday-lotto-au"},{"@type":"BreadcrumbList","@id":"https:\/\/onlinelotto365.com\/cs\/koupit-listky\/saturday-lotto-australia\/#breadcrumb","itemListElement":[{"@type":"ListItem","position":1,"name":"Home","item":"https:\/\/onlinelotto365.com\/cs\/"},{"@type":"ListItem","position":2,"name":"Pro\u010d m\u00e1 v\u011bt\u0161\u00ed smysl kupovat loterijn\u00ed l\u00edstky online","item":"https:\/\/onlinelotto365.com\/cs\/buy-tickets\/"},{"@type":"ListItem","position":3,"name":"Jak koupit vstupenky Saturday Lotto Australia online"}]},{"@type":"WebSite","@id":"https:\/\/onlinelotto365.com\/cs\/#website","url":"https:\/\/onlinelotto365.com\/cs\/","name":"OnlineLotto365","description":"","potentialAction":[{"@type":"SearchAction","target":{"@type":"EntryPoint","urlTemplate":"https:\/\/onlinelotto365.com\/cs\/?s={search_term_string}"},"query-input":{"@type":"PropertyValueSpecification","valueRequired":true,"valueName":"search_term_string"}}],"inLanguage":"cs"}]}},"_links":{"self":[{"href":"https:\/\/onlinelotto365.com\/cs\/wp-json\/wp\/v2\/pages\/80564","targetHints":{"allow":["GET"]}}],"collection":[{"href":"https:\/\/onlinelotto365.com\/cs\/wp-json\/wp\/v2\/pages"}],"about":[{"href":"https:\/\/onlinelotto365.com\/cs\/wp-json\/wp\/v2\/types\/page"}],"author":[{"embeddable":true,"href":"https:\/\/onlinelotto365.com\/cs\/wp-json\/wp\/v2\/users\/1"}],"replies":[{"embeddable":true,"href":"https:\/\/onlinelotto365.com\/cs\/wp-json\/wp\/v2\/comments?post=80564"}],"version-history":[{"count":0,"href":"https:\/\/onlinelotto365.com\/cs\/wp-json\/wp\/v2\/pages\/80564\/revisions"}],"up":[{"embeddable":true,"href":"https:\/\/onlinelotto365.com\/cs\/wp-json\/wp\/v2\/pages\/5559"}],"wp:attachment":[{"href":"https:\/\/onlinelotto365.com\/cs\/wp-json\/wp\/v2\/media?parent=80564"}],"curies":[{"name":"wp","href":"https:\/\/api.w.org\/{rel}","templated":true}]}}