{"id":80589,"date":"2022-11-22T07:19:00","date_gmt":"2022-11-22T06:19:00","guid":{"rendered":"https:\/\/onlinelotto365.com\/?page_id=80589"},"modified":"2022-11-22T07:19:00","modified_gmt":"2022-11-22T06:19:00","slug":"mon-wed-lotto","status":"publish","type":"page","link":"https:\/\/onlinelotto365.com\/cs\/koupit-listky\/mon-wed-lotto\/","title":{"rendered":"Jak koupit Mon &#038; Wed Lotto Australia vstupenky online"},"content":{"rendered":"<p>Sepsali jsme pro v\u00e1s r\u016fzn\u00e9 kroky, kter\u00e9 mus\u00edte dodr\u017eet, pokud si chcete koupit losy Mon &amp; Wed Lotto Australia na na\u0161ich webov\u00fdch str\u00e1nk\u00e1ch. Je to jednoduch\u00e9 a snadn\u00e9, a kdy\u017e projdete t\u011bmito kroky, zjist\u00edte, \u017ee m\u00e1te sv\u00e9 tikety rychle p\u0159ipraven\u00e9.<br \/>\n<a href=\"https:\/\/redfoxlotto.com\/play\/monday-wednesday-lotto-au\/?ref=a8564250a2&amp;medium=ol365\" target=\"_blank\" rel=\"noopener noreferrer\"><img decoding=\"async\" class=\"aligncenter\" src=\"https:\/\/redfoxlotto.com\/image?size=8&amp;lottery=monday-wednesday-lotto-au\" alt=\"Mon &amp; Wed Lotto Australia\" \/><\/a><\/p>\n<ul>\n<li>P\u0159ejd\u011bte na str\u00e1nku loterie, kterou chcete hr\u00e1t, a vyberte si \u010d\u00edsla, kter\u00e1 budete hr\u00e1t na jednotliv\u00fdch tiketech.<\/li>\n<li>P\u0159idejte tolik tiket\u016f pro tuto nebo jinou hru, kolik chcete, abyste vytvo\u0159ili objedn\u00e1vku.<\/li>\n<li>Vyberte mo\u017enost zaplatit nyn\u00ed<\/li>\n<li>P\u0159ihlaste se ke sv\u00e9mu st\u00e1vaj\u00edc\u00edmu \u00fa\u010dtu nebo projd\u011bte procesem vytvo\u0159en\u00ed nov\u00e9ho \u00fa\u010dtu a jeho registrace<\/li>\n<li>P\u0159ejd\u011bte na sv\u016fj e-mail a z\u00edskejte ov\u011b\u0159ovac\u00ed odkaz pro registraci \u00fa\u010dtu a proveden\u00ed n\u00e1kupu<\/li>\n<li>Pokud e-mail nevid\u00edte ve slo\u017ece doru\u010den\u00e9 po\u0161ty, zkontrolujte, zda tam nebyl omylem odesl\u00e1n.<\/li>\n<li>Projd\u011bte procesem objedn\u00e1vky v n\u00e1kupn\u00edm ko\u0161\u00edku<\/li>\n<li>Vyberte zp\u016fsob platby, kter\u00fd chcete pou\u017e\u00edt, a postupujte podle pokyn\u016f pro zpracov\u00e1n\u00ed platby<\/li>\n<\/ul>\n<h2>Jak zaplatit za sv\u016fj los Mon &amp; Wed Lotto Australia online<\/h2>\n<p>Pokud jde o proveden\u00ed platby, m\u00e1te n\u011bkolik r\u016fzn\u00fdch zcela bezpe\u010dn\u00fdch mo\u017enost\u00ed. Sta\u010d\u00ed se pod\u00edvat sem a zjistit, jak\u00e9 n\u011bkter\u00e9 z t\u011bchto mo\u017enost\u00ed budou.<br \/>\nSv\u00e9 tikety z\u00edsk\u00e1te v\u00fdb\u011brem jedn\u00e9 ze dvou mo\u017enost\u00ed:<\/p>\n<p>Zapla\u0165te p\u0159\u00edmo pomoc\u00ed platebn\u00ed metody, kterou si vyberete<br \/>\nP\u0159idat pen\u00edze na hr\u00e1\u010dsk\u00fd \u00fa\u010det a pou\u017e\u00edt jej k n\u00e1kupu vstupenek.<\/p>\n<p>Neud\u011blejte chybu, kdy\u017e na sv\u016fj \u00fa\u010det vlo\u017e\u00edte p\u0159\u00edli\u0161 m\u00e1lo pen\u011bz na zaplacen\u00ed vstupenek. Pot\u0159ebujete o n\u011bco v\u00edce, ne\u017e je \u010d\u00e1stka va\u0161eho ko\u0161\u00edku.<\/p>\n<h2>Dal\u0161\u00ed informace o programu Mon &amp; Wed Lotto Australia<\/h2>\n<ul>\n<li>Australien<\/li>\n<li>Rozsah hlavn\u00edch \u010d\u00edsel: 45<\/li>\n<li>Va\u0161e volba: 6<\/li>\n<li>Losovac\u00ed dny, hodiny: Pond\u011bl\u00ed, st\u0159eda, 21:30 GMT+11, 10:30 CET<\/li>\n<li>Minim\u00e1ln\u00ed jackpot: AU$ 2,5 milionu<\/li>\n<li>Maxim\u00e1ln\u00ed jackpot: fixn\u00ed jackpot<\/li>\n<li>Pravd\u011bpodobnost v\u00fdhry jackpotu: 1 ku 8145060<\/li>\n<li>Pravd\u011bpodobnost v\u00fdhry na \u00farovni 2: Pravd\u011bpodobnost v\u00fdhry jackpotu: 1 ku 678755<\/li>\n<li>Pravd\u011bpodobnost v\u00fdhry v jak\u00e9koli \u00farovni: 1 ku 85,44<\/li>\n<li>Po\u010det v\u00fdhern\u00edch \u00farovn\u00ed: 6<\/li>\n<\/ul>\n<h2>V\u00fdhody n\u00e1kupu los\u016f Mon &amp; Wed Lotto Australia online<\/h2>\n<ul>\n<li>Z\u00edskejte losy lotto z domova, ani\u017e byste se museli obt\u011b\u017eovat s chozen\u00edm ven.<\/li>\n<li>Vyberte si ze v\u0161ech sv\u00fdch obl\u00edben\u00fdch los\u016f a je\u0161t\u011b n\u011bco nav\u00edc<\/li>\n<li>Z\u00edskejte lep\u0161\u00ed \u0161ance v\u00fdb\u011brem her s nejvy\u0161\u0161\u00edmi \u010d\u00e1stkami jackpot\u016f<\/li>\n<li>Pou\u017eijte z\u016fstatek na \u00fa\u010dtu k n\u00e1kupu tiket\u016f vlo\u017een\u00edm pen\u011bz<\/li>\n<li>M\u011bjte p\u0159ehled o sv\u00fdch tiketech prost\u0159ednictv\u00edm online \u00fa\u010dtu<\/li>\n<li>Dost\u00e1vejte ozn\u00e1men\u00ed, kdykoli m\u00e1te v\u00fdhern\u00ed tiket<\/li>\n<li>Pou\u017eijte gener\u00e1tor n\u00e1hodn\u00fdch \u010d\u00edsel, kter\u00fd za v\u00e1s vybere tikety<\/li>\n<\/ul>\n<h2>Je leg\u00e1ln\u00ed kupovat losy Mon &amp; Wed Lotto Australia online?<\/h2>\n<p><img loading=\"lazy\" decoding=\"async\" class=\"alignright wp-image-3685\" src=\"https:\/\/onlinelotto365.com\/wp-content\/uploads\/2020\/11\/online_lottery-4-300x192.jpeg\" alt=\"mon wed lotto australia online\" width=\"255\" height=\"163\" srcset=\"https:\/\/onlinelotto365.com\/wp-content\/uploads\/2020\/11\/online_lottery-4-300x192.jpeg 300w, https:\/\/onlinelotto365.com\/wp-content\/uploads\/2020\/11\/online_lottery-4-600x383.jpeg 600w, https:\/\/onlinelotto365.com\/wp-content\/uploads\/2020\/11\/online_lottery-4.jpeg 751w\" sizes=\"auto, (max-width: 255px) 100vw, 255px\" \/><br \/>\nMnoho lid\u00ed se ob\u00e1v\u00e1, \u017ee n\u00e1kup tiket\u016f online je neleg\u00e1ln\u00ed nebo \u017ee jejich n\u00e1kup tradi\u010dn\u00edm zp\u016fsobem m\u016f\u017ee b\u00fdt v jejich domovsk\u00e9 zemi neleg\u00e1ln\u00ed. No, my db\u00e1me na to, aby byly dodr\u017eeny v\u0161echny p\u0159edpisy pro zemi, ze kter\u00e9 poch\u00e1z\u00ed samotn\u00e1 loterie. Zajist\u00edme, abyste i vy dostali svou loterijn\u00ed v\u00fdhru. A\u0165 u\u017e vyhrajete malou nebo velkou v\u00fdhru, pom\u016f\u017eeme v\u00e1m z\u00edskat to, co hled\u00e1te a na co m\u00e1te n\u00e1rok.<br \/>\nV\u0161ichni u\u017eivatel\u00e9 na\u0161ich webov\u00fdch str\u00e1nek mus\u00ed b\u00fdt star\u0161\u00ed 18 let.<\/p>\n<h2>Jak dostanu v\u00fdplatu, kdy\u017e vyhraji Mon &amp; Wed Lotto Australia online?<\/h2>\n<p>Dostat v\u00fdhru k na\u0161im z\u00e1kazn\u00edk\u016fm je nejd\u016fle\u017eit\u011bj\u0161\u00ed \u010d\u00e1st procesu a my to d\u011bl\u00e1me tak, \u017ee zaji\u0161\u0165ujeme, aby neexistovaly \u017e\u00e1dn\u00e9 provize. Nemus\u00edte se ob\u00e1vat, \u017ee bychom si z va\u0161\u00ed v\u00fdhry n\u011bco strhli, pokud se nerozhodnete pro bankovn\u00ed p\u0159evod.<br \/>\nTento zp\u016fsob platby, zejm\u00e9na pokud je prov\u00e1d\u011bn jako mezin\u00e1rodn\u00ed transakce, by n\u00e1s mohl st\u00e1t, kdy\u017e si banka \u00fa\u010dtuje poplatky. Pokud se tak stane, mohou b\u00fdt n\u00e1klady p\u0159eneseny na v\u00e1s a str\u017eeny z va\u0161\u00ed v\u00fdhry.<br \/>\nExistuj\u00ed dva r\u016fzn\u00e9 zp\u016fsoby prov\u00e1d\u011bn\u00ed plateb.<\/p>\n<ul>\n<li>Platby, kter\u00e9 budou ni\u017e\u0161\u00ed ne\u017e 2500 EUR, budou provedeny bez va\u0161eho p\u0159isp\u011bn\u00ed. N\u00e1\u0161 t\u00fdm se postar\u00e1 o to, aby byly pen\u00edze p\u0159ips\u00e1ny p\u0159\u00edmo na v\u00e1\u0161 \u00fa\u010det.<\/li>\n<li>V\u00fdhern\u00ed \u010d\u00e1stky, kter\u00e9 jsou vy\u0161\u0161\u00ed ne\u017e 2500 \u20ac, se zpracov\u00e1vaj\u00ed jin\u00fdm zp\u016fsobem. Tyto \u010d\u00e1stky je t\u0159eba zpracovat s loterijn\u00ed komis\u00ed, co\u017e znamen\u00e1, \u017ee pot\u0159ebujeme vyplnit formul\u00e1\u0159 \u017e\u00e1dosti. Formul\u00e1\u0159 v\u00e1m za\u0161leme a vy ho jen vypln\u00edte a sd\u011bl\u00edte n\u00e1m, zda chcete pen\u00edze dostat bankovn\u00edm p\u0159evodem nebo \u0161ekem.<\/li>\n<\/ul>\n","protected":false},"excerpt":{"rendered":"<p>Sepsali jsme pro v\u00e1s r\u016fzn\u00e9 kroky, kter\u00e9 mus\u00edte dodr\u017eet, pokud si chcete koupit losy Mon &amp; Wed Lotto Australia na na\u0161ich webov\u00fdch str\u00e1nk\u00e1ch. Je to jednoduch\u00e9 a snadn\u00e9, a kdy\u017e projdete t\u011bmito kroky, zjist\u00edte, \u017ee m\u00e1te sv\u00e9 tikety rychle p\u0159ipraven\u00e9. P\u0159ejd\u011bte na str\u00e1nku loterie, kterou chcete hr\u00e1t, a vyberte si \u010d\u00edsla, kter\u00e1 budete hr\u00e1t na [&hellip;]<\/p>\n","protected":false},"author":1,"featured_media":0,"parent":5559,"menu_order":16,"comment_status":"closed","ping_status":"closed","template":"template-rightsidebar.php","meta":{"_et_pb_use_builder":"","_et_pb_old_content":"","_et_gb_content_width":"","exclude_from_search":false,"footnotes":""},"class_list":["post-80589","page","type-page","status-publish","hentry"],"yoast_head":"<!-- This site is optimized with the Yoast SEO plugin v23.4 - https:\/\/yoast.com\/wordpress\/plugins\/seo\/ -->\n<title>Online n\u00e1kup los\u016f pro Mon &amp; Wed Lotto Australia<\/title>\n<meta name=\"description\" content=\"Nez\u00e1le\u017e\u00ed na tom, kde \u017eijete, a te\u010f u\u017e je jedno, co hled\u00e1te, losy Mon &amp; Wed Lotto Australia m\u016f\u017eete z\u00edskat zde!\" \/>\n<meta name=\"robots\" content=\"index, follow, max-snippet:-1, max-image-preview:large, max-video-preview:-1\" \/>\n<link rel=\"canonical\" href=\"https:\/\/onlinelotto365.com\/cs\/koupit-listky\/mon-wed-lotto\/\" \/>\n<meta property=\"og:locale\" content=\"cs_CZ\" \/>\n<meta property=\"og:type\" content=\"article\" \/>\n<meta property=\"og:title\" content=\"Online n\u00e1kup los\u016f pro Mon &amp; Wed Lotto Australia\" \/>\n<meta property=\"og:description\" content=\"Nez\u00e1le\u017e\u00ed na tom, kde \u017eijete, a te\u010f u\u017e je jedno, co hled\u00e1te, losy Mon &amp; Wed Lotto Australia m\u016f\u017eete z\u00edskat zde!\" \/>\n<meta property=\"og:url\" content=\"https:\/\/onlinelotto365.com\/cs\/koupit-listky\/mon-wed-lotto\/\" \/>\n<meta property=\"og:site_name\" content=\"OnlineLotto365\" \/>\n<meta property=\"og:image\" content=\"https:\/\/redfoxlotto.com\/image?size=8&amp;lottery=monday-wednesday-lotto-au\" \/>\n<meta name=\"twitter:card\" content=\"summary_large_image\" \/>\n<meta name=\"twitter:label1\" content=\"Odhadovan\u00e1 doba \u010dten\u00ed\" \/>\n\t<meta name=\"twitter:data1\" content=\"4 minuty\" \/>\n<script type=\"application\/ld+json\" class=\"yoast-schema-graph\">{\"@context\":\"https:\/\/schema.org\",\"@graph\":[{\"@type\":\"WebPage\",\"@id\":\"https:\/\/onlinelotto365.com\/cs\/koupit-listky\/mon-wed-lotto\/\",\"url\":\"https:\/\/onlinelotto365.com\/cs\/koupit-listky\/mon-wed-lotto\/\",\"name\":\"Online n\u00e1kup los\u016f pro Mon & Wed Lotto Australia\",\"isPartOf\":{\"@id\":\"https:\/\/onlinelotto365.com\/cs\/#website\"},\"primaryImageOfPage\":{\"@id\":\"https:\/\/onlinelotto365.com\/cs\/koupit-listky\/mon-wed-lotto\/#primaryimage\"},\"image\":{\"@id\":\"https:\/\/onlinelotto365.com\/cs\/koupit-listky\/mon-wed-lotto\/#primaryimage\"},\"thumbnailUrl\":\"https:\/\/redfoxlotto.com\/image?size=8&amp;lottery=monday-wednesday-lotto-au\",\"datePublished\":\"2022-11-22T06:19:00+00:00\",\"dateModified\":\"2022-11-22T06:19:00+00:00\",\"description\":\"Nez\u00e1le\u017e\u00ed na tom, kde \u017eijete, a te\u010f u\u017e je jedno, co hled\u00e1te, losy Mon & Wed Lotto Australia m\u016f\u017eete z\u00edskat zde!\",\"breadcrumb\":{\"@id\":\"https:\/\/onlinelotto365.com\/cs\/koupit-listky\/mon-wed-lotto\/#breadcrumb\"},\"inLanguage\":\"cs\",\"potentialAction\":[{\"@type\":\"ReadAction\",\"target\":[\"https:\/\/onlinelotto365.com\/cs\/koupit-listky\/mon-wed-lotto\/\"]}]},{\"@type\":\"ImageObject\",\"inLanguage\":\"cs\",\"@id\":\"https:\/\/onlinelotto365.com\/cs\/koupit-listky\/mon-wed-lotto\/#primaryimage\",\"url\":\"https:\/\/redfoxlotto.com\/image?size=8&amp;lottery=monday-wednesday-lotto-au\",\"contentUrl\":\"https:\/\/redfoxlotto.com\/image?size=8&amp;lottery=monday-wednesday-lotto-au\"},{\"@type\":\"BreadcrumbList\",\"@id\":\"https:\/\/onlinelotto365.com\/cs\/koupit-listky\/mon-wed-lotto\/#breadcrumb\",\"itemListElement\":[{\"@type\":\"ListItem\",\"position\":1,\"name\":\"Home\",\"item\":\"https:\/\/onlinelotto365.com\/cs\/\"},{\"@type\":\"ListItem\",\"position\":2,\"name\":\"Pro\u010d m\u00e1 v\u011bt\u0161\u00ed smysl kupovat loterijn\u00ed l\u00edstky online\",\"item\":\"https:\/\/onlinelotto365.com\/cs\/buy-tickets\/\"},{\"@type\":\"ListItem\",\"position\":3,\"name\":\"Jak koupit Mon &#038; Wed Lotto Australia vstupenky online\"}]},{\"@type\":\"WebSite\",\"@id\":\"https:\/\/onlinelotto365.com\/cs\/#website\",\"url\":\"https:\/\/onlinelotto365.com\/cs\/\",\"name\":\"OnlineLotto365\",\"description\":\"\",\"potentialAction\":[{\"@type\":\"SearchAction\",\"target\":{\"@type\":\"EntryPoint\",\"urlTemplate\":\"https:\/\/onlinelotto365.com\/cs\/?s={search_term_string}\"},\"query-input\":{\"@type\":\"PropertyValueSpecification\",\"valueRequired\":true,\"valueName\":\"search_term_string\"}}],\"inLanguage\":\"cs\"}]}<\/script>\n<!-- \/ Yoast SEO plugin. -->","yoast_head_json":{"title":"Online n\u00e1kup los\u016f pro Mon & Wed Lotto Australia","description":"Nez\u00e1le\u017e\u00ed na tom, kde \u017eijete, a te\u010f u\u017e je jedno, co hled\u00e1te, losy Mon & Wed Lotto Australia m\u016f\u017eete z\u00edskat zde!","robots":{"index":"index","follow":"follow","max-snippet":"max-snippet:-1","max-image-preview":"max-image-preview:large","max-video-preview":"max-video-preview:-1"},"canonical":"https:\/\/onlinelotto365.com\/cs\/koupit-listky\/mon-wed-lotto\/","og_locale":"cs_CZ","og_type":"article","og_title":"Online n\u00e1kup los\u016f pro Mon & Wed Lotto Australia","og_description":"Nez\u00e1le\u017e\u00ed na tom, kde \u017eijete, a te\u010f u\u017e je jedno, co hled\u00e1te, losy Mon & Wed Lotto Australia m\u016f\u017eete z\u00edskat zde!","og_url":"https:\/\/onlinelotto365.com\/cs\/koupit-listky\/mon-wed-lotto\/","og_site_name":"OnlineLotto365","og_image":[{"url":"https:\/\/redfoxlotto.com\/image?size=8&amp;lottery=monday-wednesday-lotto-au"}],"twitter_card":"summary_large_image","twitter_misc":{"Odhadovan\u00e1 doba \u010dten\u00ed":"4 minuty"},"schema":{"@context":"https:\/\/schema.org","@graph":[{"@type":"WebPage","@id":"https:\/\/onlinelotto365.com\/cs\/koupit-listky\/mon-wed-lotto\/","url":"https:\/\/onlinelotto365.com\/cs\/koupit-listky\/mon-wed-lotto\/","name":"Online n\u00e1kup los\u016f pro Mon & Wed Lotto Australia","isPartOf":{"@id":"https:\/\/onlinelotto365.com\/cs\/#website"},"primaryImageOfPage":{"@id":"https:\/\/onlinelotto365.com\/cs\/koupit-listky\/mon-wed-lotto\/#primaryimage"},"image":{"@id":"https:\/\/onlinelotto365.com\/cs\/koupit-listky\/mon-wed-lotto\/#primaryimage"},"thumbnailUrl":"https:\/\/redfoxlotto.com\/image?size=8&amp;lottery=monday-wednesday-lotto-au","datePublished":"2022-11-22T06:19:00+00:00","dateModified":"2022-11-22T06:19:00+00:00","description":"Nez\u00e1le\u017e\u00ed na tom, kde \u017eijete, a te\u010f u\u017e je jedno, co hled\u00e1te, losy Mon & Wed Lotto Australia m\u016f\u017eete z\u00edskat zde!","breadcrumb":{"@id":"https:\/\/onlinelotto365.com\/cs\/koupit-listky\/mon-wed-lotto\/#breadcrumb"},"inLanguage":"cs","potentialAction":[{"@type":"ReadAction","target":["https:\/\/onlinelotto365.com\/cs\/koupit-listky\/mon-wed-lotto\/"]}]},{"@type":"ImageObject","inLanguage":"cs","@id":"https:\/\/onlinelotto365.com\/cs\/koupit-listky\/mon-wed-lotto\/#primaryimage","url":"https:\/\/redfoxlotto.com\/image?size=8&amp;lottery=monday-wednesday-lotto-au","contentUrl":"https:\/\/redfoxlotto.com\/image?size=8&amp;lottery=monday-wednesday-lotto-au"},{"@type":"BreadcrumbList","@id":"https:\/\/onlinelotto365.com\/cs\/koupit-listky\/mon-wed-lotto\/#breadcrumb","itemListElement":[{"@type":"ListItem","position":1,"name":"Home","item":"https:\/\/onlinelotto365.com\/cs\/"},{"@type":"ListItem","position":2,"name":"Pro\u010d m\u00e1 v\u011bt\u0161\u00ed smysl kupovat loterijn\u00ed l\u00edstky online","item":"https:\/\/onlinelotto365.com\/cs\/buy-tickets\/"},{"@type":"ListItem","position":3,"name":"Jak koupit Mon &#038; Wed Lotto Australia vstupenky online"}]},{"@type":"WebSite","@id":"https:\/\/onlinelotto365.com\/cs\/#website","url":"https:\/\/onlinelotto365.com\/cs\/","name":"OnlineLotto365","description":"","potentialAction":[{"@type":"SearchAction","target":{"@type":"EntryPoint","urlTemplate":"https:\/\/onlinelotto365.com\/cs\/?s={search_term_string}"},"query-input":{"@type":"PropertyValueSpecification","valueRequired":true,"valueName":"search_term_string"}}],"inLanguage":"cs"}]}},"_links":{"self":[{"href":"https:\/\/onlinelotto365.com\/cs\/wp-json\/wp\/v2\/pages\/80589","targetHints":{"allow":["GET"]}}],"collection":[{"href":"https:\/\/onlinelotto365.com\/cs\/wp-json\/wp\/v2\/pages"}],"about":[{"href":"https:\/\/onlinelotto365.com\/cs\/wp-json\/wp\/v2\/types\/page"}],"author":[{"embeddable":true,"href":"https:\/\/onlinelotto365.com\/cs\/wp-json\/wp\/v2\/users\/1"}],"replies":[{"embeddable":true,"href":"https:\/\/onlinelotto365.com\/cs\/wp-json\/wp\/v2\/comments?post=80589"}],"version-history":[{"count":0,"href":"https:\/\/onlinelotto365.com\/cs\/wp-json\/wp\/v2\/pages\/80589\/revisions"}],"up":[{"embeddable":true,"href":"https:\/\/onlinelotto365.com\/cs\/wp-json\/wp\/v2\/pages\/5559"}],"wp:attachment":[{"href":"https:\/\/onlinelotto365.com\/cs\/wp-json\/wp\/v2\/media?parent=80589"}],"curies":[{"name":"wp","href":"https:\/\/api.w.org\/{rel}","templated":true}]}}