{"id":80659,"date":"2022-11-22T11:07:08","date_gmt":"2022-11-22T10:07:08","guid":{"rendered":"https:\/\/onlinelotto365.com\/?page_id=80659"},"modified":"2022-11-22T11:07:08","modified_gmt":"2022-11-22T10:07:08","slug":"el-gordo","status":"publish","type":"page","link":"https:\/\/onlinelotto365.com\/cs\/vyherni-cisla\/el-gordo\/","title":{"rendered":"Zde si m\u016f\u017eete prohl\u00e9dnout v\u00fdsledky a v\u00fdhry sout\u011b\u017ee El Gordo"},"content":{"rendered":"<p>V\u00edme, \u017ee nab\u00edz\u00edme celou \u0159adu r\u016fzn\u00fdch mezin\u00e1rodn\u00edch loteri\u00ed a \u017ee m\u016f\u017ee b\u00fdt trochu matouc\u00ed sna\u017eit se zjistit vylosovan\u00e1 \u010d\u00edsla. Mnoho lid\u00ed hled\u00e1 v\u00fdhern\u00ed \u010d\u00edsla sv\u00fdch obl\u00edben\u00fdch her v novin\u00e1ch, ale pokud ne\u017eijete v dan\u00e9 oblasti, m\u016f\u017ee b\u00fdt nalezen\u00ed \u010d\u00edsel pro El Gordo obt\u00ed\u017en\u00e9. Tot\u00e9\u017e plat\u00ed, kdy\u017e se sna\u017e\u00edte sledovat losov\u00e1n\u00ed nebo vid\u011bt vylosovan\u00e1 \u010d\u00edsla v televizi.<br \/>\n<a href=\"https:\/\/redfoxlotto.com\/play\/el-gordo-primitiva\/?ref=a8564250a2&amp;medium=ol365\" target=\"_blank\" rel=\"noopener noreferrer\"><img decoding=\"async\" class=\"aligncenter\" src=\"https:\/\/redfoxlotto.com\/image?size=8&amp;lottery=el-gordo-primitiva\" alt=\"el gordo\" \/><\/a><br \/>\nDal\u0161\u00ed mo\u017enost\u00ed je pod\u00edvat se na ofici\u00e1ln\u00ed webov\u00e9 str\u00e1nky hry El Gordo a zjistit, zda nenab\u00edzej\u00ed p\u0159\u00edm\u00fd p\u0159enos pr\u016fb\u011bhu losov\u00e1n\u00ed. U t\u011bch her, kter\u00e9 tak \u010din\u00ed, to m\u016f\u017ee b\u00fdt pro ka\u017ed\u00e9ho z\u00e1bavn\u00e1 a zaj\u00edmav\u00e1 p\u0159\u00edle\u017eitost.<\/p>\n<p>Existuje v\u0161ak mnoho her, kter\u00e9 tuto mo\u017enost ve skute\u010dnosti nenab\u00edzej\u00ed. M\u00edsto toho byste museli po\u010dkat, a\u017e losov\u00e1n\u00ed skon\u010d\u00ed a v\u0161e bude nahl\u00e1\u0161eno, abyste vid\u011bli v\u00fdsledky.<br \/>\nA kone\u010dn\u011b, pokud u\u017e losov\u00e1n\u00ed skon\u010dilo, m\u016f\u017eete p\u0159ej\u00edt na YouTube a naj\u00edt losov\u00e1n\u00ed El Gordo tam. To je v\u0161ak dal\u0161\u00ed oblast, kde nemus\u00edte b\u00fdt \u00fasp\u011b\u0161n\u00ed. Nemus\u00ed b\u00fdt k dispozici nic, co by se t\u00fdkalo va\u0161eho losov\u00e1n\u00ed.<\/p>\n<p>Jedn\u00edm z nejlep\u0161\u00edch a nejjednodu\u0161\u0161\u00edch zp\u016fsob\u016f, jak naj\u00edt vylosovan\u00e1 \u010d\u00edsla, jsou v\u0161ak na\u0161e webov\u00e9 str\u00e1nky. Pod\u00edvejte se na na\u0161e str\u00e1nky s vylosovan\u00fdmi \u010d\u00edsly a v\u00fdsledky, kde najdete v\u00fdsledky pro El Gordo a v\u0161echny ostatn\u00ed loterijn\u00ed hry, kter\u00e9 m\u00e1me k dispozici.<\/p>\n<h2>Jak zjistit, zda v\u00e1\u0161 online tiket vyhr\u00e1l<\/h2>\n<p>Je\u0161t\u011b lep\u0161\u00ed je, \u017ee ani nemus\u00edte chodit na str\u00e1nku s v\u00fdsledky loterie. Pokud jste si zakoupili tikety, m\u016f\u017eete p\u0159ej\u00edt p\u0159\u00edmo na sv\u016fj \u00fa\u010det. Tam si budete moci prohl\u00e9dnout nejen vylosovan\u00e1 \u010d\u00edsla, ale i to, jak se va\u0161e \u010d\u00edsla se\u0159adila. M\u016f\u017eete si prohl\u00e9dnout porovn\u00e1n\u00ed \u010d\u00edsel a pot\u00e9 zjistit, kter\u00e1 z nich se shoduj\u00ed a kolik jste vlastn\u011b vyhr\u00e1li. Pokud jste vyhr\u00e1li m\u00e9n\u011b ne\u017e 2500 eur, nemus\u00edte ani nic d\u011blat, proto\u017ee v\u00fdhra bude p\u0159\u00edmo na va\u0161em \u00fa\u010dtu.<\/p>\n<h2>Archiv v\u00fdsledk\u016f El Gordo<\/h2>\n<p>Pokud se chcete pod\u00edvat na star\u00e1 \u010d\u00edsla a zjistit, jak\u00e1 byla, m\u016f\u017eete to tak\u00e9 snadno ud\u011blat. Ve skute\u010dnosti v\u00e1m jak\u00e1koli str\u00e1nka na na\u0161em webu, kde si m\u016f\u017eete prohl\u00e9dnout nejnov\u011bj\u0161\u00ed v\u00fdsledky El Gordo, umo\u017en\u00ed zkontrolovat i n\u011bkter\u00e1 star\u0161\u00ed \u010d\u00edsla. Snadn\u011bji tak zjist\u00edte, kter\u00e1 \u010d\u00edsla chcete hr\u00e1t p\u0159\u00ed\u0161t\u011b.<\/p>\n<h2>M\u016fj tiket vyhr\u00e1l, co bude n\u00e1sledovat?<\/h2>\n<p><img loading=\"lazy\" decoding=\"async\" class=\"alignright wp-image-3573\" src=\"https:\/\/onlinelotto365.com\/wp-content\/uploads\/2020\/11\/online_lottery-96-300x212.jpg\" alt=\" V\u00fdsledky losov\u00e1n\u00ed El Gordo\" width=\"166\" height=\"117\" srcset=\"https:\/\/onlinelotto365.com\/wp-content\/uploads\/2020\/11\/online_lottery-96-300x212.jpg 300w, https:\/\/onlinelotto365.com\/wp-content\/uploads\/2020\/11\/online_lottery-96.jpg 320w\" sizes=\"auto, (max-width: 166px) 100vw, 166px\" \/><br \/>\nPokud vyhrajete, budete m\u00edt snadn\u00e9 z\u00edskat sv\u00e9 pen\u00edze, proto\u017ee je ulo\u017e\u00edme p\u0159\u00edmo na v\u00e1\u0161 \u00fa\u010det, jakmile budou v\u00fdsledky potvrzeny. Pokud je to m\u00e9n\u011b ne\u017e 2500 \u20ac, budete m\u00edt pen\u00edze k dispozici tak rychle. Pokud je to pak v\u00edce ne\u017e 10 \u20ac, m\u016f\u017eete si pen\u00edze vybrat na sv\u016fj \u00fa\u010det.<br \/>\nNebo si pen\u00edze m\u016f\u017eete nechat na sv\u00e9m hr\u00e1\u010dsk\u00e9m \u00fa\u010dtu a pou\u017e\u00edt je k n\u00e1kupu je\u0161t\u011b v\u00edce tiket\u016f do dal\u0161\u00edch her. Jen m\u011bjte na pam\u011bti, \u017ee v\u00fdb\u011br pen\u011bz bude vy\u017eadovat ur\u010ditou dokumentaci, abyste vyhov\u011bli feder\u00e1ln\u00edm p\u0159edpis\u016fm. Mus\u00edte tak\u00e9 pou\u017e\u00edt metodu, kterou jste ji\u017e pou\u017eili pro vklad.<\/p>\n","protected":false},"excerpt":{"rendered":"<p>V\u00edme, \u017ee nab\u00edz\u00edme celou \u0159adu r\u016fzn\u00fdch mezin\u00e1rodn\u00edch loteri\u00ed a \u017ee m\u016f\u017ee b\u00fdt trochu matouc\u00ed sna\u017eit se zjistit vylosovan\u00e1 \u010d\u00edsla. Mnoho lid\u00ed hled\u00e1 v\u00fdhern\u00ed \u010d\u00edsla sv\u00fdch obl\u00edben\u00fdch her v novin\u00e1ch, ale pokud ne\u017eijete v dan\u00e9 oblasti, m\u016f\u017ee b\u00fdt nalezen\u00ed \u010d\u00edsel pro El Gordo obt\u00ed\u017en\u00e9. Tot\u00e9\u017e plat\u00ed, kdy\u017e se sna\u017e\u00edte sledovat losov\u00e1n\u00ed nebo vid\u011bt vylosovan\u00e1 \u010d\u00edsla v [&hellip;]<\/p>\n","protected":false},"author":1,"featured_media":0,"parent":5824,"menu_order":6,"comment_status":"closed","ping_status":"closed","template":"el-gordo-results.php","meta":{"_et_pb_use_builder":"","_et_pb_old_content":"","_et_gb_content_width":"","exclude_from_search":false,"footnotes":""},"class_list":["post-80659","page","type-page","status-publish","hentry"],"yoast_head":"<!-- This site is optimized with the Yoast SEO plugin v23.4 - https:\/\/yoast.com\/wordpress\/plugins\/seo\/ -->\n<title>V\u00edt\u011bzn\u00e1 \u010d\u00edsla El Gordo | V\u00fdsledky losov\u00e1n\u00ed a v\u00fdhry El Gordo<\/title>\n<meta name=\"description\" content=\"V\u00edt\u011bzn\u00e1 \u010d\u00edsla, v\u00fdsledky a ceny pro El Gordo a mnoho dal\u0161\u00edch loteri\u00ed, v\u017edy aktualizovan\u00e9 na na\u0161ich webov\u00fdch str\u00e1nk\u00e1ch.\" \/>\n<meta name=\"robots\" content=\"index, follow, max-snippet:-1, max-image-preview:large, max-video-preview:-1\" \/>\n<link rel=\"canonical\" href=\"https:\/\/onlinelotto365.com\/cs\/vyherni-cisla\/el-gordo\/\" \/>\n<meta property=\"og:locale\" content=\"cs_CZ\" \/>\n<meta property=\"og:type\" content=\"article\" \/>\n<meta property=\"og:title\" content=\"V\u00edt\u011bzn\u00e1 \u010d\u00edsla El Gordo | V\u00fdsledky losov\u00e1n\u00ed a v\u00fdhry El Gordo\" \/>\n<meta property=\"og:description\" content=\"V\u00edt\u011bzn\u00e1 \u010d\u00edsla, v\u00fdsledky a ceny pro El Gordo a mnoho dal\u0161\u00edch loteri\u00ed, v\u017edy aktualizovan\u00e9 na na\u0161ich webov\u00fdch str\u00e1nk\u00e1ch.\" \/>\n<meta property=\"og:url\" content=\"https:\/\/onlinelotto365.com\/cs\/vyherni-cisla\/el-gordo\/\" \/>\n<meta property=\"og:site_name\" content=\"OnlineLotto365\" \/>\n<meta property=\"og:image\" content=\"https:\/\/redfoxlotto.com\/image?size=8&amp;lottery=el-gordo-primitiva\" \/>\n<meta name=\"twitter:card\" content=\"summary_large_image\" \/>\n<meta name=\"twitter:label1\" content=\"Odhadovan\u00e1 doba \u010dten\u00ed\" \/>\n\t<meta name=\"twitter:data1\" content=\"2 minuty\" \/>\n<script type=\"application\/ld+json\" class=\"yoast-schema-graph\">{\"@context\":\"https:\/\/schema.org\",\"@graph\":[{\"@type\":\"WebPage\",\"@id\":\"https:\/\/onlinelotto365.com\/cs\/vyherni-cisla\/el-gordo\/\",\"url\":\"https:\/\/onlinelotto365.com\/cs\/vyherni-cisla\/el-gordo\/\",\"name\":\"V\u00edt\u011bzn\u00e1 \u010d\u00edsla El Gordo | V\u00fdsledky losov\u00e1n\u00ed a v\u00fdhry El Gordo\",\"isPartOf\":{\"@id\":\"https:\/\/onlinelotto365.com\/cs\/#website\"},\"primaryImageOfPage\":{\"@id\":\"https:\/\/onlinelotto365.com\/cs\/vyherni-cisla\/el-gordo\/#primaryimage\"},\"image\":{\"@id\":\"https:\/\/onlinelotto365.com\/cs\/vyherni-cisla\/el-gordo\/#primaryimage\"},\"thumbnailUrl\":\"https:\/\/redfoxlotto.com\/image?size=8&amp;lottery=el-gordo-primitiva\",\"datePublished\":\"2022-11-22T10:07:08+00:00\",\"dateModified\":\"2022-11-22T10:07:08+00:00\",\"description\":\"V\u00edt\u011bzn\u00e1 \u010d\u00edsla, v\u00fdsledky a ceny pro El Gordo a mnoho dal\u0161\u00edch loteri\u00ed, v\u017edy aktualizovan\u00e9 na na\u0161ich webov\u00fdch str\u00e1nk\u00e1ch.\",\"breadcrumb\":{\"@id\":\"https:\/\/onlinelotto365.com\/cs\/vyherni-cisla\/el-gordo\/#breadcrumb\"},\"inLanguage\":\"cs\",\"potentialAction\":[{\"@type\":\"ReadAction\",\"target\":[\"https:\/\/onlinelotto365.com\/cs\/vyherni-cisla\/el-gordo\/\"]}]},{\"@type\":\"ImageObject\",\"inLanguage\":\"cs\",\"@id\":\"https:\/\/onlinelotto365.com\/cs\/vyherni-cisla\/el-gordo\/#primaryimage\",\"url\":\"https:\/\/redfoxlotto.com\/image?size=8&amp;lottery=el-gordo-primitiva\",\"contentUrl\":\"https:\/\/redfoxlotto.com\/image?size=8&amp;lottery=el-gordo-primitiva\"},{\"@type\":\"BreadcrumbList\",\"@id\":\"https:\/\/onlinelotto365.com\/cs\/vyherni-cisla\/el-gordo\/#breadcrumb\",\"itemListElement\":[{\"@type\":\"ListItem\",\"position\":1,\"name\":\"Home\",\"item\":\"https:\/\/onlinelotto365.com\/cs\/\"},{\"@type\":\"ListItem\",\"position\":2,\"name\":\"Najd\u011bte v\u00fdhern\u00ed \u010d\u00edsla a v\u00fdsledky nejnov\u011bj\u0161\u00edch loteri\u00ed\",\"item\":\"https:\/\/onlinelotto365.com\/cs\/vyherni-cisla\/\"},{\"@type\":\"ListItem\",\"position\":3,\"name\":\"Zde si m\u016f\u017eete prohl\u00e9dnout v\u00fdsledky a v\u00fdhry sout\u011b\u017ee El Gordo\"}]},{\"@type\":\"WebSite\",\"@id\":\"https:\/\/onlinelotto365.com\/cs\/#website\",\"url\":\"https:\/\/onlinelotto365.com\/cs\/\",\"name\":\"OnlineLotto365\",\"description\":\"\",\"potentialAction\":[{\"@type\":\"SearchAction\",\"target\":{\"@type\":\"EntryPoint\",\"urlTemplate\":\"https:\/\/onlinelotto365.com\/cs\/?s={search_term_string}\"},\"query-input\":{\"@type\":\"PropertyValueSpecification\",\"valueRequired\":true,\"valueName\":\"search_term_string\"}}],\"inLanguage\":\"cs\"}]}<\/script>\n<!-- \/ Yoast SEO plugin. -->","yoast_head_json":{"title":"V\u00edt\u011bzn\u00e1 \u010d\u00edsla El Gordo | V\u00fdsledky losov\u00e1n\u00ed a v\u00fdhry El Gordo","description":"V\u00edt\u011bzn\u00e1 \u010d\u00edsla, v\u00fdsledky a ceny pro El Gordo a mnoho dal\u0161\u00edch loteri\u00ed, v\u017edy aktualizovan\u00e9 na na\u0161ich webov\u00fdch str\u00e1nk\u00e1ch.","robots":{"index":"index","follow":"follow","max-snippet":"max-snippet:-1","max-image-preview":"max-image-preview:large","max-video-preview":"max-video-preview:-1"},"canonical":"https:\/\/onlinelotto365.com\/cs\/vyherni-cisla\/el-gordo\/","og_locale":"cs_CZ","og_type":"article","og_title":"V\u00edt\u011bzn\u00e1 \u010d\u00edsla El Gordo | V\u00fdsledky losov\u00e1n\u00ed a v\u00fdhry El Gordo","og_description":"V\u00edt\u011bzn\u00e1 \u010d\u00edsla, v\u00fdsledky a ceny pro El Gordo a mnoho dal\u0161\u00edch loteri\u00ed, v\u017edy aktualizovan\u00e9 na na\u0161ich webov\u00fdch str\u00e1nk\u00e1ch.","og_url":"https:\/\/onlinelotto365.com\/cs\/vyherni-cisla\/el-gordo\/","og_site_name":"OnlineLotto365","og_image":[{"url":"https:\/\/redfoxlotto.com\/image?size=8&amp;lottery=el-gordo-primitiva"}],"twitter_card":"summary_large_image","twitter_misc":{"Odhadovan\u00e1 doba \u010dten\u00ed":"2 minuty"},"schema":{"@context":"https:\/\/schema.org","@graph":[{"@type":"WebPage","@id":"https:\/\/onlinelotto365.com\/cs\/vyherni-cisla\/el-gordo\/","url":"https:\/\/onlinelotto365.com\/cs\/vyherni-cisla\/el-gordo\/","name":"V\u00edt\u011bzn\u00e1 \u010d\u00edsla El Gordo | V\u00fdsledky losov\u00e1n\u00ed a v\u00fdhry El Gordo","isPartOf":{"@id":"https:\/\/onlinelotto365.com\/cs\/#website"},"primaryImageOfPage":{"@id":"https:\/\/onlinelotto365.com\/cs\/vyherni-cisla\/el-gordo\/#primaryimage"},"image":{"@id":"https:\/\/onlinelotto365.com\/cs\/vyherni-cisla\/el-gordo\/#primaryimage"},"thumbnailUrl":"https:\/\/redfoxlotto.com\/image?size=8&amp;lottery=el-gordo-primitiva","datePublished":"2022-11-22T10:07:08+00:00","dateModified":"2022-11-22T10:07:08+00:00","description":"V\u00edt\u011bzn\u00e1 \u010d\u00edsla, v\u00fdsledky a ceny pro El Gordo a mnoho dal\u0161\u00edch loteri\u00ed, v\u017edy aktualizovan\u00e9 na na\u0161ich webov\u00fdch str\u00e1nk\u00e1ch.","breadcrumb":{"@id":"https:\/\/onlinelotto365.com\/cs\/vyherni-cisla\/el-gordo\/#breadcrumb"},"inLanguage":"cs","potentialAction":[{"@type":"ReadAction","target":["https:\/\/onlinelotto365.com\/cs\/vyherni-cisla\/el-gordo\/"]}]},{"@type":"ImageObject","inLanguage":"cs","@id":"https:\/\/onlinelotto365.com\/cs\/vyherni-cisla\/el-gordo\/#primaryimage","url":"https:\/\/redfoxlotto.com\/image?size=8&amp;lottery=el-gordo-primitiva","contentUrl":"https:\/\/redfoxlotto.com\/image?size=8&amp;lottery=el-gordo-primitiva"},{"@type":"BreadcrumbList","@id":"https:\/\/onlinelotto365.com\/cs\/vyherni-cisla\/el-gordo\/#breadcrumb","itemListElement":[{"@type":"ListItem","position":1,"name":"Home","item":"https:\/\/onlinelotto365.com\/cs\/"},{"@type":"ListItem","position":2,"name":"Najd\u011bte v\u00fdhern\u00ed \u010d\u00edsla a v\u00fdsledky nejnov\u011bj\u0161\u00edch loteri\u00ed","item":"https:\/\/onlinelotto365.com\/cs\/vyherni-cisla\/"},{"@type":"ListItem","position":3,"name":"Zde si m\u016f\u017eete prohl\u00e9dnout v\u00fdsledky a v\u00fdhry sout\u011b\u017ee El Gordo"}]},{"@type":"WebSite","@id":"https:\/\/onlinelotto365.com\/cs\/#website","url":"https:\/\/onlinelotto365.com\/cs\/","name":"OnlineLotto365","description":"","potentialAction":[{"@type":"SearchAction","target":{"@type":"EntryPoint","urlTemplate":"https:\/\/onlinelotto365.com\/cs\/?s={search_term_string}"},"query-input":{"@type":"PropertyValueSpecification","valueRequired":true,"valueName":"search_term_string"}}],"inLanguage":"cs"}]}},"_links":{"self":[{"href":"https:\/\/onlinelotto365.com\/cs\/wp-json\/wp\/v2\/pages\/80659","targetHints":{"allow":["GET"]}}],"collection":[{"href":"https:\/\/onlinelotto365.com\/cs\/wp-json\/wp\/v2\/pages"}],"about":[{"href":"https:\/\/onlinelotto365.com\/cs\/wp-json\/wp\/v2\/types\/page"}],"author":[{"embeddable":true,"href":"https:\/\/onlinelotto365.com\/cs\/wp-json\/wp\/v2\/users\/1"}],"replies":[{"embeddable":true,"href":"https:\/\/onlinelotto365.com\/cs\/wp-json\/wp\/v2\/comments?post=80659"}],"version-history":[{"count":0,"href":"https:\/\/onlinelotto365.com\/cs\/wp-json\/wp\/v2\/pages\/80659\/revisions"}],"up":[{"embeddable":true,"href":"https:\/\/onlinelotto365.com\/cs\/wp-json\/wp\/v2\/pages\/5824"}],"wp:attachment":[{"href":"https:\/\/onlinelotto365.com\/cs\/wp-json\/wp\/v2\/media?parent=80659"}],"curies":[{"name":"wp","href":"https:\/\/api.w.org\/{rel}","templated":true}]}}