{"id":80691,"date":"2022-11-22T12:16:48","date_gmt":"2022-11-22T11:16:48","guid":{"rendered":"https:\/\/onlinelotto365.com\/?page_id=80691"},"modified":"2022-11-22T12:16:48","modified_gmt":"2022-11-22T11:16:48","slug":"la-primitiva","status":"publish","type":"page","link":"https:\/\/onlinelotto365.com\/cs\/vyherni-cisla\/la-primitiva\/","title":{"rendered":"V\u00fdsledky losov\u00e1n\u00ed La Primitiva"},"content":{"rendered":"<p>Nab\u00edz\u00edme spoustu r\u016fzn\u00fdch mezin\u00e1rodn\u00edch loterijn\u00edch her a v\u00edme, \u017ee chcete rychle naj\u00edt v\u00fdhern\u00ed \u010d\u00edsla. Proto se n\u011bkte\u0159\u00ed lid\u00e9 rozhodnou hledat \u010d\u00edsla v novin\u00e1ch. Naj\u00edt v\u00fdhern\u00ed \u010d\u00edsla pro La Primitiva v novin\u00e1ch v\u0161ak m\u016f\u017ee b\u00fdt obt\u00ed\u017en\u00e9. Stejn\u011b tak m\u016f\u017ee b\u00fdt obt\u00ed\u017en\u00e9 naj\u00edt tato \u010d\u00edsla v televizi, proto\u017ee mus\u00edte prov\u00e9st pr\u016fzkum, abyste na\u0161li ten spr\u00e1vn\u00fd kan\u00e1l.<br \/>\n<a href=\"https:\/\/redfoxlotto.com\/play\/la-primitiva\/?ref=a8564250a2&amp;medium=ol365\" target=\"_blank\" rel=\"noopener noreferrer\"><img decoding=\"async\" class=\"aligncenter\" src=\"https:\/\/redfoxlotto.com\/image?size=8&amp;lottery=la-primitiva\" alt=\" la primitiva\" \/><\/a><br \/>\nDal\u0161\u00ed mo\u017enost\u00ed je, \u017ee m\u016f\u017eete p\u0159ej\u00edt na internetov\u00e9 str\u00e1nky La Primitiva a pod\u00edvat se, zda neukazuj\u00ed \u017eiv\u00e9 losov\u00e1n\u00ed jejich hry. Pokud tak \u010din\u00ed, m\u016f\u017ee to b\u00fdt vzru\u0161uj\u00edc\u00ed pod\u00edvan\u00e1. Pokud to v\u0161ak ned\u011blaj\u00ed, co\u017e mnoho loterijn\u00edch her ned\u011bl\u00e1, budete muset \u010dekat d\u00e1l.<\/p>\n<p>Po losov\u00e1n\u00ed m\u016f\u017eete n\u011bkdy naj\u00edt nejnov\u011bj\u0161\u00ed losov\u00e1n\u00ed La Primitiva na YouTube. K tomu byste v\u0161ak museli n\u011bjakou dobu po losov\u00e1n\u00ed po\u010dkat.<\/p>\n<p>Nejpohodln\u011bj\u0161\u00edm zp\u016fsobem, jak z\u00edskat \u010d\u00edsla, je v\u0161ak pod\u00edvat se na na\u0161e webov\u00e9 str\u00e1nky. P\u0159\u00edmo na na\u0161ich webov\u00fdch str\u00e1nk\u00e1ch nab\u00edz\u00edme vylosovan\u00e1 \u010d\u00edsla a v\u00fdsledky a dokonce i v\u00fd\u0161i v\u00fdher pro La Primitiva a zahrnujeme i dal\u0161\u00ed loterie, kter\u00e9 nab\u00edz\u00edme.<\/p>\n<h2>Jak zjistit, zda v\u00e1\u0161 online tiket vyhr\u00e1l?<\/h2>\n<p>Pokud jste si zakoupili tikety La Primitiva, nemus\u00edte ani p\u0159ech\u00e1zet na str\u00e1nku s v\u00fdsledky. M\u016f\u017eete j\u00edt p\u0159\u00edmo do sv\u00e9ho \u00fa\u010dtu a pod\u00edvat se na sv\u00e9 tikety. P\u0159\u00edmo na t\u00e9\u017ee obrazovce uvid\u00edte v\u00fdhern\u00ed \u010d\u00edsla pro ka\u017edou hru, kterou jste hr\u00e1li. A uvid\u00edte zv\u00fdrazn\u011bn\u00e1 \u010d\u00edsla u v\u0161ech, kter\u00e1 se shoduj\u00ed mezi va\u0161\u00edm tiketem a v\u00fdhern\u00edmi \u010d\u00edsly.<br \/>\nPokud m\u00e1te spr\u00e1vn\u00e9 \u010d\u00edslo, stanete se v\u00fdhercem a uvid\u00edte, kolik p\u0159esn\u011b jste vyhr\u00e1li. V\u00fdhry (za jakoukoli \u010d\u00e1stku ni\u017e\u0161\u00ed ne\u017e 2500 eur) m\u00e1te nav\u00edc k dispozici na sv\u00e9m \u00fa\u010dtu hned po ov\u011b\u0159en\u00ed v\u00fdsledk\u016f.<\/p>\n<h2>Archiv v\u00fdsledk\u016f La Primitiva<\/h2>\n<p>Pro ty, kte\u0159\u00ed si cht\u011bj\u00ed vybrat sv\u00e1 \u010d\u00edsla pro p\u0159\u00ed\u0161t\u00ed slosov\u00e1n\u00ed, v\u00edme, \u017ee m\u016f\u017ee b\u00fdt d\u016fle\u017eit\u00e9 pod\u00edvat se na star\u0161\u00ed tikety a star\u0161\u00ed \u010d\u00edsla. Proto se star\u00e1me o to, aby na ka\u017ed\u00e9 str\u00e1nce, kde jsou k dispozici nejnov\u011bj\u0161\u00ed v\u00fdsledky La Primitiva, byl p\u0159\u00edstup i ke star\u0161\u00edm \u010d\u00edsl\u016fm. M\u016f\u017eete si je kdykoli a z jak\u00e9hokoli d\u016fvodu zkontrolovat.<\/p>\n<h2>M\u016fj tip vyhr\u00e1l, co se stane d\u00e1l?<\/h2>\n<p><img loading=\"lazy\" decoding=\"async\" class=\"alignright wp-image-3572\" src=\"https:\/\/onlinelotto365.com\/wp-content\/uploads\/2020\/11\/online_lottery-25-300x212.jpg\" alt=\"vylosovan\u00e1 \u010d\u00edsla pro La Primitiva\" width=\"232\" height=\"165\" srcset=\"https:\/\/onlinelotto365.com\/wp-content\/uploads\/2020\/11\/online_lottery-25-300x212.jpg 300w, https:\/\/onlinelotto365.com\/wp-content\/uploads\/2020\/11\/online_lottery-25.jpg 320w\" sizes=\"auto, (max-width: 232px) 100vw, 232px\" \/><br \/>\nPokud v\u00e1\u0161 tiket vyhr\u00e1l, sta\u010d\u00ed se jen pohodln\u011b usadit a odpo\u010d\u00edvat, proto\u017ee my se o v\u0161e postar\u00e1me za v\u00e1s. Jakoukoli \u010d\u00e1stku ni\u017e\u0161\u00ed ne\u017e 2500 EUR v\u00e1m p\u0159ip\u00ed\u0161eme p\u0159\u00edmo na \u00fa\u010det, tak\u017ee o ni nemus\u00edte \u017e\u00e1dat ani podstupovat \u017e\u00e1dn\u00e9 dal\u0161\u00ed kroky. Pakli\u017ee m\u00e1te na \u00fa\u010dtu alespo\u0148 10 \u20ac, m\u016f\u017eete si pen\u00edze vybrat na sv\u016fj bankovn\u00ed \u00fa\u010det nebo kreditn\u00ed kartu.<\/p>\n<p>Mus\u00edte se jen ujistit, \u017ee jste tuto kartu nebo \u00fa\u010det u n\u00e1s ji\u017e d\u0159\u00edve pou\u017eili. Budete tak\u00e9 muset vyplnit n\u011bkter\u00e9 dokumenty, abychom se ujistili, \u017ee spl\u0148ujeme p\u0159edpisy, kter\u00e9 m\u00e1 n\u00e1\u0161 zpracovatel plateb. Tyto dokumenty chr\u00e1n\u00ed nejen n\u00e1s, ale tak\u00e9 v\u00e1s, proto\u017ee zaji\u0161\u0165uj\u00ed, \u017ee jste jedin\u00fdm, kdo si m\u016f\u017ee vybrat pen\u00edze z \u00fa\u010dtu.<\/p>\n","protected":false},"excerpt":{"rendered":"<p>Nab\u00edz\u00edme spoustu r\u016fzn\u00fdch mezin\u00e1rodn\u00edch loterijn\u00edch her a v\u00edme, \u017ee chcete rychle naj\u00edt v\u00fdhern\u00ed \u010d\u00edsla. Proto se n\u011bkte\u0159\u00ed lid\u00e9 rozhodnou hledat \u010d\u00edsla v novin\u00e1ch. Naj\u00edt v\u00fdhern\u00ed \u010d\u00edsla pro La Primitiva v novin\u00e1ch v\u0161ak m\u016f\u017ee b\u00fdt obt\u00ed\u017en\u00e9. Stejn\u011b tak m\u016f\u017ee b\u00fdt obt\u00ed\u017en\u00e9 naj\u00edt tato \u010d\u00edsla v televizi, proto\u017ee mus\u00edte prov\u00e9st pr\u016fzkum, abyste na\u0161li ten spr\u00e1vn\u00fd kan\u00e1l. Dal\u0161\u00ed [&hellip;]<\/p>\n","protected":false},"author":1,"featured_media":0,"parent":5824,"menu_order":7,"comment_status":"closed","ping_status":"closed","template":"la-primitiva-results.php","meta":{"_et_pb_use_builder":"","_et_pb_old_content":"","_et_gb_content_width":"","exclude_from_search":false,"footnotes":""},"class_list":["post-80691","page","type-page","status-publish","hentry"],"yoast_head":"<!-- This site is optimized with the Yoast SEO plugin v23.4 - https:\/\/yoast.com\/wordpress\/plugins\/seo\/ -->\n<title>Nejnov\u011bj\u0161\u00ed v\u00fdsledky losov\u00e1n\u00ed, vylosovan\u00e1 \u010d\u00edsla pro La Primitiva<\/title>\n<meta name=\"description\" content=\"Z\u00edskejte nejnov\u011bj\u0161\u00ed vylosovan\u00e1 \u010d\u00edsla \u0161pan\u011blsk\u00e9ho losov\u00e1n\u00ed La Primitiva a dal\u0161\u00ed v\u00fdsledky.\" \/>\n<meta name=\"robots\" content=\"index, follow, max-snippet:-1, max-image-preview:large, max-video-preview:-1\" \/>\n<link rel=\"canonical\" href=\"https:\/\/onlinelotto365.com\/cs\/vyherni-cisla\/la-primitiva\/\" \/>\n<meta property=\"og:locale\" content=\"cs_CZ\" \/>\n<meta property=\"og:type\" content=\"article\" \/>\n<meta property=\"og:title\" content=\"Nejnov\u011bj\u0161\u00ed v\u00fdsledky losov\u00e1n\u00ed, vylosovan\u00e1 \u010d\u00edsla pro La Primitiva\" \/>\n<meta property=\"og:description\" content=\"Z\u00edskejte nejnov\u011bj\u0161\u00ed vylosovan\u00e1 \u010d\u00edsla \u0161pan\u011blsk\u00e9ho losov\u00e1n\u00ed La Primitiva a dal\u0161\u00ed v\u00fdsledky.\" \/>\n<meta property=\"og:url\" content=\"https:\/\/onlinelotto365.com\/cs\/vyherni-cisla\/la-primitiva\/\" \/>\n<meta property=\"og:site_name\" content=\"OnlineLotto365\" \/>\n<meta property=\"og:image\" content=\"https:\/\/redfoxlotto.com\/image?size=8&amp;lottery=la-primitiva\" \/>\n<meta name=\"twitter:card\" content=\"summary_large_image\" \/>\n<meta name=\"twitter:label1\" content=\"Odhadovan\u00e1 doba \u010dten\u00ed\" \/>\n\t<meta name=\"twitter:data1\" content=\"3 minuty\" \/>\n<script type=\"application\/ld+json\" class=\"yoast-schema-graph\">{\"@context\":\"https:\/\/schema.org\",\"@graph\":[{\"@type\":\"WebPage\",\"@id\":\"https:\/\/onlinelotto365.com\/cs\/vyherni-cisla\/la-primitiva\/\",\"url\":\"https:\/\/onlinelotto365.com\/cs\/vyherni-cisla\/la-primitiva\/\",\"name\":\"Nejnov\u011bj\u0161\u00ed v\u00fdsledky losov\u00e1n\u00ed, vylosovan\u00e1 \u010d\u00edsla pro La Primitiva\",\"isPartOf\":{\"@id\":\"https:\/\/onlinelotto365.com\/cs\/#website\"},\"primaryImageOfPage\":{\"@id\":\"https:\/\/onlinelotto365.com\/cs\/vyherni-cisla\/la-primitiva\/#primaryimage\"},\"image\":{\"@id\":\"https:\/\/onlinelotto365.com\/cs\/vyherni-cisla\/la-primitiva\/#primaryimage\"},\"thumbnailUrl\":\"https:\/\/redfoxlotto.com\/image?size=8&amp;lottery=la-primitiva\",\"datePublished\":\"2022-11-22T11:16:48+00:00\",\"dateModified\":\"2022-11-22T11:16:48+00:00\",\"description\":\"Z\u00edskejte nejnov\u011bj\u0161\u00ed vylosovan\u00e1 \u010d\u00edsla \u0161pan\u011blsk\u00e9ho losov\u00e1n\u00ed La Primitiva a dal\u0161\u00ed v\u00fdsledky.\",\"breadcrumb\":{\"@id\":\"https:\/\/onlinelotto365.com\/cs\/vyherni-cisla\/la-primitiva\/#breadcrumb\"},\"inLanguage\":\"cs\",\"potentialAction\":[{\"@type\":\"ReadAction\",\"target\":[\"https:\/\/onlinelotto365.com\/cs\/vyherni-cisla\/la-primitiva\/\"]}]},{\"@type\":\"ImageObject\",\"inLanguage\":\"cs\",\"@id\":\"https:\/\/onlinelotto365.com\/cs\/vyherni-cisla\/la-primitiva\/#primaryimage\",\"url\":\"https:\/\/redfoxlotto.com\/image?size=8&amp;lottery=la-primitiva\",\"contentUrl\":\"https:\/\/redfoxlotto.com\/image?size=8&amp;lottery=la-primitiva\"},{\"@type\":\"BreadcrumbList\",\"@id\":\"https:\/\/onlinelotto365.com\/cs\/vyherni-cisla\/la-primitiva\/#breadcrumb\",\"itemListElement\":[{\"@type\":\"ListItem\",\"position\":1,\"name\":\"Home\",\"item\":\"https:\/\/onlinelotto365.com\/cs\/\"},{\"@type\":\"ListItem\",\"position\":2,\"name\":\"Najd\u011bte v\u00fdhern\u00ed \u010d\u00edsla a v\u00fdsledky nejnov\u011bj\u0161\u00edch loteri\u00ed\",\"item\":\"https:\/\/onlinelotto365.com\/cs\/vyherni-cisla\/\"},{\"@type\":\"ListItem\",\"position\":3,\"name\":\"V\u00fdsledky losov\u00e1n\u00ed La Primitiva\"}]},{\"@type\":\"WebSite\",\"@id\":\"https:\/\/onlinelotto365.com\/cs\/#website\",\"url\":\"https:\/\/onlinelotto365.com\/cs\/\",\"name\":\"OnlineLotto365\",\"description\":\"\",\"potentialAction\":[{\"@type\":\"SearchAction\",\"target\":{\"@type\":\"EntryPoint\",\"urlTemplate\":\"https:\/\/onlinelotto365.com\/cs\/?s={search_term_string}\"},\"query-input\":{\"@type\":\"PropertyValueSpecification\",\"valueRequired\":true,\"valueName\":\"search_term_string\"}}],\"inLanguage\":\"cs\"}]}<\/script>\n<!-- \/ Yoast SEO plugin. -->","yoast_head_json":{"title":"Nejnov\u011bj\u0161\u00ed v\u00fdsledky losov\u00e1n\u00ed, vylosovan\u00e1 \u010d\u00edsla pro La Primitiva","description":"Z\u00edskejte nejnov\u011bj\u0161\u00ed vylosovan\u00e1 \u010d\u00edsla \u0161pan\u011blsk\u00e9ho losov\u00e1n\u00ed La Primitiva a dal\u0161\u00ed v\u00fdsledky.","robots":{"index":"index","follow":"follow","max-snippet":"max-snippet:-1","max-image-preview":"max-image-preview:large","max-video-preview":"max-video-preview:-1"},"canonical":"https:\/\/onlinelotto365.com\/cs\/vyherni-cisla\/la-primitiva\/","og_locale":"cs_CZ","og_type":"article","og_title":"Nejnov\u011bj\u0161\u00ed v\u00fdsledky losov\u00e1n\u00ed, vylosovan\u00e1 \u010d\u00edsla pro La Primitiva","og_description":"Z\u00edskejte nejnov\u011bj\u0161\u00ed vylosovan\u00e1 \u010d\u00edsla \u0161pan\u011blsk\u00e9ho losov\u00e1n\u00ed La Primitiva a dal\u0161\u00ed v\u00fdsledky.","og_url":"https:\/\/onlinelotto365.com\/cs\/vyherni-cisla\/la-primitiva\/","og_site_name":"OnlineLotto365","og_image":[{"url":"https:\/\/redfoxlotto.com\/image?size=8&amp;lottery=la-primitiva"}],"twitter_card":"summary_large_image","twitter_misc":{"Odhadovan\u00e1 doba \u010dten\u00ed":"3 minuty"},"schema":{"@context":"https:\/\/schema.org","@graph":[{"@type":"WebPage","@id":"https:\/\/onlinelotto365.com\/cs\/vyherni-cisla\/la-primitiva\/","url":"https:\/\/onlinelotto365.com\/cs\/vyherni-cisla\/la-primitiva\/","name":"Nejnov\u011bj\u0161\u00ed v\u00fdsledky losov\u00e1n\u00ed, vylosovan\u00e1 \u010d\u00edsla pro La Primitiva","isPartOf":{"@id":"https:\/\/onlinelotto365.com\/cs\/#website"},"primaryImageOfPage":{"@id":"https:\/\/onlinelotto365.com\/cs\/vyherni-cisla\/la-primitiva\/#primaryimage"},"image":{"@id":"https:\/\/onlinelotto365.com\/cs\/vyherni-cisla\/la-primitiva\/#primaryimage"},"thumbnailUrl":"https:\/\/redfoxlotto.com\/image?size=8&amp;lottery=la-primitiva","datePublished":"2022-11-22T11:16:48+00:00","dateModified":"2022-11-22T11:16:48+00:00","description":"Z\u00edskejte nejnov\u011bj\u0161\u00ed vylosovan\u00e1 \u010d\u00edsla \u0161pan\u011blsk\u00e9ho losov\u00e1n\u00ed La Primitiva a dal\u0161\u00ed v\u00fdsledky.","breadcrumb":{"@id":"https:\/\/onlinelotto365.com\/cs\/vyherni-cisla\/la-primitiva\/#breadcrumb"},"inLanguage":"cs","potentialAction":[{"@type":"ReadAction","target":["https:\/\/onlinelotto365.com\/cs\/vyherni-cisla\/la-primitiva\/"]}]},{"@type":"ImageObject","inLanguage":"cs","@id":"https:\/\/onlinelotto365.com\/cs\/vyherni-cisla\/la-primitiva\/#primaryimage","url":"https:\/\/redfoxlotto.com\/image?size=8&amp;lottery=la-primitiva","contentUrl":"https:\/\/redfoxlotto.com\/image?size=8&amp;lottery=la-primitiva"},{"@type":"BreadcrumbList","@id":"https:\/\/onlinelotto365.com\/cs\/vyherni-cisla\/la-primitiva\/#breadcrumb","itemListElement":[{"@type":"ListItem","position":1,"name":"Home","item":"https:\/\/onlinelotto365.com\/cs\/"},{"@type":"ListItem","position":2,"name":"Najd\u011bte v\u00fdhern\u00ed \u010d\u00edsla a v\u00fdsledky nejnov\u011bj\u0161\u00edch loteri\u00ed","item":"https:\/\/onlinelotto365.com\/cs\/vyherni-cisla\/"},{"@type":"ListItem","position":3,"name":"V\u00fdsledky losov\u00e1n\u00ed La Primitiva"}]},{"@type":"WebSite","@id":"https:\/\/onlinelotto365.com\/cs\/#website","url":"https:\/\/onlinelotto365.com\/cs\/","name":"OnlineLotto365","description":"","potentialAction":[{"@type":"SearchAction","target":{"@type":"EntryPoint","urlTemplate":"https:\/\/onlinelotto365.com\/cs\/?s={search_term_string}"},"query-input":{"@type":"PropertyValueSpecification","valueRequired":true,"valueName":"search_term_string"}}],"inLanguage":"cs"}]}},"_links":{"self":[{"href":"https:\/\/onlinelotto365.com\/cs\/wp-json\/wp\/v2\/pages\/80691","targetHints":{"allow":["GET"]}}],"collection":[{"href":"https:\/\/onlinelotto365.com\/cs\/wp-json\/wp\/v2\/pages"}],"about":[{"href":"https:\/\/onlinelotto365.com\/cs\/wp-json\/wp\/v2\/types\/page"}],"author":[{"embeddable":true,"href":"https:\/\/onlinelotto365.com\/cs\/wp-json\/wp\/v2\/users\/1"}],"replies":[{"embeddable":true,"href":"https:\/\/onlinelotto365.com\/cs\/wp-json\/wp\/v2\/comments?post=80691"}],"version-history":[{"count":0,"href":"https:\/\/onlinelotto365.com\/cs\/wp-json\/wp\/v2\/pages\/80691\/revisions"}],"up":[{"embeddable":true,"href":"https:\/\/onlinelotto365.com\/cs\/wp-json\/wp\/v2\/pages\/5824"}],"wp:attachment":[{"href":"https:\/\/onlinelotto365.com\/cs\/wp-json\/wp\/v2\/media?parent=80691"}],"curies":[{"name":"wp","href":"https:\/\/api.w.org\/{rel}","templated":true}]}}