{"id":80724,"date":"2022-11-22T13:12:24","date_gmt":"2022-11-22T12:12:24","guid":{"rendered":"https:\/\/onlinelotto365.com\/?page_id=80724"},"modified":"2022-11-22T13:12:24","modified_gmt":"2022-11-22T12:12:24","slug":"bonoloto","status":"publish","type":"page","link":"https:\/\/onlinelotto365.com\/cs\/vyherni-cisla\/bonoloto\/","title":{"rendered":"V\u00fdsledky \u0161pan\u011blsk\u00e9ho Bonolota"},"content":{"rendered":"<p>Mezin\u00e1rodn\u00ed loterijn\u00ed hry mohou b\u00fdt velmi z\u00e1bavn\u00e9, ale mus\u00edte v\u011bd\u011bt, jak zkontrolovat vylosovan\u00e1 \u010d\u00edsla. Jedn\u00edm ze zp\u016fsob\u016f, jak se pod\u00edvat na v\u00fdhern\u00ed \u010d\u00edsla BonoLoto, je zaj\u00edt do novin. V\u00fdsledky, kter\u00e9 hled\u00e1te, v\u0161ak zpravidla najdou pouze m\u00edstn\u00ed noviny.<br \/>\n<a href=\"https:\/\/redfoxlotto.com\/play\/bonoloto\/?ref=a8564250a2&amp;medium=ol365\" target=\"_blank\" rel=\"noopener noreferrer\"><img decoding=\"async\" class=\"aligncenter\" src=\"https:\/\/redfoxlotto.com\/image?size=8&amp;lottery=bonoloto\" alt=\"BonoLoto\" \/><\/a><br \/>\nDal\u0161\u00ed mo\u017enost\u00ed je pod\u00edvat se na televizn\u00ed stanice, ale ani tam nemus\u00edte naj\u00edt informace, kter\u00e9 hled\u00e1te. Mus\u00edte \u017e\u00edt v t\u00e9 spr\u00e1vn\u00e9 oblasti a v\u011bd\u011bt, kdy se na \u010d\u00edsla pod\u00edvat.<\/p>\n<p>D\u00e1le se m\u016f\u017eete pod\u00edvat na ofici\u00e1ln\u00ed webov\u00e9 str\u00e1nky BonoLoto a zjistit, zda nenab\u00edzej\u00ed \u017eiv\u00e9 losov\u00e1n\u00ed online. U her, kter\u00e9 to d\u011blaj\u00ed, to m\u016f\u017ee b\u00fdt pro ka\u017ed\u00e9ho vzru\u0161uj\u00edc\u00ed, proto\u017ee se m\u016f\u017eete nechat un\u00e9st okam\u017eikem, kdy se d\u00edv\u00e1te na \u010d\u00edsla, kter\u00e1 se okam\u017eit\u011b objev\u00ed. M\u011bjte v\u0161ak na pam\u011bti, \u017ee ne v\u0161echny loterijn\u00ed hry tuto mo\u017enost skute\u010dn\u011b nab\u00edzej\u00ed.<\/p>\n<p>Nakonec se m\u016f\u017eete pod\u00edvat na YouTube, zda n\u011bkdo nezve\u0159ejnil \u017eiv\u00e9 video z losov\u00e1n\u00ed nebo zda nezaznamenal vylosovan\u00e1 \u010d\u00edsla n\u011bjak\u00fdm jin\u00fdm zp\u016fsobem, aby se o losov\u00e1n\u00ed BonoLoto pod\u011blil.<\/p>\n<p>Nejpohodln\u011bj\u0161\u00edm zp\u016fsobem, jak m\u016f\u017eete z\u00edskat v\u00fdhern\u00ed \u010d\u00edsla, je v\u0161ak rozhodn\u011b n\u00e1v\u0161t\u011bva na\u0161ich webov\u00fdch str\u00e1nek. Na na\u0161ich webov\u00fdch str\u00e1nk\u00e1ch v\u00e1m poskytneme v\u0161echna vylosovan\u00e1 \u010d\u00edsla pro hru BonoLoto i v\u0161echny ostatn\u00ed hry, kter\u00e9 m\u00e1me k dispozici, tak\u017ee je m\u016f\u017eete sledovat na jednom m\u00edst\u011b.<\/p>\n<h2>Jak zjistit, zda v\u00e1\u0161 online tiket vyhr\u00e1l?<\/h2>\n<p>Ti, kte\u0159\u00ed si ji\u017e zakoupili tiket BonoLoto, mohou p\u0159ej\u00edt p\u0159\u00edmo do sv\u00e9ho \u00fa\u010dtu. P\u0159ihlaste se a p\u0159ejd\u011bte na str\u00e1nku s va\u0161imi vstupenkami. Jakmile se tam ocitnete, budete si moci prohl\u00e9dnout v\u00fdsledky v\u0161ech her, na kter\u00e9 jste si zakoupili vstupenky. To v\u00e1m velmi usnadn\u00ed p\u0159ehled o tom, kter\u00e1 \u010d\u00edsla v\u00e1m padla a kter\u00e1 ne. Pen\u00edze si budete moci ihned vyzvednout tak\u00e9 v p\u0159\u00edpad\u011b, \u017ee jste vyhr\u00e1li m\u00e9n\u011b ne\u017e 2500 eur. To proto, \u017ee tyto \u010d\u00e1stky jsou p\u0159evedeny p\u0159\u00edmo na v\u00e1\u0161 \u00fa\u010det, ani\u017e byste museli cokoli d\u011blat.<\/p>\n<h2>Archiv v\u00fdsledk\u016f BonoLoto<\/h2>\n<p>Pokud hled\u00e1te star\u00e1 \u010d\u00edsla BonoLoto, nemus\u00edte hledat daleko. To proto, \u017ee jsme se o v\u0161e postarali za v\u00e1s. Dokonce jsme v\u0161echna star\u00e1 \u010d\u00edsla um\u00edstili p\u0159\u00edmo na stejn\u00e9 m\u00edsto jako \u010d\u00edsla nejnov\u011bj\u0161\u00ed, tak\u017ee se nemus\u00edte obt\u011b\u017eovat s jejich dohled\u00e1v\u00e1n\u00edm. To proto, \u017ee v\u00edme, jak je pro v\u00e1s d\u016fle\u017eit\u00e9, abyste mohli tato \u010d\u00edsla naj\u00edt, kdy\u017e je chcete.<\/p>\n<h2>M\u016fj tiket vyhr\u00e1l, co bude n\u00e1sledovat?<\/h2>\n<p><img loading=\"lazy\" decoding=\"async\" class=\"alignright wp-image-3651\" src=\"https:\/\/onlinelotto365.com\/wp-content\/uploads\/2020\/11\/online_lottery-79-300x292.jpg\" alt=\"vylosovan\u00e1 \u010d\u00edsla bonolota\" width=\"148\" height=\"145\" srcset=\"https:\/\/onlinelotto365.com\/wp-content\/uploads\/2020\/11\/online_lottery-79-300x292.jpg 300w, https:\/\/onlinelotto365.com\/wp-content\/uploads\/2020\/11\/online_lottery-79.jpg 320w\" sizes=\"auto, (max-width: 148px) 100vw, 148px\" \/><br \/>\nU\u017e jsme mluvili o tom, \u017ee pokud vyhrajete n\u011bkterou z drobn\u00fdch v\u00fdher v libovoln\u00e9 loterijn\u00ed h\u0159e, nemus\u00edte se o z\u00edsk\u00e1n\u00ed sv\u00fdch pen\u011bz b\u00e1t. To proto, \u017ee se postar\u00e1me o to, abyste je dostali p\u0159\u00edmo na sv\u016fj \u00fa\u010det. Jak\u00e1koli \u010d\u00e1stka ni\u017e\u0161\u00ed ne\u017e 2500 \u20ac bude automaticky p\u0159ips\u00e1na na v\u00e1\u0161 \u00fa\u010det, tak\u017ee ji budete m\u00edt k dispozici, kdykoli budete cht\u00edt.<br \/>\nTo pro v\u00e1s bude ur\u010dit\u011b v\u00fdhodn\u00e9 a pom\u016f\u017ee v\u00e1m to za\u010d\u00edt tyto pen\u00edze pou\u017e\u00edvat. M\u016f\u017eete je toti\u017e pou\u017e\u00edt na n\u00e1kup dal\u0161\u00edch vstupenek, kdykoli budete cht\u00edt. Pokud je to v\u00edce ne\u017e 10 \u20ac, m\u016f\u017eete si pen\u00edze dokonce vybrat na jak\u00fdkoli \u00fa\u010det, kter\u00fd jste na na\u0161ich str\u00e1nk\u00e1ch pou\u017e\u00edvali ji\u017e d\u0159\u00edve.<\/p>\n","protected":false},"excerpt":{"rendered":"<p>Mezin\u00e1rodn\u00ed loterijn\u00ed hry mohou b\u00fdt velmi z\u00e1bavn\u00e9, ale mus\u00edte v\u011bd\u011bt, jak zkontrolovat vylosovan\u00e1 \u010d\u00edsla. Jedn\u00edm ze zp\u016fsob\u016f, jak se pod\u00edvat na v\u00fdhern\u00ed \u010d\u00edsla BonoLoto, je zaj\u00edt do novin. V\u00fdsledky, kter\u00e9 hled\u00e1te, v\u0161ak zpravidla najdou pouze m\u00edstn\u00ed noviny. Dal\u0161\u00ed mo\u017enost\u00ed je pod\u00edvat se na televizn\u00ed stanice, ale ani tam nemus\u00edte naj\u00edt informace, kter\u00e9 hled\u00e1te. Mus\u00edte \u017e\u00edt [&hellip;]<\/p>\n","protected":false},"author":1,"featured_media":0,"parent":5824,"menu_order":8,"comment_status":"closed","ping_status":"closed","template":"template-rightsidebar.php","meta":{"_et_pb_use_builder":"","_et_pb_old_content":"","_et_gb_content_width":"","exclude_from_search":false,"footnotes":""},"class_list":["post-80724","page","type-page","status-publish","hentry"],"yoast_head":"<!-- This site is optimized with the Yoast SEO plugin v23.4 - https:\/\/yoast.com\/wordpress\/plugins\/seo\/ -->\n<title>V\u00fdsledky a ceny \u0161pan\u011blsk\u00e9ho BonoLoto<\/title>\n<meta name=\"description\" content=\"Zde se dozv\u00edte, zda va\u0161e vstupenky na Bonoloto vyhr\u00e1ly\" \/>\n<meta name=\"robots\" content=\"index, follow, max-snippet:-1, max-image-preview:large, max-video-preview:-1\" \/>\n<link rel=\"canonical\" href=\"https:\/\/onlinelotto365.com\/cs\/vyherni-cisla\/bonoloto\/\" \/>\n<meta property=\"og:locale\" content=\"cs_CZ\" \/>\n<meta property=\"og:type\" content=\"article\" \/>\n<meta property=\"og:title\" content=\"V\u00fdsledky a ceny \u0161pan\u011blsk\u00e9ho BonoLoto\" \/>\n<meta property=\"og:description\" content=\"Zde se dozv\u00edte, zda va\u0161e vstupenky na Bonoloto vyhr\u00e1ly\" \/>\n<meta property=\"og:url\" content=\"https:\/\/onlinelotto365.com\/cs\/vyherni-cisla\/bonoloto\/\" \/>\n<meta property=\"og:site_name\" content=\"OnlineLotto365\" \/>\n<meta property=\"og:image\" content=\"https:\/\/redfoxlotto.com\/image?size=8&amp;lottery=bonoloto\" \/>\n<meta name=\"twitter:card\" content=\"summary_large_image\" \/>\n<meta name=\"twitter:label1\" content=\"Odhadovan\u00e1 doba \u010dten\u00ed\" \/>\n\t<meta name=\"twitter:data1\" content=\"3 minuty\" \/>\n<script type=\"application\/ld+json\" class=\"yoast-schema-graph\">{\"@context\":\"https:\/\/schema.org\",\"@graph\":[{\"@type\":\"WebPage\",\"@id\":\"https:\/\/onlinelotto365.com\/cs\/vyherni-cisla\/bonoloto\/\",\"url\":\"https:\/\/onlinelotto365.com\/cs\/vyherni-cisla\/bonoloto\/\",\"name\":\"V\u00fdsledky a ceny \u0161pan\u011blsk\u00e9ho BonoLoto\",\"isPartOf\":{\"@id\":\"https:\/\/onlinelotto365.com\/cs\/#website\"},\"primaryImageOfPage\":{\"@id\":\"https:\/\/onlinelotto365.com\/cs\/vyherni-cisla\/bonoloto\/#primaryimage\"},\"image\":{\"@id\":\"https:\/\/onlinelotto365.com\/cs\/vyherni-cisla\/bonoloto\/#primaryimage\"},\"thumbnailUrl\":\"https:\/\/redfoxlotto.com\/image?size=8&amp;lottery=bonoloto\",\"datePublished\":\"2022-11-22T12:12:24+00:00\",\"dateModified\":\"2022-11-22T12:12:24+00:00\",\"description\":\"Zde se dozv\u00edte, zda va\u0161e vstupenky na Bonoloto vyhr\u00e1ly\",\"breadcrumb\":{\"@id\":\"https:\/\/onlinelotto365.com\/cs\/vyherni-cisla\/bonoloto\/#breadcrumb\"},\"inLanguage\":\"cs\",\"potentialAction\":[{\"@type\":\"ReadAction\",\"target\":[\"https:\/\/onlinelotto365.com\/cs\/vyherni-cisla\/bonoloto\/\"]}]},{\"@type\":\"ImageObject\",\"inLanguage\":\"cs\",\"@id\":\"https:\/\/onlinelotto365.com\/cs\/vyherni-cisla\/bonoloto\/#primaryimage\",\"url\":\"https:\/\/redfoxlotto.com\/image?size=8&amp;lottery=bonoloto\",\"contentUrl\":\"https:\/\/redfoxlotto.com\/image?size=8&amp;lottery=bonoloto\"},{\"@type\":\"BreadcrumbList\",\"@id\":\"https:\/\/onlinelotto365.com\/cs\/vyherni-cisla\/bonoloto\/#breadcrumb\",\"itemListElement\":[{\"@type\":\"ListItem\",\"position\":1,\"name\":\"Home\",\"item\":\"https:\/\/onlinelotto365.com\/cs\/\"},{\"@type\":\"ListItem\",\"position\":2,\"name\":\"Najd\u011bte v\u00fdhern\u00ed \u010d\u00edsla a v\u00fdsledky nejnov\u011bj\u0161\u00edch loteri\u00ed\",\"item\":\"https:\/\/onlinelotto365.com\/cs\/vyherni-cisla\/\"},{\"@type\":\"ListItem\",\"position\":3,\"name\":\"V\u00fdsledky \u0161pan\u011blsk\u00e9ho Bonolota\"}]},{\"@type\":\"WebSite\",\"@id\":\"https:\/\/onlinelotto365.com\/cs\/#website\",\"url\":\"https:\/\/onlinelotto365.com\/cs\/\",\"name\":\"OnlineLotto365\",\"description\":\"\",\"potentialAction\":[{\"@type\":\"SearchAction\",\"target\":{\"@type\":\"EntryPoint\",\"urlTemplate\":\"https:\/\/onlinelotto365.com\/cs\/?s={search_term_string}\"},\"query-input\":{\"@type\":\"PropertyValueSpecification\",\"valueRequired\":true,\"valueName\":\"search_term_string\"}}],\"inLanguage\":\"cs\"}]}<\/script>\n<!-- \/ Yoast SEO plugin. -->","yoast_head_json":{"title":"V\u00fdsledky a ceny \u0161pan\u011blsk\u00e9ho BonoLoto","description":"Zde se dozv\u00edte, zda va\u0161e vstupenky na Bonoloto vyhr\u00e1ly","robots":{"index":"index","follow":"follow","max-snippet":"max-snippet:-1","max-image-preview":"max-image-preview:large","max-video-preview":"max-video-preview:-1"},"canonical":"https:\/\/onlinelotto365.com\/cs\/vyherni-cisla\/bonoloto\/","og_locale":"cs_CZ","og_type":"article","og_title":"V\u00fdsledky a ceny \u0161pan\u011blsk\u00e9ho BonoLoto","og_description":"Zde se dozv\u00edte, zda va\u0161e vstupenky na Bonoloto vyhr\u00e1ly","og_url":"https:\/\/onlinelotto365.com\/cs\/vyherni-cisla\/bonoloto\/","og_site_name":"OnlineLotto365","og_image":[{"url":"https:\/\/redfoxlotto.com\/image?size=8&amp;lottery=bonoloto"}],"twitter_card":"summary_large_image","twitter_misc":{"Odhadovan\u00e1 doba \u010dten\u00ed":"3 minuty"},"schema":{"@context":"https:\/\/schema.org","@graph":[{"@type":"WebPage","@id":"https:\/\/onlinelotto365.com\/cs\/vyherni-cisla\/bonoloto\/","url":"https:\/\/onlinelotto365.com\/cs\/vyherni-cisla\/bonoloto\/","name":"V\u00fdsledky a ceny \u0161pan\u011blsk\u00e9ho BonoLoto","isPartOf":{"@id":"https:\/\/onlinelotto365.com\/cs\/#website"},"primaryImageOfPage":{"@id":"https:\/\/onlinelotto365.com\/cs\/vyherni-cisla\/bonoloto\/#primaryimage"},"image":{"@id":"https:\/\/onlinelotto365.com\/cs\/vyherni-cisla\/bonoloto\/#primaryimage"},"thumbnailUrl":"https:\/\/redfoxlotto.com\/image?size=8&amp;lottery=bonoloto","datePublished":"2022-11-22T12:12:24+00:00","dateModified":"2022-11-22T12:12:24+00:00","description":"Zde se dozv\u00edte, zda va\u0161e vstupenky na Bonoloto vyhr\u00e1ly","breadcrumb":{"@id":"https:\/\/onlinelotto365.com\/cs\/vyherni-cisla\/bonoloto\/#breadcrumb"},"inLanguage":"cs","potentialAction":[{"@type":"ReadAction","target":["https:\/\/onlinelotto365.com\/cs\/vyherni-cisla\/bonoloto\/"]}]},{"@type":"ImageObject","inLanguage":"cs","@id":"https:\/\/onlinelotto365.com\/cs\/vyherni-cisla\/bonoloto\/#primaryimage","url":"https:\/\/redfoxlotto.com\/image?size=8&amp;lottery=bonoloto","contentUrl":"https:\/\/redfoxlotto.com\/image?size=8&amp;lottery=bonoloto"},{"@type":"BreadcrumbList","@id":"https:\/\/onlinelotto365.com\/cs\/vyherni-cisla\/bonoloto\/#breadcrumb","itemListElement":[{"@type":"ListItem","position":1,"name":"Home","item":"https:\/\/onlinelotto365.com\/cs\/"},{"@type":"ListItem","position":2,"name":"Najd\u011bte v\u00fdhern\u00ed \u010d\u00edsla a v\u00fdsledky nejnov\u011bj\u0161\u00edch loteri\u00ed","item":"https:\/\/onlinelotto365.com\/cs\/vyherni-cisla\/"},{"@type":"ListItem","position":3,"name":"V\u00fdsledky \u0161pan\u011blsk\u00e9ho Bonolota"}]},{"@type":"WebSite","@id":"https:\/\/onlinelotto365.com\/cs\/#website","url":"https:\/\/onlinelotto365.com\/cs\/","name":"OnlineLotto365","description":"","potentialAction":[{"@type":"SearchAction","target":{"@type":"EntryPoint","urlTemplate":"https:\/\/onlinelotto365.com\/cs\/?s={search_term_string}"},"query-input":{"@type":"PropertyValueSpecification","valueRequired":true,"valueName":"search_term_string"}}],"inLanguage":"cs"}]}},"_links":{"self":[{"href":"https:\/\/onlinelotto365.com\/cs\/wp-json\/wp\/v2\/pages\/80724","targetHints":{"allow":["GET"]}}],"collection":[{"href":"https:\/\/onlinelotto365.com\/cs\/wp-json\/wp\/v2\/pages"}],"about":[{"href":"https:\/\/onlinelotto365.com\/cs\/wp-json\/wp\/v2\/types\/page"}],"author":[{"embeddable":true,"href":"https:\/\/onlinelotto365.com\/cs\/wp-json\/wp\/v2\/users\/1"}],"replies":[{"embeddable":true,"href":"https:\/\/onlinelotto365.com\/cs\/wp-json\/wp\/v2\/comments?post=80724"}],"version-history":[{"count":0,"href":"https:\/\/onlinelotto365.com\/cs\/wp-json\/wp\/v2\/pages\/80724\/revisions"}],"up":[{"embeddable":true,"href":"https:\/\/onlinelotto365.com\/cs\/wp-json\/wp\/v2\/pages\/5824"}],"wp:attachment":[{"href":"https:\/\/onlinelotto365.com\/cs\/wp-json\/wp\/v2\/media?parent=80724"}],"curies":[{"name":"wp","href":"https:\/\/api.w.org\/{rel}","templated":true}]}}