{"id":80756,"date":"2022-11-23T07:06:44","date_gmt":"2022-11-23T06:06:44","guid":{"rendered":"https:\/\/onlinelotto365.com\/?page_id=80756"},"modified":"2022-11-23T07:06:44","modified_gmt":"2022-11-23T06:06:44","slug":"uk-lottery","status":"publish","type":"page","link":"https:\/\/onlinelotto365.com\/cs\/vyherni-cisla\/uk-lottery\/","title":{"rendered":"V\u00fdsledky britsk\u00e9 loterie"},"content":{"rendered":"<p>Existuje spousta r\u016fzn\u00fdch mezin\u00e1rodn\u00edch her a my jich nab\u00edz\u00edme celou \u0159adu. To m\u016f\u017ee znamenat, \u017ee po losov\u00e1n\u00ed budete m\u00edt probl\u00e9m naj\u00edt v\u00fdsledky. N\u011bkte\u0159\u00ed se cht\u011bj\u00ed pod\u00edvat do novin, ale va\u0161e m\u00edstn\u00ed noviny nemus\u00ed m\u00edt v\u00fdsledky britsk\u00e9 loterie. Na druhou stranu televizn\u00ed stanice tyto v\u00fdsledky tak\u00e9 nemus\u00ed m\u00edt, nebo m\u016f\u017ee trvat, ne\u017e najdete ten spr\u00e1vn\u00fd kan\u00e1l, kter\u00fd je m\u00e1.<br \/>\n<a href=\"https:\/\/redfoxlotto.com\/play\/lotto-uk\/?ref=a8564250a2&amp;medium=ol365\" target=\"_blank\" rel=\"noopener noreferrer\"><img decoding=\"async\" class=\"aligncenter\" src=\"https:\/\/redfoxlotto.com\/image?size=8&amp;lottery=lotto-uk\" alt=\"uk loterie\" \/><\/a><br \/>\nDal\u0161\u00ed mo\u017enost\u00ed je pod\u00edvat se na ofici\u00e1ln\u00ed internetov\u00e9 str\u00e1nky loterie UK, kde m\u016f\u017ee b\u00fdt k dispozici p\u0159\u00edm\u00fd p\u0159enos pr\u016fb\u011bhu losov\u00e1n\u00ed. Ne v\u0161echny loterijn\u00ed hry v\u0161ak nab\u00edzej\u00ed tento typ syst\u00e9mu \u017eiv\u00e9ho vys\u00edl\u00e1n\u00ed, a i kdy\u017e ano, mus\u00edte tam b\u00fdt ve spr\u00e1vn\u00fd \u010das. Jak\u00fdm zp\u016fsobem tedy m\u016f\u017eete zjistit v\u00fdsledky loterie UK Lottery?<br \/>\nDal\u0161\u00ed mo\u017enost\u00ed je pod\u00edvat se na YouTube na posledn\u00ed losov\u00e1n\u00ed UK Lottery, pokud ji\u017e skon\u010dilo. N\u011bkdy lid\u00e9 nahr\u00e1vaj\u00ed z\u00e1znam nebo n\u011bjak\u00fdm zp\u016fsobem zve\u0159ej\u0148uj\u00ed vylosovan\u00e1 \u010d\u00edsla.<\/p>\n<p>Nejjednodu\u0161\u0161\u00ed zp\u016fsob, jak z\u00edskat v\u00fdhern\u00ed \u010d\u00edsla, je v\u0161ak pod\u00edvat se na na\u0161e webov\u00e9 str\u00e1nky. Na\u0161e str\u00e1nka s v\u00fdsledky loterie v\u00e1m uk\u00e1\u017ee v\u00fdsledky a ceny pro UK Lottery i v\u0161echny ostatn\u00ed loterie, kter\u00e9 m\u00e1me k dispozici.<\/p>\n<h2>Jak zjistit, zda v\u00e1\u0161 online tiket vyhr\u00e1l?<\/h2>\n<p>Je\u0161t\u011b lep\u0161\u00ed pro v\u00e1s je, \u017ee si m\u016f\u017eete zkontrolovat str\u00e1nku sv\u00e9ho \u00fa\u010dtu, pokud jste si ji\u017e tikety zakoupili. Na str\u00e1nce va\u0161eho \u00fa\u010dtu v\u00e1m uk\u00e1\u017eeme v\u00fdhern\u00ed \u010d\u00edsla v\u0161ech tiket\u016f, kter\u00e9 m\u00e1te, a porovn\u00e1me je s va\u0161\u00edm vlastn\u00edm tiketem. Dokonce zv\u00fdrazn\u00edme \u010d\u00edsla, kter\u00e1 se shoduj\u00ed.<br \/>\nA pokud vyhrajete m\u00e9n\u011b ne\u017e 2500 eur, nemus\u00edte nic d\u011blat, proto\u017ee pen\u00edze v\u00e1m ji\u017e budou p\u0159evedeny p\u0159\u00edmo na v\u00e1\u0161 hr\u00e1\u010dsk\u00fd \u00fa\u010det, jakmile budou v\u00fdsledky ov\u011b\u0159eny. To v\u00e1m usnadn\u00ed n\u00e1kup dal\u0161\u00edch tiket\u016f pro p\u0159\u00ed\u0161t\u00ed slosov\u00e1n\u00ed.<\/p>\n<h2>Archiv v\u00fdsledk\u016f britsk\u00e9 loterie<\/h2>\n<p>Na ka\u017ed\u00e9 ze str\u00e1nek na\u0161eho webu, kde se zobrazuj\u00ed aktu\u00e1ln\u00ed vylosovan\u00e1 \u010d\u00edsla, najdete tak\u00e9 star\u00e9 v\u00fdsledky UK Lottery. Budete si tak moci zkontrolovat p\u0159edchoz\u00ed losov\u00e1n\u00ed a naj\u00edt star\u00e9 tikety nebo zjistit \u010d\u00edsla, kter\u00e1 chcete hr\u00e1t p\u0159\u00ed\u0161t\u011b. Koneckonc\u016f, mnoho lid\u00ed si r\u00e1do zkontroluje star\u00e1 \u010d\u00edsla, aby si vybrali ta sv\u00e1.<\/p>\n<h2>M\u016fj tiket vyhr\u00e1l, co bude n\u00e1sledovat?<\/h2>\n<p><img loading=\"lazy\" decoding=\"async\" class=\"alignright wp-image-3550\" src=\"https:\/\/onlinelotto365.com\/wp-content\/uploads\/2020\/11\/online_lottery-108-300x232.jpg\" alt=\"v\u00fdsledky uk loterie\" width=\"146\" height=\"113\" srcset=\"https:\/\/onlinelotto365.com\/wp-content\/uploads\/2020\/11\/online_lottery-108-300x232.jpg 300w, https:\/\/onlinelotto365.com\/wp-content\/uploads\/2020\/11\/online_lottery-108.jpg 320w\" sizes=\"auto, (max-width: 146px) 100vw, 146px\" \/><br \/>\nPokud m\u00e1te v\u00fdhern\u00ed tiket a m\u00e1te n\u00e1rok na m\u00e9n\u011b ne\u017e 2500 eur, nemus\u00edte d\u011blat v\u016fbec nic. O v\u0161e se postar\u00e1me za v\u00e1s a zajist\u00edme, abyste v\u00fdhru dostali p\u0159\u00edmo na sv\u016fj \u00fa\u010det. Pokud chcete tyto pen\u00edze vyu\u017e\u00edt, m\u016f\u017eete si za n\u011b koupit je\u0161t\u011b v\u00edce tiket\u016f. Pokud ne, m\u016f\u017eete si pen\u00edze vybrat, pokud m\u00e1te k dispozici alespo\u0148 10 \u20ac. Tyto pen\u00edze mus\u00ed b\u00fdt vybr\u00e1ny pomoc\u00ed platebn\u00ed metody, kter\u00e1 ji\u017e byla pou\u017eita na na\u0161ich str\u00e1nk\u00e1ch, a mo\u017en\u00e1 budete muset ov\u011b\u0159it svou toto\u017enost, abyste vyhov\u011bli feder\u00e1ln\u00edm p\u0159edpis\u016fm.<\/p>\n","protected":false},"excerpt":{"rendered":"<p>Existuje spousta r\u016fzn\u00fdch mezin\u00e1rodn\u00edch her a my jich nab\u00edz\u00edme celou \u0159adu. To m\u016f\u017ee znamenat, \u017ee po losov\u00e1n\u00ed budete m\u00edt probl\u00e9m naj\u00edt v\u00fdsledky. N\u011bkte\u0159\u00ed se cht\u011bj\u00ed pod\u00edvat do novin, ale va\u0161e m\u00edstn\u00ed noviny nemus\u00ed m\u00edt v\u00fdsledky britsk\u00e9 loterie. Na druhou stranu televizn\u00ed stanice tyto v\u00fdsledky tak\u00e9 nemus\u00ed m\u00edt, nebo m\u016f\u017ee trvat, ne\u017e najdete ten spr\u00e1vn\u00fd kan\u00e1l, [&hellip;]<\/p>\n","protected":false},"author":1,"featured_media":0,"parent":5824,"menu_order":9,"comment_status":"closed","ping_status":"closed","template":"lotto-uk-results.php","meta":{"_et_pb_use_builder":"","_et_pb_old_content":"","_et_gb_content_width":"","exclude_from_search":false,"footnotes":""},"class_list":["post-80756","page","type-page","status-publish","hentry"],"yoast_head":"<!-- This site is optimized with the Yoast SEO plugin v23.4 - https:\/\/yoast.com\/wordpress\/plugins\/seo\/ -->\n<title>V\u00fdsledky, v\u00edt\u011bzn\u00e1 \u010d\u00edsla pro UK Lottery<\/title>\n<meta name=\"description\" content=\"Hned po losov\u00e1n\u00ed si prohl\u00e9dn\u011bte v\u00fdsledky a \u010d\u00edsla britsk\u00e9 loterie zde\" \/>\n<meta name=\"robots\" content=\"index, follow, max-snippet:-1, max-image-preview:large, max-video-preview:-1\" \/>\n<link rel=\"canonical\" href=\"https:\/\/onlinelotto365.com\/cs\/vyherni-cisla\/uk-lottery\/\" \/>\n<meta property=\"og:locale\" content=\"cs_CZ\" \/>\n<meta property=\"og:type\" content=\"article\" \/>\n<meta property=\"og:title\" content=\"V\u00fdsledky, v\u00edt\u011bzn\u00e1 \u010d\u00edsla pro UK Lottery\" \/>\n<meta property=\"og:description\" content=\"Hned po losov\u00e1n\u00ed si prohl\u00e9dn\u011bte v\u00fdsledky a \u010d\u00edsla britsk\u00e9 loterie zde\" \/>\n<meta property=\"og:url\" content=\"https:\/\/onlinelotto365.com\/cs\/vyherni-cisla\/uk-lottery\/\" \/>\n<meta property=\"og:site_name\" content=\"OnlineLotto365\" \/>\n<meta property=\"og:image\" content=\"https:\/\/redfoxlotto.com\/image?size=8&amp;lottery=lotto-uk\" \/>\n<meta name=\"twitter:card\" content=\"summary_large_image\" \/>\n<meta name=\"twitter:label1\" content=\"Odhadovan\u00e1 doba \u010dten\u00ed\" \/>\n\t<meta name=\"twitter:data1\" content=\"3 minuty\" \/>\n<script type=\"application\/ld+json\" class=\"yoast-schema-graph\">{\"@context\":\"https:\/\/schema.org\",\"@graph\":[{\"@type\":\"WebPage\",\"@id\":\"https:\/\/onlinelotto365.com\/cs\/vyherni-cisla\/uk-lottery\/\",\"url\":\"https:\/\/onlinelotto365.com\/cs\/vyherni-cisla\/uk-lottery\/\",\"name\":\"V\u00fdsledky, v\u00edt\u011bzn\u00e1 \u010d\u00edsla pro UK Lottery\",\"isPartOf\":{\"@id\":\"https:\/\/onlinelotto365.com\/cs\/#website\"},\"primaryImageOfPage\":{\"@id\":\"https:\/\/onlinelotto365.com\/cs\/vyherni-cisla\/uk-lottery\/#primaryimage\"},\"image\":{\"@id\":\"https:\/\/onlinelotto365.com\/cs\/vyherni-cisla\/uk-lottery\/#primaryimage\"},\"thumbnailUrl\":\"https:\/\/redfoxlotto.com\/image?size=8&amp;lottery=lotto-uk\",\"datePublished\":\"2022-11-23T06:06:44+00:00\",\"dateModified\":\"2022-11-23T06:06:44+00:00\",\"description\":\"Hned po losov\u00e1n\u00ed si prohl\u00e9dn\u011bte v\u00fdsledky a \u010d\u00edsla britsk\u00e9 loterie zde\",\"breadcrumb\":{\"@id\":\"https:\/\/onlinelotto365.com\/cs\/vyherni-cisla\/uk-lottery\/#breadcrumb\"},\"inLanguage\":\"cs\",\"potentialAction\":[{\"@type\":\"ReadAction\",\"target\":[\"https:\/\/onlinelotto365.com\/cs\/vyherni-cisla\/uk-lottery\/\"]}]},{\"@type\":\"ImageObject\",\"inLanguage\":\"cs\",\"@id\":\"https:\/\/onlinelotto365.com\/cs\/vyherni-cisla\/uk-lottery\/#primaryimage\",\"url\":\"https:\/\/redfoxlotto.com\/image?size=8&amp;lottery=lotto-uk\",\"contentUrl\":\"https:\/\/redfoxlotto.com\/image?size=8&amp;lottery=lotto-uk\"},{\"@type\":\"BreadcrumbList\",\"@id\":\"https:\/\/onlinelotto365.com\/cs\/vyherni-cisla\/uk-lottery\/#breadcrumb\",\"itemListElement\":[{\"@type\":\"ListItem\",\"position\":1,\"name\":\"Home\",\"item\":\"https:\/\/onlinelotto365.com\/cs\/\"},{\"@type\":\"ListItem\",\"position\":2,\"name\":\"Najd\u011bte v\u00fdhern\u00ed \u010d\u00edsla a v\u00fdsledky nejnov\u011bj\u0161\u00edch loteri\u00ed\",\"item\":\"https:\/\/onlinelotto365.com\/cs\/vyherni-cisla\/\"},{\"@type\":\"ListItem\",\"position\":3,\"name\":\"V\u00fdsledky britsk\u00e9 loterie\"}]},{\"@type\":\"WebSite\",\"@id\":\"https:\/\/onlinelotto365.com\/cs\/#website\",\"url\":\"https:\/\/onlinelotto365.com\/cs\/\",\"name\":\"OnlineLotto365\",\"description\":\"\",\"potentialAction\":[{\"@type\":\"SearchAction\",\"target\":{\"@type\":\"EntryPoint\",\"urlTemplate\":\"https:\/\/onlinelotto365.com\/cs\/?s={search_term_string}\"},\"query-input\":{\"@type\":\"PropertyValueSpecification\",\"valueRequired\":true,\"valueName\":\"search_term_string\"}}],\"inLanguage\":\"cs\"}]}<\/script>\n<!-- \/ Yoast SEO plugin. -->","yoast_head_json":{"title":"V\u00fdsledky, v\u00edt\u011bzn\u00e1 \u010d\u00edsla pro UK Lottery","description":"Hned po losov\u00e1n\u00ed si prohl\u00e9dn\u011bte v\u00fdsledky a \u010d\u00edsla britsk\u00e9 loterie zde","robots":{"index":"index","follow":"follow","max-snippet":"max-snippet:-1","max-image-preview":"max-image-preview:large","max-video-preview":"max-video-preview:-1"},"canonical":"https:\/\/onlinelotto365.com\/cs\/vyherni-cisla\/uk-lottery\/","og_locale":"cs_CZ","og_type":"article","og_title":"V\u00fdsledky, v\u00edt\u011bzn\u00e1 \u010d\u00edsla pro UK Lottery","og_description":"Hned po losov\u00e1n\u00ed si prohl\u00e9dn\u011bte v\u00fdsledky a \u010d\u00edsla britsk\u00e9 loterie zde","og_url":"https:\/\/onlinelotto365.com\/cs\/vyherni-cisla\/uk-lottery\/","og_site_name":"OnlineLotto365","og_image":[{"url":"https:\/\/redfoxlotto.com\/image?size=8&amp;lottery=lotto-uk"}],"twitter_card":"summary_large_image","twitter_misc":{"Odhadovan\u00e1 doba \u010dten\u00ed":"3 minuty"},"schema":{"@context":"https:\/\/schema.org","@graph":[{"@type":"WebPage","@id":"https:\/\/onlinelotto365.com\/cs\/vyherni-cisla\/uk-lottery\/","url":"https:\/\/onlinelotto365.com\/cs\/vyherni-cisla\/uk-lottery\/","name":"V\u00fdsledky, v\u00edt\u011bzn\u00e1 \u010d\u00edsla pro UK Lottery","isPartOf":{"@id":"https:\/\/onlinelotto365.com\/cs\/#website"},"primaryImageOfPage":{"@id":"https:\/\/onlinelotto365.com\/cs\/vyherni-cisla\/uk-lottery\/#primaryimage"},"image":{"@id":"https:\/\/onlinelotto365.com\/cs\/vyherni-cisla\/uk-lottery\/#primaryimage"},"thumbnailUrl":"https:\/\/redfoxlotto.com\/image?size=8&amp;lottery=lotto-uk","datePublished":"2022-11-23T06:06:44+00:00","dateModified":"2022-11-23T06:06:44+00:00","description":"Hned po losov\u00e1n\u00ed si prohl\u00e9dn\u011bte v\u00fdsledky a \u010d\u00edsla britsk\u00e9 loterie zde","breadcrumb":{"@id":"https:\/\/onlinelotto365.com\/cs\/vyherni-cisla\/uk-lottery\/#breadcrumb"},"inLanguage":"cs","potentialAction":[{"@type":"ReadAction","target":["https:\/\/onlinelotto365.com\/cs\/vyherni-cisla\/uk-lottery\/"]}]},{"@type":"ImageObject","inLanguage":"cs","@id":"https:\/\/onlinelotto365.com\/cs\/vyherni-cisla\/uk-lottery\/#primaryimage","url":"https:\/\/redfoxlotto.com\/image?size=8&amp;lottery=lotto-uk","contentUrl":"https:\/\/redfoxlotto.com\/image?size=8&amp;lottery=lotto-uk"},{"@type":"BreadcrumbList","@id":"https:\/\/onlinelotto365.com\/cs\/vyherni-cisla\/uk-lottery\/#breadcrumb","itemListElement":[{"@type":"ListItem","position":1,"name":"Home","item":"https:\/\/onlinelotto365.com\/cs\/"},{"@type":"ListItem","position":2,"name":"Najd\u011bte v\u00fdhern\u00ed \u010d\u00edsla a v\u00fdsledky nejnov\u011bj\u0161\u00edch loteri\u00ed","item":"https:\/\/onlinelotto365.com\/cs\/vyherni-cisla\/"},{"@type":"ListItem","position":3,"name":"V\u00fdsledky britsk\u00e9 loterie"}]},{"@type":"WebSite","@id":"https:\/\/onlinelotto365.com\/cs\/#website","url":"https:\/\/onlinelotto365.com\/cs\/","name":"OnlineLotto365","description":"","potentialAction":[{"@type":"SearchAction","target":{"@type":"EntryPoint","urlTemplate":"https:\/\/onlinelotto365.com\/cs\/?s={search_term_string}"},"query-input":{"@type":"PropertyValueSpecification","valueRequired":true,"valueName":"search_term_string"}}],"inLanguage":"cs"}]}},"_links":{"self":[{"href":"https:\/\/onlinelotto365.com\/cs\/wp-json\/wp\/v2\/pages\/80756","targetHints":{"allow":["GET"]}}],"collection":[{"href":"https:\/\/onlinelotto365.com\/cs\/wp-json\/wp\/v2\/pages"}],"about":[{"href":"https:\/\/onlinelotto365.com\/cs\/wp-json\/wp\/v2\/types\/page"}],"author":[{"embeddable":true,"href":"https:\/\/onlinelotto365.com\/cs\/wp-json\/wp\/v2\/users\/1"}],"replies":[{"embeddable":true,"href":"https:\/\/onlinelotto365.com\/cs\/wp-json\/wp\/v2\/comments?post=80756"}],"version-history":[{"count":0,"href":"https:\/\/onlinelotto365.com\/cs\/wp-json\/wp\/v2\/pages\/80756\/revisions"}],"up":[{"embeddable":true,"href":"https:\/\/onlinelotto365.com\/cs\/wp-json\/wp\/v2\/pages\/5824"}],"wp:attachment":[{"href":"https:\/\/onlinelotto365.com\/cs\/wp-json\/wp\/v2\/media?parent=80756"}],"curies":[{"name":"wp","href":"https:\/\/api.w.org\/{rel}","templated":true}]}}