{"id":80788,"date":"2022-11-23T07:53:05","date_gmt":"2022-11-23T06:53:05","guid":{"rendered":"https:\/\/onlinelotto365.com\/?page_id=80788"},"modified":"2022-11-23T07:53:05","modified_gmt":"2022-11-23T06:53:05","slug":"set-for-life","status":"publish","type":"page","link":"https:\/\/onlinelotto365.com\/cs\/vyherni-cisla\/set-for-life\/","title":{"rendered":"V\u00fdsledky losov\u00e1n\u00ed sady Set for life"},"content":{"rendered":"<p>Mezin\u00e1rodn\u00ed loterijn\u00ed hry mohou b\u00fdt velmi z\u00e1bavn\u00e9, ale k nalezen\u00ed v\u00fdhern\u00edch \u010d\u00edsel je t\u0159eba vynalo\u017eit trochu \u00fasil\u00ed. \u010c\u00edsla pro hru Set for Life nemus\u00ed b\u00fdt k dispozici ve va\u0161ich m\u00edstn\u00edch novin\u00e1ch. To proto, \u017ee se mo\u017en\u00e1 nenach\u00e1z\u00edte ve spr\u00e1vn\u00e9 oblasti.<br \/>\n<a href=\"https:\/\/redfoxlotto.com\/play\/set-for-life-uk\/?ref=a8564250a2&amp;medium=ol365\" target=\"_blank\" rel=\"noopener noreferrer\"><img decoding=\"async\" class=\"aligncenter\" src=\"https:\/\/redfoxlotto.com\/image?size=8&amp;lottery=set-for-life-uk\" alt=\"set for life\" \/><\/a><br \/>\nTot\u00e9\u017e plat\u00ed pro sledov\u00e1n\u00ed v\u00fdsledk\u016f v televizi. Pokud nejste ve spr\u00e1vn\u00e9 oblasti, budete muset hodn\u011b hledat, abyste na\u0161li kan\u00e1l, kter\u00fd v\u00fdsledky vys\u00edl\u00e1.<br \/>\nM\u016f\u017eete se tak\u00e9 pod\u00edvat na ofici\u00e1ln\u00ed webov\u00e9 str\u00e1nky Set for Life a zjistit, zda maj\u00ed p\u0159\u00edm\u00fd p\u0159enos vylosovan\u00fdch \u010d\u00edsel. Pokud ano, mo\u017en\u00e1 byste to m\u011bli vyzkou\u0161et, proto\u017ee sledovat losov\u00e1n\u00ed v p\u0159\u00edm\u00e9m p\u0159enosu je jedna z nejzaj\u00edmav\u011bj\u0161\u00edch mo\u017enost\u00ed. Na druhou stranu, ne ka\u017ed\u00e1 loterijn\u00ed hra tuto mo\u017enost nab\u00edz\u00ed a nemus\u00edte ji naj\u00edt.<\/p>\n<p>Dal\u0161\u00edm m\u00edstem, kde se m\u016f\u017eete pod\u00edvat, je YouTube. N\u011bkdy tam m\u016f\u017eete naj\u00edt videa z losov\u00e1n\u00ed po jeho skon\u010den\u00ed a mo\u017en\u00e1 se v\u00e1m poda\u0159\u00ed naj\u00edt vylosovan\u00e1 \u010d\u00edsla.<\/p>\n<p>Nejpohodln\u011bj\u0161\u00edm zp\u016fsobem, jak naj\u00edt vylosovan\u00e1 \u010d\u00edsla pro hru Set pro \u017eivot, je p\u0159ej\u00edt na na\u0161e webov\u00e9 str\u00e1nky. M\u00e1me k dispozici v\u0161echna vylosovan\u00e1 \u010d\u00edsla pro v\u0161echny hry, kter\u00e9 m\u00e1me k dispozici. M\u016f\u017eete tak naj\u00edt Set pro \u017eivot a spoustu dal\u0161\u00edch.<\/p>\n<h2>Jak zjistit, zda v\u00e1\u0161 online tiket vyhr\u00e1l?<\/h2>\n<p>Je\u0161t\u011b lep\u0161\u00ed to bude, pokud jste si u n\u00e1s ji\u017e zakoupili tikety na hru Set pro \u017eivot. To proto, \u017ee v\u00e1m je\u0161t\u011b v\u00edce usnadn\u00edme kontrolu ji\u017e zakoupen\u00fdch vstupenek. M\u016f\u017eete se pod\u00edvat na str\u00e1nku, kde jsou ulo\u017eeny v\u0161echny va\u0161e tikety, a najdete tam nejen \u010d\u00edsla sv\u00fdch tiket\u016f, ale tak\u00e9 \u010d\u00edsla v\u00fdhern\u00edch tiket\u016f. Dokonce se postar\u00e1me o to, abyste v\u011bd\u011bli, kter\u00e1 \u010d\u00edsla se shoduj\u00ed, a to tak, \u017ee je barevn\u011b ozna\u010d\u00edme. D\u00edky tomu se na mo\u017enosti nemus\u00edte ani sami d\u00edvat. Pokud je pak v\u00fdhra ni\u017e\u0161\u00ed ne\u017e 2500 \u20ac, nemus\u00edte se o nic starat, proto\u017ee pen\u00edze v\u00e1m ihned po\u0161leme na \u00fa\u010det.<\/p>\n<h2>Archiv v\u00fdsledk\u016f Set for life<\/h2>\n<p>Pro ty, kte\u0159\u00ed se cht\u011bj\u00ed pod\u00edvat na star\u00e1 \u010d\u00edsla hry Set for Life, to m\u016f\u017eete ud\u011blat snadno. Archiv \u010d\u00edsel m\u00e1me k dispozici v\u0161ude tam, kde jsou nejnov\u011bj\u0161\u00ed v\u00fdsledky. M\u016f\u017eete se tak pod\u00edvat, jak\u00e1 \u010d\u00edsla se losuj\u00ed nej\u010dast\u011bji a kter\u00e1 by se mohla do\u010dkat dal\u0161\u00edho slosov\u00e1n\u00ed.<\/p>\n<h2>M\u016fj tiket vyhr\u00e1l, co bude n\u00e1sledovat?<\/h2>\n<p><img loading=\"lazy\" decoding=\"async\" class=\"alignright wp-image-3543\" src=\"https:\/\/onlinelotto365.com\/wp-content\/uploads\/2020\/11\/online_lottery-3-300x300.jpg\" alt=\"v\u00fdhern\u00ed \u010d\u00edsla set for life\" width=\"187\" height=\"187\" srcset=\"https:\/\/onlinelotto365.com\/wp-content\/uploads\/2020\/11\/online_lottery-3-300x300.jpg 300w, https:\/\/onlinelotto365.com\/wp-content\/uploads\/2020\/11\/online_lottery-3-100x100.jpg 100w, https:\/\/onlinelotto365.com\/wp-content\/uploads\/2020\/11\/online_lottery-3-150x150.jpg 150w, https:\/\/onlinelotto365.com\/wp-content\/uploads\/2020\/11\/online_lottery-3.jpg 320w\" sizes=\"auto, (max-width: 187px) 100vw, 187px\" \/><br \/>\nPokud na sv\u00e9m tiketu loterie Set for Life vyhrajete, sta\u010d\u00ed jen \u010dekat, co se stane. To proto, \u017ee se o v\u011bt\u0161inu v\u011bc\u00ed postar\u00e1me za v\u00e1s. M\u016f\u017eete si po\u010dkat na jakoukoli \u010d\u00e1stku, kter\u00e1 je ni\u017e\u0161\u00ed ne\u017e 2500 \u20ac, proto\u017ee v\u00e1m ji ihned po ov\u011b\u0159en\u00ed v\u00fdhern\u00edch \u010d\u00edsel p\u0159ip\u00ed\u0161eme na \u00fa\u010det.<\/p>\n<p>Pokud pak budete m\u00edt na \u00fa\u010dtu alespo\u0148 10 \u20ac, budete m\u00edt mo\u017enost si pen\u00edze vybrat na sv\u016fj bankovn\u00ed \u00fa\u010det. Mus\u00edte se jen ujistit, \u017ee pou\u017e\u00edv\u00e1te \u00fa\u010det, kter\u00fd jste ji\u017e d\u0159\u00edve pou\u017e\u00edvali v na\u0161em syst\u00e9mu. A budete muset ov\u011b\u0159it svou toto\u017enost a \u00fadaje pro na\u0161eho zpracovatele plateb. Jedn\u00e1 se o jednoduch\u00fd proces, kter\u00fd lze prov\u00e9st pomoc\u00ed n\u011bkolika formul\u00e1\u0159\u016f, a ne\u017e se nad\u011bjete, budete m\u00edt sv\u00e9 pen\u00edze k dispozici.<\/p>\n","protected":false},"excerpt":{"rendered":"<p>Mezin\u00e1rodn\u00ed loterijn\u00ed hry mohou b\u00fdt velmi z\u00e1bavn\u00e9, ale k nalezen\u00ed v\u00fdhern\u00edch \u010d\u00edsel je t\u0159eba vynalo\u017eit trochu \u00fasil\u00ed. \u010c\u00edsla pro hru Set for Life nemus\u00ed b\u00fdt k dispozici ve va\u0161ich m\u00edstn\u00edch novin\u00e1ch. To proto, \u017ee se mo\u017en\u00e1 nenach\u00e1z\u00edte ve spr\u00e1vn\u00e9 oblasti. Tot\u00e9\u017e plat\u00ed pro sledov\u00e1n\u00ed v\u00fdsledk\u016f v televizi. Pokud nejste ve spr\u00e1vn\u00e9 oblasti, budete muset hodn\u011b [&hellip;]<\/p>\n","protected":false},"author":1,"featured_media":0,"parent":5824,"menu_order":10,"comment_status":"closed","ping_status":"closed","template":"set-for-life-results.php","meta":{"_et_pb_use_builder":"","_et_pb_old_content":"","_et_gb_content_width":"","exclude_from_search":false,"footnotes":""},"class_list":["post-80788","page","type-page","status-publish","hentry"],"yoast_head":"<!-- This site is optimized with the Yoast SEO plugin v23.4 - https:\/\/yoast.com\/wordpress\/plugins\/seo\/ -->\n<title>Nejnov\u011bj\u0161\u00ed vylosovan\u00e1 \u010d\u00edsla a v\u00fdplaty v loterii Set for life<\/title>\n<meta name=\"description\" content=\"Hr\u00e1li jste loterii Set pro \u017eivot? M\u00e1me pro v\u00e1s nejnov\u011bj\u0161\u00ed a minul\u00e1 v\u00fdhern\u00ed \u010d\u00edsla\" \/>\n<meta name=\"robots\" content=\"index, follow, max-snippet:-1, max-image-preview:large, max-video-preview:-1\" \/>\n<link rel=\"canonical\" href=\"https:\/\/onlinelotto365.com\/cs\/vyherni-cisla\/set-for-life\/\" \/>\n<meta property=\"og:locale\" content=\"cs_CZ\" \/>\n<meta property=\"og:type\" content=\"article\" \/>\n<meta property=\"og:title\" content=\"Nejnov\u011bj\u0161\u00ed vylosovan\u00e1 \u010d\u00edsla a v\u00fdplaty v loterii Set for life\" \/>\n<meta property=\"og:description\" content=\"Hr\u00e1li jste loterii Set pro \u017eivot? M\u00e1me pro v\u00e1s nejnov\u011bj\u0161\u00ed a minul\u00e1 v\u00fdhern\u00ed \u010d\u00edsla\" \/>\n<meta property=\"og:url\" content=\"https:\/\/onlinelotto365.com\/cs\/vyherni-cisla\/set-for-life\/\" \/>\n<meta property=\"og:site_name\" content=\"OnlineLotto365\" \/>\n<meta property=\"og:image\" content=\"https:\/\/redfoxlotto.com\/image?size=8&amp;lottery=set-for-life-uk\" \/>\n<meta name=\"twitter:card\" content=\"summary_large_image\" \/>\n<meta name=\"twitter:label1\" content=\"Odhadovan\u00e1 doba \u010dten\u00ed\" \/>\n\t<meta name=\"twitter:data1\" content=\"3 minuty\" \/>\n<script type=\"application\/ld+json\" class=\"yoast-schema-graph\">{\"@context\":\"https:\/\/schema.org\",\"@graph\":[{\"@type\":\"WebPage\",\"@id\":\"https:\/\/onlinelotto365.com\/cs\/vyherni-cisla\/set-for-life\/\",\"url\":\"https:\/\/onlinelotto365.com\/cs\/vyherni-cisla\/set-for-life\/\",\"name\":\"Nejnov\u011bj\u0161\u00ed vylosovan\u00e1 \u010d\u00edsla a v\u00fdplaty v loterii Set for life\",\"isPartOf\":{\"@id\":\"https:\/\/onlinelotto365.com\/cs\/#website\"},\"primaryImageOfPage\":{\"@id\":\"https:\/\/onlinelotto365.com\/cs\/vyherni-cisla\/set-for-life\/#primaryimage\"},\"image\":{\"@id\":\"https:\/\/onlinelotto365.com\/cs\/vyherni-cisla\/set-for-life\/#primaryimage\"},\"thumbnailUrl\":\"https:\/\/redfoxlotto.com\/image?size=8&amp;lottery=set-for-life-uk\",\"datePublished\":\"2022-11-23T06:53:05+00:00\",\"dateModified\":\"2022-11-23T06:53:05+00:00\",\"description\":\"Hr\u00e1li jste loterii Set pro \u017eivot? M\u00e1me pro v\u00e1s nejnov\u011bj\u0161\u00ed a minul\u00e1 v\u00fdhern\u00ed \u010d\u00edsla\",\"breadcrumb\":{\"@id\":\"https:\/\/onlinelotto365.com\/cs\/vyherni-cisla\/set-for-life\/#breadcrumb\"},\"inLanguage\":\"cs\",\"potentialAction\":[{\"@type\":\"ReadAction\",\"target\":[\"https:\/\/onlinelotto365.com\/cs\/vyherni-cisla\/set-for-life\/\"]}]},{\"@type\":\"ImageObject\",\"inLanguage\":\"cs\",\"@id\":\"https:\/\/onlinelotto365.com\/cs\/vyherni-cisla\/set-for-life\/#primaryimage\",\"url\":\"https:\/\/redfoxlotto.com\/image?size=8&amp;lottery=set-for-life-uk\",\"contentUrl\":\"https:\/\/redfoxlotto.com\/image?size=8&amp;lottery=set-for-life-uk\"},{\"@type\":\"BreadcrumbList\",\"@id\":\"https:\/\/onlinelotto365.com\/cs\/vyherni-cisla\/set-for-life\/#breadcrumb\",\"itemListElement\":[{\"@type\":\"ListItem\",\"position\":1,\"name\":\"Home\",\"item\":\"https:\/\/onlinelotto365.com\/cs\/\"},{\"@type\":\"ListItem\",\"position\":2,\"name\":\"Najd\u011bte v\u00fdhern\u00ed \u010d\u00edsla a v\u00fdsledky nejnov\u011bj\u0161\u00edch loteri\u00ed\",\"item\":\"https:\/\/onlinelotto365.com\/cs\/vyherni-cisla\/\"},{\"@type\":\"ListItem\",\"position\":3,\"name\":\"V\u00fdsledky losov\u00e1n\u00ed sady Set for life\"}]},{\"@type\":\"WebSite\",\"@id\":\"https:\/\/onlinelotto365.com\/cs\/#website\",\"url\":\"https:\/\/onlinelotto365.com\/cs\/\",\"name\":\"OnlineLotto365\",\"description\":\"\",\"potentialAction\":[{\"@type\":\"SearchAction\",\"target\":{\"@type\":\"EntryPoint\",\"urlTemplate\":\"https:\/\/onlinelotto365.com\/cs\/?s={search_term_string}\"},\"query-input\":{\"@type\":\"PropertyValueSpecification\",\"valueRequired\":true,\"valueName\":\"search_term_string\"}}],\"inLanguage\":\"cs\"}]}<\/script>\n<!-- \/ Yoast SEO plugin. -->","yoast_head_json":{"title":"Nejnov\u011bj\u0161\u00ed vylosovan\u00e1 \u010d\u00edsla a v\u00fdplaty v loterii Set for life","description":"Hr\u00e1li jste loterii Set pro \u017eivot? M\u00e1me pro v\u00e1s nejnov\u011bj\u0161\u00ed a minul\u00e1 v\u00fdhern\u00ed \u010d\u00edsla","robots":{"index":"index","follow":"follow","max-snippet":"max-snippet:-1","max-image-preview":"max-image-preview:large","max-video-preview":"max-video-preview:-1"},"canonical":"https:\/\/onlinelotto365.com\/cs\/vyherni-cisla\/set-for-life\/","og_locale":"cs_CZ","og_type":"article","og_title":"Nejnov\u011bj\u0161\u00ed vylosovan\u00e1 \u010d\u00edsla a v\u00fdplaty v loterii Set for life","og_description":"Hr\u00e1li jste loterii Set pro \u017eivot? M\u00e1me pro v\u00e1s nejnov\u011bj\u0161\u00ed a minul\u00e1 v\u00fdhern\u00ed \u010d\u00edsla","og_url":"https:\/\/onlinelotto365.com\/cs\/vyherni-cisla\/set-for-life\/","og_site_name":"OnlineLotto365","og_image":[{"url":"https:\/\/redfoxlotto.com\/image?size=8&amp;lottery=set-for-life-uk"}],"twitter_card":"summary_large_image","twitter_misc":{"Odhadovan\u00e1 doba \u010dten\u00ed":"3 minuty"},"schema":{"@context":"https:\/\/schema.org","@graph":[{"@type":"WebPage","@id":"https:\/\/onlinelotto365.com\/cs\/vyherni-cisla\/set-for-life\/","url":"https:\/\/onlinelotto365.com\/cs\/vyherni-cisla\/set-for-life\/","name":"Nejnov\u011bj\u0161\u00ed vylosovan\u00e1 \u010d\u00edsla a v\u00fdplaty v loterii Set for life","isPartOf":{"@id":"https:\/\/onlinelotto365.com\/cs\/#website"},"primaryImageOfPage":{"@id":"https:\/\/onlinelotto365.com\/cs\/vyherni-cisla\/set-for-life\/#primaryimage"},"image":{"@id":"https:\/\/onlinelotto365.com\/cs\/vyherni-cisla\/set-for-life\/#primaryimage"},"thumbnailUrl":"https:\/\/redfoxlotto.com\/image?size=8&amp;lottery=set-for-life-uk","datePublished":"2022-11-23T06:53:05+00:00","dateModified":"2022-11-23T06:53:05+00:00","description":"Hr\u00e1li jste loterii Set pro \u017eivot? M\u00e1me pro v\u00e1s nejnov\u011bj\u0161\u00ed a minul\u00e1 v\u00fdhern\u00ed \u010d\u00edsla","breadcrumb":{"@id":"https:\/\/onlinelotto365.com\/cs\/vyherni-cisla\/set-for-life\/#breadcrumb"},"inLanguage":"cs","potentialAction":[{"@type":"ReadAction","target":["https:\/\/onlinelotto365.com\/cs\/vyherni-cisla\/set-for-life\/"]}]},{"@type":"ImageObject","inLanguage":"cs","@id":"https:\/\/onlinelotto365.com\/cs\/vyherni-cisla\/set-for-life\/#primaryimage","url":"https:\/\/redfoxlotto.com\/image?size=8&amp;lottery=set-for-life-uk","contentUrl":"https:\/\/redfoxlotto.com\/image?size=8&amp;lottery=set-for-life-uk"},{"@type":"BreadcrumbList","@id":"https:\/\/onlinelotto365.com\/cs\/vyherni-cisla\/set-for-life\/#breadcrumb","itemListElement":[{"@type":"ListItem","position":1,"name":"Home","item":"https:\/\/onlinelotto365.com\/cs\/"},{"@type":"ListItem","position":2,"name":"Najd\u011bte v\u00fdhern\u00ed \u010d\u00edsla a v\u00fdsledky nejnov\u011bj\u0161\u00edch loteri\u00ed","item":"https:\/\/onlinelotto365.com\/cs\/vyherni-cisla\/"},{"@type":"ListItem","position":3,"name":"V\u00fdsledky losov\u00e1n\u00ed sady Set for life"}]},{"@type":"WebSite","@id":"https:\/\/onlinelotto365.com\/cs\/#website","url":"https:\/\/onlinelotto365.com\/cs\/","name":"OnlineLotto365","description":"","potentialAction":[{"@type":"SearchAction","target":{"@type":"EntryPoint","urlTemplate":"https:\/\/onlinelotto365.com\/cs\/?s={search_term_string}"},"query-input":{"@type":"PropertyValueSpecification","valueRequired":true,"valueName":"search_term_string"}}],"inLanguage":"cs"}]}},"_links":{"self":[{"href":"https:\/\/onlinelotto365.com\/cs\/wp-json\/wp\/v2\/pages\/80788","targetHints":{"allow":["GET"]}}],"collection":[{"href":"https:\/\/onlinelotto365.com\/cs\/wp-json\/wp\/v2\/pages"}],"about":[{"href":"https:\/\/onlinelotto365.com\/cs\/wp-json\/wp\/v2\/types\/page"}],"author":[{"embeddable":true,"href":"https:\/\/onlinelotto365.com\/cs\/wp-json\/wp\/v2\/users\/1"}],"replies":[{"embeddable":true,"href":"https:\/\/onlinelotto365.com\/cs\/wp-json\/wp\/v2\/comments?post=80788"}],"version-history":[{"count":0,"href":"https:\/\/onlinelotto365.com\/cs\/wp-json\/wp\/v2\/pages\/80788\/revisions"}],"up":[{"embeddable":true,"href":"https:\/\/onlinelotto365.com\/cs\/wp-json\/wp\/v2\/pages\/5824"}],"wp:attachment":[{"href":"https:\/\/onlinelotto365.com\/cs\/wp-json\/wp\/v2\/media?parent=80788"}],"curies":[{"name":"wp","href":"https:\/\/api.w.org\/{rel}","templated":true}]}}