{"id":80824,"date":"2022-11-23T10:50:07","date_gmt":"2022-11-23T09:50:07","guid":{"rendered":"https:\/\/onlinelotto365.com\/?page_id=80824"},"modified":"2022-11-23T10:50:07","modified_gmt":"2022-11-23T09:50:07","slug":"german-lotto","status":"publish","type":"page","link":"https:\/\/onlinelotto365.com\/cs\/vyherni-cisla\/german-lotto\/","title":{"rendered":"Pod\u00edvejte se na n\u011bmeck\u00e9 Lotto v\u00edt\u011bzn\u00e1 \u010d\u00edsla zde"},"content":{"rendered":"<p>Sledov\u00e1n\u00ed mezin\u00e1rodn\u00edch loterijn\u00edch her m\u016f\u017ee b\u00fdt o n\u011bco obt\u00ed\u017en\u011bj\u0161\u00ed, proto\u017ee nemus\u00edte \u017e\u00edt ve stejn\u00e9 oblasti, kde se losuje. V\u00fdsledky n\u011bmeck\u00e9 loterie Lotto mo\u017en\u00e1 nebudete moci zkontrolovat v m\u00edstn\u00edch novin\u00e1ch. A mo\u017en\u00e1 ani v televizi nebudete moci naj\u00edt tato n\u011bmeck\u00e1 Lotto v\u00fdhern\u00ed \u010d\u00edsla. Pokud je najdete na jednom nebo druh\u00e9m m\u00edst\u011b, budete muset prov\u00e9st slu\u0161n\u00fd pr\u016fzkum, abyste se k nim dostali.<br \/>\n<a href=\"https:\/\/redfoxlotto.com\/play\/lotto-6aus49\/?ref=a8564250a2&amp;medium=ol365\" target=\"_blank\" rel=\"noopener noreferrer\"><img decoding=\"async\" class=\"aligncenter\" src=\"https:\/\/redfoxlotto.com\/image?size=8&amp;lottery=lotto-6aus49\" alt=\"N\u011bmeck\u00e9 Lotto 6aus49\" \/><\/a><br \/>\nM\u016f\u017eete tak\u00e9 uva\u017eovat o tom, \u017ee nav\u0161t\u00edv\u00edte internetov\u00e9 str\u00e1nky n\u011bmeck\u00e9ho Lotto. N\u011bkdy tyto ofici\u00e1ln\u00ed webov\u00e9 str\u00e1nky nab\u00edzej\u00ed \u017eiv\u00e9 losov\u00e1n\u00ed, tak\u017ee se m\u016f\u017eete pod\u00edvat na v\u00fdsledky, jak p\u0159ich\u00e1zej\u00ed. Ne v\u0161echny hry v\u0161ak tuto mo\u017enost maj\u00ed a m\u016f\u017ee se st\u00e1t, \u017ee ani na ofici\u00e1ln\u00edch str\u00e1nk\u00e1ch nebudete m\u00edt mo\u017enost naj\u00edt sv\u00e9 v\u00fdsledky.<\/p>\n<p>M\u016f\u017eete se tak\u00e9 pod\u00edvat na YouTube, zda n\u011bkdo nenahr\u00e1l video z \u017eiv\u00e9ho losov\u00e1n\u00ed nebo dokonce video s v\u00fdsledky n\u011bkdy po losov\u00e1n\u00ed.<\/p>\n<p>Nejjednodu\u0161\u0161\u00ed zp\u016fsob, jak z\u00edskat v\u00fdsledky, kter\u00e9 hled\u00e1te, je v\u0161ak pod\u00edvat se na na\u0161e webov\u00e9 str\u00e1nky. Pom\u016f\u017eeme v\u00e1m naj\u00edt v\u00fdsledky n\u011bmeck\u00e9ho Lotto p\u0159\u00edmo na na\u0161\u00ed str\u00e1nce s v\u00fdsledky. Tam sd\u00edl\u00edme vylosovan\u00e1 \u010d\u00edsla v\u0161ech loterijn\u00edch her, kter\u00e9 najdete na na\u0161ich str\u00e1nk\u00e1ch.<\/p>\n<h2>Jak zjistit, zda v\u00e1\u0161 online tiket vyhr\u00e1l?<\/h2>\n<p>Pro ty, kte\u0159\u00ed si u n\u00e1s zakoupili tikety na n\u011bmeck\u00e9 Lotto, je zji\u0161t\u011bn\u00ed v\u00fdsledk\u016f je\u0161t\u011b snaz\u0161\u00ed. Sta\u010d\u00ed se toti\u017e pod\u00edvat na str\u00e1nku sv\u00e9ho \u00fa\u010dtu. Tam si budete moci prohl\u00e9dnout tikety, kter\u00e9 jste si zakoupili pro n\u011bkterou z her, kter\u00e9 m\u00e1me k dispozici. Na stejn\u00e9m m\u00edst\u011b se pak m\u016f\u017eete pod\u00edvat na vylosovan\u00e1 \u010d\u00edsla.<br \/>\nDokonce v\u00e1m zv\u00fdrazn\u00edme v\u0161echna \u010d\u00edsla, kter\u00e1 jste trefili, abyste v\u011bd\u011bli, co jste vyhr\u00e1li. A pokud vyhrajete m\u00e9n\u011b ne\u017e 2500 \u20ac, postar\u00e1me se o jejich p\u0159ips\u00e1n\u00ed na v\u00e1\u0161 \u00fa\u010det, jakmile budou \u010d\u00edsla ofici\u00e1ln\u011b ov\u011b\u0159ena hrou. Je to pro v\u00e1s tak snadn\u00e9.<\/p>\n<h2>Archiv v\u00fdsledk\u016f n\u011bmeck\u00e9ho Lotto<\/h2>\n<p>Na str\u00e1nk\u00e1ch na\u0161eho webu, kter\u00e9 obsahuj\u00ed nejnov\u011bj\u0161\u00ed \u010d\u00edsla n\u011bmeck\u00e9 loterie Lotto, se v\u00e1m zobraz\u00ed tak\u00e9 v\u0161echna star\u00e1 \u010d\u00edsla z na\u0161eho archivu. To proto, \u017ee v\u00edme, \u017ee mnoho lid\u00ed chce zn\u00e1t star\u0161\u00ed \u010d\u00edsla, aby si mohli vybrat \u010d\u00edsla, kter\u00e1 cht\u011bj\u00ed pou\u017e\u00edt pro sv\u00e9 dal\u0161\u00ed tikety. Uv\u00e1d\u00edme je na ka\u017ed\u00e9 str\u00e1nce, kde se zobrazuj\u00ed nov\u00e1 \u010d\u00edsla.<\/p>\n<h2>M\u016fj tiket vyhr\u00e1l, co bude n\u00e1sledovat?<\/h2>\n<p><img loading=\"lazy\" decoding=\"async\" class=\"alignright size-medium wp-image-3593\" src=\"https:\/\/onlinelotto365.com\/wp-content\/uploads\/2020\/11\/online_lottery-39-300x150.jpg\" alt=\"V\u00edt\u011bzn\u00e1 \u010d\u00edsla n\u011bmeck\u00e9ho lota\" width=\"300\" height=\"150\" srcset=\"https:\/\/onlinelotto365.com\/wp-content\/uploads\/2020\/11\/online_lottery-39-300x150.jpg 300w, https:\/\/onlinelotto365.com\/wp-content\/uploads\/2020\/11\/online_lottery-39.jpg 490w\" sizes=\"auto, (max-width: 300px) 100vw, 300px\" \/><br \/>\nPokud jste vyhr\u00e1li v n\u011bmeck\u00e9m Lotto a v\u00e1\u0161 v\u00fdhern\u00ed tiket m\u00e1 hodnotu ni\u017e\u0161\u00ed ne\u017e 2500 \u20ac, postar\u00e1me se o p\u0159ips\u00e1n\u00ed pen\u011bz na v\u00e1\u0161 \u00fa\u010det, jakmile budou v\u0161echna v\u00fdhern\u00ed \u010d\u00edsla ov\u011b\u0159ena. To znamen\u00e1, \u017ee nemus\u00edte d\u011blat v\u016fbec nic. Pokud m\u00e1 v\u00fdhern\u00ed tiket hodnotu vy\u0161\u0161\u00ed ne\u017e 2500 \u20ac, budete muset vyplnit formul\u00e1\u0159, ale i tak v\u00e1m s t\u00edmto procesem pom\u016f\u017eeme. Pak, pokud m\u00e1te na \u00fa\u010dtu alespo\u0148 10 \u20ac, budete m\u00edt mo\u017enost vybrat si pen\u00edze na jak\u00fdkoli bankovn\u00ed \u00fa\u010det nebo \u00fa\u010det kreditn\u00ed karty, kter\u00fd jste ji\u017e pou\u017eili na na\u0161ich str\u00e1nk\u00e1ch. Pokud jste \u00fa\u010det u n\u00e1s je\u0161t\u011b nepou\u017e\u00edvali, nebudete si na n\u011bj moci pen\u00edze vybrat.<\/p>\n","protected":false},"excerpt":{"rendered":"<p>Sledov\u00e1n\u00ed mezin\u00e1rodn\u00edch loterijn\u00edch her m\u016f\u017ee b\u00fdt o n\u011bco obt\u00ed\u017en\u011bj\u0161\u00ed, proto\u017ee nemus\u00edte \u017e\u00edt ve stejn\u00e9 oblasti, kde se losuje. V\u00fdsledky n\u011bmeck\u00e9 loterie Lotto mo\u017en\u00e1 nebudete moci zkontrolovat v m\u00edstn\u00edch novin\u00e1ch. A mo\u017en\u00e1 ani v televizi nebudete moci naj\u00edt tato n\u011bmeck\u00e1 Lotto v\u00fdhern\u00ed \u010d\u00edsla. Pokud je najdete na jednom nebo druh\u00e9m m\u00edst\u011b, budete muset prov\u00e9st slu\u0161n\u00fd pr\u016fzkum, [&hellip;]<\/p>\n","protected":false},"author":1,"featured_media":0,"parent":5824,"menu_order":11,"comment_status":"closed","ping_status":"closed","template":"lotto-german-results.php","meta":{"_et_pb_use_builder":"","_et_pb_old_content":"","_et_gb_content_width":"","exclude_from_search":false,"footnotes":""},"class_list":["post-80824","page","type-page","status-publish","hentry"],"yoast_head":"<!-- This site is optimized with the Yoast SEO plugin v23.4 - https:\/\/yoast.com\/wordpress\/plugins\/seo\/ -->\n<title>V\u00fdhern\u00ed \u010d\u00edsla N\u011bmeck\u00e9 Lotto | V\u00fdsledky losov\u00e1n\u00ed a vylosovan\u00e9 \u010d\u00e1stky pro N\u011bmeck\u00e9 Lotto<\/title>\n<meta name=\"description\" content=\"Pokud chcete naj\u00edt v\u00fdhern\u00ed \u010d\u00edsla pro n\u011bmeckou loterii 6aus49, pod\u00edvejte se sem!\" \/>\n<meta name=\"robots\" content=\"index, follow, max-snippet:-1, max-image-preview:large, max-video-preview:-1\" \/>\n<link rel=\"canonical\" href=\"https:\/\/onlinelotto365.com\/cs\/vyherni-cisla\/german-lotto\/\" \/>\n<meta property=\"og:locale\" content=\"cs_CZ\" \/>\n<meta property=\"og:type\" content=\"article\" \/>\n<meta property=\"og:title\" content=\"V\u00fdhern\u00ed \u010d\u00edsla N\u011bmeck\u00e9 Lotto | V\u00fdsledky losov\u00e1n\u00ed a vylosovan\u00e9 \u010d\u00e1stky pro N\u011bmeck\u00e9 Lotto\" \/>\n<meta property=\"og:description\" content=\"Pokud chcete naj\u00edt v\u00fdhern\u00ed \u010d\u00edsla pro n\u011bmeckou loterii 6aus49, pod\u00edvejte se sem!\" \/>\n<meta property=\"og:url\" content=\"https:\/\/onlinelotto365.com\/cs\/vyherni-cisla\/german-lotto\/\" \/>\n<meta property=\"og:site_name\" content=\"OnlineLotto365\" \/>\n<meta property=\"og:image\" content=\"https:\/\/redfoxlotto.com\/image?size=8&amp;lottery=lotto-6aus49\" \/>\n<meta name=\"twitter:card\" content=\"summary_large_image\" \/>\n<meta name=\"twitter:label1\" content=\"Odhadovan\u00e1 doba \u010dten\u00ed\" \/>\n\t<meta name=\"twitter:data1\" content=\"3 minuty\" \/>\n<script type=\"application\/ld+json\" class=\"yoast-schema-graph\">{\"@context\":\"https:\/\/schema.org\",\"@graph\":[{\"@type\":\"WebPage\",\"@id\":\"https:\/\/onlinelotto365.com\/cs\/vyherni-cisla\/german-lotto\/\",\"url\":\"https:\/\/onlinelotto365.com\/cs\/vyherni-cisla\/german-lotto\/\",\"name\":\"V\u00fdhern\u00ed \u010d\u00edsla N\u011bmeck\u00e9 Lotto | V\u00fdsledky losov\u00e1n\u00ed a vylosovan\u00e9 \u010d\u00e1stky pro N\u011bmeck\u00e9 Lotto\",\"isPartOf\":{\"@id\":\"https:\/\/onlinelotto365.com\/cs\/#website\"},\"primaryImageOfPage\":{\"@id\":\"https:\/\/onlinelotto365.com\/cs\/vyherni-cisla\/german-lotto\/#primaryimage\"},\"image\":{\"@id\":\"https:\/\/onlinelotto365.com\/cs\/vyherni-cisla\/german-lotto\/#primaryimage\"},\"thumbnailUrl\":\"https:\/\/redfoxlotto.com\/image?size=8&amp;lottery=lotto-6aus49\",\"datePublished\":\"2022-11-23T09:50:07+00:00\",\"dateModified\":\"2022-11-23T09:50:07+00:00\",\"description\":\"Pokud chcete naj\u00edt v\u00fdhern\u00ed \u010d\u00edsla pro n\u011bmeckou loterii 6aus49, pod\u00edvejte se sem!\",\"breadcrumb\":{\"@id\":\"https:\/\/onlinelotto365.com\/cs\/vyherni-cisla\/german-lotto\/#breadcrumb\"},\"inLanguage\":\"cs\",\"potentialAction\":[{\"@type\":\"ReadAction\",\"target\":[\"https:\/\/onlinelotto365.com\/cs\/vyherni-cisla\/german-lotto\/\"]}]},{\"@type\":\"ImageObject\",\"inLanguage\":\"cs\",\"@id\":\"https:\/\/onlinelotto365.com\/cs\/vyherni-cisla\/german-lotto\/#primaryimage\",\"url\":\"https:\/\/redfoxlotto.com\/image?size=8&amp;lottery=lotto-6aus49\",\"contentUrl\":\"https:\/\/redfoxlotto.com\/image?size=8&amp;lottery=lotto-6aus49\"},{\"@type\":\"BreadcrumbList\",\"@id\":\"https:\/\/onlinelotto365.com\/cs\/vyherni-cisla\/german-lotto\/#breadcrumb\",\"itemListElement\":[{\"@type\":\"ListItem\",\"position\":1,\"name\":\"Home\",\"item\":\"https:\/\/onlinelotto365.com\/cs\/\"},{\"@type\":\"ListItem\",\"position\":2,\"name\":\"Najd\u011bte v\u00fdhern\u00ed \u010d\u00edsla a v\u00fdsledky nejnov\u011bj\u0161\u00edch loteri\u00ed\",\"item\":\"https:\/\/onlinelotto365.com\/cs\/vyherni-cisla\/\"},{\"@type\":\"ListItem\",\"position\":3,\"name\":\"Pod\u00edvejte se na n\u011bmeck\u00e9 Lotto v\u00edt\u011bzn\u00e1 \u010d\u00edsla zde\"}]},{\"@type\":\"WebSite\",\"@id\":\"https:\/\/onlinelotto365.com\/cs\/#website\",\"url\":\"https:\/\/onlinelotto365.com\/cs\/\",\"name\":\"OnlineLotto365\",\"description\":\"\",\"potentialAction\":[{\"@type\":\"SearchAction\",\"target\":{\"@type\":\"EntryPoint\",\"urlTemplate\":\"https:\/\/onlinelotto365.com\/cs\/?s={search_term_string}\"},\"query-input\":{\"@type\":\"PropertyValueSpecification\",\"valueRequired\":true,\"valueName\":\"search_term_string\"}}],\"inLanguage\":\"cs\"}]}<\/script>\n<!-- \/ Yoast SEO plugin. -->","yoast_head_json":{"title":"V\u00fdhern\u00ed \u010d\u00edsla N\u011bmeck\u00e9 Lotto | V\u00fdsledky losov\u00e1n\u00ed a vylosovan\u00e9 \u010d\u00e1stky pro N\u011bmeck\u00e9 Lotto","description":"Pokud chcete naj\u00edt v\u00fdhern\u00ed \u010d\u00edsla pro n\u011bmeckou loterii 6aus49, pod\u00edvejte se sem!","robots":{"index":"index","follow":"follow","max-snippet":"max-snippet:-1","max-image-preview":"max-image-preview:large","max-video-preview":"max-video-preview:-1"},"canonical":"https:\/\/onlinelotto365.com\/cs\/vyherni-cisla\/german-lotto\/","og_locale":"cs_CZ","og_type":"article","og_title":"V\u00fdhern\u00ed \u010d\u00edsla N\u011bmeck\u00e9 Lotto | V\u00fdsledky losov\u00e1n\u00ed a vylosovan\u00e9 \u010d\u00e1stky pro N\u011bmeck\u00e9 Lotto","og_description":"Pokud chcete naj\u00edt v\u00fdhern\u00ed \u010d\u00edsla pro n\u011bmeckou loterii 6aus49, pod\u00edvejte se sem!","og_url":"https:\/\/onlinelotto365.com\/cs\/vyherni-cisla\/german-lotto\/","og_site_name":"OnlineLotto365","og_image":[{"url":"https:\/\/redfoxlotto.com\/image?size=8&amp;lottery=lotto-6aus49"}],"twitter_card":"summary_large_image","twitter_misc":{"Odhadovan\u00e1 doba \u010dten\u00ed":"3 minuty"},"schema":{"@context":"https:\/\/schema.org","@graph":[{"@type":"WebPage","@id":"https:\/\/onlinelotto365.com\/cs\/vyherni-cisla\/german-lotto\/","url":"https:\/\/onlinelotto365.com\/cs\/vyherni-cisla\/german-lotto\/","name":"V\u00fdhern\u00ed \u010d\u00edsla N\u011bmeck\u00e9 Lotto | V\u00fdsledky losov\u00e1n\u00ed a vylosovan\u00e9 \u010d\u00e1stky pro N\u011bmeck\u00e9 Lotto","isPartOf":{"@id":"https:\/\/onlinelotto365.com\/cs\/#website"},"primaryImageOfPage":{"@id":"https:\/\/onlinelotto365.com\/cs\/vyherni-cisla\/german-lotto\/#primaryimage"},"image":{"@id":"https:\/\/onlinelotto365.com\/cs\/vyherni-cisla\/german-lotto\/#primaryimage"},"thumbnailUrl":"https:\/\/redfoxlotto.com\/image?size=8&amp;lottery=lotto-6aus49","datePublished":"2022-11-23T09:50:07+00:00","dateModified":"2022-11-23T09:50:07+00:00","description":"Pokud chcete naj\u00edt v\u00fdhern\u00ed \u010d\u00edsla pro n\u011bmeckou loterii 6aus49, pod\u00edvejte se sem!","breadcrumb":{"@id":"https:\/\/onlinelotto365.com\/cs\/vyherni-cisla\/german-lotto\/#breadcrumb"},"inLanguage":"cs","potentialAction":[{"@type":"ReadAction","target":["https:\/\/onlinelotto365.com\/cs\/vyherni-cisla\/german-lotto\/"]}]},{"@type":"ImageObject","inLanguage":"cs","@id":"https:\/\/onlinelotto365.com\/cs\/vyherni-cisla\/german-lotto\/#primaryimage","url":"https:\/\/redfoxlotto.com\/image?size=8&amp;lottery=lotto-6aus49","contentUrl":"https:\/\/redfoxlotto.com\/image?size=8&amp;lottery=lotto-6aus49"},{"@type":"BreadcrumbList","@id":"https:\/\/onlinelotto365.com\/cs\/vyherni-cisla\/german-lotto\/#breadcrumb","itemListElement":[{"@type":"ListItem","position":1,"name":"Home","item":"https:\/\/onlinelotto365.com\/cs\/"},{"@type":"ListItem","position":2,"name":"Najd\u011bte v\u00fdhern\u00ed \u010d\u00edsla a v\u00fdsledky nejnov\u011bj\u0161\u00edch loteri\u00ed","item":"https:\/\/onlinelotto365.com\/cs\/vyherni-cisla\/"},{"@type":"ListItem","position":3,"name":"Pod\u00edvejte se na n\u011bmeck\u00e9 Lotto v\u00edt\u011bzn\u00e1 \u010d\u00edsla zde"}]},{"@type":"WebSite","@id":"https:\/\/onlinelotto365.com\/cs\/#website","url":"https:\/\/onlinelotto365.com\/cs\/","name":"OnlineLotto365","description":"","potentialAction":[{"@type":"SearchAction","target":{"@type":"EntryPoint","urlTemplate":"https:\/\/onlinelotto365.com\/cs\/?s={search_term_string}"},"query-input":{"@type":"PropertyValueSpecification","valueRequired":true,"valueName":"search_term_string"}}],"inLanguage":"cs"}]}},"_links":{"self":[{"href":"https:\/\/onlinelotto365.com\/cs\/wp-json\/wp\/v2\/pages\/80824","targetHints":{"allow":["GET"]}}],"collection":[{"href":"https:\/\/onlinelotto365.com\/cs\/wp-json\/wp\/v2\/pages"}],"about":[{"href":"https:\/\/onlinelotto365.com\/cs\/wp-json\/wp\/v2\/types\/page"}],"author":[{"embeddable":true,"href":"https:\/\/onlinelotto365.com\/cs\/wp-json\/wp\/v2\/users\/1"}],"replies":[{"embeddable":true,"href":"https:\/\/onlinelotto365.com\/cs\/wp-json\/wp\/v2\/comments?post=80824"}],"version-history":[{"count":0,"href":"https:\/\/onlinelotto365.com\/cs\/wp-json\/wp\/v2\/pages\/80824\/revisions"}],"up":[{"embeddable":true,"href":"https:\/\/onlinelotto365.com\/cs\/wp-json\/wp\/v2\/pages\/5824"}],"wp:attachment":[{"href":"https:\/\/onlinelotto365.com\/cs\/wp-json\/wp\/v2\/media?parent=80824"}],"curies":[{"name":"wp","href":"https:\/\/api.w.org\/{rel}","templated":true}]}}