{"id":80857,"date":"2022-11-23T12:14:29","date_gmt":"2022-11-23T11:14:29","guid":{"rendered":"https:\/\/onlinelotto365.com\/?page_id=80857"},"modified":"2022-11-30T12:30:39","modified_gmt":"2022-11-30T11:30:39","slug":"mega-sena","status":"publish","type":"page","link":"https:\/\/onlinelotto365.com\/cs\/vyherni-cisla\/mega-sena\/","title":{"rendered":"Mega-Sena z Braz\u00edlie &#8211; nejnov\u011bj\u0161\u00ed v\u00fdhern\u00ed \u010d\u00edsla"},"content":{"rendered":"<p>Existuje spousta r\u016fzn\u00fdch her a vy se chcete ujistit, \u017ee jste schopni naj\u00edt v\u00fdhern\u00ed \u010d\u00edsla co nejd\u0159\u00edve. No, je to mo\u017en\u00e9 n\u011bkolika r\u016fzn\u00fdmi zp\u016fsoby, pokud v\u00edte, kde hledat. V\u00fdhern\u00ed \u010d\u00edsla jsou n\u011bkdy k dispozici v novin\u00e1ch, pokud \u017eijete v oblasti, kde se jedn\u00e1 o m\u00edstn\u00ed hru. To m\u016f\u017ee znamenat, \u017ee v\u00fdsledky Mega-Seny nejsou ve va\u0161\u00ed oblasti k dispozici. V n\u011bkter\u00fdch oblastech se tak\u00e9 v\u00fdhern\u00ed \u010d\u00edsla zobrazuj\u00ed v televizi, co\u017e se stane pouze v p\u0159\u00edpad\u011b, \u017ee \u017eijete v ur\u010dit\u00fdch oblastech.<br \/>\n<a href=\"https:\/\/redfoxlotto.com\/play\/mega-sena\/?ref=a8564250a2&amp;medium=ol365\" target=\"_blank\" rel=\"noopener noreferrer\"><img decoding=\"async\" class=\"aligncenter\" src=\"https:\/\/redfoxlotto.com\/image?size=8&amp;lottery=mega-sena\" alt=\"mega-sena\" \/><\/a><\/p>\n<p>Dal\u0161\u00ed mo\u017enost\u00ed je pod\u00edvat se na webov\u00e9 str\u00e1nky loterie Mega-Sena, zda v dob\u011b losov\u00e1n\u00ed hry vys\u00edlaj\u00ed p\u0159\u00edm\u00fd p\u0159enos. Ne v\u0161echny hry to d\u011blaj\u00ed, ale u t\u011bch, kter\u00e9 to d\u011blaj\u00ed, to m\u016f\u017ee b\u00fdt vzru\u0161uj\u00edc\u00ed z\u00e1\u017eitek pro ka\u017ed\u00e9ho, kdo se d\u00edv\u00e1. Zvl\u00e1\u0161t\u011b pokud jste skute\u010dn\u011b v\u00fdhercem a sledujete losov\u00e1n\u00ed sv\u00fdch \u010d\u00edsel.<\/p>\n<p>K dispozici je tak\u00e9 mo\u017enost p\u0159ej\u00edt na YouTube. N\u011bkdy lid\u00e9 nahr\u00e1vaj\u00ed \u017eiv\u00e1 videa z losov\u00e1n\u00ed online a vy se tak m\u016f\u017eete pod\u00edvat na nejnov\u011bj\u0161\u00ed losov\u00e1n\u00ed Mega Seny.<\/p>\n<p>Nejjednodu\u0161\u0161\u00ed zp\u016fsob, jak se dozv\u011bd\u011bt v\u00fdhern\u00ed \u010d\u00edsla, pro v\u00e1s v\u0161ak bude pod\u00edvat se na na\u0161e webov\u00e9 str\u00e1nky. M\u016f\u017eeme v\u00e1m poskytnout p\u0159\u00edstup ke v\u0161em v\u00fdhern\u00edm \u010d\u00edsl\u016fm Mega Seny i jak\u00e9koli jin\u00e9 hry, kterou chcete a kterou m\u00e1me k dispozici. To v\u00e1m usnadn\u00ed hled\u00e1n\u00ed po\u017eadovan\u00fdch v\u00fdsledk\u016f.<\/p>\n<h2>Jak zjistit, zda v\u00e1\u0161 tiket online vyhr\u00e1l?<\/h2>\n<p>Je\u0161t\u011b lep\u0161\u00ed je, \u017ee se m\u016f\u017eete p\u0159ihl\u00e1sit p\u0159\u00edmo do sv\u00e9ho \u00fa\u010dtu a zjistit v\u00fdsledky jak\u00e9koli hry, na kterou jste si zakoupili tikety, tak\u00e9. Sta\u010d\u00ed p\u0159ej\u00edt do sekce webov\u00fdch str\u00e1nek, kde jsou ulo\u017eeny va\u0161e tikety, a m\u016f\u017eete naj\u00edt v\u00fdhern\u00ed \u010d\u00edsla, kter\u00e1 se k t\u011bmto tiket\u016fm vztahuj\u00ed.<\/p>\n<p>Pak se dokonce m\u016f\u017eete pod\u00edvat, kter\u00e1 vylosovan\u00e1 \u010d\u00edsla odpov\u00eddaj\u00ed va\u0161im aktu\u00e1ln\u00edm \u010d\u00edsl\u016fm, tak\u017ee se m\u016f\u017eete pod\u00edvat, kolik jste ji\u017e vyhr\u00e1li. Pokud je to m\u00e9n\u011b ne\u017e 2500 \u20ac, postar\u00e1me se o to, abyste tyto pen\u00edze dostali p\u0159\u00edmo na sv\u016fj \u00fa\u010det a mohli je za\u010d\u00edt utr\u00e1cet nebo si je vybrat na sv\u016fj vlastn\u00ed \u00fa\u010det. Jedin\u00e9, co mus\u00edte ud\u011blat, je ujistit se, \u017ee pen\u00edze vyb\u00edr\u00e1te na \u00fa\u010det, kter\u00fd jste u n\u00e1s ji\u017e pou\u017e\u00edvali.<\/p>\n<h2>Archiv v\u00fdsledk\u016f Mega-Sena<\/h2>\n<p><img loading=\"lazy\" decoding=\"async\" class=\"alignright wp-image-3640\" src=\"https:\/\/onlinelotto365.com\/wp-content\/uploads\/2020\/11\/lottery_balls1-300x160.jpg\" alt=\"mega-sena v\u00fdsledky\" width=\"249\" height=\"133\" srcset=\"https:\/\/onlinelotto365.com\/wp-content\/uploads\/2020\/11\/lottery_balls1-300x160.jpg 300w, https:\/\/onlinelotto365.com\/wp-content\/uploads\/2020\/11\/lottery_balls1.jpg 472w\" sizes=\"auto, (max-width: 249px) 100vw, 249px\" \/><br \/>\nPro ty, kte\u0159\u00ed cht\u011bj\u00ed z\u00edskat p\u0159\u00edstup ke star\u0161\u00edm \u010d\u00edsl\u016fm Mega-Seny, je vhodn\u00e9 se pozorn\u011b pod\u00edvat na webov\u00e9 str\u00e1nky, kter\u00e9 ji\u017e nab\u00edzej\u00ed nejnov\u011bj\u0161\u00ed \u010d\u00edsla. Najdete tam k dispozici i v\u0161echna star\u0161\u00ed \u010d\u00edsla, tak\u017ee se nemus\u00edte b\u00e1t, \u017ee byste p\u0159i\u0161li o jedny z nejlep\u0161\u00edch informac\u00ed pro v\u00fdb\u011br dal\u0161\u00ed sady \u010d\u00edsel.<\/p>\n","protected":false},"excerpt":{"rendered":"<p>Existuje spousta r\u016fzn\u00fdch her a vy se chcete ujistit, \u017ee jste schopni naj\u00edt v\u00fdhern\u00ed \u010d\u00edsla co nejd\u0159\u00edve. No, je to mo\u017en\u00e9 n\u011bkolika r\u016fzn\u00fdmi zp\u016fsoby, pokud v\u00edte, kde hledat. V\u00fdhern\u00ed \u010d\u00edsla jsou n\u011bkdy k dispozici v novin\u00e1ch, pokud \u017eijete v oblasti, kde se jedn\u00e1 o m\u00edstn\u00ed hru. To m\u016f\u017ee znamenat, \u017ee v\u00fdsledky Mega-Seny nejsou ve va\u0161\u00ed [&hellip;]<\/p>\n","protected":false},"author":1,"featured_media":0,"parent":5824,"menu_order":12,"comment_status":"closed","ping_status":"closed","template":"megasena-results.php","meta":{"_et_pb_use_builder":"","_et_pb_old_content":"","_et_gb_content_width":"","exclude_from_search":false,"footnotes":""},"class_list":["post-80857","page","type-page","status-publish","hentry"],"yoast_head":"<!-- This site is optimized with the Yoast SEO plugin v23.4 - https:\/\/yoast.com\/wordpress\/plugins\/seo\/ -->\n<title>mega-sena<\/title>\n<meta name=\"description\" content=\"V\u00fdsledky Mega-Sena Braz\u00edlie a mnoha dal\u0161\u00edch sv\u011btov\u00fdch loteri\u00ed najdete zde\" \/>\n<meta name=\"robots\" content=\"index, follow, max-snippet:-1, max-image-preview:large, max-video-preview:-1\" \/>\n<link rel=\"canonical\" href=\"https:\/\/onlinelotto365.com\/cs\/vyherni-cisla\/mega-sena\/\" \/>\n<meta property=\"og:locale\" content=\"cs_CZ\" \/>\n<meta property=\"og:type\" content=\"article\" \/>\n<meta property=\"og:title\" content=\"mega-sena\" \/>\n<meta property=\"og:description\" content=\"V\u00fdsledky Mega-Sena Braz\u00edlie a mnoha dal\u0161\u00edch sv\u011btov\u00fdch loteri\u00ed najdete zde\" \/>\n<meta property=\"og:url\" content=\"https:\/\/onlinelotto365.com\/cs\/vyherni-cisla\/mega-sena\/\" \/>\n<meta property=\"og:site_name\" content=\"OnlineLotto365\" \/>\n<meta property=\"article:modified_time\" content=\"2022-11-30T11:30:39+00:00\" \/>\n<meta property=\"og:image\" content=\"https:\/\/redfoxlotto.com\/image?size=8&amp;lottery=mega-sena\" \/>\n<meta name=\"twitter:card\" content=\"summary_large_image\" \/>\n<meta name=\"twitter:label1\" content=\"Odhadovan\u00e1 doba \u010dten\u00ed\" \/>\n\t<meta name=\"twitter:data1\" content=\"3 minuty\" \/>\n<script type=\"application\/ld+json\" class=\"yoast-schema-graph\">{\"@context\":\"https:\/\/schema.org\",\"@graph\":[{\"@type\":\"WebPage\",\"@id\":\"https:\/\/onlinelotto365.com\/cs\/vyherni-cisla\/mega-sena\/\",\"url\":\"https:\/\/onlinelotto365.com\/cs\/vyherni-cisla\/mega-sena\/\",\"name\":\"mega-sena\",\"isPartOf\":{\"@id\":\"https:\/\/onlinelotto365.com\/cs\/#website\"},\"primaryImageOfPage\":{\"@id\":\"https:\/\/onlinelotto365.com\/cs\/vyherni-cisla\/mega-sena\/#primaryimage\"},\"image\":{\"@id\":\"https:\/\/onlinelotto365.com\/cs\/vyherni-cisla\/mega-sena\/#primaryimage\"},\"thumbnailUrl\":\"https:\/\/redfoxlotto.com\/image?size=8&amp;lottery=mega-sena\",\"datePublished\":\"2022-11-23T11:14:29+00:00\",\"dateModified\":\"2022-11-30T11:30:39+00:00\",\"description\":\"V\u00fdsledky Mega-Sena Braz\u00edlie a mnoha dal\u0161\u00edch sv\u011btov\u00fdch loteri\u00ed najdete zde\",\"breadcrumb\":{\"@id\":\"https:\/\/onlinelotto365.com\/cs\/vyherni-cisla\/mega-sena\/#breadcrumb\"},\"inLanguage\":\"cs\",\"potentialAction\":[{\"@type\":\"ReadAction\",\"target\":[\"https:\/\/onlinelotto365.com\/cs\/vyherni-cisla\/mega-sena\/\"]}]},{\"@type\":\"ImageObject\",\"inLanguage\":\"cs\",\"@id\":\"https:\/\/onlinelotto365.com\/cs\/vyherni-cisla\/mega-sena\/#primaryimage\",\"url\":\"https:\/\/redfoxlotto.com\/image?size=8&amp;lottery=mega-sena\",\"contentUrl\":\"https:\/\/redfoxlotto.com\/image?size=8&amp;lottery=mega-sena\"},{\"@type\":\"BreadcrumbList\",\"@id\":\"https:\/\/onlinelotto365.com\/cs\/vyherni-cisla\/mega-sena\/#breadcrumb\",\"itemListElement\":[{\"@type\":\"ListItem\",\"position\":1,\"name\":\"Home\",\"item\":\"https:\/\/onlinelotto365.com\/cs\/\"},{\"@type\":\"ListItem\",\"position\":2,\"name\":\"Najd\u011bte v\u00fdhern\u00ed \u010d\u00edsla a v\u00fdsledky nejnov\u011bj\u0161\u00edch loteri\u00ed\",\"item\":\"https:\/\/onlinelotto365.com\/cs\/vyherni-cisla\/\"},{\"@type\":\"ListItem\",\"position\":3,\"name\":\"Mega-Sena z Braz\u00edlie &#8211; nejnov\u011bj\u0161\u00ed v\u00fdhern\u00ed \u010d\u00edsla\"}]},{\"@type\":\"WebSite\",\"@id\":\"https:\/\/onlinelotto365.com\/cs\/#website\",\"url\":\"https:\/\/onlinelotto365.com\/cs\/\",\"name\":\"OnlineLotto365\",\"description\":\"\",\"potentialAction\":[{\"@type\":\"SearchAction\",\"target\":{\"@type\":\"EntryPoint\",\"urlTemplate\":\"https:\/\/onlinelotto365.com\/cs\/?s={search_term_string}\"},\"query-input\":{\"@type\":\"PropertyValueSpecification\",\"valueRequired\":true,\"valueName\":\"search_term_string\"}}],\"inLanguage\":\"cs\"}]}<\/script>\n<!-- \/ Yoast SEO plugin. -->","yoast_head_json":{"title":"mega-sena","description":"V\u00fdsledky Mega-Sena Braz\u00edlie a mnoha dal\u0161\u00edch sv\u011btov\u00fdch loteri\u00ed najdete zde","robots":{"index":"index","follow":"follow","max-snippet":"max-snippet:-1","max-image-preview":"max-image-preview:large","max-video-preview":"max-video-preview:-1"},"canonical":"https:\/\/onlinelotto365.com\/cs\/vyherni-cisla\/mega-sena\/","og_locale":"cs_CZ","og_type":"article","og_title":"mega-sena","og_description":"V\u00fdsledky Mega-Sena Braz\u00edlie a mnoha dal\u0161\u00edch sv\u011btov\u00fdch loteri\u00ed najdete zde","og_url":"https:\/\/onlinelotto365.com\/cs\/vyherni-cisla\/mega-sena\/","og_site_name":"OnlineLotto365","article_modified_time":"2022-11-30T11:30:39+00:00","og_image":[{"url":"https:\/\/redfoxlotto.com\/image?size=8&amp;lottery=mega-sena"}],"twitter_card":"summary_large_image","twitter_misc":{"Odhadovan\u00e1 doba \u010dten\u00ed":"3 minuty"},"schema":{"@context":"https:\/\/schema.org","@graph":[{"@type":"WebPage","@id":"https:\/\/onlinelotto365.com\/cs\/vyherni-cisla\/mega-sena\/","url":"https:\/\/onlinelotto365.com\/cs\/vyherni-cisla\/mega-sena\/","name":"mega-sena","isPartOf":{"@id":"https:\/\/onlinelotto365.com\/cs\/#website"},"primaryImageOfPage":{"@id":"https:\/\/onlinelotto365.com\/cs\/vyherni-cisla\/mega-sena\/#primaryimage"},"image":{"@id":"https:\/\/onlinelotto365.com\/cs\/vyherni-cisla\/mega-sena\/#primaryimage"},"thumbnailUrl":"https:\/\/redfoxlotto.com\/image?size=8&amp;lottery=mega-sena","datePublished":"2022-11-23T11:14:29+00:00","dateModified":"2022-11-30T11:30:39+00:00","description":"V\u00fdsledky Mega-Sena Braz\u00edlie a mnoha dal\u0161\u00edch sv\u011btov\u00fdch loteri\u00ed najdete zde","breadcrumb":{"@id":"https:\/\/onlinelotto365.com\/cs\/vyherni-cisla\/mega-sena\/#breadcrumb"},"inLanguage":"cs","potentialAction":[{"@type":"ReadAction","target":["https:\/\/onlinelotto365.com\/cs\/vyherni-cisla\/mega-sena\/"]}]},{"@type":"ImageObject","inLanguage":"cs","@id":"https:\/\/onlinelotto365.com\/cs\/vyherni-cisla\/mega-sena\/#primaryimage","url":"https:\/\/redfoxlotto.com\/image?size=8&amp;lottery=mega-sena","contentUrl":"https:\/\/redfoxlotto.com\/image?size=8&amp;lottery=mega-sena"},{"@type":"BreadcrumbList","@id":"https:\/\/onlinelotto365.com\/cs\/vyherni-cisla\/mega-sena\/#breadcrumb","itemListElement":[{"@type":"ListItem","position":1,"name":"Home","item":"https:\/\/onlinelotto365.com\/cs\/"},{"@type":"ListItem","position":2,"name":"Najd\u011bte v\u00fdhern\u00ed \u010d\u00edsla a v\u00fdsledky nejnov\u011bj\u0161\u00edch loteri\u00ed","item":"https:\/\/onlinelotto365.com\/cs\/vyherni-cisla\/"},{"@type":"ListItem","position":3,"name":"Mega-Sena z Braz\u00edlie &#8211; nejnov\u011bj\u0161\u00ed v\u00fdhern\u00ed \u010d\u00edsla"}]},{"@type":"WebSite","@id":"https:\/\/onlinelotto365.com\/cs\/#website","url":"https:\/\/onlinelotto365.com\/cs\/","name":"OnlineLotto365","description":"","potentialAction":[{"@type":"SearchAction","target":{"@type":"EntryPoint","urlTemplate":"https:\/\/onlinelotto365.com\/cs\/?s={search_term_string}"},"query-input":{"@type":"PropertyValueSpecification","valueRequired":true,"valueName":"search_term_string"}}],"inLanguage":"cs"}]}},"_links":{"self":[{"href":"https:\/\/onlinelotto365.com\/cs\/wp-json\/wp\/v2\/pages\/80857","targetHints":{"allow":["GET"]}}],"collection":[{"href":"https:\/\/onlinelotto365.com\/cs\/wp-json\/wp\/v2\/pages"}],"about":[{"href":"https:\/\/onlinelotto365.com\/cs\/wp-json\/wp\/v2\/types\/page"}],"author":[{"embeddable":true,"href":"https:\/\/onlinelotto365.com\/cs\/wp-json\/wp\/v2\/users\/1"}],"replies":[{"embeddable":true,"href":"https:\/\/onlinelotto365.com\/cs\/wp-json\/wp\/v2\/comments?post=80857"}],"version-history":[{"count":0,"href":"https:\/\/onlinelotto365.com\/cs\/wp-json\/wp\/v2\/pages\/80857\/revisions"}],"up":[{"embeddable":true,"href":"https:\/\/onlinelotto365.com\/cs\/wp-json\/wp\/v2\/pages\/5824"}],"wp:attachment":[{"href":"https:\/\/onlinelotto365.com\/cs\/wp-json\/wp\/v2\/media?parent=80857"}],"curies":[{"name":"wp","href":"https:\/\/api.w.org\/{rel}","templated":true}]}}