{"id":80889,"date":"2022-11-23T13:08:19","date_gmt":"2022-11-23T12:08:19","guid":{"rendered":"https:\/\/onlinelotto365.com\/?page_id=80889"},"modified":"2022-11-23T13:08:19","modified_gmt":"2022-11-23T12:08:19","slug":"powerball-australia","status":"publish","type":"page","link":"https:\/\/onlinelotto365.com\/cs\/vyherni-cisla\/powerball-australia\/","title":{"rendered":"Powerball Austr\u00e1lie &#8211; nejnov\u011bj\u0161\u00ed a p\u0159edchoz\u00ed v\u00edt\u011bzn\u00e1 \u010d\u00edsla, v\u00fdsledky"},"content":{"rendered":"<p>U mezin\u00e1rodn\u00edch loteri\u00ed se m\u016f\u017eete pokusit zkontrolovat v\u00fdsledky v novin\u00e1ch, ale je nepravd\u011bpodobn\u00e9, \u017ee najdete v\u00edt\u011bzn\u00e1 \u010d\u00edsla Powerball Australia v m\u00edstn\u00edch novin\u00e1ch. Mo\u017en\u00e1 je nenajdete ani na \u017e\u00e1dn\u00e9m z m\u00edstn\u00edch televizn\u00edch kan\u00e1l\u016f. Pokud ano, bude to vy\u017eadovat ur\u010dit\u00fd \u010das a \u00fasil\u00ed, abyste se dostali na spr\u00e1vn\u00fd kan\u00e1l.<br \/>\n<a href=\"https:\/\/redfoxlotto.com\/play\/powerball-au\/?ref=a8564250a2&amp;medium=ol365\" target=\"_blank\" rel=\"noopener noreferrer\"><img decoding=\"async\" class=\"aligncenter\" src=\"https:\/\/redfoxlotto.com\/image?size=8&amp;lottery=powerball-au\" alt=\"Powerball Austr\u00e1lie\" \/><\/a><br \/>\nDal\u0161\u00ed mo\u017enost\u00ed je pod\u00edvat se na webov\u00e9 str\u00e1nky Powerball Australia a zjistit, zda nenab\u00edzej\u00ed mo\u017enost \u017eiv\u00e9ho losov\u00e1n\u00ed. Pokud ano, mo\u017en\u00e1 budete moci sledovat spolu s nimi a naplno si u\u017e\u00edt, \u017ee uvid\u00edte sv\u00e1 \u010d\u00edsla losovan\u00e1 v p\u0159\u00edm\u00e9m p\u0159enosu. Ne v\u0161echny hry v\u0161ak tuto mo\u017enost nab\u00edzej\u00ed a m\u016f\u017ee se st\u00e1t, \u017ee o tento z\u00e1\u017eitek p\u0159ijdete \u00fapln\u011b.<br \/>\nM\u016f\u017eete se tak\u00e9 pod\u00edvat na YouTube, zda nen\u00ed k dispozici z\u00e1znam \u017eiv\u00e9ho losov\u00e1n\u00ed Powerball Australia. To by mohl b\u00fdt dobr\u00fd zp\u016fsob, jak zjistit v\u00fdsledky po skon\u010den\u00ed losov\u00e1n\u00ed.<\/p>\n<p>Nejlep\u0161\u00edm zp\u016fsobem, jak m\u016f\u017eete zjistit v\u00fdsledky losov\u00e1n\u00ed Powerball Australia, je v\u0161ak pod\u00edvat se na na\u0161e webov\u00e9 str\u00e1nky. Tam najdete v\u00fdsledky t\u00e9to i v\u0161ech ostatn\u00edch her, kter\u00e9 m\u00e1me k dispozici, tak\u017ee se nemus\u00edte ob\u00e1vat, \u017ee byste o n\u011bco p\u0159i\u0161li.<\/p>\n<h2>Jak zjistit, zda v\u00e1\u0161 online tiket vyhr\u00e1l?<\/h2>\n<p>A co kdy\u017e jste si ji\u017e zakoupili vlastn\u00ed tikety na Powerball Australia? Pak je pro v\u00e1s je\u0161t\u011b snaz\u0161\u00ed zjistit v\u00fdhern\u00ed \u010d\u00edsla. M\u00edsto toho, abyste kontrolovali b\u011b\u017enou str\u00e1nku s v\u00fdsledky loterie, m\u016f\u017eete se pod\u00edvat na str\u00e1nku s tikety na sv\u00e9m \u00fa\u010dtu. D\u00edky tomu uvid\u00edte vylosovan\u00e1 \u010d\u00edsla v porovn\u00e1n\u00ed s va\u0161imi vlastn\u00edmi, co\u017e bude pro va\u0161e pot\u0159eby je\u0161t\u011b lep\u0161\u00ed.<\/p>\n<p>M\u016f\u017eete se pod\u00edvat na v\u0161echna \u010d\u00edsla na sv\u00e9m tiketu, kter\u00e1 jsou zv\u00fdrazn\u011bn\u00e1, co\u017e znamen\u00e1, \u017ee se shoduj\u00ed s v\u00fdhern\u00edmi \u010d\u00edsly. Pak se m\u016f\u017eete pod\u00edvat, kolik jste vyhr\u00e1li. A pokud je to m\u00e9n\u011b ne\u017e 2500 \u20ac, bude v\u00e1m p\u0159ips\u00e1na na \u00fa\u010det jen tak tak.<\/p>\n<h2>Archiv v\u00fdsledk\u016f Powerball Australia<\/h2>\n<p>Na na\u0161ich webov\u00fdch str\u00e1nk\u00e1ch v\u00e1m usnadn\u00edme kontrolu nejen aktu\u00e1ln\u00edch \u010d\u00edsel loterie Powerball Australia a dal\u0161\u00edch, ale tak\u00e9 star\u00fdch \u010d\u00edsel. Jedn\u00edm z nejobl\u00edben\u011bj\u0161\u00edch zp\u016fsob\u016f, jak si lid\u00e9 vyb\u00edraj\u00ed sv\u00e1 \u010d\u00edsla, je pod\u00edvat se na n\u011bkter\u00e1 star\u0161\u00ed \u010d\u00edsla, tak\u017ee se star\u00e1me o to, abyste tato \u010d\u00edsla na\u0161li na ka\u017ed\u00e9 str\u00e1nce, kde nab\u00edz\u00edme aktu\u00e1ln\u00ed v\u00fdhern\u00ed \u010d\u00edsla.<\/p>\n<h2>M\u016fj tiket vyhr\u00e1l, co bude n\u00e1sledovat?<\/h2>\n<p>Pokud je v\u00e1\u0161 tiket v\u00fdhern\u00ed, sta\u010d\u00ed se jen pohodln\u011b usadit a nechat n\u00e1s, abychom v\u00e1m pomohli z\u00edskat pen\u00edze, na kter\u00e9 m\u00e1te n\u00e1rok. Pokud jste vyhr\u00e1li m\u00e9n\u011b ne\u017e 2500 \u20ac, p\u0159ip\u00ed\u0161eme v\u00e1m je na hr\u00e1\u010dsk\u00fd \u00fa\u010det, jakmile budou v\u00fdsledky ov\u011b\u0159eny. Pot\u00e9 si budete moci pen\u00edze vybrat, pokud na va\u0161em \u00fa\u010dtu bude 10 \u20ac.<\/p>\n","protected":false},"excerpt":{"rendered":"<p>U mezin\u00e1rodn\u00edch loteri\u00ed se m\u016f\u017eete pokusit zkontrolovat v\u00fdsledky v novin\u00e1ch, ale je nepravd\u011bpodobn\u00e9, \u017ee najdete v\u00edt\u011bzn\u00e1 \u010d\u00edsla Powerball Australia v m\u00edstn\u00edch novin\u00e1ch. Mo\u017en\u00e1 je nenajdete ani na \u017e\u00e1dn\u00e9m z m\u00edstn\u00edch televizn\u00edch kan\u00e1l\u016f. Pokud ano, bude to vy\u017eadovat ur\u010dit\u00fd \u010das a \u00fasil\u00ed, abyste se dostali na spr\u00e1vn\u00fd kan\u00e1l. Dal\u0161\u00ed mo\u017enost\u00ed je pod\u00edvat se na webov\u00e9 str\u00e1nky [&hellip;]<\/p>\n","protected":false},"author":1,"featured_media":0,"parent":5824,"menu_order":13,"comment_status":"closed","ping_status":"closed","template":"powerball-au-results.php","meta":{"_et_pb_use_builder":"","_et_pb_old_content":"","_et_gb_content_width":"","exclude_from_search":false,"footnotes":""},"class_list":["post-80889","page","type-page","status-publish","hentry"],"yoast_head":"<!-- This site is optimized with the Yoast SEO plugin v23.4 - https:\/\/yoast.com\/wordpress\/plugins\/seo\/ -->\n<title>Nejnov\u011bj\u0161\u00ed a minul\u00e9 v\u00fdsledky losov\u00e1n\u00ed a vylosovan\u00e1 \u010d\u00edsla pro Powerball Australia<\/title>\n<meta name=\"description\" content=\"V\u00edt\u011bzn\u00e1 \u010d\u00edsla Powerball Australia zve\u0159ej\u0148ujeme ihned po losov\u00e1n\u00ed.\" \/>\n<meta name=\"robots\" content=\"index, follow, max-snippet:-1, max-image-preview:large, max-video-preview:-1\" \/>\n<link rel=\"canonical\" href=\"https:\/\/onlinelotto365.com\/cs\/vyherni-cisla\/powerball-australia\/\" \/>\n<meta property=\"og:locale\" content=\"cs_CZ\" \/>\n<meta property=\"og:type\" content=\"article\" \/>\n<meta property=\"og:title\" content=\"Nejnov\u011bj\u0161\u00ed a minul\u00e9 v\u00fdsledky losov\u00e1n\u00ed a vylosovan\u00e1 \u010d\u00edsla pro Powerball Australia\" \/>\n<meta property=\"og:description\" content=\"V\u00edt\u011bzn\u00e1 \u010d\u00edsla Powerball Australia zve\u0159ej\u0148ujeme ihned po losov\u00e1n\u00ed.\" \/>\n<meta property=\"og:url\" content=\"https:\/\/onlinelotto365.com\/cs\/vyherni-cisla\/powerball-australia\/\" \/>\n<meta property=\"og:site_name\" content=\"OnlineLotto365\" \/>\n<meta property=\"og:image\" content=\"https:\/\/redfoxlotto.com\/image?size=8&amp;lottery=powerball-au\" \/>\n<meta name=\"twitter:card\" content=\"summary_large_image\" \/>\n<meta name=\"twitter:label1\" content=\"Odhadovan\u00e1 doba \u010dten\u00ed\" \/>\n\t<meta name=\"twitter:data1\" content=\"2 minuty\" \/>\n<script type=\"application\/ld+json\" class=\"yoast-schema-graph\">{\"@context\":\"https:\/\/schema.org\",\"@graph\":[{\"@type\":\"WebPage\",\"@id\":\"https:\/\/onlinelotto365.com\/cs\/vyherni-cisla\/powerball-australia\/\",\"url\":\"https:\/\/onlinelotto365.com\/cs\/vyherni-cisla\/powerball-australia\/\",\"name\":\"Nejnov\u011bj\u0161\u00ed a minul\u00e9 v\u00fdsledky losov\u00e1n\u00ed a vylosovan\u00e1 \u010d\u00edsla pro Powerball Australia\",\"isPartOf\":{\"@id\":\"https:\/\/onlinelotto365.com\/cs\/#website\"},\"primaryImageOfPage\":{\"@id\":\"https:\/\/onlinelotto365.com\/cs\/vyherni-cisla\/powerball-australia\/#primaryimage\"},\"image\":{\"@id\":\"https:\/\/onlinelotto365.com\/cs\/vyherni-cisla\/powerball-australia\/#primaryimage\"},\"thumbnailUrl\":\"https:\/\/redfoxlotto.com\/image?size=8&amp;lottery=powerball-au\",\"datePublished\":\"2022-11-23T12:08:19+00:00\",\"dateModified\":\"2022-11-23T12:08:19+00:00\",\"description\":\"V\u00edt\u011bzn\u00e1 \u010d\u00edsla Powerball Australia zve\u0159ej\u0148ujeme ihned po losov\u00e1n\u00ed.\",\"breadcrumb\":{\"@id\":\"https:\/\/onlinelotto365.com\/cs\/vyherni-cisla\/powerball-australia\/#breadcrumb\"},\"inLanguage\":\"cs\",\"potentialAction\":[{\"@type\":\"ReadAction\",\"target\":[\"https:\/\/onlinelotto365.com\/cs\/vyherni-cisla\/powerball-australia\/\"]}]},{\"@type\":\"ImageObject\",\"inLanguage\":\"cs\",\"@id\":\"https:\/\/onlinelotto365.com\/cs\/vyherni-cisla\/powerball-australia\/#primaryimage\",\"url\":\"https:\/\/redfoxlotto.com\/image?size=8&amp;lottery=powerball-au\",\"contentUrl\":\"https:\/\/redfoxlotto.com\/image?size=8&amp;lottery=powerball-au\"},{\"@type\":\"BreadcrumbList\",\"@id\":\"https:\/\/onlinelotto365.com\/cs\/vyherni-cisla\/powerball-australia\/#breadcrumb\",\"itemListElement\":[{\"@type\":\"ListItem\",\"position\":1,\"name\":\"Home\",\"item\":\"https:\/\/onlinelotto365.com\/cs\/\"},{\"@type\":\"ListItem\",\"position\":2,\"name\":\"Najd\u011bte v\u00fdhern\u00ed \u010d\u00edsla a v\u00fdsledky nejnov\u011bj\u0161\u00edch loteri\u00ed\",\"item\":\"https:\/\/onlinelotto365.com\/cs\/vyherni-cisla\/\"},{\"@type\":\"ListItem\",\"position\":3,\"name\":\"Powerball Austr\u00e1lie &#8211; nejnov\u011bj\u0161\u00ed a p\u0159edchoz\u00ed v\u00edt\u011bzn\u00e1 \u010d\u00edsla, v\u00fdsledky\"}]},{\"@type\":\"WebSite\",\"@id\":\"https:\/\/onlinelotto365.com\/cs\/#website\",\"url\":\"https:\/\/onlinelotto365.com\/cs\/\",\"name\":\"OnlineLotto365\",\"description\":\"\",\"potentialAction\":[{\"@type\":\"SearchAction\",\"target\":{\"@type\":\"EntryPoint\",\"urlTemplate\":\"https:\/\/onlinelotto365.com\/cs\/?s={search_term_string}\"},\"query-input\":{\"@type\":\"PropertyValueSpecification\",\"valueRequired\":true,\"valueName\":\"search_term_string\"}}],\"inLanguage\":\"cs\"}]}<\/script>\n<!-- \/ Yoast SEO plugin. -->","yoast_head_json":{"title":"Nejnov\u011bj\u0161\u00ed a minul\u00e9 v\u00fdsledky losov\u00e1n\u00ed a vylosovan\u00e1 \u010d\u00edsla pro Powerball Australia","description":"V\u00edt\u011bzn\u00e1 \u010d\u00edsla Powerball Australia zve\u0159ej\u0148ujeme ihned po losov\u00e1n\u00ed.","robots":{"index":"index","follow":"follow","max-snippet":"max-snippet:-1","max-image-preview":"max-image-preview:large","max-video-preview":"max-video-preview:-1"},"canonical":"https:\/\/onlinelotto365.com\/cs\/vyherni-cisla\/powerball-australia\/","og_locale":"cs_CZ","og_type":"article","og_title":"Nejnov\u011bj\u0161\u00ed a minul\u00e9 v\u00fdsledky losov\u00e1n\u00ed a vylosovan\u00e1 \u010d\u00edsla pro Powerball Australia","og_description":"V\u00edt\u011bzn\u00e1 \u010d\u00edsla Powerball Australia zve\u0159ej\u0148ujeme ihned po losov\u00e1n\u00ed.","og_url":"https:\/\/onlinelotto365.com\/cs\/vyherni-cisla\/powerball-australia\/","og_site_name":"OnlineLotto365","og_image":[{"url":"https:\/\/redfoxlotto.com\/image?size=8&amp;lottery=powerball-au"}],"twitter_card":"summary_large_image","twitter_misc":{"Odhadovan\u00e1 doba \u010dten\u00ed":"2 minuty"},"schema":{"@context":"https:\/\/schema.org","@graph":[{"@type":"WebPage","@id":"https:\/\/onlinelotto365.com\/cs\/vyherni-cisla\/powerball-australia\/","url":"https:\/\/onlinelotto365.com\/cs\/vyherni-cisla\/powerball-australia\/","name":"Nejnov\u011bj\u0161\u00ed a minul\u00e9 v\u00fdsledky losov\u00e1n\u00ed a vylosovan\u00e1 \u010d\u00edsla pro Powerball Australia","isPartOf":{"@id":"https:\/\/onlinelotto365.com\/cs\/#website"},"primaryImageOfPage":{"@id":"https:\/\/onlinelotto365.com\/cs\/vyherni-cisla\/powerball-australia\/#primaryimage"},"image":{"@id":"https:\/\/onlinelotto365.com\/cs\/vyherni-cisla\/powerball-australia\/#primaryimage"},"thumbnailUrl":"https:\/\/redfoxlotto.com\/image?size=8&amp;lottery=powerball-au","datePublished":"2022-11-23T12:08:19+00:00","dateModified":"2022-11-23T12:08:19+00:00","description":"V\u00edt\u011bzn\u00e1 \u010d\u00edsla Powerball Australia zve\u0159ej\u0148ujeme ihned po losov\u00e1n\u00ed.","breadcrumb":{"@id":"https:\/\/onlinelotto365.com\/cs\/vyherni-cisla\/powerball-australia\/#breadcrumb"},"inLanguage":"cs","potentialAction":[{"@type":"ReadAction","target":["https:\/\/onlinelotto365.com\/cs\/vyherni-cisla\/powerball-australia\/"]}]},{"@type":"ImageObject","inLanguage":"cs","@id":"https:\/\/onlinelotto365.com\/cs\/vyherni-cisla\/powerball-australia\/#primaryimage","url":"https:\/\/redfoxlotto.com\/image?size=8&amp;lottery=powerball-au","contentUrl":"https:\/\/redfoxlotto.com\/image?size=8&amp;lottery=powerball-au"},{"@type":"BreadcrumbList","@id":"https:\/\/onlinelotto365.com\/cs\/vyherni-cisla\/powerball-australia\/#breadcrumb","itemListElement":[{"@type":"ListItem","position":1,"name":"Home","item":"https:\/\/onlinelotto365.com\/cs\/"},{"@type":"ListItem","position":2,"name":"Najd\u011bte v\u00fdhern\u00ed \u010d\u00edsla a v\u00fdsledky nejnov\u011bj\u0161\u00edch loteri\u00ed","item":"https:\/\/onlinelotto365.com\/cs\/vyherni-cisla\/"},{"@type":"ListItem","position":3,"name":"Powerball Austr\u00e1lie &#8211; nejnov\u011bj\u0161\u00ed a p\u0159edchoz\u00ed v\u00edt\u011bzn\u00e1 \u010d\u00edsla, v\u00fdsledky"}]},{"@type":"WebSite","@id":"https:\/\/onlinelotto365.com\/cs\/#website","url":"https:\/\/onlinelotto365.com\/cs\/","name":"OnlineLotto365","description":"","potentialAction":[{"@type":"SearchAction","target":{"@type":"EntryPoint","urlTemplate":"https:\/\/onlinelotto365.com\/cs\/?s={search_term_string}"},"query-input":{"@type":"PropertyValueSpecification","valueRequired":true,"valueName":"search_term_string"}}],"inLanguage":"cs"}]}},"_links":{"self":[{"href":"https:\/\/onlinelotto365.com\/cs\/wp-json\/wp\/v2\/pages\/80889","targetHints":{"allow":["GET"]}}],"collection":[{"href":"https:\/\/onlinelotto365.com\/cs\/wp-json\/wp\/v2\/pages"}],"about":[{"href":"https:\/\/onlinelotto365.com\/cs\/wp-json\/wp\/v2\/types\/page"}],"author":[{"embeddable":true,"href":"https:\/\/onlinelotto365.com\/cs\/wp-json\/wp\/v2\/users\/1"}],"replies":[{"embeddable":true,"href":"https:\/\/onlinelotto365.com\/cs\/wp-json\/wp\/v2\/comments?post=80889"}],"version-history":[{"count":0,"href":"https:\/\/onlinelotto365.com\/cs\/wp-json\/wp\/v2\/pages\/80889\/revisions"}],"up":[{"embeddable":true,"href":"https:\/\/onlinelotto365.com\/cs\/wp-json\/wp\/v2\/pages\/5824"}],"wp:attachment":[{"href":"https:\/\/onlinelotto365.com\/cs\/wp-json\/wp\/v2\/media?parent=80889"}],"curies":[{"name":"wp","href":"https:\/\/api.w.org\/{rel}","templated":true}]}}