{"id":80921,"date":"2022-11-23T21:25:13","date_gmt":"2022-11-23T20:25:13","guid":{"rendered":"https:\/\/onlinelotto365.com\/?page_id=80921"},"modified":"2022-11-23T21:25:13","modified_gmt":"2022-11-23T20:25:13","slug":"oz-lotto","status":"publish","type":"page","link":"https:\/\/onlinelotto365.com\/cs\/vyherni-cisla\/oz-lotto\/","title":{"rendered":"V\u00edt\u011bzn\u00e1 \u010d\u00edsla z Oz Lotto"},"content":{"rendered":"<p>Na na\u0161ich webov\u00fdch str\u00e1nk\u00e1ch je k dispozici spousta mo\u017enost\u00ed mezin\u00e1rodn\u00ed loterie a p\u0159i hran\u00ed t\u011bchto her se chcete ujistit, \u017ee m\u00e1te mo\u017enost zkontrolovat vylosovan\u00e1 \u010d\u00edsla. Jedn\u00edm ze zp\u016fsob\u016f jsou noviny, ale naj\u00edt v\u00fdsledky programu Oz Lotto v novin\u00e1ch m\u016f\u017ee b\u00fdt obt\u00ed\u017en\u00e9. Dal\u0161\u00ed mo\u017enost\u00ed je televize, ale naj\u00edt spr\u00e1vn\u00fd kan\u00e1l, na kter\u00e9m byste mohli sledovat losov\u00e1n\u00ed nebo se pod\u00edvat na v\u00fdsledky, m\u016f\u017ee b\u00fdt pro v\u011bt\u0161inu lid\u00ed tak\u00e9 obt\u00ed\u017en\u00e1 situace.<br \/>\n<a href=\"https:\/\/redfoxlotto.com\/play\/oz-lotto\/?ref=a8564250a2&amp;medium=ol365\" target=\"_blank\" rel=\"noopener noreferrer\"><img decoding=\"async\" class=\"aligncenter\" src=\"https:\/\/redfoxlotto.com\/image?size=8&amp;lottery=oz-lotto\" alt=\"Oz Lotto\" \/><\/a><br \/>\nD\u00e1le se m\u016f\u017eete pod\u00edvat na ofici\u00e1ln\u00ed webov\u00e9 str\u00e1nky Oz Lotto a zjistit, zda tam m\u016f\u017eete z\u00edskat v\u00fdsledky. N\u011bkter\u00e9 hry v\u00e1m umo\u017en\u00ed sledovat losov\u00e1n\u00ed v p\u0159\u00edm\u00e9m p\u0159enosu na sv\u00fdch webov\u00fdch str\u00e1nk\u00e1ch. M\u011bjte v\u0161ak na pam\u011bti, \u017ee to nen\u00ed mo\u017en\u00e9 u v\u0161ech lotto her a m\u016f\u017ee se st\u00e1t, \u017ee o tuto mo\u017enost p\u0159ijdete.<\/p>\n<p>Po skon\u010den\u00ed losov\u00e1n\u00ed m\u016f\u017eete n\u011bkdy na YouTube vyhledat v\u00fdsledky posledn\u00edho losov\u00e1n\u00ed Oz Lotto. Ani ty nejsou v\u017edy k dispozici, ale ob\u010das n\u011bkdo zve\u0159ejn\u00ed video s \u017eiv\u00fdm losov\u00e1n\u00edm nebo \u010d\u00edsly.<\/p>\n<p>Nejlep\u0161\u00ed, co v\u0161ak m\u016f\u017eete ud\u011blat, pokud chcete z\u00edskat nejnov\u011bj\u0161\u00ed vylosovan\u00e1 \u010d\u00edsla, je pod\u00edvat se na na\u0161e webov\u00e9 str\u00e1nky a na str\u00e1nku s v\u00fdsledky loterie. Tam jsme um\u00edstili v\u00fdsledky ka\u017ed\u00e9 loterijn\u00ed hry, kterou si m\u016f\u017eete koupit na na\u0161ich webov\u00fdch str\u00e1nk\u00e1ch, abyste v\u011bd\u011bli, kde je hledat.<\/p>\n<h2>Jak zjistit, zda v\u00e1\u0161 online tiket vyhr\u00e1l?<\/h2>\n<p>Ti, kte\u0159\u00ed si zakoupili tikety do n\u011bkter\u00e9 z n\u00e1mi nab\u00edzen\u00fdch her, se mohou p\u0159ihl\u00e1sit ke sv\u00e9mu \u00fa\u010dtu a p\u0159ej\u00edt na str\u00e1nku, kde jsou va\u0161e tikety ulo\u017eeny. Na t\u00e9to str\u00e1nce z\u00edsk\u00e1te v\u0161echny pot\u0159ebn\u00e9 informace. Budete si moci prohl\u00e9dnout sv\u00e9 losy i vylosovan\u00e1 \u010d\u00edsla.<br \/>\nPokud budete m\u00edt \u0161t\u011bst\u00ed a n\u011bkter\u00e1 \u010d\u00edsla v\u00e1m padnou, uvid\u00edte na obrazovce tak\u00e9 zv\u00fdrazn\u011bn\u00e1 \u010d\u00edsla, kter\u00e1 se shoduj\u00ed. A m\u016f\u017eete zkontrolovat mno\u017estv\u00ed shodn\u00fdch \u010d\u00edsel a pr\u00e1v\u011b to, jakou cenu jste vyhr\u00e1li. Pokud je ni\u017e\u0161\u00ed ne\u017e 2500 \u20ac, m\u016f\u017eete se pod\u00edvat na sv\u016fj \u00fa\u010det a naj\u00edt ji p\u0159\u00edmo ve sv\u00e9m hr\u00e1\u010dsk\u00e9m \u00fa\u010dtu, jakmile budou v\u00fdsledky ov\u011b\u0159eny.<\/p>\n<h2>Archiv v\u00fdsledk\u016f programu Oz Lotto<\/h2>\n<p>Pro ty, kte\u0159\u00ed se cht\u011bj\u00ed pod\u00edvat na star\u0161\u00ed \u010d\u00edsla z Oz Lotto nebo jin\u00fdch loterijn\u00edch her, m\u016f\u017eete snadno naj\u00edt archiv propojen\u00fd s jakoukoli str\u00e1nkou, kde jsou zobrazena aktu\u00e1ln\u00ed \u010d\u00edsla. Snadn\u011bji tak najdete \u010d\u00edsla, kter\u00e1 hled\u00e1te a kter\u00e1 v\u00e1m pomohou s budouc\u00edmi tipy.<\/p>\n<h2>M\u016fj tiket vyhr\u00e1l, co bude n\u00e1sledovat?<\/h2>\n<p><img loading=\"lazy\" decoding=\"async\" class=\"alignright wp-image-3624\" src=\"https:\/\/onlinelotto365.com\/wp-content\/uploads\/2020\/11\/online_lottery-74-200x300.jpg\" alt=\"Oz lotto vylosovan\u00e1 \u010d\u00edsla\" width=\"123\" height=\"185\" srcset=\"https:\/\/onlinelotto365.com\/wp-content\/uploads\/2020\/11\/online_lottery-74-200x300.jpg 200w, https:\/\/onlinelotto365.com\/wp-content\/uploads\/2020\/11\/online_lottery-74.jpg 320w\" sizes=\"auto, (max-width: 123px) 100vw, 123px\" \/><br \/>\nJi\u017e jsme hovo\u0159ili o tom, jak m\u016f\u017eete svou v\u00fdhru z\u00edskat, pokud v\u00e1\u0161 tiket odpov\u00edd\u00e1 vylosovan\u00fdm \u010d\u00edsl\u016fm, ale poj\u010fme se na to pod\u00edvat tak\u00e9 trochu bl\u00ed\u017ee. Pokud m\u00e1te tiket v hodnot\u011b ni\u017e\u0161\u00ed ne\u017e 2500 \u20ac, pen\u00edze se v\u00e1m automaticky p\u0159ip\u00ed\u0161\u00ed na \u00fa\u010det, jakmile budou v\u00fdhern\u00ed \u010d\u00edsla ov\u011b\u0159ena.<\/p>\n<p>Pokud pak m\u00e1te na \u00fa\u010dtu alespo\u0148 10 \u20ac, m\u016f\u017eete si tyto pen\u00edze vybrat jakoukoli platebn\u00ed metodou, kterou jste ji\u017e na sv\u00e9m \u00fa\u010dtu pou\u017eili. Sta\u010d\u00ed vyplnit n\u011bkolik formul\u00e1\u0159\u016f pro ov\u011b\u0159en\u00ed va\u0161\u00ed toto\u017enosti a pen\u00edze budete m\u00edt na \u00fa\u010dtu b\u011bhem chvilky. Nebo je m\u016f\u017eete nechat tam, kde jsou, a pozd\u011bji je pou\u017e\u00edt na n\u00e1kup je\u0161t\u011b v\u00edce vstupenek.<\/p>\n","protected":false},"excerpt":{"rendered":"<p>Na na\u0161ich webov\u00fdch str\u00e1nk\u00e1ch je k dispozici spousta mo\u017enost\u00ed mezin\u00e1rodn\u00ed loterie a p\u0159i hran\u00ed t\u011bchto her se chcete ujistit, \u017ee m\u00e1te mo\u017enost zkontrolovat vylosovan\u00e1 \u010d\u00edsla. Jedn\u00edm ze zp\u016fsob\u016f jsou noviny, ale naj\u00edt v\u00fdsledky programu Oz Lotto v novin\u00e1ch m\u016f\u017ee b\u00fdt obt\u00ed\u017en\u00e9. Dal\u0161\u00ed mo\u017enost\u00ed je televize, ale naj\u00edt spr\u00e1vn\u00fd kan\u00e1l, na kter\u00e9m byste mohli sledovat losov\u00e1n\u00ed [&hellip;]<\/p>\n","protected":false},"author":1,"featured_media":0,"parent":5824,"menu_order":14,"comment_status":"closed","ping_status":"closed","template":"template-rightsidebar.php","meta":{"_et_pb_use_builder":"","_et_pb_old_content":"","_et_gb_content_width":"","exclude_from_search":false,"footnotes":""},"class_list":["post-80921","page","type-page","status-publish","hentry"],"yoast_head":"<!-- This site is optimized with the Yoast SEO plugin v23.4 - https:\/\/yoast.com\/wordpress\/plugins\/seo\/ -->\n<title>Oz Lotto \u010derpat v\u00fdsledky a ceny<\/title>\n<meta name=\"description\" content=\"Hled\u00e1te v\u00fdsledky losov\u00e1n\u00ed programu Oz Lotto? Zde jsou v\u00fdhern\u00ed \u010d\u00edsla\" \/>\n<meta name=\"robots\" content=\"index, follow, max-snippet:-1, max-image-preview:large, max-video-preview:-1\" \/>\n<link rel=\"canonical\" href=\"https:\/\/onlinelotto365.com\/cs\/vyherni-cisla\/oz-lotto\/\" \/>\n<meta property=\"og:locale\" content=\"cs_CZ\" \/>\n<meta property=\"og:type\" content=\"article\" \/>\n<meta property=\"og:title\" content=\"Oz Lotto \u010derpat v\u00fdsledky a ceny\" \/>\n<meta property=\"og:description\" content=\"Hled\u00e1te v\u00fdsledky losov\u00e1n\u00ed programu Oz Lotto? Zde jsou v\u00fdhern\u00ed \u010d\u00edsla\" \/>\n<meta property=\"og:url\" content=\"https:\/\/onlinelotto365.com\/cs\/vyherni-cisla\/oz-lotto\/\" \/>\n<meta property=\"og:site_name\" content=\"OnlineLotto365\" \/>\n<meta property=\"og:image\" content=\"https:\/\/redfoxlotto.com\/image?size=8&amp;lottery=oz-lotto\" \/>\n<meta name=\"twitter:card\" content=\"summary_large_image\" \/>\n<meta name=\"twitter:label1\" content=\"Odhadovan\u00e1 doba \u010dten\u00ed\" \/>\n\t<meta name=\"twitter:data1\" content=\"3 minuty\" \/>\n<script type=\"application\/ld+json\" class=\"yoast-schema-graph\">{\"@context\":\"https:\/\/schema.org\",\"@graph\":[{\"@type\":\"WebPage\",\"@id\":\"https:\/\/onlinelotto365.com\/cs\/vyherni-cisla\/oz-lotto\/\",\"url\":\"https:\/\/onlinelotto365.com\/cs\/vyherni-cisla\/oz-lotto\/\",\"name\":\"Oz Lotto \u010derpat v\u00fdsledky a ceny\",\"isPartOf\":{\"@id\":\"https:\/\/onlinelotto365.com\/cs\/#website\"},\"primaryImageOfPage\":{\"@id\":\"https:\/\/onlinelotto365.com\/cs\/vyherni-cisla\/oz-lotto\/#primaryimage\"},\"image\":{\"@id\":\"https:\/\/onlinelotto365.com\/cs\/vyherni-cisla\/oz-lotto\/#primaryimage\"},\"thumbnailUrl\":\"https:\/\/redfoxlotto.com\/image?size=8&amp;lottery=oz-lotto\",\"datePublished\":\"2022-11-23T20:25:13+00:00\",\"dateModified\":\"2022-11-23T20:25:13+00:00\",\"description\":\"Hled\u00e1te v\u00fdsledky losov\u00e1n\u00ed programu Oz Lotto? Zde jsou v\u00fdhern\u00ed \u010d\u00edsla\",\"breadcrumb\":{\"@id\":\"https:\/\/onlinelotto365.com\/cs\/vyherni-cisla\/oz-lotto\/#breadcrumb\"},\"inLanguage\":\"cs\",\"potentialAction\":[{\"@type\":\"ReadAction\",\"target\":[\"https:\/\/onlinelotto365.com\/cs\/vyherni-cisla\/oz-lotto\/\"]}]},{\"@type\":\"ImageObject\",\"inLanguage\":\"cs\",\"@id\":\"https:\/\/onlinelotto365.com\/cs\/vyherni-cisla\/oz-lotto\/#primaryimage\",\"url\":\"https:\/\/redfoxlotto.com\/image?size=8&amp;lottery=oz-lotto\",\"contentUrl\":\"https:\/\/redfoxlotto.com\/image?size=8&amp;lottery=oz-lotto\"},{\"@type\":\"BreadcrumbList\",\"@id\":\"https:\/\/onlinelotto365.com\/cs\/vyherni-cisla\/oz-lotto\/#breadcrumb\",\"itemListElement\":[{\"@type\":\"ListItem\",\"position\":1,\"name\":\"Home\",\"item\":\"https:\/\/onlinelotto365.com\/cs\/\"},{\"@type\":\"ListItem\",\"position\":2,\"name\":\"Najd\u011bte v\u00fdhern\u00ed \u010d\u00edsla a v\u00fdsledky nejnov\u011bj\u0161\u00edch loteri\u00ed\",\"item\":\"https:\/\/onlinelotto365.com\/cs\/vyherni-cisla\/\"},{\"@type\":\"ListItem\",\"position\":3,\"name\":\"V\u00edt\u011bzn\u00e1 \u010d\u00edsla z Oz Lotto\"}]},{\"@type\":\"WebSite\",\"@id\":\"https:\/\/onlinelotto365.com\/cs\/#website\",\"url\":\"https:\/\/onlinelotto365.com\/cs\/\",\"name\":\"OnlineLotto365\",\"description\":\"\",\"potentialAction\":[{\"@type\":\"SearchAction\",\"target\":{\"@type\":\"EntryPoint\",\"urlTemplate\":\"https:\/\/onlinelotto365.com\/cs\/?s={search_term_string}\"},\"query-input\":{\"@type\":\"PropertyValueSpecification\",\"valueRequired\":true,\"valueName\":\"search_term_string\"}}],\"inLanguage\":\"cs\"}]}<\/script>\n<!-- \/ Yoast SEO plugin. -->","yoast_head_json":{"title":"Oz Lotto \u010derpat v\u00fdsledky a ceny","description":"Hled\u00e1te v\u00fdsledky losov\u00e1n\u00ed programu Oz Lotto? Zde jsou v\u00fdhern\u00ed \u010d\u00edsla","robots":{"index":"index","follow":"follow","max-snippet":"max-snippet:-1","max-image-preview":"max-image-preview:large","max-video-preview":"max-video-preview:-1"},"canonical":"https:\/\/onlinelotto365.com\/cs\/vyherni-cisla\/oz-lotto\/","og_locale":"cs_CZ","og_type":"article","og_title":"Oz Lotto \u010derpat v\u00fdsledky a ceny","og_description":"Hled\u00e1te v\u00fdsledky losov\u00e1n\u00ed programu Oz Lotto? Zde jsou v\u00fdhern\u00ed \u010d\u00edsla","og_url":"https:\/\/onlinelotto365.com\/cs\/vyherni-cisla\/oz-lotto\/","og_site_name":"OnlineLotto365","og_image":[{"url":"https:\/\/redfoxlotto.com\/image?size=8&amp;lottery=oz-lotto"}],"twitter_card":"summary_large_image","twitter_misc":{"Odhadovan\u00e1 doba \u010dten\u00ed":"3 minuty"},"schema":{"@context":"https:\/\/schema.org","@graph":[{"@type":"WebPage","@id":"https:\/\/onlinelotto365.com\/cs\/vyherni-cisla\/oz-lotto\/","url":"https:\/\/onlinelotto365.com\/cs\/vyherni-cisla\/oz-lotto\/","name":"Oz Lotto \u010derpat v\u00fdsledky a ceny","isPartOf":{"@id":"https:\/\/onlinelotto365.com\/cs\/#website"},"primaryImageOfPage":{"@id":"https:\/\/onlinelotto365.com\/cs\/vyherni-cisla\/oz-lotto\/#primaryimage"},"image":{"@id":"https:\/\/onlinelotto365.com\/cs\/vyherni-cisla\/oz-lotto\/#primaryimage"},"thumbnailUrl":"https:\/\/redfoxlotto.com\/image?size=8&amp;lottery=oz-lotto","datePublished":"2022-11-23T20:25:13+00:00","dateModified":"2022-11-23T20:25:13+00:00","description":"Hled\u00e1te v\u00fdsledky losov\u00e1n\u00ed programu Oz Lotto? Zde jsou v\u00fdhern\u00ed \u010d\u00edsla","breadcrumb":{"@id":"https:\/\/onlinelotto365.com\/cs\/vyherni-cisla\/oz-lotto\/#breadcrumb"},"inLanguage":"cs","potentialAction":[{"@type":"ReadAction","target":["https:\/\/onlinelotto365.com\/cs\/vyherni-cisla\/oz-lotto\/"]}]},{"@type":"ImageObject","inLanguage":"cs","@id":"https:\/\/onlinelotto365.com\/cs\/vyherni-cisla\/oz-lotto\/#primaryimage","url":"https:\/\/redfoxlotto.com\/image?size=8&amp;lottery=oz-lotto","contentUrl":"https:\/\/redfoxlotto.com\/image?size=8&amp;lottery=oz-lotto"},{"@type":"BreadcrumbList","@id":"https:\/\/onlinelotto365.com\/cs\/vyherni-cisla\/oz-lotto\/#breadcrumb","itemListElement":[{"@type":"ListItem","position":1,"name":"Home","item":"https:\/\/onlinelotto365.com\/cs\/"},{"@type":"ListItem","position":2,"name":"Najd\u011bte v\u00fdhern\u00ed \u010d\u00edsla a v\u00fdsledky nejnov\u011bj\u0161\u00edch loteri\u00ed","item":"https:\/\/onlinelotto365.com\/cs\/vyherni-cisla\/"},{"@type":"ListItem","position":3,"name":"V\u00edt\u011bzn\u00e1 \u010d\u00edsla z Oz Lotto"}]},{"@type":"WebSite","@id":"https:\/\/onlinelotto365.com\/cs\/#website","url":"https:\/\/onlinelotto365.com\/cs\/","name":"OnlineLotto365","description":"","potentialAction":[{"@type":"SearchAction","target":{"@type":"EntryPoint","urlTemplate":"https:\/\/onlinelotto365.com\/cs\/?s={search_term_string}"},"query-input":{"@type":"PropertyValueSpecification","valueRequired":true,"valueName":"search_term_string"}}],"inLanguage":"cs"}]}},"_links":{"self":[{"href":"https:\/\/onlinelotto365.com\/cs\/wp-json\/wp\/v2\/pages\/80921","targetHints":{"allow":["GET"]}}],"collection":[{"href":"https:\/\/onlinelotto365.com\/cs\/wp-json\/wp\/v2\/pages"}],"about":[{"href":"https:\/\/onlinelotto365.com\/cs\/wp-json\/wp\/v2\/types\/page"}],"author":[{"embeddable":true,"href":"https:\/\/onlinelotto365.com\/cs\/wp-json\/wp\/v2\/users\/1"}],"replies":[{"embeddable":true,"href":"https:\/\/onlinelotto365.com\/cs\/wp-json\/wp\/v2\/comments?post=80921"}],"version-history":[{"count":0,"href":"https:\/\/onlinelotto365.com\/cs\/wp-json\/wp\/v2\/pages\/80921\/revisions"}],"up":[{"embeddable":true,"href":"https:\/\/onlinelotto365.com\/cs\/wp-json\/wp\/v2\/pages\/5824"}],"wp:attachment":[{"href":"https:\/\/onlinelotto365.com\/cs\/wp-json\/wp\/v2\/media?parent=80921"}],"curies":[{"name":"wp","href":"https:\/\/api.w.org\/{rel}","templated":true}]}}