{"id":80954,"date":"2022-11-23T22:36:08","date_gmt":"2022-11-23T21:36:08","guid":{"rendered":"https:\/\/onlinelotto365.com\/?page_id=80954"},"modified":"2022-11-23T22:36:08","modified_gmt":"2022-11-23T21:36:08","slug":"saturday-lotto-australia","status":"publish","type":"page","link":"https:\/\/onlinelotto365.com\/cs\/vyherni-cisla\/saturday-lotto-australia\/","title":{"rendered":"Zkontrolujte v\u00edt\u011bzn\u00e1 \u010d\u00edsla a \u010d\u00e1stky pro sobotu Lotto Austr\u00e1lie"},"content":{"rendered":"<p>Na na\u0161ich webov\u00fdch str\u00e1nk\u00e1ch je k dispozici spousta r\u016fzn\u00fdch mezin\u00e1rodn\u00edch her a my v\u00edme, \u017ee chcete m\u00edt mo\u017enost z\u00edskat v\u00fdhern\u00ed \u010d\u00edsla co nejrychleji. Noviny obecn\u011b nejsou dobr\u00fdm m\u00edstem pro hled\u00e1n\u00ed v\u00fdhern\u00edch \u010d\u00edsel pro sobotn\u00ed Lotto Austr\u00e1lie. Tak\u00e9 nen\u00ed p\u0159\u00edli\u0161 dobr\u00e9 d\u00edvat se na televizn\u00ed kan\u00e1ly a doufat, \u017ee najdete ta spr\u00e1vn\u00e1 pro tuto hru. Kam se tedy obr\u00e1tit, abyste z\u00edskali v\u00fdsledky?<br \/>\n<a href=\"https:\/\/redfoxlotto.com\/play\/saturday-lotto-au\/?ref=a8564250a2&amp;medium=ol365\" target=\"_blank\" rel=\"noopener noreferrer\"><img decoding=\"async\" class=\"aligncenter\" src=\"https:\/\/redfoxlotto.com\/image?size=8&amp;lottery=saturday-lotto-au\" alt=\"Sobota Lotto Austr\u00e1lie \" \/><\/a><\/p>\n<p>Jedn\u00edm z m\u00edst, kam se m\u016f\u017eete pod\u00edvat, jsou webov\u00e9 str\u00e1nky loterie. N\u011bkter\u00e9 loterijn\u00ed hry nab\u00edzej\u00ed \u017eiv\u00e9 p\u0159enosy sv\u00fdch losov\u00e1n\u00ed, ale Saturday Lotto Australia mezi n\u011b pat\u0159it nemus\u00ed. Pro jistotu se mus\u00edte pod\u00edvat na webov\u00e9 str\u00e1nky a pak se mus\u00edte ujistit, \u017ee se d\u00edv\u00e1te ve spr\u00e1vn\u00fd \u010das, pokud nab\u00edzej\u00ed losov\u00e1n\u00ed \u017eiv\u011b.<br \/>\nA kone\u010dn\u011b, pokud ji\u017e losov\u00e1n\u00ed prob\u011bhlo, m\u016f\u017eete si na YouTube vyhledat v\u00fdsledky, kter\u00e9 ji\u017e n\u011bkdo zve\u0159ejnil. Mo\u017en\u00e1 maj\u00ed k dispozici video z \u017eiv\u00e9ho losov\u00e1n\u00ed, kter\u00e9 si m\u016f\u017eete pustit.<\/p>\n<p>Nejjednodu\u0161\u0161\u00ed zp\u016fsob, jak z\u00edskat v\u00fdsledky, kter\u00e9 hled\u00e1te, je v\u0161ak vr\u00e1tit se p\u0159\u00edmo na na\u0161e webov\u00e9 str\u00e1nky. Tam najdete v\u0161echna \u010d\u00edsla sobotn\u00edho losov\u00e1n\u00ed Lotto Australia i v\u0161ech dal\u0161\u00edch her, kter\u00e9 si chcete zahr\u00e1t. \u010c\u00edsla jsou k dispozici na na\u0161\u00ed str\u00e1nce s v\u00fdsledky loterie a snadno je najdete.<\/p>\n<h2>Jak zjistit, zda v\u00e1\u0161 online tiket vyhr\u00e1l?<\/h2>\n<p>Ka\u017ed\u00fd, kdo si ji\u017e na na\u0161ich webov\u00fdch str\u00e1nk\u00e1ch zakoupil tikety Saturday Lotto Australia, to bude m\u00edt je\u0161t\u011b jednodu\u0161\u0161\u00ed, proto\u017ee sta\u010d\u00ed vstoupit do sv\u00e9ho \u00fa\u010dtu. P\u0159ihlaste se a pod\u00edvejte se na str\u00e1nku, kde jsou va\u0161e tikety ulo\u017eeny. Najdete tam nejen \u010d\u00edsla sv\u00fdch tiket\u016f, ale tak\u00e9 v\u00fdhern\u00ed \u010d\u00edsla v\u0161ech her, kter\u00e9 jste hr\u00e1li.<\/p>\n<p>Odtud m\u016f\u017eete hledat shody, kter\u00e9 pro v\u00e1s ozna\u010d\u00edme r\u016fzn\u00fdmi barvami. D\u00edky tomu uvid\u00edte, kolik jste vyhr\u00e1li, a budete m\u00edt p\u0159ehled o tom, kde se pen\u00edze na va\u0161em \u00fa\u010dtu nach\u00e1zej\u00ed. Pokud je to m\u00e9n\u011b ne\u017e 2500 \u20ac, u\u017e je za v\u00e1s rovnou vlo\u017e\u00edme na \u00fa\u010det, tak\u017ee nemus\u00edte nic d\u011blat.<\/p>\n<h2>Archiv v\u00fdsledk\u016f Saturday Lotto Australia<\/h2>\n<p>Pro ty, kte\u0159\u00ed se cht\u011bj\u00ed pod\u00edvat na star\u0161\u00ed \u010d\u00edsla Saturday Lotto Australia, se nemus\u00edte o nic starat. Db\u00e1me na to, abyste archivy snadno na\u0161li, a to tak, \u017ee je p\u0159ipojujeme ke ka\u017ed\u00e9 str\u00e1nce, kde zobrazujeme aktu\u00e1ln\u00ed v\u00fdsledky loterie. M\u016f\u017eete si tak zkontrolovat libovoln\u00e1 \u010d\u00edsla, kter\u00e1 chcete, a to i z doby d\u00e1vno minul\u00e9.<\/p>\n<h2>M\u016fj tiket vyhr\u00e1l, co bude n\u00e1sledovat?<\/h2>\n<p><img loading=\"lazy\" decoding=\"async\" class=\"alignright wp-image-3649\" src=\"https:\/\/onlinelotto365.com\/wp-content\/uploads\/2020\/11\/online_lottery-90-300x225.jpg\" alt=\"vylosovan\u00e1 \u010d\u00edsla sobotn\u00ed lotto australia\" width=\"207\" height=\"155\" srcset=\"https:\/\/onlinelotto365.com\/wp-content\/uploads\/2020\/11\/online_lottery-90-300x225.jpg 300w, https:\/\/onlinelotto365.com\/wp-content\/uploads\/2020\/11\/online_lottery-90.jpg 320w\" sizes=\"auto, (max-width: 207px) 100vw, 207px\" \/><br \/>\nO v\u00fdhr\u00e1ch, kter\u00e9 m\u016f\u017eete z\u00edskat z los\u016f, jsme ji\u017e hovo\u0159ili. Pokud jsou tyto v\u00fdhry ni\u017e\u0161\u00ed ne\u017e 2500 eur, nemus\u00edte pro jejich z\u00edsk\u00e1n\u00ed nic d\u011blat. Pen\u00edze v\u00e1m ihned p\u0159evedeme na v\u00e1\u0161 hr\u00e1\u010dsk\u00fd \u00fa\u010det. Pokud jsou v\u00fdhry vy\u0161\u0161\u00ed ne\u017e 2500 \u20ac, pom\u016f\u017eeme v\u00e1m s procesem jejich vyzvednut\u00ed.<\/p>\n<p>M\u011bjte tak\u00e9 na pam\u011bti, \u017ee si m\u016f\u017eete vybrat jak\u00e9koliv pen\u00edze na sv\u00e9m \u00fa\u010dtu, pokud na n\u011bm bude alespo\u0148 10 \u20ac. Sta\u010d\u00ed si jen vybrat platebn\u00ed metodu, kterou jste na \u00fa\u010dtu pou\u017eili ji\u017e d\u0159\u00edve, a vyplnit n\u011bkolik ov\u011b\u0159ovac\u00edch formul\u00e1\u0159\u016f pro na\u0161eho zpracovatele plateb.<\/p>\n","protected":false},"excerpt":{"rendered":"<p>Na na\u0161ich webov\u00fdch str\u00e1nk\u00e1ch je k dispozici spousta r\u016fzn\u00fdch mezin\u00e1rodn\u00edch her a my v\u00edme, \u017ee chcete m\u00edt mo\u017enost z\u00edskat v\u00fdhern\u00ed \u010d\u00edsla co nejrychleji. Noviny obecn\u011b nejsou dobr\u00fdm m\u00edstem pro hled\u00e1n\u00ed v\u00fdhern\u00edch \u010d\u00edsel pro sobotn\u00ed Lotto Austr\u00e1lie. Tak\u00e9 nen\u00ed p\u0159\u00edli\u0161 dobr\u00e9 d\u00edvat se na televizn\u00ed kan\u00e1ly a doufat, \u017ee najdete ta spr\u00e1vn\u00e1 pro tuto hru. Kam [&hellip;]<\/p>\n","protected":false},"author":1,"featured_media":0,"parent":5824,"menu_order":15,"comment_status":"closed","ping_status":"closed","template":"saturday-lotto-results.php","meta":{"_et_pb_use_builder":"","_et_pb_old_content":"","_et_gb_content_width":"","exclude_from_search":false,"footnotes":""},"class_list":["post-80954","page","type-page","status-publish","hentry"],"yoast_head":"<!-- This site is optimized with the Yoast SEO plugin v23.4 - https:\/\/yoast.com\/wordpress\/plugins\/seo\/ -->\n<title>Zkontrolujte v\u00edt\u011bzn\u00e1 \u010d\u00edsla a \u010d\u00e1stky pro Saturday Lotto Austr\u00e1lie<\/title>\n<meta name=\"description\" content=\"V\u00fdsledky losov\u00e1n\u00ed, vylosovan\u00e1 \u010d\u00edsla Saturday lotto Austr\u00e1lie a archiv v\u00fdsledk\u016f.\" \/>\n<meta name=\"robots\" content=\"index, follow, max-snippet:-1, max-image-preview:large, max-video-preview:-1\" \/>\n<link rel=\"canonical\" href=\"https:\/\/onlinelotto365.com\/cs\/vyherni-cisla\/saturday-lotto-australia\/\" \/>\n<meta property=\"og:locale\" content=\"cs_CZ\" \/>\n<meta property=\"og:type\" content=\"article\" \/>\n<meta property=\"og:title\" content=\"Zkontrolujte v\u00edt\u011bzn\u00e1 \u010d\u00edsla a \u010d\u00e1stky pro Saturday Lotto Austr\u00e1lie\" \/>\n<meta property=\"og:description\" content=\"V\u00fdsledky losov\u00e1n\u00ed, vylosovan\u00e1 \u010d\u00edsla Saturday lotto Austr\u00e1lie a archiv v\u00fdsledk\u016f.\" \/>\n<meta property=\"og:url\" content=\"https:\/\/onlinelotto365.com\/cs\/vyherni-cisla\/saturday-lotto-australia\/\" \/>\n<meta property=\"og:site_name\" content=\"OnlineLotto365\" \/>\n<meta property=\"og:image\" content=\"https:\/\/redfoxlotto.com\/image?size=8&amp;lottery=saturday-lotto-au\" \/>\n<meta name=\"twitter:card\" content=\"summary_large_image\" \/>\n<meta name=\"twitter:label1\" content=\"Odhadovan\u00e1 doba \u010dten\u00ed\" \/>\n\t<meta name=\"twitter:data1\" content=\"3 minuty\" \/>\n<script type=\"application\/ld+json\" class=\"yoast-schema-graph\">{\"@context\":\"https:\/\/schema.org\",\"@graph\":[{\"@type\":\"WebPage\",\"@id\":\"https:\/\/onlinelotto365.com\/cs\/vyherni-cisla\/saturday-lotto-australia\/\",\"url\":\"https:\/\/onlinelotto365.com\/cs\/vyherni-cisla\/saturday-lotto-australia\/\",\"name\":\"Zkontrolujte v\u00edt\u011bzn\u00e1 \u010d\u00edsla a \u010d\u00e1stky pro Saturday Lotto Austr\u00e1lie\",\"isPartOf\":{\"@id\":\"https:\/\/onlinelotto365.com\/cs\/#website\"},\"primaryImageOfPage\":{\"@id\":\"https:\/\/onlinelotto365.com\/cs\/vyherni-cisla\/saturday-lotto-australia\/#primaryimage\"},\"image\":{\"@id\":\"https:\/\/onlinelotto365.com\/cs\/vyherni-cisla\/saturday-lotto-australia\/#primaryimage\"},\"thumbnailUrl\":\"https:\/\/redfoxlotto.com\/image?size=8&amp;lottery=saturday-lotto-au\",\"datePublished\":\"2022-11-23T21:36:08+00:00\",\"dateModified\":\"2022-11-23T21:36:08+00:00\",\"description\":\"V\u00fdsledky losov\u00e1n\u00ed, vylosovan\u00e1 \u010d\u00edsla Saturday lotto Austr\u00e1lie a archiv v\u00fdsledk\u016f.\",\"breadcrumb\":{\"@id\":\"https:\/\/onlinelotto365.com\/cs\/vyherni-cisla\/saturday-lotto-australia\/#breadcrumb\"},\"inLanguage\":\"cs\",\"potentialAction\":[{\"@type\":\"ReadAction\",\"target\":[\"https:\/\/onlinelotto365.com\/cs\/vyherni-cisla\/saturday-lotto-australia\/\"]}]},{\"@type\":\"ImageObject\",\"inLanguage\":\"cs\",\"@id\":\"https:\/\/onlinelotto365.com\/cs\/vyherni-cisla\/saturday-lotto-australia\/#primaryimage\",\"url\":\"https:\/\/redfoxlotto.com\/image?size=8&amp;lottery=saturday-lotto-au\",\"contentUrl\":\"https:\/\/redfoxlotto.com\/image?size=8&amp;lottery=saturday-lotto-au\"},{\"@type\":\"BreadcrumbList\",\"@id\":\"https:\/\/onlinelotto365.com\/cs\/vyherni-cisla\/saturday-lotto-australia\/#breadcrumb\",\"itemListElement\":[{\"@type\":\"ListItem\",\"position\":1,\"name\":\"Home\",\"item\":\"https:\/\/onlinelotto365.com\/cs\/\"},{\"@type\":\"ListItem\",\"position\":2,\"name\":\"Najd\u011bte v\u00fdhern\u00ed \u010d\u00edsla a v\u00fdsledky nejnov\u011bj\u0161\u00edch loteri\u00ed\",\"item\":\"https:\/\/onlinelotto365.com\/cs\/vyherni-cisla\/\"},{\"@type\":\"ListItem\",\"position\":3,\"name\":\"Zkontrolujte v\u00edt\u011bzn\u00e1 \u010d\u00edsla a \u010d\u00e1stky pro sobotu Lotto Austr\u00e1lie\"}]},{\"@type\":\"WebSite\",\"@id\":\"https:\/\/onlinelotto365.com\/cs\/#website\",\"url\":\"https:\/\/onlinelotto365.com\/cs\/\",\"name\":\"OnlineLotto365\",\"description\":\"\",\"potentialAction\":[{\"@type\":\"SearchAction\",\"target\":{\"@type\":\"EntryPoint\",\"urlTemplate\":\"https:\/\/onlinelotto365.com\/cs\/?s={search_term_string}\"},\"query-input\":{\"@type\":\"PropertyValueSpecification\",\"valueRequired\":true,\"valueName\":\"search_term_string\"}}],\"inLanguage\":\"cs\"}]}<\/script>\n<!-- \/ Yoast SEO plugin. -->","yoast_head_json":{"title":"Zkontrolujte v\u00edt\u011bzn\u00e1 \u010d\u00edsla a \u010d\u00e1stky pro Saturday Lotto Austr\u00e1lie","description":"V\u00fdsledky losov\u00e1n\u00ed, vylosovan\u00e1 \u010d\u00edsla Saturday lotto Austr\u00e1lie a archiv v\u00fdsledk\u016f.","robots":{"index":"index","follow":"follow","max-snippet":"max-snippet:-1","max-image-preview":"max-image-preview:large","max-video-preview":"max-video-preview:-1"},"canonical":"https:\/\/onlinelotto365.com\/cs\/vyherni-cisla\/saturday-lotto-australia\/","og_locale":"cs_CZ","og_type":"article","og_title":"Zkontrolujte v\u00edt\u011bzn\u00e1 \u010d\u00edsla a \u010d\u00e1stky pro Saturday Lotto Austr\u00e1lie","og_description":"V\u00fdsledky losov\u00e1n\u00ed, vylosovan\u00e1 \u010d\u00edsla Saturday lotto Austr\u00e1lie a archiv v\u00fdsledk\u016f.","og_url":"https:\/\/onlinelotto365.com\/cs\/vyherni-cisla\/saturday-lotto-australia\/","og_site_name":"OnlineLotto365","og_image":[{"url":"https:\/\/redfoxlotto.com\/image?size=8&amp;lottery=saturday-lotto-au"}],"twitter_card":"summary_large_image","twitter_misc":{"Odhadovan\u00e1 doba \u010dten\u00ed":"3 minuty"},"schema":{"@context":"https:\/\/schema.org","@graph":[{"@type":"WebPage","@id":"https:\/\/onlinelotto365.com\/cs\/vyherni-cisla\/saturday-lotto-australia\/","url":"https:\/\/onlinelotto365.com\/cs\/vyherni-cisla\/saturday-lotto-australia\/","name":"Zkontrolujte v\u00edt\u011bzn\u00e1 \u010d\u00edsla a \u010d\u00e1stky pro Saturday Lotto Austr\u00e1lie","isPartOf":{"@id":"https:\/\/onlinelotto365.com\/cs\/#website"},"primaryImageOfPage":{"@id":"https:\/\/onlinelotto365.com\/cs\/vyherni-cisla\/saturday-lotto-australia\/#primaryimage"},"image":{"@id":"https:\/\/onlinelotto365.com\/cs\/vyherni-cisla\/saturday-lotto-australia\/#primaryimage"},"thumbnailUrl":"https:\/\/redfoxlotto.com\/image?size=8&amp;lottery=saturday-lotto-au","datePublished":"2022-11-23T21:36:08+00:00","dateModified":"2022-11-23T21:36:08+00:00","description":"V\u00fdsledky losov\u00e1n\u00ed, vylosovan\u00e1 \u010d\u00edsla Saturday lotto Austr\u00e1lie a archiv v\u00fdsledk\u016f.","breadcrumb":{"@id":"https:\/\/onlinelotto365.com\/cs\/vyherni-cisla\/saturday-lotto-australia\/#breadcrumb"},"inLanguage":"cs","potentialAction":[{"@type":"ReadAction","target":["https:\/\/onlinelotto365.com\/cs\/vyherni-cisla\/saturday-lotto-australia\/"]}]},{"@type":"ImageObject","inLanguage":"cs","@id":"https:\/\/onlinelotto365.com\/cs\/vyherni-cisla\/saturday-lotto-australia\/#primaryimage","url":"https:\/\/redfoxlotto.com\/image?size=8&amp;lottery=saturday-lotto-au","contentUrl":"https:\/\/redfoxlotto.com\/image?size=8&amp;lottery=saturday-lotto-au"},{"@type":"BreadcrumbList","@id":"https:\/\/onlinelotto365.com\/cs\/vyherni-cisla\/saturday-lotto-australia\/#breadcrumb","itemListElement":[{"@type":"ListItem","position":1,"name":"Home","item":"https:\/\/onlinelotto365.com\/cs\/"},{"@type":"ListItem","position":2,"name":"Najd\u011bte v\u00fdhern\u00ed \u010d\u00edsla a v\u00fdsledky nejnov\u011bj\u0161\u00edch loteri\u00ed","item":"https:\/\/onlinelotto365.com\/cs\/vyherni-cisla\/"},{"@type":"ListItem","position":3,"name":"Zkontrolujte v\u00edt\u011bzn\u00e1 \u010d\u00edsla a \u010d\u00e1stky pro sobotu Lotto Austr\u00e1lie"}]},{"@type":"WebSite","@id":"https:\/\/onlinelotto365.com\/cs\/#website","url":"https:\/\/onlinelotto365.com\/cs\/","name":"OnlineLotto365","description":"","potentialAction":[{"@type":"SearchAction","target":{"@type":"EntryPoint","urlTemplate":"https:\/\/onlinelotto365.com\/cs\/?s={search_term_string}"},"query-input":{"@type":"PropertyValueSpecification","valueRequired":true,"valueName":"search_term_string"}}],"inLanguage":"cs"}]}},"_links":{"self":[{"href":"https:\/\/onlinelotto365.com\/cs\/wp-json\/wp\/v2\/pages\/80954","targetHints":{"allow":["GET"]}}],"collection":[{"href":"https:\/\/onlinelotto365.com\/cs\/wp-json\/wp\/v2\/pages"}],"about":[{"href":"https:\/\/onlinelotto365.com\/cs\/wp-json\/wp\/v2\/types\/page"}],"author":[{"embeddable":true,"href":"https:\/\/onlinelotto365.com\/cs\/wp-json\/wp\/v2\/users\/1"}],"replies":[{"embeddable":true,"href":"https:\/\/onlinelotto365.com\/cs\/wp-json\/wp\/v2\/comments?post=80954"}],"version-history":[{"count":0,"href":"https:\/\/onlinelotto365.com\/cs\/wp-json\/wp\/v2\/pages\/80954\/revisions"}],"up":[{"embeddable":true,"href":"https:\/\/onlinelotto365.com\/cs\/wp-json\/wp\/v2\/pages\/5824"}],"wp:attachment":[{"href":"https:\/\/onlinelotto365.com\/cs\/wp-json\/wp\/v2\/media?parent=80954"}],"curies":[{"name":"wp","href":"https:\/\/api.w.org\/{rel}","templated":true}]}}