{"id":80986,"date":"2022-11-25T09:37:57","date_gmt":"2022-11-25T08:37:57","guid":{"rendered":"https:\/\/onlinelotto365.com\/?page_id=80986"},"modified":"2022-11-25T09:37:57","modified_gmt":"2022-11-25T08:37:57","slug":"po-streda-lotto","status":"publish","type":"page","link":"https:\/\/onlinelotto365.com\/cs\/vyherni-cisla\/po-streda-lotto\/","title":{"rendered":"V\u0161echny v\u00fdsledky Mon &#038; Wed Lotto Australia"},"content":{"rendered":"<p>V loterii m\u016f\u017eete hr\u00e1t spoustu r\u016fzn\u00fdch mezin\u00e1rodn\u00edch her. A vy chcete b\u00fdt schopni z\u00edskat jejich v\u00fdsledky co nejrychleji. Jedn\u00edm ze zp\u016fsob\u016f, jak toho dos\u00e1hnout, je vyhledat noviny, kter\u00e9 nab\u00edzej\u00ed po a st Lotto Australia vylosovan\u00e1 \u010d\u00edsla. Ty v\u0161ak m\u016f\u017ee b\u00fdt t\u011b\u017ek\u00e9 naj\u00edt. Dal\u0161\u00ed mo\u017enost\u00ed je televize, ale i tyto kan\u00e1ly mohou b\u00fdt obt\u00ed\u017en\u00e9. Co tedy d\u011blat, kdy\u017e se v\u00e1m nechce moc p\u00e1trat?<br \/>\n<a href=\"https:\/\/redfoxlotto.com\/play\/monday-wednesday-lotto-au\/?ref=a8564250a2&amp;medium=ol365\" target=\"_blank\" rel=\"noopener noreferrer\"><img decoding=\"async\" class=\"aligncenter\" src=\"https:\/\/redfoxlotto.com\/image?size=8&amp;lottery=monday-wednesday-lotto-au\" alt=\"Mon &amp; Wed Lotto Australia\" \/><\/a><\/p>\n<p>Pod\u00edvejte se na webov\u00e9 str\u00e1nky Mon &amp; Wed Lotto Australia a zjist\u011bte, zda nab\u00edzej\u00ed \u017eiv\u00e9 losov\u00e1n\u00ed. \u017div\u00e9 losov\u00e1n\u00ed jak\u00e9koli hry m\u016f\u017ee b\u00fdt velmi z\u00e1bavn\u00e9, proto\u017ee v\u00e1m p\u0159i sledov\u00e1n\u00ed poskytne spoustu okam\u017eit\u00e9ho vzru\u0161en\u00ed. Ne ka\u017ed\u00e1 hra v\u0161ak tyto typy losov\u00e1n\u00ed nab\u00edz\u00ed. Museli byste se ujistit, \u017ee Mon &amp; Wed Lotto je jednou z t\u011bch, kter\u00e9 je maj\u00ed k dispozici.<\/p>\n<p>D\u00e1le se m\u016f\u017eete rozhodnout pod\u00edvat se na YouTube a zjistit, zda tam lze naj\u00edt v\u00fdsledky. Mo\u017en\u00e1 budete p\u0159ekvapeni, jak n\u011bkte\u0159\u00ed lid\u00e9 zve\u0159ej\u0148uj\u00ed v\u00fdsledky losov\u00e1n\u00ed nebo dokonce \u017eiv\u00e1 videa z losov\u00e1n\u00ed t\u00e9m\u011b\u0159 ka\u017ed\u00e9 hry.<\/p>\n<p>Zdaleka nejjednodu\u0161\u0161\u00ed mo\u017enost\u00ed pro v\u00e1s v\u0161ak bude pod\u00edvat se na na\u0161e webov\u00e9 str\u00e1nky. Na na\u0161ich webov\u00fdch str\u00e1nk\u00e1ch nab\u00edz\u00edme v\u0161echna vylosovan\u00e1 \u010d\u00edsla a v\u00fd\u0161e v\u00fdher pro ka\u017edou hru, kterou si m\u016f\u017eete zakoupit. D\u00edky tomu je pro v\u00e1s mnohem snaz\u0161\u00ed z\u00edskat v\u00fdsledky na jednom m\u00edst\u011b a tak rychle, jak chcete.<\/p>\n<h2>Jak zjistit, zda v\u00e1\u0161 online tiket vyhr\u00e1l?<\/h2>\n<p>Je\u0161t\u011b lep\u0161\u00ed zpr\u00e1vou je, \u017ee pokud jste si u n\u00e1s zakoupili tiket na Mon &amp; Wed Lotto Australia, m\u016f\u017eete j\u00edt p\u0159\u00edmo do sv\u00e9ho hr\u00e1\u010dsk\u00e9ho \u00fa\u010dtu a zjistit v\u00fdsledky. Najdete tam zakoupen\u00e9 tikety i v\u00fdhern\u00ed \u010d\u00edsla v\u0161ech her, kter\u00e9 jste si vybrali.<\/p>\n<p>Budete si moci prohl\u00e9dnout \u010d\u00edsla, kter\u00e1 jste si vybrali a kter\u00e1 odpov\u00eddaj\u00ed vylosovan\u00fdm \u010d\u00edsl\u016fm, a v\u0161echny pen\u00edze, kter\u00e9 jste vyhr\u00e1li a kter\u00e9 jsou ni\u017e\u0161\u00ed ne\u017e 2500 \u20ac, budou automaticky p\u0159ips\u00e1ny na v\u00e1\u0161 \u00fa\u010det. Co m\u016f\u017ee b\u00fdt jednodu\u0161\u0161\u00edho ne\u017e tohle?<\/p>\n<h2>Archiv v\u00fdsledk\u016f Mon &amp; Wed Lotto Australia<\/h2>\n<p>Na kter\u00e9koli str\u00e1nce na\u0161eho webu, kde se zobrazuj\u00ed nejnov\u011bj\u0161\u00ed v\u00fdsledky Mon &amp; Wed Lotto Australia, se zobrazuj\u00ed tak\u00e9 star\u0161\u00ed \u010d\u00edsla, kter\u00e1 byste si mohli cht\u00edt prohl\u00e9dnout. Ta v\u00e1m mohou pomoci p\u0159i v\u00fdb\u011bru \u010d\u00edsel, kter\u00e1 chcete hr\u00e1t p\u0159i p\u0159\u00ed\u0161t\u00edm n\u00e1kupu tiketu.<\/p>\n<h2>M\u016fj tiket vyhr\u00e1l, co bude n\u00e1sledovat?<\/h2>\n<p><img loading=\"lazy\" decoding=\"async\" class=\"alignright wp-image-3542\" src=\"https:\/\/onlinelotto365.com\/wp-content\/uploads\/2020\/11\/online_lottery-154-300x200.jpg\" alt=\"Mon &amp;; Wed Lotto vylosovan\u00e1 \u010d\u00edsla\" width=\"197\" height=\"131\" srcset=\"https:\/\/onlinelotto365.com\/wp-content\/uploads\/2020\/11\/online_lottery-154-300x200.jpg 300w, https:\/\/onlinelotto365.com\/wp-content\/uploads\/2020\/11\/online_lottery-154.jpg 320w\" sizes=\"auto, (max-width: 197px) 100vw, 197px\" \/><br \/>\nPokud jste na sv\u00e9m tiketu vyhr\u00e1li, sta\u010d\u00ed se pod\u00edvat, na jakou \u010d\u00e1stku m\u00e1te n\u00e1rok. Pokud je to m\u00e9n\u011b ne\u017e 2500 \u20ac, postar\u00e1me se o to, abyste ji co nejd\u0159\u00edve dostali potvrzenou a na sv\u016fj \u00fa\u010det. Pakli\u017ee m\u00e1te na \u00fa\u010dtu alespo\u0148 10 \u20ac, m\u016f\u017eete si je vybrat jakoukoli platebn\u00ed metodou, kterou jste u sv\u00e9ho \u00fa\u010dtu pou\u017eili d\u0159\u00edve. Sta\u010d\u00ed se postarat o n\u011bkolik dokument\u016f, d\u00edky kter\u00fdm n\u00e1\u0161 zpracovatel plateb zjist\u00ed, kdo jste a \u017ee m\u00e1te na pen\u00edze n\u00e1rok. Pokud m\u00e1te m\u00e9n\u011b ne\u017e 10 \u20ac nebo se rozhodnete pen\u00edze na \u00fa\u010dtu ponechat, m\u016f\u017eete je pou\u017e\u00edt na n\u00e1kup dal\u0161\u00edch vstupenek.<\/p>\n","protected":false},"excerpt":{"rendered":"<p>V loterii m\u016f\u017eete hr\u00e1t spoustu r\u016fzn\u00fdch mezin\u00e1rodn\u00edch her. A vy chcete b\u00fdt schopni z\u00edskat jejich v\u00fdsledky co nejrychleji. Jedn\u00edm ze zp\u016fsob\u016f, jak toho dos\u00e1hnout, je vyhledat noviny, kter\u00e9 nab\u00edzej\u00ed po a st Lotto Australia vylosovan\u00e1 \u010d\u00edsla. Ty v\u0161ak m\u016f\u017ee b\u00fdt t\u011b\u017ek\u00e9 naj\u00edt. Dal\u0161\u00ed mo\u017enost\u00ed je televize, ale i tyto kan\u00e1ly mohou b\u00fdt obt\u00ed\u017en\u00e9. Co tedy [&hellip;]<\/p>\n","protected":false},"author":1,"featured_media":0,"parent":5824,"menu_order":16,"comment_status":"closed","ping_status":"closed","template":"template-rightsidebar.php","meta":{"_et_pb_use_builder":"","_et_pb_old_content":"","_et_gb_content_width":"","exclude_from_search":false,"footnotes":""},"class_list":["post-80986","page","type-page","status-publish","hentry"],"yoast_head":"<!-- This site is optimized with the Yoast SEO plugin v23.4 - https:\/\/yoast.com\/wordpress\/plugins\/seo\/ -->\n<title>Mon &amp; Wed Lotto Austr\u00e1lie v\u00edt\u011bzn\u00e1 \u010d\u00edsla<\/title>\n<meta name=\"description\" content=\"Na\u0161e str\u00e1nky v\u00e1m p\u0159in\u00e1\u0161ej\u00ed nejnov\u011bj\u0161\u00ed vylosovan\u00e1 \u010d\u00edsla a \u010d\u00e1stky wo pro Mon &amp; Wed lotto.\" \/>\n<meta name=\"robots\" content=\"index, follow, max-snippet:-1, max-image-preview:large, max-video-preview:-1\" \/>\n<link rel=\"canonical\" href=\"https:\/\/onlinelotto365.com\/cs\/vyherni-cisla\/po-streda-lotto\/\" \/>\n<meta property=\"og:locale\" content=\"cs_CZ\" \/>\n<meta property=\"og:type\" content=\"article\" \/>\n<meta property=\"og:title\" content=\"Mon &amp; Wed Lotto Austr\u00e1lie v\u00edt\u011bzn\u00e1 \u010d\u00edsla\" \/>\n<meta property=\"og:description\" content=\"Na\u0161e str\u00e1nky v\u00e1m p\u0159in\u00e1\u0161ej\u00ed nejnov\u011bj\u0161\u00ed vylosovan\u00e1 \u010d\u00edsla a \u010d\u00e1stky wo pro Mon &amp; Wed lotto.\" \/>\n<meta property=\"og:url\" content=\"https:\/\/onlinelotto365.com\/cs\/vyherni-cisla\/po-streda-lotto\/\" \/>\n<meta property=\"og:site_name\" content=\"OnlineLotto365\" \/>\n<meta property=\"og:image\" content=\"https:\/\/redfoxlotto.com\/image?size=8&amp;lottery=monday-wednesday-lotto-au\" \/>\n<meta name=\"twitter:card\" content=\"summary_large_image\" \/>\n<meta name=\"twitter:label1\" content=\"Odhadovan\u00e1 doba \u010dten\u00ed\" \/>\n\t<meta name=\"twitter:data1\" content=\"2 minuty\" \/>\n<script type=\"application\/ld+json\" class=\"yoast-schema-graph\">{\"@context\":\"https:\/\/schema.org\",\"@graph\":[{\"@type\":\"WebPage\",\"@id\":\"https:\/\/onlinelotto365.com\/cs\/vyherni-cisla\/po-streda-lotto\/\",\"url\":\"https:\/\/onlinelotto365.com\/cs\/vyherni-cisla\/po-streda-lotto\/\",\"name\":\"Mon & Wed Lotto Austr\u00e1lie v\u00edt\u011bzn\u00e1 \u010d\u00edsla\",\"isPartOf\":{\"@id\":\"https:\/\/onlinelotto365.com\/cs\/#website\"},\"primaryImageOfPage\":{\"@id\":\"https:\/\/onlinelotto365.com\/cs\/vyherni-cisla\/po-streda-lotto\/#primaryimage\"},\"image\":{\"@id\":\"https:\/\/onlinelotto365.com\/cs\/vyherni-cisla\/po-streda-lotto\/#primaryimage\"},\"thumbnailUrl\":\"https:\/\/redfoxlotto.com\/image?size=8&amp;lottery=monday-wednesday-lotto-au\",\"datePublished\":\"2022-11-25T08:37:57+00:00\",\"dateModified\":\"2022-11-25T08:37:57+00:00\",\"description\":\"Na\u0161e str\u00e1nky v\u00e1m p\u0159in\u00e1\u0161ej\u00ed nejnov\u011bj\u0161\u00ed vylosovan\u00e1 \u010d\u00edsla a \u010d\u00e1stky wo pro Mon & Wed lotto.\",\"breadcrumb\":{\"@id\":\"https:\/\/onlinelotto365.com\/cs\/vyherni-cisla\/po-streda-lotto\/#breadcrumb\"},\"inLanguage\":\"cs\",\"potentialAction\":[{\"@type\":\"ReadAction\",\"target\":[\"https:\/\/onlinelotto365.com\/cs\/vyherni-cisla\/po-streda-lotto\/\"]}]},{\"@type\":\"ImageObject\",\"inLanguage\":\"cs\",\"@id\":\"https:\/\/onlinelotto365.com\/cs\/vyherni-cisla\/po-streda-lotto\/#primaryimage\",\"url\":\"https:\/\/redfoxlotto.com\/image?size=8&amp;lottery=monday-wednesday-lotto-au\",\"contentUrl\":\"https:\/\/redfoxlotto.com\/image?size=8&amp;lottery=monday-wednesday-lotto-au\"},{\"@type\":\"BreadcrumbList\",\"@id\":\"https:\/\/onlinelotto365.com\/cs\/vyherni-cisla\/po-streda-lotto\/#breadcrumb\",\"itemListElement\":[{\"@type\":\"ListItem\",\"position\":1,\"name\":\"Home\",\"item\":\"https:\/\/onlinelotto365.com\/cs\/\"},{\"@type\":\"ListItem\",\"position\":2,\"name\":\"Najd\u011bte v\u00fdhern\u00ed \u010d\u00edsla a v\u00fdsledky nejnov\u011bj\u0161\u00edch loteri\u00ed\",\"item\":\"https:\/\/onlinelotto365.com\/cs\/vyherni-cisla\/\"},{\"@type\":\"ListItem\",\"position\":3,\"name\":\"V\u0161echny v\u00fdsledky Mon &#038; Wed Lotto Australia\"}]},{\"@type\":\"WebSite\",\"@id\":\"https:\/\/onlinelotto365.com\/cs\/#website\",\"url\":\"https:\/\/onlinelotto365.com\/cs\/\",\"name\":\"OnlineLotto365\",\"description\":\"\",\"potentialAction\":[{\"@type\":\"SearchAction\",\"target\":{\"@type\":\"EntryPoint\",\"urlTemplate\":\"https:\/\/onlinelotto365.com\/cs\/?s={search_term_string}\"},\"query-input\":{\"@type\":\"PropertyValueSpecification\",\"valueRequired\":true,\"valueName\":\"search_term_string\"}}],\"inLanguage\":\"cs\"}]}<\/script>\n<!-- \/ Yoast SEO plugin. -->","yoast_head_json":{"title":"Mon & Wed Lotto Austr\u00e1lie v\u00edt\u011bzn\u00e1 \u010d\u00edsla","description":"Na\u0161e str\u00e1nky v\u00e1m p\u0159in\u00e1\u0161ej\u00ed nejnov\u011bj\u0161\u00ed vylosovan\u00e1 \u010d\u00edsla a \u010d\u00e1stky wo pro Mon & Wed lotto.","robots":{"index":"index","follow":"follow","max-snippet":"max-snippet:-1","max-image-preview":"max-image-preview:large","max-video-preview":"max-video-preview:-1"},"canonical":"https:\/\/onlinelotto365.com\/cs\/vyherni-cisla\/po-streda-lotto\/","og_locale":"cs_CZ","og_type":"article","og_title":"Mon & Wed Lotto Austr\u00e1lie v\u00edt\u011bzn\u00e1 \u010d\u00edsla","og_description":"Na\u0161e str\u00e1nky v\u00e1m p\u0159in\u00e1\u0161ej\u00ed nejnov\u011bj\u0161\u00ed vylosovan\u00e1 \u010d\u00edsla a \u010d\u00e1stky wo pro Mon & Wed lotto.","og_url":"https:\/\/onlinelotto365.com\/cs\/vyherni-cisla\/po-streda-lotto\/","og_site_name":"OnlineLotto365","og_image":[{"url":"https:\/\/redfoxlotto.com\/image?size=8&amp;lottery=monday-wednesday-lotto-au"}],"twitter_card":"summary_large_image","twitter_misc":{"Odhadovan\u00e1 doba \u010dten\u00ed":"2 minuty"},"schema":{"@context":"https:\/\/schema.org","@graph":[{"@type":"WebPage","@id":"https:\/\/onlinelotto365.com\/cs\/vyherni-cisla\/po-streda-lotto\/","url":"https:\/\/onlinelotto365.com\/cs\/vyherni-cisla\/po-streda-lotto\/","name":"Mon & Wed Lotto Austr\u00e1lie v\u00edt\u011bzn\u00e1 \u010d\u00edsla","isPartOf":{"@id":"https:\/\/onlinelotto365.com\/cs\/#website"},"primaryImageOfPage":{"@id":"https:\/\/onlinelotto365.com\/cs\/vyherni-cisla\/po-streda-lotto\/#primaryimage"},"image":{"@id":"https:\/\/onlinelotto365.com\/cs\/vyherni-cisla\/po-streda-lotto\/#primaryimage"},"thumbnailUrl":"https:\/\/redfoxlotto.com\/image?size=8&amp;lottery=monday-wednesday-lotto-au","datePublished":"2022-11-25T08:37:57+00:00","dateModified":"2022-11-25T08:37:57+00:00","description":"Na\u0161e str\u00e1nky v\u00e1m p\u0159in\u00e1\u0161ej\u00ed nejnov\u011bj\u0161\u00ed vylosovan\u00e1 \u010d\u00edsla a \u010d\u00e1stky wo pro Mon & Wed lotto.","breadcrumb":{"@id":"https:\/\/onlinelotto365.com\/cs\/vyherni-cisla\/po-streda-lotto\/#breadcrumb"},"inLanguage":"cs","potentialAction":[{"@type":"ReadAction","target":["https:\/\/onlinelotto365.com\/cs\/vyherni-cisla\/po-streda-lotto\/"]}]},{"@type":"ImageObject","inLanguage":"cs","@id":"https:\/\/onlinelotto365.com\/cs\/vyherni-cisla\/po-streda-lotto\/#primaryimage","url":"https:\/\/redfoxlotto.com\/image?size=8&amp;lottery=monday-wednesday-lotto-au","contentUrl":"https:\/\/redfoxlotto.com\/image?size=8&amp;lottery=monday-wednesday-lotto-au"},{"@type":"BreadcrumbList","@id":"https:\/\/onlinelotto365.com\/cs\/vyherni-cisla\/po-streda-lotto\/#breadcrumb","itemListElement":[{"@type":"ListItem","position":1,"name":"Home","item":"https:\/\/onlinelotto365.com\/cs\/"},{"@type":"ListItem","position":2,"name":"Najd\u011bte v\u00fdhern\u00ed \u010d\u00edsla a v\u00fdsledky nejnov\u011bj\u0161\u00edch loteri\u00ed","item":"https:\/\/onlinelotto365.com\/cs\/vyherni-cisla\/"},{"@type":"ListItem","position":3,"name":"V\u0161echny v\u00fdsledky Mon &#038; Wed Lotto Australia"}]},{"@type":"WebSite","@id":"https:\/\/onlinelotto365.com\/cs\/#website","url":"https:\/\/onlinelotto365.com\/cs\/","name":"OnlineLotto365","description":"","potentialAction":[{"@type":"SearchAction","target":{"@type":"EntryPoint","urlTemplate":"https:\/\/onlinelotto365.com\/cs\/?s={search_term_string}"},"query-input":{"@type":"PropertyValueSpecification","valueRequired":true,"valueName":"search_term_string"}}],"inLanguage":"cs"}]}},"_links":{"self":[{"href":"https:\/\/onlinelotto365.com\/cs\/wp-json\/wp\/v2\/pages\/80986","targetHints":{"allow":["GET"]}}],"collection":[{"href":"https:\/\/onlinelotto365.com\/cs\/wp-json\/wp\/v2\/pages"}],"about":[{"href":"https:\/\/onlinelotto365.com\/cs\/wp-json\/wp\/v2\/types\/page"}],"author":[{"embeddable":true,"href":"https:\/\/onlinelotto365.com\/cs\/wp-json\/wp\/v2\/users\/1"}],"replies":[{"embeddable":true,"href":"https:\/\/onlinelotto365.com\/cs\/wp-json\/wp\/v2\/comments?post=80986"}],"version-history":[{"count":0,"href":"https:\/\/onlinelotto365.com\/cs\/wp-json\/wp\/v2\/pages\/80986\/revisions"}],"up":[{"embeddable":true,"href":"https:\/\/onlinelotto365.com\/cs\/wp-json\/wp\/v2\/pages\/5824"}],"wp:attachment":[{"href":"https:\/\/onlinelotto365.com\/cs\/wp-json\/wp\/v2\/media?parent=80986"}],"curies":[{"name":"wp","href":"https:\/\/api.w.org\/{rel}","templated":true}]}}