{"id":81024,"date":"2022-11-25T10:50:22","date_gmt":"2022-11-25T09:50:22","guid":{"rendered":"https:\/\/onlinelotto365.com\/?page_id=81024"},"modified":"2022-11-25T10:50:22","modified_gmt":"2022-11-25T09:50:22","slug":"impressum","status":"publish","type":"page","link":"https:\/\/onlinelotto365.com\/cs\/impressum\/","title":{"rendered":"Impressum"},"content":{"rendered":"<p><strong>Spr\u00e1vce webov\u00fdch str\u00e1nek<\/strong><\/p>\n<p>Sportovn\u00ed cestovn\u00ed ruch E.I.R.L<\/p>\n<p>Carretera Principal, Bluefish Condos Apt. E-2, Perla Marina<\/p>\n<p>Sosua, Puerto Plata<br \/>\nPS\u010c 47000<\/p>\n<p>Dominik\u00e1nsk\u00e1 republika<\/p>\n<p>&nbsp;<\/p>\n","protected":false},"excerpt":{"rendered":"<p>Spr\u00e1vce webov\u00fdch str\u00e1nek Sportovn\u00ed cestovn\u00ed ruch E.I.R.L Carretera Principal, Bluefish Condos Apt. E-2, Perla Marina Sosua, Puerto Plata PS\u010c 47000 Dominik\u00e1nsk\u00e1 republika &nbsp;<\/p>\n","protected":false},"author":1,"featured_media":0,"parent":0,"menu_order":12,"comment_status":"closed","ping_status":"closed","template":"template-rightsidebar.php","meta":{"_et_pb_use_builder":"","_et_pb_old_content":"","_et_gb_content_width":"","exclude_from_search":false,"footnotes":""},"class_list":["post-81024","page","type-page","status-publish","hentry"],"yoast_head":"<!-- This site is optimized with the Yoast SEO plugin v23.4 - https:\/\/yoast.com\/wordpress\/plugins\/seo\/ -->\n<title>Impressum - OnlineLotto365<\/title>\n<meta name=\"robots\" content=\"index, follow, max-snippet:-1, max-image-preview:large, max-video-preview:-1\" \/>\n<link rel=\"canonical\" href=\"https:\/\/onlinelotto365.com\/cs\/impressum\/\" \/>\n<meta property=\"og:locale\" content=\"cs_CZ\" \/>\n<meta property=\"og:type\" content=\"article\" \/>\n<meta property=\"og:title\" content=\"Impressum - OnlineLotto365\" \/>\n<meta property=\"og:description\" content=\"Spr\u00e1vce webov\u00fdch str\u00e1nek Sportovn\u00ed cestovn\u00ed ruch E.I.R.L Carretera Principal, Bluefish Condos Apt. E-2, Perla Marina Sosua, Puerto Plata PS\u010c 47000 Dominik\u00e1nsk\u00e1 republika &nbsp;\" \/>\n<meta property=\"og:url\" content=\"https:\/\/onlinelotto365.com\/cs\/impressum\/\" \/>\n<meta property=\"og:site_name\" content=\"OnlineLotto365\" \/>\n<meta name=\"twitter:card\" content=\"summary_large_image\" \/>\n<meta name=\"twitter:label1\" content=\"Odhadovan\u00e1 doba \u010dten\u00ed\" \/>\n\t<meta name=\"twitter:data1\" content=\"1 minuta\" \/>\n<script type=\"application\/ld+json\" class=\"yoast-schema-graph\">{\"@context\":\"https:\/\/schema.org\",\"@graph\":[{\"@type\":\"WebPage\",\"@id\":\"https:\/\/onlinelotto365.com\/cs\/impressum\/\",\"url\":\"https:\/\/onlinelotto365.com\/cs\/impressum\/\",\"name\":\"Impressum - OnlineLotto365\",\"isPartOf\":{\"@id\":\"https:\/\/onlinelotto365.com\/cs\/#website\"},\"datePublished\":\"2022-11-25T09:50:22+00:00\",\"dateModified\":\"2022-11-25T09:50:22+00:00\",\"breadcrumb\":{\"@id\":\"https:\/\/onlinelotto365.com\/cs\/impressum\/#breadcrumb\"},\"inLanguage\":\"cs\",\"potentialAction\":[{\"@type\":\"ReadAction\",\"target\":[\"https:\/\/onlinelotto365.com\/cs\/impressum\/\"]}]},{\"@type\":\"BreadcrumbList\",\"@id\":\"https:\/\/onlinelotto365.com\/cs\/impressum\/#breadcrumb\",\"itemListElement\":[{\"@type\":\"ListItem\",\"position\":1,\"name\":\"Home\",\"item\":\"https:\/\/onlinelotto365.com\/cs\/\"},{\"@type\":\"ListItem\",\"position\":2,\"name\":\"Impressum\"}]},{\"@type\":\"WebSite\",\"@id\":\"https:\/\/onlinelotto365.com\/cs\/#website\",\"url\":\"https:\/\/onlinelotto365.com\/cs\/\",\"name\":\"OnlineLotto365\",\"description\":\"\",\"potentialAction\":[{\"@type\":\"SearchAction\",\"target\":{\"@type\":\"EntryPoint\",\"urlTemplate\":\"https:\/\/onlinelotto365.com\/cs\/?s={search_term_string}\"},\"query-input\":{\"@type\":\"PropertyValueSpecification\",\"valueRequired\":true,\"valueName\":\"search_term_string\"}}],\"inLanguage\":\"cs\"}]}<\/script>\n<!-- \/ Yoast SEO plugin. -->","yoast_head_json":{"title":"Impressum - OnlineLotto365","robots":{"index":"index","follow":"follow","max-snippet":"max-snippet:-1","max-image-preview":"max-image-preview:large","max-video-preview":"max-video-preview:-1"},"canonical":"https:\/\/onlinelotto365.com\/cs\/impressum\/","og_locale":"cs_CZ","og_type":"article","og_title":"Impressum - OnlineLotto365","og_description":"Spr\u00e1vce webov\u00fdch str\u00e1nek Sportovn\u00ed cestovn\u00ed ruch E.I.R.L Carretera Principal, Bluefish Condos Apt. E-2, Perla Marina Sosua, Puerto Plata PS\u010c 47000 Dominik\u00e1nsk\u00e1 republika &nbsp;","og_url":"https:\/\/onlinelotto365.com\/cs\/impressum\/","og_site_name":"OnlineLotto365","twitter_card":"summary_large_image","twitter_misc":{"Odhadovan\u00e1 doba \u010dten\u00ed":"1 minuta"},"schema":{"@context":"https:\/\/schema.org","@graph":[{"@type":"WebPage","@id":"https:\/\/onlinelotto365.com\/cs\/impressum\/","url":"https:\/\/onlinelotto365.com\/cs\/impressum\/","name":"Impressum - OnlineLotto365","isPartOf":{"@id":"https:\/\/onlinelotto365.com\/cs\/#website"},"datePublished":"2022-11-25T09:50:22+00:00","dateModified":"2022-11-25T09:50:22+00:00","breadcrumb":{"@id":"https:\/\/onlinelotto365.com\/cs\/impressum\/#breadcrumb"},"inLanguage":"cs","potentialAction":[{"@type":"ReadAction","target":["https:\/\/onlinelotto365.com\/cs\/impressum\/"]}]},{"@type":"BreadcrumbList","@id":"https:\/\/onlinelotto365.com\/cs\/impressum\/#breadcrumb","itemListElement":[{"@type":"ListItem","position":1,"name":"Home","item":"https:\/\/onlinelotto365.com\/cs\/"},{"@type":"ListItem","position":2,"name":"Impressum"}]},{"@type":"WebSite","@id":"https:\/\/onlinelotto365.com\/cs\/#website","url":"https:\/\/onlinelotto365.com\/cs\/","name":"OnlineLotto365","description":"","potentialAction":[{"@type":"SearchAction","target":{"@type":"EntryPoint","urlTemplate":"https:\/\/onlinelotto365.com\/cs\/?s={search_term_string}"},"query-input":{"@type":"PropertyValueSpecification","valueRequired":true,"valueName":"search_term_string"}}],"inLanguage":"cs"}]}},"_links":{"self":[{"href":"https:\/\/onlinelotto365.com\/cs\/wp-json\/wp\/v2\/pages\/81024","targetHints":{"allow":["GET"]}}],"collection":[{"href":"https:\/\/onlinelotto365.com\/cs\/wp-json\/wp\/v2\/pages"}],"about":[{"href":"https:\/\/onlinelotto365.com\/cs\/wp-json\/wp\/v2\/types\/page"}],"author":[{"embeddable":true,"href":"https:\/\/onlinelotto365.com\/cs\/wp-json\/wp\/v2\/users\/1"}],"replies":[{"embeddable":true,"href":"https:\/\/onlinelotto365.com\/cs\/wp-json\/wp\/v2\/comments?post=81024"}],"version-history":[{"count":0,"href":"https:\/\/onlinelotto365.com\/cs\/wp-json\/wp\/v2\/pages\/81024\/revisions"}],"wp:attachment":[{"href":"https:\/\/onlinelotto365.com\/cs\/wp-json\/wp\/v2\/media?parent=81024"}],"curies":[{"name":"wp","href":"https:\/\/api.w.org\/{rel}","templated":true}]}}