{"id":84210,"date":"2023-09-28T08:03:47","date_gmt":"2023-09-28T07:03:47","guid":{"rendered":"https:\/\/onlinelotto365.com\/vyherni-cisla\/zkontrolujte-vyherni-cisla-eurojackpotu-zde"},"modified":"2023-09-28T08:03:47","modified_gmt":"2023-09-28T07:03:47","slug":"zkontrolujte-vyherni-cisla-eurojackpotu-zde","status":"publish","type":"page","link":"https:\/\/onlinelotto365.com\/cs\/vyherni-cisla\/zkontrolujte-vyherni-cisla-eurojackpotu-zde\/","title":{"rendered":"Zkontrolujte v\u00fdhern\u00ed \u010d\u00edsla Eurojackpotu zde"},"content":{"rendered":"<p>Na na\u0161ich webov\u00fdch str\u00e1nk\u00e1ch je k dispozici mnoho r\u016fzn\u00fdch mezin\u00e1rodn\u00edch loteri\u00ed, co\u017e znamen\u00e1, \u017ee naj\u00edt \u010d\u00edsla a v\u00fdsledky m\u016f\u017ee b\u00fdt pro n\u011bkoho obt\u00ed\u017en\u00e9. A pokud jde o hled\u00e1n\u00ed \u010d\u00edsel jinde, m\u016f\u017ee to b\u00fdt je\u0161t\u011b hor\u0161\u00ed. V\u00fdsledky Eurojackpotu pravd\u011bpodobn\u011b nenajdete v m\u00edstn\u00edch novin\u00e1ch a t\u011b\u017eko je najdete i v televizi. Zejm\u00e9na proto, \u017ee \u010dasto nejsou vys\u00edl\u00e1ny \u017eiv\u011b.<\/p>\n<p>M\u016f\u017eete se tak\u00e9 pod\u00edvat na webov\u00e9 str\u00e1nky loterie Eurojackpot, kter\u00e9 v\u00e1m umo\u017en\u00ed p\u0159\u00edstup k \u017eiv\u00e9mu vys\u00edl\u00e1n\u00ed v\u00fdsledk\u016f a losov\u00e1n\u00ed. To m\u016f\u017ee b\u00fdt velmi z\u00e1bavn\u00e9 a d\u00edky tomu se mnohem rychleji dozv\u00edte, zda jste vyhr\u00e1li. Ne v\u017edy je to v\u0161ak mo\u017en\u00e9 a mus\u00edte m\u00edt spr\u00e1vn\u00e9 na\u010dasov\u00e1n\u00ed.<\/p>\n<p>Pokud hled\u00e1te \u010d\u00edsla po losov\u00e1n\u00ed, m\u016f\u017eete se v\u017edy pod\u00edvat na YouTube, zda je k dispozici z\u00e1znam losov\u00e1n\u00ed nebo zda n\u011bkdo nem\u00e1 video s vylosovan\u00fdmi \u010d\u00edsly.<\/p>\n<p>Nejjednodu\u0161\u0161\u00ed zp\u016fsob, jak naj\u00edt vylosovan\u00e1 \u010d\u00edsla, a dokonce si prohl\u00e9dnout v\u0161echny v\u00fdhry a v\u00fdsledky, je nav\u0161t\u00edvit na\u0161e webov\u00e9 str\u00e1nky na str\u00e1nce s v\u00fdsledky loterie na str\u00e1nce s v\u00fdsledky loterie. Tam najdete v\u0161echna vylosovan\u00e1 \u010d\u00edsla z Eurojackpotu a v\u0161ech ostatn\u00edch her, kter\u00e9 nab\u00edz\u00edme.<\/p>\n<h2>Jak zjistit, zda jste vyhr\u00e1li<\/h2>\n<p><img decoding=\"async\" class=\"aligncenter\" src=\"https:\/\/redfoxlotto.com\/image?size=8&amp;lottery=eurojackpot\" alt=\"eurojackpot\" \/><br \/>\nKoupili jste si tiket do hry Eurojackpot? Pokud ano, nemus\u00edte ani p\u0159ech\u00e1zet na str\u00e1nku s v\u00fdsledky. Sta\u010d\u00ed p\u0159ej\u00edt na sv\u016fj \u00fa\u010det a hned vedle tiketu uvid\u00edte v\u00fdhern\u00ed \u010d\u00edsla. Dokonce se budete moci pod\u00edvat, kter\u00e1 \u010d\u00edsla byla spr\u00e1vn\u00e1 a kter\u00e1 ne, a zjistit, kolik jste d\u00edky tomu vyhr\u00e1li. Pokud jste vyhr\u00e1li m\u00e9n\u011b ne\u017e 2 500 \u20ac, pen\u00edze v\u00e1m budou na \u00fa\u010det p\u0159ips\u00e1ny okam\u017eit\u011b, jakmile budou potvrzena \u010d\u00edsla loterie.<\/p>\n<p>Na na\u0161ich webov\u00fdch str\u00e1nk\u00e1ch se v\u00e1m zobraz\u00ed v\u00fdsledky nejnov\u011bj\u0161\u00edho losov\u00e1n\u00ed Eurojackpotu, ale tak\u00e9 v\u00e1m nab\u00eddneme mnoho mo\u017enost\u00ed, jak zkontrolovat star\u0161\u00ed losov\u00e1n\u00ed. M\u016f\u017eete si tak zkontrolovat star\u0161\u00ed tikety, nebo pokud hled\u00e1te nejlep\u0161\u00ed \u010d\u00edsla, kter\u00e1 byste mohli vyzkou\u0161et p\u0159i p\u0159\u00ed\u0161t\u00edm n\u00e1kupu tiketu. Ve skute\u010dnosti je to jedna z nejobl\u00edben\u011bj\u0161\u00edch loterijn\u00edch strategi\u00ed, kterou lid\u00e9 pou\u017e\u00edvaj\u00ed.<\/p>\n<h2>M\u016fj tiket vyhr\u00e1l, co bude n\u00e1sledovat?<\/h2>\n<p><img loading=\"lazy\" decoding=\"async\" class=\"alignright wp-image-25127\" src=\"https:\/\/onlinelotto365.com\/wp-content\/uploads\/2021\/01\/lottery_balls1-300x160-1.jpg\" alt=\"Eurojackpot winning numbers\" width=\"265\" height=\"142\" \/><br \/>\nO v\u00fdhr\u00e1ch ni\u017e\u0161\u00edch ne\u017e 2 500 eur jsme ji\u017e hovo\u0159ili. Tyto v\u00fdhry jsou okam\u017eit\u011b p\u0159ips\u00e1ny na v\u00e1\u0161 \u00fa\u010det a vy se pak m\u016f\u017eete rozhodnout, zda si koup\u00edte dal\u0161\u00ed tikety, nebo si vyberete v\u0161echny pen\u00edze nebo jejich \u010d\u00e1st. Jedin\u00e9, co mus\u00edte ud\u011blat, je ujistit se, \u017ee m\u00e1te na \u00fa\u010dtu alespo\u0148 10 eur, abyste si je mohli vybrat zvolen\u00fdm zp\u016fsobem.<\/p>\n<p>M\u016f\u017eete si vybrat, zda si pen\u00edze vyberete na sv\u016fj bankovn\u00ed \u00fa\u010det nebo kreditn\u00ed kartou, a my v\u00e1m to tak\u00e9 usnadn\u00edme. Chceme, abyste mohli sv\u00e9 pen\u00edze z\u00edskat, ale mus\u00edme ud\u011blat n\u011bkolik krok\u016f, aby se pen\u00edze dostaly na v\u00e1\u0161 \u00fa\u010det. P\u0159ece jen online p\u0159evody pen\u011bz podl\u00e9haj\u00ed p\u0159\u00edsn\u00fdm p\u0159edpis\u016fm.<\/p>\n","protected":false},"excerpt":{"rendered":"<p>Na na\u0161ich webov\u00fdch str\u00e1nk\u00e1ch je k dispozici mnoho r\u016fzn\u00fdch mezin\u00e1rodn\u00edch loteri\u00ed, co\u017e znamen\u00e1, \u017ee naj\u00edt \u010d\u00edsla a v\u00fdsledky m\u016f\u017ee b\u00fdt pro n\u011bkoho obt\u00ed\u017en\u00e9. A pokud jde o hled\u00e1n\u00ed \u010d\u00edsel jinde, m\u016f\u017ee to b\u00fdt je\u0161t\u011b hor\u0161\u00ed. V\u00fdsledky Eurojackpotu pravd\u011bpodobn\u011b nenajdete v m\u00edstn\u00edch novin\u00e1ch a t\u011b\u017eko je najdete i v televizi. Zejm\u00e9na proto, \u017ee \u010dasto nejsou vys\u00edl\u00e1ny [&hellip;]<\/p>\n","protected":false},"author":1,"featured_media":0,"parent":5824,"menu_order":4,"comment_status":"closed","ping_status":"closed","template":"eurojackpot-results.php","meta":{"_et_pb_use_builder":"","_et_pb_old_content":"","_et_gb_content_width":"","exclude_from_search":false,"footnotes":""},"class_list":["post-84210","page","type-page","status-publish","hentry"],"yoast_head":"<!-- This site is optimized with the Yoast SEO plugin v23.4 - https:\/\/yoast.com\/wordpress\/plugins\/seo\/ -->\n<title>V\u00fdhern\u00ed \u010d\u00edsla Eurojackpotu | V\u00fdsledky losov\u00e1n\u00ed a v\u00fdhry Eurojackpotu si m\u016f\u017eete prohl\u00e9dnout zde.<\/title>\n<meta name=\"description\" content=\"Zve\u0159ej\u0148ujeme v\u00fdsledky a v\u00fdhern\u00ed \u010d\u00edsla Eurojackpotu a archiv minul\u00fdch losov\u00e1n\u00ed.\" \/>\n<meta name=\"robots\" content=\"index, follow, max-snippet:-1, max-image-preview:large, max-video-preview:-1\" \/>\n<link rel=\"canonical\" href=\"https:\/\/onlinelotto365.com\/cs\/vyherni-cisla\/zkontrolujte-vyherni-cisla-eurojackpotu-zde\/\" \/>\n<meta property=\"og:locale\" content=\"cs_CZ\" \/>\n<meta property=\"og:type\" content=\"article\" \/>\n<meta property=\"og:title\" content=\"V\u00fdhern\u00ed \u010d\u00edsla Eurojackpotu | V\u00fdsledky losov\u00e1n\u00ed a v\u00fdhry Eurojackpotu si m\u016f\u017eete prohl\u00e9dnout zde.\" \/>\n<meta property=\"og:description\" content=\"Zve\u0159ej\u0148ujeme v\u00fdsledky a v\u00fdhern\u00ed \u010d\u00edsla Eurojackpotu a archiv minul\u00fdch losov\u00e1n\u00ed.\" \/>\n<meta property=\"og:url\" content=\"https:\/\/onlinelotto365.com\/cs\/vyherni-cisla\/zkontrolujte-vyherni-cisla-eurojackpotu-zde\/\" \/>\n<meta property=\"og:site_name\" content=\"OnlineLotto365\" \/>\n<meta property=\"og:image\" content=\"https:\/\/redfoxlotto.com\/image?size=8&amp;lottery=eurojackpot\" \/>\n<meta name=\"twitter:card\" content=\"summary_large_image\" \/>\n<meta name=\"twitter:label1\" content=\"Odhadovan\u00e1 doba \u010dten\u00ed\" \/>\n\t<meta name=\"twitter:data1\" content=\"3 minuty\" \/>\n<script type=\"application\/ld+json\" class=\"yoast-schema-graph\">{\"@context\":\"https:\/\/schema.org\",\"@graph\":[{\"@type\":\"WebPage\",\"@id\":\"https:\/\/onlinelotto365.com\/cs\/vyherni-cisla\/zkontrolujte-vyherni-cisla-eurojackpotu-zde\/\",\"url\":\"https:\/\/onlinelotto365.com\/cs\/vyherni-cisla\/zkontrolujte-vyherni-cisla-eurojackpotu-zde\/\",\"name\":\"V\u00fdhern\u00ed \u010d\u00edsla Eurojackpotu | V\u00fdsledky losov\u00e1n\u00ed a v\u00fdhry Eurojackpotu si m\u016f\u017eete prohl\u00e9dnout zde.\",\"isPartOf\":{\"@id\":\"https:\/\/onlinelotto365.com\/cs\/#website\"},\"primaryImageOfPage\":{\"@id\":\"https:\/\/onlinelotto365.com\/cs\/vyherni-cisla\/zkontrolujte-vyherni-cisla-eurojackpotu-zde\/#primaryimage\"},\"image\":{\"@id\":\"https:\/\/onlinelotto365.com\/cs\/vyherni-cisla\/zkontrolujte-vyherni-cisla-eurojackpotu-zde\/#primaryimage\"},\"thumbnailUrl\":\"https:\/\/redfoxlotto.com\/image?size=8&amp;lottery=eurojackpot\",\"datePublished\":\"2023-09-28T07:03:47+00:00\",\"dateModified\":\"2023-09-28T07:03:47+00:00\",\"description\":\"Zve\u0159ej\u0148ujeme v\u00fdsledky a v\u00fdhern\u00ed \u010d\u00edsla Eurojackpotu a archiv minul\u00fdch losov\u00e1n\u00ed.\",\"breadcrumb\":{\"@id\":\"https:\/\/onlinelotto365.com\/cs\/vyherni-cisla\/zkontrolujte-vyherni-cisla-eurojackpotu-zde\/#breadcrumb\"},\"inLanguage\":\"cs\",\"potentialAction\":[{\"@type\":\"ReadAction\",\"target\":[\"https:\/\/onlinelotto365.com\/cs\/vyherni-cisla\/zkontrolujte-vyherni-cisla-eurojackpotu-zde\/\"]}]},{\"@type\":\"ImageObject\",\"inLanguage\":\"cs\",\"@id\":\"https:\/\/onlinelotto365.com\/cs\/vyherni-cisla\/zkontrolujte-vyherni-cisla-eurojackpotu-zde\/#primaryimage\",\"url\":\"https:\/\/redfoxlotto.com\/image?size=8&amp;lottery=eurojackpot\",\"contentUrl\":\"https:\/\/redfoxlotto.com\/image?size=8&amp;lottery=eurojackpot\"},{\"@type\":\"BreadcrumbList\",\"@id\":\"https:\/\/onlinelotto365.com\/cs\/vyherni-cisla\/zkontrolujte-vyherni-cisla-eurojackpotu-zde\/#breadcrumb\",\"itemListElement\":[{\"@type\":\"ListItem\",\"position\":1,\"name\":\"Home\",\"item\":\"https:\/\/onlinelotto365.com\/cs\/\"},{\"@type\":\"ListItem\",\"position\":2,\"name\":\"Najd\u011bte v\u00fdhern\u00ed \u010d\u00edsla a v\u00fdsledky nejnov\u011bj\u0161\u00edch loteri\u00ed\",\"item\":\"https:\/\/onlinelotto365.com\/cs\/vyherni-cisla\/\"},{\"@type\":\"ListItem\",\"position\":3,\"name\":\"Zkontrolujte v\u00fdhern\u00ed \u010d\u00edsla Eurojackpotu zde\"}]},{\"@type\":\"WebSite\",\"@id\":\"https:\/\/onlinelotto365.com\/cs\/#website\",\"url\":\"https:\/\/onlinelotto365.com\/cs\/\",\"name\":\"OnlineLotto365\",\"description\":\"\",\"potentialAction\":[{\"@type\":\"SearchAction\",\"target\":{\"@type\":\"EntryPoint\",\"urlTemplate\":\"https:\/\/onlinelotto365.com\/cs\/?s={search_term_string}\"},\"query-input\":{\"@type\":\"PropertyValueSpecification\",\"valueRequired\":true,\"valueName\":\"search_term_string\"}}],\"inLanguage\":\"cs\"}]}<\/script>\n<!-- \/ Yoast SEO plugin. -->","yoast_head_json":{"title":"V\u00fdhern\u00ed \u010d\u00edsla Eurojackpotu | V\u00fdsledky losov\u00e1n\u00ed a v\u00fdhry Eurojackpotu si m\u016f\u017eete prohl\u00e9dnout zde.","description":"Zve\u0159ej\u0148ujeme v\u00fdsledky a v\u00fdhern\u00ed \u010d\u00edsla Eurojackpotu a archiv minul\u00fdch losov\u00e1n\u00ed.","robots":{"index":"index","follow":"follow","max-snippet":"max-snippet:-1","max-image-preview":"max-image-preview:large","max-video-preview":"max-video-preview:-1"},"canonical":"https:\/\/onlinelotto365.com\/cs\/vyherni-cisla\/zkontrolujte-vyherni-cisla-eurojackpotu-zde\/","og_locale":"cs_CZ","og_type":"article","og_title":"V\u00fdhern\u00ed \u010d\u00edsla Eurojackpotu | V\u00fdsledky losov\u00e1n\u00ed a v\u00fdhry Eurojackpotu si m\u016f\u017eete prohl\u00e9dnout zde.","og_description":"Zve\u0159ej\u0148ujeme v\u00fdsledky a v\u00fdhern\u00ed \u010d\u00edsla Eurojackpotu a archiv minul\u00fdch losov\u00e1n\u00ed.","og_url":"https:\/\/onlinelotto365.com\/cs\/vyherni-cisla\/zkontrolujte-vyherni-cisla-eurojackpotu-zde\/","og_site_name":"OnlineLotto365","og_image":[{"url":"https:\/\/redfoxlotto.com\/image?size=8&amp;lottery=eurojackpot"}],"twitter_card":"summary_large_image","twitter_misc":{"Odhadovan\u00e1 doba \u010dten\u00ed":"3 minuty"},"schema":{"@context":"https:\/\/schema.org","@graph":[{"@type":"WebPage","@id":"https:\/\/onlinelotto365.com\/cs\/vyherni-cisla\/zkontrolujte-vyherni-cisla-eurojackpotu-zde\/","url":"https:\/\/onlinelotto365.com\/cs\/vyherni-cisla\/zkontrolujte-vyherni-cisla-eurojackpotu-zde\/","name":"V\u00fdhern\u00ed \u010d\u00edsla Eurojackpotu | V\u00fdsledky losov\u00e1n\u00ed a v\u00fdhry Eurojackpotu si m\u016f\u017eete prohl\u00e9dnout zde.","isPartOf":{"@id":"https:\/\/onlinelotto365.com\/cs\/#website"},"primaryImageOfPage":{"@id":"https:\/\/onlinelotto365.com\/cs\/vyherni-cisla\/zkontrolujte-vyherni-cisla-eurojackpotu-zde\/#primaryimage"},"image":{"@id":"https:\/\/onlinelotto365.com\/cs\/vyherni-cisla\/zkontrolujte-vyherni-cisla-eurojackpotu-zde\/#primaryimage"},"thumbnailUrl":"https:\/\/redfoxlotto.com\/image?size=8&amp;lottery=eurojackpot","datePublished":"2023-09-28T07:03:47+00:00","dateModified":"2023-09-28T07:03:47+00:00","description":"Zve\u0159ej\u0148ujeme v\u00fdsledky a v\u00fdhern\u00ed \u010d\u00edsla Eurojackpotu a archiv minul\u00fdch losov\u00e1n\u00ed.","breadcrumb":{"@id":"https:\/\/onlinelotto365.com\/cs\/vyherni-cisla\/zkontrolujte-vyherni-cisla-eurojackpotu-zde\/#breadcrumb"},"inLanguage":"cs","potentialAction":[{"@type":"ReadAction","target":["https:\/\/onlinelotto365.com\/cs\/vyherni-cisla\/zkontrolujte-vyherni-cisla-eurojackpotu-zde\/"]}]},{"@type":"ImageObject","inLanguage":"cs","@id":"https:\/\/onlinelotto365.com\/cs\/vyherni-cisla\/zkontrolujte-vyherni-cisla-eurojackpotu-zde\/#primaryimage","url":"https:\/\/redfoxlotto.com\/image?size=8&amp;lottery=eurojackpot","contentUrl":"https:\/\/redfoxlotto.com\/image?size=8&amp;lottery=eurojackpot"},{"@type":"BreadcrumbList","@id":"https:\/\/onlinelotto365.com\/cs\/vyherni-cisla\/zkontrolujte-vyherni-cisla-eurojackpotu-zde\/#breadcrumb","itemListElement":[{"@type":"ListItem","position":1,"name":"Home","item":"https:\/\/onlinelotto365.com\/cs\/"},{"@type":"ListItem","position":2,"name":"Najd\u011bte v\u00fdhern\u00ed \u010d\u00edsla a v\u00fdsledky nejnov\u011bj\u0161\u00edch loteri\u00ed","item":"https:\/\/onlinelotto365.com\/cs\/vyherni-cisla\/"},{"@type":"ListItem","position":3,"name":"Zkontrolujte v\u00fdhern\u00ed \u010d\u00edsla Eurojackpotu zde"}]},{"@type":"WebSite","@id":"https:\/\/onlinelotto365.com\/cs\/#website","url":"https:\/\/onlinelotto365.com\/cs\/","name":"OnlineLotto365","description":"","potentialAction":[{"@type":"SearchAction","target":{"@type":"EntryPoint","urlTemplate":"https:\/\/onlinelotto365.com\/cs\/?s={search_term_string}"},"query-input":{"@type":"PropertyValueSpecification","valueRequired":true,"valueName":"search_term_string"}}],"inLanguage":"cs"}]}},"_links":{"self":[{"href":"https:\/\/onlinelotto365.com\/cs\/wp-json\/wp\/v2\/pages\/84210","targetHints":{"allow":["GET"]}}],"collection":[{"href":"https:\/\/onlinelotto365.com\/cs\/wp-json\/wp\/v2\/pages"}],"about":[{"href":"https:\/\/onlinelotto365.com\/cs\/wp-json\/wp\/v2\/types\/page"}],"author":[{"embeddable":true,"href":"https:\/\/onlinelotto365.com\/cs\/wp-json\/wp\/v2\/users\/1"}],"replies":[{"embeddable":true,"href":"https:\/\/onlinelotto365.com\/cs\/wp-json\/wp\/v2\/comments?post=84210"}],"version-history":[{"count":0,"href":"https:\/\/onlinelotto365.com\/cs\/wp-json\/wp\/v2\/pages\/84210\/revisions"}],"up":[{"embeddable":true,"href":"https:\/\/onlinelotto365.com\/cs\/wp-json\/wp\/v2\/pages\/5824"}],"wp:attachment":[{"href":"https:\/\/onlinelotto365.com\/cs\/wp-json\/wp\/v2\/media?parent=84210"}],"curies":[{"name":"wp","href":"https:\/\/api.w.org\/{rel}","templated":true}]}}