{"id":84433,"date":"2023-10-03T12:48:49","date_gmt":"2023-10-03T11:48:49","guid":{"rendered":"https:\/\/onlinelotto365.com\/casto-kladene-dotazy"},"modified":"2023-10-03T12:48:49","modified_gmt":"2023-10-03T11:48:49","slug":"casto-kladene-dotazy","status":"publish","type":"page","link":"https:\/\/onlinelotto365.com\/cs\/casto-kladene-dotazy\/","title":{"rendered":"\u010cASTO KLADEN\u00c9 DOTAZY"},"content":{"rendered":"<h1>Nej\u010dast\u011bj\u0161\u00ed dotazy k online loterii<\/h1>\n<p>Zde najdete odpov\u011bdi na nej\u010dast\u011bji kladen\u00e9 ot\u00e1zky t\u00fdkaj\u00edc\u00ed se fungov\u00e1n\u00ed online loterie.<\/p>\n<p>Jak z\u00edsk\u00e1m sv\u00e9 losy?<\/p>\n<p>Pot\u00e9 jeden z na\u0161ich agent\u016f na m\u00edst\u011b zakoup\u00ed tiket va\u0161\u00edm jm\u00e9nem a na v\u00e1\u0161 \u00fa\u010det. Pot\u00e9 los naskenuje a nahraje do va\u0161eho z\u00e1kaznick\u00e9ho \u00fa\u010dtu. Kdy\u017e vyhrajete, po\u0161leme v\u00e1m e-mail a na\u0161e slu\u017eba zahrnuje i doru\u010den\u00ed v\u00fdhry k v\u00e1m (podrobnosti viz n\u00ed\u017ee). you win as well.<\/p>\n<p>Jak\u00e9 jsou v\u00fdhody hran\u00ed mezin\u00e1rodn\u00edch loteri\u00ed online p\u0159es n\u00e1s?<\/p>\n<ul>\n<li>m\u016f\u017eete si vybrat z mnoha loteri\u00ed a v\u017edy na v\u00e1s \u010dek\u00e1 velk\u00e1 v\u00fdhra<\/li>\n<li>z\u00edsk\u00e1te skute\u010dn\u00fd tiket<\/li>\n<li>m\u016f\u017eete hr\u00e1t, a\u0165 jste kdekoli<\/li>\n<li>m\u016f\u017eete pohodln\u011b platit online, m\u00e1me \u0159adu mo\u017enost\u00ed, v\u010detn\u011b kreditn\u00ed karty<\/li>\n<li>va\u0161e men\u0161\u00ed v\u00fdhry a\u017e do v\u00fd\u0161e 2500 \u20ac budou okam\u017eit\u011b p\u0159ips\u00e1ny na v\u00e1\u0161 hr\u00e1\u010dsk\u00fd \u00fa\u010det<\/li>\n<li>v p\u0159\u00edpad\u011b v\u00fdhry vy\u0161\u0161\u00ed ne\u017e 2500 \u20ac se o v\u00fdplatu postar\u00e1me p\u0159\u00edmo z loterie, a to bez jak\u00fdchkoli poplatk\u016f.<\/li>\n<\/ul>\n<p>Kdo m\u016f\u017ee hr\u00e1t loterie?<\/p>\n<p>Hr\u00e1t m\u016f\u017ee kdokoli &#8211; pro hran\u00ed loterie v\u0161ak mus\u00edte b\u00fdt star\u0161\u00ed 18 let.<\/p>\n<p>Mohu hr\u00e1t loterii z ciz\u00ed zem\u011b?<\/p>\n<p>Ano. Bez ohledu na to, ve kter\u00e9 zemi \u017eijete, se m\u016f\u017eete z\u00fa\u010dastnit v\u0161ech loteri\u00ed zobrazen\u00fdch na na\u0161ich webov\u00fdch str\u00e1nk\u00e1ch.<\/p>\n<p>Mohu se rozhodnout pro sv\u00e1 vlastn\u00ed lotto \u010d\u00edsla?<\/p>\n<p>Ano. \u010d\u00edsla m\u016f\u017eete vyb\u00edrat ru\u010dn\u011b nebo m\u016f\u017eete pou\u017e\u00edt funkci &#8222;Rychl\u00fd v\u00fdb\u011br&#8220; a vygenerovat \u010d\u00edsla n\u00e1hodn\u011b.<\/p>\n<p>Jak z\u00edsk\u00e1m sv\u016fj los?<\/p>\n<p>Po \u00fasp\u011b\u0161n\u00e9 platb\u011b obdr\u017e\u00edte e-mail s potvrzen\u00edm o n\u00e1kupu. V\u00e1mi vybran\u00e1 \u010d\u00edsla budou viditeln\u00e1 ve va\u0161em \u00fa\u010dtu. Proces n\u00e1kupu a skenov\u00e1n\u00ed samoz\u0159ejm\u011b chv\u00edli trv\u00e1, ale po 2 a\u017e 3 hodin\u00e1ch budete moci naskenovan\u00fd tiket naj\u00edt po p\u0159ihl\u00e1\u0161en\u00ed ke sv\u00e9mu \u00fa\u010dtu.<\/p>\n<p>Jak mohu zaplatit za sv\u00e9 losy?<\/p>\n<p>M\u00e1me pro v\u00e1s r\u016fzn\u00e9 mo\u017enosti platby, v\u010detn\u011b platby kreditn\u00ed kartou, okam\u017eit\u00e9ho bankovn\u00edho p\u0159evodu, r\u016fzn\u00fdch kryptom\u011bn a dal\u0161\u00edch.<br \/>\nM\u016f\u017eete si tak\u00e9 nejprve vlo\u017eit pen\u00edze na sv\u016fj hr\u00e1\u010dsk\u00fd \u00fa\u010det a pak kdykoli pou\u017e\u00edt sv\u016fj nov\u00fd z\u016fstatek k n\u00e1kupu tiket\u016f. D\u00edky tomu, \u017ee m\u00e1te z\u016fstatek, je proces platby mnohem rychlej\u0161\u00ed!<\/p>\n<p>\u00da\u010dtujete si v p\u0159\u00edpad\u011b v\u00fdhry provizi?<\/p>\n<p>Ne, ne\u00fa\u010dtujeme. V\u0161echny va\u0161e v\u00fdhry v\u00e1m vyplat\u00edme v pln\u00e9 v\u00fd\u0161i, ani\u017e bychom si \u00fa\u010dtovali jak\u00e9koliv poplatky s v\u00fdjimkou poplatk\u016f za bankovn\u00ed p\u0159evod v n\u011bkter\u00fdch p\u0159\u00edpadech.<\/p>\n<p>Jak zjist\u00edm, zda jsem vyhr\u00e1l?<\/p>\n<p>Nejprve v\u00e1m za\u0161leme e-mail s informac\u00ed o va\u0161\u00ed v\u00fdh\u0159e. Tak\u00e9 se m\u016f\u017eete kdykoli p\u0159ihl\u00e1sit ke sv\u00e9mu \u00fa\u010dtu, pod\u00edvat se do sekce &#8222;Moje tikety&#8220; a zkontrolovat stav sv\u00fdch tiket\u016f tam. Aktualizace s v\u00fdhern\u00edmi \u010d\u00edsly v\u0161ech loteri\u00ed najdete na na\u0161ich webov\u00fdch str\u00e1nk\u00e1ch.<\/p>\n<p>Jak dostanu pen\u00edze, kdy\u017e vyhraji?<\/p>\n<p>Pokud vyhrajete cenu a\u017e do v\u00fd\u0161e 2500 eur, bude v\u00e1m okam\u017eit\u011b p\u0159ips\u00e1na na v\u00e1\u0161 hr\u00e1\u010dsk\u00fd \u00fa\u010det. V p\u0159\u00edpad\u011b vy\u0161\u0161\u00edch v\u00fdher v\u00e1m za\u0161leme e-mailem formul\u00e1\u0159 pro uplatn\u011bn\u00ed n\u00e1roku na v\u00fdhru. Mus\u00edte se identifikovat a uv\u00e9st n\u011bkolik z\u00e1kladn\u00edch \u00fadaj\u016f, nap\u0159\u00edklad jak chcete v\u00fdplatu z\u00edskat. Va\u0161i \u017e\u00e1dost pak p\u0159edlo\u017e\u00edme loterijn\u00ed spole\u010dnosti. Loterijn\u00ed spole\u010dnost v\u00e1m pak vyplat\u00ed pen\u00edze p\u0159\u00edmo.<br \/>\nPokud tomu d\u00e1v\u00e1te p\u0159ednost, m\u016f\u017eete si tiket vyzvednout tak\u00e9 v n\u011bkter\u00e9 z kancel\u00e1\u0159\u00ed na\u0161ich agent\u016f a pot\u00e9 jej osobn\u011b p\u0159edlo\u017eit loterijn\u00ed spole\u010dnosti.<\/p>\n<p>Je va\u0161e slu\u017eba skute\u010dn\u011b leg\u00e1ln\u00ed?<\/p>\n<p>Ano, zcela jist\u011b. Je to, jako byste byli na dovolen\u00e9 v zemi, kde se loterie kon\u00e1, a sami si koupili los. Pokud by tento los vyhr\u00e1l, m\u00e1te na v\u00fdhru stejn\u00fd n\u00e1rok jako v\u0161ichni ostatn\u00ed.<\/p>\n<p>Jak pozn\u00e1m, \u017ee je los zakoupen m\u00fdm jm\u00e9nem?<\/p>\n<p>Po zaplacen\u00ed losu obdr\u017e\u00edte nejprve potvrzen\u00ed o platb\u011b. O n\u011bco pozd\u011bji si budete moci prohl\u00e9dnout sken sv\u00e9ho losu v z\u00e1kaznick\u00e9 z\u00f3n\u011b na na\u0161ich webov\u00fdch str\u00e1nk\u00e1ch.<\/p>\n","protected":false},"excerpt":{"rendered":"<p>Nej\u010dast\u011bj\u0161\u00ed dotazy k online loterii Zde najdete odpov\u011bdi na nej\u010dast\u011bji kladen\u00e9 ot\u00e1zky t\u00fdkaj\u00edc\u00ed se fungov\u00e1n\u00ed online loterie. Jak z\u00edsk\u00e1m sv\u00e9 losy? Pot\u00e9 jeden z na\u0161ich agent\u016f na m\u00edst\u011b zakoup\u00ed tiket va\u0161\u00edm jm\u00e9nem a na v\u00e1\u0161 \u00fa\u010det. Pot\u00e9 los naskenuje a nahraje do va\u0161eho z\u00e1kaznick\u00e9ho \u00fa\u010dtu. Kdy\u017e vyhrajete, po\u0161leme v\u00e1m e-mail a na\u0161e slu\u017eba zahrnuje i [&hellip;]<\/p>\n","protected":false},"author":1,"featured_media":0,"parent":0,"menu_order":50,"comment_status":"closed","ping_status":"closed","template":"","meta":{"_et_pb_use_builder":"","_et_pb_old_content":"","_et_gb_content_width":"","exclude_from_search":false,"footnotes":""},"class_list":["post-84433","page","type-page","status-publish","hentry"],"yoast_head":"<!-- This site is optimized with the Yoast SEO plugin v23.4 - https:\/\/yoast.com\/wordpress\/plugins\/seo\/ -->\n<title>Odpov\u011bdi na nej\u010dast\u011bj\u0161\u00ed ot\u00e1zky t\u00fdkaj\u00edc\u00ed se na\u0161\u00ed online loterijn\u00ed slu\u017eby<\/title>\n<meta name=\"description\" content=\"Chcete se dozv\u011bd\u011bt v\u00edce o tom, jak funguje na\u0161e slu\u017eba online pos\u00edl\u00e1n\u00ed los\u016f? Odpov\u011bdi na nej\u010dast\u011bj\u0161\u00ed ot\u00e1zky najdete zde\" \/>\n<meta name=\"robots\" content=\"index, follow, max-snippet:-1, max-image-preview:large, max-video-preview:-1\" \/>\n<link rel=\"canonical\" href=\"https:\/\/onlinelotto365.com\/cs\/casto-kladene-dotazy\/\" \/>\n<meta property=\"og:locale\" content=\"cs_CZ\" \/>\n<meta property=\"og:type\" content=\"article\" \/>\n<meta property=\"og:title\" content=\"Odpov\u011bdi na nej\u010dast\u011bj\u0161\u00ed ot\u00e1zky t\u00fdkaj\u00edc\u00ed se na\u0161\u00ed online loterijn\u00ed slu\u017eby\" \/>\n<meta property=\"og:description\" content=\"Chcete se dozv\u011bd\u011bt v\u00edce o tom, jak funguje na\u0161e slu\u017eba online pos\u00edl\u00e1n\u00ed los\u016f? Odpov\u011bdi na nej\u010dast\u011bj\u0161\u00ed ot\u00e1zky najdete zde\" \/>\n<meta property=\"og:url\" content=\"https:\/\/onlinelotto365.com\/cs\/casto-kladene-dotazy\/\" \/>\n<meta property=\"og:site_name\" content=\"OnlineLotto365\" \/>\n<meta name=\"twitter:card\" content=\"summary_large_image\" \/>\n<meta name=\"twitter:label1\" content=\"Odhadovan\u00e1 doba \u010dten\u00ed\" \/>\n\t<meta name=\"twitter:data1\" content=\"4 minuty\" \/>\n<script type=\"application\/ld+json\" class=\"yoast-schema-graph\">{\"@context\":\"https:\/\/schema.org\",\"@graph\":[{\"@type\":\"WebPage\",\"@id\":\"https:\/\/onlinelotto365.com\/cs\/casto-kladene-dotazy\/\",\"url\":\"https:\/\/onlinelotto365.com\/cs\/casto-kladene-dotazy\/\",\"name\":\"Odpov\u011bdi na nej\u010dast\u011bj\u0161\u00ed ot\u00e1zky t\u00fdkaj\u00edc\u00ed se na\u0161\u00ed online loterijn\u00ed slu\u017eby\",\"isPartOf\":{\"@id\":\"https:\/\/onlinelotto365.com\/cs\/#website\"},\"datePublished\":\"2023-10-03T11:48:49+00:00\",\"dateModified\":\"2023-10-03T11:48:49+00:00\",\"description\":\"Chcete se dozv\u011bd\u011bt v\u00edce o tom, jak funguje na\u0161e slu\u017eba online pos\u00edl\u00e1n\u00ed los\u016f? Odpov\u011bdi na nej\u010dast\u011bj\u0161\u00ed ot\u00e1zky najdete zde\",\"breadcrumb\":{\"@id\":\"https:\/\/onlinelotto365.com\/cs\/casto-kladene-dotazy\/#breadcrumb\"},\"inLanguage\":\"cs\",\"potentialAction\":[{\"@type\":\"ReadAction\",\"target\":[\"https:\/\/onlinelotto365.com\/cs\/casto-kladene-dotazy\/\"]}]},{\"@type\":\"BreadcrumbList\",\"@id\":\"https:\/\/onlinelotto365.com\/cs\/casto-kladene-dotazy\/#breadcrumb\",\"itemListElement\":[{\"@type\":\"ListItem\",\"position\":1,\"name\":\"Home\",\"item\":\"https:\/\/onlinelotto365.com\/cs\/\"},{\"@type\":\"ListItem\",\"position\":2,\"name\":\"\u010cASTO KLADEN\u00c9 DOTAZY\"}]},{\"@type\":\"WebSite\",\"@id\":\"https:\/\/onlinelotto365.com\/cs\/#website\",\"url\":\"https:\/\/onlinelotto365.com\/cs\/\",\"name\":\"OnlineLotto365\",\"description\":\"\",\"potentialAction\":[{\"@type\":\"SearchAction\",\"target\":{\"@type\":\"EntryPoint\",\"urlTemplate\":\"https:\/\/onlinelotto365.com\/cs\/?s={search_term_string}\"},\"query-input\":{\"@type\":\"PropertyValueSpecification\",\"valueRequired\":true,\"valueName\":\"search_term_string\"}}],\"inLanguage\":\"cs\"}]}<\/script>\n<!-- \/ Yoast SEO plugin. -->","yoast_head_json":{"title":"Odpov\u011bdi na nej\u010dast\u011bj\u0161\u00ed ot\u00e1zky t\u00fdkaj\u00edc\u00ed se na\u0161\u00ed online loterijn\u00ed slu\u017eby","description":"Chcete se dozv\u011bd\u011bt v\u00edce o tom, jak funguje na\u0161e slu\u017eba online pos\u00edl\u00e1n\u00ed los\u016f? Odpov\u011bdi na nej\u010dast\u011bj\u0161\u00ed ot\u00e1zky najdete zde","robots":{"index":"index","follow":"follow","max-snippet":"max-snippet:-1","max-image-preview":"max-image-preview:large","max-video-preview":"max-video-preview:-1"},"canonical":"https:\/\/onlinelotto365.com\/cs\/casto-kladene-dotazy\/","og_locale":"cs_CZ","og_type":"article","og_title":"Odpov\u011bdi na nej\u010dast\u011bj\u0161\u00ed ot\u00e1zky t\u00fdkaj\u00edc\u00ed se na\u0161\u00ed online loterijn\u00ed slu\u017eby","og_description":"Chcete se dozv\u011bd\u011bt v\u00edce o tom, jak funguje na\u0161e slu\u017eba online pos\u00edl\u00e1n\u00ed los\u016f? Odpov\u011bdi na nej\u010dast\u011bj\u0161\u00ed ot\u00e1zky najdete zde","og_url":"https:\/\/onlinelotto365.com\/cs\/casto-kladene-dotazy\/","og_site_name":"OnlineLotto365","twitter_card":"summary_large_image","twitter_misc":{"Odhadovan\u00e1 doba \u010dten\u00ed":"4 minuty"},"schema":{"@context":"https:\/\/schema.org","@graph":[{"@type":"WebPage","@id":"https:\/\/onlinelotto365.com\/cs\/casto-kladene-dotazy\/","url":"https:\/\/onlinelotto365.com\/cs\/casto-kladene-dotazy\/","name":"Odpov\u011bdi na nej\u010dast\u011bj\u0161\u00ed ot\u00e1zky t\u00fdkaj\u00edc\u00ed se na\u0161\u00ed online loterijn\u00ed slu\u017eby","isPartOf":{"@id":"https:\/\/onlinelotto365.com\/cs\/#website"},"datePublished":"2023-10-03T11:48:49+00:00","dateModified":"2023-10-03T11:48:49+00:00","description":"Chcete se dozv\u011bd\u011bt v\u00edce o tom, jak funguje na\u0161e slu\u017eba online pos\u00edl\u00e1n\u00ed los\u016f? Odpov\u011bdi na nej\u010dast\u011bj\u0161\u00ed ot\u00e1zky najdete zde","breadcrumb":{"@id":"https:\/\/onlinelotto365.com\/cs\/casto-kladene-dotazy\/#breadcrumb"},"inLanguage":"cs","potentialAction":[{"@type":"ReadAction","target":["https:\/\/onlinelotto365.com\/cs\/casto-kladene-dotazy\/"]}]},{"@type":"BreadcrumbList","@id":"https:\/\/onlinelotto365.com\/cs\/casto-kladene-dotazy\/#breadcrumb","itemListElement":[{"@type":"ListItem","position":1,"name":"Home","item":"https:\/\/onlinelotto365.com\/cs\/"},{"@type":"ListItem","position":2,"name":"\u010cASTO KLADEN\u00c9 DOTAZY"}]},{"@type":"WebSite","@id":"https:\/\/onlinelotto365.com\/cs\/#website","url":"https:\/\/onlinelotto365.com\/cs\/","name":"OnlineLotto365","description":"","potentialAction":[{"@type":"SearchAction","target":{"@type":"EntryPoint","urlTemplate":"https:\/\/onlinelotto365.com\/cs\/?s={search_term_string}"},"query-input":{"@type":"PropertyValueSpecification","valueRequired":true,"valueName":"search_term_string"}}],"inLanguage":"cs"}]}},"_links":{"self":[{"href":"https:\/\/onlinelotto365.com\/cs\/wp-json\/wp\/v2\/pages\/84433","targetHints":{"allow":["GET"]}}],"collection":[{"href":"https:\/\/onlinelotto365.com\/cs\/wp-json\/wp\/v2\/pages"}],"about":[{"href":"https:\/\/onlinelotto365.com\/cs\/wp-json\/wp\/v2\/types\/page"}],"author":[{"embeddable":true,"href":"https:\/\/onlinelotto365.com\/cs\/wp-json\/wp\/v2\/users\/1"}],"replies":[{"embeddable":true,"href":"https:\/\/onlinelotto365.com\/cs\/wp-json\/wp\/v2\/comments?post=84433"}],"version-history":[{"count":0,"href":"https:\/\/onlinelotto365.com\/cs\/wp-json\/wp\/v2\/pages\/84433\/revisions"}],"wp:attachment":[{"href":"https:\/\/onlinelotto365.com\/cs\/wp-json\/wp\/v2\/media?parent=84433"}],"curies":[{"name":"wp","href":"https:\/\/api.w.org\/{rel}","templated":true}]}}