{"id":9552,"date":"2020-12-13T12:38:21","date_gmt":"2020-12-13T11:38:21","guid":{"rendered":"http:\/\/onlinelotto365.net\/?page_id=9552"},"modified":"2022-11-08T10:52:47","modified_gmt":"2022-11-08T09:52:47","slug":"powerball","status":"publish","type":"page","link":"https:\/\/onlinelotto365.com\/cs\/hrat\/powerball\/","title":{"rendered":"Jak m\u016f\u017eou obyvatel\u00e9 \u010cesk\u00e9 republiky hr\u00e1t online Powerball?"},"content":{"rendered":"<p>Vlastn\u011b je docela snadn\u00e9 hr\u00e1t online Powerball, i kdy\u017e jste v \u010cesk\u00e9 republice. A je to tak\u00e9 i pohodln\u00e9.<\/p>\n<p>Ujist\u011bte se, \u017ee jste si vybrali tu spr\u00e1vnou loterii \u2013 konkr\u00e9tn\u011b Powerball. Pot\u00e9 si vyberete sv\u00e1 \u010d\u00edsla.<\/p>\n<p>Existuje i metoda, kterou r\u00e1do pou\u017e\u00edv\u00e1 spoustu hr\u00e1\u010d\u016f \u2013 funkce rychl\u00e9ho v\u00fdb\u011bru. Jedin\u00e9, co mus\u00edte ud\u011blat, je klepnout na tla\u010d\u00edtko rychl\u00e9ho v\u00fdb\u011bru a webov\u00e1 str\u00e1nka pro v\u00e1s vybere \u010d\u00edsla n\u00e1hodn\u011b.<br \/>\n<a href=\"https:\/\/redfoxlotto.com\/play\/powerball\/?ref=a8564250a2&amp;medium=ol365\" target=\"_blank\" rel=\"noopener noreferrer\"><img loading=\"lazy\" decoding=\"async\" class=\"aligncenter\" src=\"https:\/\/redfoxlotto.com\/image?size=8&amp;lottery=powerball\" alt=\"powerball\" width=\"793\" height=\"98\" \/><\/a><\/p>\n<p>Jakmile vyberete \u010d\u00edsla pro loterii Powerball, m\u016f\u017eete si vybrat dal\u0161\u00ed loterii, hr\u00e1t v\u00edce loteri\u00ed a p\u0159idat je do sv\u00e9 hry. A\u017e budete hotovi, klepnut\u00edm bezpe\u010dn\u011b zaplat\u00edte za s\u00e1zenky a odhl\u00e1s\u00edte se. Nyn\u00ed si u n\u00e1s budete muset vytvo\u0159it sv\u016fj \u00fa\u010det. Samoz\u0159ejm\u011b si m\u016f\u017eete nejprve vytvo\u0159it \u00fa\u010det a pot\u00e9 zah\u00e1jit objedn\u00e1v\u00e1n\u00ed s\u00e1zenek.<\/p>\n<p>Po vytvo\u0159en\u00ed \u00fa\u010dtu je nutn\u00e9 ov\u011b\u0159it va\u0161i registraci na webu. Za\u0161leme v\u00e1m ov\u011b\u0159ovac\u00ed e-mail s odkazem. Doporu\u010dujeme ozna\u010dit na\u0161i e-mailovou adresu za d\u016fv\u011bryhodn\u00e9ho odes\u00edlatele. T\u00edm bude zaji\u0161t\u011bno, \u017ee d\u016fle\u017eit\u00e9 zpr\u00e1vy, jako jsou ozn\u00e1men\u00ed o v\u00fdhr\u00e1ch a dal\u0161\u00ed, se k v\u00e1m bez pot\u00ed\u017e\u00ed dostanou. To je jedna z v\u00fdhod hran\u00ed online loterie Powerball \u2013 v\u00fdhra v\u00e1m nikdy neunikne, proto\u017ee budete v\u017edy upozorn\u011bni.<\/p>\n<p>Na\u0161e slu\u017eba p\u0159enesla hran\u00ed loteri\u00ed do 21. stolet\u00ed \u2013 to je ta nejv\u011bt\u0161\u00ed v\u011bc, kter\u00e1 se v loteri\u00edch stala od chv\u00edle, kdy se poprv\u00e9 za\u010daly prod\u00e1vat s\u00e1zenky. Pokud nevyu\u017e\u00edv\u00e1te v\u00fdhod t\u00e9to online slu\u017eby, skute\u010dn\u011b p\u0159ich\u00e1z\u00edte o mnoho skv\u011bl\u00fdch loterijn\u00edch akc\u00ed, kter\u00e9 na v\u00e1s \u010dekaj\u00ed.<\/p>\n<h2>O loterii Powerball<\/h2>\n<p><img loading=\"lazy\" decoding=\"async\" class=\"size-medium wp-image-1356 alignright\" src=\"https:\/\/onlinelotto365.com\/wp-content\/uploads\/2020\/11\/online_lottery-117-300x217.jpg\" alt=\"hr\u00e1t online Powerball\" width=\"300\" height=\"217\" \/><\/p>\n<ul>\n<li>Zem\u011b: USA<\/li>\n<li>Interval hlavn\u00edch \u010d\u00edsel: 69<\/li>\n<li>Vyberete \u010d\u00edsel: 5<\/li>\n<li>Interval extra \u010d\u00edsel: 26<\/li>\n<li>Vyberete \u010d\u00edsel: 1<\/li>\n<li>Dny a hodiny losov\u00e1n\u00ed: st\u0159eda, sobota, 21:00 EST, +1 den 3:00 CET<\/li>\n<li>Nejmen\u0161\u00ed jackpot: 40 milion\u016f dolar\u016f<\/li>\n<li>Nejv\u011bt\u0161\u00ed limit jackpotu: \u017e\u00e1dn\u00fd<\/li>\n<li>Pravd\u011bpodobnost v\u00fdhry jackpotu v loterii Powerball: 1 ku 175 223 510<\/li>\n<li>Pravd\u011bpodobnost v\u00fdhry 2. \u00farovn\u011b: 1 ku 5 006 386<\/li>\n<li>Pravd\u011bpodobnost v\u00fdhry jak\u00e9koli \u00farovn\u011b: 1 ku 24,87<\/li>\n<li>Po\u010det \u00farovn\u00ed v\u00fdher: 9<\/li>\n<\/ul>\n<h2>Nejlep\u0161\u00ed vlastnosti loterie Powerball<\/h2>\n<p>Loterie Powerball m\u00e1 s\u00edlu uspokojit v\u0161echny bez ohledu na to, jak velk\u00e9 jsou va\u0161e sny. Pravideln\u011b nab\u00edz\u00ed jackpoty ve stovk\u00e1ch milion\u016f dolar\u016f \u2013 to je ur\u010dit\u011b to, co byste nazvali obrovsk\u00fdm mno\u017estv\u00edm pen\u011bz, kter\u00e9 samoz\u0159ejm\u011b chcete vyhr\u00e1t.<br \/>\n<img loading=\"lazy\" decoding=\"async\" class=\" wp-image-1521 alignright\" src=\"https:\/\/onlinelotto365.com\/wp-content\/uploads\/2020\/11\/online_lottery-133-300x212.jpg\" alt=\"powerball z \u010cesk\u00e9 republiky\" width=\"256\" height=\"181\" \/><\/p>\n<p>Poka\u017ed\u00e9, kdy\u017e nikdo jackpot nevyhraje, jackpot povyroste, \u010dasto a\u017e na sto milion\u016f, dv\u011b st\u011b milion\u016f a n\u011bkdy dokonce i t\u0159i sta milion\u016f dolar\u016f. Mysl\u00edm si, \u017ee v\u011bt\u0161ina z n\u00e1s by souhlasila s t\u00edm, \u017ee i 40 milion\u016f dolar\u016f by sta\u010dilo na to, abychom pro\u017eili v\u0161echny sv\u00e9 sny, ale pokud jde o loterie, tak plat\u00ed, \u017ee \u010d\u00edm v\u011bt\u0161\u00ed, t\u00edm lep\u0161\u00ed. Tak\u017ee pokud jste jako v\u011bt\u0161ina lid\u00ed a r\u00e1di hrajete o velk\u00e9 v\u00fdhry, toto je ur\u010dit\u011b pro v\u00e1s.<\/p>\n<h2>Co je\u0161t\u011b pot\u0159ebujete v\u011bd\u011bt o online hran\u00ed loterie Powerball<\/h2>\n<p>Loterie Powerball nab\u00edz\u00ed v\u00fdherc\u016fm jackpotu dva zp\u016fsoby v\u00fdplaty v\u00fdher. M\u016f\u017eete si bu\u010f vz\u00edt pau\u0161\u00e1ln\u00ed \u010d\u00e1stku hned, nebo m\u016f\u017eete z\u00edskat mnohem v\u00edce pen\u011bz t\u00edm, \u017ee je obdr\u017e\u00edte ve 30 ro\u010dn\u00edch spl\u00e1tk\u00e1ch.<\/p>\n<h2>Jak se pod\u00edvat na v\u00fdsledky loterie Powerball z \u010cesk\u00e9 republiky<\/h2>\n<p>Existuje \u0159ada zp\u016fsob\u016f, jak se z \u010cesk\u00e9 republiky pod\u00edvat na v\u00fdhern\u00ed \u010d\u00edsla a v\u00fdsledky loterie Powerball. Pokud jste ale hr\u00e1li online Powerball, nejjednodu\u0161\u0161\u00ed je vr\u00e1tit se tam, kde jste si koupili s\u00e1zenku. Na sv\u00e9m \u00fa\u010dtu budete moci porovnat sv\u00e1 \u010d\u00edsla s \u010d\u00edsly z losov\u00e1n\u00ed. Tak\u00e9 obdr\u017e\u00edte e-mail, kdykoli n\u011bkter\u00e1 z va\u0161ich s\u00e1zenek n\u011bco vyhr\u00e1la.<\/p>\n<h2>Hr\u00e1li jste online Powerball a vyhr\u00e1li jste \u2013 co se bude d\u00edt d\u00e1l?<\/h2>\n<p>Na\u0161e slu\u017eba zahrnuje vy\u0159\u00edzen\u00ed v\u00fdplat za v\u00e1s. O v\u00fdplatu se nemus\u00edte starat. A z va\u0161ich v\u00fdher si ne\u00fa\u010dtujeme \u017e\u00e1dnou provizi.<\/p>\n<p>Postup z\u00e1vis\u00ed na tom, kolik jste vyhr\u00e1li. Pokud jste vyhr\u00e1li \u010d\u00e1stku 2500 \u20ac nebo m\u00e9n\u011b, pak v\u00e1m bude tato \u010d\u00e1stka p\u0159ips\u00e1na na v\u00e1\u0161 \u00fa\u010det u n\u00e1s. M\u016f\u017eete si ji vybrat nebo ji ponechat na \u00fa\u010dtu a pou\u017e\u00edt ji na hran\u00ed dal\u0161\u00edch online los\u016f.<\/p>\n<p>Pokud vyhrajete vy\u0161\u0161\u00ed \u010d\u00e1stku, za\u0161leme v\u00e1m e-mailem formul\u00e1\u0159 pro uplatn\u011bn\u00ed n\u00e1roku. V n\u011bm pak mus\u00edte vyplnit n\u011bkter\u00e9 osobn\u00ed \u00fadaje, v\u010detn\u011b zp\u016fsobu, jak\u00fdm si p\u0159ejete v\u00fdplatu z\u00edskat. Na v\u00fdb\u011br m\u00e1te dv\u011b mo\u017enosti: bankovn\u00ed p\u0159evod nebo \u0161ek. Formul\u00e1\u0159 \u017e\u00e1dosti p\u0159ed\u00e1me loterijn\u00ed komisi a ta v\u00e1m vyplat\u00ed pen\u00edze podle va\u0161ich pokyn\u016f.<\/p>\n","protected":false},"excerpt":{"rendered":"<p>Vlastn\u011b je docela snadn\u00e9 hr\u00e1t online Powerball, i kdy\u017e jste v \u010cesk\u00e9 republice. A je to tak\u00e9 i pohodln\u00e9. Ujist\u011bte se, \u017ee jste si vybrali tu spr\u00e1vnou loterii \u2013 konkr\u00e9tn\u011b Powerball. Pot\u00e9 si vyberete sv\u00e1 \u010d\u00edsla. Existuje i metoda, kterou r\u00e1do pou\u017e\u00edv\u00e1 spoustu hr\u00e1\u010d\u016f \u2013 funkce rychl\u00e9ho v\u00fdb\u011bru. Jedin\u00e9, co mus\u00edte ud\u011blat, je klepnout na [&hellip;]<\/p>\n","protected":false},"author":1,"featured_media":0,"parent":5012,"menu_order":1,"comment_status":"closed","ping_status":"closed","template":"powerball-usa.php","meta":{"_et_pb_use_builder":"","_et_pb_old_content":"","_et_gb_content_width":"","exclude_from_search":false,"footnotes":""},"class_list":["post-9552","page","type-page","status-publish","hentry"],"yoast_head":"<!-- This site is optimized with the Yoast SEO plugin v23.4 - https:\/\/yoast.com\/wordpress\/plugins\/seo\/ -->\n<title>Hrajte online Powerball z \u010cesk\u00e9 republiky | M\u016f\u017eu vyhr\u00e1t Powerball z \u010cesk\u00e9 republiky<\/title>\n<meta name=\"description\" content=\"Hrajte loterii Powerball tady \u2013 nejv\u011bt\u0161\u00ed loterii USA dostupnou z \u010cesk\u00e9 republiky a jak\u00e9koliv jin\u00e9 zem\u011b online.\" \/>\n<meta name=\"robots\" content=\"index, follow, max-snippet:-1, max-image-preview:large, max-video-preview:-1\" \/>\n<link rel=\"canonical\" href=\"https:\/\/onlinelotto365.com\/cs\/hrat\/powerball\/\" \/>\n<meta property=\"og:locale\" content=\"cs_CZ\" \/>\n<meta property=\"og:type\" content=\"article\" \/>\n<meta property=\"og:title\" content=\"Hrajte online Powerball z \u010cesk\u00e9 republiky | M\u016f\u017eu vyhr\u00e1t Powerball z \u010cesk\u00e9 republiky\" \/>\n<meta property=\"og:description\" content=\"Hrajte loterii Powerball tady \u2013 nejv\u011bt\u0161\u00ed loterii USA dostupnou z \u010cesk\u00e9 republiky a jak\u00e9koliv jin\u00e9 zem\u011b online.\" \/>\n<meta property=\"og:url\" content=\"https:\/\/onlinelotto365.com\/cs\/hrat\/powerball\/\" \/>\n<meta property=\"og:site_name\" content=\"OnlineLotto365\" \/>\n<meta property=\"article:modified_time\" content=\"2022-11-08T09:52:47+00:00\" \/>\n<meta property=\"og:image\" content=\"https:\/\/redfoxlotto.com\/image?size=8&amp;lottery=powerball\" \/>\n<meta name=\"twitter:card\" content=\"summary_large_image\" \/>\n<meta name=\"twitter:label1\" content=\"Odhadovan\u00e1 doba \u010dten\u00ed\" \/>\n\t<meta name=\"twitter:data1\" content=\"4 minuty\" \/>\n<script type=\"application\/ld+json\" class=\"yoast-schema-graph\">{\"@context\":\"https:\/\/schema.org\",\"@graph\":[{\"@type\":\"WebPage\",\"@id\":\"https:\/\/onlinelotto365.com\/cs\/hrat\/powerball\/\",\"url\":\"https:\/\/onlinelotto365.com\/cs\/hrat\/powerball\/\",\"name\":\"Hrajte online Powerball z \u010cesk\u00e9 republiky | M\u016f\u017eu vyhr\u00e1t Powerball z \u010cesk\u00e9 republiky\",\"isPartOf\":{\"@id\":\"https:\/\/onlinelotto365.com\/cs\/#website\"},\"primaryImageOfPage\":{\"@id\":\"https:\/\/onlinelotto365.com\/cs\/hrat\/powerball\/#primaryimage\"},\"image\":{\"@id\":\"https:\/\/onlinelotto365.com\/cs\/hrat\/powerball\/#primaryimage\"},\"thumbnailUrl\":\"https:\/\/redfoxlotto.com\/image?size=8&amp;lottery=powerball\",\"datePublished\":\"2020-12-13T11:38:21+00:00\",\"dateModified\":\"2022-11-08T09:52:47+00:00\",\"description\":\"Hrajte loterii Powerball tady \u2013 nejv\u011bt\u0161\u00ed loterii USA dostupnou z \u010cesk\u00e9 republiky a jak\u00e9koliv jin\u00e9 zem\u011b online.\",\"breadcrumb\":{\"@id\":\"https:\/\/onlinelotto365.com\/cs\/hrat\/powerball\/#breadcrumb\"},\"inLanguage\":\"cs\",\"potentialAction\":[{\"@type\":\"ReadAction\",\"target\":[\"https:\/\/onlinelotto365.com\/cs\/hrat\/powerball\/\"]}]},{\"@type\":\"ImageObject\",\"inLanguage\":\"cs\",\"@id\":\"https:\/\/onlinelotto365.com\/cs\/hrat\/powerball\/#primaryimage\",\"url\":\"https:\/\/redfoxlotto.com\/image?size=8&amp;lottery=powerball\",\"contentUrl\":\"https:\/\/redfoxlotto.com\/image?size=8&amp;lottery=powerball\"},{\"@type\":\"BreadcrumbList\",\"@id\":\"https:\/\/onlinelotto365.com\/cs\/hrat\/powerball\/#breadcrumb\",\"itemListElement\":[{\"@type\":\"ListItem\",\"position\":1,\"name\":\"Home\",\"item\":\"https:\/\/onlinelotto365.com\/cs\/\"},{\"@type\":\"ListItem\",\"position\":2,\"name\":\"V\u0161e, co mus\u00edte v\u011bd\u011bt o mo\u017enostech hran\u00ed nejlep\u0161\u00edch loteri\u00ed online\",\"item\":\"https:\/\/onlinelotto365.com\/cs\/play\/\"},{\"@type\":\"ListItem\",\"position\":3,\"name\":\"Jak m\u016f\u017eou obyvatel\u00e9 \u010cesk\u00e9 republiky hr\u00e1t online Powerball?\"}]},{\"@type\":\"WebSite\",\"@id\":\"https:\/\/onlinelotto365.com\/cs\/#website\",\"url\":\"https:\/\/onlinelotto365.com\/cs\/\",\"name\":\"OnlineLotto365\",\"description\":\"\",\"potentialAction\":[{\"@type\":\"SearchAction\",\"target\":{\"@type\":\"EntryPoint\",\"urlTemplate\":\"https:\/\/onlinelotto365.com\/cs\/?s={search_term_string}\"},\"query-input\":{\"@type\":\"PropertyValueSpecification\",\"valueRequired\":true,\"valueName\":\"search_term_string\"}}],\"inLanguage\":\"cs\"}]}<\/script>\n<!-- \/ Yoast SEO plugin. -->","yoast_head_json":{"title":"Hrajte online Powerball z \u010cesk\u00e9 republiky | M\u016f\u017eu vyhr\u00e1t Powerball z \u010cesk\u00e9 republiky","description":"Hrajte loterii Powerball tady \u2013 nejv\u011bt\u0161\u00ed loterii USA dostupnou z \u010cesk\u00e9 republiky a jak\u00e9koliv jin\u00e9 zem\u011b online.","robots":{"index":"index","follow":"follow","max-snippet":"max-snippet:-1","max-image-preview":"max-image-preview:large","max-video-preview":"max-video-preview:-1"},"canonical":"https:\/\/onlinelotto365.com\/cs\/hrat\/powerball\/","og_locale":"cs_CZ","og_type":"article","og_title":"Hrajte online Powerball z \u010cesk\u00e9 republiky | M\u016f\u017eu vyhr\u00e1t Powerball z \u010cesk\u00e9 republiky","og_description":"Hrajte loterii Powerball tady \u2013 nejv\u011bt\u0161\u00ed loterii USA dostupnou z \u010cesk\u00e9 republiky a jak\u00e9koliv jin\u00e9 zem\u011b online.","og_url":"https:\/\/onlinelotto365.com\/cs\/hrat\/powerball\/","og_site_name":"OnlineLotto365","article_modified_time":"2022-11-08T09:52:47+00:00","og_image":[{"url":"https:\/\/redfoxlotto.com\/image?size=8&amp;lottery=powerball"}],"twitter_card":"summary_large_image","twitter_misc":{"Odhadovan\u00e1 doba \u010dten\u00ed":"4 minuty"},"schema":{"@context":"https:\/\/schema.org","@graph":[{"@type":"WebPage","@id":"https:\/\/onlinelotto365.com\/cs\/hrat\/powerball\/","url":"https:\/\/onlinelotto365.com\/cs\/hrat\/powerball\/","name":"Hrajte online Powerball z \u010cesk\u00e9 republiky | M\u016f\u017eu vyhr\u00e1t Powerball z \u010cesk\u00e9 republiky","isPartOf":{"@id":"https:\/\/onlinelotto365.com\/cs\/#website"},"primaryImageOfPage":{"@id":"https:\/\/onlinelotto365.com\/cs\/hrat\/powerball\/#primaryimage"},"image":{"@id":"https:\/\/onlinelotto365.com\/cs\/hrat\/powerball\/#primaryimage"},"thumbnailUrl":"https:\/\/redfoxlotto.com\/image?size=8&amp;lottery=powerball","datePublished":"2020-12-13T11:38:21+00:00","dateModified":"2022-11-08T09:52:47+00:00","description":"Hrajte loterii Powerball tady \u2013 nejv\u011bt\u0161\u00ed loterii USA dostupnou z \u010cesk\u00e9 republiky a jak\u00e9koliv jin\u00e9 zem\u011b online.","breadcrumb":{"@id":"https:\/\/onlinelotto365.com\/cs\/hrat\/powerball\/#breadcrumb"},"inLanguage":"cs","potentialAction":[{"@type":"ReadAction","target":["https:\/\/onlinelotto365.com\/cs\/hrat\/powerball\/"]}]},{"@type":"ImageObject","inLanguage":"cs","@id":"https:\/\/onlinelotto365.com\/cs\/hrat\/powerball\/#primaryimage","url":"https:\/\/redfoxlotto.com\/image?size=8&amp;lottery=powerball","contentUrl":"https:\/\/redfoxlotto.com\/image?size=8&amp;lottery=powerball"},{"@type":"BreadcrumbList","@id":"https:\/\/onlinelotto365.com\/cs\/hrat\/powerball\/#breadcrumb","itemListElement":[{"@type":"ListItem","position":1,"name":"Home","item":"https:\/\/onlinelotto365.com\/cs\/"},{"@type":"ListItem","position":2,"name":"V\u0161e, co mus\u00edte v\u011bd\u011bt o mo\u017enostech hran\u00ed nejlep\u0161\u00edch loteri\u00ed online","item":"https:\/\/onlinelotto365.com\/cs\/play\/"},{"@type":"ListItem","position":3,"name":"Jak m\u016f\u017eou obyvatel\u00e9 \u010cesk\u00e9 republiky hr\u00e1t online Powerball?"}]},{"@type":"WebSite","@id":"https:\/\/onlinelotto365.com\/cs\/#website","url":"https:\/\/onlinelotto365.com\/cs\/","name":"OnlineLotto365","description":"","potentialAction":[{"@type":"SearchAction","target":{"@type":"EntryPoint","urlTemplate":"https:\/\/onlinelotto365.com\/cs\/?s={search_term_string}"},"query-input":{"@type":"PropertyValueSpecification","valueRequired":true,"valueName":"search_term_string"}}],"inLanguage":"cs"}]}},"_links":{"self":[{"href":"https:\/\/onlinelotto365.com\/cs\/wp-json\/wp\/v2\/pages\/9552","targetHints":{"allow":["GET"]}}],"collection":[{"href":"https:\/\/onlinelotto365.com\/cs\/wp-json\/wp\/v2\/pages"}],"about":[{"href":"https:\/\/onlinelotto365.com\/cs\/wp-json\/wp\/v2\/types\/page"}],"author":[{"embeddable":true,"href":"https:\/\/onlinelotto365.com\/cs\/wp-json\/wp\/v2\/users\/1"}],"replies":[{"embeddable":true,"href":"https:\/\/onlinelotto365.com\/cs\/wp-json\/wp\/v2\/comments?post=9552"}],"version-history":[{"count":0,"href":"https:\/\/onlinelotto365.com\/cs\/wp-json\/wp\/v2\/pages\/9552\/revisions"}],"up":[{"embeddable":true,"href":"https:\/\/onlinelotto365.com\/cs\/wp-json\/wp\/v2\/pages\/5012"}],"wp:attachment":[{"href":"https:\/\/onlinelotto365.com\/cs\/wp-json\/wp\/v2\/media?parent=9552"}],"curies":[{"name":"wp","href":"https:\/\/api.w.org\/{rel}","templated":true}]}}