{"id":9955,"date":"2020-12-16T05:35:10","date_gmt":"2020-12-16T04:35:10","guid":{"rendered":"http:\/\/onlinelotto365.net\/?page_id=9955"},"modified":"2022-11-08T14:39:22","modified_gmt":"2022-11-08T13:39:22","slug":"el-gordo","status":"publish","type":"page","link":"https:\/\/onlinelotto365.com\/cs\/hrat\/el-gordo\/","title":{"rendered":"Jak se mohou obyvatel\u00e9 \u010cesk\u00e9 republiky z\u00fa\u010dastnit sout\u011b\u017ee El Gordo?"},"content":{"rendered":"<p>Pokud \u017eijete ve \u0160pan\u011blsku, tak V\u00e1m ani nen\u00ed nutn\u00e9 vykl\u00e1dat, jak vzru\u0161uj\u00edc\u00ed je loterie El Gordo. Bohu\u017eel v\u0161ak v\u011bt\u0161ina hr\u00e1\u010d\u016f loterie zde ne\u017eije a v\u011bt\u0161ina nav\u00edc nikdy ani o nejv\u011bt\u0161\u00ed \u0161pan\u011blsk\u00e9 loterii nesly\u0161ela. A\u017e do ned\u00e1vna to bylo vlastn\u011b jedno, proto\u017ee se na jin\u00fdch m\u00edstech na sv\u011bt\u011b ani hr\u00e1t nedala, nebo\u0165 se tikety daly koupit pouze ve \u0160pan\u011blsku.<\/p>\n<p>D\u00edky kr\u00e1s\u00e1m internetu se v\u0161ak do hry El Gordo m\u016f\u017ee zapojit ka\u017ed\u00fd den p\u0159es 150 000 hr\u00e1\u010d\u016f z v\u00edce ne\u017e 140 r\u016fzn\u00fdch zem\u00ed. Jedin\u00e9, co mus\u00edte ud\u011blat je koupit si tikety, co\u017e nyn\u00ed jde ud\u011blat i online. A my jsme tu pro V\u00e1s, abychom V\u00e1m pomohli.<\/p>\n<p>Existuje skv\u011bl\u00e1 slu\u017eba, kter\u00e1 se naz\u00fdv\u00e1 RedFoxLotto, kde si nejen m\u016f\u017eete koupit tikety k loterii El Gordo online, ale tak\u00e9 si zde m\u016f\u017eete zakoupit tikety ke v\u0161em velk\u00fdm sv\u011btov\u00fdm loteri\u00edm. V\u0161echno V\u00e1m usnadn\u00ed a b\u011bhem pouze p\u00e1r minut si m\u016f\u017eete vyzvednout kolik jen budete cht\u00edt tiket\u016f na dal\u0161\u00ed losov\u00e1n\u00ed a to k jak\u00e9koli z velk\u00fdch loteri\u00ed budete cht\u00edt.<\/p>\n<p>D\u00edky t\u00e9to online slu\u017eb\u011b narostlo vzru\u0161en\u00ed z hran\u00ed loteri\u00ed do obrovsk\u00fdch rozm\u011br\u016f. Vezm\u011bte si, jak m\u00e1te r\u00e1di hran\u00ed loteri\u00ed a vyn\u00e1sobte to des\u00edti \u010di dvac\u00edti. P\u0159esn\u011b takov\u00e9 to bude. Jen si to p\u0159edstavte. Aby se tak stalo, sta\u010d\u00ed se zaregistrovat na RedFoxLotto a v\u0161e se stane skute\u010dnost\u00ed.<\/p>\n<p><a href=\"https:\/\/redfoxlotto.com\/cs\/hrat\/el-gordo-primitiva\/?ref=a8564250a2&amp;medium=ol365\" target=\"_blank\" rel=\"noopener noreferrer\"> <img decoding=\"async\" class=\"aligncenter\" src=\"https:\/\/redfoxlotto.com\/image?size=8&amp;lottery=el-gordo-primitiva\" alt=\"el gordo la primitiva\" \/> <\/a><\/p>\n<h2>El Gordo znamen\u00e1 To velk\u00e9<\/h2>\n<p>Jackpoty El Gordo jsou v\u0161echny obrovsk\u00e9, co\u017e je n\u011bco, co v\u0161ichni hr\u00e1\u010di loteri\u00ed miluj\u00ed. Dny, kdy jste museli dlouho \u010dekat na to, ne\u017e vyroste jackpot Va\u0161\u00ed obl\u00edben\u00e9 loterie a lidi si za\u010dnou kupovat tikety, jsou ji\u017e d\u00e1vno minulost\u00ed.<\/p>\n<p>Nyn\u00ed existuje po sv\u011bt\u011b spousta loteri\u00ed, kter\u00e9 za\u010d\u00ednaj\u00ed na ohromn\u011b velk\u00fdch jackpotech, kter\u00e9 jen s postupem \u010dasu st\u00e1le rostou. A tato loterie je p\u0159esn\u011b jednou z nich. Nap\u0159\u00edklad, v dob\u011b psan\u00ed tohoto \u010dl\u00e1nku, je v\u00fd\u0161e jackpotu 23 milion\u016f euro.<\/p>\n<p>Jsem si naprosto jist, \u017ee tak\u00e9 milujete obrovsk\u00e9 jackpoty. RedFoxLotto pro V\u00e1s maj\u00ed k dispozici ale i dal\u0161\u00ed slu\u017eby. Nejde jen o hran\u00ed jedn\u00e9 loterie, v\u0161ichni jich chceme hr\u00e1t v\u00edce. El Gordo je ur\u010dit\u011b jedna z t\u011bch loteri\u00ed, kterou se vyplat\u00ed hr\u00e1t.<\/p>\n<h2>O El Gordovi<\/h2>\n<ul>\n<li>Zem\u011b: \u0160pan\u011blsko<\/li>\n<li><span style=\"font-size: 16px;\"> Rozsah hlavn\u00edch \u010d\u00edsel: 54 <\/span><\/li>\n<li>Vyberete: 5<\/li>\n<li>Rozsah dal\u0161\u00edch \u010d\u00edsel: \u017e\u00e1dn\u00fd<\/li>\n<li>Vyberete: \u017e\u00e1dn\u00fd<\/li>\n<li>Rem\u00edzy, hodiny: ned\u011ble, 21:30 SE\u010c, 21:30 SE\u010c<\/li>\n<li>Minim\u00e1ln\u00ed jackpot: 4 miliony EUR<\/li>\n<li>Maxim\u00e1ln\u00ed limit jackpotu: \u017e\u00e1dn\u00e9 maximum<\/li>\n<li>Pravd\u011bpodobnost v\u00fdhry jackpotu: 1 z 31.625.100<\/li>\n<li>Pravd\u011bpodobnost v\u00fdhry 2. \u00farovn\u011b: 1 z 3,513,900<\/li>\n<li>Pravd\u011bpodobnost v\u00fdhry v jak\u00e9koli \u00farovni: 1 ze 6,16<\/li>\n<li>Speci\u00e1ln\u00ed akce pro El Gordo: V\u00e1no\u010dn\u00ed speci\u00e1l<\/li>\n<\/ul>\n<p>Kuten monissa suurissa arpajaisissa, arvonnassa on kaksi osaa. Ensimm\u00e4isess\u00e4 osassa valitaan 5 numeroa 54 numeron joukosta. Jos onnistut siin\u00e4, sinua odottaa jo nyt eritt\u00e4in suuri palkinto. Sitten, jos sek\u00e4 5 numeroa ett\u00e4 avainluku 1-9 t\u00e4sm\u00e4\u00e4v\u00e4t, olet onnistunut ja voittanut suuren j\u00e4ttipotin.<\/p>\n<p>El Gordossa on yhteens\u00e4 9 erilaista palkintoluokkaa, alkaen pelk\u00e4st\u00e4 kriittisen numeron t\u00e4sm\u00e4\u00e4misest\u00e4 v\u00e4lille 1-9 aina isoon voittoon asti. Vaikka me kaikki todella haluamme voittaa j\u00e4ttipotteja, on varmasti mukavaa, kun voitat mink\u00e4 tahansa suuruisen palkinnon, ja Espanjan suosituin lotto antaa siihen jopa paremmat mahdollisuudet kuin jotkut muut lotot.<\/p>\n<p>Lis\u00e4ksi toisin kuin joissakin maissa, lottovoitot ovat Espanjassa verovapaita. Sinun voi joutua ilmoittamaan voittosi hallitukselle tai olla ilmoittamatta sit\u00e4, riippuen asuinpaikastasi, mutta joissakin paikoissa lottovoitoista pid\u00e4tet\u00e4\u00e4n veroja, vaikka lottovoitot saattavat olla verovapaita kotimaassasi. Vaikka voit saada n\u00e4m\u00e4 rahat takaisin, se on hankalaa, mutta sinun ei tarvitse huolehtia siit\u00e4 El Gordon kanssa.<\/p>\n<p>Kuitenkin jopa maissa, joissa n\u00e4in tehd\u00e4\u00e4n, aina kun osut j\u00e4ttipottiin, rahat, jotka saat ennakkoon verojen pid\u00e4tt\u00e4misell\u00e4 tai ilman, riitt\u00e4v\u00e4t sinulle varmasti joka tapauksessa pitk\u00e4ksi aikaa, joten t\u00e4m\u00e4n ei pit\u00e4isi oikeastaan huolestuttaa sinua. Sinun ei my\u00f6sk\u00e4\u00e4n pit\u00e4isi joutua matkustamaan Espanjaan noutamaan miljooniasi. Matkustat luultavasti paljon enemm\u00e4nkin, ja voit yht\u00e4 hyvin aloittaa urasi jet setterin\u00e4 t\u00e4ll\u00e4 matkalla.<\/p>\n<h2>Miksi j\u00e4tt\u00e4isit El Gordon v\u00e4liin, koska sinun ei tarvitse tehd\u00e4 sit\u00e4 nyt?<\/h2>\n<p>Sinulla on jo vuosia ollut hyv\u00e4 tekosyy olla pelaamatta El Gordo -lottoa, koska asut T\u0161ekin tasavallassa etk\u00e4 Espanjassa. N\u00e4in ei kuitenkaan onneksi en\u00e4\u00e4 ole. Kuka tiet\u00e4\u00e4, kuinka paljon rahaa olisit voinut voittaa, jos olisit pelannut t\u00e4t\u00e4 ja kaikkia muita maailman suurimpia lottoja koko ajan?<\/p>\n<p>No, sinun ei tarvitse en\u00e4\u00e4 mietti\u00e4 t\u00e4t\u00e4, sill\u00e4 me tuomme El Gordon nyt suoraan kotiisi, sinne miss\u00e4 istut juuri nyt. Tied\u00e4n, ett\u00e4 rakastat lottopelaamista, muuten et lukisi t\u00e4t\u00e4. Miksi et hemmottelisi itse\u00e4si El Gordo -lottokupongilla juuri nyt? Kun kerran olet siin\u00e4, mikset tutustuisi kaikkeen muuhunkin, mit\u00e4 meill\u00e4 on tarjota sinulle?<\/p>\n<h2>Miten tarkistaa El Gordon tulokset<\/h2>\n<p>Voit palata t\u00e4nne tarkistamaan voittonumerot ja vertaamaan niit\u00e4 El Gordo -lottokuponkeihisi. N\u00e4yt\u00e4mme sinulle viimeisimm\u00e4t voittonumerot vierekk\u00e4in oman lippusi numeroiden kanssa. Voit tietysti my\u00f6s n\u00e4hd\u00e4, kuinka paljon voitit, jos voitit.<\/p>\n<p>Voittojen saaminen tilillesi kuuluu my\u00f6s palveluumme. Se, miten saat maksun, riippuu siit\u00e4, kuinka paljon voitit. Emme ota rahaa voitoistasi t\u00e4t\u00e4 palvelua varten.<\/p>\n","protected":false},"excerpt":{"rendered":"<p>Pokud \u017eijete ve \u0160pan\u011blsku, tak V\u00e1m ani nen\u00ed nutn\u00e9 vykl\u00e1dat, jak vzru\u0161uj\u00edc\u00ed je loterie El Gordo. Bohu\u017eel v\u0161ak v\u011bt\u0161ina hr\u00e1\u010d\u016f loterie zde ne\u017eije a v\u011bt\u0161ina nav\u00edc nikdy ani o nejv\u011bt\u0161\u00ed \u0161pan\u011blsk\u00e9 loterii nesly\u0161ela. A\u017e do ned\u00e1vna to bylo vlastn\u011b jedno, proto\u017ee se na jin\u00fdch m\u00edstech na sv\u011bt\u011b ani hr\u00e1t nedala, nebo\u0165 se tikety daly koupit [&hellip;]<\/p>\n","protected":false},"author":1,"featured_media":0,"parent":5012,"menu_order":6,"comment_status":"closed","ping_status":"closed","template":"el-gordo.php","meta":{"_et_pb_use_builder":"","_et_pb_old_content":"","_et_gb_content_width":"","exclude_from_search":false,"footnotes":""},"class_list":["post-9955","page","type-page","status-publish","hentry"],"yoast_head":"<!-- This site is optimized with the Yoast SEO plugin v23.4 - https:\/\/yoast.com\/wordpress\/plugins\/seo\/ -->\n<title>Hrajte El Gordo online z \u010cesk\u00e9 republiky | Mohu se z\u00fa\u010dastnit El Gordo, pokud \u017eiji v \u010cesk\u00e9 republice?<\/title>\n<meta name=\"description\" content=\"Hrajte El Gordo Lotto zde - nejv\u011bt\u0161\u00ed \u0161pan\u011blsk\u00e1 loterie, dostupn\u00e1 online z jak\u00e9koli zem\u011b\" \/>\n<meta name=\"robots\" content=\"index, follow, max-snippet:-1, max-image-preview:large, max-video-preview:-1\" \/>\n<link rel=\"canonical\" href=\"https:\/\/onlinelotto365.com\/cs\/hrat\/el-gordo\/\" \/>\n<meta property=\"og:locale\" content=\"cs_CZ\" \/>\n<meta property=\"og:type\" content=\"article\" \/>\n<meta property=\"og:title\" content=\"Hrajte El Gordo online z \u010cesk\u00e9 republiky | Mohu se z\u00fa\u010dastnit El Gordo, pokud \u017eiji v \u010cesk\u00e9 republice?\" \/>\n<meta property=\"og:description\" content=\"Hrajte El Gordo Lotto zde - nejv\u011bt\u0161\u00ed \u0161pan\u011blsk\u00e1 loterie, dostupn\u00e1 online z jak\u00e9koli zem\u011b\" \/>\n<meta property=\"og:url\" content=\"https:\/\/onlinelotto365.com\/cs\/hrat\/el-gordo\/\" \/>\n<meta property=\"og:site_name\" content=\"OnlineLotto365\" \/>\n<meta property=\"article:modified_time\" content=\"2022-11-08T13:39:22+00:00\" \/>\n<meta property=\"og:image\" content=\"https:\/\/redfoxlotto.com\/image?size=8&amp;lottery=el-gordo-primitiva\" \/>\n<meta name=\"twitter:card\" content=\"summary_large_image\" \/>\n<meta name=\"twitter:label1\" content=\"Odhadovan\u00e1 doba \u010dten\u00ed\" \/>\n\t<meta name=\"twitter:data1\" content=\"4 minuty\" \/>\n<script type=\"application\/ld+json\" class=\"yoast-schema-graph\">{\"@context\":\"https:\/\/schema.org\",\"@graph\":[{\"@type\":\"WebPage\",\"@id\":\"https:\/\/onlinelotto365.com\/cs\/hrat\/el-gordo\/\",\"url\":\"https:\/\/onlinelotto365.com\/cs\/hrat\/el-gordo\/\",\"name\":\"Hrajte El Gordo online z \u010cesk\u00e9 republiky | Mohu se z\u00fa\u010dastnit El Gordo, pokud \u017eiji v \u010cesk\u00e9 republice?\",\"isPartOf\":{\"@id\":\"https:\/\/onlinelotto365.com\/cs\/#website\"},\"primaryImageOfPage\":{\"@id\":\"https:\/\/onlinelotto365.com\/cs\/hrat\/el-gordo\/#primaryimage\"},\"image\":{\"@id\":\"https:\/\/onlinelotto365.com\/cs\/hrat\/el-gordo\/#primaryimage\"},\"thumbnailUrl\":\"https:\/\/redfoxlotto.com\/image?size=8&amp;lottery=el-gordo-primitiva\",\"datePublished\":\"2020-12-16T04:35:10+00:00\",\"dateModified\":\"2022-11-08T13:39:22+00:00\",\"description\":\"Hrajte El Gordo Lotto zde - nejv\u011bt\u0161\u00ed \u0161pan\u011blsk\u00e1 loterie, dostupn\u00e1 online z jak\u00e9koli zem\u011b\",\"breadcrumb\":{\"@id\":\"https:\/\/onlinelotto365.com\/cs\/hrat\/el-gordo\/#breadcrumb\"},\"inLanguage\":\"cs\",\"potentialAction\":[{\"@type\":\"ReadAction\",\"target\":[\"https:\/\/onlinelotto365.com\/cs\/hrat\/el-gordo\/\"]}]},{\"@type\":\"ImageObject\",\"inLanguage\":\"cs\",\"@id\":\"https:\/\/onlinelotto365.com\/cs\/hrat\/el-gordo\/#primaryimage\",\"url\":\"https:\/\/redfoxlotto.com\/image?size=8&amp;lottery=el-gordo-primitiva\",\"contentUrl\":\"https:\/\/redfoxlotto.com\/image?size=8&amp;lottery=el-gordo-primitiva\"},{\"@type\":\"BreadcrumbList\",\"@id\":\"https:\/\/onlinelotto365.com\/cs\/hrat\/el-gordo\/#breadcrumb\",\"itemListElement\":[{\"@type\":\"ListItem\",\"position\":1,\"name\":\"Home\",\"item\":\"https:\/\/onlinelotto365.com\/cs\/\"},{\"@type\":\"ListItem\",\"position\":2,\"name\":\"V\u0161e, co mus\u00edte v\u011bd\u011bt o mo\u017enostech hran\u00ed nejlep\u0161\u00edch loteri\u00ed online\",\"item\":\"https:\/\/onlinelotto365.com\/cs\/play\/\"},{\"@type\":\"ListItem\",\"position\":3,\"name\":\"Jak se mohou obyvatel\u00e9 \u010cesk\u00e9 republiky z\u00fa\u010dastnit sout\u011b\u017ee El Gordo?\"}]},{\"@type\":\"WebSite\",\"@id\":\"https:\/\/onlinelotto365.com\/cs\/#website\",\"url\":\"https:\/\/onlinelotto365.com\/cs\/\",\"name\":\"OnlineLotto365\",\"description\":\"\",\"potentialAction\":[{\"@type\":\"SearchAction\",\"target\":{\"@type\":\"EntryPoint\",\"urlTemplate\":\"https:\/\/onlinelotto365.com\/cs\/?s={search_term_string}\"},\"query-input\":{\"@type\":\"PropertyValueSpecification\",\"valueRequired\":true,\"valueName\":\"search_term_string\"}}],\"inLanguage\":\"cs\"}]}<\/script>\n<!-- \/ Yoast SEO plugin. -->","yoast_head_json":{"title":"Hrajte El Gordo online z \u010cesk\u00e9 republiky | Mohu se z\u00fa\u010dastnit El Gordo, pokud \u017eiji v \u010cesk\u00e9 republice?","description":"Hrajte El Gordo Lotto zde - nejv\u011bt\u0161\u00ed \u0161pan\u011blsk\u00e1 loterie, dostupn\u00e1 online z jak\u00e9koli zem\u011b","robots":{"index":"index","follow":"follow","max-snippet":"max-snippet:-1","max-image-preview":"max-image-preview:large","max-video-preview":"max-video-preview:-1"},"canonical":"https:\/\/onlinelotto365.com\/cs\/hrat\/el-gordo\/","og_locale":"cs_CZ","og_type":"article","og_title":"Hrajte El Gordo online z \u010cesk\u00e9 republiky | Mohu se z\u00fa\u010dastnit El Gordo, pokud \u017eiji v \u010cesk\u00e9 republice?","og_description":"Hrajte El Gordo Lotto zde - nejv\u011bt\u0161\u00ed \u0161pan\u011blsk\u00e1 loterie, dostupn\u00e1 online z jak\u00e9koli zem\u011b","og_url":"https:\/\/onlinelotto365.com\/cs\/hrat\/el-gordo\/","og_site_name":"OnlineLotto365","article_modified_time":"2022-11-08T13:39:22+00:00","og_image":[{"url":"https:\/\/redfoxlotto.com\/image?size=8&amp;lottery=el-gordo-primitiva"}],"twitter_card":"summary_large_image","twitter_misc":{"Odhadovan\u00e1 doba \u010dten\u00ed":"4 minuty"},"schema":{"@context":"https:\/\/schema.org","@graph":[{"@type":"WebPage","@id":"https:\/\/onlinelotto365.com\/cs\/hrat\/el-gordo\/","url":"https:\/\/onlinelotto365.com\/cs\/hrat\/el-gordo\/","name":"Hrajte El Gordo online z \u010cesk\u00e9 republiky | Mohu se z\u00fa\u010dastnit El Gordo, pokud \u017eiji v \u010cesk\u00e9 republice?","isPartOf":{"@id":"https:\/\/onlinelotto365.com\/cs\/#website"},"primaryImageOfPage":{"@id":"https:\/\/onlinelotto365.com\/cs\/hrat\/el-gordo\/#primaryimage"},"image":{"@id":"https:\/\/onlinelotto365.com\/cs\/hrat\/el-gordo\/#primaryimage"},"thumbnailUrl":"https:\/\/redfoxlotto.com\/image?size=8&amp;lottery=el-gordo-primitiva","datePublished":"2020-12-16T04:35:10+00:00","dateModified":"2022-11-08T13:39:22+00:00","description":"Hrajte El Gordo Lotto zde - nejv\u011bt\u0161\u00ed \u0161pan\u011blsk\u00e1 loterie, dostupn\u00e1 online z jak\u00e9koli zem\u011b","breadcrumb":{"@id":"https:\/\/onlinelotto365.com\/cs\/hrat\/el-gordo\/#breadcrumb"},"inLanguage":"cs","potentialAction":[{"@type":"ReadAction","target":["https:\/\/onlinelotto365.com\/cs\/hrat\/el-gordo\/"]}]},{"@type":"ImageObject","inLanguage":"cs","@id":"https:\/\/onlinelotto365.com\/cs\/hrat\/el-gordo\/#primaryimage","url":"https:\/\/redfoxlotto.com\/image?size=8&amp;lottery=el-gordo-primitiva","contentUrl":"https:\/\/redfoxlotto.com\/image?size=8&amp;lottery=el-gordo-primitiva"},{"@type":"BreadcrumbList","@id":"https:\/\/onlinelotto365.com\/cs\/hrat\/el-gordo\/#breadcrumb","itemListElement":[{"@type":"ListItem","position":1,"name":"Home","item":"https:\/\/onlinelotto365.com\/cs\/"},{"@type":"ListItem","position":2,"name":"V\u0161e, co mus\u00edte v\u011bd\u011bt o mo\u017enostech hran\u00ed nejlep\u0161\u00edch loteri\u00ed online","item":"https:\/\/onlinelotto365.com\/cs\/play\/"},{"@type":"ListItem","position":3,"name":"Jak se mohou obyvatel\u00e9 \u010cesk\u00e9 republiky z\u00fa\u010dastnit sout\u011b\u017ee El Gordo?"}]},{"@type":"WebSite","@id":"https:\/\/onlinelotto365.com\/cs\/#website","url":"https:\/\/onlinelotto365.com\/cs\/","name":"OnlineLotto365","description":"","potentialAction":[{"@type":"SearchAction","target":{"@type":"EntryPoint","urlTemplate":"https:\/\/onlinelotto365.com\/cs\/?s={search_term_string}"},"query-input":{"@type":"PropertyValueSpecification","valueRequired":true,"valueName":"search_term_string"}}],"inLanguage":"cs"}]}},"_links":{"self":[{"href":"https:\/\/onlinelotto365.com\/cs\/wp-json\/wp\/v2\/pages\/9955","targetHints":{"allow":["GET"]}}],"collection":[{"href":"https:\/\/onlinelotto365.com\/cs\/wp-json\/wp\/v2\/pages"}],"about":[{"href":"https:\/\/onlinelotto365.com\/cs\/wp-json\/wp\/v2\/types\/page"}],"author":[{"embeddable":true,"href":"https:\/\/onlinelotto365.com\/cs\/wp-json\/wp\/v2\/users\/1"}],"replies":[{"embeddable":true,"href":"https:\/\/onlinelotto365.com\/cs\/wp-json\/wp\/v2\/comments?post=9955"}],"version-history":[{"count":0,"href":"https:\/\/onlinelotto365.com\/cs\/wp-json\/wp\/v2\/pages\/9955\/revisions"}],"up":[{"embeddable":true,"href":"https:\/\/onlinelotto365.com\/cs\/wp-json\/wp\/v2\/pages\/5012"}],"wp:attachment":[{"href":"https:\/\/onlinelotto365.com\/cs\/wp-json\/wp\/v2\/media?parent=9955"}],"curies":[{"name":"wp","href":"https:\/\/api.w.org\/{rel}","templated":true}]}}