{"id":9958,"date":"2020-12-16T05:39:41","date_gmt":"2020-12-16T04:39:41","guid":{"rendered":"http:\/\/onlinelotto365.net\/?page_id=9958"},"modified":"2021-02-25T15:39:58","modified_gmt":"2021-02-25T14:39:58","slug":"mega-millions","status":"publish","type":"page","link":"https:\/\/onlinelotto365.com\/cs\/hrat\/mega-millions\/","title":{"rendered":"Mega Millions online"},"content":{"rendered":"<h1>Z\u00edskejte los na tu nejv\u011bt\u0161\u00ed americkou loterii z \u010cesk\u00e9 Republiky<\/h1>\n<p>P\u0159ed ned\u00e1vnem, 13. \u00fanora 2016 vyhr\u00e1li ve Spojen\u00fdch St\u00e1tech t\u0159i \u0161\u0165astlivci ten nejv\u011bt\u0161\u00ed jackpot v historii loterie Powerball. D\u00edky nebesk\u00e9mu jackpotu ve v\u00fd\u0161i 1.5 miliardy americk\u00fdch dolar\u016f st\u00e1ly po cel\u00fdch Spojen\u00fdch St\u00e1tech p\u0159ed sv\u00fdmi lok\u00e1ln\u00edmi prodejnami z\u00e1stupy lid\u00ed klidn\u011b i cel\u00e9 hodiny. Ale co hr\u00e1\u010di z \u010cesk\u00e9 Republiky? Byla jim odep\u0159ena mo\u017enost n\u00e1kupu losu na Mega Millions pokud se v tu dobu nepohybovali na \u00fazem\u00ed Spojen\u00fdch St\u00e1t\u016f? Samoz\u0159ejm\u011b \u017ee ne, ale \u010dasto nev\u011bd\u011bli, \u017ee se t\u00e9to skv\u011bl\u00e9 loterie mohou z\u00fa\u010dastnit i z \u010ceska!<\/p>\n<p>Los na americk\u00e9 loterie si m\u016f\u017eete koupit p\u0159es internet. D\u00edky internetu se dve\u0159e ke skv\u011bl\u00fdm jackpot\u016fm otev\u00edraj\u00ed i lidem \u017eij\u00edc\u00edm mimo Spojen\u00e9 St\u00e1ty.<br \/>\nPokud si p\u0159ejete hr\u00e1t, <span style=\"text-decoration: underline;\"><a href=\"https:\/\/redfoxlotto.com\/cs\/?ref=A8564250A2&amp;campaign=ol\" target=\"_blank\" rel=\"noopener\">sta\u010d\u00ed n\u00e1sledovat tento odkaz na prodejn\u00ed slu\u017ebu RedFoxLotto<\/a><\/span>, kter\u00e1 v\u00e1m v\u00e1\u0161 los obstar\u00e1. Sta\u010d\u00ed si vybrat va\u0161e \u010d\u00edsla, zaplatit online a b\u011bhem n\u011bkolika hodin obdr\u017e\u00edte v\u00e1\u0161 los na Mega Millions.<\/p>\n<p><a href=\"https:\/\/redfoxlotto.com\/cs\/hrat\/mega-millions\/?ref=a8564250a2&amp;medium=ol365\" target=\"_blank\" rel=\"noopener noreferrer\"> <img decoding=\"async\" class=\"aligncenter\" src=\" https:\/\/redfoxlotto.com\/image?size=8&amp;lottery=mega-millions \" alt=\" mega miliony \" \/> <\/a><\/p>\n<h2>O Mega Millions<\/h2>\n<ul>\n<li>Zem\u011b: USA<\/li>\n<li>Rozsah hlavn\u00edch \u010d\u00edsel: 70<\/li>\n<li>Mus\u00edte vybrat: 5<\/li>\n<li>Rozsah dal\u0161\u00edch \u010d\u00edsel: 25<\/li>\n<li>Mus\u00edte vybrat: 1<\/li>\n<li>Dny, hodiny losov\u00e1n\u00ed: \u00fater\u00fd, p\u00e1tek, 21:00 EST &#8211; +1 den 3:00 SE\u010c<\/li>\n<li>Jackpot za\u010d\u00edn\u00e1 na: 40 milion\u016f $<\/li>\n<li>Jackpot je omezen na: \u017e\u00e1dn\u00fd<\/li>\n<li>\u0160ance na v\u00fdhru jackpotu: 1 z 175711536<\/li>\n<li>\u0160ance na v\u00fdhru druh\u00e9 ceny: 1 z 3819816<\/li>\n<li>\u0160ance na v\u00fdhru jak\u00e9koli ceny: 1 z 24,12<\/li>\n<li>Po\u010det kategori\u00ed cen: 9<\/li>\n<\/ul>\n<h2>Vsa\u010fte si Mega Millions z \u010cesk\u00e9 Republiky<\/h2>\n<p>Funguje to n\u00e1sledovn\u011b: pot\u00e9, co si vyberte va\u0161e \u010d\u00edsla a zaplat\u00edte, bude skrze agenta zakoupen los na jednom z prodejn\u00edch m\u00edst v USA. Agent, kter\u00fd los zakoup\u00ed, se ujist\u00ed, \u017ee je na n\u011bm va\u0161e jm\u00e9no a va\u0161e v\u00fdhern\u00ed kombinace \u010d\u00edsel a posl\u00e9ze v\u00e1m za\u0161le oskenovanou kopii tohoto losu.<\/p>\n<p>Pokud vyhrajete, z\u00e1vis\u00ed v\u0161e na hodnot\u011b va\u0161\u00ed v\u00fdhry. Pokud m\u00e1 v\u00fdhra hodnotu pod \u20ac2500, bude cel\u00e1 suma zasl\u00e1na na v\u00e1\u0161 \u00fa\u010det. Finance pot\u00e9 m\u016f\u017eete vybrat, \u010di je pou\u017e\u00edt na n\u00e1kup dal\u0161\u00edch los\u016f. Pokud vyhrajete v\u00edce ne\u017e \u20ac2500, za\u0161le v\u00e1m RedFoxLotto formul\u00e1\u0159, kter\u00fd budete muset vyplnit a emailem zaslat zp\u011bt. RedFoxLotto tento vypln\u011bn\u00fd formul\u00e1\u0159 p\u0159epo\u0161le komisi loterie u kter\u00e9 jste vyhr\u00e1li a pot\u00e9 v\u00e1m za\u0161le va\u0161i v\u00fdhru.<\/p>\n<p>Je nutn\u00e9 si uv\u011bdomit, \u017ee je RedFoxLotto leg\u00e1ln\u00ed a spolehlivou kur\u00fdrskou slu\u017ebou. N\u00e1kupem losu online m\u00e1te kontrakt se samotnou loteri\u00ed \u2013 co\u017e zaji\u0161\u0165uje, \u017ee pen\u00edze kter\u00e9 vyhrajete, opravdu p\u0159ijdou od loterijn\u00ed spole\u010dnosti!<\/p>\n<h2>Dal\u0161\u00ed loterie, na kter\u00e9 si m\u016f\u017eete z \u010cesk\u00e9 Republiky vsadit<\/h2>\n<p>Skrze tuto slu\u017ebu si m\u016f\u017eete zakoupit losy pro v\u00edce ne\u017e 20 nejv\u011bt\u0161\u00edch loteri\u00ed z cel\u00e9ho sv\u011bta. I kdy\u017e se zrovna nach\u00e1z\u00edte v \u010cesk\u00e9 Republice, m\u016f\u017eete vsadit na mnoho loteri\u00ed z jin\u00fdch zem\u00ed.<\/p>\n","protected":false},"excerpt":{"rendered":"<p>Z\u00edskejte los na tu nejv\u011bt\u0161\u00ed americkou loterii z \u010cesk\u00e9 Republiky P\u0159ed ned\u00e1vnem, 13. \u00fanora 2016 vyhr\u00e1li ve Spojen\u00fdch St\u00e1tech t\u0159i \u0161\u0165astlivci ten nejv\u011bt\u0161\u00ed jackpot v historii loterie Powerball. D\u00edky nebesk\u00e9mu jackpotu ve v\u00fd\u0161i 1.5 miliardy americk\u00fdch dolar\u016f st\u00e1ly po cel\u00fdch Spojen\u00fdch St\u00e1tech p\u0159ed sv\u00fdmi lok\u00e1ln\u00edmi prodejnami z\u00e1stupy lid\u00ed klidn\u011b i cel\u00e9 hodiny. Ale co hr\u00e1\u010di [&hellip;]<\/p>\n","protected":false},"author":1,"featured_media":0,"parent":5012,"menu_order":2,"comment_status":"closed","ping_status":"closed","template":"megamillion.php","meta":{"_et_pb_use_builder":"","_et_pb_old_content":"","_et_gb_content_width":"","exclude_from_search":false,"footnotes":""},"class_list":["post-9958","page","type-page","status-publish","hentry"],"yoast_head":"<!-- This site is optimized with the Yoast SEO plugin v23.4 - https:\/\/yoast.com\/wordpress\/plugins\/seo\/ -->\n<title>Hrajte americkou loterii Mega Millions z \u010cesk\u00e9 Republiky<\/title>\n<meta name=\"description\" content=\"Nyn\u00ed si m\u016f\u017eete zahr\u00e1t tak\u00e9 Mega Millions - na\u0161e online slu\u017eba v\u00e1m umo\u017en\u00ed z\u00edskat vstupenky Mega Millions z \u010cesk\u00e9 republiky\" \/>\n<meta name=\"robots\" content=\"index, follow, max-snippet:-1, max-image-preview:large, max-video-preview:-1\" \/>\n<link rel=\"canonical\" href=\"https:\/\/onlinelotto365.com\/cs\/hrat\/mega-millions\/\" \/>\n<meta property=\"og:locale\" content=\"cs_CZ\" \/>\n<meta property=\"og:type\" content=\"article\" \/>\n<meta property=\"og:title\" content=\"Hrajte americkou loterii Mega Millions z \u010cesk\u00e9 Republiky\" \/>\n<meta property=\"og:description\" content=\"Nyn\u00ed si m\u016f\u017eete zahr\u00e1t tak\u00e9 Mega Millions - na\u0161e online slu\u017eba v\u00e1m umo\u017en\u00ed z\u00edskat vstupenky Mega Millions z \u010cesk\u00e9 republiky\" \/>\n<meta property=\"og:url\" content=\"https:\/\/onlinelotto365.com\/cs\/hrat\/mega-millions\/\" \/>\n<meta property=\"og:site_name\" content=\"OnlineLotto365\" \/>\n<meta property=\"article:modified_time\" content=\"2021-02-25T14:39:58+00:00\" \/>\n<meta name=\"twitter:card\" content=\"summary_large_image\" \/>\n<meta name=\"twitter:label1\" content=\"Odhadovan\u00e1 doba \u010dten\u00ed\" \/>\n\t<meta name=\"twitter:data1\" content=\"3 minuty\" \/>\n<script type=\"application\/ld+json\" class=\"yoast-schema-graph\">{\"@context\":\"https:\/\/schema.org\",\"@graph\":[{\"@type\":\"WebPage\",\"@id\":\"https:\/\/onlinelotto365.com\/cs\/hrat\/mega-millions\/\",\"url\":\"https:\/\/onlinelotto365.com\/cs\/hrat\/mega-millions\/\",\"name\":\"Hrajte americkou loterii Mega Millions z \u010cesk\u00e9 Republiky\",\"isPartOf\":{\"@id\":\"https:\/\/onlinelotto365.com\/cs\/#website\"},\"datePublished\":\"2020-12-16T04:39:41+00:00\",\"dateModified\":\"2021-02-25T14:39:58+00:00\",\"description\":\"Nyn\u00ed si m\u016f\u017eete zahr\u00e1t tak\u00e9 Mega Millions - na\u0161e online slu\u017eba v\u00e1m umo\u017en\u00ed z\u00edskat vstupenky Mega Millions z \u010cesk\u00e9 republiky\",\"breadcrumb\":{\"@id\":\"https:\/\/onlinelotto365.com\/cs\/hrat\/mega-millions\/#breadcrumb\"},\"inLanguage\":\"cs\",\"potentialAction\":[{\"@type\":\"ReadAction\",\"target\":[\"https:\/\/onlinelotto365.com\/cs\/hrat\/mega-millions\/\"]}]},{\"@type\":\"BreadcrumbList\",\"@id\":\"https:\/\/onlinelotto365.com\/cs\/hrat\/mega-millions\/#breadcrumb\",\"itemListElement\":[{\"@type\":\"ListItem\",\"position\":1,\"name\":\"Home\",\"item\":\"https:\/\/onlinelotto365.com\/cs\/\"},{\"@type\":\"ListItem\",\"position\":2,\"name\":\"V\u0161e, co mus\u00edte v\u011bd\u011bt o mo\u017enostech hran\u00ed nejlep\u0161\u00edch loteri\u00ed online\",\"item\":\"https:\/\/onlinelotto365.com\/cs\/play\/\"},{\"@type\":\"ListItem\",\"position\":3,\"name\":\"Mega Millions online\"}]},{\"@type\":\"WebSite\",\"@id\":\"https:\/\/onlinelotto365.com\/cs\/#website\",\"url\":\"https:\/\/onlinelotto365.com\/cs\/\",\"name\":\"OnlineLotto365\",\"description\":\"\",\"potentialAction\":[{\"@type\":\"SearchAction\",\"target\":{\"@type\":\"EntryPoint\",\"urlTemplate\":\"https:\/\/onlinelotto365.com\/cs\/?s={search_term_string}\"},\"query-input\":{\"@type\":\"PropertyValueSpecification\",\"valueRequired\":true,\"valueName\":\"search_term_string\"}}],\"inLanguage\":\"cs\"}]}<\/script>\n<!-- \/ Yoast SEO plugin. -->","yoast_head_json":{"title":"Hrajte americkou loterii Mega Millions z \u010cesk\u00e9 Republiky","description":"Nyn\u00ed si m\u016f\u017eete zahr\u00e1t tak\u00e9 Mega Millions - na\u0161e online slu\u017eba v\u00e1m umo\u017en\u00ed z\u00edskat vstupenky Mega Millions z \u010cesk\u00e9 republiky","robots":{"index":"index","follow":"follow","max-snippet":"max-snippet:-1","max-image-preview":"max-image-preview:large","max-video-preview":"max-video-preview:-1"},"canonical":"https:\/\/onlinelotto365.com\/cs\/hrat\/mega-millions\/","og_locale":"cs_CZ","og_type":"article","og_title":"Hrajte americkou loterii Mega Millions z \u010cesk\u00e9 Republiky","og_description":"Nyn\u00ed si m\u016f\u017eete zahr\u00e1t tak\u00e9 Mega Millions - na\u0161e online slu\u017eba v\u00e1m umo\u017en\u00ed z\u00edskat vstupenky Mega Millions z \u010cesk\u00e9 republiky","og_url":"https:\/\/onlinelotto365.com\/cs\/hrat\/mega-millions\/","og_site_name":"OnlineLotto365","article_modified_time":"2021-02-25T14:39:58+00:00","twitter_card":"summary_large_image","twitter_misc":{"Odhadovan\u00e1 doba \u010dten\u00ed":"3 minuty"},"schema":{"@context":"https:\/\/schema.org","@graph":[{"@type":"WebPage","@id":"https:\/\/onlinelotto365.com\/cs\/hrat\/mega-millions\/","url":"https:\/\/onlinelotto365.com\/cs\/hrat\/mega-millions\/","name":"Hrajte americkou loterii Mega Millions z \u010cesk\u00e9 Republiky","isPartOf":{"@id":"https:\/\/onlinelotto365.com\/cs\/#website"},"datePublished":"2020-12-16T04:39:41+00:00","dateModified":"2021-02-25T14:39:58+00:00","description":"Nyn\u00ed si m\u016f\u017eete zahr\u00e1t tak\u00e9 Mega Millions - na\u0161e online slu\u017eba v\u00e1m umo\u017en\u00ed z\u00edskat vstupenky Mega Millions z \u010cesk\u00e9 republiky","breadcrumb":{"@id":"https:\/\/onlinelotto365.com\/cs\/hrat\/mega-millions\/#breadcrumb"},"inLanguage":"cs","potentialAction":[{"@type":"ReadAction","target":["https:\/\/onlinelotto365.com\/cs\/hrat\/mega-millions\/"]}]},{"@type":"BreadcrumbList","@id":"https:\/\/onlinelotto365.com\/cs\/hrat\/mega-millions\/#breadcrumb","itemListElement":[{"@type":"ListItem","position":1,"name":"Home","item":"https:\/\/onlinelotto365.com\/cs\/"},{"@type":"ListItem","position":2,"name":"V\u0161e, co mus\u00edte v\u011bd\u011bt o mo\u017enostech hran\u00ed nejlep\u0161\u00edch loteri\u00ed online","item":"https:\/\/onlinelotto365.com\/cs\/play\/"},{"@type":"ListItem","position":3,"name":"Mega Millions online"}]},{"@type":"WebSite","@id":"https:\/\/onlinelotto365.com\/cs\/#website","url":"https:\/\/onlinelotto365.com\/cs\/","name":"OnlineLotto365","description":"","potentialAction":[{"@type":"SearchAction","target":{"@type":"EntryPoint","urlTemplate":"https:\/\/onlinelotto365.com\/cs\/?s={search_term_string}"},"query-input":{"@type":"PropertyValueSpecification","valueRequired":true,"valueName":"search_term_string"}}],"inLanguage":"cs"}]}},"_links":{"self":[{"href":"https:\/\/onlinelotto365.com\/cs\/wp-json\/wp\/v2\/pages\/9958","targetHints":{"allow":["GET"]}}],"collection":[{"href":"https:\/\/onlinelotto365.com\/cs\/wp-json\/wp\/v2\/pages"}],"about":[{"href":"https:\/\/onlinelotto365.com\/cs\/wp-json\/wp\/v2\/types\/page"}],"author":[{"embeddable":true,"href":"https:\/\/onlinelotto365.com\/cs\/wp-json\/wp\/v2\/users\/1"}],"replies":[{"embeddable":true,"href":"https:\/\/onlinelotto365.com\/cs\/wp-json\/wp\/v2\/comments?post=9958"}],"version-history":[{"count":0,"href":"https:\/\/onlinelotto365.com\/cs\/wp-json\/wp\/v2\/pages\/9958\/revisions"}],"up":[{"embeddable":true,"href":"https:\/\/onlinelotto365.com\/cs\/wp-json\/wp\/v2\/pages\/5012"}],"wp:attachment":[{"href":"https:\/\/onlinelotto365.com\/cs\/wp-json\/wp\/v2\/media?parent=9958"}],"curies":[{"name":"wp","href":"https:\/\/api.w.org\/{rel}","templated":true}]}}