{"id":9960,"date":"2020-12-16T05:42:22","date_gmt":"2020-12-16T04:42:22","guid":{"rendered":"http:\/\/onlinelotto365.net\/?page_id=9960"},"modified":"2021-02-25T15:02:21","modified_gmt":"2021-02-25T14:02:21","slug":"euromillions","status":"publish","type":"page","link":"https:\/\/onlinelotto365.com\/cs\/hrat\/euromillions\/","title":{"rendered":"EuroMillions je nejv\u011bt\u0161\u00ed evropsk\u00e1 loterie"},"content":{"rendered":"<h2>V\u00edce loteri\u00ed pro hr\u00e1\u010de loterie z \u010cesk\u00e9 republiky<\/h2>\n<p>Va\u0161e m\u00edstn\u00ed loterie u\u017e V\u00e1m nesta\u010d\u00ed? Pokud jste v \u010cesk\u00e9 republice, loterie jako Euromillions ur\u010dit\u011b vypadaj\u00ed mnohem atraktivn\u011bji. Proto\u017ee jste ob\u010danem \u010cesk\u00e9 republiky, mo\u017en\u00e1 jste ani nem\u011bli mo\u017enost z\u00edskat p\u0159\u00edstup k t\u011bmto loteri\u00edm. Ale te\u010f se dr\u017ete \u2013 p\u0159ich\u00e1z\u00ed \u0159e\u0161en\u00ed!<\/p>\n<p><a href=\"https:\/\/redfoxlotto.com\/cs\/hrat\/euromillions\/?ref=a8564250a2&amp;medium=ol365\" target=\"_blank\" rel=\"noopener noreferrer\"> <img loading=\"lazy\" decoding=\"async\" class=\"aligncenter\" src=\"https:\/\/redfoxlotto.com\/image?size=8&amp;lottery=euromillions\" alt=\"Euromillions\" width=\"720\" height=\"90\" \/> <\/a><\/p>\n<h2>Dal\u0161\u00ed informace o Euromillions<\/h2>\n<ul>\n<li>Loterie se kon\u00e1 kde: r\u016fzn\u00e9 evropsk\u00e9 zem\u011b<\/li>\n<li>Z kolika hlavn\u00edch \u010d\u00edsel si m\u016f\u017eete vybrat: 50<\/li>\n<li>Mus\u00edte vybrat: 5<\/li>\n<li>Kolik dal\u0161\u00edch \u010d\u00edsel si m\u016f\u017eete vybrat: 12<\/li>\n<li>Mus\u00edte vybrat: 2<\/li>\n<li>Rem\u00edzy, hodiny: \u00fater\u00fd, p\u00e1tek 19:30 GMT &#8211; 20:30 SE\u010c<\/li>\n<li>Minim\u00e1ln\u00ed jackpot: 17 milion\u016f EUR<\/li>\n<li>Maxim\u00e1ln\u00ed v\u00fd\u0161e jackpotu: 190 milion\u016f EUR<\/li>\n<li>Mo\u017en\u00e1 kombinace \u010d\u00edsel pro v\u00fdhru jackpotu: 1 z 186,450,880<\/li>\n<li>Mo\u017en\u00e1 kombinace \u010d\u00edsel pro v\u00fdhru 2. \u00farovn\u011b: 1 za 2.118.760<\/li>\n<li>Pravd\u011bpodobnost v\u00fdhry v jak\u00e9koli \u00farovni: 1 z 12,98<\/li>\n<li>Kolik \u00farovn\u00ed cen: 13<\/li>\n<li>Zvl\u00e1\u0161tn\u00ed losov\u00e1n\u00ed pro Euromillions: t\u0159ikr\u00e1t ro\u010dn\u011b je jackpot nastaven na 140 milion\u016f EUR<\/li>\n<\/ul>\n<h2>RedFoxLotto v\u00e1m poskytuje p\u0159\u00edstup k Euromillions<\/h2>\n<p>Pokud nav\u0161t\u00edv\u00edte RedFoxLotto.com kliknut\u00edm na tento odkaz, prvn\u00ed v\u011bc, kterou uvid\u00edte, je seznam r\u016fzn\u00fdch mezin\u00e1rodn\u00edch loteri\u00ed. Seznam je se\u0159azen podle velikosti mo\u017en\u00e9 v\u00fdhry jackpotu. M\u016f\u017eete bu\u010f naj\u00edt Eurojackpot nebo Euromillions a kliknout na n\u011b, nebo pokud uvid\u00edte jinou loterii s je\u0161t\u011b vy\u0161\u0161\u00edm jackpotem, m\u016f\u017eete si vybrat ji. Pot\u00e9 si vyberete \u010d\u00edsla. Nebojte se, pokud nev\u00edte, na kolik \u010d\u00edsel mus\u00edte kliknout. Webov\u00e9 str\u00e1nky v\u00e1m sd\u011bl\u00ed, zda v\u00e1m p\u0159\u00edpadn\u011b chyb\u00ed n\u011bjak\u00e9 \u010d\u00edslo. Samoz\u0159ejm\u011b m\u016f\u017eete p\u0159idat dal\u0161\u00ed pokusy, a dokonce m\u016f\u017eete hr\u00e1t v\u00edce najednou loteri\u00ed. D\u00e1le se zaregistrujete u RedFoxLotto. Mus\u00edte potvrdit svou e-mailovou adresu \u2013 postupujte podle pokyn\u016f na obrazovce. Platba je tak\u00e9 velmi snadn\u00e1. Existuje cel\u00e1 \u0159ada mo\u017enost\u00ed, jako je Skrill, kreditn\u00ed karty nebo bankovn\u00ed p\u0159evod. Jakmile zaplat\u00edte, s\u00e1zenka se objev\u00ed na va\u0161em \u00fa\u010dtu. M\u016f\u017eete zkontrolovat sv\u00e1 \u010d\u00edsla a pot\u00e9, co byla vylosov\u00e1na \u010d\u00edsla do loterie, se na va\u0161em \u00fa\u010dtu zobraz\u00ed tak\u00e9 vyta\u017een\u00e1 \u010d\u00edsla vedle \u010d\u00edsel, kter\u00e1 jste vybrali. V\u00fdhern\u00ed \u010d\u00edsla jsou zv\u00fdrazn\u011bna, tak\u017ee m\u016f\u017eete rychle zjistit, zda va\u0161e s\u00e1zenky vyhr\u00e1ly nebo ne.<\/p>\n<h2>V\u00edce loteri\u00ed na v\u00fdb\u011br pro fanou\u0161ky loterie z \u010cesk\u00e9 republiky<\/h2>\n<p>Vedle Euromillions doporu\u010dujeme vyzkou\u0161et si velk\u00e9 americk\u00e9 loterie Powerball a Mega Millions. Jejich jackpoty jsou \u010dasto mnohem v\u011bt\u0161\u00ed, t\u0159eba \u010d\u00e1stky p\u0159es 300 milion\u016f dolar\u016f jsou pom\u011brn\u011b \u010dast\u00e9. Ale je tu tak\u00e9 italsk\u00e1 Superenalotto. Nejlep\u0161\u00ed, co m\u016f\u017eete p\u0159ed hran\u00edm ud\u011blat, je porovnat jackpoty. V\u017edy volit loterii s nejv\u011bt\u0161\u00edm jackpotem je jist\u011b strategie, kter\u00e1 d\u00e1v\u00e1 smysl z ekonomick\u00e9ho hlediska! Nenechte se odradit p\u0159ed hran\u00edm Eurojackpotu nebo Euromillions t\u00edm, \u017ee \u017eijete v \u010cesk\u00e9 republice \u2013 hrajte online je\u0161t\u011b dnes!<\/p>\n<p>&nbsp;<\/p>\n","protected":false},"excerpt":{"rendered":"<p>V\u00edce loteri\u00ed pro hr\u00e1\u010de loterie z \u010cesk\u00e9 republiky Va\u0161e m\u00edstn\u00ed loterie u\u017e V\u00e1m nesta\u010d\u00ed? Pokud jste v \u010cesk\u00e9 republice, loterie jako Euromillions ur\u010dit\u011b vypadaj\u00ed mnohem atraktivn\u011bji. Proto\u017ee jste ob\u010danem \u010cesk\u00e9 republiky, mo\u017en\u00e1 jste ani nem\u011bli mo\u017enost z\u00edskat p\u0159\u00edstup k t\u011bmto loteri\u00edm. Ale te\u010f se dr\u017ete \u2013 p\u0159ich\u00e1z\u00ed \u0159e\u0161en\u00ed! Dal\u0161\u00ed informace o Euromillions Loterie se kon\u00e1 [&hellip;]<\/p>\n","protected":false},"author":1,"featured_media":0,"parent":5012,"menu_order":3,"comment_status":"closed","ping_status":"closed","template":"euromillions.php","meta":{"_et_pb_use_builder":"","_et_pb_old_content":"","_et_gb_content_width":"","exclude_from_search":false,"footnotes":""},"class_list":["post-9960","page","type-page","status-publish","hentry"],"yoast_head":"<!-- This site is optimized with the Yoast SEO plugin v23.4 - https:\/\/yoast.com\/wordpress\/plugins\/seo\/ -->\n<title>Takto mohou fanou\u0161ci loterie z \u010cesk\u00e9 republiky hr\u00e1t Euromillions online<\/title>\n<meta name=\"description\" content=\"Hrajte EuroMillions Lotto s online tiketem, a to i z \u010cesk\u00e9 republiky.\" \/>\n<meta name=\"robots\" content=\"index, follow, max-snippet:-1, max-image-preview:large, max-video-preview:-1\" \/>\n<link rel=\"canonical\" href=\"https:\/\/onlinelotto365.com\/cs\/hrat\/euromillions\/\" \/>\n<meta property=\"og:locale\" content=\"cs_CZ\" \/>\n<meta property=\"og:type\" content=\"article\" \/>\n<meta property=\"og:title\" content=\"Takto mohou fanou\u0161ci loterie z \u010cesk\u00e9 republiky hr\u00e1t Euromillions online\" \/>\n<meta property=\"og:description\" content=\"Hrajte EuroMillions Lotto s online tiketem, a to i z \u010cesk\u00e9 republiky.\" \/>\n<meta property=\"og:url\" content=\"https:\/\/onlinelotto365.com\/cs\/hrat\/euromillions\/\" \/>\n<meta property=\"og:site_name\" content=\"OnlineLotto365\" \/>\n<meta property=\"article:modified_time\" content=\"2021-02-25T14:02:21+00:00\" \/>\n<meta property=\"og:image\" content=\"https:\/\/redfoxlotto.com\/image?size=8&amp;lottery=euromillions\" \/>\n<meta name=\"twitter:card\" content=\"summary_large_image\" \/>\n<meta name=\"twitter:label1\" content=\"Odhadovan\u00e1 doba \u010dten\u00ed\" \/>\n\t<meta name=\"twitter:data1\" content=\"2 minuty\" \/>\n<script type=\"application\/ld+json\" class=\"yoast-schema-graph\">{\"@context\":\"https:\/\/schema.org\",\"@graph\":[{\"@type\":\"WebPage\",\"@id\":\"https:\/\/onlinelotto365.com\/cs\/hrat\/euromillions\/\",\"url\":\"https:\/\/onlinelotto365.com\/cs\/hrat\/euromillions\/\",\"name\":\"Takto mohou fanou\u0161ci loterie z \u010cesk\u00e9 republiky hr\u00e1t Euromillions online\",\"isPartOf\":{\"@id\":\"https:\/\/onlinelotto365.com\/cs\/#website\"},\"primaryImageOfPage\":{\"@id\":\"https:\/\/onlinelotto365.com\/cs\/hrat\/euromillions\/#primaryimage\"},\"image\":{\"@id\":\"https:\/\/onlinelotto365.com\/cs\/hrat\/euromillions\/#primaryimage\"},\"thumbnailUrl\":\"https:\/\/redfoxlotto.com\/image?size=8&amp;lottery=euromillions\",\"datePublished\":\"2020-12-16T04:42:22+00:00\",\"dateModified\":\"2021-02-25T14:02:21+00:00\",\"description\":\"Hrajte EuroMillions Lotto s online tiketem, a to i z \u010cesk\u00e9 republiky.\",\"breadcrumb\":{\"@id\":\"https:\/\/onlinelotto365.com\/cs\/hrat\/euromillions\/#breadcrumb\"},\"inLanguage\":\"cs\",\"potentialAction\":[{\"@type\":\"ReadAction\",\"target\":[\"https:\/\/onlinelotto365.com\/cs\/hrat\/euromillions\/\"]}]},{\"@type\":\"ImageObject\",\"inLanguage\":\"cs\",\"@id\":\"https:\/\/onlinelotto365.com\/cs\/hrat\/euromillions\/#primaryimage\",\"url\":\"https:\/\/redfoxlotto.com\/image?size=8&amp;lottery=euromillions\",\"contentUrl\":\"https:\/\/redfoxlotto.com\/image?size=8&amp;lottery=euromillions\"},{\"@type\":\"BreadcrumbList\",\"@id\":\"https:\/\/onlinelotto365.com\/cs\/hrat\/euromillions\/#breadcrumb\",\"itemListElement\":[{\"@type\":\"ListItem\",\"position\":1,\"name\":\"Home\",\"item\":\"https:\/\/onlinelotto365.com\/cs\/\"},{\"@type\":\"ListItem\",\"position\":2,\"name\":\"V\u0161e, co mus\u00edte v\u011bd\u011bt o mo\u017enostech hran\u00ed nejlep\u0161\u00edch loteri\u00ed online\",\"item\":\"https:\/\/onlinelotto365.com\/cs\/play\/\"},{\"@type\":\"ListItem\",\"position\":3,\"name\":\"EuroMillions je nejv\u011bt\u0161\u00ed evropsk\u00e1 loterie\"}]},{\"@type\":\"WebSite\",\"@id\":\"https:\/\/onlinelotto365.com\/cs\/#website\",\"url\":\"https:\/\/onlinelotto365.com\/cs\/\",\"name\":\"OnlineLotto365\",\"description\":\"\",\"potentialAction\":[{\"@type\":\"SearchAction\",\"target\":{\"@type\":\"EntryPoint\",\"urlTemplate\":\"https:\/\/onlinelotto365.com\/cs\/?s={search_term_string}\"},\"query-input\":{\"@type\":\"PropertyValueSpecification\",\"valueRequired\":true,\"valueName\":\"search_term_string\"}}],\"inLanguage\":\"cs\"}]}<\/script>\n<!-- \/ Yoast SEO plugin. -->","yoast_head_json":{"title":"Takto mohou fanou\u0161ci loterie z \u010cesk\u00e9 republiky hr\u00e1t Euromillions online","description":"Hrajte EuroMillions Lotto s online tiketem, a to i z \u010cesk\u00e9 republiky.","robots":{"index":"index","follow":"follow","max-snippet":"max-snippet:-1","max-image-preview":"max-image-preview:large","max-video-preview":"max-video-preview:-1"},"canonical":"https:\/\/onlinelotto365.com\/cs\/hrat\/euromillions\/","og_locale":"cs_CZ","og_type":"article","og_title":"Takto mohou fanou\u0161ci loterie z \u010cesk\u00e9 republiky hr\u00e1t Euromillions online","og_description":"Hrajte EuroMillions Lotto s online tiketem, a to i z \u010cesk\u00e9 republiky.","og_url":"https:\/\/onlinelotto365.com\/cs\/hrat\/euromillions\/","og_site_name":"OnlineLotto365","article_modified_time":"2021-02-25T14:02:21+00:00","og_image":[{"url":"https:\/\/redfoxlotto.com\/image?size=8&amp;lottery=euromillions"}],"twitter_card":"summary_large_image","twitter_misc":{"Odhadovan\u00e1 doba \u010dten\u00ed":"2 minuty"},"schema":{"@context":"https:\/\/schema.org","@graph":[{"@type":"WebPage","@id":"https:\/\/onlinelotto365.com\/cs\/hrat\/euromillions\/","url":"https:\/\/onlinelotto365.com\/cs\/hrat\/euromillions\/","name":"Takto mohou fanou\u0161ci loterie z \u010cesk\u00e9 republiky hr\u00e1t Euromillions online","isPartOf":{"@id":"https:\/\/onlinelotto365.com\/cs\/#website"},"primaryImageOfPage":{"@id":"https:\/\/onlinelotto365.com\/cs\/hrat\/euromillions\/#primaryimage"},"image":{"@id":"https:\/\/onlinelotto365.com\/cs\/hrat\/euromillions\/#primaryimage"},"thumbnailUrl":"https:\/\/redfoxlotto.com\/image?size=8&amp;lottery=euromillions","datePublished":"2020-12-16T04:42:22+00:00","dateModified":"2021-02-25T14:02:21+00:00","description":"Hrajte EuroMillions Lotto s online tiketem, a to i z \u010cesk\u00e9 republiky.","breadcrumb":{"@id":"https:\/\/onlinelotto365.com\/cs\/hrat\/euromillions\/#breadcrumb"},"inLanguage":"cs","potentialAction":[{"@type":"ReadAction","target":["https:\/\/onlinelotto365.com\/cs\/hrat\/euromillions\/"]}]},{"@type":"ImageObject","inLanguage":"cs","@id":"https:\/\/onlinelotto365.com\/cs\/hrat\/euromillions\/#primaryimage","url":"https:\/\/redfoxlotto.com\/image?size=8&amp;lottery=euromillions","contentUrl":"https:\/\/redfoxlotto.com\/image?size=8&amp;lottery=euromillions"},{"@type":"BreadcrumbList","@id":"https:\/\/onlinelotto365.com\/cs\/hrat\/euromillions\/#breadcrumb","itemListElement":[{"@type":"ListItem","position":1,"name":"Home","item":"https:\/\/onlinelotto365.com\/cs\/"},{"@type":"ListItem","position":2,"name":"V\u0161e, co mus\u00edte v\u011bd\u011bt o mo\u017enostech hran\u00ed nejlep\u0161\u00edch loteri\u00ed online","item":"https:\/\/onlinelotto365.com\/cs\/play\/"},{"@type":"ListItem","position":3,"name":"EuroMillions je nejv\u011bt\u0161\u00ed evropsk\u00e1 loterie"}]},{"@type":"WebSite","@id":"https:\/\/onlinelotto365.com\/cs\/#website","url":"https:\/\/onlinelotto365.com\/cs\/","name":"OnlineLotto365","description":"","potentialAction":[{"@type":"SearchAction","target":{"@type":"EntryPoint","urlTemplate":"https:\/\/onlinelotto365.com\/cs\/?s={search_term_string}"},"query-input":{"@type":"PropertyValueSpecification","valueRequired":true,"valueName":"search_term_string"}}],"inLanguage":"cs"}]}},"_links":{"self":[{"href":"https:\/\/onlinelotto365.com\/cs\/wp-json\/wp\/v2\/pages\/9960","targetHints":{"allow":["GET"]}}],"collection":[{"href":"https:\/\/onlinelotto365.com\/cs\/wp-json\/wp\/v2\/pages"}],"about":[{"href":"https:\/\/onlinelotto365.com\/cs\/wp-json\/wp\/v2\/types\/page"}],"author":[{"embeddable":true,"href":"https:\/\/onlinelotto365.com\/cs\/wp-json\/wp\/v2\/users\/1"}],"replies":[{"embeddable":true,"href":"https:\/\/onlinelotto365.com\/cs\/wp-json\/wp\/v2\/comments?post=9960"}],"version-history":[{"count":0,"href":"https:\/\/onlinelotto365.com\/cs\/wp-json\/wp\/v2\/pages\/9960\/revisions"}],"up":[{"embeddable":true,"href":"https:\/\/onlinelotto365.com\/cs\/wp-json\/wp\/v2\/pages\/5012"}],"wp:attachment":[{"href":"https:\/\/onlinelotto365.com\/cs\/wp-json\/wp\/v2\/media?parent=9960"}],"curies":[{"name":"wp","href":"https:\/\/api.w.org\/{rel}","templated":true}]}}