{"id":9962,"date":"2020-12-16T05:43:39","date_gmt":"2020-12-16T04:43:39","guid":{"rendered":"http:\/\/onlinelotto365.net\/?page_id=9962"},"modified":"2022-11-07T11:19:10","modified_gmt":"2022-11-07T10:19:10","slug":"eurojackpot","status":"publish","type":"page","link":"https:\/\/onlinelotto365.com\/cs\/hrat\/eurojackpot\/","title":{"rendered":"Hrajte Eurojackpot s online tiketem"},"content":{"rendered":"<h2>O Eurojackpotu<\/h2>\n<p>Tato evropsk\u00e1 loterie vznikla d\u00edky spolupr\u00e1ci n\u011bkolika evropsk\u00fdch loterijn\u00edch \u00fa\u0159ad\u016f. V sou\u010dasn\u00e9 dob\u011b m\u016f\u017eete hr\u00e1t Eurojackpot s tikety, kter\u00e9 jsou k dispozici v m\u00edstn\u00ed loterijn\u00ed prodejn\u011b, pokud \u017eijete v jedn\u00e9 ze z\u00fa\u010dastn\u011bn\u00fdch zem\u00ed. T\u011bmito zem\u011bmi jsou Chorvatsko, \u010cesk\u00e1 republika, D\u00e1nsko, Estonsko, Finsko, N\u011bmecko,Ukrajina , Island, It\u00e1lie, Loty\u0161sko, Litva, Norsko, Polsko, Bulharsko, Slovinsko, \u0160pan\u011blsko, \u0160v\u00e9dsko a Nizozemsko.<\/p>\n<p><a href=\"https:\/\/redfoxlotto.com\/play\/eurojackpot\/?ref=a8564250a2&amp;medium=ol365\" target=\"_blank\" rel=\"noopener noreferrer\"><img decoding=\"async\" class=\"aligncenter\" src=\"https:\/\/redfoxlotto.com\/image?size=8&amp;lottery=eurojackpot\" alt=\"Eurojackpot\" \/><\/a><\/p>\n<p>Pokud \u017eijete v zemi, kter\u00e1 nen\u00ed na seznamu, va\u0161\u00ed jedinou mo\u017enost\u00ed je hr\u00e1t Eurojackpot online. Jakmile tuto mo\u017enost objev\u00edte, zjist\u00edte, \u017ee mo\u017enost\u00ed je mnohem v\u00edce. Na\u0161e webov\u00e9 str\u00e1nky v\u00e1m usnad\u0148uj\u00ed nejen hran\u00ed Eurojackpotu online z \u010cesk\u00e9 republiky. Umo\u017e\u0148ujeme v\u00e1m tak\u00e9 p\u0159\u00edstup k dal\u0161\u00edm loteri\u00edm sv\u011btov\u00e9 \u00farovn\u011b s obrovsk\u00fdmi jackpoty.<\/p>\n<ul>\n<li>Zem\u011b: r\u016fzn\u00e9 evropsk\u00e9 zem\u011b, viz v\u00fd\u0161e.<\/li>\n<li>Rozsah hlavn\u00edch \u010d\u00edsel: 50<\/li>\n<li>Mus\u00edte si vybrat: 5<\/li>\n<li>Rozsah dopl\u0148kov\u00fdch \u010d\u00edsel: 5: 10<\/li>\n<li>Mus\u00edte vybrat: 2<\/li>\n<li>Dny, hodiny losov\u00e1n\u00ed: P\u00e1tek, , , 21:00 CET &#8211; 21:00 CET<\/li>\n<li>Jackpot za\u010d\u00edn\u00e1 v: \u20ac 10 milion\u016f<\/li>\n<li>Jackpot je omezen na: \u20ac 90 mil.<\/li>\n<li>\u0160ance na v\u00fdhru: 1 ku 135600640<\/li>\n<li>\u0160ance na v\u00fdhru druh\u00e9 ceny: 1 ku 2118760<\/li>\n<li>\u0160ance na v\u00fdhru jak\u00e9koli ceny: 1 ku 26,39<\/li>\n<li>Po\u010det v\u00fdhern\u00edch kategori\u00ed: 1: 12<\/li>\n<li>Nejlep\u0161\u00ed vlastnosti Eurojackpotu<\/li>\n<\/ul>\n<p>Na za\u010d\u00e1tku si v\u0161imnete, \u017ee jackpot v\u017edy za\u010d\u00edn\u00e1 \u010d\u00e1stkou nejm\u00e9n\u011b 10 milion\u016f eur. M\u011bli byste si ale tak\u00e9 v\u0161imnout, \u017ee druh\u00e1 v\u00fdhern\u00ed \u00farove\u0148 je tak\u00e9 pom\u011brn\u011b atraktivn\u00ed a m\u00e1 mnohem lep\u0161\u00ed kurzy. Chcete-li vyhr\u00e1t druhou v\u00fdhru, mus\u00edte m\u00edt spr\u00e1vn\u011b v\u0161ech 5 hlavn\u00edch \u010d\u00edsel a jedno ze dvou dopl\u0148kov\u00fdch \u010d\u00edsel. Pravd\u011bpodobnost, \u017ee se tak stane, je p\u0159ibli\u017en\u011b 1 ku 2 milion\u016fm a v\u00fdhra t\u00e9to ceny v\u00e1m obvykle zajist\u00ed v\u00fdplatu mezi 100 000 a 500 000 EUR. To je jist\u011b dostate\u010dn\u011b dobr\u00fd d\u016fvod, pro\u010d hr\u00e1t Eurojackpot online z \u010cesk\u00e9 republiky.<\/p>\n<p>Hlavn\u00edm d\u016fvodem, pro\u010d byste m\u011bli Eurojackpot v\u017edy sledovat, je v\u0161ak to, co se stane, pokud jackpot dos\u00e1hne 90 milion\u016f \u20ac, co\u017e se obvykle st\u00e1v\u00e1 n\u011bkolikr\u00e1t do roka. Jakmile jackpot p\u0159ekro\u010d\u00ed hranici 40 milion\u016f eur, m\u00e1 tendenci pom\u011brn\u011b rychle r\u016fst, proto\u017ee Eurojackpot hraje v\u00edce lid\u00ed a prod\u00e1v\u00e1 se v\u00edce tiket\u016f. Co se tedy stane, a\u017e dos\u00e1hne sv\u00e9 hranice 90 milion\u016f eur?<\/p>\n<p>V tu chv\u00edli u\u017e v\u0161echny dal\u0161\u00ed pen\u00edze utracen\u00e9 hr\u00e1\u010di jackpot nezv\u00fd\u0161\u00ed. M\u00edsto toho se tyto prost\u0159edky p\u0159elij\u00ed do druh\u00e9 v\u00fdhern\u00ed kategorie. P\u0159i p\u0159\u00ed\u0161t\u00edm slosov\u00e1n\u00ed si tedy m\u016f\u017eete zahr\u00e1t Eurojackpot online nejen o jackpot 90 milion\u016f eur, ale v p\u0159\u00edpad\u011b v\u00fdhry ve druh\u00e9 kategorii m\u016f\u017eete o\u010dek\u00e1vat i mnohem vy\u0161\u0161\u00ed v\u00fdplatu. A dokud nebude jackpot 90 milion\u016f eur rozlousknut, m\u016f\u017ee b\u00fdt v\u00fdhra ve druh\u00e9 \u00farovni, ale s ka\u017ed\u00fdm slosov\u00e1n\u00edm p\u0159ibudou \u010derstv\u00e9 pen\u00edze.<\/p>\n<h2>Jak zkontrolovat v\u00fdsledky Eurojackpotu<\/h2>\n<p>Zkontrolujte si v\u00fdsledky bu\u010f na n\u011bkter\u00e9 z ofici\u00e1ln\u00edch loterijn\u00edch str\u00e1nek z\u00fa\u010dastn\u011bn\u00e9 zem\u011b, nebo pohodln\u011bji na na\u0161ich webov\u00fdch str\u00e1nk\u00e1ch, kde najdete aktu\u00e1ln\u00ed v\u00fdsledky nejpozoruhodn\u011bj\u0161\u00edch loteri\u00ed sv\u011bta. A samoz\u0159ejm\u011b krom\u011b toho, \u017ee m\u016f\u017eete hr\u00e1t Eurojackpot online z \u010cesk\u00e9 republiky, m\u00e1te tak\u00e9 mo\u017enost jednodu\u0161e si vybrat loterii, kter\u00e1 m\u00e1 aktu\u00e1ln\u011b nejvy\u0161\u0161\u00ed jackpot, a hr\u00e1t tuto loterii online.<\/p>\n<h2>Hr\u00e1li jste Eurojackpot online a vyhr\u00e1li jste &#8211; co bude d\u00e1l?<\/h2>\n<p>Pot\u00e9, co zjist\u00edte, \u017ee jste v Eurojackpotu n\u011bco vyhr\u00e1li, dostanete od n\u00e1s tak\u00e9 e-mailov\u00e9 ozn\u00e1men\u00ed. Na\u0161e v\u00fdherce v\u017edy upozorn\u00edme, tak\u017ee nen\u00ed mo\u017en\u00e9, \u017ee byste o v\u00fdhru p\u0159i\u0161li. A u v\u0161ech men\u0161\u00edch v\u00fdher (men\u0161\u00edch nebo rovn\u00fdch 2500 \u20ac) najdete vyhran\u00e9 pen\u00edze ji\u017e na sv\u00e9m hr\u00e1\u010dsk\u00e9m \u00fa\u010dtu. Pen\u00edze budete m\u00edt k dispozici k v\u00fdb\u011bru kr\u00e1tce po losov\u00e1n\u00ed. Samoz\u0159ejm\u011b se m\u016f\u017eete tak\u00e9 rozhodnout, \u017ee si pen\u00edze nevyberete, nebo po\u017e\u00e1dat o v\u00fdplatu \u010d\u00e1sti z\u016fstatku. Jak\u00fdkoli z\u016fstatek pot\u00e9 m\u016f\u017eete pou\u017e\u00edt na hran\u00ed online loterie a n\u00e1kup nov\u00fdch tiket\u016f.<\/p>\n","protected":false},"excerpt":{"rendered":"<p>O Eurojackpotu Tato evropsk\u00e1 loterie vznikla d\u00edky spolupr\u00e1ci n\u011bkolika evropsk\u00fdch loterijn\u00edch \u00fa\u0159ad\u016f. V sou\u010dasn\u00e9 dob\u011b m\u016f\u017eete hr\u00e1t Eurojackpot s tikety, kter\u00e9 jsou k dispozici v m\u00edstn\u00ed loterijn\u00ed prodejn\u011b, pokud \u017eijete v jedn\u00e9 ze z\u00fa\u010dastn\u011bn\u00fdch zem\u00ed. T\u011bmito zem\u011bmi jsou Chorvatsko, \u010cesk\u00e1 republika, D\u00e1nsko, Estonsko, Finsko, N\u011bmecko,Ukrajina , Island, It\u00e1lie, Loty\u0161sko, Litva, Norsko, Polsko, Bulharsko, Slovinsko, \u0160pan\u011blsko, [&hellip;]<\/p>\n","protected":false},"author":1,"featured_media":0,"parent":5012,"menu_order":4,"comment_status":"closed","ping_status":"closed","template":"eurojackpot.php","meta":{"_et_pb_use_builder":"","_et_pb_old_content":"","_et_gb_content_width":"","exclude_from_search":false,"footnotes":""},"class_list":["post-9962","page","type-page","status-publish","hentry"],"yoast_head":"<!-- This site is optimized with the Yoast SEO plugin v23.4 - https:\/\/yoast.com\/wordpress\/plugins\/seo\/ -->\n<title>Eurojackpot pro obyvatele \u010cesk\u00e9 republiky | Hrajte Eurojackpot online zde<\/title>\n<meta name=\"description\" content=\"Leg\u00e1ln\u00ed a snadn\u00fd zp\u016fsob, jak hr\u00e1t Eurojackpot online a z \u010cesk\u00e9 republiky\" \/>\n<meta name=\"robots\" content=\"index, follow, max-snippet:-1, max-image-preview:large, max-video-preview:-1\" \/>\n<link rel=\"canonical\" href=\"https:\/\/onlinelotto365.com\/cs\/hrat\/eurojackpot\/\" \/>\n<meta property=\"og:locale\" content=\"cs_CZ\" \/>\n<meta property=\"og:type\" content=\"article\" \/>\n<meta property=\"og:title\" content=\"Eurojackpot pro obyvatele \u010cesk\u00e9 republiky | Hrajte Eurojackpot online zde\" \/>\n<meta property=\"og:description\" content=\"Leg\u00e1ln\u00ed a snadn\u00fd zp\u016fsob, jak hr\u00e1t Eurojackpot online a z \u010cesk\u00e9 republiky\" \/>\n<meta property=\"og:url\" content=\"https:\/\/onlinelotto365.com\/cs\/hrat\/eurojackpot\/\" \/>\n<meta property=\"og:site_name\" content=\"OnlineLotto365\" \/>\n<meta property=\"article:modified_time\" content=\"2022-11-07T10:19:10+00:00\" \/>\n<meta property=\"og:image\" content=\"https:\/\/redfoxlotto.com\/image?size=8&amp;lottery=eurojackpot\" \/>\n<meta name=\"twitter:card\" content=\"summary_large_image\" \/>\n<meta name=\"twitter:label1\" content=\"Odhadovan\u00e1 doba \u010dten\u00ed\" \/>\n\t<meta name=\"twitter:data1\" content=\"3 minuty\" \/>\n<script type=\"application\/ld+json\" class=\"yoast-schema-graph\">{\"@context\":\"https:\/\/schema.org\",\"@graph\":[{\"@type\":\"WebPage\",\"@id\":\"https:\/\/onlinelotto365.com\/cs\/hrat\/eurojackpot\/\",\"url\":\"https:\/\/onlinelotto365.com\/cs\/hrat\/eurojackpot\/\",\"name\":\"Eurojackpot pro obyvatele \u010cesk\u00e9 republiky | Hrajte Eurojackpot online zde\",\"isPartOf\":{\"@id\":\"https:\/\/onlinelotto365.com\/cs\/#website\"},\"primaryImageOfPage\":{\"@id\":\"https:\/\/onlinelotto365.com\/cs\/hrat\/eurojackpot\/#primaryimage\"},\"image\":{\"@id\":\"https:\/\/onlinelotto365.com\/cs\/hrat\/eurojackpot\/#primaryimage\"},\"thumbnailUrl\":\"https:\/\/redfoxlotto.com\/image?size=8&amp;lottery=eurojackpot\",\"datePublished\":\"2020-12-16T04:43:39+00:00\",\"dateModified\":\"2022-11-07T10:19:10+00:00\",\"description\":\"Leg\u00e1ln\u00ed a snadn\u00fd zp\u016fsob, jak hr\u00e1t Eurojackpot online a z \u010cesk\u00e9 republiky\",\"breadcrumb\":{\"@id\":\"https:\/\/onlinelotto365.com\/cs\/hrat\/eurojackpot\/#breadcrumb\"},\"inLanguage\":\"cs\",\"potentialAction\":[{\"@type\":\"ReadAction\",\"target\":[\"https:\/\/onlinelotto365.com\/cs\/hrat\/eurojackpot\/\"]}]},{\"@type\":\"ImageObject\",\"inLanguage\":\"cs\",\"@id\":\"https:\/\/onlinelotto365.com\/cs\/hrat\/eurojackpot\/#primaryimage\",\"url\":\"https:\/\/redfoxlotto.com\/image?size=8&amp;lottery=eurojackpot\",\"contentUrl\":\"https:\/\/redfoxlotto.com\/image?size=8&amp;lottery=eurojackpot\"},{\"@type\":\"BreadcrumbList\",\"@id\":\"https:\/\/onlinelotto365.com\/cs\/hrat\/eurojackpot\/#breadcrumb\",\"itemListElement\":[{\"@type\":\"ListItem\",\"position\":1,\"name\":\"Home\",\"item\":\"https:\/\/onlinelotto365.com\/cs\/\"},{\"@type\":\"ListItem\",\"position\":2,\"name\":\"V\u0161e, co mus\u00edte v\u011bd\u011bt o mo\u017enostech hran\u00ed nejlep\u0161\u00edch loteri\u00ed online\",\"item\":\"https:\/\/onlinelotto365.com\/cs\/play\/\"},{\"@type\":\"ListItem\",\"position\":3,\"name\":\"Hrajte Eurojackpot s online tiketem\"}]},{\"@type\":\"WebSite\",\"@id\":\"https:\/\/onlinelotto365.com\/cs\/#website\",\"url\":\"https:\/\/onlinelotto365.com\/cs\/\",\"name\":\"OnlineLotto365\",\"description\":\"\",\"potentialAction\":[{\"@type\":\"SearchAction\",\"target\":{\"@type\":\"EntryPoint\",\"urlTemplate\":\"https:\/\/onlinelotto365.com\/cs\/?s={search_term_string}\"},\"query-input\":{\"@type\":\"PropertyValueSpecification\",\"valueRequired\":true,\"valueName\":\"search_term_string\"}}],\"inLanguage\":\"cs\"}]}<\/script>\n<!-- \/ Yoast SEO plugin. -->","yoast_head_json":{"title":"Eurojackpot pro obyvatele \u010cesk\u00e9 republiky | Hrajte Eurojackpot online zde","description":"Leg\u00e1ln\u00ed a snadn\u00fd zp\u016fsob, jak hr\u00e1t Eurojackpot online a z \u010cesk\u00e9 republiky","robots":{"index":"index","follow":"follow","max-snippet":"max-snippet:-1","max-image-preview":"max-image-preview:large","max-video-preview":"max-video-preview:-1"},"canonical":"https:\/\/onlinelotto365.com\/cs\/hrat\/eurojackpot\/","og_locale":"cs_CZ","og_type":"article","og_title":"Eurojackpot pro obyvatele \u010cesk\u00e9 republiky | Hrajte Eurojackpot online zde","og_description":"Leg\u00e1ln\u00ed a snadn\u00fd zp\u016fsob, jak hr\u00e1t Eurojackpot online a z \u010cesk\u00e9 republiky","og_url":"https:\/\/onlinelotto365.com\/cs\/hrat\/eurojackpot\/","og_site_name":"OnlineLotto365","article_modified_time":"2022-11-07T10:19:10+00:00","og_image":[{"url":"https:\/\/redfoxlotto.com\/image?size=8&amp;lottery=eurojackpot"}],"twitter_card":"summary_large_image","twitter_misc":{"Odhadovan\u00e1 doba \u010dten\u00ed":"3 minuty"},"schema":{"@context":"https:\/\/schema.org","@graph":[{"@type":"WebPage","@id":"https:\/\/onlinelotto365.com\/cs\/hrat\/eurojackpot\/","url":"https:\/\/onlinelotto365.com\/cs\/hrat\/eurojackpot\/","name":"Eurojackpot pro obyvatele \u010cesk\u00e9 republiky | Hrajte Eurojackpot online zde","isPartOf":{"@id":"https:\/\/onlinelotto365.com\/cs\/#website"},"primaryImageOfPage":{"@id":"https:\/\/onlinelotto365.com\/cs\/hrat\/eurojackpot\/#primaryimage"},"image":{"@id":"https:\/\/onlinelotto365.com\/cs\/hrat\/eurojackpot\/#primaryimage"},"thumbnailUrl":"https:\/\/redfoxlotto.com\/image?size=8&amp;lottery=eurojackpot","datePublished":"2020-12-16T04:43:39+00:00","dateModified":"2022-11-07T10:19:10+00:00","description":"Leg\u00e1ln\u00ed a snadn\u00fd zp\u016fsob, jak hr\u00e1t Eurojackpot online a z \u010cesk\u00e9 republiky","breadcrumb":{"@id":"https:\/\/onlinelotto365.com\/cs\/hrat\/eurojackpot\/#breadcrumb"},"inLanguage":"cs","potentialAction":[{"@type":"ReadAction","target":["https:\/\/onlinelotto365.com\/cs\/hrat\/eurojackpot\/"]}]},{"@type":"ImageObject","inLanguage":"cs","@id":"https:\/\/onlinelotto365.com\/cs\/hrat\/eurojackpot\/#primaryimage","url":"https:\/\/redfoxlotto.com\/image?size=8&amp;lottery=eurojackpot","contentUrl":"https:\/\/redfoxlotto.com\/image?size=8&amp;lottery=eurojackpot"},{"@type":"BreadcrumbList","@id":"https:\/\/onlinelotto365.com\/cs\/hrat\/eurojackpot\/#breadcrumb","itemListElement":[{"@type":"ListItem","position":1,"name":"Home","item":"https:\/\/onlinelotto365.com\/cs\/"},{"@type":"ListItem","position":2,"name":"V\u0161e, co mus\u00edte v\u011bd\u011bt o mo\u017enostech hran\u00ed nejlep\u0161\u00edch loteri\u00ed online","item":"https:\/\/onlinelotto365.com\/cs\/play\/"},{"@type":"ListItem","position":3,"name":"Hrajte Eurojackpot s online tiketem"}]},{"@type":"WebSite","@id":"https:\/\/onlinelotto365.com\/cs\/#website","url":"https:\/\/onlinelotto365.com\/cs\/","name":"OnlineLotto365","description":"","potentialAction":[{"@type":"SearchAction","target":{"@type":"EntryPoint","urlTemplate":"https:\/\/onlinelotto365.com\/cs\/?s={search_term_string}"},"query-input":{"@type":"PropertyValueSpecification","valueRequired":true,"valueName":"search_term_string"}}],"inLanguage":"cs"}]}},"_links":{"self":[{"href":"https:\/\/onlinelotto365.com\/cs\/wp-json\/wp\/v2\/pages\/9962","targetHints":{"allow":["GET"]}}],"collection":[{"href":"https:\/\/onlinelotto365.com\/cs\/wp-json\/wp\/v2\/pages"}],"about":[{"href":"https:\/\/onlinelotto365.com\/cs\/wp-json\/wp\/v2\/types\/page"}],"author":[{"embeddable":true,"href":"https:\/\/onlinelotto365.com\/cs\/wp-json\/wp\/v2\/users\/1"}],"replies":[{"embeddable":true,"href":"https:\/\/onlinelotto365.com\/cs\/wp-json\/wp\/v2\/comments?post=9962"}],"version-history":[{"count":0,"href":"https:\/\/onlinelotto365.com\/cs\/wp-json\/wp\/v2\/pages\/9962\/revisions"}],"up":[{"embeddable":true,"href":"https:\/\/onlinelotto365.com\/cs\/wp-json\/wp\/v2\/pages\/5012"}],"wp:attachment":[{"href":"https:\/\/onlinelotto365.com\/cs\/wp-json\/wp\/v2\/media?parent=9962"}],"curies":[{"name":"wp","href":"https:\/\/api.w.org\/{rel}","templated":true}]}}