{"id":9964,"date":"2020-12-16T05:46:55","date_gmt":"2020-12-16T04:46:55","guid":{"rendered":"http:\/\/onlinelotto365.net\/?page_id=9964"},"modified":"2021-03-07T12:01:20","modified_gmt":"2021-03-07T11:01:20","slug":"superenalotto","status":"publish","type":"page","link":"https:\/\/onlinelotto365.com\/cs\/hrat\/superenalotto\/","title":{"rendered":"Z\u00edskejte l\u00edstky na Superenalotto odkudkoli"},"content":{"rendered":"<p>Po cel\u00e1 l\u00e9ta lid\u00e9 tou\u017eili hr\u00e1t loterie v jin\u00fdch \u010d\u00e1stech sv\u011bta. V\u00fdzvou zde ve skute\u010dnosti nebyla neochota r\u016fzn\u00fdch  loteri\u00ed p\u0159ij\u00edmat hr\u00e1\u010de mezin\u00e1rodn\u00edch loteri\u00ed . Bylo to tak, \u017ee fyzicky mus\u00edte b\u00fdt v zemi nebo regionu, kde se loterie kon\u00e1, abyste mohli spr\u00e1vn\u011b hr\u00e1t.<\/p>\n<p>Pro za\u010d\u00e1te\u010dn\u00edky mus\u00edte <strong> nav\u0161t\u00edvit prodejce loto, kter\u00fd prod\u00e1v\u00e1 loterii, do kter\u00e9 si chcete koupit l\u00edstky. <\/strong> To znamen\u00e1, \u017ee jste v zemi, nejen jednou, ale poka\u017ed\u00e9, kdy\u017e si chcete koupit l\u00edstky. To tedy znamen\u00e1 podniknout cestu z \u010cesk\u00e9 republiky do It\u00e1lie a koupit si loterijn\u00ed l\u00edstky na t\u0159i kresby, kter\u00e9 Superenalotto provozuje ka\u017ed\u00fd t\u00fdden.<\/p>\n<p>Mus\u00edte se tedy p\u0159est\u011bhovat tam nebo najmout n\u011bkoho v It\u00e1lii, aby to ud\u011blal za v\u00e1s. To prost\u011b nejsme schopni ud\u011blat. Kdy\u017e u\u017e jste u toho, budete muset najmout lidi ve v\u0161ech ostatn\u00edch zem\u00edch, kter\u00e9 nab\u00edzej\u00ed velk\u00e9 loterie, aby za v\u00e1s ud\u011blaly nab\u00eddky. To by st\u00e1lo jm\u011bn\u00ed.<\/p>\n<p>Nyn\u00ed v\u0161ak existuje skv\u011bl\u00e1 alternativa &#8211; <strong> sta\u010d\u00ed hr\u00e1t online zde na na\u0161em webu! <\/strong><\/p>\n<p><a href=\"https:\/\/redfoxlotto.com\/cs\/hrat\/superenalotto\/?ref=a8564250a2&amp;medium=ol365\" target=\"_blank\" rel=\"noopener noreferrer\"> <img decoding=\"async\" class=\"aligncenter\" src=\"https:\/\/redfoxlotto.com\/image?size=8&amp;lottery=superenalotto\" alt=\"superenalotto\" \/> <\/a><\/p>\n<h2>Pokryli jsme v\u0161echny va\u0161e pot\u0159eby v loterii<\/h2>\n<p>V\u0161echno jsme zjistili, pokud jde o to, jak v\u00e1s dostat do hry se Superenalotto krom\u011b v\u0161ech <a href=\"https:\/\/onlinelotto365.com\/cs\/hrat\"> dal\u0161\u00edch hlavn\u00edch loteri\u00ed <\/a> v sv\u011bt. Jednodu\u0161e si od n\u00e1s zakoup\u00edte loterijn\u00ed l\u00edstky, kter\u00e9 chcete, online a z \u010cesk\u00e9 republiky a my za v\u00e1s ud\u011bl\u00e1me v\u0161e ostatn\u00ed.<\/p>\n<p>Kupujeme tikety va\u0161\u00edm jm\u00e9nem a na rozd\u00edl od b\u011b\u017en\u00fdch loterijn\u00edch tiket\u016f, kter\u00e9 mohou b\u00fdt inkasov\u00e1ny k\u00fdmkoli, kdo je dr\u017eitelem, m\u00e1me je pro v\u00e1s. Pot\u00e9 pro v\u00e1s kresby sledujeme, abyste nemuseli, pokud nechcete, a upozor\u0148ujeme v\u00e1s poka\u017ed\u00e9, kdy\u017e vyhrajete.<\/p>\n<h2>Dal\u0161\u00ed informace o Superenalotto<\/h2>\n<ul>\n<li>Loterie se kon\u00e1 kde: It\u00e1lie<\/li>\n<li>Z kolika hlavn\u00edch \u010d\u00edsel si m\u016f\u017eete vybrat: 90<\/li>\n<li>Mus\u00edte vybrat: 6<\/li>\n<li>Kolik dal\u0161\u00edch \u010d\u00edsel si m\u016f\u017eete vybrat: \u017e\u00e1dn\u00e9<\/li>\n<li>Mus\u00edte vybrat: \u017e\u00e1dn\u00fd<\/li>\n<li>Rem\u00edzy, hodiny: \u00fater\u00fd, \u010dtvrtek, sobota, 19:00 GMT, 21:00 SE\u010c<\/li>\n<li>Minim\u00e1ln\u00ed jackpot: 2 miliony EUR<\/li>\n<li>Maxim\u00e1ln\u00ed v\u00fd\u0161e jackpotu: \u017e\u00e1dn\u00e1<\/li>\n<li>Mo\u017en\u00e1 kombinace \u010d\u00edsel pro v\u00fdhru jackpotu: 1 ku 622.614.630<\/li>\n<li>Mo\u017en\u00e1 kombinace \u010d\u00edsel pro v\u00fdhru 2. \u00farovn\u011b: 1 za 103,769,105<\/li>\n<li>Pravd\u011bpodobnost v\u00fdhry v jak\u00e9koli \u00farovni: 1 z 20,58<\/li>\n<li>Kolik \u00farovn\u00ed cen: v<\/li>\n<\/ul>\n<p>Chcete-li hr\u00e1t Superenalotto, zvol\u00edte 6 \u010d\u00edsel z celkem 90 mo\u017en\u00fdch \u010d\u00edsel. Tak\u00e9 si mus\u00edte vybrat z 90 t\u011bch, kter\u00fdm \u0159\u00edkaj\u00ed Jolly \u010d\u00edslo.<\/p>\n<p><strong> Chcete-li vyhr\u00e1t jackpot, <\/strong> mus\u00edte shodovat v\u0161ech 6 sv\u00fdch b\u011b\u017en\u00fdch \u010d\u00edsel. Pokud shodujete 5 plus \u010d\u00edslo Jolly, vyhr\u00e1v\u00e1te druhou cenu. 5 \u010d\u00edsel bez \u010d\u00edsla Jolly v\u00e1m poskytne v\u00fdplatu na t\u0159et\u00edm m\u00edst\u011b, 4 spr\u00e1vn\u00e1 \u010d\u00edsla v\u00e1m vyhraj\u00ed \u010dtvrt\u00e9 m\u00edsto a pouh\u00e1 3 \u010d\u00edsla v\u00e1m tak\u00e9 vyplat\u00ed.<\/p>\n<p>Kresby se konaj\u00ed t\u0159ikr\u00e1t t\u00fddn\u011b, v \u00fater\u00fd, \u010dtvrtek a sobotu v 20:00 italsk\u00e9ho \u010dasu. Poskytujeme v\u00e1m pr\u016fb\u011b\u017en\u00e9 odpo\u010d\u00edt\u00e1v\u00e1n\u00ed do p\u0159\u00ed\u0161t\u00edho losov\u00e1n\u00ed Superenalotto a v\u0161ech ostatn\u00edch velk\u00fdch loteri\u00ed, kter\u00e9 nab\u00edzej\u00ed tikety online, tak\u017ee v\u017edy v\u00edte, kolik \u010dasu v\u00e1m zb\u00fdv\u00e1.<\/p>\n<h2>V\u00fdhody online hran\u00ed Superenalotto<\/h2>\n<p>Mnoho glob\u00e1ln\u00edch loteri\u00ed <strong> hr\u00e1\u010di si r\u00e1di vyberou n\u011bkolik loteri\u00ed <\/strong>, zejm\u00e9na proto, \u017ee ka\u017ed\u00fd z nich pravideln\u011b nab\u00edz\u00ed velk\u00e9 jackpoty. \u010c\u00edm v\u00edce kreseb se \u00fa\u010dastn\u00edte, t\u00edm l\u00e9pe.<\/p>\n<p>A\u010dkoli se jackpoty se Superenalottem nemus\u00ed srovn\u00e1vat s n\u011bkter\u00fdmi z v\u011bt\u0161\u00edch loteri\u00ed, nap\u0159\u00edklad <a href=\"https:\/\/onlinelotto365.com\/cs\/koupit-listky\/euromillions\"> EuroMillions <\/a>, <a href=\"https:\/\/onlinelotto365.com\/cs\/koupit-listky\/powerball\"> Powerball <\/a> nebo <a href=\"https:\/\/onlinelotto365.com\/cs\/koupit-listky\/mega-millions\"> mega Miliony <\/a>, stejn\u011b je budete cht\u00edt hr\u00e1t. Superenalotto v\u0161ak nen\u00ed \u017e\u00e1dn\u00fd mal\u00fd brambor, s typick\u00fdmi jackpoty \u010dasto v \u0159\u00e1du des\u00edtek milion\u016f eur. Tak\u017ee s dal\u0161\u00edmi 3 kresbami t\u00fddn\u011b, kter\u00e9 Superenalotto nab\u00edz\u00ed, je to o 3 kresby t\u00fddn\u011b v\u00edce z\u00e1bavy, ne\u017e kolik budete m\u00edt, pokud nebudete hr\u00e1t.<\/p>\n<p>Tak\u017ee d\u00edky 3 dal\u0161\u00edm \u0161anc\u00edm na v\u00fdhru obrovsk\u00e9 ceny nen\u00ed t\u011b\u017ek\u00e9 pochopit, pro\u010d tolik lid\u00ed v \u010cesk\u00e9 republice m\u00e1 r\u00e1d tuto loterii. Vzhledem k tomu, \u017ee sv\u00e9 vstupenky si nyn\u00ed m\u016f\u017eete pohodln\u011b koupit online, nen\u00ed dobr\u00fd d\u016fvod nehr\u00e1t si ve skute\u010dnosti. Rozd\u011blen\u00ed va\u0161ich pen\u011bz do v\u00edce loteri\u00ed je to, o \u010dem to je, co\u017e zna\u010dn\u011b zvy\u0161uje mno\u017estv\u00ed vzru\u0161en\u00ed, kter\u00e9 nyn\u00ed hraje loterie.<\/p>\n<p>Pokud tedy m\u00e1te z\u00e1jem o <strong> v\u011bt\u0161\u00ed z\u00e1bavu p\u0159i loterii <\/strong>, aV\u00edm, \u017ee jste, pak m\u016f\u017eete za\u010d\u00edt hned te\u010f.<\/p>\n<h2>Jak dostanu zaplaceno, kdy\u017e vyhraji Superenalotto online?<\/h2>\n<p>Poskytujeme v\u00e1m ve\u0161kerou pomoc, kterou pot\u0159ebujete k hotovosti na vstupenk\u00e1ch, od vyzvednut\u00ed men\u0161\u00edch cen a okam\u017eit\u00e9ho vlo\u017een\u00ed na v\u00e1\u0161 \u00fa\u010det u n\u00e1s, a\u017e po vyzvednut\u00ed a zasl\u00e1n\u00ed formul\u00e1\u0159\u016f pot\u0159ebn\u00fdch pro v\u011bt\u0161\u00ed ceny nebo dokonce jackpoty. Tady se tedy nemus\u00edte b\u00e1t, proto\u017ee se jedn\u00e1 o <strong> komplexn\u00ed servis s prvot\u0159\u00eddn\u00edm servisem <\/strong> a o\u0161et\u0159en\u00edm pro na\u0161e z\u00e1kazn\u00edky z \u010cesk\u00e9 republiky i jinde.<\/p>\n","protected":false},"excerpt":{"rendered":"<p>Po cel\u00e1 l\u00e9ta lid\u00e9 tou\u017eili hr\u00e1t loterie v jin\u00fdch \u010d\u00e1stech sv\u011bta. V\u00fdzvou zde ve skute\u010dnosti nebyla neochota r\u016fzn\u00fdch loteri\u00ed p\u0159ij\u00edmat hr\u00e1\u010de mezin\u00e1rodn\u00edch loteri\u00ed . Bylo to tak, \u017ee fyzicky mus\u00edte b\u00fdt v zemi nebo regionu, kde se loterie kon\u00e1, abyste mohli spr\u00e1vn\u011b hr\u00e1t. Pro za\u010d\u00e1te\u010dn\u00edky mus\u00edte nav\u0161t\u00edvit prodejce loto, kter\u00fd prod\u00e1v\u00e1 loterii, do kter\u00e9 si [&hellip;]<\/p>\n","protected":false},"author":1,"featured_media":0,"parent":5012,"menu_order":5,"comment_status":"closed","ping_status":"closed","template":"superenalotto.php","meta":{"_et_pb_use_builder":"","_et_pb_old_content":"","_et_gb_content_width":"","exclude_from_search":false,"footnotes":""},"class_list":["post-9964","page","type-page","status-publish","hentry"],"yoast_head":"<!-- This site is optimized with the Yoast SEO plugin v23.4 - https:\/\/yoast.com\/wordpress\/plugins\/seo\/ -->\n<title>Hrajte Superenalotto It\u00e1lie online z \u010cesk\u00e9 republiky | Jak nakupovat l\u00edstky Superena online<\/title>\n<meta name=\"description\" content=\"Tento italsk\u00fd loterijn\u00ed jackpot m\u016f\u017ee nyn\u00ed vyhr\u00e1t kdokoli a odkudkoli - hrajte online l\u00edstek Superenalotto hned te\u010f\" \/>\n<meta name=\"robots\" content=\"index, follow, max-snippet:-1, max-image-preview:large, max-video-preview:-1\" \/>\n<link rel=\"canonical\" href=\"https:\/\/onlinelotto365.com\/cs\/hrat\/superenalotto\/\" \/>\n<meta property=\"og:locale\" content=\"cs_CZ\" \/>\n<meta property=\"og:type\" content=\"article\" \/>\n<meta property=\"og:title\" content=\"Hrajte Superenalotto It\u00e1lie online z \u010cesk\u00e9 republiky | Jak nakupovat l\u00edstky Superena online\" \/>\n<meta property=\"og:description\" content=\"Tento italsk\u00fd loterijn\u00ed jackpot m\u016f\u017ee nyn\u00ed vyhr\u00e1t kdokoli a odkudkoli - hrajte online l\u00edstek Superenalotto hned te\u010f\" \/>\n<meta property=\"og:url\" content=\"https:\/\/onlinelotto365.com\/cs\/hrat\/superenalotto\/\" \/>\n<meta property=\"og:site_name\" content=\"OnlineLotto365\" \/>\n<meta property=\"article:modified_time\" content=\"2021-03-07T11:01:20+00:00\" \/>\n<meta property=\"og:image\" content=\"https:\/\/redfoxlotto.com\/image?size=8&amp;lottery=superenalotto\" \/>\n<meta name=\"twitter:card\" content=\"summary_large_image\" \/>\n<meta name=\"twitter:label1\" content=\"Odhadovan\u00e1 doba \u010dten\u00ed\" \/>\n\t<meta name=\"twitter:data1\" content=\"4 minuty\" \/>\n<script type=\"application\/ld+json\" class=\"yoast-schema-graph\">{\"@context\":\"https:\/\/schema.org\",\"@graph\":[{\"@type\":\"WebPage\",\"@id\":\"https:\/\/onlinelotto365.com\/cs\/hrat\/superenalotto\/\",\"url\":\"https:\/\/onlinelotto365.com\/cs\/hrat\/superenalotto\/\",\"name\":\"Hrajte Superenalotto It\u00e1lie online z \u010cesk\u00e9 republiky | Jak nakupovat l\u00edstky Superena online\",\"isPartOf\":{\"@id\":\"https:\/\/onlinelotto365.com\/cs\/#website\"},\"primaryImageOfPage\":{\"@id\":\"https:\/\/onlinelotto365.com\/cs\/hrat\/superenalotto\/#primaryimage\"},\"image\":{\"@id\":\"https:\/\/onlinelotto365.com\/cs\/hrat\/superenalotto\/#primaryimage\"},\"thumbnailUrl\":\"https:\/\/redfoxlotto.com\/image?size=8&amp;lottery=superenalotto\",\"datePublished\":\"2020-12-16T04:46:55+00:00\",\"dateModified\":\"2021-03-07T11:01:20+00:00\",\"description\":\"Tento italsk\u00fd loterijn\u00ed jackpot m\u016f\u017ee nyn\u00ed vyhr\u00e1t kdokoli a odkudkoli - hrajte online l\u00edstek Superenalotto hned te\u010f\",\"breadcrumb\":{\"@id\":\"https:\/\/onlinelotto365.com\/cs\/hrat\/superenalotto\/#breadcrumb\"},\"inLanguage\":\"cs\",\"potentialAction\":[{\"@type\":\"ReadAction\",\"target\":[\"https:\/\/onlinelotto365.com\/cs\/hrat\/superenalotto\/\"]}]},{\"@type\":\"ImageObject\",\"inLanguage\":\"cs\",\"@id\":\"https:\/\/onlinelotto365.com\/cs\/hrat\/superenalotto\/#primaryimage\",\"url\":\"https:\/\/redfoxlotto.com\/image?size=8&amp;lottery=superenalotto\",\"contentUrl\":\"https:\/\/redfoxlotto.com\/image?size=8&amp;lottery=superenalotto\"},{\"@type\":\"BreadcrumbList\",\"@id\":\"https:\/\/onlinelotto365.com\/cs\/hrat\/superenalotto\/#breadcrumb\",\"itemListElement\":[{\"@type\":\"ListItem\",\"position\":1,\"name\":\"Home\",\"item\":\"https:\/\/onlinelotto365.com\/cs\/\"},{\"@type\":\"ListItem\",\"position\":2,\"name\":\"V\u0161e, co mus\u00edte v\u011bd\u011bt o mo\u017enostech hran\u00ed nejlep\u0161\u00edch loteri\u00ed online\",\"item\":\"https:\/\/onlinelotto365.com\/cs\/play\/\"},{\"@type\":\"ListItem\",\"position\":3,\"name\":\"Z\u00edskejte l\u00edstky na Superenalotto odkudkoli\"}]},{\"@type\":\"WebSite\",\"@id\":\"https:\/\/onlinelotto365.com\/cs\/#website\",\"url\":\"https:\/\/onlinelotto365.com\/cs\/\",\"name\":\"OnlineLotto365\",\"description\":\"\",\"potentialAction\":[{\"@type\":\"SearchAction\",\"target\":{\"@type\":\"EntryPoint\",\"urlTemplate\":\"https:\/\/onlinelotto365.com\/cs\/?s={search_term_string}\"},\"query-input\":{\"@type\":\"PropertyValueSpecification\",\"valueRequired\":true,\"valueName\":\"search_term_string\"}}],\"inLanguage\":\"cs\"}]}<\/script>\n<!-- \/ Yoast SEO plugin. -->","yoast_head_json":{"title":"Hrajte Superenalotto It\u00e1lie online z \u010cesk\u00e9 republiky | Jak nakupovat l\u00edstky Superena online","description":"Tento italsk\u00fd loterijn\u00ed jackpot m\u016f\u017ee nyn\u00ed vyhr\u00e1t kdokoli a odkudkoli - hrajte online l\u00edstek Superenalotto hned te\u010f","robots":{"index":"index","follow":"follow","max-snippet":"max-snippet:-1","max-image-preview":"max-image-preview:large","max-video-preview":"max-video-preview:-1"},"canonical":"https:\/\/onlinelotto365.com\/cs\/hrat\/superenalotto\/","og_locale":"cs_CZ","og_type":"article","og_title":"Hrajte Superenalotto It\u00e1lie online z \u010cesk\u00e9 republiky | Jak nakupovat l\u00edstky Superena online","og_description":"Tento italsk\u00fd loterijn\u00ed jackpot m\u016f\u017ee nyn\u00ed vyhr\u00e1t kdokoli a odkudkoli - hrajte online l\u00edstek Superenalotto hned te\u010f","og_url":"https:\/\/onlinelotto365.com\/cs\/hrat\/superenalotto\/","og_site_name":"OnlineLotto365","article_modified_time":"2021-03-07T11:01:20+00:00","og_image":[{"url":"https:\/\/redfoxlotto.com\/image?size=8&amp;lottery=superenalotto"}],"twitter_card":"summary_large_image","twitter_misc":{"Odhadovan\u00e1 doba \u010dten\u00ed":"4 minuty"},"schema":{"@context":"https:\/\/schema.org","@graph":[{"@type":"WebPage","@id":"https:\/\/onlinelotto365.com\/cs\/hrat\/superenalotto\/","url":"https:\/\/onlinelotto365.com\/cs\/hrat\/superenalotto\/","name":"Hrajte Superenalotto It\u00e1lie online z \u010cesk\u00e9 republiky | Jak nakupovat l\u00edstky Superena online","isPartOf":{"@id":"https:\/\/onlinelotto365.com\/cs\/#website"},"primaryImageOfPage":{"@id":"https:\/\/onlinelotto365.com\/cs\/hrat\/superenalotto\/#primaryimage"},"image":{"@id":"https:\/\/onlinelotto365.com\/cs\/hrat\/superenalotto\/#primaryimage"},"thumbnailUrl":"https:\/\/redfoxlotto.com\/image?size=8&amp;lottery=superenalotto","datePublished":"2020-12-16T04:46:55+00:00","dateModified":"2021-03-07T11:01:20+00:00","description":"Tento italsk\u00fd loterijn\u00ed jackpot m\u016f\u017ee nyn\u00ed vyhr\u00e1t kdokoli a odkudkoli - hrajte online l\u00edstek Superenalotto hned te\u010f","breadcrumb":{"@id":"https:\/\/onlinelotto365.com\/cs\/hrat\/superenalotto\/#breadcrumb"},"inLanguage":"cs","potentialAction":[{"@type":"ReadAction","target":["https:\/\/onlinelotto365.com\/cs\/hrat\/superenalotto\/"]}]},{"@type":"ImageObject","inLanguage":"cs","@id":"https:\/\/onlinelotto365.com\/cs\/hrat\/superenalotto\/#primaryimage","url":"https:\/\/redfoxlotto.com\/image?size=8&amp;lottery=superenalotto","contentUrl":"https:\/\/redfoxlotto.com\/image?size=8&amp;lottery=superenalotto"},{"@type":"BreadcrumbList","@id":"https:\/\/onlinelotto365.com\/cs\/hrat\/superenalotto\/#breadcrumb","itemListElement":[{"@type":"ListItem","position":1,"name":"Home","item":"https:\/\/onlinelotto365.com\/cs\/"},{"@type":"ListItem","position":2,"name":"V\u0161e, co mus\u00edte v\u011bd\u011bt o mo\u017enostech hran\u00ed nejlep\u0161\u00edch loteri\u00ed online","item":"https:\/\/onlinelotto365.com\/cs\/play\/"},{"@type":"ListItem","position":3,"name":"Z\u00edskejte l\u00edstky na Superenalotto odkudkoli"}]},{"@type":"WebSite","@id":"https:\/\/onlinelotto365.com\/cs\/#website","url":"https:\/\/onlinelotto365.com\/cs\/","name":"OnlineLotto365","description":"","potentialAction":[{"@type":"SearchAction","target":{"@type":"EntryPoint","urlTemplate":"https:\/\/onlinelotto365.com\/cs\/?s={search_term_string}"},"query-input":{"@type":"PropertyValueSpecification","valueRequired":true,"valueName":"search_term_string"}}],"inLanguage":"cs"}]}},"_links":{"self":[{"href":"https:\/\/onlinelotto365.com\/cs\/wp-json\/wp\/v2\/pages\/9964","targetHints":{"allow":["GET"]}}],"collection":[{"href":"https:\/\/onlinelotto365.com\/cs\/wp-json\/wp\/v2\/pages"}],"about":[{"href":"https:\/\/onlinelotto365.com\/cs\/wp-json\/wp\/v2\/types\/page"}],"author":[{"embeddable":true,"href":"https:\/\/onlinelotto365.com\/cs\/wp-json\/wp\/v2\/users\/1"}],"replies":[{"embeddable":true,"href":"https:\/\/onlinelotto365.com\/cs\/wp-json\/wp\/v2\/comments?post=9964"}],"version-history":[{"count":0,"href":"https:\/\/onlinelotto365.com\/cs\/wp-json\/wp\/v2\/pages\/9964\/revisions"}],"up":[{"embeddable":true,"href":"https:\/\/onlinelotto365.com\/cs\/wp-json\/wp\/v2\/pages\/5012"}],"wp:attachment":[{"href":"https:\/\/onlinelotto365.com\/cs\/wp-json\/wp\/v2\/media?parent=9964"}],"curies":[{"name":"wp","href":"https:\/\/api.w.org\/{rel}","templated":true}]}}