{"id":9991,"date":"2020-12-16T06:08:20","date_gmt":"2020-12-16T05:08:20","guid":{"rendered":"http:\/\/onlinelotto365.net\/?page_id=9991"},"modified":"2022-11-10T08:44:39","modified_gmt":"2022-11-10T07:44:39","slug":"powerball","status":"publish","type":"page","link":"https:\/\/onlinelotto365.com\/cs\/koupit-listky\/powerball\/","title":{"rendered":"Jak si koupit losy Powerball online z \u010cesk\u00e9 republiky"},"content":{"rendered":"<p>Je z\u0159ejm\u00e9, \u017ee je to internet, kter\u00fd v\u00e1m umo\u017en\u00ed z\u00edskat tiket do t\u011bchto velk\u00fdch americk\u00fdch loteri\u00ed online. Nemus\u00edte \u017e\u00edt v USA, abyste se mohli z\u00fa\u010dastnit a m\u00edt \u0161anci vyhr\u00e1t tyto neuv\u011b\u0159iteln\u00e9 jackpoty. M\u016f\u017eete si koupit tiket z \u010cesk\u00e9 republiky, a to prost\u0159ednictv\u00edm na\u0161\u00ed online slu\u017eby.<\/p>\n<p>Nejprve si u n\u00e1s m\u016f\u017eete zaregistrovat \u00fa\u010det a pot\u00e9 si vybrat n\u011bkterou z na\u0161ich loteri\u00ed a vybrat si \u010d\u00edsla. Nebo si m\u016f\u017eete loterie nejprve jen zkontrolovat a vytvo\u0159it si tikety s va\u0161imi \u010d\u00edsly. A\u017e budete se sv\u00fdm v\u00fdb\u011brem spokojeni, m\u016f\u017eete prov\u00e9st pokladnu. V tomto okam\u017eiku budete vyzv\u00e1ni k vytvo\u0159en\u00ed \u00fa\u010dtu.<\/p>\n<p>V obou p\u0159\u00edpadech budete muset po registraci nov\u00e9ho \u00fa\u010dtu zkontrolovat svou e-mailovou schr\u00e1nku. P\u0159ijde v\u00e1m ov\u011b\u0159ovac\u00ed e-mail s odkazem. Kliknut\u00edm na tento odkaz ov\u011b\u0159\u00edte svou e-mailovou adresu. Jakmile tak u\u010din\u00edte, bude v\u00e1\u0161 \u00fa\u010det aktivov\u00e1n. Pokud ov\u011b\u0159ovac\u00ed e-mail nem\u016f\u017eete naj\u00edt, zkontrolujte slo\u017eku s nevy\u017e\u00e1danou po\u0161tou. Jakmile e-mail najdete, je d\u016fle\u017eit\u00e9, abyste jej ozna\u010dili jako &#8222;nevy\u017e\u00e1danou po\u0161tu&#8220; nebo &#8222;nevy\u017e\u00e1danou po\u0161tu&#8220;. T\u00edm zajist\u00edte, \u017ee budouc\u00ed e-maily od n\u00e1s neskon\u010d\u00ed ve slo\u017ece spamu. P\u0159edstavte si, \u017ee jste p\u0159i\u0161li o v\u00fdhru, proto\u017ee jste o n\u00ed neobdr\u017eeli e-mailov\u00e9 ozn\u00e1men\u00ed!<\/p>\n<p><a href=\"https:\/\/redfoxlotto.com\/play\/powerball\/?ref=a8564250a2&amp;medium=ol365\" target=\"_blank\" rel=\"noopener noreferrer\"><img loading=\"lazy\" decoding=\"async\" class=\"aligncenter\" src=\"https:\/\/redfoxlotto.com\/image?size=8&amp;lottery=powerball\" alt=\"powerball\" width=\"793\" height=\"98\" \/><\/a><\/p>\n<h2>Jak zaplatit tiket Powerball online<\/h2>\n<p>Existuj\u00ed dva zp\u016fsoby, jak zaplatit za po\u017eadovan\u00e9 losy online.<\/p>\n<ul>\n<li>Za prv\u00e9 m\u016f\u017eete prov\u00e9st vklad na sv\u016fj \u00fa\u010det. Pot\u00e9 si m\u016f\u017eete koupit tolik tiket\u016f, kolik chcete, a pou\u017e\u00edt k jejich zaplacen\u00ed z\u016fstatek na \u00fa\u010dtu.<\/li>\n<li>Za druh\u00e9 si nejprve vyberete tikety a pot\u00e9 zaplat\u00edte \u010d\u00e1stku za objedn\u00e1vku.<\/li>\n<\/ul>\n<p>K dispozici m\u00e1te \u0159adu platebn\u00edch mo\u017enost\u00ed a v\u0161echny jsou bezpe\u010dn\u011b za\u0161ifrovan\u00e9. Nejobl\u00edben\u011bj\u0161\u00edmi zp\u016fsoby jsou kreditn\u00ed karta a Bitcoin.<\/p>\n<h2>V\u00edce informac\u00ed o h\u0159e Powerball<\/h2>\n<ul>\n<li>Loterie se kon\u00e1 kde: USA<\/li>\n<li>Z kolika hlavn\u00edch \u010d\u00edsel si m\u016f\u017eete vybrat: 69<\/li>\n<li>Mus\u00edte si vybrat: 5<\/li>\n<li>Kolik dal\u0161\u00edch \u010d\u00edsel si m\u016f\u017eete vybrat: 26<\/li>\n<li>Mus\u00edte vybrat: 1<\/li>\n<li>Losov\u00e1n\u00ed dn\u016f, hodin: St\u0159eda, sobota, 21:00 EST, +1 den 3:00 CET<\/li>\n<li>Minim\u00e1ln\u00ed jackpot: 40 milion\u016f dolar\u016f<\/li>\n<li>Maxim\u00e1ln\u00ed v\u00fd\u0161e jackpotu: \u017e\u00e1dn\u00e1<\/li>\n<li>Mo\u017en\u00e9 kombinace \u010d\u00edsel pro v\u00fdhru jackpotu: 40 000 K\u010d: 1 z 175 223 510<\/li>\n<li>Mo\u017en\u00e1 kombinace \u010d\u00edsel pro v\u00fdhru ve 2. \u00farovni: 223 223 000 K\u010d: 1 z 5 006 386<\/li>\n<li>Pravd\u011bpodobnost v\u00fdhry v libovoln\u00e9 \u00farovni: 1 ku 24,87<\/li>\n<li>Kolik v\u00fdhern\u00edch \u00farovn\u00ed: 9<\/li>\n<\/ul>\n<p>P\u0159ed malou chv\u00edl\u00ed, 13. \u00fanora 2016, vyhr\u00e1li t\u0159i \u0161\u0165astlivci nejv\u011bt\u0161\u00ed jackpot v historii americk\u00e9 loterie. S neuv\u011b\u0159itelnou v\u00fd\u0161\u00ed jackpotu v celkov\u00e9 hodnot\u011b 1,5 miliardy americk\u00fdch dolar\u016f str\u00e1vili fanou\u0161ci loterie po cel\u00fdch USA hodiny ve front\u011b na tiket. Ale co hr\u00e1\u010di loterie z \u010cesk\u00e9 republiky? Byli vylou\u010deni z mo\u017enosti z\u00edskat tiket Powerball, pokud se v t\u00e9 dob\u011b zrovna nenach\u00e1zeli v USA? Ne, nebyli &#8211; kdyby v\u011bd\u011bli, \u017ee lotto Powerball nebo Mega Millions si skute\u010dn\u011b m\u016f\u017eete zahr\u00e1t i z \u010cesk\u00e9 republiky!<\/p>\n<h2>V\u00fdhody n\u00e1kupu tiket\u016f Powerball online<\/h2>\n<p><img loading=\"lazy\" decoding=\"async\" class=\"size-medium wp-image-1356 alignright\" src=\"https:\/\/onlinelotto365.com\/wp-content\/uploads\/2020\/11\/online_lottery-117-300x217.jpg\" alt=\"hrajte powerball online\" width=\"300\" height=\"217\" \/><\/p>\n<p>Prost\u0159ednictv\u00edm t\u00e9to online kur\u00fdrn\u00ed slu\u017eby si m\u016f\u017eete koupit losy do v\u00edce ne\u017e 20 nejv\u011bt\u0161\u00edch loteri\u00ed na t\u00e9to planet\u011b. I kdy\u017e mo\u017en\u00e1 \u017eijete v \u010cesk\u00e9 republice, m\u016f\u017eete si vybrat loterie, kter\u00e9 se losuj\u00ed v jin\u00fdch zem\u00edch. Samoz\u0159ejm\u011b, pokud ne\u017eijete v \u010cesk\u00e9 republice, ale cht\u011bli byste si po\u0159\u00eddit tiket do loterie \u010cesk\u00e1 republika, i to m\u016f\u017eete ud\u011blat online!<\/p>\n<h2>Je leg\u00e1ln\u00ed kupovat losy Powerball online?<\/h2>\n<p>Je d\u016fle\u017eit\u00e9 v\u011bd\u011bt, \u017ee se jedn\u00e1 o leg\u00e1ln\u00ed a spolehlivou slu\u017ebu pos\u00edl\u00e1n\u00ed los\u016f. Zakoupen\u00edm losu online z\u00edsk\u00e1te smlouvu se samotnou loteri\u00ed &#8211; co\u017e zaru\u010duje, \u017ee pen\u00edze, kter\u00e9 m\u016f\u017eete vyhr\u00e1t, budou poch\u00e1zet od nich!<\/p>\n<h3>Jak dostanu pen\u00edze, kdy\u017e vyhraji Powerball online?<\/h3>\n<p>Pokud vyhrajete, postup v\u00fdplaty z\u00e1vis\u00ed na \u010d\u00e1stce, kterou jste vyhr\u00e1li. Men\u0161\u00ed \u010d\u00e1stky do 2500 eur budou p\u0159ips\u00e1ny na v\u00e1\u0161 online \u00fa\u010det. Tyto pen\u00edze si m\u016f\u017eete bu\u010f vyplatit, nebo je pou\u017e\u00edt na n\u00e1kup dal\u0161\u00edch online los\u016f. Pokud byste vyhr\u00e1li vy\u0161\u0161\u00ed \u010d\u00e1stku, po\u0161leme v\u00e1m formul\u00e1\u0159, kter\u00fd mus\u00edte vyplnit a poslat n\u00e1m ho zp\u011bt. My pak formul\u00e1\u0159 ode\u0161leme loterijn\u00ed komisi a ta v\u00e1m vyplat\u00ed pen\u00edze. Tato slu\u017eba je pro v\u00e1s zdarma.<\/p>\n<p>Pokud s online tiketem vyhrajete jackpot Powerball, budete se muset rozhodnout. Bu\u010f m\u016f\u017eete dostat jednor\u00e1zovou v\u00fdplatu, kter\u00e1 bude ni\u017e\u0161\u00ed ne\u017e skute\u010dn\u00fd jackpot, nebo m\u016f\u017eete dostat v\u00fdplatu ve 30 ro\u010dn\u00edch spl\u00e1tk\u00e1ch plus \u00faroky.<\/p>\n","protected":false},"excerpt":{"rendered":"<p>Je z\u0159ejm\u00e9, \u017ee je to internet, kter\u00fd v\u00e1m umo\u017en\u00ed z\u00edskat tiket do t\u011bchto velk\u00fdch americk\u00fdch loteri\u00ed online. Nemus\u00edte \u017e\u00edt v USA, abyste se mohli z\u00fa\u010dastnit a m\u00edt \u0161anci vyhr\u00e1t tyto neuv\u011b\u0159iteln\u00e9 jackpoty. M\u016f\u017eete si koupit tiket z \u010cesk\u00e9 republiky, a to prost\u0159ednictv\u00edm na\u0161\u00ed online slu\u017eby. Nejprve si u n\u00e1s m\u016f\u017eete zaregistrovat \u00fa\u010det a pot\u00e9 si [&hellip;]<\/p>\n","protected":false},"author":1,"featured_media":0,"parent":5559,"menu_order":0,"comment_status":"closed","ping_status":"closed","template":"powerball-usa-info.php","meta":{"_et_pb_use_builder":"","_et_pb_old_content":"","_et_gb_content_width":"","exclude_from_search":false,"footnotes":""},"class_list":["post-9991","page","type-page","status-publish","hentry"],"yoast_head":"<!-- This site is optimized with the Yoast SEO plugin v23.4 - https:\/\/yoast.com\/wordpress\/plugins\/seo\/ -->\n<title>Koupit tikety na Powerball online z \u010cesk\u00e9 republiky | O Powerballu, jak koupit tikety online<\/title>\n<meta name=\"description\" content=\"N\u00e1kup tiket\u016f do slavn\u00e9 loterie Powerball je nyn\u00ed snadn\u00fd, po\u0159i\u010fte si je online z \u010cesk\u00e9 republiky i odjinud.\" \/>\n<meta name=\"robots\" content=\"index, follow, max-snippet:-1, max-image-preview:large, max-video-preview:-1\" \/>\n<link rel=\"canonical\" href=\"https:\/\/onlinelotto365.com\/cs\/koupit-listky\/powerball\/\" \/>\n<meta property=\"og:locale\" content=\"cs_CZ\" \/>\n<meta property=\"og:type\" content=\"article\" \/>\n<meta property=\"og:title\" content=\"Koupit tikety na Powerball online z \u010cesk\u00e9 republiky | O Powerballu, jak koupit tikety online\" \/>\n<meta property=\"og:description\" content=\"N\u00e1kup tiket\u016f do slavn\u00e9 loterie Powerball je nyn\u00ed snadn\u00fd, po\u0159i\u010fte si je online z \u010cesk\u00e9 republiky i odjinud.\" \/>\n<meta property=\"og:url\" content=\"https:\/\/onlinelotto365.com\/cs\/koupit-listky\/powerball\/\" \/>\n<meta property=\"og:site_name\" content=\"OnlineLotto365\" \/>\n<meta property=\"article:modified_time\" content=\"2022-11-10T07:44:39+00:00\" \/>\n<meta property=\"og:image\" content=\"https:\/\/redfoxlotto.com\/image?size=8&amp;lottery=powerball\" \/>\n<meta name=\"twitter:card\" content=\"summary_large_image\" \/>\n<meta name=\"twitter:label1\" content=\"Odhadovan\u00e1 doba \u010dten\u00ed\" \/>\n\t<meta name=\"twitter:data1\" content=\"4 minuty\" \/>\n<script type=\"application\/ld+json\" class=\"yoast-schema-graph\">{\"@context\":\"https:\/\/schema.org\",\"@graph\":[{\"@type\":\"WebPage\",\"@id\":\"https:\/\/onlinelotto365.com\/cs\/koupit-listky\/powerball\/\",\"url\":\"https:\/\/onlinelotto365.com\/cs\/koupit-listky\/powerball\/\",\"name\":\"Koupit tikety na Powerball online z \u010cesk\u00e9 republiky | O Powerballu, jak koupit tikety online\",\"isPartOf\":{\"@id\":\"https:\/\/onlinelotto365.com\/cs\/#website\"},\"primaryImageOfPage\":{\"@id\":\"https:\/\/onlinelotto365.com\/cs\/koupit-listky\/powerball\/#primaryimage\"},\"image\":{\"@id\":\"https:\/\/onlinelotto365.com\/cs\/koupit-listky\/powerball\/#primaryimage\"},\"thumbnailUrl\":\"https:\/\/redfoxlotto.com\/image?size=8&amp;lottery=powerball\",\"datePublished\":\"2020-12-16T05:08:20+00:00\",\"dateModified\":\"2022-11-10T07:44:39+00:00\",\"description\":\"N\u00e1kup tiket\u016f do slavn\u00e9 loterie Powerball je nyn\u00ed snadn\u00fd, po\u0159i\u010fte si je online z \u010cesk\u00e9 republiky i odjinud.\",\"breadcrumb\":{\"@id\":\"https:\/\/onlinelotto365.com\/cs\/koupit-listky\/powerball\/#breadcrumb\"},\"inLanguage\":\"cs\",\"potentialAction\":[{\"@type\":\"ReadAction\",\"target\":[\"https:\/\/onlinelotto365.com\/cs\/koupit-listky\/powerball\/\"]}]},{\"@type\":\"ImageObject\",\"inLanguage\":\"cs\",\"@id\":\"https:\/\/onlinelotto365.com\/cs\/koupit-listky\/powerball\/#primaryimage\",\"url\":\"https:\/\/redfoxlotto.com\/image?size=8&amp;lottery=powerball\",\"contentUrl\":\"https:\/\/redfoxlotto.com\/image?size=8&amp;lottery=powerball\"},{\"@type\":\"BreadcrumbList\",\"@id\":\"https:\/\/onlinelotto365.com\/cs\/koupit-listky\/powerball\/#breadcrumb\",\"itemListElement\":[{\"@type\":\"ListItem\",\"position\":1,\"name\":\"Home\",\"item\":\"https:\/\/onlinelotto365.com\/cs\/\"},{\"@type\":\"ListItem\",\"position\":2,\"name\":\"Pro\u010d m\u00e1 v\u011bt\u0161\u00ed smysl kupovat loterijn\u00ed l\u00edstky online\",\"item\":\"https:\/\/onlinelotto365.com\/cs\/buy-tickets\/\"},{\"@type\":\"ListItem\",\"position\":3,\"name\":\"Jak si koupit losy Powerball online z \u010cesk\u00e9 republiky\"}]},{\"@type\":\"WebSite\",\"@id\":\"https:\/\/onlinelotto365.com\/cs\/#website\",\"url\":\"https:\/\/onlinelotto365.com\/cs\/\",\"name\":\"OnlineLotto365\",\"description\":\"\",\"potentialAction\":[{\"@type\":\"SearchAction\",\"target\":{\"@type\":\"EntryPoint\",\"urlTemplate\":\"https:\/\/onlinelotto365.com\/cs\/?s={search_term_string}\"},\"query-input\":{\"@type\":\"PropertyValueSpecification\",\"valueRequired\":true,\"valueName\":\"search_term_string\"}}],\"inLanguage\":\"cs\"}]}<\/script>\n<!-- \/ Yoast SEO plugin. -->","yoast_head_json":{"title":"Koupit tikety na Powerball online z \u010cesk\u00e9 republiky | O Powerballu, jak koupit tikety online","description":"N\u00e1kup tiket\u016f do slavn\u00e9 loterie Powerball je nyn\u00ed snadn\u00fd, po\u0159i\u010fte si je online z \u010cesk\u00e9 republiky i odjinud.","robots":{"index":"index","follow":"follow","max-snippet":"max-snippet:-1","max-image-preview":"max-image-preview:large","max-video-preview":"max-video-preview:-1"},"canonical":"https:\/\/onlinelotto365.com\/cs\/koupit-listky\/powerball\/","og_locale":"cs_CZ","og_type":"article","og_title":"Koupit tikety na Powerball online z \u010cesk\u00e9 republiky | O Powerballu, jak koupit tikety online","og_description":"N\u00e1kup tiket\u016f do slavn\u00e9 loterie Powerball je nyn\u00ed snadn\u00fd, po\u0159i\u010fte si je online z \u010cesk\u00e9 republiky i odjinud.","og_url":"https:\/\/onlinelotto365.com\/cs\/koupit-listky\/powerball\/","og_site_name":"OnlineLotto365","article_modified_time":"2022-11-10T07:44:39+00:00","og_image":[{"url":"https:\/\/redfoxlotto.com\/image?size=8&amp;lottery=powerball"}],"twitter_card":"summary_large_image","twitter_misc":{"Odhadovan\u00e1 doba \u010dten\u00ed":"4 minuty"},"schema":{"@context":"https:\/\/schema.org","@graph":[{"@type":"WebPage","@id":"https:\/\/onlinelotto365.com\/cs\/koupit-listky\/powerball\/","url":"https:\/\/onlinelotto365.com\/cs\/koupit-listky\/powerball\/","name":"Koupit tikety na Powerball online z \u010cesk\u00e9 republiky | O Powerballu, jak koupit tikety online","isPartOf":{"@id":"https:\/\/onlinelotto365.com\/cs\/#website"},"primaryImageOfPage":{"@id":"https:\/\/onlinelotto365.com\/cs\/koupit-listky\/powerball\/#primaryimage"},"image":{"@id":"https:\/\/onlinelotto365.com\/cs\/koupit-listky\/powerball\/#primaryimage"},"thumbnailUrl":"https:\/\/redfoxlotto.com\/image?size=8&amp;lottery=powerball","datePublished":"2020-12-16T05:08:20+00:00","dateModified":"2022-11-10T07:44:39+00:00","description":"N\u00e1kup tiket\u016f do slavn\u00e9 loterie Powerball je nyn\u00ed snadn\u00fd, po\u0159i\u010fte si je online z \u010cesk\u00e9 republiky i odjinud.","breadcrumb":{"@id":"https:\/\/onlinelotto365.com\/cs\/koupit-listky\/powerball\/#breadcrumb"},"inLanguage":"cs","potentialAction":[{"@type":"ReadAction","target":["https:\/\/onlinelotto365.com\/cs\/koupit-listky\/powerball\/"]}]},{"@type":"ImageObject","inLanguage":"cs","@id":"https:\/\/onlinelotto365.com\/cs\/koupit-listky\/powerball\/#primaryimage","url":"https:\/\/redfoxlotto.com\/image?size=8&amp;lottery=powerball","contentUrl":"https:\/\/redfoxlotto.com\/image?size=8&amp;lottery=powerball"},{"@type":"BreadcrumbList","@id":"https:\/\/onlinelotto365.com\/cs\/koupit-listky\/powerball\/#breadcrumb","itemListElement":[{"@type":"ListItem","position":1,"name":"Home","item":"https:\/\/onlinelotto365.com\/cs\/"},{"@type":"ListItem","position":2,"name":"Pro\u010d m\u00e1 v\u011bt\u0161\u00ed smysl kupovat loterijn\u00ed l\u00edstky online","item":"https:\/\/onlinelotto365.com\/cs\/buy-tickets\/"},{"@type":"ListItem","position":3,"name":"Jak si koupit losy Powerball online z \u010cesk\u00e9 republiky"}]},{"@type":"WebSite","@id":"https:\/\/onlinelotto365.com\/cs\/#website","url":"https:\/\/onlinelotto365.com\/cs\/","name":"OnlineLotto365","description":"","potentialAction":[{"@type":"SearchAction","target":{"@type":"EntryPoint","urlTemplate":"https:\/\/onlinelotto365.com\/cs\/?s={search_term_string}"},"query-input":{"@type":"PropertyValueSpecification","valueRequired":true,"valueName":"search_term_string"}}],"inLanguage":"cs"}]}},"_links":{"self":[{"href":"https:\/\/onlinelotto365.com\/cs\/wp-json\/wp\/v2\/pages\/9991","targetHints":{"allow":["GET"]}}],"collection":[{"href":"https:\/\/onlinelotto365.com\/cs\/wp-json\/wp\/v2\/pages"}],"about":[{"href":"https:\/\/onlinelotto365.com\/cs\/wp-json\/wp\/v2\/types\/page"}],"author":[{"embeddable":true,"href":"https:\/\/onlinelotto365.com\/cs\/wp-json\/wp\/v2\/users\/1"}],"replies":[{"embeddable":true,"href":"https:\/\/onlinelotto365.com\/cs\/wp-json\/wp\/v2\/comments?post=9991"}],"version-history":[{"count":0,"href":"https:\/\/onlinelotto365.com\/cs\/wp-json\/wp\/v2\/pages\/9991\/revisions"}],"up":[{"embeddable":true,"href":"https:\/\/onlinelotto365.com\/cs\/wp-json\/wp\/v2\/pages\/5559"}],"wp:attachment":[{"href":"https:\/\/onlinelotto365.com\/cs\/wp-json\/wp\/v2\/media?parent=9991"}],"curies":[{"name":"wp","href":"https:\/\/api.w.org\/{rel}","templated":true}]}}